{"id":21909,"date":"2020-03-18T10:27:45","date_gmt":"2020-03-18T10:27:45","guid":{"rendered":"http:\/\/oasdi.ca\/district-list\/"},"modified":"2020-04-26T04:25:29","modified_gmt":"2020-04-26T04:25:29","slug":"district-list","status":"publish","type":"page","link":"https:\/\/www.oasdi.ca\/vi\/district-list\/","title":{"rendered":"Danh S\u00e1ch C\u00e1c H\u1ecdc Khu c\u1ee7a OASDI \u1edf Ontario"},"content":{"rendered":"<div id=\"pl-21909\"  class=\"panel-layout\" ><div id=\"pg-21909-0\"  class=\"panel-grid panel-no-style\" ><div id=\"pgc-21909-0-0\"  class=\"panel-grid-cell\" ><div id=\"panel-21909-0-0-0\" class=\"so-panel widget widget_sow-image panel-first-child panel-last-child\" data-index=\"0\" ><div\n\t\t\t\n\t\t\tclass=\"so-widget-sow-image so-widget-sow-image-default-c4f6304fc136-21909\"\n\t\t\t\n\t\t>\n\n<div class=\"sow-image-container\">\n\t\t<img loading=\"lazy\" decoding=\"async\" src=\"https:\/\/www.oasdi.ca\/wp-content\/uploads\/2020\/03\/oasdi-img2jpg.jpg\" width=\"1440\" height=\"268\" srcset=\"https:\/\/www.oasdi.ca\/wp-content\/uploads\/2020\/03\/oasdi-img2jpg.jpg 1440w, https:\/\/www.oasdi.ca\/wp-content\/uploads\/2020\/03\/oasdi-img2jpg-250x47.jpg 250w, https:\/\/www.oasdi.ca\/wp-content\/uploads\/2020\/03\/oasdi-img2jpg-700x130.jpg 700w, https:\/\/www.oasdi.ca\/wp-content\/uploads\/2020\/03\/oasdi-img2jpg-768x143.jpg 768w, https:\/\/www.oasdi.ca\/wp-content\/uploads\/2020\/03\/oasdi-img2jpg-120x22.jpg 120w\" sizes=\"(max-width: 1440px) 100vw, 1440px\" alt=\"\" \t\tclass=\"so-widget-image\"\/>\n\t<\/div>\n\n<\/div><\/div><\/div><\/div><div id=\"pg-21909-1\"  class=\"panel-grid panel-has-style\" ><div class=\"has-container panel-row-style panel-row-style-for-21909-1\" ><div id=\"pgc-21909-1-0\"  class=\"panel-grid-cell\" ><div id=\"panel-21909-1-0-0\" class=\"so-panel widget widget_hem-seo-title-widget panel-first-child panel-last-child\" data-index=\"1\" ><div\n\t\t\t\n\t\t\tclass=\"so-widget-hem-seo-title-widget so-widget-hem-seo-title-widget-hem-seo-title-widget-style-d75171398898-21909\"\n\t\t\t\n\t\t>\n<h1 style=\"font-size:px;\">Danh S\u00e1ch C\u00e1c H\u1ecdc Khu c\u1ee7a OASDI \u1edf Ontario<\/h1>\n\n\n\n\t<!-- <div class=\"breadcrumb-trail\"><a href=\"index.php\">Home<\/a> \u00bb <span class=\"breadcrumb-current\">About<\/span><\/div> -->\n\t<div class=\"test1\"><span><span><a href=\"https:\/\/www.oasdi.ca\/vi\/\">Trang Ch\u1ee7<\/a><\/span><\/span><\/div>\n<\/div><\/div><\/div><\/div><\/div><div id=\"pg-21909-2\"  class=\"panel-grid panel-has-style\" ><div class=\"has-container panel-row-style panel-row-style-for-21909-2\" ><div id=\"pgc-21909-2-0\"  class=\"panel-grid-cell\" ><div id=\"panel-21909-2-0-0\" class=\"widget_text so-panel widget widget_custom_html panel-first-child panel-last-child\" data-index=\"2\" ><div class=\"textwidget custom-html-widget\">\n<h3>\n\tCentral Region\n<\/h3>\n<ul class=\"district-listing\"><li><a href=\"https:\/\/www.oasdi.ca\/vi\/districts\/kawartha-pine-ridge-district-school-board\/\">Kawartha Pine Ridge District School Board<\/a><\/li><li><a href=\"https:\/\/www.oasdi.ca\/districts\/york-catholic-district-school-board\/\">York Catholic District School Board<\/a><\/li><li><a href=\"https:\/\/www.oasdi.ca\/vi\/districts\/simcoe-county-district-school-board\/\">Simcoe County District School Board (SCDSB)<\/a><\/li><li><a href=\"https:\/\/www.oasdi.ca\/vi\/districts\/york-region-district-school-board\/\">York Region District School Board (YRDSB)<\/a><\/li><li><a href=\"https:\/\/www.oasdi.ca\/vi\/districts\/toronto-district-school-board\/\">Toronto District School Board (TDSB)<\/a><\/li><li><a href=\"https:\/\/www.oasdi.ca\/vi\/districts\/toronto-catholic-district-school-board\/\">Toronto Catholic District School Board (TCDSB)<\/a><\/li><li><a href=\"https:\/\/www.oasdi.ca\/vi\/districts\/peel-district-school-board\/\">Peel District School Board (PDSB)<\/a><\/li><li><a href=\"https:\/\/www.oasdi.ca\/vi\/districts\/halton-district-school-board\/\">Halton District School Board (HDSB)<\/a><\/li><li><a href=\"https:\/\/www.oasdi.ca\/vi\/districts\/halton-catholic-district-school-board\/\">Halton Catholic District School Board (HCDSB)<\/a><\/li><li><a href=\"https:\/\/www.oasdi.ca\/vi\/districts\/durham-district-school-board\/\">Durham Catholic District School Board (DCDSB)<\/a><\/li><li><a href=\"https:\/\/www.oasdi.ca\/vi\/districts\/dufferin-peel-catholic-district-school-board\/\">Dufferin-Peel Catholic District School Board (DPCDSB)<\/a><\/li><\/ul>\n\n<h3 class=\"mt-5\">\n\tEastern Region\n<\/h3>\n<ul class=\"district-listing\"><li><a href=\"https:\/\/www.oasdi.ca\/districts\/conseil-des-ecoles-catholiques-du-centre-est\/\">Conseil des \u00e9coles catholiques du Centre-Est (CECCE)<\/a><\/li><li><a href=\"https:\/\/www.oasdi.ca\/vi\/districts\/conseil-des-ecoles-publiques-de-est-de-ontario\/\">Conseil des \u00e9coles publiques de l&#8217;Est de l&#8217;Ontario (CEPEO)<\/a><\/li><li><a href=\"https:\/\/www.oasdi.ca\/vi\/districts\/conseil-scolaire-de-district-catholique-est-ontarien\/\">Conseil scolaire de district catholique de l&#8217;Est ontarien (CSDCEO)<\/a><\/li><li><a href=\"https:\/\/www.oasdi.ca\/vi\/districts\/limestone-district-school-board\/\">Limestone District School Board (LDSB)<\/a><\/li><li><a href=\"https:\/\/www.oasdi.ca\/vi\/districts\/ottawa-carleton-district-school-board\/\">Ottawa-Carleton District School Board (OCDSB)<\/a><\/li><li><a href=\"https:\/\/www.oasdi.ca\/districts\/hastings-and-prince-edward-district-school-board\/\">Hastings and Prince Edward District School Board (HPEDSB)<\/a><\/li><li><a href=\"https:\/\/www.oasdi.ca\/districts\/upper-canada-district-school-board\/\">Upper Canada District School Board (UCDSB)<\/a><\/li><li><a href=\"https:\/\/www.oasdi.ca\/vi\/districts\/renfrew-county-district-school-board\/\">Renfrew County District School Board (RCDSB)<\/a><\/li><li><a href=\"https:\/\/www.oasdi.ca\/vi\/districts\/ottawa-catholic-school-board\/\">Ottawa Catholic School Board (OCSB)<\/a><\/li><li><a href=\"https:\/\/www.oasdi.ca\/vi\/districts\/catholic-district-school-board-of-eastern-ontario\/\">Catholic District School Board of Eastern Ontario (CDSBEO)<\/a><\/li><li><a href=\"https:\/\/www.oasdi.ca\/vi\/districts\/algonquin-and-lakeshore-catholic-district-school-board\/\">Algonquin and Lakeshore Catholic District School Board (ALCDSB)<\/a><\/li><\/ul>\n\n\n<h3 class=\"mt-5\">\n\tNorth-Eastern Region\n<\/h3>\n<ul class=\"district-listing\"><li><a href=\"https:\/\/www.oasdi.ca\/vi\/districts\/near-north-district-school-board\/\">Near North District School Board (NNDSB)<\/a><\/li><\/ul>\n\n<h3 class=\"mt-5\">\n\tNorthern Region\n<\/h3>\n<ul class=\"district-listing\"><li><a href=\"https:\/\/www.oasdi.ca\/vi\/districts\/lakehead-public-schools-2\/\">Lakehead Public Schools<\/a><\/li><li><a href=\"https:\/\/www.oasdi.ca\/vi\/districts\/sudbury-catholic-district-school-board\/\">Sudbury Catholic District School Board<\/a><\/li><li><a href=\"https:\/\/www.oasdi.ca\/vi\/districts\/rainbow-district\/\">Rainbow District School Board (RDSB)<\/a><\/li><\/ul>\n\n\n<h3 class=\"mt-5\">\n\tSouthern Region\n<\/h3>\n<ul class=\"district-listing\"><li><a href=\"https:\/\/www.oasdi.ca\/districts\/grand-erie-district-school-board-associate-member\/\">Grand Erie District School Board (GEDSB)<\/a><\/li><li><a href=\"https:\/\/www.oasdi.ca\/vi\/districts\/waterloo-region-district-school-board\/\">Waterloo Region District School Board (WRDSB)<\/a><\/li><li><a href=\"https:\/\/www.oasdi.ca\/districts\/waterloo-catholic-district-school-board\/\">Waterloo Catholic District School Board (WCDSB)<\/a><\/li><li><a href=\"https:\/\/www.oasdi.ca\/vi\/districts\/upper-grand-district-school-board\/\">Upper Grand District School Board (UGDSB)<\/a><\/li><li><a href=\"https:\/\/www.oasdi.ca\/vi\/districts\/niagara-catholic-district-school-board\/\">Niagara Catholic District School Board (NCDSB)<\/a><\/li><li><a href=\"https:\/\/www.oasdi.ca\/districts\/hamilton-wentworth-district-school-board\/\">Hamilton-Wentworth District School Board (HWDSB)<\/a><\/li><li><a href=\"https:\/\/www.oasdi.ca\/districts\/district-school-board-of-niagara\/\">District School Board of Niagara (DSBN)<\/a><\/li><li><a href=\"https:\/\/www.oasdi.ca\/vi\/districts\/conseil-scolaire-viamonde\/\">Conseil scolaire Viamonde (CSV)<\/a><\/li><\/ul>\n\n\n<h3 class=\"mt-5\">\n\tWestern Region\n<\/h3>\n<ul class=\"district-listing\"><li><a href=\"https:\/\/www.oasdi.ca\/vi\/districts\/thames-valley-district-school-board\/\">Thames Valley District School Board (TVDSB)<\/a><\/li><li><a href=\"https:\/\/www.oasdi.ca\/vi\/districts\/lambton-kent-district-school-board\/\">Lambton Kent District School Board (LKDSB)<\/a><\/li><li><a href=\"https:\/\/www.oasdi.ca\/districts\/huron-perth-catholic-district-school-board\/\">Huron-Perth Catholic District School Board (HPCDSB)<\/a><\/li><li><a href=\"https:\/\/www.oasdi.ca\/vi\/districts\/greater-essex-county-district-school-board\/\">Greater Essex County District School Board (GECDSB)<\/a><\/li><li><a href=\"https:\/\/www.oasdi.ca\/vi\/districts\/avon-maitland-district-school-board\/\">Avon Maitland District School Board (AMDSB)<\/a><\/li><\/ul>\n<\/div><\/div><\/div><\/div><\/div><\/div>","protected":false},"excerpt":{"rendered":"Danh S\u00e1ch C\u00e1c H\u1ecdc Khu c\u1ee7a OASDI \u1edf Ontario Trang Ch\u1ee7 Central Region Kawartha Pine Ridge District School BoardYork Catholic District School BoardSimcoe County District School Board (SCDSB)York Region District School Board (YRDSB)Toronto District School Board (TDSB)Toronto Catholic District School Board (TCDSB)Peel District School Board (PDSB)Halton District School Board (HDSB)Halton Catholic District School Board (HCDSB)Durham&#8230; <a class=\"view-article\" href=\"https:\/\/www.oasdi.ca\/vi\/district-list\/\">View Article<\/a>","protected":false},"author":237,"featured_media":0,"parent":0,"menu_order":609,"comment_status":"closed","ping_status":"closed","template":"","meta":{"footnotes":""},"class_list":["post-21909","page","type-page","status-publish","hentry"],"yoast_head":"<!-- This site is optimized with the Yoast SEO plugin v21.5 - https:\/\/yoast.com\/wordpress\/plugins\/seo\/ -->\n<title>Danh S\u00e1ch H\u1ecdc Khu \u1edf Ontario | C\u00e1c Tr\u01b0\u1eddng \u1edf Ontario | OASDI<\/title>\n<meta name=\"description\" content=\"OASDI g\u1ed3m h\u01a1n 30 h\u1ed9i \u0111\u1ed3ng tr\u01b0\u1eddng c\u00f4ng l\u1eadp \u1edf Ontario. Nghi\u00ean c\u1ee9u danh s\u00e1ch \u0111\u1ea7y \u0111\u1ee7 v\u1ec1 h\u1ed9i \u0111\u1ed3ng tr\u01b0\u1eddng c\u1ee7a c\u00e1c h\u1ecdc khu \u1edf Ontario m\u00e0 ch\u00fang t\u00f4i \u0111\u1ea1i di\u1ec7n \u1edf \u0111\u00e2y.\" \/>\n<meta name=\"robots\" content=\"index, follow, max-snippet:-1, max-image-preview:large, max-video-preview:-1\" \/>\n<link rel=\"canonical\" href=\"https:\/\/www.oasdi.ca\/vi\/district-list\/\" \/>\n<meta property=\"og:locale\" content=\"vi_VN\" \/>\n<meta property=\"og:type\" content=\"article\" \/>\n<meta property=\"og:title\" content=\"Danh S\u00e1ch H\u1ecdc Khu \u1edf Ontario | C\u00e1c Tr\u01b0\u1eddng \u1edf Ontario | OASDI\" \/>\n<meta property=\"og:description\" content=\"OASDI g\u1ed3m h\u01a1n 30 h\u1ed9i \u0111\u1ed3ng tr\u01b0\u1eddng c\u00f4ng l\u1eadp \u1edf Ontario. Nghi\u00ean c\u1ee9u danh s\u00e1ch \u0111\u1ea7y \u0111\u1ee7 v\u1ec1 h\u1ed9i \u0111\u1ed3ng tr\u01b0\u1eddng c\u1ee7a c\u00e1c h\u1ecdc khu \u1edf Ontario m\u00e0 ch\u00fang t\u00f4i \u0111\u1ea1i di\u1ec7n \u1edf \u0111\u00e2y.\" \/>\n<meta property=\"og:url\" content=\"https:\/\/www.oasdi.ca\/vi\/district-list\/\" \/>\n<meta property=\"og:site_name\" content=\"OASDI\" \/>\n<meta property=\"article:modified_time\" content=\"2020-04-26T04:25:29+00:00\" \/>\n<meta property=\"og:image\" content=\"https:\/\/www.oasdi.ca\/wp-content\/uploads\/2020\/03\/oasdi-faq.jpg\" \/>\n\t<meta property=\"og:image:width\" content=\"1440\" \/>\n\t<meta property=\"og:image:height\" content=\"268\" \/>\n\t<meta property=\"og:image:type\" content=\"image\/jpeg\" \/>\n<meta name=\"twitter:card\" content=\"summary_large_image\" \/>\n<script type=\"application\/ld+json\" class=\"yoast-schema-graph\">{\"@context\":\"https:\/\/schema.org\",\"@graph\":[{\"@type\":\"WebPage\",\"@id\":\"https:\/\/www.oasdi.ca\/vi\/district-list\/\",\"url\":\"https:\/\/www.oasdi.ca\/vi\/district-list\/\",\"name\":\"Danh S\u00e1ch H\u1ecdc Khu \u1edf Ontario | C\u00e1c Tr\u01b0\u1eddng \u1edf Ontario | OASDI\",\"isPartOf\":{\"@id\":\"https:\/\/www.oasdi.ca\/vi\/#website\"},\"datePublished\":\"2020-03-18T10:27:45+00:00\",\"dateModified\":\"2020-04-26T04:25:29+00:00\",\"description\":\"OASDI g\u1ed3m h\u01a1n 30 h\u1ed9i \u0111\u1ed3ng tr\u01b0\u1eddng c\u00f4ng l\u1eadp \u1edf Ontario. Nghi\u00ean c\u1ee9u danh s\u00e1ch \u0111\u1ea7y \u0111\u1ee7 v\u1ec1 h\u1ed9i \u0111\u1ed3ng tr\u01b0\u1eddng c\u1ee7a c\u00e1c h\u1ecdc khu \u1edf Ontario m\u00e0 ch\u00fang t\u00f4i \u0111\u1ea1i di\u1ec7n \u1edf \u0111\u00e2y.\",\"breadcrumb\":{\"@id\":\"https:\/\/www.oasdi.ca\/vi\/district-list\/#breadcrumb\"},\"inLanguage\":\"vi-VN\",\"potentialAction\":[{\"@type\":\"ReadAction\",\"target\":[\"https:\/\/www.oasdi.ca\/vi\/district-list\/\"]}]},{\"@type\":\"BreadcrumbList\",\"@id\":\"https:\/\/www.oasdi.ca\/vi\/district-list\/#breadcrumb\",\"itemListElement\":[{\"@type\":\"ListItem\",\"position\":1,\"name\":\"Trang Ch\u1ee7\",\"item\":\"https:\/\/www.oasdi.ca\/vi\/\"},{\"@type\":\"ListItem\",\"position\":2,\"name\":\"Danh S\u00e1ch C\u00e1c H\u1ecdc Khu c\u1ee7a OASDI \u1edf Ontario\"}]},{\"@type\":\"WebSite\",\"@id\":\"https:\/\/www.oasdi.ca\/vi\/#website\",\"url\":\"https:\/\/www.oasdi.ca\/vi\/\",\"name\":\"OASDI\",\"description\":\"Ontario Association of School District International\",\"publisher\":{\"@id\":\"https:\/\/www.oasdi.ca\/vi\/#organization\"},\"potentialAction\":[{\"@type\":\"SearchAction\",\"target\":{\"@type\":\"EntryPoint\",\"urlTemplate\":\"https:\/\/www.oasdi.ca\/vi\/?s={search_term_string}\"},\"query-input\":\"required name=search_term_string\"}],\"inLanguage\":\"vi-VN\"},{\"@type\":\"Organization\",\"@id\":\"https:\/\/www.oasdi.ca\/vi\/#organization\",\"name\":\"OASDI\",\"url\":\"https:\/\/www.oasdi.ca\/vi\/\",\"logo\":{\"@type\":\"ImageObject\",\"inLanguage\":\"vi-VN\",\"@id\":\"https:\/\/www.oasdi.ca\/vi\/#\/schema\/logo\/image\/\",\"url\":\"https:\/\/www.oasdi.ca\/wp-content\/uploads\/2020\/02\/cropped-oasdi-logo.png\",\"contentUrl\":\"https:\/\/www.oasdi.ca\/wp-content\/uploads\/2020\/02\/cropped-oasdi-logo.png\",\"width\":468,\"height\":96,\"caption\":\"OASDI\"},\"image\":{\"@id\":\"https:\/\/www.oasdi.ca\/vi\/#\/schema\/logo\/image\/\"}}]}<\/script>\n<!-- \/ Yoast SEO plugin. -->","yoast_head_json":{"title":"Danh S\u00e1ch H\u1ecdc Khu \u1edf Ontario | C\u00e1c Tr\u01b0\u1eddng \u1edf Ontario | OASDI","description":"OASDI g\u1ed3m h\u01a1n 30 h\u1ed9i \u0111\u1ed3ng tr\u01b0\u1eddng c\u00f4ng l\u1eadp \u1edf Ontario. Nghi\u00ean c\u1ee9u danh s\u00e1ch \u0111\u1ea7y \u0111\u1ee7 v\u1ec1 h\u1ed9i \u0111\u1ed3ng tr\u01b0\u1eddng c\u1ee7a c\u00e1c h\u1ecdc khu \u1edf Ontario m\u00e0 ch\u00fang t\u00f4i \u0111\u1ea1i di\u1ec7n \u1edf \u0111\u00e2y.","robots":{"index":"index","follow":"follow","max-snippet":"max-snippet:-1","max-image-preview":"max-image-preview:large","max-video-preview":"max-video-preview:-1"},"canonical":"https:\/\/www.oasdi.ca\/vi\/district-list\/","og_locale":"vi_VN","og_type":"article","og_title":"Danh S\u00e1ch H\u1ecdc Khu \u1edf Ontario | C\u00e1c Tr\u01b0\u1eddng \u1edf Ontario | OASDI","og_description":"OASDI g\u1ed3m h\u01a1n 30 h\u1ed9i \u0111\u1ed3ng tr\u01b0\u1eddng c\u00f4ng l\u1eadp \u1edf Ontario. Nghi\u00ean c\u1ee9u danh s\u00e1ch \u0111\u1ea7y \u0111\u1ee7 v\u1ec1 h\u1ed9i \u0111\u1ed3ng tr\u01b0\u1eddng c\u1ee7a c\u00e1c h\u1ecdc khu \u1edf Ontario m\u00e0 ch\u00fang t\u00f4i \u0111\u1ea1i di\u1ec7n \u1edf \u0111\u00e2y.","og_url":"https:\/\/www.oasdi.ca\/vi\/district-list\/","og_site_name":"OASDI","article_modified_time":"2020-04-26T04:25:29+00:00","og_image":[{"width":1440,"height":268,"url":"https:\/\/www.oasdi.ca\/wp-content\/uploads\/2020\/03\/oasdi-faq.jpg","type":"image\/jpeg"}],"twitter_card":"summary_large_image","schema":{"@context":"https:\/\/schema.org","@graph":[{"@type":"WebPage","@id":"https:\/\/www.oasdi.ca\/vi\/district-list\/","url":"https:\/\/www.oasdi.ca\/vi\/district-list\/","name":"Danh S\u00e1ch H\u1ecdc Khu \u1edf Ontario | C\u00e1c Tr\u01b0\u1eddng \u1edf Ontario | OASDI","isPartOf":{"@id":"https:\/\/www.oasdi.ca\/vi\/#website"},"datePublished":"2020-03-18T10:27:45+00:00","dateModified":"2020-04-26T04:25:29+00:00","description":"OASDI g\u1ed3m h\u01a1n 30 h\u1ed9i \u0111\u1ed3ng tr\u01b0\u1eddng c\u00f4ng l\u1eadp \u1edf Ontario. Nghi\u00ean c\u1ee9u danh s\u00e1ch \u0111\u1ea7y \u0111\u1ee7 v\u1ec1 h\u1ed9i \u0111\u1ed3ng tr\u01b0\u1eddng c\u1ee7a c\u00e1c h\u1ecdc khu \u1edf Ontario m\u00e0 ch\u00fang t\u00f4i \u0111\u1ea1i di\u1ec7n \u1edf \u0111\u00e2y.","breadcrumb":{"@id":"https:\/\/www.oasdi.ca\/vi\/district-list\/#breadcrumb"},"inLanguage":"vi-VN","potentialAction":[{"@type":"ReadAction","target":["https:\/\/www.oasdi.ca\/vi\/district-list\/"]}]},{"@type":"BreadcrumbList","@id":"https:\/\/www.oasdi.ca\/vi\/district-list\/#breadcrumb","itemListElement":[{"@type":"ListItem","position":1,"name":"Trang Ch\u1ee7","item":"https:\/\/www.oasdi.ca\/vi\/"},{"@type":"ListItem","position":2,"name":"Danh S\u00e1ch C\u00e1c H\u1ecdc Khu c\u1ee7a OASDI \u1edf Ontario"}]},{"@type":"WebSite","@id":"https:\/\/www.oasdi.ca\/vi\/#website","url":"https:\/\/www.oasdi.ca\/vi\/","name":"OASDI","description":"Ontario Association of School District International","publisher":{"@id":"https:\/\/www.oasdi.ca\/vi\/#organization"},"potentialAction":[{"@type":"SearchAction","target":{"@type":"EntryPoint","urlTemplate":"https:\/\/www.oasdi.ca\/vi\/?s={search_term_string}"},"query-input":"required name=search_term_string"}],"inLanguage":"vi-VN"},{"@type":"Organization","@id":"https:\/\/www.oasdi.ca\/vi\/#organization","name":"OASDI","url":"https:\/\/www.oasdi.ca\/vi\/","logo":{"@type":"ImageObject","inLanguage":"vi-VN","@id":"https:\/\/www.oasdi.ca\/vi\/#\/schema\/logo\/image\/","url":"https:\/\/www.oasdi.ca\/wp-content\/uploads\/2020\/02\/cropped-oasdi-logo.png","contentUrl":"https:\/\/www.oasdi.ca\/wp-content\/uploads\/2020\/02\/cropped-oasdi-logo.png","width":468,"height":96,"caption":"OASDI"},"image":{"@id":"https:\/\/www.oasdi.ca\/vi\/#\/schema\/logo\/image\/"}}]}},"_links":{"self":[{"href":"https:\/\/www.oasdi.ca\/vi\/wp-json\/wp\/v2\/pages\/21909"}],"collection":[{"href":"https:\/\/www.oasdi.ca\/vi\/wp-json\/wp\/v2\/pages"}],"about":[{"href":"https:\/\/www.oasdi.ca\/vi\/wp-json\/wp\/v2\/types\/page"}],"author":[{"embeddable":true,"href":"https:\/\/www.oasdi.ca\/vi\/wp-json\/wp\/v2\/users\/237"}],"replies":[{"embeddable":true,"href":"https:\/\/www.oasdi.ca\/vi\/wp-json\/wp\/v2\/comments?post=21909"}],"version-history":[{"count":0,"href":"https:\/\/www.oasdi.ca\/vi\/wp-json\/wp\/v2\/pages\/21909\/revisions"}],"wp:attachment":[{"href":"https:\/\/www.oasdi.ca\/vi\/wp-json\/wp\/v2\/media?parent=21909"}],"curies":[{"name":"wp","href":"https:\/\/api.w.org\/{rel}","templated":true}]}}