{"id":21749,"date":"2020-03-19T21:40:37","date_gmt":"2020-03-19T21:40:37","guid":{"rendered":"http:\/\/oasdi.ca\/international-education\/ontario\/why-study-in-ontario\/"},"modified":"2020-04-25T16:58:38","modified_gmt":"2020-04-25T16:58:38","slug":"why-study-in-ontario","status":"publish","type":"page","link":"https:\/\/www.oasdi.ca\/vi\/international-education\/ontario\/why-study-in-ontario\/","title":{"rendered":"C\u00e1c L\u00fd Do B\u1ea1n N\u00ean H\u1ecdc \u1edf Ontario"},"content":{"rendered":"<div id=\"pl-21749\"  class=\"panel-layout\" ><div id=\"pg-21749-0\"  class=\"panel-grid panel-no-style\" ><div id=\"pgc-21749-0-0\"  class=\"panel-grid-cell\" ><div id=\"panel-21749-0-0-0\" class=\"so-panel widget widget_sow-image panel-first-child panel-last-child\" data-index=\"0\" ><div class=\"is-featured-img panel-widget-style panel-widget-style-for-21749-0-0-0\" ><div\n\t\t\t\n\t\t\tclass=\"so-widget-sow-image so-widget-sow-image-default-c4f6304fc136-21749\"\n\t\t\t\n\t\t>\n\n<div class=\"sow-image-container\">\n\t\t<img loading=\"lazy\" decoding=\"async\" src=\"https:\/\/www.oasdi.ca\/wp-content\/uploads\/2020\/03\/onatro-schools-2020.jpg\" width=\"1440\" height=\"268\" srcset=\"https:\/\/www.oasdi.ca\/wp-content\/uploads\/2020\/03\/onatro-schools-2020.jpg 1440w, https:\/\/www.oasdi.ca\/wp-content\/uploads\/2020\/03\/onatro-schools-2020-250x47.jpg 250w, https:\/\/www.oasdi.ca\/wp-content\/uploads\/2020\/03\/onatro-schools-2020-700x130.jpg 700w, https:\/\/www.oasdi.ca\/wp-content\/uploads\/2020\/03\/onatro-schools-2020-768x143.jpg 768w, https:\/\/www.oasdi.ca\/wp-content\/uploads\/2020\/03\/onatro-schools-2020-120x22.jpg 120w\" sizes=\"(max-width: 1440px) 100vw, 1440px\" alt=\"\" \t\tclass=\"so-widget-image\"\/>\n\t<\/div>\n\n<\/div><\/div><\/div><\/div><\/div><div id=\"pg-21749-1\"  class=\"panel-grid panel-has-style\" ><div class=\"has-container panel-row-style panel-row-style-for-21749-1\" ><div id=\"pgc-21749-1-0\"  class=\"panel-grid-cell\" ><div id=\"panel-21749-1-0-0\" class=\"so-panel widget widget_hem-seo-title-widget panel-first-child panel-last-child\" data-index=\"1\" ><div class=\"panel-widget-style panel-widget-style-for-21749-1-0-0\" ><div\n\t\t\t\n\t\t\tclass=\"so-widget-hem-seo-title-widget so-widget-hem-seo-title-widget-hem-seo-title-widget-style-d75171398898-21749\"\n\t\t\t\n\t\t>\n<h1 style=\"font-size:px;\">C\u00e1c L\u00fd Do B\u1ea1n N\u00ean H\u1ecdc \u1edf Ontario<\/h1>\n\n\n\n\t<!-- <div class=\"breadcrumb-trail\"><a href=\"index.php\">Home<\/a> \u00bb <span class=\"breadcrumb-current\">About<\/span><\/div> -->\n\t<div class=\"test1\"><span><span><a href=\"https:\/\/www.oasdi.ca\/vi\/\">Trang Ch\u1ee7<\/a><\/span><\/span><\/div>\n<\/div><\/div><\/div><\/div><\/div><\/div><div id=\"pg-21749-2\"  class=\"panel-grid panel-has-style\" ><div class=\"has-container panel-row-style panel-row-style-for-21749-2\" ><div id=\"pgc-21749-2-0\"  class=\"panel-grid-cell\" ><div id=\"panel-21749-2-0-0\" class=\"so-panel widget widget_hem-sidebar-menu-widget panel-first-child\" data-index=\"2\" ><div\n\t\t\t\n\t\t\tclass=\"so-widget-hem-sidebar-menu-widget so-widget-hem-sidebar-menu-widget-hem-sidebar-menu-widget-style-d75171398898-21749\"\n\t\t\t\n\t\t><div id=\"sidebar\">\n\t\t\t<ul id=\"side-menu\" class=\"side-menu menu-embedded\">\n\t\t\t\n\t\t\t\t\t\t\t\t\n\t\t\t\t\t\t\t\t\t\t\t<li><a class=\"active\" href=\"https:\/\/www.oasdi.ca\/vi\/international-education\/ontario\/why-study-in-ontario\/\">C\u00e1c L\u00fd Do B\u1ea1n N\u00ean H\u1ecdc \u1edf Ontario<\/a><\/li>\n\t\t\t\t\t\t\t\t\t\t\t\t\t\n\t\t\t\t\t\t\t\t\t\t\t<li><a href=\"https:\/\/www.oasdi.ca\/vi\/international-education\/ontario\/entrance-requirements\/\">Y\u00eau C\u1ea7u Tuy\u1ec3n Sinh Tr\u01b0\u1eddng C\u00f4ng L\u1eadp \u1edf Ontario cho H\u1ecdc Sinh Qu\u1ed1c T\u1ebf<\/a><\/li>\n\t\t\t\t\t\t\t\t\t\t\n\n\t\t\t\t<!-- Extra menu -->\n\t\t\t\t\n\n\n\t\t\t\t\t<\/ul>\n\t\n\n<\/div><\/div><\/div><div id=\"panel-21749-2-0-1\" class=\"so-panel widget widget_hem-sidebar-link-widget panel-last-child\" data-index=\"3\" ><div\n\t\t\t\n\t\t\tclass=\"so-widget-hem-sidebar-link-widget so-widget-hem-sidebar-link-widget-hem-sidebar-link-widget-style-d75171398898-21749\"\n\t\t\t\n\t\t><div id=\"sidebar\" class=\"external-link-only\">\n\n\n\n\t\t\t\t<!-- Extra menu -->\n\t\t\t\t\t\t\t\t\t<ul id=\"side-menu\" class=\"side-menu menu-embedded\">\n\t\t\t\t\t\t\t\t\t\t\t\t\t\t\t\t\t\t\t\t\t<li><a  href=\"https:\/\/www.oasdi.ca\/map-search\/\">Map Overview<\/a><\/li>\n\t\t\t\t\t\t\t\t\t\t\t\t\t\t\n\t\t\t\t\t\t\t\t\t\t\t\t\t\t\t\t\t\t\t\t\t<li><a  href=\"https:\/\/www.oasdi.ca\/district-list\/\">District List<\/a><\/li>\n\t\t\t\t\t\t\t\t\t\t\t\t\t\t\n\t\t\t\t\t\t\t\n\t\t\t\t\t<\/ul>\n\t\t\t\t\n\t\t\t\t\n\n\n\n\n<\/div><\/div><\/div><\/div><div id=\"pgc-21749-2-1\"  class=\"panel-grid-cell\" ><div class=\"pl-sm-3 pl-md-5 panel-cell-style panel-cell-style-for-21749-2-1\" ><div id=\"panel-21749-2-1-0\" class=\"so-panel widget widget_hem-seo-title-widget panel-first-child\" data-index=\"4\" ><div class=\"panel-widget-style panel-widget-style-for-21749-2-1-0\" ><div\n\t\t\t\n\t\t\tclass=\"so-widget-hem-seo-title-widget so-widget-hem-seo-title-widget-hem-seo-title-widget-style-d75171398898-21749\"\n\t\t\t\n\t\t>\n<h2 style=\"font-size:26px;\"> M\u00f4\u0323t H\u00ea\u0323 Th\u00f4\u0301ng Gia\u0301o Du\u0323c C\u00f4ng L\u00e2\u0323p T\u00e2\u0300m C\u01a1\u0303 Th\u00ea\u0301 Gi\u01a1\u0301i<\/h2>\n\n\n\n<\/div><\/div><\/div><div id=\"panel-21749-2-1-1\" class=\"so-panel widget widget_sow-editor\" data-index=\"5\" ><div\n\t\t\t\n\t\t\tclass=\"so-widget-sow-editor so-widget-sow-editor-base\"\n\t\t\t\n\t\t>\n<div class=\"siteorigin-widget-tinymce textwidget\">\n\t<ul>\n<li>C\u00e1c ho\u0323c khu th\u00e0nh vi\u00ean c\u1ee7a OASDI \u0111\u01b0\u1ee3c c\u00f4ng nh\u1eadn v\u00ec cung c\u1ea5p c\u00e1c ch\u01b0\u01a1ng tr\u00ecnh gi\u00e1o d\u1ee5c ch\u1ea5t l\u01b0\u1ee3ng cao v\u00e0 khuy\u1ebfn kh\u00edch th\u00e0nh t\u00edch c\u1ee7a h\u1ecdc sinh trong m\u1ed9t m\u00f4i tr\u01b0\u1eddng h\u1ecdc t\u1eadp \u0111\u01b0\u1ee3c ch\u00e0o \u0111\u00f3n v\u00e0 an to\u00e0n.<\/li>\n<li>Ch\u01b0\u01a1ng Tri\u0300nh Gia\u0309ng Da\u0323y Ontario \u0111\u01b0\u1ee3c c\u00f4ng nh\u1eadn l\u00e0 m\u1ed9t trong nh\u1eefng ch\u01b0\u01a1ng tr\u00ecnh t\u1ed1t nh\u1ea5t tr\u00ean th\u1ebf gi\u1edbi, v\u00e0 ng\u00e0y c\u00e0ng c\u00f3 nhi\u1ec1u h\u1ecdc sinh theo h\u1ecdc c\u00e1c tr\u01b0\u1eddng c\u00f4ng l\u1eadp \u1edf Ontario v\u1edbi t\u01b0 c\u00e1ch ho\u0323c sinh qu\u1ed1c t\u1ebf. Hi\u1ec7n nay, h\u01a1n m\u1ed9t n\u1eeda trong s\u1ed1 kho\u1ea3ng 34.000 ho\u0323c sinh qu\u1ed1c t\u1ebf M\u1eabu Gi\u00e1o-L\u1edbp 12 \u0111ang h\u1ecdc t\u1eadp t\u1ea1i Canada, trong s\u1ed1 \u0111\u00f3 c\u00f3 nhi\u1ec1u h\u1ecdc sinh theo h\u1ecdc t\u1ea1i Ontario.<\/li>\n<\/ul>\n<\/div>\n<\/div><\/div><div id=\"panel-21749-2-1-2\" class=\"so-panel widget widget_hem-seperator-widget\" data-index=\"6\" ><div\n\t\t\t\n\t\t\tclass=\"so-widget-hem-seperator-widget so-widget-hem-seperator-widget-hem-seperator-widget-style-d75171398898-21749\"\n\t\t\t\n\t\t>\n<div class=\"widget-seperator\" style=\"margin-top:0px;margin-bottom:0px;border-bottom:1px solid;width:100%;opacity:0.4\"><\/div><\/div><\/div><div id=\"panel-21749-2-1-3\" class=\"so-panel widget widget_hem-seo-title-widget\" data-index=\"7\" ><div class=\"panel-widget-style panel-widget-style-for-21749-2-1-3\" ><div\n\t\t\t\n\t\t\tclass=\"so-widget-hem-seo-title-widget so-widget-hem-seo-title-widget-hem-seo-title-widget-style-d75171398898-21749\"\n\t\t\t\n\t\t>\n<h2 style=\"font-size:26px;\">Nhi\u00ea\u0300u Con \u0110\u01b0\u01a1\u0300ng d\u00e2\u0303n \u0111\u00ea\u0301n Nh\u01b0\u0303ng C\u01a1 H\u00f4\u0323i<\/h2>\n\n\n\n<\/div><\/div><\/div><div id=\"panel-21749-2-1-4\" class=\"so-panel widget widget_sow-editor\" data-index=\"8\" ><div\n\t\t\t\n\t\t\tclass=\"so-widget-sow-editor so-widget-sow-editor-base\"\n\t\t\t\n\t\t>\n<div class=\"siteorigin-widget-tinymce textwidget\">\n\t<ul>\n<li>H\u1ecdc t\u1eadp \u1edf Ontario cung c\u1ea5p v\u00f4 s\u1ed1 con \u0111\u01b0\u1eddng cho h\u1ecdc t\u00e2\u0323p cao h\u01a1n t\u1ea1i c\u00e1c tr\u01b0\u1eddng \u0111\u1ea1i h\u1ecdc v\u00e0 cao \u0111\u1eb3ng \u01a1\u0309 Canada, v\u00e0 h\u1ecdc vi\u00ea\u0323c, c\u0169ng nh\u01b0 l\u00e0m vi\u1ec7c v\u00e0 sinh s\u1ed1ng t\u1ea1i Canada.<\/li>\n<li>Ontario la\u0300 ti\u0309nh co\u0301 nhi\u00ea\u0300u d\u00e2n c\u01b0 nh\u00e2\u0301t \u01a1\u0309 Canada v\u01a1\u0301i nhi\u00ea\u0300u c\u01a1 s\u01a1\u0309 gia\u0301o du\u0323c h\u01a1n b\u00e2\u0301t c\u01b0\u0301 ti\u0309nh na\u0300o kha\u0301c\n<ul>\n<li>20 tr\u01b0\u1eddng \u0111\u1ea1i h\u1ecdc<\/li>\n<li>26 tr\u01b0\u1eddng cao \u0111\u1eb3ng<\/li>\n<li>150 c\u01a1 s\u1edf d\u1ea1y ngh\u1ec1<\/li>\n<\/ul>\n<\/li>\n<li>V\u1edbi d\u00e2n s\u1ed1 tr\u00ean 13,5 tri\u1ec7u ng\u01b0\u1eddi, Ontario cung c\u1ea5p nhi\u1ec1u c\u01a1 h\u1ed9i vi\u1ec7c l\u00e0m h\u01a1n c\u00e1c t\u1ec9nh kh\u00e1c c\u1ee7a Canada.<\/li>\n<li>H\u1ecdc t\u1eadp t\u1ea1i Ontario c\u00f3 th\u1ec3 l\u00e0 m\u1ed9t ca\u0301nh c\u1eeda \u0111\u1ec3 l\u00e0m vi\u1ec7c v\u00e0 sinh s\u1ed1ng t\u1ea1i Canada, v\u00e0 m\u1ed9t con \u0111\u01b0\u1eddng ti\u1ec1m n\u0103ng \u0111\u1ec3 nh\u1eadp c\u01b0 v\u00e0o Canada.<\/li>\n<\/ul>\n<\/div>\n<\/div><\/div><div id=\"panel-21749-2-1-5\" class=\"so-panel widget widget_hem-seperator-widget\" data-index=\"9\" ><div\n\t\t\t\n\t\t\tclass=\"so-widget-hem-seperator-widget so-widget-hem-seperator-widget-hem-seperator-widget-style-d75171398898-21749\"\n\t\t\t\n\t\t>\n<div class=\"widget-seperator\" style=\"margin-top:0px;margin-bottom:0px;border-bottom:1px solid;width:100%;opacity:0.4\"><\/div><\/div><\/div><div id=\"panel-21749-2-1-6\" class=\"so-panel widget widget_hem-seo-title-widget\" data-index=\"10\" ><div class=\"panel-widget-style panel-widget-style-for-21749-2-1-6\" ><div\n\t\t\t\n\t\t\tclass=\"so-widget-hem-seo-title-widget so-widget-hem-seo-title-widget-hem-seo-title-widget-style-d75171398898-21749\"\n\t\t\t\n\t\t>\n<h2 style=\"font-size:26px;\">M\u1ed9t x\u00e3 h\u1ed9i an to\u00e0n, ch\u00e0o \u0111\u00f3n v\u00e0 \u0111a d\u1ea1ng<\/h2>\n\n\n\n<\/div><\/div><\/div><div id=\"panel-21749-2-1-7\" class=\"so-panel widget widget_sow-editor panel-last-child\" data-index=\"11\" ><div\n\t\t\t\n\t\t\tclass=\"so-widget-sow-editor so-widget-sow-editor-base\"\n\t\t\t\n\t\t>\n<div class=\"siteorigin-widget-tinymce textwidget\">\n\t<ul>\n<li>H\u00f4\u0323i \u0111\u00f4\u0300ng tr\u01b0\u01a1\u0300ng c\u00f4ng l\u1eadp \u01a1\u0309 Ontario c\u00f3 nhi\u1ec1u kinh nghi\u1ec7m trong vi\u1ec7c t\u1ed5 ch\u1ee9c cho ho\u0323c sinh qu\u1ed1c t\u1ebf v\u00e0 c\u00f3 c\u00e1c ch\u00ednh s\u00e1ch v\u00e0 hoa\u0323t \u0111\u00f4\u0323ng ph\u00f9 h\u1ee3p \u0111\u1ec3 th\u00fac \u0111\u1ea9y s\u1ef1 an to\u00e0n c\u1ee7a h\u1ecdc sinh \u1edf tr\u01b0\u1eddng h\u1ecdc, Gia \u0110\u00ecnh B\u1ea3n X\u1ee9 v\u00e0 trong c\u1ed9ng \u0111\u1ed3ng \u0111\u1ecba ph\u01b0\u01a1ng.<\/li>\n<li>Ontario \u0111\u01b0\u1ee3c c\u00f4ng nh\u1eadn v\u00ec s\u1ef1 \u0111a d\u1ea1ng v\u0103n ho\u00e1 v\u00e0 s\u1ef1 hi\u1ebfu kh\u00e1ch th\u00e2n thi\u1ec7n v\u1edbi t\u1ea5t c\u1ea3 m\u1ecdi ng\u01b0\u1eddi t\u1eeb m\u1ecdi n\u01a1i tr\u00ean th\u1ebf gi\u1edbi cu\u0309a mi\u0300nh.<\/li>\n<\/ul>\n<\/div>\n<\/div><\/div><\/div><\/div><\/div><\/div><\/div>","protected":false},"excerpt":{"rendered":"C\u00e1c L\u00fd Do B\u1ea1n N\u00ean H\u1ecdc \u1edf Ontario Trang Ch\u1ee7 C\u00e1c L\u00fd Do B\u1ea1n N\u00ean H\u1ecdc \u1edf Ontario Y\u00eau C\u1ea7u Tuy\u1ec3n Sinh Tr\u01b0\u1eddng C\u00f4ng L\u1eadp \u1edf Ontario cho H\u1ecdc Sinh Qu\u1ed1c T\u1ebf Map Overview District List M\u00f4\u0323t H\u00ea\u0323 Th\u00f4\u0301ng Gia\u0301o Du\u0323c C\u00f4ng L\u00e2\u0323p T\u00e2\u0300m C\u01a1\u0303 Th\u00ea\u0301 Gi\u01a1\u0301i C\u00e1c ho\u0323c khu th\u00e0nh vi\u00ean c\u1ee7a OASDI \u0111\u01b0\u1ee3c&#8230; <a class=\"view-article\" href=\"https:\/\/www.oasdi.ca\/vi\/international-education\/ontario\/why-study-in-ontario\/\">View Article<\/a>","protected":false},"author":237,"featured_media":21707,"parent":21669,"menu_order":0,"comment_status":"closed","ping_status":"closed","template":"","meta":{"footnotes":""},"class_list":["post-21749","page","type-page","status-publish","has-post-thumbnail","hentry"],"yoast_head":"<!-- This site is optimized with the Yoast SEO plugin v21.5 - https:\/\/yoast.com\/wordpress\/plugins\/seo\/ -->\n<title>T\u1ea1i Sao H\u1ecdc \u1edf Ontario? | Gi\u00e1o D\u1ee5c Qu\u1ed1c T\u1ebf \u1edf Ontario<\/title>\n<meta name=\"description\" content=\"N\u1ebfu b\u1ea1n \u0111ang xem x\u00e9t theo h\u1ecdc v\u1edbi t\u01b0 c\u00e1ch l\u00e0 h\u1ecdc sinh qu\u1ed1c t\u1ebf, Ontario l\u00e0 m\u1ed9t l\u1ef1a ch\u1ecdn tuy\u1ec7t v\u1eddi. H\u00e3y kh\u00e1m ph\u00e1 c\u00e1c l\u00fd do b\u1ea1n n\u00ean h\u1ecdc \u1edf T\u1ec9nh Ontario t\u1ea1i \u0111\u00e2y.\" \/>\n<meta name=\"robots\" content=\"index, follow, max-snippet:-1, max-image-preview:large, max-video-preview:-1\" \/>\n<link rel=\"canonical\" href=\"https:\/\/www.oasdi.ca\/vi\/international-education\/ontario\/why-study-in-ontario\/\" \/>\n<meta property=\"og:locale\" content=\"vi_VN\" \/>\n<meta property=\"og:type\" content=\"article\" \/>\n<meta property=\"og:title\" content=\"T\u1ea1i Sao H\u1ecdc \u1edf Ontario? | Gi\u00e1o D\u1ee5c Qu\u1ed1c T\u1ebf \u1edf Ontario\" \/>\n<meta property=\"og:description\" content=\"N\u1ebfu b\u1ea1n \u0111ang xem x\u00e9t theo h\u1ecdc v\u1edbi t\u01b0 c\u00e1ch l\u00e0 h\u1ecdc sinh qu\u1ed1c t\u1ebf, Ontario l\u00e0 m\u1ed9t l\u1ef1a ch\u1ecdn tuy\u1ec7t v\u1eddi. H\u00e3y kh\u00e1m ph\u00e1 c\u00e1c l\u00fd do b\u1ea1n n\u00ean h\u1ecdc \u1edf T\u1ec9nh Ontario t\u1ea1i \u0111\u00e2y.\" \/>\n<meta property=\"og:url\" content=\"https:\/\/www.oasdi.ca\/vi\/international-education\/ontario\/why-study-in-ontario\/\" \/>\n<meta property=\"og:site_name\" content=\"OASDI\" \/>\n<meta property=\"article:modified_time\" content=\"2020-04-25T16:58:38+00:00\" \/>\n<meta property=\"og:image\" content=\"https:\/\/www.oasdi.ca\/wp-content\/uploads\/2020\/03\/onatro-schools-2020.jpg\" \/>\n\t<meta property=\"og:image:width\" content=\"1440\" \/>\n\t<meta property=\"og:image:height\" content=\"268\" \/>\n\t<meta property=\"og:image:type\" content=\"image\/jpeg\" \/>\n<meta name=\"twitter:card\" content=\"summary_large_image\" \/>\n<meta name=\"twitter:label1\" content=\"Est. reading time\" \/>\n\t<meta name=\"twitter:data1\" content=\"3 minutes\" \/>\n<script type=\"application\/ld+json\" class=\"yoast-schema-graph\">{\"@context\":\"https:\/\/schema.org\",\"@graph\":[{\"@type\":\"WebPage\",\"@id\":\"https:\/\/www.oasdi.ca\/vi\/international-education\/ontario\/why-study-in-ontario\/\",\"url\":\"https:\/\/www.oasdi.ca\/vi\/international-education\/ontario\/why-study-in-ontario\/\",\"name\":\"T\u1ea1i Sao H\u1ecdc \u1edf Ontario? | Gi\u00e1o D\u1ee5c Qu\u1ed1c T\u1ebf \u1edf Ontario\",\"isPartOf\":{\"@id\":\"https:\/\/www.oasdi.ca\/vi\/#website\"},\"datePublished\":\"2020-03-19T21:40:37+00:00\",\"dateModified\":\"2020-04-25T16:58:38+00:00\",\"description\":\"N\u1ebfu b\u1ea1n \u0111ang xem x\u00e9t theo h\u1ecdc v\u1edbi t\u01b0 c\u00e1ch l\u00e0 h\u1ecdc sinh qu\u1ed1c t\u1ebf, Ontario l\u00e0 m\u1ed9t l\u1ef1a ch\u1ecdn tuy\u1ec7t v\u1eddi. H\u00e3y kh\u00e1m ph\u00e1 c\u00e1c l\u00fd do b\u1ea1n n\u00ean h\u1ecdc \u1edf T\u1ec9nh Ontario t\u1ea1i \u0111\u00e2y.\",\"breadcrumb\":{\"@id\":\"https:\/\/www.oasdi.ca\/vi\/international-education\/ontario\/why-study-in-ontario\/#breadcrumb\"},\"inLanguage\":\"vi-VN\",\"potentialAction\":[{\"@type\":\"ReadAction\",\"target\":[\"https:\/\/www.oasdi.ca\/vi\/international-education\/ontario\/why-study-in-ontario\/\"]}]},{\"@type\":\"BreadcrumbList\",\"@id\":\"https:\/\/www.oasdi.ca\/vi\/international-education\/ontario\/why-study-in-ontario\/#breadcrumb\",\"itemListElement\":[{\"@type\":\"ListItem\",\"position\":1,\"name\":\"Trang Ch\u1ee7\",\"item\":\"https:\/\/www.oasdi.ca\/vi\/\"},{\"@type\":\"ListItem\",\"position\":2,\"name\":\"L\u00e0m Th\u1ebf N\u00e0o \u0110\u1ec3 Theo H\u1ecdc Ch\u01b0\u01a1ng Tr\u00ecnh Gi\u00e1o D\u1ee5c Qu\u1ed1c T\u1ebf \u1edf Ontario\",\"item\":\"https:\/\/www.oasdi.ca\/vi\/international-education\/\"},{\"@type\":\"ListItem\",\"position\":3,\"name\":\"L\u00e0m Th\u1ebf N\u00e0o \u0110\u1ec3 Theo H\u1ecdc Ch\u01b0\u01a1ng Tr\u00ecnh Gi\u00e1o D\u1ee5c Qu\u1ed1c T\u1ebf \u1edf Ontario\",\"item\":\"https:\/\/www.oasdi.ca\/vi\/international-education\/ontario\/\"},{\"@type\":\"ListItem\",\"position\":4,\"name\":\"C\u00e1c L\u00fd Do B\u1ea1n N\u00ean H\u1ecdc \u1edf Ontario\"}]},{\"@type\":\"WebSite\",\"@id\":\"https:\/\/www.oasdi.ca\/vi\/#website\",\"url\":\"https:\/\/www.oasdi.ca\/vi\/\",\"name\":\"OASDI\",\"description\":\"Ontario Association of School District International\",\"publisher\":{\"@id\":\"https:\/\/www.oasdi.ca\/vi\/#organization\"},\"potentialAction\":[{\"@type\":\"SearchAction\",\"target\":{\"@type\":\"EntryPoint\",\"urlTemplate\":\"https:\/\/www.oasdi.ca\/vi\/?s={search_term_string}\"},\"query-input\":\"required name=search_term_string\"}],\"inLanguage\":\"vi-VN\"},{\"@type\":\"Organization\",\"@id\":\"https:\/\/www.oasdi.ca\/vi\/#organization\",\"name\":\"OASDI\",\"url\":\"https:\/\/www.oasdi.ca\/vi\/\",\"logo\":{\"@type\":\"ImageObject\",\"inLanguage\":\"vi-VN\",\"@id\":\"https:\/\/www.oasdi.ca\/vi\/#\/schema\/logo\/image\/\",\"url\":\"https:\/\/www.oasdi.ca\/wp-content\/uploads\/2020\/02\/cropped-oasdi-logo.png\",\"contentUrl\":\"https:\/\/www.oasdi.ca\/wp-content\/uploads\/2020\/02\/cropped-oasdi-logo.png\",\"width\":468,\"height\":96,\"caption\":\"OASDI\"},\"image\":{\"@id\":\"https:\/\/www.oasdi.ca\/vi\/#\/schema\/logo\/image\/\"}}]}<\/script>\n<!-- \/ Yoast SEO plugin. -->","yoast_head_json":{"title":"T\u1ea1i Sao H\u1ecdc \u1edf Ontario? | Gi\u00e1o D\u1ee5c Qu\u1ed1c T\u1ebf \u1edf Ontario","description":"N\u1ebfu b\u1ea1n \u0111ang xem x\u00e9t theo h\u1ecdc v\u1edbi t\u01b0 c\u00e1ch l\u00e0 h\u1ecdc sinh qu\u1ed1c t\u1ebf, Ontario l\u00e0 m\u1ed9t l\u1ef1a ch\u1ecdn tuy\u1ec7t v\u1eddi. H\u00e3y kh\u00e1m ph\u00e1 c\u00e1c l\u00fd do b\u1ea1n n\u00ean h\u1ecdc \u1edf T\u1ec9nh Ontario t\u1ea1i \u0111\u00e2y.","robots":{"index":"index","follow":"follow","max-snippet":"max-snippet:-1","max-image-preview":"max-image-preview:large","max-video-preview":"max-video-preview:-1"},"canonical":"https:\/\/www.oasdi.ca\/vi\/international-education\/ontario\/why-study-in-ontario\/","og_locale":"vi_VN","og_type":"article","og_title":"T\u1ea1i Sao H\u1ecdc \u1edf Ontario? | Gi\u00e1o D\u1ee5c Qu\u1ed1c T\u1ebf \u1edf Ontario","og_description":"N\u1ebfu b\u1ea1n \u0111ang xem x\u00e9t theo h\u1ecdc v\u1edbi t\u01b0 c\u00e1ch l\u00e0 h\u1ecdc sinh qu\u1ed1c t\u1ebf, Ontario l\u00e0 m\u1ed9t l\u1ef1a ch\u1ecdn tuy\u1ec7t v\u1eddi. H\u00e3y kh\u00e1m ph\u00e1 c\u00e1c l\u00fd do b\u1ea1n n\u00ean h\u1ecdc \u1edf T\u1ec9nh Ontario t\u1ea1i \u0111\u00e2y.","og_url":"https:\/\/www.oasdi.ca\/vi\/international-education\/ontario\/why-study-in-ontario\/","og_site_name":"OASDI","article_modified_time":"2020-04-25T16:58:38+00:00","og_image":[{"width":1440,"height":268,"url":"https:\/\/www.oasdi.ca\/wp-content\/uploads\/2020\/03\/onatro-schools-2020.jpg","type":"image\/jpeg"}],"twitter_card":"summary_large_image","twitter_misc":{"Est. reading time":"3 minutes"},"schema":{"@context":"https:\/\/schema.org","@graph":[{"@type":"WebPage","@id":"https:\/\/www.oasdi.ca\/vi\/international-education\/ontario\/why-study-in-ontario\/","url":"https:\/\/www.oasdi.ca\/vi\/international-education\/ontario\/why-study-in-ontario\/","name":"T\u1ea1i Sao H\u1ecdc \u1edf Ontario? | Gi\u00e1o D\u1ee5c Qu\u1ed1c T\u1ebf \u1edf Ontario","isPartOf":{"@id":"https:\/\/www.oasdi.ca\/vi\/#website"},"datePublished":"2020-03-19T21:40:37+00:00","dateModified":"2020-04-25T16:58:38+00:00","description":"N\u1ebfu b\u1ea1n \u0111ang xem x\u00e9t theo h\u1ecdc v\u1edbi t\u01b0 c\u00e1ch l\u00e0 h\u1ecdc sinh qu\u1ed1c t\u1ebf, Ontario l\u00e0 m\u1ed9t l\u1ef1a ch\u1ecdn tuy\u1ec7t v\u1eddi. H\u00e3y kh\u00e1m ph\u00e1 c\u00e1c l\u00fd do b\u1ea1n n\u00ean h\u1ecdc \u1edf T\u1ec9nh Ontario t\u1ea1i \u0111\u00e2y.","breadcrumb":{"@id":"https:\/\/www.oasdi.ca\/vi\/international-education\/ontario\/why-study-in-ontario\/#breadcrumb"},"inLanguage":"vi-VN","potentialAction":[{"@type":"ReadAction","target":["https:\/\/www.oasdi.ca\/vi\/international-education\/ontario\/why-study-in-ontario\/"]}]},{"@type":"BreadcrumbList","@id":"https:\/\/www.oasdi.ca\/vi\/international-education\/ontario\/why-study-in-ontario\/#breadcrumb","itemListElement":[{"@type":"ListItem","position":1,"name":"Trang Ch\u1ee7","item":"https:\/\/www.oasdi.ca\/vi\/"},{"@type":"ListItem","position":2,"name":"L\u00e0m Th\u1ebf N\u00e0o \u0110\u1ec3 Theo H\u1ecdc Ch\u01b0\u01a1ng Tr\u00ecnh Gi\u00e1o D\u1ee5c Qu\u1ed1c T\u1ebf \u1edf Ontario","item":"https:\/\/www.oasdi.ca\/vi\/international-education\/"},{"@type":"ListItem","position":3,"name":"L\u00e0m Th\u1ebf N\u00e0o \u0110\u1ec3 Theo H\u1ecdc Ch\u01b0\u01a1ng Tr\u00ecnh Gi\u00e1o D\u1ee5c Qu\u1ed1c T\u1ebf \u1edf Ontario","item":"https:\/\/www.oasdi.ca\/vi\/international-education\/ontario\/"},{"@type":"ListItem","position":4,"name":"C\u00e1c L\u00fd Do B\u1ea1n N\u00ean H\u1ecdc \u1edf Ontario"}]},{"@type":"WebSite","@id":"https:\/\/www.oasdi.ca\/vi\/#website","url":"https:\/\/www.oasdi.ca\/vi\/","name":"OASDI","description":"Ontario Association of School District International","publisher":{"@id":"https:\/\/www.oasdi.ca\/vi\/#organization"},"potentialAction":[{"@type":"SearchAction","target":{"@type":"EntryPoint","urlTemplate":"https:\/\/www.oasdi.ca\/vi\/?s={search_term_string}"},"query-input":"required name=search_term_string"}],"inLanguage":"vi-VN"},{"@type":"Organization","@id":"https:\/\/www.oasdi.ca\/vi\/#organization","name":"OASDI","url":"https:\/\/www.oasdi.ca\/vi\/","logo":{"@type":"ImageObject","inLanguage":"vi-VN","@id":"https:\/\/www.oasdi.ca\/vi\/#\/schema\/logo\/image\/","url":"https:\/\/www.oasdi.ca\/wp-content\/uploads\/2020\/02\/cropped-oasdi-logo.png","contentUrl":"https:\/\/www.oasdi.ca\/wp-content\/uploads\/2020\/02\/cropped-oasdi-logo.png","width":468,"height":96,"caption":"OASDI"},"image":{"@id":"https:\/\/www.oasdi.ca\/vi\/#\/schema\/logo\/image\/"}}]}},"_links":{"self":[{"href":"https:\/\/www.oasdi.ca\/vi\/wp-json\/wp\/v2\/pages\/21749"}],"collection":[{"href":"https:\/\/www.oasdi.ca\/vi\/wp-json\/wp\/v2\/pages"}],"about":[{"href":"https:\/\/www.oasdi.ca\/vi\/wp-json\/wp\/v2\/types\/page"}],"author":[{"embeddable":true,"href":"https:\/\/www.oasdi.ca\/vi\/wp-json\/wp\/v2\/users\/237"}],"replies":[{"embeddable":true,"href":"https:\/\/www.oasdi.ca\/vi\/wp-json\/wp\/v2\/comments?post=21749"}],"version-history":[{"count":0,"href":"https:\/\/www.oasdi.ca\/vi\/wp-json\/wp\/v2\/pages\/21749\/revisions"}],"up":[{"embeddable":true,"href":"https:\/\/www.oasdi.ca\/vi\/wp-json\/wp\/v2\/pages\/21669"}],"wp:featuredmedia":[{"embeddable":true,"href":"https:\/\/www.oasdi.ca\/vi\/wp-json\/wp\/v2\/media\/21707"}],"wp:attachment":[{"href":"https:\/\/www.oasdi.ca\/vi\/wp-json\/wp\/v2\/media?parent=21749"}],"curies":[{"name":"wp","href":"https:\/\/api.w.org\/{rel}","templated":true}]}}