{"id":21706,"date":"2020-03-19T21:33:28","date_gmt":"2020-03-19T21:33:28","guid":{"rendered":"http:\/\/oasdi.ca\/international-education\/ontario\/entrance-requirements\/"},"modified":"2020-04-25T15:55:12","modified_gmt":"2020-04-25T15:55:12","slug":"entrance-requirements","status":"publish","type":"page","link":"https:\/\/www.oasdi.ca\/vi\/international-education\/ontario\/entrance-requirements\/","title":{"rendered":"Y\u00eau C\u1ea7u Tuy\u1ec3n Sinh Tr\u01b0\u1eddng C\u00f4ng L\u1eadp \u1edf Ontario cho H\u1ecdc Sinh Qu\u1ed1c T\u1ebf"},"content":{"rendered":"<div id=\"pl-21706\"  class=\"panel-layout\" ><div id=\"pg-21706-0\"  class=\"panel-grid panel-no-style\" ><div id=\"pgc-21706-0-0\"  class=\"panel-grid-cell\" ><div id=\"panel-21706-0-0-0\" class=\"so-panel widget widget_sow-image panel-first-child panel-last-child\" data-index=\"0\" ><div class=\"is-featured-img panel-widget-style panel-widget-style-for-21706-0-0-0\" ><div\n\t\t\t\n\t\t\tclass=\"so-widget-sow-image so-widget-sow-image-default-c4f6304fc136-21706\"\n\t\t\t\n\t\t>\n\n<div class=\"sow-image-container\">\n\t\t<img loading=\"lazy\" decoding=\"async\" src=\"https:\/\/www.oasdi.ca\/wp-content\/uploads\/2020\/03\/onatro-schools-2020.jpg\" width=\"1440\" height=\"268\" srcset=\"https:\/\/www.oasdi.ca\/wp-content\/uploads\/2020\/03\/onatro-schools-2020.jpg 1440w, https:\/\/www.oasdi.ca\/wp-content\/uploads\/2020\/03\/onatro-schools-2020-250x47.jpg 250w, https:\/\/www.oasdi.ca\/wp-content\/uploads\/2020\/03\/onatro-schools-2020-700x130.jpg 700w, https:\/\/www.oasdi.ca\/wp-content\/uploads\/2020\/03\/onatro-schools-2020-768x143.jpg 768w, https:\/\/www.oasdi.ca\/wp-content\/uploads\/2020\/03\/onatro-schools-2020-120x22.jpg 120w\" sizes=\"(max-width: 1440px) 100vw, 1440px\" alt=\"\" \t\tclass=\"so-widget-image\"\/>\n\t<\/div>\n\n<\/div><\/div><\/div><\/div><\/div><div id=\"pg-21706-1\"  class=\"panel-grid panel-has-style\" ><div class=\"has-container panel-row-style panel-row-style-for-21706-1\" ><div id=\"pgc-21706-1-0\"  class=\"panel-grid-cell\" ><div id=\"panel-21706-1-0-0\" class=\"so-panel widget widget_hem-seo-title-widget panel-first-child panel-last-child\" data-index=\"1\" ><div class=\"panel-widget-style panel-widget-style-for-21706-1-0-0\" ><div\n\t\t\t\n\t\t\tclass=\"so-widget-hem-seo-title-widget so-widget-hem-seo-title-widget-hem-seo-title-widget-style-d75171398898-21706\"\n\t\t\t\n\t\t>\n<h1 style=\"font-size:px;\">Y\u00eau C\u1ea7u Tuy\u1ec3n Sinh Tr\u01b0\u1eddng C\u00f4ng L\u1eadp \u1edf Ontario cho H\u1ecdc Sinh Qu\u1ed1c T\u1ebf<\/h1>\n\n\n\n\t<!-- <div class=\"breadcrumb-trail\"><a href=\"index.php\">Home<\/a> \u00bb <span class=\"breadcrumb-current\">About<\/span><\/div> -->\n\t<div class=\"test1\"><span><span><a href=\"https:\/\/www.oasdi.ca\/vi\/\">Trang Ch\u1ee7<\/a><\/span><\/span><\/div>\n<\/div><\/div><\/div><\/div><\/div><\/div><div id=\"pg-21706-2\"  class=\"panel-grid panel-has-style\" ><div class=\"has-container panel-row-style panel-row-style-for-21706-2\" ><div id=\"pgc-21706-2-0\"  class=\"panel-grid-cell\" ><div id=\"panel-21706-2-0-0\" class=\"so-panel widget widget_hem-sidebar-menu-widget panel-first-child\" data-index=\"2\" ><div\n\t\t\t\n\t\t\tclass=\"so-widget-hem-sidebar-menu-widget so-widget-hem-sidebar-menu-widget-hem-sidebar-menu-widget-style-d75171398898-21706\"\n\t\t\t\n\t\t><div id=\"sidebar\">\n\t\t\t<ul id=\"side-menu\" class=\"side-menu menu-embedded\">\n\t\t\t\n\t\t\t\t\t\t\t\t\n\t\t\t\t\t\t\t\t\t\t\t<li><a href=\"https:\/\/www.oasdi.ca\/vi\/international-education\/ontario\/why-study-in-ontario\/\">C\u00e1c L\u00fd Do B\u1ea1n N\u00ean H\u1ecdc \u1edf Ontario<\/a><\/li>\n\t\t\t\t\t\t\t\t\t\t\t\t\t\n\t\t\t\t\t\t\t\t\t\t\t<li><a class=\"active\" href=\"https:\/\/www.oasdi.ca\/vi\/international-education\/ontario\/entrance-requirements\/\">Y\u00eau C\u1ea7u Tuy\u1ec3n Sinh Tr\u01b0\u1eddng C\u00f4ng L\u1eadp \u1edf Ontario cho H\u1ecdc Sinh Qu\u1ed1c T\u1ebf<\/a><\/li>\n\t\t\t\t\t\t\t\t\t\t\n\n\t\t\t\t<!-- Extra menu -->\n\t\t\t\t\n\n\n\t\t\t\t\t<\/ul>\n\t\n\n<\/div><\/div><\/div><div id=\"panel-21706-2-0-1\" class=\"so-panel widget widget_hem-sidebar-link-widget panel-last-child\" data-index=\"3\" ><div\n\t\t\t\n\t\t\tclass=\"so-widget-hem-sidebar-link-widget so-widget-hem-sidebar-link-widget-hem-sidebar-link-widget-style-d75171398898-21706\"\n\t\t\t\n\t\t><div id=\"sidebar\" class=\"external-link-only\">\n\n\n\n\t\t\t\t<!-- Extra menu -->\n\t\t\t\t\t\t\t\t\t<ul id=\"side-menu\" class=\"side-menu menu-embedded\">\n\t\t\t\t\t\t\t\t\t\t\t\t\t\t\t\t\t\t\t\t\t<li><a  href=\"https:\/\/www.oasdi.ca\/map-search\/\">Map Overview<\/a><\/li>\n\t\t\t\t\t\t\t\t\t\t\t\t\t\t\n\t\t\t\t\t\t\t\t\t\t\t\t\t\t\t\t\t\t\t\t\t<li><a  href=\"https:\/\/www.oasdi.ca\/district-list\/\">District List<\/a><\/li>\n\t\t\t\t\t\t\t\t\t\t\t\t\t\t\n\t\t\t\t\t\t\t\n\t\t\t\t\t<\/ul>\n\t\t\t\t\n\t\t\t\t\n\n\n\n\n<\/div><\/div><\/div><\/div><div id=\"pgc-21706-2-1\"  class=\"panel-grid-cell\" ><div class=\"pl-sm-3 pl-md-5 panel-cell-style panel-cell-style-for-21706-2-1\" ><div id=\"panel-21706-2-1-0\" class=\"so-panel widget widget_hem-seo-title-widget panel-first-child\" data-index=\"4\" ><div class=\"panel-widget-style panel-widget-style-for-21706-2-1-0\" ><div\n\t\t\t\n\t\t\tclass=\"so-widget-hem-seo-title-widget so-widget-hem-seo-title-widget-hem-seo-title-widget-style-d75171398898-21706\"\n\t\t\t\n\t\t>\n<h2 style=\"font-size:26px;\">L\u00e0m th\u1ebf n\u00e0o \u0111\u1ec3 \u0111\u0103ng k\u00fd l\u00e0m h\u1ecdc sinh qu\u1ed1c t\u1ebf trong m\u1ed9t tr\u01b0\u1eddng c\u00f4ng l\u1eadp Ontario?<\/h2>\n\n\n\n<\/div><\/div><\/div><div id=\"panel-21706-2-1-1\" class=\"so-panel widget widget_sow-editor panel-last-child\" data-index=\"5\" ><div\n\t\t\t\n\t\t\tclass=\"so-widget-sow-editor so-widget-sow-editor-base\"\n\t\t\t\n\t\t>\n<div class=\"siteorigin-widget-tinymce textwidget\">\n\t<p>M\u00f4\u0303i h\u00f4\u0323i \u0111\u00f4\u0300ng tr\u01b0\u01a1\u0300ng c\u00f4ng l\u00e2\u0323p l\u00e0 tha\u0300nh vi\u00ean cu\u0309a OASDI co\u0301 ca\u0301c quy tri\u0300nh nh\u00e2\u0323p ho\u0323c va\u0300 n\u1ed9p \u0111\u01a1n \u0111\u0103ng ky\u0301 ri\u00eang da\u0300nh cho h\u1ecdc sinh qu\u00f4\u0301c t\u00ea\u0301. S\u1eed d\u1ee5ng\u00a0<a href=\"http:\/\/www.oasdi.ca\/index.php#hover-map\">b\u1ea3n \u0111\u1ed3 t\u01b0\u01a1ng t\u00e1c<\/a>\u00a0c\u1ee7a T\u1ec9nh Ontario \u0111\u1ec3 x\u00e1c \u0111\u1ecbnh khu v\u1ef1c n\u00e0o c\u1ee7a t\u1ec9nh l\u00e0 th\u00edch h\u1ee3p h\u01a1n v\u00e0 ki\u1ec3m tra xem h\u1ed9i \u0111\u1ed3ng tr\u01b0\u1eddng n\u00e0o \u1edf m\u1ed9t khu v\u1ef1c c\u1ee5 th\u1ec3 ch\u1ea5p nh\u1eadn h\u1ecdc sinh qu\u1ed1c t\u1ebf. Tham kha\u0309o trang web cu\u0309a h\u00f4\u0323i \u0111\u00f4\u0300ng tr\u01b0\u01a1\u0300ng \u0111\u00ea\u0309 ti\u0300m th\u00f4ng tin v\u00ea\u0300 ca\u0301c ch\u01b0\u01a1ng tri\u0300nh h\u1ecdc sinh qu\u00f4\u0301c t\u00ea\u0301. Trong h\u00e2\u0300u h\u00ea\u0301t ca\u0301c tr\u01b0\u01a1\u0300ng h\u01a1\u0323p, \u0111\u01a1n \u0111\u0103ng ky\u0301 co\u0301 th\u00ea\u0309 \u0111\u01b0\u01a1\u0323c n\u00f4\u0323p tr\u01b0\u0323c tuy\u00ea\u0301n ho\u0103\u0323c qua \u0111\u01b0\u1eddng b\u01b0u \u0111i\u1ec7n.<\/p>\n<p>M\u1eb7c d\u00f9 c\u00f3 th\u1ec3 c\u00f3 m\u1ed9t s\u1ed1 kh\u00e1c bi\u1ec7t gi\u01b0\u0303a quy tr\u00ecnh v\u00e0 c\u00e1c m\u1eabu c\u1ee5 th\u1ec3 theo y\u00eau c\u1ea7u cu\u0309a ca\u0301c h\u00f4\u0323i \u0111\u00f4\u0300ng tr\u01b0\u01a1\u0300ng, h\u1ea7u nh\u01b0 mo\u0323i trang web c\u1ee7a h\u1ed9i \u0111\u1ed3ng tr\u01b0\u1eddng \u0111\u00ea\u0300u bao g\u1ed3m th\u00f4ng tin v\u1ec1 nh\u1eefng \u0111i\u1ec1u sau:<\/p>\n<ul>\n<li><strong>C\u00e1c Y\u00eau C\u1ea7u \u0111\u1ec3 \u0111\u01b0\u1ee3c Nh\u1eadp H\u1ecdc<\/strong>\u00a0(v\u00ed d\u1ee5: y\u00eau c\u1ea7u h\u1ecdc v\u1ea5n, kh\u1ea3 n\u0103ng Anh Ng\u1eef\/Ph\u00e1p Ng\u1eef, y\u00eau c\u1ea7u v\u1ec1 ch\u1ed7 \u1edf, th\u1eddi h\u1ea1n n\u1ed9p \u0111\u01a1n, v.v.)<\/li>\n<li><strong>Quy Tr\u00ecnh N\u1ed9p \u0110\u01a1n \u0110\u0103ng K\u00fd<\/strong>\u00a0(v\u00ed d\u1ee5: h\u1ecdc b\u1ea1 \u0111\u01b0\u1ee3c d\u1ecbch v\u00e0 ch\u1ee9ng nh\u1eadn, th\u01b0 gi\u1edbi thi\u1ec7u, m\u1eabu \u0111\u01a1n, m\u1eabu \u0111\u01a1n S\u1ed1ng C\u00f9ng Gia \u0110\u00ecnh B\u1ea3n X\u1ee9, l\u1ec7 ph\u00ed n\u1ed9p \u0111\u01a1n, v.v.)<\/li>\n<li><strong>Th\u01b0 M\u1eddi Nh\u1eadp H\u1ecdc<\/strong>\u00a0(b\u01b0\u1edbc ti\u1ebfp theo l\u00e0 n\u1ed9p \u0111\u01a1n y\u00eau c\u1ea7u nh\u01b0 M\u1eabu Gi\u00e1m H\u1ed9, M\u1eabu H\u1ed3 S\u01a1 Ch\u1ee7ng Ng\u1eeba, M\u1eabu B\u1ea3o Hi\u1ec3m Y T\u1ebf, v.v.)<\/li>\n<li><strong>Gi\u1ea5y Ph\u00e9p H\u1ecdc T\u1eadp<\/strong>\u00a0(sau Th\u01b0 ch\u1ea5p nh\u00e2\u0323n Cu\u1ed1i C\u00f9ng v\u00e0 c\u00e2\u0301p b\u01a1\u0309i \u0110\u1ea1i S\u1ee9 Qu\u00e1n Canada, L\u00e3nh S\u1ef1 Qu\u00e1n Canada ho\u1eb7c C\u01a1 Quan \u0110a\u0323i Di\u00ea\u0323n Ngoa\u0323i Giao g\u1ea7n nh\u1ea5t)<\/li>\n<li><strong>Thanh To\u00e1n Ph\u00ed<\/strong><\/li>\n<li><strong>\u0110\u00ea\u0301n Canada<\/strong><\/li>\n<li><strong>\u0110\u00e1nh Gi\u00e1, \u0110\u1ecbnh H\u01b0\u1edbng, v\u00e0 X\u1ebfp Tr\u01b0\u1eddng<\/strong><\/li>\n<\/ul>\n<p><strong>Ba\u0323n c\u00e2\u0300n th\u00eam th\u00f4ng tin v\u00ea\u0300 ca\u0301c tr\u01b0\u01a1\u0300ng c\u00f4ng l\u1eadp ta\u0323i Ontario?<\/strong><\/p>\n<ul>\n<li><a href=\"http:\/\/www.edu.gov.on.ca\/eng\/educationFacts.html#enrol\" target=\"_blank\" rel=\"noopener\">Ca\u0301c D\u1eef Ki\u00ea\u0323n Gia\u0301o Du\u0323c: Ca\u0301c Tr\u01b0\u01a1\u0300ng Ho\u0323c va\u0300 H\u00f4\u0323i \u0110\u00f4\u0300ng Tr\u01b0\u01a1\u0300ng<\/a><\/li>\n<li><a href=\"http:\/\/www.edu.gov.on.ca\/eng\/sift\" target=\"_blank\" rel=\"noopener\">C\u00f4ng C\u1ee5 Ti\u0300m Th\u00f4ng Tin Tr\u01b0\u1eddng<\/a><\/li>\n<li><a href=\"http:\/\/www.app.edu.gov.on.ca\/eng\/bpr\/index.html\" target=\"_blank\" rel=\"noopener\">Ca\u0301c Ba\u0301o Ca\u0301o Ti\u00ea\u0301n \u0110\u00f4\u0323 c\u1ee7a H\u00f4\u0323i \u0110\u00f4\u0300ng Tr\u01b0\u01a1\u0300ng<\/a><\/li>\n<li><a href=\"http:\/\/www.edu.gov.on.ca\/eng\/sbinfo\/boardList.html\" target=\"_blank\" rel=\"noopener\">T\u00e2\u0301t ca\u0309 ca\u0301c h\u00f4\u0323i \u0111\u1ed3ng tr\u01b0\u01a1\u0300ng c\u00f4ng l\u00e2\u0323p \u01a1\u0309 Ontario<\/a><\/li>\n<li><a href=\"http:\/\/www.edu.gov.on.ca\/eng\/policyfunding\/strategyK12.pdf\" target=\"_blank\" rel=\"noopener\">Ontario\u2019s Strategy for K-12 International Education, 2015 (Chi\u00ea\u0301n L\u01b0\u01a1\u0323c Gia\u0301o Du\u0323c Qu\u00f4\u0301c T\u00ea\u0301 H\u00ea\u0323 M\u00e2\u0303u Gia\u0301o \u0111\u00ea\u0301n L\u01a1\u0301p 12 cu\u0309a Ontario, n\u0103m 2015)<\/a><\/li>\n<\/ul>\n<\/div>\n<\/div><\/div><\/div><\/div><\/div><\/div><\/div>","protected":false},"excerpt":{"rendered":"Y\u00eau C\u1ea7u Tuy\u1ec3n Sinh Tr\u01b0\u1eddng C\u00f4ng L\u1eadp \u1edf Ontario cho H\u1ecdc Sinh Qu\u1ed1c T\u1ebf Trang Ch\u1ee7 C\u00e1c L\u00fd Do B\u1ea1n N\u00ean H\u1ecdc \u1edf Ontario Y\u00eau C\u1ea7u Tuy\u1ec3n Sinh Tr\u01b0\u1eddng C\u00f4ng L\u1eadp \u1edf Ontario cho H\u1ecdc Sinh Qu\u1ed1c T\u1ebf Map Overview District List L\u00e0m th\u1ebf n\u00e0o \u0111\u1ec3 \u0111\u0103ng k\u00fd l\u00e0m h\u1ecdc sinh qu\u1ed1c t\u1ebf trong m\u1ed9t&#8230; <a class=\"view-article\" href=\"https:\/\/www.oasdi.ca\/vi\/international-education\/ontario\/entrance-requirements\/\">View Article<\/a>","protected":false},"author":237,"featured_media":21707,"parent":21669,"menu_order":0,"comment_status":"closed","ping_status":"closed","template":"","meta":{"footnotes":""},"class_list":["post-21706","page","type-page","status-publish","has-post-thumbnail","hentry"],"yoast_head":"<!-- This site is optimized with the Yoast SEO plugin v21.5 - https:\/\/yoast.com\/wordpress\/plugins\/seo\/ -->\n<title>Y\u00eau C\u1ea7u Tuy\u1ec3n Sinh c\u1ee7a Tr\u01b0\u1eddng \u1edf Ontario | H\u1ecdc Sinh Qu\u1ed1c T\u1ebf<\/title>\n<meta name=\"description\" content=\"B\u1ea1n \u0111ang ngh\u0129 \u0111\u1ebfn vi\u1ec7c n\u1ed9p \u0111\u01a1n tuy\u1ec3n sinh cho h\u1ecdc sinh qu\u1ed1c t\u1ebf \u1edf Ontario? T\u00ecm hi\u1ec3u v\u1ec1 y\u00eau c\u1ea7u tuy\u1ec3n sinh tr\u01b0\u1eddng c\u00f4ng l\u1eadp \u1edf Ontario t\u1ea1i \u0111\u00e2y.\" \/>\n<meta name=\"robots\" content=\"index, follow, max-snippet:-1, max-image-preview:large, max-video-preview:-1\" \/>\n<link rel=\"canonical\" href=\"https:\/\/www.oasdi.ca\/vi\/international-education\/ontario\/entrance-requirements\/\" \/>\n<meta property=\"og:locale\" content=\"vi_VN\" \/>\n<meta property=\"og:type\" content=\"article\" \/>\n<meta property=\"og:title\" content=\"Y\u00eau C\u1ea7u Tuy\u1ec3n Sinh c\u1ee7a Tr\u01b0\u1eddng \u1edf Ontario | H\u1ecdc Sinh Qu\u1ed1c T\u1ebf\" \/>\n<meta property=\"og:description\" content=\"B\u1ea1n \u0111ang ngh\u0129 \u0111\u1ebfn vi\u1ec7c n\u1ed9p \u0111\u01a1n tuy\u1ec3n sinh cho h\u1ecdc sinh qu\u1ed1c t\u1ebf \u1edf Ontario? T\u00ecm hi\u1ec3u v\u1ec1 y\u00eau c\u1ea7u tuy\u1ec3n sinh tr\u01b0\u1eddng c\u00f4ng l\u1eadp \u1edf Ontario t\u1ea1i \u0111\u00e2y.\" \/>\n<meta property=\"og:url\" content=\"https:\/\/www.oasdi.ca\/vi\/international-education\/ontario\/entrance-requirements\/\" \/>\n<meta property=\"og:site_name\" content=\"OASDI\" \/>\n<meta property=\"article:modified_time\" content=\"2020-04-25T15:55:12+00:00\" \/>\n<meta property=\"og:image\" content=\"https:\/\/www.oasdi.ca\/wp-content\/uploads\/2020\/03\/onatro-schools-2020.jpg\" \/>\n\t<meta property=\"og:image:width\" content=\"1440\" \/>\n\t<meta property=\"og:image:height\" content=\"268\" \/>\n\t<meta property=\"og:image:type\" content=\"image\/jpeg\" \/>\n<meta name=\"twitter:card\" content=\"summary_large_image\" \/>\n<meta name=\"twitter:label1\" content=\"Est. reading time\" \/>\n\t<meta name=\"twitter:data1\" content=\"3 minutes\" \/>\n<script type=\"application\/ld+json\" class=\"yoast-schema-graph\">{\"@context\":\"https:\/\/schema.org\",\"@graph\":[{\"@type\":\"WebPage\",\"@id\":\"https:\/\/www.oasdi.ca\/vi\/international-education\/ontario\/entrance-requirements\/\",\"url\":\"https:\/\/www.oasdi.ca\/vi\/international-education\/ontario\/entrance-requirements\/\",\"name\":\"Y\u00eau C\u1ea7u Tuy\u1ec3n Sinh c\u1ee7a Tr\u01b0\u1eddng \u1edf Ontario | H\u1ecdc Sinh Qu\u1ed1c T\u1ebf\",\"isPartOf\":{\"@id\":\"https:\/\/www.oasdi.ca\/vi\/#website\"},\"datePublished\":\"2020-03-19T21:33:28+00:00\",\"dateModified\":\"2020-04-25T15:55:12+00:00\",\"description\":\"B\u1ea1n \u0111ang ngh\u0129 \u0111\u1ebfn vi\u1ec7c n\u1ed9p \u0111\u01a1n tuy\u1ec3n sinh cho h\u1ecdc sinh qu\u1ed1c t\u1ebf \u1edf Ontario? T\u00ecm hi\u1ec3u v\u1ec1 y\u00eau c\u1ea7u tuy\u1ec3n sinh tr\u01b0\u1eddng c\u00f4ng l\u1eadp \u1edf Ontario t\u1ea1i \u0111\u00e2y.\",\"breadcrumb\":{\"@id\":\"https:\/\/www.oasdi.ca\/vi\/international-education\/ontario\/entrance-requirements\/#breadcrumb\"},\"inLanguage\":\"vi-VN\",\"potentialAction\":[{\"@type\":\"ReadAction\",\"target\":[\"https:\/\/www.oasdi.ca\/vi\/international-education\/ontario\/entrance-requirements\/\"]}]},{\"@type\":\"BreadcrumbList\",\"@id\":\"https:\/\/www.oasdi.ca\/vi\/international-education\/ontario\/entrance-requirements\/#breadcrumb\",\"itemListElement\":[{\"@type\":\"ListItem\",\"position\":1,\"name\":\"Trang Ch\u1ee7\",\"item\":\"https:\/\/www.oasdi.ca\/vi\/\"},{\"@type\":\"ListItem\",\"position\":2,\"name\":\"L\u00e0m Th\u1ebf N\u00e0o \u0110\u1ec3 Theo H\u1ecdc Ch\u01b0\u01a1ng Tr\u00ecnh Gi\u00e1o D\u1ee5c Qu\u1ed1c T\u1ebf \u1edf Ontario\",\"item\":\"https:\/\/www.oasdi.ca\/vi\/international-education\/\"},{\"@type\":\"ListItem\",\"position\":3,\"name\":\"L\u00e0m Th\u1ebf N\u00e0o \u0110\u1ec3 Theo H\u1ecdc Ch\u01b0\u01a1ng Tr\u00ecnh Gi\u00e1o D\u1ee5c Qu\u1ed1c T\u1ebf \u1edf Ontario\",\"item\":\"https:\/\/www.oasdi.ca\/vi\/international-education\/ontario\/\"},{\"@type\":\"ListItem\",\"position\":4,\"name\":\"Y\u00eau C\u1ea7u Tuy\u1ec3n Sinh Tr\u01b0\u1eddng C\u00f4ng L\u1eadp \u1edf Ontario cho H\u1ecdc Sinh Qu\u1ed1c T\u1ebf\"}]},{\"@type\":\"WebSite\",\"@id\":\"https:\/\/www.oasdi.ca\/vi\/#website\",\"url\":\"https:\/\/www.oasdi.ca\/vi\/\",\"name\":\"OASDI\",\"description\":\"Ontario Association of School District International\",\"publisher\":{\"@id\":\"https:\/\/www.oasdi.ca\/vi\/#organization\"},\"potentialAction\":[{\"@type\":\"SearchAction\",\"target\":{\"@type\":\"EntryPoint\",\"urlTemplate\":\"https:\/\/www.oasdi.ca\/vi\/?s={search_term_string}\"},\"query-input\":\"required name=search_term_string\"}],\"inLanguage\":\"vi-VN\"},{\"@type\":\"Organization\",\"@id\":\"https:\/\/www.oasdi.ca\/vi\/#organization\",\"name\":\"OASDI\",\"url\":\"https:\/\/www.oasdi.ca\/vi\/\",\"logo\":{\"@type\":\"ImageObject\",\"inLanguage\":\"vi-VN\",\"@id\":\"https:\/\/www.oasdi.ca\/vi\/#\/schema\/logo\/image\/\",\"url\":\"https:\/\/www.oasdi.ca\/wp-content\/uploads\/2020\/02\/cropped-oasdi-logo.png\",\"contentUrl\":\"https:\/\/www.oasdi.ca\/wp-content\/uploads\/2020\/02\/cropped-oasdi-logo.png\",\"width\":468,\"height\":96,\"caption\":\"OASDI\"},\"image\":{\"@id\":\"https:\/\/www.oasdi.ca\/vi\/#\/schema\/logo\/image\/\"}}]}<\/script>\n<!-- \/ Yoast SEO plugin. -->","yoast_head_json":{"title":"Y\u00eau C\u1ea7u Tuy\u1ec3n Sinh c\u1ee7a Tr\u01b0\u1eddng \u1edf Ontario | H\u1ecdc Sinh Qu\u1ed1c T\u1ebf","description":"B\u1ea1n \u0111ang ngh\u0129 \u0111\u1ebfn vi\u1ec7c n\u1ed9p \u0111\u01a1n tuy\u1ec3n sinh cho h\u1ecdc sinh qu\u1ed1c t\u1ebf \u1edf Ontario? T\u00ecm hi\u1ec3u v\u1ec1 y\u00eau c\u1ea7u tuy\u1ec3n sinh tr\u01b0\u1eddng c\u00f4ng l\u1eadp \u1edf Ontario t\u1ea1i \u0111\u00e2y.","robots":{"index":"index","follow":"follow","max-snippet":"max-snippet:-1","max-image-preview":"max-image-preview:large","max-video-preview":"max-video-preview:-1"},"canonical":"https:\/\/www.oasdi.ca\/vi\/international-education\/ontario\/entrance-requirements\/","og_locale":"vi_VN","og_type":"article","og_title":"Y\u00eau C\u1ea7u Tuy\u1ec3n Sinh c\u1ee7a Tr\u01b0\u1eddng \u1edf Ontario | H\u1ecdc Sinh Qu\u1ed1c T\u1ebf","og_description":"B\u1ea1n \u0111ang ngh\u0129 \u0111\u1ebfn vi\u1ec7c n\u1ed9p \u0111\u01a1n tuy\u1ec3n sinh cho h\u1ecdc sinh qu\u1ed1c t\u1ebf \u1edf Ontario? T\u00ecm hi\u1ec3u v\u1ec1 y\u00eau c\u1ea7u tuy\u1ec3n sinh tr\u01b0\u1eddng c\u00f4ng l\u1eadp \u1edf Ontario t\u1ea1i \u0111\u00e2y.","og_url":"https:\/\/www.oasdi.ca\/vi\/international-education\/ontario\/entrance-requirements\/","og_site_name":"OASDI","article_modified_time":"2020-04-25T15:55:12+00:00","og_image":[{"width":1440,"height":268,"url":"https:\/\/www.oasdi.ca\/wp-content\/uploads\/2020\/03\/onatro-schools-2020.jpg","type":"image\/jpeg"}],"twitter_card":"summary_large_image","twitter_misc":{"Est. reading time":"3 minutes"},"schema":{"@context":"https:\/\/schema.org","@graph":[{"@type":"WebPage","@id":"https:\/\/www.oasdi.ca\/vi\/international-education\/ontario\/entrance-requirements\/","url":"https:\/\/www.oasdi.ca\/vi\/international-education\/ontario\/entrance-requirements\/","name":"Y\u00eau C\u1ea7u Tuy\u1ec3n Sinh c\u1ee7a Tr\u01b0\u1eddng \u1edf Ontario | H\u1ecdc Sinh Qu\u1ed1c T\u1ebf","isPartOf":{"@id":"https:\/\/www.oasdi.ca\/vi\/#website"},"datePublished":"2020-03-19T21:33:28+00:00","dateModified":"2020-04-25T15:55:12+00:00","description":"B\u1ea1n \u0111ang ngh\u0129 \u0111\u1ebfn vi\u1ec7c n\u1ed9p \u0111\u01a1n tuy\u1ec3n sinh cho h\u1ecdc sinh qu\u1ed1c t\u1ebf \u1edf Ontario? T\u00ecm hi\u1ec3u v\u1ec1 y\u00eau c\u1ea7u tuy\u1ec3n sinh tr\u01b0\u1eddng c\u00f4ng l\u1eadp \u1edf Ontario t\u1ea1i \u0111\u00e2y.","breadcrumb":{"@id":"https:\/\/www.oasdi.ca\/vi\/international-education\/ontario\/entrance-requirements\/#breadcrumb"},"inLanguage":"vi-VN","potentialAction":[{"@type":"ReadAction","target":["https:\/\/www.oasdi.ca\/vi\/international-education\/ontario\/entrance-requirements\/"]}]},{"@type":"BreadcrumbList","@id":"https:\/\/www.oasdi.ca\/vi\/international-education\/ontario\/entrance-requirements\/#breadcrumb","itemListElement":[{"@type":"ListItem","position":1,"name":"Trang Ch\u1ee7","item":"https:\/\/www.oasdi.ca\/vi\/"},{"@type":"ListItem","position":2,"name":"L\u00e0m Th\u1ebf N\u00e0o \u0110\u1ec3 Theo H\u1ecdc Ch\u01b0\u01a1ng Tr\u00ecnh Gi\u00e1o D\u1ee5c Qu\u1ed1c T\u1ebf \u1edf Ontario","item":"https:\/\/www.oasdi.ca\/vi\/international-education\/"},{"@type":"ListItem","position":3,"name":"L\u00e0m Th\u1ebf N\u00e0o \u0110\u1ec3 Theo H\u1ecdc Ch\u01b0\u01a1ng Tr\u00ecnh Gi\u00e1o D\u1ee5c Qu\u1ed1c T\u1ebf \u1edf Ontario","item":"https:\/\/www.oasdi.ca\/vi\/international-education\/ontario\/"},{"@type":"ListItem","position":4,"name":"Y\u00eau C\u1ea7u Tuy\u1ec3n Sinh Tr\u01b0\u1eddng C\u00f4ng L\u1eadp \u1edf Ontario cho H\u1ecdc Sinh Qu\u1ed1c T\u1ebf"}]},{"@type":"WebSite","@id":"https:\/\/www.oasdi.ca\/vi\/#website","url":"https:\/\/www.oasdi.ca\/vi\/","name":"OASDI","description":"Ontario Association of School District International","publisher":{"@id":"https:\/\/www.oasdi.ca\/vi\/#organization"},"potentialAction":[{"@type":"SearchAction","target":{"@type":"EntryPoint","urlTemplate":"https:\/\/www.oasdi.ca\/vi\/?s={search_term_string}"},"query-input":"required name=search_term_string"}],"inLanguage":"vi-VN"},{"@type":"Organization","@id":"https:\/\/www.oasdi.ca\/vi\/#organization","name":"OASDI","url":"https:\/\/www.oasdi.ca\/vi\/","logo":{"@type":"ImageObject","inLanguage":"vi-VN","@id":"https:\/\/www.oasdi.ca\/vi\/#\/schema\/logo\/image\/","url":"https:\/\/www.oasdi.ca\/wp-content\/uploads\/2020\/02\/cropped-oasdi-logo.png","contentUrl":"https:\/\/www.oasdi.ca\/wp-content\/uploads\/2020\/02\/cropped-oasdi-logo.png","width":468,"height":96,"caption":"OASDI"},"image":{"@id":"https:\/\/www.oasdi.ca\/vi\/#\/schema\/logo\/image\/"}}]}},"_links":{"self":[{"href":"https:\/\/www.oasdi.ca\/vi\/wp-json\/wp\/v2\/pages\/21706"}],"collection":[{"href":"https:\/\/www.oasdi.ca\/vi\/wp-json\/wp\/v2\/pages"}],"about":[{"href":"https:\/\/www.oasdi.ca\/vi\/wp-json\/wp\/v2\/types\/page"}],"author":[{"embeddable":true,"href":"https:\/\/www.oasdi.ca\/vi\/wp-json\/wp\/v2\/users\/237"}],"replies":[{"embeddable":true,"href":"https:\/\/www.oasdi.ca\/vi\/wp-json\/wp\/v2\/comments?post=21706"}],"version-history":[{"count":0,"href":"https:\/\/www.oasdi.ca\/vi\/wp-json\/wp\/v2\/pages\/21706\/revisions"}],"up":[{"embeddable":true,"href":"https:\/\/www.oasdi.ca\/vi\/wp-json\/wp\/v2\/pages\/21669"}],"wp:featuredmedia":[{"embeddable":true,"href":"https:\/\/www.oasdi.ca\/vi\/wp-json\/wp\/v2\/media\/21707"}],"wp:attachment":[{"href":"https:\/\/www.oasdi.ca\/vi\/wp-json\/wp\/v2\/media?parent=21706"}],"curies":[{"name":"wp","href":"https:\/\/api.w.org\/{rel}","templated":true}]}}