{"id":21632,"date":"2020-03-19T15:18:48","date_gmt":"2020-03-19T15:18:48","guid":{"rendered":"http:\/\/oasdi.ca\/k-12-education-in-ontario\/graduation-requirements\/equivalency-credits\/"},"modified":"2020-04-25T14:17:38","modified_gmt":"2020-04-25T14:17:38","slug":"equivalency-credits","status":"publish","type":"page","link":"https:\/\/www.oasdi.ca\/vi\/k-12-education-in-ontario\/graduation-requirements\/equivalency-credits\/","title":{"rendered":"T\u00edn Ch\u1ec9 T\u01b0\u01a1ng \u0110\u01b0\u01a1ng \u1edf Ontario"},"content":{"rendered":"<div id=\"pl-21632\"  class=\"panel-layout\" ><div id=\"pg-21632-0\"  class=\"panel-grid panel-no-style\" ><div id=\"pgc-21632-0-0\"  class=\"panel-grid-cell\" ><div id=\"panel-21632-0-0-0\" class=\"so-panel widget widget_sow-image panel-first-child panel-last-child\" data-index=\"0\" ><div class=\"is-featured-img panel-widget-style panel-widget-style-for-21632-0-0-0\" ><div\n\t\t\t\n\t\t\tclass=\"so-widget-sow-image so-widget-sow-image-default-c4f6304fc136-21632\"\n\t\t\t\n\t\t>\n\n<div class=\"sow-image-container\">\n\t\t<img loading=\"lazy\" decoding=\"async\" src=\"https:\/\/www.oasdi.ca\/wp-content\/uploads\/2020\/03\/banner-51.jpg\" width=\"1440\" height=\"268\" srcset=\"https:\/\/www.oasdi.ca\/wp-content\/uploads\/2020\/03\/banner-51.jpg 1440w, https:\/\/www.oasdi.ca\/wp-content\/uploads\/2020\/03\/banner-51-250x47.jpg 250w, https:\/\/www.oasdi.ca\/wp-content\/uploads\/2020\/03\/banner-51-700x130.jpg 700w, https:\/\/www.oasdi.ca\/wp-content\/uploads\/2020\/03\/banner-51-768x143.jpg 768w, https:\/\/www.oasdi.ca\/wp-content\/uploads\/2020\/03\/banner-51-120x22.jpg 120w\" sizes=\"(max-width: 1440px) 100vw, 1440px\" alt=\"\" \t\tclass=\"so-widget-image\"\/>\n\t<\/div>\n\n<\/div><\/div><\/div><\/div><\/div><div id=\"pg-21632-1\"  class=\"panel-grid panel-has-style\" ><div class=\"has-container panel-row-style panel-row-style-for-21632-1\" ><div id=\"pgc-21632-1-0\"  class=\"panel-grid-cell\" ><div id=\"panel-21632-1-0-0\" class=\"so-panel widget widget_hem-seo-title-widget panel-first-child panel-last-child\" data-index=\"1\" ><div class=\"panel-widget-style panel-widget-style-for-21632-1-0-0\" ><div\n\t\t\t\n\t\t\tclass=\"so-widget-hem-seo-title-widget so-widget-hem-seo-title-widget-hem-seo-title-widget-style-d75171398898-21632\"\n\t\t\t\n\t\t>\n<h1 style=\"font-size:px;\">T\u00edn Ch\u1ec9 T\u01b0\u01a1ng \u0110\u01b0\u01a1ng \u1edf Ontario<\/h1>\n\n\n\n\t<!-- <div class=\"breadcrumb-trail\"><a href=\"index.php\">Home<\/a> \u00bb <span class=\"breadcrumb-current\">About<\/span><\/div> -->\n\t<div class=\"test1\"><span><span><a href=\"https:\/\/www.oasdi.ca\/vi\/\">Trang Ch\u1ee7<\/a><\/span><\/span><\/div>\n<\/div><\/div><\/div><\/div><\/div><\/div><div id=\"pg-21632-2\"  class=\"panel-grid panel-has-style\" ><div class=\"has-container panel-row-style panel-row-style-for-21632-2\" ><div id=\"pgc-21632-2-0\"  class=\"panel-grid-cell\" ><div id=\"panel-21632-2-0-0\" class=\"so-panel widget widget_hem-sidebar-menu-widget panel-first-child\" data-index=\"2\" ><div\n\t\t\t\n\t\t\tclass=\"so-widget-hem-sidebar-menu-widget so-widget-hem-sidebar-menu-widget-hem-sidebar-menu-widget-style-d75171398898-21632\"\n\t\t\t\n\t\t><div id=\"sidebar\">\n\t\t\t<ul id=\"side-menu\" class=\"side-menu menu-embedded\">\n\t\t\t\n\t\t\t\t\t\t\t\t\n\t\t\t\t\t\t\t\t\t\t\t<li><a class=\"active\" href=\"https:\/\/www.oasdi.ca\/vi\/k-12-education-in-ontario\/graduation-requirements\/equivalency-credits\/\">T\u00edn Ch\u1ec9 T\u01b0\u01a1ng \u0110\u01b0\u01a1ng \u1edf Ontario<\/a><\/li>\n\t\t\t\t\t\t\t\t\t\t\n\n\t\t\t\t<!-- Extra menu -->\n\t\t\t\t\n\n\n\t\t\t\t\t<\/ul>\n\t\n\n<\/div><\/div><\/div><div id=\"panel-21632-2-0-1\" class=\"so-panel widget widget_hem-sidebar-link-widget panel-last-child\" data-index=\"3\" ><div\n\t\t\t\n\t\t\tclass=\"so-widget-hem-sidebar-link-widget so-widget-hem-sidebar-link-widget-hem-sidebar-link-widget-style-d75171398898-21632\"\n\t\t\t\n\t\t><div id=\"sidebar\" class=\"external-link-only\">\n\n\n\n\t\t\t\t<!-- Extra menu -->\n\t\t\t\t\t\t\t\t\t<ul id=\"side-menu\" class=\"side-menu menu-embedded\">\n\t\t\t\t\t\t\t\t\t\t\t\t\t\t\t\t\t\t\t\t\t<li><a  href=\"https:\/\/www.oasdi.ca\/map-search\/\">Map Overview<\/a><\/li>\n\t\t\t\t\t\t\t\t\t\t\t\t\t\t\n\t\t\t\t\t\t\t\t\t\t\t\t\t\t\t\t\t\t\t\t\t<li><a  href=\"https:\/\/www.oasdi.ca\/district-list\/\">District List<\/a><\/li>\n\t\t\t\t\t\t\t\t\t\t\t\t\t\t\n\t\t\t\t\t\t\t\n\t\t\t\t\t<\/ul>\n\t\t\t\t\n\t\t\t\t\n\n\n\n\n<\/div><\/div><\/div><\/div><div id=\"pgc-21632-2-1\"  class=\"panel-grid-cell\" ><div class=\"pl-sm-3 pl-md-5 panel-cell-style panel-cell-style-for-21632-2-1\" ><div id=\"panel-21632-2-1-0\" class=\"so-panel widget widget_hem-seo-title-widget panel-first-child\" data-index=\"4\" ><div class=\"panel-widget-style panel-widget-style-for-21632-2-1-0\" ><div\n\t\t\t\n\t\t\tclass=\"so-widget-hem-seo-title-widget so-widget-hem-seo-title-widget-hem-seo-title-widget-style-d75171398898-21632\"\n\t\t\t\n\t\t>\n<h2 style=\"font-size:px;\">C\u00e1c t\u00edn ch\u1ec9 qu\u1ed1c t\u1ebf t\u01b0\u01a1ng \u0111\u01b0\u01a1ng<\/h2>\n\n\n\n<\/div><\/div><\/div><div id=\"panel-21632-2-1-1\" class=\"so-panel widget widget_sow-editor panel-last-child\" data-index=\"5\" ><div\n\t\t\t\n\t\t\tclass=\"so-widget-sow-editor so-widget-sow-editor-base\"\n\t\t\t\n\t\t>\n<div class=\"siteorigin-widget-tinymce textwidget\">\n\t<div id=\"secondary-right-inner\">\n<p>C\u00e1c tr\u01b0\u1eddng ti\u1ec3u h\u1ecdc v\u00e0 trung h\u1ecdc ri\u00eang l\u1ebb \u0111\u00e1nh gi\u00e1 c\u00e1c h\u1ed3 s\u01a1 h\u1ecdc t\u1eadp (d\u1ecbch sang Ti\u1ebfng Anh ho\u1eb7c Ti\u1ebfng Ph\u00e1p) c\u1ee7a t\u1ea5t c\u1ea3 c\u00e1c h\u1ecdc sinh kh\u00f4ng c\u00f3 t\u00edn ch\u1ec9 c\u1ee7a Ontario tr\u01b0\u1edbc \u0111\u00f3 v\u00e0 th\u1ef1c hi\u1ec7n l\u01b0\u1ee3ng \u0111\u1ecbnh t\u00edn ch\u1ec9 t\u01b0\u01a1ng \u0111\u01b0\u01a1ng.\u00a0 Hi\u1ec7u Tr\u01b0\u1edfng Tr\u01b0\u1eddng \u0111\u01b0\u1ee3c h\u01b0\u1edbng d\u1eabn theo t\u00e0i li\u1ec7u c\u1ee7a B\u1ed9 Gi\u00e1o D\u1ee5c Ontario,\u00a0<em>Ontario Schools: Kindergarten to Grade 12, Policy and Program Requirements<\/em>\u00a0(2011) (H\u1ec7 Th\u1ed1ng Tr\u01b0\u1eddng H\u1ecdc \u1edf Ontario: M\u1eabu Gi\u00e1o \u0111\u1ebfn L\u1edbp 12, C\u00e1c Y\u00eau C\u1ea7u v\u1ec1 Ch\u00ednh S\u00e1ch v\u00e0 Ch\u01b0\u01a1ng Tr\u00ecnh [2011]) \u0111\u1ec3 x\u00e1c \u0111\u1ecbnh c\u00e1c t\u00edn ch\u1ec9 t\u01b0\u01a1ng \u0111\u01b0\u01a1ng.\u00a0 Vui l\u00f2ng l\u01b0u \u00fd c\u00e1c tuy\u00ean b\u1ed1 sau \u0111\u00e2y t\u1eeb t\u00e0i li\u1ec7u n\u00e0y:\u00a0<em>\u201cHi\u1ec7u tr\u01b0\u1edfng s\u1ebd \u0111\u1ea3m b\u1ea3o r\u1eb1ng c\u00e1c y\u00eau c\u1ea7u sau \u0111\u00e2y \u0111\u01b0\u1ee3c \u0111\u00e1p \u1ee9ng:\u00a0 M\u1ed9t h\u1ecdc sinh kh\u00f4ng c\u00f3 t\u00edn ch\u1ec9 Ontario tr\u01b0\u1edbc \u0111\u00f3 nh\u01b0ng \u0111\u00e3 ho\u00e0n t\u1ea5t th\u00e0nh c\u00f4ng h\u01a1n ba n\u0103m trung h\u1ecdc c\u1ea7n ph\u1ea3i c\u00f3 \u00edt nh\u1ea5t b\u1ed1n t\u00edn ch\u1ec9 \u1edf kh\u00f3a h\u1ecdc L\u1edbp 11 ho\u1eb7c L\u1edbp 12 tr\u01b0\u1edbc khi \u0111\u01b0\u1ee3c khuy\u1ebfn ngh\u1ecb OSSD theo OS\/OSS.\u201d(trang 91<\/em>)<\/p>\n<h3>B\u1ea1n c\u1ea7n th\u00eam th\u00f4ng tin v\u1ec1 Ca\u0301c Y\u00eau C\u00e2\u0300u T\u00f4\u0301t Nghi\u00ea\u0323p?<\/h3>\n<p>Xem\u00a0<a href=\"http:\/\/www.edu.gov.on.ca\/eng\/students\/faq-students.html\" target=\"_blank\" rel=\"noopener\">C\u00e1c C\u00e2u H\u1ecfi Th\u01b0\u1eddng G\u1eb7p v\u00e0 gi\u1ea3i \u0111\u00e1p<\/a>: \u00a0L\u00e0m th\u1ebf n\u00e0o \u0111\u1ec3 t\u00f4i c\u00f3 \u0111\u01b0\u1ee3c m\u1ed9t \u0111\u00e1nh gi\u00e1 v\u00ea\u0300 c\u00e1c t\u00e0i li\u1ec7u gi\u00e1o d\u1ee5c ti\u1ec3u h\u1ecdc ho\u1eb7c trung h\u1ecdc t\u1eeb b\u00ean ngo\u00e0i Ontario?:<\/p>\n<p><a href=\"http:\/\/www.edu.gov.on.ca\/eng\/document\/policy\/os\/ONSchools.pdf\" target=\"_blank\" rel=\"noopener\">Ontario Schools: Kindergarten to Grade 12, Policy and Program Requirements (2011) (H\u1ec7 Th\u1ed1ng Tr\u01b0\u1eddng H\u1ecdc \u1edf Ontario: M\u1eabu Gi\u00e1o \u0111\u1ebfn L\u1edbp 12, C\u00e1c Y\u00eau C\u1ea7u v\u1ec1 Ch\u00ednh S\u00e1ch v\u00e0 Ch\u01b0\u01a1ng Tr\u00ecnh [2011])<\/a><\/p>\n<\/div>\n<\/div>\n<\/div><\/div><\/div><\/div><\/div><\/div><\/div>","protected":false},"excerpt":{"rendered":"T\u00edn Ch\u1ec9 T\u01b0\u01a1ng \u0110\u01b0\u01a1ng \u1edf Ontario Trang Ch\u1ee7 T\u00edn Ch\u1ec9 T\u01b0\u01a1ng \u0110\u01b0\u01a1ng \u1edf Ontario Map Overview District List C\u00e1c t\u00edn ch\u1ec9 qu\u1ed1c t\u1ebf t\u01b0\u01a1ng \u0111\u01b0\u01a1ng C\u00e1c tr\u01b0\u1eddng ti\u1ec3u h\u1ecdc v\u00e0 trung h\u1ecdc ri\u00eang l\u1ebb \u0111\u00e1nh gi\u00e1 c\u00e1c h\u1ed3 s\u01a1 h\u1ecdc t\u1eadp (d\u1ecbch sang Ti\u1ebfng Anh ho\u1eb7c Ti\u1ebfng Ph\u00e1p) c\u1ee7a t\u1ea5t c\u1ea3 c\u00e1c h\u1ecdc sinh kh\u00f4ng&#8230; <a class=\"view-article\" href=\"https:\/\/www.oasdi.ca\/vi\/k-12-education-in-ontario\/graduation-requirements\/equivalency-credits\/\">View Article<\/a>","protected":false},"author":237,"featured_media":0,"parent":20961,"menu_order":536,"comment_status":"closed","ping_status":"closed","template":"","meta":{"footnotes":""},"class_list":["post-21632","page","type-page","status-publish","hentry"],"yoast_head":"<!-- This site is optimized with the Yoast SEO plugin v21.5 - https:\/\/yoast.com\/wordpress\/plugins\/seo\/ -->\n<title>Th\u00f4ng Tin T\u00edn Ch\u1ec9 T\u01b0\u01a1ng \u0110\u01b0\u01a1ng| Gi\u00e1o D\u1ee5c \u1edf Ontario | OASI<\/title>\n<meta name=\"description\" content=\"T\u00edn ch\u1ec9 t\u01b0\u01a1ng \u0111\u01b0\u01a1ng \u0111\u01b0\u1ee3c s\u1eed d\u1ee5ng \u1edf Ontario khi h\u1ecdc sinh \u0111\u00e3 h\u1ecdc t\u1ea1i c\u00e1c tr\u01b0\u1eddng \u1edf c\u00e1c t\u1ec9nh kh\u00e1c ho\u1eb7c qu\u1ed1c gia kh\u00e1c. T\u00ecm hi\u1ec3u v\u1ec1 t\u00edn ch\u1ec9 t\u01b0\u01a1ng \u0111\u01b0\u01a1ng \u1edf \u0111\u00e2y.\" \/>\n<meta name=\"robots\" content=\"index, follow, max-snippet:-1, max-image-preview:large, max-video-preview:-1\" \/>\n<link rel=\"canonical\" href=\"https:\/\/www.oasdi.ca\/vi\/k-12-education-in-ontario\/graduation-requirements\/equivalency-credits\/\" \/>\n<meta property=\"og:locale\" content=\"vi_VN\" \/>\n<meta property=\"og:type\" content=\"article\" \/>\n<meta property=\"og:title\" content=\"Th\u00f4ng Tin T\u00edn Ch\u1ec9 T\u01b0\u01a1ng \u0110\u01b0\u01a1ng| Gi\u00e1o D\u1ee5c \u1edf Ontario | OASI\" \/>\n<meta property=\"og:description\" content=\"T\u00edn ch\u1ec9 t\u01b0\u01a1ng \u0111\u01b0\u01a1ng \u0111\u01b0\u1ee3c s\u1eed d\u1ee5ng \u1edf Ontario khi h\u1ecdc sinh \u0111\u00e3 h\u1ecdc t\u1ea1i c\u00e1c tr\u01b0\u1eddng \u1edf c\u00e1c t\u1ec9nh kh\u00e1c ho\u1eb7c qu\u1ed1c gia kh\u00e1c. T\u00ecm hi\u1ec3u v\u1ec1 t\u00edn ch\u1ec9 t\u01b0\u01a1ng \u0111\u01b0\u01a1ng \u1edf \u0111\u00e2y.\" \/>\n<meta property=\"og:url\" content=\"https:\/\/www.oasdi.ca\/vi\/k-12-education-in-ontario\/graduation-requirements\/equivalency-credits\/\" \/>\n<meta property=\"og:site_name\" content=\"OASDI\" \/>\n<meta property=\"article:modified_time\" content=\"2020-04-25T14:17:38+00:00\" \/>\n<meta property=\"og:image\" content=\"https:\/\/www.oasdi.ca\/wp-content\/uploads\/2020\/03\/oasdi-faq.jpg\" \/>\n\t<meta property=\"og:image:width\" content=\"1440\" \/>\n\t<meta property=\"og:image:height\" content=\"268\" \/>\n\t<meta property=\"og:image:type\" content=\"image\/jpeg\" \/>\n<meta name=\"twitter:card\" content=\"summary_large_image\" \/>\n<meta name=\"twitter:label1\" content=\"Est. reading time\" \/>\n\t<meta name=\"twitter:data1\" content=\"2 minutes\" \/>\n<script type=\"application\/ld+json\" class=\"yoast-schema-graph\">{\"@context\":\"https:\/\/schema.org\",\"@graph\":[{\"@type\":\"WebPage\",\"@id\":\"https:\/\/www.oasdi.ca\/vi\/k-12-education-in-ontario\/graduation-requirements\/equivalency-credits\/\",\"url\":\"https:\/\/www.oasdi.ca\/vi\/k-12-education-in-ontario\/graduation-requirements\/equivalency-credits\/\",\"name\":\"Th\u00f4ng Tin T\u00edn Ch\u1ec9 T\u01b0\u01a1ng \u0110\u01b0\u01a1ng| Gi\u00e1o D\u1ee5c \u1edf Ontario | OASI\",\"isPartOf\":{\"@id\":\"https:\/\/www.oasdi.ca\/vi\/#website\"},\"datePublished\":\"2020-03-19T15:18:48+00:00\",\"dateModified\":\"2020-04-25T14:17:38+00:00\",\"description\":\"T\u00edn ch\u1ec9 t\u01b0\u01a1ng \u0111\u01b0\u01a1ng \u0111\u01b0\u1ee3c s\u1eed d\u1ee5ng \u1edf Ontario khi h\u1ecdc sinh \u0111\u00e3 h\u1ecdc t\u1ea1i c\u00e1c tr\u01b0\u1eddng \u1edf c\u00e1c t\u1ec9nh kh\u00e1c ho\u1eb7c qu\u1ed1c gia kh\u00e1c. T\u00ecm hi\u1ec3u v\u1ec1 t\u00edn ch\u1ec9 t\u01b0\u01a1ng \u0111\u01b0\u01a1ng \u1edf \u0111\u00e2y.\",\"breadcrumb\":{\"@id\":\"https:\/\/www.oasdi.ca\/vi\/k-12-education-in-ontario\/graduation-requirements\/equivalency-credits\/#breadcrumb\"},\"inLanguage\":\"vi-VN\",\"potentialAction\":[{\"@type\":\"ReadAction\",\"target\":[\"https:\/\/www.oasdi.ca\/vi\/k-12-education-in-ontario\/graduation-requirements\/equivalency-credits\/\"]}]},{\"@type\":\"BreadcrumbList\",\"@id\":\"https:\/\/www.oasdi.ca\/vi\/k-12-education-in-ontario\/graduation-requirements\/equivalency-credits\/#breadcrumb\",\"itemListElement\":[{\"@type\":\"ListItem\",\"position\":1,\"name\":\"Trang Ch\u1ee7\",\"item\":\"https:\/\/www.oasdi.ca\/vi\/\"},{\"@type\":\"ListItem\",\"position\":2,\"name\":\"Gi\u00e1o D\u1ee5c H\u1ec7 K-12 \u1edf Ontario\",\"item\":\"https:\/\/www.oasdi.ca\/vi\/k-12-education-in-ontario\/\"},{\"@type\":\"ListItem\",\"position\":3,\"name\":\"Y\u00eau C\u1ea7u T\u1ed1t Nghi\u1ec7p \u1edf Ontario\",\"item\":\"https:\/\/www.oasdi.ca\/vi\/k-12-education-in-ontario\/graduation-requirements\/\"},{\"@type\":\"ListItem\",\"position\":4,\"name\":\"T\u00edn Ch\u1ec9 T\u01b0\u01a1ng \u0110\u01b0\u01a1ng \u1edf Ontario\"}]},{\"@type\":\"WebSite\",\"@id\":\"https:\/\/www.oasdi.ca\/vi\/#website\",\"url\":\"https:\/\/www.oasdi.ca\/vi\/\",\"name\":\"OASDI\",\"description\":\"Ontario Association of School District International\",\"publisher\":{\"@id\":\"https:\/\/www.oasdi.ca\/vi\/#organization\"},\"potentialAction\":[{\"@type\":\"SearchAction\",\"target\":{\"@type\":\"EntryPoint\",\"urlTemplate\":\"https:\/\/www.oasdi.ca\/vi\/?s={search_term_string}\"},\"query-input\":\"required name=search_term_string\"}],\"inLanguage\":\"vi-VN\"},{\"@type\":\"Organization\",\"@id\":\"https:\/\/www.oasdi.ca\/vi\/#organization\",\"name\":\"OASDI\",\"url\":\"https:\/\/www.oasdi.ca\/vi\/\",\"logo\":{\"@type\":\"ImageObject\",\"inLanguage\":\"vi-VN\",\"@id\":\"https:\/\/www.oasdi.ca\/vi\/#\/schema\/logo\/image\/\",\"url\":\"https:\/\/www.oasdi.ca\/wp-content\/uploads\/2020\/02\/cropped-oasdi-logo.png\",\"contentUrl\":\"https:\/\/www.oasdi.ca\/wp-content\/uploads\/2020\/02\/cropped-oasdi-logo.png\",\"width\":468,\"height\":96,\"caption\":\"OASDI\"},\"image\":{\"@id\":\"https:\/\/www.oasdi.ca\/vi\/#\/schema\/logo\/image\/\"}}]}<\/script>\n<!-- \/ Yoast SEO plugin. -->","yoast_head_json":{"title":"Th\u00f4ng Tin T\u00edn Ch\u1ec9 T\u01b0\u01a1ng \u0110\u01b0\u01a1ng| Gi\u00e1o D\u1ee5c \u1edf Ontario | OASI","description":"T\u00edn ch\u1ec9 t\u01b0\u01a1ng \u0111\u01b0\u01a1ng \u0111\u01b0\u1ee3c s\u1eed d\u1ee5ng \u1edf Ontario khi h\u1ecdc sinh \u0111\u00e3 h\u1ecdc t\u1ea1i c\u00e1c tr\u01b0\u1eddng \u1edf c\u00e1c t\u1ec9nh kh\u00e1c ho\u1eb7c qu\u1ed1c gia kh\u00e1c. T\u00ecm hi\u1ec3u v\u1ec1 t\u00edn ch\u1ec9 t\u01b0\u01a1ng \u0111\u01b0\u01a1ng \u1edf \u0111\u00e2y.","robots":{"index":"index","follow":"follow","max-snippet":"max-snippet:-1","max-image-preview":"max-image-preview:large","max-video-preview":"max-video-preview:-1"},"canonical":"https:\/\/www.oasdi.ca\/vi\/k-12-education-in-ontario\/graduation-requirements\/equivalency-credits\/","og_locale":"vi_VN","og_type":"article","og_title":"Th\u00f4ng Tin T\u00edn Ch\u1ec9 T\u01b0\u01a1ng \u0110\u01b0\u01a1ng| Gi\u00e1o D\u1ee5c \u1edf Ontario | OASI","og_description":"T\u00edn ch\u1ec9 t\u01b0\u01a1ng \u0111\u01b0\u01a1ng \u0111\u01b0\u1ee3c s\u1eed d\u1ee5ng \u1edf Ontario khi h\u1ecdc sinh \u0111\u00e3 h\u1ecdc t\u1ea1i c\u00e1c tr\u01b0\u1eddng \u1edf c\u00e1c t\u1ec9nh kh\u00e1c ho\u1eb7c qu\u1ed1c gia kh\u00e1c. T\u00ecm hi\u1ec3u v\u1ec1 t\u00edn ch\u1ec9 t\u01b0\u01a1ng \u0111\u01b0\u01a1ng \u1edf \u0111\u00e2y.","og_url":"https:\/\/www.oasdi.ca\/vi\/k-12-education-in-ontario\/graduation-requirements\/equivalency-credits\/","og_site_name":"OASDI","article_modified_time":"2020-04-25T14:17:38+00:00","og_image":[{"width":1440,"height":268,"url":"https:\/\/www.oasdi.ca\/wp-content\/uploads\/2020\/03\/oasdi-faq.jpg","type":"image\/jpeg"}],"twitter_card":"summary_large_image","twitter_misc":{"Est. reading time":"2 minutes"},"schema":{"@context":"https:\/\/schema.org","@graph":[{"@type":"WebPage","@id":"https:\/\/www.oasdi.ca\/vi\/k-12-education-in-ontario\/graduation-requirements\/equivalency-credits\/","url":"https:\/\/www.oasdi.ca\/vi\/k-12-education-in-ontario\/graduation-requirements\/equivalency-credits\/","name":"Th\u00f4ng Tin T\u00edn Ch\u1ec9 T\u01b0\u01a1ng \u0110\u01b0\u01a1ng| Gi\u00e1o D\u1ee5c \u1edf Ontario | OASI","isPartOf":{"@id":"https:\/\/www.oasdi.ca\/vi\/#website"},"datePublished":"2020-03-19T15:18:48+00:00","dateModified":"2020-04-25T14:17:38+00:00","description":"T\u00edn ch\u1ec9 t\u01b0\u01a1ng \u0111\u01b0\u01a1ng \u0111\u01b0\u1ee3c s\u1eed d\u1ee5ng \u1edf Ontario khi h\u1ecdc sinh \u0111\u00e3 h\u1ecdc t\u1ea1i c\u00e1c tr\u01b0\u1eddng \u1edf c\u00e1c t\u1ec9nh kh\u00e1c ho\u1eb7c qu\u1ed1c gia kh\u00e1c. T\u00ecm hi\u1ec3u v\u1ec1 t\u00edn ch\u1ec9 t\u01b0\u01a1ng \u0111\u01b0\u01a1ng \u1edf \u0111\u00e2y.","breadcrumb":{"@id":"https:\/\/www.oasdi.ca\/vi\/k-12-education-in-ontario\/graduation-requirements\/equivalency-credits\/#breadcrumb"},"inLanguage":"vi-VN","potentialAction":[{"@type":"ReadAction","target":["https:\/\/www.oasdi.ca\/vi\/k-12-education-in-ontario\/graduation-requirements\/equivalency-credits\/"]}]},{"@type":"BreadcrumbList","@id":"https:\/\/www.oasdi.ca\/vi\/k-12-education-in-ontario\/graduation-requirements\/equivalency-credits\/#breadcrumb","itemListElement":[{"@type":"ListItem","position":1,"name":"Trang Ch\u1ee7","item":"https:\/\/www.oasdi.ca\/vi\/"},{"@type":"ListItem","position":2,"name":"Gi\u00e1o D\u1ee5c H\u1ec7 K-12 \u1edf Ontario","item":"https:\/\/www.oasdi.ca\/vi\/k-12-education-in-ontario\/"},{"@type":"ListItem","position":3,"name":"Y\u00eau C\u1ea7u T\u1ed1t Nghi\u1ec7p \u1edf Ontario","item":"https:\/\/www.oasdi.ca\/vi\/k-12-education-in-ontario\/graduation-requirements\/"},{"@type":"ListItem","position":4,"name":"T\u00edn Ch\u1ec9 T\u01b0\u01a1ng \u0110\u01b0\u01a1ng \u1edf Ontario"}]},{"@type":"WebSite","@id":"https:\/\/www.oasdi.ca\/vi\/#website","url":"https:\/\/www.oasdi.ca\/vi\/","name":"OASDI","description":"Ontario Association of School District International","publisher":{"@id":"https:\/\/www.oasdi.ca\/vi\/#organization"},"potentialAction":[{"@type":"SearchAction","target":{"@type":"EntryPoint","urlTemplate":"https:\/\/www.oasdi.ca\/vi\/?s={search_term_string}"},"query-input":"required name=search_term_string"}],"inLanguage":"vi-VN"},{"@type":"Organization","@id":"https:\/\/www.oasdi.ca\/vi\/#organization","name":"OASDI","url":"https:\/\/www.oasdi.ca\/vi\/","logo":{"@type":"ImageObject","inLanguage":"vi-VN","@id":"https:\/\/www.oasdi.ca\/vi\/#\/schema\/logo\/image\/","url":"https:\/\/www.oasdi.ca\/wp-content\/uploads\/2020\/02\/cropped-oasdi-logo.png","contentUrl":"https:\/\/www.oasdi.ca\/wp-content\/uploads\/2020\/02\/cropped-oasdi-logo.png","width":468,"height":96,"caption":"OASDI"},"image":{"@id":"https:\/\/www.oasdi.ca\/vi\/#\/schema\/logo\/image\/"}}]}},"_links":{"self":[{"href":"https:\/\/www.oasdi.ca\/vi\/wp-json\/wp\/v2\/pages\/21632"}],"collection":[{"href":"https:\/\/www.oasdi.ca\/vi\/wp-json\/wp\/v2\/pages"}],"about":[{"href":"https:\/\/www.oasdi.ca\/vi\/wp-json\/wp\/v2\/types\/page"}],"author":[{"embeddable":true,"href":"https:\/\/www.oasdi.ca\/vi\/wp-json\/wp\/v2\/users\/237"}],"replies":[{"embeddable":true,"href":"https:\/\/www.oasdi.ca\/vi\/wp-json\/wp\/v2\/comments?post=21632"}],"version-history":[{"count":0,"href":"https:\/\/www.oasdi.ca\/vi\/wp-json\/wp\/v2\/pages\/21632\/revisions"}],"up":[{"embeddable":true,"href":"https:\/\/www.oasdi.ca\/vi\/wp-json\/wp\/v2\/pages\/20961"}],"wp:attachment":[{"href":"https:\/\/www.oasdi.ca\/vi\/wp-json\/wp\/v2\/media?parent=21632"}],"curies":[{"name":"wp","href":"https:\/\/api.w.org\/{rel}","templated":true}]}}