{"id":21260,"date":"2020-03-19T10:13:48","date_gmt":"2020-03-19T10:13:48","guid":{"rendered":"http:\/\/oasdi.ca\/ontario-school-districts\/faq\/"},"modified":"2020-04-24T00:42:03","modified_gmt":"2020-04-24T00:42:03","slug":"faq","status":"publish","type":"page","link":"https:\/\/www.oasdi.ca\/vi\/ontario-school-districts\/faq\/","title":{"rendered":"C\u00e2u H\u1ecfi Th\u01b0\u1eddng G\u1eb7p v\u1ec1 C\u00e1c H\u1ecdc Khu \u1edf Ontario"},"content":{"rendered":"<div id=\"pl-21260\"  class=\"panel-layout\" ><div id=\"pg-21260-0\"  class=\"panel-grid panel-no-style\" ><div id=\"pgc-21260-0-0\"  class=\"panel-grid-cell\" ><div id=\"panel-21260-0-0-0\" class=\"so-panel widget widget_sow-image panel-first-child panel-last-child\" data-index=\"0\" ><div class=\"is-featured-img panel-widget-style panel-widget-style-for-21260-0-0-0\" ><div\n\t\t\t\n\t\t\tclass=\"so-widget-sow-image so-widget-sow-image-default-c4f6304fc136-21260\"\n\t\t\t\n\t\t>\n\n<div class=\"sow-image-container\">\n\t\t<img loading=\"lazy\" decoding=\"async\" src=\"https:\/\/www.oasdi.ca\/wp-content\/uploads\/2020\/03\/oasdi-faq.jpg\" width=\"1440\" height=\"268\" srcset=\"https:\/\/www.oasdi.ca\/wp-content\/uploads\/2020\/03\/oasdi-faq.jpg 1440w, https:\/\/www.oasdi.ca\/wp-content\/uploads\/2020\/03\/oasdi-faq-250x47.jpg 250w, https:\/\/www.oasdi.ca\/wp-content\/uploads\/2020\/03\/oasdi-faq-700x130.jpg 700w, https:\/\/www.oasdi.ca\/wp-content\/uploads\/2020\/03\/oasdi-faq-768x143.jpg 768w, https:\/\/www.oasdi.ca\/wp-content\/uploads\/2020\/03\/oasdi-faq-120x22.jpg 120w\" sizes=\"(max-width: 1440px) 100vw, 1440px\" alt=\"\" \t\tclass=\"so-widget-image\"\/>\n\t<\/div>\n\n<\/div><\/div><\/div><\/div><\/div><div id=\"pg-21260-1\"  class=\"panel-grid panel-has-style\" ><div class=\"has-container panel-row-style panel-row-style-for-21260-1\" ><div id=\"pgc-21260-1-0\"  class=\"panel-grid-cell\" ><div id=\"panel-21260-1-0-0\" class=\"so-panel widget widget_hem-seo-title-widget panel-first-child panel-last-child\" data-index=\"1\" ><div class=\"panel-widget-style panel-widget-style-for-21260-1-0-0\" ><div\n\t\t\t\n\t\t\tclass=\"so-widget-hem-seo-title-widget so-widget-hem-seo-title-widget-hem-seo-title-widget-style-d75171398898-21260\"\n\t\t\t\n\t\t>\n<h1 style=\"font-size:px;\">C\u00e2u H\u1ecfi Th\u01b0\u1eddng G\u1eb7p v\u1ec1 C\u00e1c H\u1ecdc Khu \u1edf Ontario<\/h1>\n\n\n\n\t<!-- <div class=\"breadcrumb-trail\"><a href=\"index.php\">Home<\/a> \u00bb <span class=\"breadcrumb-current\">About<\/span><\/div> -->\n\t<div class=\"test1\"><span><span><a href=\"https:\/\/www.oasdi.ca\/vi\/\">Trang Ch\u1ee7<\/a><\/span><\/span><\/div>\n<\/div><\/div><\/div><\/div><\/div><\/div><div id=\"pg-21260-2\"  class=\"panel-grid panel-has-style\" ><div class=\"has-container panel-row-style panel-row-style-for-21260-2\" ><div id=\"pgc-21260-2-0\"  class=\"panel-grid-cell\" ><div id=\"panel-21260-2-0-0\" class=\"so-panel widget widget_hem-sidebar-menu-widget panel-first-child\" data-index=\"2\" ><div\n\t\t\t\n\t\t\tclass=\"so-widget-hem-sidebar-menu-widget so-widget-hem-sidebar-menu-widget-hem-sidebar-menu-widget-style-d75171398898-21260\"\n\t\t\t\n\t\t><div id=\"sidebar\">\n\t\t\t<ul id=\"side-menu\" class=\"side-menu menu-embedded\">\n\t\t\t\n\t\t\t\t\t\t\t\t\n\t\t\t\t\t\t\t\t\t\t\t<li><a href=\"https:\/\/www.oasdi.ca\/vi\/ontario-school-districts\/faq\/what-do-oasdi-mean\/\">What Does the OASDI Acronym Mean?<\/a><\/li>\n\t\t\t\t\t\t\t\t\t\t\t\t\t\n\t\t\t\t\t\t\t\t\t\t\t<li><a href=\"https:\/\/www.oasdi.ca\/vi\/ontario-school-districts\/faq\/find-school-information-ontario-districts\/\">How to Find Information about Individual Schools in Ontario<\/a><\/li>\n\t\t\t\t\t\t\t\t\t\t\t\t\t\n\t\t\t\t\t\t\t\t\t\t\t<li><a href=\"https:\/\/www.oasdi.ca\/vi\/ontario-school-districts\/faq\/public-education-for-international-students\/\">The Types of Public Education Available to International Students<\/a><\/li>\n\t\t\t\t\t\t\t\t\t\t\t\t\t\n\t\t\t\t\t\t\t\t\t\t\t<li><a href=\"https:\/\/www.oasdi.ca\/vi\/ontario-school-districts\/faq\/international-student-application-deadlines\/\">Application Deadlines for International Education in Ontario<\/a><\/li>\n\t\t\t\t\t\t\t\t\t\t\t\t\t\n\t\t\t\t\t\t\t\t\t\t\t<li><a href=\"https:\/\/www.oasdi.ca\/vi\/ontario-school-districts\/faq\/obtain-a-study-permit\/\">How to Obtain a Study Permit for International Education in Ontario<\/a><\/li>\n\t\t\t\t\t\t\t\t\t\t\t\t\t\n\t\t\t\t\t\t\t\t\t\t\t<li><a href=\"https:\/\/www.oasdi.ca\/vi\/ontario-school-districts\/faq\/tuition-costs\/\">Tuition Costs for International Students in Ontario<\/a><\/li>\n\t\t\t\t\t\t\t\t\t\t\t\t\t\n\t\t\t\t\t\t\t\t\t\t\t<li><a href=\"https:\/\/www.oasdi.ca\/vi\/ontario-school-districts\/faq\/living-in-homestay-cost\/\">Homestay Living Costs for International Students in Ontario<\/a><\/li>\n\t\t\t\t\t\t\t\t\t\t\t\t\t\n\t\t\t\t\t\t\t\t\t\t\t<li><a href=\"https:\/\/www.oasdi.ca\/vi\/ontario-school-districts\/faq\/health-and-dental-care\/\">Health Care and Dental Care<\/a><\/li>\n\t\t\t\t\t\t\t\t\t\t\n\n\t\t\t\t<!-- Extra menu -->\n\t\t\t\t\n\n\n\t\t\t\t\t<\/ul>\n\t\n\n<\/div><\/div><\/div><div id=\"panel-21260-2-0-1\" class=\"so-panel widget widget_hem-sidebar-link-widget panel-last-child\" data-index=\"3\" ><div\n\t\t\t\n\t\t\tclass=\"so-widget-hem-sidebar-link-widget so-widget-hem-sidebar-link-widget-hem-sidebar-link-widget-style-d75171398898-21260\"\n\t\t\t\n\t\t><div id=\"sidebar\" class=\"external-link-only\">\n\n\n\n\t\t\t\t<!-- Extra menu -->\n\t\t\t\t\t\t\t\t\t<ul id=\"side-menu\" class=\"side-menu menu-embedded\">\n\t\t\t\t\t\t\t\t\t\t\t\t\t\t\t\t\t\t\t\t\t<li><a  href=\"https:\/\/www.oasdi.ca\/map-search\/\">Map Overview<\/a><\/li>\n\t\t\t\t\t\t\t\t\t\t\t\t\t\t\n\t\t\t\t\t\t\t\t\t\t\t\t\t\t\t\t\t\t\t\t\t<li><a  href=\"https:\/\/www.oasdi.ca\/district-list\/\">District List<\/a><\/li>\n\t\t\t\t\t\t\t\t\t\t\t\t\t\t\n\t\t\t\t\t\t\t\n\t\t\t\t\t<\/ul>\n\t\t\t\t\n\t\t\t\t\n\n\n\n\n<\/div><\/div><\/div><\/div><div id=\"pgc-21260-2-1\"  class=\"panel-grid-cell\" ><div class=\"pl-sm-3 pl-md-5 panel-cell-style panel-cell-style-for-21260-2-1\" ><div id=\"panel-21260-2-1-0\" class=\"so-panel widget widget_hem-seo-title-widget panel-first-child\" data-index=\"4\" ><div\n\t\t\t\n\t\t\tclass=\"so-widget-hem-seo-title-widget so-widget-hem-seo-title-widget-hem-seo-title-widget-style-d75171398898-21260\"\n\t\t\t\n\t\t>\n<h3 style=\"font-size:px;\">What about health care and dental care?<\/h3>\n\n\n\n<\/div><\/div><div id=\"panel-21260-2-1-1\" class=\"so-panel widget widget_sow-editor\" data-index=\"5\" ><div\n\t\t\t\n\t\t\tclass=\"so-widget-sow-editor so-widget-sow-editor-base\"\n\t\t\t\n\t\t>\n<div class=\"siteorigin-widget-tinymce textwidget\">\n\t<p><a href=\"\/vi\/ontario-school-districts\/faq\/health-and-dental-care\/\">This insurance is mandatory for international students. Contact the individual school district for more information.<\/a><\/p>\n<\/div>\n<\/div><\/div><div id=\"panel-21260-2-1-2\" class=\"so-panel widget widget_hem-seperator-widget\" data-index=\"6\" ><div\n\t\t\t\n\t\t\tclass=\"so-widget-hem-seperator-widget so-widget-hem-seperator-widget-hem-seperator-widget-style-d75171398898-21260\"\n\t\t\t\n\t\t>\n<div class=\"widget-seperator\" style=\"margin-top:20px;margin-bottom:20px;border-bottom:1px solid;width:100%;opacity:0.2\"><\/div><\/div><\/div><div id=\"panel-21260-2-1-3\" class=\"so-panel widget widget_hem-seo-title-widget\" data-index=\"7\" ><div\n\t\t\t\n\t\t\tclass=\"so-widget-hem-seo-title-widget so-widget-hem-seo-title-widget-hem-seo-title-widget-style-d75171398898-21260\"\n\t\t\t\n\t\t>\n<h3 style=\"font-size:px;\">How much does living in homestay cost?<\/h3>\n\n\n\n<\/div><\/div><div id=\"panel-21260-2-1-4\" class=\"so-panel widget widget_sow-editor\" data-index=\"8\" ><div\n\t\t\t\n\t\t\tclass=\"so-widget-sow-editor so-widget-sow-editor-base\"\n\t\t\t\n\t\t>\n<div class=\"siteorigin-widget-tinymce textwidget\">\n\t<p><a href=\"\/vi\/ontario-school-districts\/faq\/living-in-homestay-cost\/\">Each OASDI School District establishes its own homestay arrangements. Fees vary with each school district or provider. Consult the individual OASDI School District\u2019s website.<\/a><\/p>\n<\/div>\n<\/div><\/div><div id=\"panel-21260-2-1-5\" class=\"so-panel widget widget_hem-seperator-widget\" data-index=\"9\" ><div\n\t\t\t\n\t\t\tclass=\"so-widget-hem-seperator-widget so-widget-hem-seperator-widget-hem-seperator-widget-style-d75171398898-21260\"\n\t\t\t\n\t\t>\n<div class=\"widget-seperator\" style=\"margin-top:20px;margin-bottom:20px;border-bottom:1px solid;width:100%;opacity:0.2\"><\/div><\/div><\/div><div id=\"panel-21260-2-1-6\" class=\"so-panel widget widget_hem-seo-title-widget\" data-index=\"10\" ><div\n\t\t\t\n\t\t\tclass=\"so-widget-hem-seo-title-widget so-widget-hem-seo-title-widget-hem-seo-title-widget-style-d75171398898-21260\"\n\t\t\t\n\t\t>\n<h3 style=\"font-size:px;\">What are the tuition costs?<\/h3>\n\n\n\n<\/div><\/div><div id=\"panel-21260-2-1-7\" class=\"so-panel widget widget_sow-editor\" data-index=\"11\" ><div\n\t\t\t\n\t\t\tclass=\"so-widget-sow-editor so-widget-sow-editor-base\"\n\t\t\t\n\t\t>\n<div class=\"siteorigin-widget-tinymce textwidget\">\n\t<p><a href=\"\/vi\/ontario-school-districts\/faq\/tuition-costs\/\">Each OASDI School District determines its own tuition fees. Consult the individual OASDI School District website.<\/a><\/p>\n<\/div>\n<\/div><\/div><div id=\"panel-21260-2-1-8\" class=\"so-panel widget widget_hem-seperator-widget\" data-index=\"12\" ><div\n\t\t\t\n\t\t\tclass=\"so-widget-hem-seperator-widget so-widget-hem-seperator-widget-hem-seperator-widget-style-d75171398898-21260\"\n\t\t\t\n\t\t>\n<div class=\"widget-seperator\" style=\"margin-top:20px;margin-bottom:20px;border-bottom:1px solid;width:100%;opacity:0.2\"><\/div><\/div><\/div><div id=\"panel-21260-2-1-9\" class=\"so-panel widget widget_hem-seo-title-widget\" data-index=\"13\" ><div\n\t\t\t\n\t\t\tclass=\"so-widget-hem-seo-title-widget so-widget-hem-seo-title-widget-hem-seo-title-widget-style-d75171398898-21260\"\n\t\t\t\n\t\t>\n<h3 style=\"font-size:px;\">How do I obtain a Study Permit?<\/h3>\n\n\n\n<\/div><\/div><div id=\"panel-21260-2-1-10\" class=\"so-panel widget widget_sow-editor\" data-index=\"14\" ><div\n\t\t\t\n\t\t\tclass=\"so-widget-sow-editor so-widget-sow-editor-base\"\n\t\t\t\n\t\t>\n<div class=\"siteorigin-widget-tinymce textwidget\">\n\t<p><a href=\"\/vi\/ontario-school-districts\/faq\/obtain-a-study-permit\/\">Consult the individual OASDI School District website. English Districts French Districts<\/a><\/p>\n<\/div>\n<\/div><\/div><div id=\"panel-21260-2-1-11\" class=\"so-panel widget widget_hem-seperator-widget\" data-index=\"15\" ><div\n\t\t\t\n\t\t\tclass=\"so-widget-hem-seperator-widget so-widget-hem-seperator-widget-hem-seperator-widget-style-d75171398898-21260\"\n\t\t\t\n\t\t>\n<div class=\"widget-seperator\" style=\"margin-top:20px;margin-bottom:20px;border-bottom:1px solid;width:100%;opacity:0.2\"><\/div><\/div><\/div><div id=\"panel-21260-2-1-12\" class=\"so-panel widget widget_hem-seo-title-widget\" data-index=\"16\" ><div\n\t\t\t\n\t\t\tclass=\"so-widget-hem-seo-title-widget so-widget-hem-seo-title-widget-hem-seo-title-widget-style-d75171398898-21260\"\n\t\t\t\n\t\t>\n<h3 style=\"font-size:px;\">When does an international student need to apply?<\/h3>\n\n\n\n<\/div><\/div><div id=\"panel-21260-2-1-13\" class=\"so-panel widget widget_sow-editor\" data-index=\"17\" ><div\n\t\t\t\n\t\t\tclass=\"so-widget-sow-editor so-widget-sow-editor-base\"\n\t\t\t\n\t\t>\n<div class=\"siteorigin-widget-tinymce textwidget\">\n\t<p><a href=\"\/vi\/ontario-school-districts\/faq\/international-student-application-deadlines\/\">Each OASDI school board will have individual deadlines and documentation requirements; therefore, it is very important to consult the individual school district\u2019s website for specific details.<\/a><\/p>\n<\/div>\n<\/div><\/div><div id=\"panel-21260-2-1-14\" class=\"so-panel widget widget_hem-seperator-widget\" data-index=\"18\" ><div\n\t\t\t\n\t\t\tclass=\"so-widget-hem-seperator-widget so-widget-hem-seperator-widget-hem-seperator-widget-style-d75171398898-21260\"\n\t\t\t\n\t\t>\n<div class=\"widget-seperator\" style=\"margin-top:20px;margin-bottom:20px;border-bottom:1px solid;width:100%;opacity:0.2\"><\/div><\/div><\/div><div id=\"panel-21260-2-1-15\" class=\"so-panel widget widget_hem-seo-title-widget\" data-index=\"19\" ><div\n\t\t\t\n\t\t\tclass=\"so-widget-hem-seo-title-widget so-widget-hem-seo-title-widget-hem-seo-title-widget-style-d75171398898-21260\"\n\t\t\t\n\t\t>\n<h3 style=\"font-size:px;\">What different kinds of public education are available to international students?<\/h3>\n\n\n\n<\/div><\/div><div id=\"panel-21260-2-1-16\" class=\"so-panel widget widget_sow-editor\" data-index=\"20\" ><div\n\t\t\t\n\t\t\tclass=\"so-widget-sow-editor so-widget-sow-editor-base\"\n\t\t\t\n\t\t>\n<div class=\"siteorigin-widget-tinymce textwidget\">\n\t<p><a href=\"\/vi\/ontario-school-districts\/faq\/public-education-for-international-students\/\">Learn more about our Public Education.<\/a><\/p>\n<\/div>\n<\/div><\/div><div id=\"panel-21260-2-1-17\" class=\"so-panel widget widget_hem-seperator-widget\" data-index=\"21\" ><div\n\t\t\t\n\t\t\tclass=\"so-widget-hem-seperator-widget so-widget-hem-seperator-widget-hem-seperator-widget-style-d75171398898-21260\"\n\t\t\t\n\t\t>\n<div class=\"widget-seperator\" style=\"margin-top:20px;margin-bottom:20px;border-bottom:1px solid;width:100%;opacity:0.2\"><\/div><\/div><\/div><div id=\"panel-21260-2-1-18\" class=\"so-panel widget widget_hem-seo-title-widget\" data-index=\"22\" ><div\n\t\t\t\n\t\t\tclass=\"so-widget-hem-seo-title-widget so-widget-hem-seo-title-widget-hem-seo-title-widget-style-d75171398898-21260\"\n\t\t\t\n\t\t>\n<h3 style=\"font-size:px;\">How do I find information about a particular school in an Ontario school district?<\/h3>\n\n\n\n<\/div><\/div><div id=\"panel-21260-2-1-19\" class=\"so-panel widget widget_sow-editor\" data-index=\"23\" ><div\n\t\t\t\n\t\t\tclass=\"so-widget-sow-editor so-widget-sow-editor-base\"\n\t\t\t\n\t\t>\n<div class=\"siteorigin-widget-tinymce textwidget\">\n\t<p><a href=\"\/vi\/ontario-school-districts\/faq\/find-school-information-ontario-districts\/\">Read about our Districts here<\/a><\/p>\n<\/div>\n<\/div><\/div><div id=\"panel-21260-2-1-20\" class=\"so-panel widget widget_hem-seperator-widget\" data-index=\"24\" ><div\n\t\t\t\n\t\t\tclass=\"so-widget-hem-seperator-widget so-widget-hem-seperator-widget-hem-seperator-widget-style-d75171398898-21260\"\n\t\t\t\n\t\t>\n<div class=\"widget-seperator\" style=\"margin-top:20px;margin-bottom:20px;border-bottom:1px solid;width:100%;opacity:0.2\"><\/div><\/div><\/div><div id=\"panel-21260-2-1-21\" class=\"so-panel widget widget_hem-seo-title-widget\" data-index=\"25\" ><div\n\t\t\t\n\t\t\tclass=\"so-widget-hem-seo-title-widget so-widget-hem-seo-title-widget-hem-seo-title-widget-style-d75171398898-21260\"\n\t\t\t\n\t\t>\n<h3 style=\"font-size:px;\">What do the initials OASDI mean?<\/h3>\n\n\n\n<\/div><\/div><div id=\"panel-21260-2-1-22\" class=\"so-panel widget widget_sow-editor panel-last-child\" data-index=\"26\" ><div\n\t\t\t\n\t\t\tclass=\"so-widget-sow-editor so-widget-sow-editor-base\"\n\t\t\t\n\t\t>\n<div class=\"siteorigin-widget-tinymce textwidget\">\n\t<p>OASDI is an acronym for the\u00a0<a href=\"\/vi\/ontario-school-districts\/faq\/what-do-oasdi-mean\/\"><strong>Ontario Association of School Districts International<\/strong><\/a>, which represents many public school boards in the Canadian province of Ontario that host international students from kindergarten to Grade 12 (K-12).<\/p>\n<\/div>\n<\/div><\/div><\/div><\/div><\/div><\/div><\/div>","protected":false},"excerpt":{"rendered":"C\u00e2u H\u1ecfi Th\u01b0\u1eddng G\u1eb7p v\u1ec1 C\u00e1c H\u1ecdc Khu \u1edf Ontario Trang Ch\u1ee7 What Does the OASDI Acronym Mean? How to Find Information about Individual Schools in Ontario The Types of Public Education Available to International Students Application Deadlines for International Education in Ontario How to Obtain a Study Permit for International Education in Ontario Tuition&#8230; <a class=\"view-article\" href=\"https:\/\/www.oasdi.ca\/vi\/ontario-school-districts\/faq\/\">View Article<\/a>","protected":false},"author":237,"featured_media":17903,"parent":21211,"menu_order":582,"comment_status":"closed","ping_status":"closed","template":"","meta":{"footnotes":""},"class_list":["post-21260","page","type-page","status-publish","has-post-thumbnail","hentry"],"yoast_head":"<!-- This site is optimized with the Yoast SEO plugin v21.5 - https:\/\/yoast.com\/wordpress\/plugins\/seo\/ -->\n<title>C\u00e2u H\u1ecfi Th\u01b0\u1eddng G\u1eb7p v\u1ec1 C\u00e1c H\u1ecdc Khu | OASDI<\/title>\n<meta name=\"description\" content=\"B\u1ea1n quan t\u00e2m \u0111\u1ebfn vi\u1ec7c h\u1ecdc t\u1eadp \u1edf Ontario cho h\u1ecdc sinh qu\u1ed1c t\u1ebf? H\u00e3y truy c\u1eadp trang H\u1ecfi \u0110\u00e1p \u0111\u1ec3 t\u00ecm c\u00e2u tr\u1ea3 l\u1eddi cho c\u00e1c c\u00e2u h\u1ecfi th\u01b0\u1eddng g\u1eb7p nh\u1ea5t v\u1ec1 H\u1ecdc Khu Ontario.\" \/>\n<meta name=\"robots\" content=\"index, follow, max-snippet:-1, max-image-preview:large, max-video-preview:-1\" \/>\n<link rel=\"canonical\" href=\"https:\/\/www.oasdi.ca\/vi\/ontario-school-districts\/faq\/\" \/>\n<meta property=\"og:locale\" content=\"vi_VN\" \/>\n<meta property=\"og:type\" content=\"article\" \/>\n<meta property=\"og:title\" content=\"C\u00e2u H\u1ecfi Th\u01b0\u1eddng G\u1eb7p v\u1ec1 C\u00e1c H\u1ecdc Khu | OASDI\" \/>\n<meta property=\"og:description\" content=\"B\u1ea1n quan t\u00e2m \u0111\u1ebfn vi\u1ec7c h\u1ecdc t\u1eadp \u1edf Ontario cho h\u1ecdc sinh qu\u1ed1c t\u1ebf? H\u00e3y truy c\u1eadp trang H\u1ecfi \u0110\u00e1p \u0111\u1ec3 t\u00ecm c\u00e2u tr\u1ea3 l\u1eddi cho c\u00e1c c\u00e2u h\u1ecfi th\u01b0\u1eddng g\u1eb7p nh\u1ea5t v\u1ec1 H\u1ecdc Khu Ontario.\" \/>\n<meta property=\"og:url\" content=\"https:\/\/www.oasdi.ca\/vi\/ontario-school-districts\/faq\/\" \/>\n<meta property=\"og:site_name\" content=\"OASDI\" \/>\n<meta property=\"article:modified_time\" content=\"2020-04-24T00:42:03+00:00\" \/>\n<meta property=\"og:image\" content=\"https:\/\/www.oasdi.ca\/wp-content\/uploads\/2020\/03\/oasdi-faq.jpg\" \/>\n\t<meta property=\"og:image:width\" content=\"1440\" \/>\n\t<meta property=\"og:image:height\" content=\"268\" \/>\n\t<meta property=\"og:image:type\" content=\"image\/jpeg\" \/>\n<meta name=\"twitter:card\" content=\"summary_large_image\" \/>\n<meta name=\"twitter:label1\" content=\"Est. reading time\" \/>\n\t<meta name=\"twitter:data1\" content=\"2 minutes\" \/>\n<script type=\"application\/ld+json\" class=\"yoast-schema-graph\">{\"@context\":\"https:\/\/schema.org\",\"@graph\":[{\"@type\":\"WebPage\",\"@id\":\"https:\/\/www.oasdi.ca\/vi\/ontario-school-districts\/faq\/\",\"url\":\"https:\/\/www.oasdi.ca\/vi\/ontario-school-districts\/faq\/\",\"name\":\"C\u00e2u H\u1ecfi Th\u01b0\u1eddng G\u1eb7p v\u1ec1 C\u00e1c H\u1ecdc Khu | OASDI\",\"isPartOf\":{\"@id\":\"https:\/\/www.oasdi.ca\/vi\/#website\"},\"datePublished\":\"2020-03-19T10:13:48+00:00\",\"dateModified\":\"2020-04-24T00:42:03+00:00\",\"description\":\"B\u1ea1n quan t\u00e2m \u0111\u1ebfn vi\u1ec7c h\u1ecdc t\u1eadp \u1edf Ontario cho h\u1ecdc sinh qu\u1ed1c t\u1ebf? H\u00e3y truy c\u1eadp trang H\u1ecfi \u0110\u00e1p \u0111\u1ec3 t\u00ecm c\u00e2u tr\u1ea3 l\u1eddi cho c\u00e1c c\u00e2u h\u1ecfi th\u01b0\u1eddng g\u1eb7p nh\u1ea5t v\u1ec1 H\u1ecdc Khu Ontario.\",\"breadcrumb\":{\"@id\":\"https:\/\/www.oasdi.ca\/vi\/ontario-school-districts\/faq\/#breadcrumb\"},\"inLanguage\":\"vi-VN\",\"potentialAction\":[{\"@type\":\"ReadAction\",\"target\":[\"https:\/\/www.oasdi.ca\/vi\/ontario-school-districts\/faq\/\"]}]},{\"@type\":\"BreadcrumbList\",\"@id\":\"https:\/\/www.oasdi.ca\/vi\/ontario-school-districts\/faq\/#breadcrumb\",\"itemListElement\":[{\"@type\":\"ListItem\",\"position\":1,\"name\":\"Trang Ch\u1ee7\",\"item\":\"https:\/\/www.oasdi.ca\/vi\/\"},{\"@type\":\"ListItem\",\"position\":2,\"name\":\"Gi\u1edbi Thi\u1ec7u v\u1ec1 C\u00e1c H\u1ecdc Khu \u1edf Ontario\",\"item\":\"https:\/\/www.oasdi.ca\/vi\/ontario-school-districts\/\"},{\"@type\":\"ListItem\",\"position\":3,\"name\":\"C\u00e2u H\u1ecfi Th\u01b0\u1eddng G\u1eb7p v\u1ec1 C\u00e1c H\u1ecdc Khu \u1edf Ontario\"}]},{\"@type\":\"WebSite\",\"@id\":\"https:\/\/www.oasdi.ca\/vi\/#website\",\"url\":\"https:\/\/www.oasdi.ca\/vi\/\",\"name\":\"OASDI\",\"description\":\"Ontario Association of School District International\",\"publisher\":{\"@id\":\"https:\/\/www.oasdi.ca\/vi\/#organization\"},\"potentialAction\":[{\"@type\":\"SearchAction\",\"target\":{\"@type\":\"EntryPoint\",\"urlTemplate\":\"https:\/\/www.oasdi.ca\/vi\/?s={search_term_string}\"},\"query-input\":\"required name=search_term_string\"}],\"inLanguage\":\"vi-VN\"},{\"@type\":\"Organization\",\"@id\":\"https:\/\/www.oasdi.ca\/vi\/#organization\",\"name\":\"OASDI\",\"url\":\"https:\/\/www.oasdi.ca\/vi\/\",\"logo\":{\"@type\":\"ImageObject\",\"inLanguage\":\"vi-VN\",\"@id\":\"https:\/\/www.oasdi.ca\/vi\/#\/schema\/logo\/image\/\",\"url\":\"https:\/\/www.oasdi.ca\/wp-content\/uploads\/2020\/02\/cropped-oasdi-logo.png\",\"contentUrl\":\"https:\/\/www.oasdi.ca\/wp-content\/uploads\/2020\/02\/cropped-oasdi-logo.png\",\"width\":468,\"height\":96,\"caption\":\"OASDI\"},\"image\":{\"@id\":\"https:\/\/www.oasdi.ca\/vi\/#\/schema\/logo\/image\/\"}}]}<\/script>\n<!-- \/ Yoast SEO plugin. -->","yoast_head_json":{"title":"C\u00e2u H\u1ecfi Th\u01b0\u1eddng G\u1eb7p v\u1ec1 C\u00e1c H\u1ecdc Khu | OASDI","description":"B\u1ea1n quan t\u00e2m \u0111\u1ebfn vi\u1ec7c h\u1ecdc t\u1eadp \u1edf Ontario cho h\u1ecdc sinh qu\u1ed1c t\u1ebf? H\u00e3y truy c\u1eadp trang H\u1ecfi \u0110\u00e1p \u0111\u1ec3 t\u00ecm c\u00e2u tr\u1ea3 l\u1eddi cho c\u00e1c c\u00e2u h\u1ecfi th\u01b0\u1eddng g\u1eb7p nh\u1ea5t v\u1ec1 H\u1ecdc Khu Ontario.","robots":{"index":"index","follow":"follow","max-snippet":"max-snippet:-1","max-image-preview":"max-image-preview:large","max-video-preview":"max-video-preview:-1"},"canonical":"https:\/\/www.oasdi.ca\/vi\/ontario-school-districts\/faq\/","og_locale":"vi_VN","og_type":"article","og_title":"C\u00e2u H\u1ecfi Th\u01b0\u1eddng G\u1eb7p v\u1ec1 C\u00e1c H\u1ecdc Khu | OASDI","og_description":"B\u1ea1n quan t\u00e2m \u0111\u1ebfn vi\u1ec7c h\u1ecdc t\u1eadp \u1edf Ontario cho h\u1ecdc sinh qu\u1ed1c t\u1ebf? H\u00e3y truy c\u1eadp trang H\u1ecfi \u0110\u00e1p \u0111\u1ec3 t\u00ecm c\u00e2u tr\u1ea3 l\u1eddi cho c\u00e1c c\u00e2u h\u1ecfi th\u01b0\u1eddng g\u1eb7p nh\u1ea5t v\u1ec1 H\u1ecdc Khu Ontario.","og_url":"https:\/\/www.oasdi.ca\/vi\/ontario-school-districts\/faq\/","og_site_name":"OASDI","article_modified_time":"2020-04-24T00:42:03+00:00","og_image":[{"width":1440,"height":268,"url":"https:\/\/www.oasdi.ca\/wp-content\/uploads\/2020\/03\/oasdi-faq.jpg","type":"image\/jpeg"}],"twitter_card":"summary_large_image","twitter_misc":{"Est. reading time":"2 minutes"},"schema":{"@context":"https:\/\/schema.org","@graph":[{"@type":"WebPage","@id":"https:\/\/www.oasdi.ca\/vi\/ontario-school-districts\/faq\/","url":"https:\/\/www.oasdi.ca\/vi\/ontario-school-districts\/faq\/","name":"C\u00e2u H\u1ecfi Th\u01b0\u1eddng G\u1eb7p v\u1ec1 C\u00e1c H\u1ecdc Khu | OASDI","isPartOf":{"@id":"https:\/\/www.oasdi.ca\/vi\/#website"},"datePublished":"2020-03-19T10:13:48+00:00","dateModified":"2020-04-24T00:42:03+00:00","description":"B\u1ea1n quan t\u00e2m \u0111\u1ebfn vi\u1ec7c h\u1ecdc t\u1eadp \u1edf Ontario cho h\u1ecdc sinh qu\u1ed1c t\u1ebf? H\u00e3y truy c\u1eadp trang H\u1ecfi \u0110\u00e1p \u0111\u1ec3 t\u00ecm c\u00e2u tr\u1ea3 l\u1eddi cho c\u00e1c c\u00e2u h\u1ecfi th\u01b0\u1eddng g\u1eb7p nh\u1ea5t v\u1ec1 H\u1ecdc Khu Ontario.","breadcrumb":{"@id":"https:\/\/www.oasdi.ca\/vi\/ontario-school-districts\/faq\/#breadcrumb"},"inLanguage":"vi-VN","potentialAction":[{"@type":"ReadAction","target":["https:\/\/www.oasdi.ca\/vi\/ontario-school-districts\/faq\/"]}]},{"@type":"BreadcrumbList","@id":"https:\/\/www.oasdi.ca\/vi\/ontario-school-districts\/faq\/#breadcrumb","itemListElement":[{"@type":"ListItem","position":1,"name":"Trang Ch\u1ee7","item":"https:\/\/www.oasdi.ca\/vi\/"},{"@type":"ListItem","position":2,"name":"Gi\u1edbi Thi\u1ec7u v\u1ec1 C\u00e1c H\u1ecdc Khu \u1edf Ontario","item":"https:\/\/www.oasdi.ca\/vi\/ontario-school-districts\/"},{"@type":"ListItem","position":3,"name":"C\u00e2u H\u1ecfi Th\u01b0\u1eddng G\u1eb7p v\u1ec1 C\u00e1c H\u1ecdc Khu \u1edf Ontario"}]},{"@type":"WebSite","@id":"https:\/\/www.oasdi.ca\/vi\/#website","url":"https:\/\/www.oasdi.ca\/vi\/","name":"OASDI","description":"Ontario Association of School District International","publisher":{"@id":"https:\/\/www.oasdi.ca\/vi\/#organization"},"potentialAction":[{"@type":"SearchAction","target":{"@type":"EntryPoint","urlTemplate":"https:\/\/www.oasdi.ca\/vi\/?s={search_term_string}"},"query-input":"required name=search_term_string"}],"inLanguage":"vi-VN"},{"@type":"Organization","@id":"https:\/\/www.oasdi.ca\/vi\/#organization","name":"OASDI","url":"https:\/\/www.oasdi.ca\/vi\/","logo":{"@type":"ImageObject","inLanguage":"vi-VN","@id":"https:\/\/www.oasdi.ca\/vi\/#\/schema\/logo\/image\/","url":"https:\/\/www.oasdi.ca\/wp-content\/uploads\/2020\/02\/cropped-oasdi-logo.png","contentUrl":"https:\/\/www.oasdi.ca\/wp-content\/uploads\/2020\/02\/cropped-oasdi-logo.png","width":468,"height":96,"caption":"OASDI"},"image":{"@id":"https:\/\/www.oasdi.ca\/vi\/#\/schema\/logo\/image\/"}}]}},"_links":{"self":[{"href":"https:\/\/www.oasdi.ca\/vi\/wp-json\/wp\/v2\/pages\/21260"}],"collection":[{"href":"https:\/\/www.oasdi.ca\/vi\/wp-json\/wp\/v2\/pages"}],"about":[{"href":"https:\/\/www.oasdi.ca\/vi\/wp-json\/wp\/v2\/types\/page"}],"author":[{"embeddable":true,"href":"https:\/\/www.oasdi.ca\/vi\/wp-json\/wp\/v2\/users\/237"}],"replies":[{"embeddable":true,"href":"https:\/\/www.oasdi.ca\/vi\/wp-json\/wp\/v2\/comments?post=21260"}],"version-history":[{"count":0,"href":"https:\/\/www.oasdi.ca\/vi\/wp-json\/wp\/v2\/pages\/21260\/revisions"}],"up":[{"embeddable":true,"href":"https:\/\/www.oasdi.ca\/vi\/wp-json\/wp\/v2\/pages\/21211"}],"wp:featuredmedia":[{"embeddable":true,"href":"https:\/\/www.oasdi.ca\/vi\/wp-json\/wp\/v2\/media\/17903"}],"wp:attachment":[{"href":"https:\/\/www.oasdi.ca\/vi\/wp-json\/wp\/v2\/media?parent=21260"}],"curies":[{"name":"wp","href":"https:\/\/api.w.org\/{rel}","templated":true}]}}