{"id":21025,"date":"2020-03-19T16:00:38","date_gmt":"2020-03-19T16:00:38","guid":{"rendered":"http:\/\/oasdi.ca\/k-12-education-in-ontario\/faq\/"},"modified":"2020-04-23T14:00:39","modified_gmt":"2020-04-23T14:00:39","slug":"faq","status":"publish","type":"page","link":"https:\/\/www.oasdi.ca\/vi\/k-12-education-in-ontario\/faq\/","title":{"rendered":"C\u00e2u H\u1ecfi Th\u01b0\u1eddng G\u1eb7p v\u1ec1 Gi\u00e1o D\u1ee5c H\u1ec7 K-12 \u1edf Ontario"},"content":{"rendered":"<div id=\"pl-21025\"  class=\"panel-layout\" ><div id=\"pg-21025-0\"  class=\"panel-grid panel-no-style\" ><div id=\"pgc-21025-0-0\"  class=\"panel-grid-cell\" ><div id=\"panel-21025-0-0-0\" class=\"so-panel widget widget_sow-image panel-first-child panel-last-child\" data-index=\"0\" ><div\n\t\t\t\n\t\t\tclass=\"so-widget-sow-image so-widget-sow-image-default-c4f6304fc136-21025\"\n\t\t\t\n\t\t>\n\n<div class=\"sow-image-container\">\n\t\t<img loading=\"lazy\" decoding=\"async\" src=\"https:\/\/www.oasdi.ca\/wp-content\/uploads\/2020\/03\/oasdi-faq.jpg\" width=\"1440\" height=\"268\" srcset=\"https:\/\/www.oasdi.ca\/wp-content\/uploads\/2020\/03\/oasdi-faq.jpg 1440w, https:\/\/www.oasdi.ca\/wp-content\/uploads\/2020\/03\/oasdi-faq-250x47.jpg 250w, https:\/\/www.oasdi.ca\/wp-content\/uploads\/2020\/03\/oasdi-faq-700x130.jpg 700w, https:\/\/www.oasdi.ca\/wp-content\/uploads\/2020\/03\/oasdi-faq-768x143.jpg 768w, https:\/\/www.oasdi.ca\/wp-content\/uploads\/2020\/03\/oasdi-faq-120x22.jpg 120w\" sizes=\"(max-width: 1440px) 100vw, 1440px\" alt=\"\" \t\tclass=\"so-widget-image\"\/>\n\t<\/div>\n\n<\/div><\/div><\/div><\/div><div id=\"pg-21025-1\"  class=\"panel-grid panel-has-style\" ><div class=\"has-container panel-row-style panel-row-style-for-21025-1\" ><div id=\"pgc-21025-1-0\"  class=\"panel-grid-cell\" ><div id=\"panel-21025-1-0-0\" class=\"so-panel widget widget_hem-seo-title-widget panel-first-child panel-last-child\" data-index=\"1\" ><div\n\t\t\t\n\t\t\tclass=\"so-widget-hem-seo-title-widget so-widget-hem-seo-title-widget-hem-seo-title-widget-style-d75171398898-21025\"\n\t\t\t\n\t\t>\n<h1 style=\"font-size:px;\">C\u00e2u H\u1ecfi Th\u01b0\u1eddng G\u1eb7p v\u1ec1 Gi\u00e1o D\u1ee5c H\u1ec7 K-12 \u1edf Ontario<\/h1>\n\n\n\n\t<!-- <div class=\"breadcrumb-trail\"><a href=\"index.php\">Home<\/a> \u00bb <span class=\"breadcrumb-current\">About<\/span><\/div> -->\n\t<div class=\"test1\"><span><span><a href=\"https:\/\/www.oasdi.ca\/vi\/\">Trang Ch\u1ee7<\/a><\/span><\/span><\/div>\n<\/div><\/div><\/div><\/div><\/div><div id=\"pg-21025-2\"  class=\"panel-grid panel-has-style\" ><div class=\"has-container panel-row-style panel-row-style-for-21025-2\" ><div id=\"pgc-21025-2-0\"  class=\"panel-grid-cell\" ><div id=\"panel-21025-2-0-0\" class=\"so-panel widget widget_hem-sidebar-menu-widget panel-first-child panel-last-child\" data-index=\"2\" ><div\n\t\t\t\n\t\t\tclass=\"so-widget-hem-sidebar-menu-widget so-widget-hem-sidebar-menu-widget-hem-sidebar-menu-widget-style-d75171398898-21025\"\n\t\t\t\n\t\t><div id=\"sidebar\">\n\t\t\t<ul id=\"side-menu\" class=\"side-menu menu-embedded\">\n\t\t\t\n\t\t\t\t\t\t\t\t\n\t\t\t\t\t\t\t\t\t\t\t<li><a href=\"https:\/\/www.oasdi.ca\/vi\/k-12-education-in-ontario\/faq\/students-age-and-grade-levels\/\">How Do Student Ages and Grade Levels Match in Ontario?<\/a><\/li>\n\t\t\t\t\t\t\t\t\t\t\t\t\t\n\t\t\t\t\t\t\t\t\t\t\t<li><a href=\"https:\/\/www.oasdi.ca\/vi\/k-12-education-in-ontario\/faq\/ontario-curriculum\/\">Where Can I Learn More About the Ontario Curriculum?<\/a><\/li>\n\t\t\t\t\t\t\t\t\t\t\t\t\t\n\t\t\t\t\t\t\t\t\t\t\t<li><a href=\"https:\/\/www.oasdi.ca\/vi\/k-12-education-in-ontario\/faq\/graduation-requirements\/\">What Are the Graduation Requirements in Ontario?<\/a><\/li>\n\t\t\t\t\t\t\t\t\t\t\t\t\t\n\t\t\t\t\t\t\t\t\t\t\t<li><a href=\"https:\/\/www.oasdi.ca\/vi\/k-12-education-in-ontario\/faq\/equivalency-credits-from-other-countries\/\">How Are Equivalency Credits Determined in Ontario?<\/a><\/li>\n\t\t\t\t\t\t\t\t\t\t\t\t\t\n\t\t\t\t\t\t\t\t\t\t\t<li><a href=\"https:\/\/www.oasdi.ca\/vi\/k-12-education-in-ontario\/faq\/how-are-international-students-evaluated\/\">How Are International Students Evaluated<\/a><\/li>\n\t\t\t\t\t\t\t\t\t\t\t\t\t\n\t\t\t\t\t\t\t\t\t\t\t<li><a href=\"https:\/\/www.oasdi.ca\/vi\/k-12-education-in-ontario\/faq\/ontario-report-card\/\">Ontario Report Cards<\/a><\/li>\n\t\t\t\t\t\t\t\t\t\t\n\n\t\t\t\t<!-- Extra menu -->\n\t\t\t\t\t\t\t\t\n\t\t\t\t\t\t\t\t\t\t\t\t\t\t\t\t\t\t<li><a  href=\"https:\/\/www.oasdi.ca\/district-list\/\">District List<\/a><\/li>\n\t\t\t\t\t\t\t\t\t\t\t\t\n\t\t\t\t\t\t\t\t\t\t\t\t\t\t\t\t\t\t<li><a  href=\"https:\/\/www.oasdi.ca\/map-search\/\">Map Search<\/a><\/li>\n\t\t\t\t\t\t\t\t\t\t\t\t\n\t\t\t\t\t\t\n\t\t\t\t\n\t\t\t\t\n\n\n\t\t\t\t\t<\/ul>\n\t\n\n<\/div><\/div><\/div><\/div><div id=\"pgc-21025-2-1\"  class=\"panel-grid-cell\" ><div class=\"pl-sm-3 pl-md-5 panel-cell-style panel-cell-style-for-21025-2-1\" ><div id=\"panel-21025-2-1-0\" class=\"so-panel widget widget_hem-seo-title-widget panel-first-child\" data-index=\"3\" ><div\n\t\t\t\n\t\t\tclass=\"so-widget-hem-seo-title-widget so-widget-hem-seo-title-widget-hem-seo-title-widget-style-d75171398898-21025\"\n\t\t\t\n\t\t>\n<h3 style=\"font-size:px;\">What do Ontario report cards look like?<\/h3>\n\n\n\n<\/div><\/div><div id=\"panel-21025-2-1-1\" class=\"so-panel widget widget_sow-editor\" data-index=\"4\" ><div\n\t\t\t\n\t\t\tclass=\"so-widget-sow-editor so-widget-sow-editor-base\"\n\t\t\t\n\t\t>\n<div class=\"siteorigin-widget-tinymce textwidget\">\n\t<p><a class=\"btn btn-outline-primary mt-3 mb-3\" href=\"\/vi\/k-12-education-in-ontario\/faq\/ontario-report-card\/\">Read about\u00a0Assessments, Evaluations, and Reporting here.<\/a><\/p>\n<\/div>\n<\/div><\/div><div id=\"panel-21025-2-1-2\" class=\"so-panel widget widget_hem-seo-title-widget\" data-index=\"5\" ><div\n\t\t\t\n\t\t\tclass=\"so-widget-hem-seo-title-widget so-widget-hem-seo-title-widget-hem-seo-title-widget-style-d75171398898-21025\"\n\t\t\t\n\t\t>\n<h3 style=\"font-size:px;\">How are international students evaluated?<\/h3>\n\n\n\n<\/div><\/div><div id=\"panel-21025-2-1-3\" class=\"so-panel widget widget_sow-editor\" data-index=\"6\" ><div\n\t\t\t\n\t\t\tclass=\"so-widget-sow-editor so-widget-sow-editor-base\"\n\t\t\t\n\t\t>\n<div class=\"siteorigin-widget-tinymce textwidget\">\n\t<p><a class=\"btn btn-outline-primary mt-3 mb-3\" href=\"\/vi\/k-12-education-in-ontario\/faq\/how-are-international-students-evaluated\/\">Read about\u00a0Assessments, Evaluations, and Reporting here.<\/a><\/p>\n<\/div>\n<\/div><\/div><div id=\"panel-21025-2-1-4\" class=\"so-panel widget widget_hem-seo-title-widget\" data-index=\"7\" ><div\n\t\t\t\n\t\t\tclass=\"so-widget-hem-seo-title-widget so-widget-hem-seo-title-widget-hem-seo-title-widget-style-d75171398898-21025\"\n\t\t\t\n\t\t>\n<h3 style=\"font-size:px;\">How are equivalency credits from other countries determined?<\/h3>\n\n\n\n<\/div><\/div><div id=\"panel-21025-2-1-5\" class=\"so-panel widget widget_sow-editor\" data-index=\"8\" ><div\n\t\t\t\n\t\t\tclass=\"so-widget-sow-editor so-widget-sow-editor-base\"\n\t\t\t\n\t\t>\n<div class=\"siteorigin-widget-tinymce textwidget\">\n\t<p><a class=\"btn btn-outline-primary mt-3 mb-3\" href=\"\/vi\/k-12-education-in-ontario\/faq\/equivalency-credits-from-other-countries\/\">Read about equivalency credits here.<\/a><\/p>\n<\/div>\n<\/div><\/div><div id=\"panel-21025-2-1-6\" class=\"so-panel widget widget_hem-seo-title-widget\" data-index=\"9\" ><div\n\t\t\t\n\t\t\tclass=\"so-widget-hem-seo-title-widget so-widget-hem-seo-title-widget-hem-seo-title-widget-style-d75171398898-21025\"\n\t\t\t\n\t\t>\n<h3 style=\"font-size:px;\">What are the Graduation Requirements?<\/h3>\n\n\n\n<\/div><\/div><div id=\"panel-21025-2-1-7\" class=\"so-panel widget widget_sow-editor\" data-index=\"10\" ><div\n\t\t\t\n\t\t\tclass=\"so-widget-sow-editor so-widget-sow-editor-base\"\n\t\t\t\n\t\t>\n<div class=\"siteorigin-widget-tinymce textwidget\">\n\t<p><a class=\"btn btn-outline-primary mt-3 mb-3\" href=\"\/vi\/k-12-education-in-ontario\/faq\/graduation-requirements\/\">Read about Graduation Requirements here.<\/a><\/p>\n<\/div>\n<\/div><\/div><div id=\"panel-21025-2-1-8\" class=\"so-panel widget widget_hem-seo-title-widget\" data-index=\"11\" ><div\n\t\t\t\n\t\t\tclass=\"so-widget-hem-seo-title-widget so-widget-hem-seo-title-widget-hem-seo-title-widget-style-d75171398898-21025\"\n\t\t\t\n\t\t>\n<h3 style=\"font-size:px;\">How are the corresponding student age and grade levels in Ontario schools?<\/h3>\n\n\n\n<\/div><\/div><div id=\"panel-21025-2-1-9\" class=\"so-panel widget widget_sow-editor\" data-index=\"12\" ><div\n\t\t\t\n\t\t\tclass=\"so-widget-sow-editor so-widget-sow-editor-base\"\n\t\t\t\n\t\t>\n<div class=\"siteorigin-widget-tinymce textwidget\">\n\t<p><a class=\"btn btn-outline-primary mt-3 mb-3\" href=\"\/vi\/k-12-education-in-ontario\/faq\/students-age-and-grade-levels\/\">See our K-12 Age to Grade Level infographic.<\/a><\/p>\n<\/div>\n<\/div><\/div><div id=\"panel-21025-2-1-10\" class=\"so-panel widget widget_hem-seo-title-widget\" data-index=\"13\" ><div\n\t\t\t\n\t\t\tclass=\"so-widget-hem-seo-title-widget so-widget-hem-seo-title-widget-hem-seo-title-widget-style-d75171398898-21025\"\n\t\t\t\n\t\t>\n<h3 style=\"font-size:px;\">Where can I find out about the Ontario Curriculum?<\/h3>\n\n\n\n<\/div><\/div><div id=\"panel-21025-2-1-11\" class=\"so-panel widget widget_sow-editor panel-last-child\" data-index=\"14\" ><div\n\t\t\t\n\t\t\tclass=\"so-widget-sow-editor so-widget-sow-editor-base\"\n\t\t\t\n\t\t>\n<div class=\"siteorigin-widget-tinymce textwidget\">\n\t<p><a class=\"btn btn-outline-primary mt-3 mb-3\" href=\"\/vi\/k-12-education-in-ontario\/faq\/ontario-curriculum\/\">Read about the Ontario Curriculum here.<\/a><\/p>\n<\/div>\n<\/div><\/div><\/div><\/div><\/div><\/div><\/div>","protected":false},"excerpt":{"rendered":"C\u00e2u H\u1ecfi Th\u01b0\u1eddng G\u1eb7p v\u1ec1 Gi\u00e1o D\u1ee5c H\u1ec7 K-12 \u1edf Ontario Trang Ch\u1ee7 How Do Student Ages and Grade Levels Match in Ontario? Where Can I Learn More About the Ontario Curriculum? What Are the Graduation Requirements in Ontario? How Are Equivalency Credits Determined in Ontario? How Are International Students Evaluated Ontario Report Cards District&#8230; <a class=\"view-article\" href=\"https:\/\/www.oasdi.ca\/vi\/k-12-education-in-ontario\/faq\/\">View Article<\/a>","protected":false},"author":237,"featured_media":17903,"parent":18124,"menu_order":526,"comment_status":"closed","ping_status":"closed","template":"","meta":{"footnotes":""},"class_list":["post-21025","page","type-page","status-publish","has-post-thumbnail","hentry"],"yoast_head":"<!-- This site is optimized with the Yoast SEO plugin v21.5 - https:\/\/yoast.com\/wordpress\/plugins\/seo\/ -->\n<title>Gi\u00e1o D\u1ee5c K-12 \u1edf Ontario| C\u00e2u H\u1ecfi Th\u01b0\u1eddng G\u1eb7p | OASDI<\/title>\n<meta name=\"description\" content=\"B\u1ea1n quan t\u00e2m t\u00ecm hi\u1ec3u th\u00eam v\u1ec1 Gi\u00e1o d\u1ee5c H\u1ec7 K-12 \u1edf Ontario? H\u00e3y truy c\u1eadp trang H\u1ecfi \u0110\u00e1p \u0111\u1ec3 t\u00ecm c\u00e2u tr\u1ea3 l\u1eddi cho nh\u1eefng c\u00e2u h\u1ecfi th\u01b0\u1eddng g\u1eb7p nh\u1ea5t v\u1ec1 Gi\u00e1o d\u1ee5c H\u1ec7 K-12.\" \/>\n<meta name=\"robots\" content=\"index, follow, max-snippet:-1, max-image-preview:large, max-video-preview:-1\" \/>\n<link rel=\"canonical\" href=\"https:\/\/www.oasdi.ca\/vi\/k-12-education-in-ontario\/faq\/\" \/>\n<meta property=\"og:locale\" content=\"vi_VN\" \/>\n<meta property=\"og:type\" content=\"article\" \/>\n<meta property=\"og:title\" content=\"Gi\u00e1o D\u1ee5c K-12 \u1edf Ontario| C\u00e2u H\u1ecfi Th\u01b0\u1eddng G\u1eb7p | OASDI\" \/>\n<meta property=\"og:description\" content=\"B\u1ea1n quan t\u00e2m t\u00ecm hi\u1ec3u th\u00eam v\u1ec1 Gi\u00e1o d\u1ee5c H\u1ec7 K-12 \u1edf Ontario? H\u00e3y truy c\u1eadp trang H\u1ecfi \u0110\u00e1p \u0111\u1ec3 t\u00ecm c\u00e2u tr\u1ea3 l\u1eddi cho nh\u1eefng c\u00e2u h\u1ecfi th\u01b0\u1eddng g\u1eb7p nh\u1ea5t v\u1ec1 Gi\u00e1o d\u1ee5c H\u1ec7 K-12.\" \/>\n<meta property=\"og:url\" content=\"https:\/\/www.oasdi.ca\/vi\/k-12-education-in-ontario\/faq\/\" \/>\n<meta property=\"og:site_name\" content=\"OASDI\" \/>\n<meta property=\"article:modified_time\" content=\"2020-04-23T14:00:39+00:00\" \/>\n<meta property=\"og:image\" content=\"https:\/\/www.oasdi.ca\/wp-content\/uploads\/2020\/03\/oasdi-faq.jpg\" \/>\n\t<meta property=\"og:image:width\" content=\"1440\" \/>\n\t<meta property=\"og:image:height\" content=\"268\" \/>\n\t<meta property=\"og:image:type\" content=\"image\/jpeg\" \/>\n<meta name=\"twitter:card\" content=\"summary_large_image\" \/>\n<meta name=\"twitter:label1\" content=\"Est. reading time\" \/>\n\t<meta name=\"twitter:data1\" content=\"1 minute\" \/>\n<script type=\"application\/ld+json\" class=\"yoast-schema-graph\">{\"@context\":\"https:\/\/schema.org\",\"@graph\":[{\"@type\":\"WebPage\",\"@id\":\"https:\/\/www.oasdi.ca\/vi\/k-12-education-in-ontario\/faq\/\",\"url\":\"https:\/\/www.oasdi.ca\/vi\/k-12-education-in-ontario\/faq\/\",\"name\":\"Gi\u00e1o D\u1ee5c K-12 \u1edf Ontario| C\u00e2u H\u1ecfi Th\u01b0\u1eddng G\u1eb7p | OASDI\",\"isPartOf\":{\"@id\":\"https:\/\/www.oasdi.ca\/vi\/#website\"},\"datePublished\":\"2020-03-19T16:00:38+00:00\",\"dateModified\":\"2020-04-23T14:00:39+00:00\",\"description\":\"B\u1ea1n quan t\u00e2m t\u00ecm hi\u1ec3u th\u00eam v\u1ec1 Gi\u00e1o d\u1ee5c H\u1ec7 K-12 \u1edf Ontario? H\u00e3y truy c\u1eadp trang H\u1ecfi \u0110\u00e1p \u0111\u1ec3 t\u00ecm c\u00e2u tr\u1ea3 l\u1eddi cho nh\u1eefng c\u00e2u h\u1ecfi th\u01b0\u1eddng g\u1eb7p nh\u1ea5t v\u1ec1 Gi\u00e1o d\u1ee5c H\u1ec7 K-12.\",\"breadcrumb\":{\"@id\":\"https:\/\/www.oasdi.ca\/vi\/k-12-education-in-ontario\/faq\/#breadcrumb\"},\"inLanguage\":\"vi-VN\",\"potentialAction\":[{\"@type\":\"ReadAction\",\"target\":[\"https:\/\/www.oasdi.ca\/vi\/k-12-education-in-ontario\/faq\/\"]}]},{\"@type\":\"BreadcrumbList\",\"@id\":\"https:\/\/www.oasdi.ca\/vi\/k-12-education-in-ontario\/faq\/#breadcrumb\",\"itemListElement\":[{\"@type\":\"ListItem\",\"position\":1,\"name\":\"Trang Ch\u1ee7\",\"item\":\"https:\/\/www.oasdi.ca\/vi\/\"},{\"@type\":\"ListItem\",\"position\":2,\"name\":\"Gi\u00e1o D\u1ee5c H\u1ec7 K-12 \u1edf Ontario\",\"item\":\"https:\/\/www.oasdi.ca\/vi\/k-12-education-in-ontario\/\"},{\"@type\":\"ListItem\",\"position\":3,\"name\":\"C\u00e2u H\u1ecfi Th\u01b0\u1eddng G\u1eb7p v\u1ec1 Gi\u00e1o D\u1ee5c H\u1ec7 K-12 \u1edf Ontario\"}]},{\"@type\":\"WebSite\",\"@id\":\"https:\/\/www.oasdi.ca\/vi\/#website\",\"url\":\"https:\/\/www.oasdi.ca\/vi\/\",\"name\":\"OASDI\",\"description\":\"Ontario Association of School District International\",\"publisher\":{\"@id\":\"https:\/\/www.oasdi.ca\/vi\/#organization\"},\"potentialAction\":[{\"@type\":\"SearchAction\",\"target\":{\"@type\":\"EntryPoint\",\"urlTemplate\":\"https:\/\/www.oasdi.ca\/vi\/?s={search_term_string}\"},\"query-input\":\"required name=search_term_string\"}],\"inLanguage\":\"vi-VN\"},{\"@type\":\"Organization\",\"@id\":\"https:\/\/www.oasdi.ca\/vi\/#organization\",\"name\":\"OASDI\",\"url\":\"https:\/\/www.oasdi.ca\/vi\/\",\"logo\":{\"@type\":\"ImageObject\",\"inLanguage\":\"vi-VN\",\"@id\":\"https:\/\/www.oasdi.ca\/vi\/#\/schema\/logo\/image\/\",\"url\":\"https:\/\/www.oasdi.ca\/wp-content\/uploads\/2020\/02\/cropped-oasdi-logo.png\",\"contentUrl\":\"https:\/\/www.oasdi.ca\/wp-content\/uploads\/2020\/02\/cropped-oasdi-logo.png\",\"width\":468,\"height\":96,\"caption\":\"OASDI\"},\"image\":{\"@id\":\"https:\/\/www.oasdi.ca\/vi\/#\/schema\/logo\/image\/\"}}]}<\/script>\n<!-- \/ Yoast SEO plugin. -->","yoast_head_json":{"title":"Gi\u00e1o D\u1ee5c K-12 \u1edf Ontario| C\u00e2u H\u1ecfi Th\u01b0\u1eddng G\u1eb7p | OASDI","description":"B\u1ea1n quan t\u00e2m t\u00ecm hi\u1ec3u th\u00eam v\u1ec1 Gi\u00e1o d\u1ee5c H\u1ec7 K-12 \u1edf Ontario? H\u00e3y truy c\u1eadp trang H\u1ecfi \u0110\u00e1p \u0111\u1ec3 t\u00ecm c\u00e2u tr\u1ea3 l\u1eddi cho nh\u1eefng c\u00e2u h\u1ecfi th\u01b0\u1eddng g\u1eb7p nh\u1ea5t v\u1ec1 Gi\u00e1o d\u1ee5c H\u1ec7 K-12.","robots":{"index":"index","follow":"follow","max-snippet":"max-snippet:-1","max-image-preview":"max-image-preview:large","max-video-preview":"max-video-preview:-1"},"canonical":"https:\/\/www.oasdi.ca\/vi\/k-12-education-in-ontario\/faq\/","og_locale":"vi_VN","og_type":"article","og_title":"Gi\u00e1o D\u1ee5c K-12 \u1edf Ontario| C\u00e2u H\u1ecfi Th\u01b0\u1eddng G\u1eb7p | OASDI","og_description":"B\u1ea1n quan t\u00e2m t\u00ecm hi\u1ec3u th\u00eam v\u1ec1 Gi\u00e1o d\u1ee5c H\u1ec7 K-12 \u1edf Ontario? H\u00e3y truy c\u1eadp trang H\u1ecfi \u0110\u00e1p \u0111\u1ec3 t\u00ecm c\u00e2u tr\u1ea3 l\u1eddi cho nh\u1eefng c\u00e2u h\u1ecfi th\u01b0\u1eddng g\u1eb7p nh\u1ea5t v\u1ec1 Gi\u00e1o d\u1ee5c H\u1ec7 K-12.","og_url":"https:\/\/www.oasdi.ca\/vi\/k-12-education-in-ontario\/faq\/","og_site_name":"OASDI","article_modified_time":"2020-04-23T14:00:39+00:00","og_image":[{"width":1440,"height":268,"url":"https:\/\/www.oasdi.ca\/wp-content\/uploads\/2020\/03\/oasdi-faq.jpg","type":"image\/jpeg"}],"twitter_card":"summary_large_image","twitter_misc":{"Est. reading time":"1 minute"},"schema":{"@context":"https:\/\/schema.org","@graph":[{"@type":"WebPage","@id":"https:\/\/www.oasdi.ca\/vi\/k-12-education-in-ontario\/faq\/","url":"https:\/\/www.oasdi.ca\/vi\/k-12-education-in-ontario\/faq\/","name":"Gi\u00e1o D\u1ee5c K-12 \u1edf Ontario| C\u00e2u H\u1ecfi Th\u01b0\u1eddng G\u1eb7p | OASDI","isPartOf":{"@id":"https:\/\/www.oasdi.ca\/vi\/#website"},"datePublished":"2020-03-19T16:00:38+00:00","dateModified":"2020-04-23T14:00:39+00:00","description":"B\u1ea1n quan t\u00e2m t\u00ecm hi\u1ec3u th\u00eam v\u1ec1 Gi\u00e1o d\u1ee5c H\u1ec7 K-12 \u1edf Ontario? H\u00e3y truy c\u1eadp trang H\u1ecfi \u0110\u00e1p \u0111\u1ec3 t\u00ecm c\u00e2u tr\u1ea3 l\u1eddi cho nh\u1eefng c\u00e2u h\u1ecfi th\u01b0\u1eddng g\u1eb7p nh\u1ea5t v\u1ec1 Gi\u00e1o d\u1ee5c H\u1ec7 K-12.","breadcrumb":{"@id":"https:\/\/www.oasdi.ca\/vi\/k-12-education-in-ontario\/faq\/#breadcrumb"},"inLanguage":"vi-VN","potentialAction":[{"@type":"ReadAction","target":["https:\/\/www.oasdi.ca\/vi\/k-12-education-in-ontario\/faq\/"]}]},{"@type":"BreadcrumbList","@id":"https:\/\/www.oasdi.ca\/vi\/k-12-education-in-ontario\/faq\/#breadcrumb","itemListElement":[{"@type":"ListItem","position":1,"name":"Trang Ch\u1ee7","item":"https:\/\/www.oasdi.ca\/vi\/"},{"@type":"ListItem","position":2,"name":"Gi\u00e1o D\u1ee5c H\u1ec7 K-12 \u1edf Ontario","item":"https:\/\/www.oasdi.ca\/vi\/k-12-education-in-ontario\/"},{"@type":"ListItem","position":3,"name":"C\u00e2u H\u1ecfi Th\u01b0\u1eddng G\u1eb7p v\u1ec1 Gi\u00e1o D\u1ee5c H\u1ec7 K-12 \u1edf Ontario"}]},{"@type":"WebSite","@id":"https:\/\/www.oasdi.ca\/vi\/#website","url":"https:\/\/www.oasdi.ca\/vi\/","name":"OASDI","description":"Ontario Association of School District International","publisher":{"@id":"https:\/\/www.oasdi.ca\/vi\/#organization"},"potentialAction":[{"@type":"SearchAction","target":{"@type":"EntryPoint","urlTemplate":"https:\/\/www.oasdi.ca\/vi\/?s={search_term_string}"},"query-input":"required name=search_term_string"}],"inLanguage":"vi-VN"},{"@type":"Organization","@id":"https:\/\/www.oasdi.ca\/vi\/#organization","name":"OASDI","url":"https:\/\/www.oasdi.ca\/vi\/","logo":{"@type":"ImageObject","inLanguage":"vi-VN","@id":"https:\/\/www.oasdi.ca\/vi\/#\/schema\/logo\/image\/","url":"https:\/\/www.oasdi.ca\/wp-content\/uploads\/2020\/02\/cropped-oasdi-logo.png","contentUrl":"https:\/\/www.oasdi.ca\/wp-content\/uploads\/2020\/02\/cropped-oasdi-logo.png","width":468,"height":96,"caption":"OASDI"},"image":{"@id":"https:\/\/www.oasdi.ca\/vi\/#\/schema\/logo\/image\/"}}]}},"_links":{"self":[{"href":"https:\/\/www.oasdi.ca\/vi\/wp-json\/wp\/v2\/pages\/21025"}],"collection":[{"href":"https:\/\/www.oasdi.ca\/vi\/wp-json\/wp\/v2\/pages"}],"about":[{"href":"https:\/\/www.oasdi.ca\/vi\/wp-json\/wp\/v2\/types\/page"}],"author":[{"embeddable":true,"href":"https:\/\/www.oasdi.ca\/vi\/wp-json\/wp\/v2\/users\/237"}],"replies":[{"embeddable":true,"href":"https:\/\/www.oasdi.ca\/vi\/wp-json\/wp\/v2\/comments?post=21025"}],"version-history":[{"count":0,"href":"https:\/\/www.oasdi.ca\/vi\/wp-json\/wp\/v2\/pages\/21025\/revisions"}],"up":[{"embeddable":true,"href":"https:\/\/www.oasdi.ca\/vi\/wp-json\/wp\/v2\/pages\/18124"}],"wp:featuredmedia":[{"embeddable":true,"href":"https:\/\/www.oasdi.ca\/vi\/wp-json\/wp\/v2\/media\/17903"}],"wp:attachment":[{"href":"https:\/\/www.oasdi.ca\/vi\/wp-json\/wp\/v2\/media?parent=21025"}],"curies":[{"name":"wp","href":"https:\/\/api.w.org\/{rel}","templated":true}]}}