{"id":20878,"date":"2020-03-19T12:51:36","date_gmt":"2020-03-19T12:51:36","guid":{"rendered":"http:\/\/oasdi.ca\/k-12-education-in-ontario\/cooperative-education\/"},"modified":"2020-04-23T01:10:47","modified_gmt":"2020-04-23T01:10:47","slug":"cooperative-education","status":"publish","type":"page","link":"https:\/\/www.oasdi.ca\/vi\/k-12-education-in-ontario\/cooperative-education\/","title":{"rendered":"Gi\u00e1o D\u1ee5c H\u1ee3p T\u00e1c \u1edf Ontario"},"content":{"rendered":"<div id=\"pl-20878\"  class=\"panel-layout\" ><div id=\"pg-20878-0\"  class=\"panel-grid panel-no-style\" ><div id=\"pgc-20878-0-0\"  class=\"panel-grid-cell\" ><div id=\"panel-20878-0-0-0\" class=\"so-panel widget widget_sow-image panel-first-child panel-last-child\" data-index=\"0\" ><div class=\"is-featured-img panel-widget-style panel-widget-style-for-20878-0-0-0\" ><div\n\t\t\t\n\t\t\tclass=\"so-widget-sow-image so-widget-sow-image-default-c4f6304fc136-20878\"\n\t\t\t\n\t\t>\n\n<div class=\"sow-image-container\">\n\t\t<img loading=\"lazy\" decoding=\"async\" src=\"https:\/\/www.oasdi.ca\/wp-content\/uploads\/2020\/03\/oasdi-school.jpg\" width=\"1440\" height=\"268\" srcset=\"https:\/\/www.oasdi.ca\/wp-content\/uploads\/2020\/03\/oasdi-school.jpg 1440w, https:\/\/www.oasdi.ca\/wp-content\/uploads\/2020\/03\/oasdi-school-250x47.jpg 250w, https:\/\/www.oasdi.ca\/wp-content\/uploads\/2020\/03\/oasdi-school-700x130.jpg 700w, https:\/\/www.oasdi.ca\/wp-content\/uploads\/2020\/03\/oasdi-school-768x143.jpg 768w, https:\/\/www.oasdi.ca\/wp-content\/uploads\/2020\/03\/oasdi-school-120x22.jpg 120w\" sizes=\"(max-width: 1440px) 100vw, 1440px\" alt=\"OASDI ontario\" \t\tclass=\"so-widget-image\"\/>\n\t<\/div>\n\n<\/div><\/div><\/div><\/div><\/div><div id=\"pg-20878-1\"  class=\"panel-grid panel-has-style\" ><div class=\"has-container panel-row-style panel-row-style-for-20878-1\" ><div id=\"pgc-20878-1-0\"  class=\"panel-grid-cell\" ><div id=\"panel-20878-1-0-0\" class=\"so-panel widget widget_hem-seo-title-widget panel-first-child panel-last-child\" data-index=\"1\" ><div class=\"panel-widget-style panel-widget-style-for-20878-1-0-0\" ><div\n\t\t\t\n\t\t\tclass=\"so-widget-hem-seo-title-widget so-widget-hem-seo-title-widget-hem-seo-title-widget-style-d75171398898-20878\"\n\t\t\t\n\t\t>\n<h1 style=\"font-size:px;\">Gi\u00e1o D\u1ee5c H\u1ee3p T\u00e1c \u1edf Ontario<\/h1>\n\n\n\n\t<!-- <div class=\"breadcrumb-trail\"><a href=\"index.php\">Home<\/a> \u00bb <span class=\"breadcrumb-current\">About<\/span><\/div> -->\n\t<div class=\"test1\"><span><span><a href=\"https:\/\/www.oasdi.ca\/vi\/\">Trang Ch\u1ee7<\/a><\/span><\/span><\/div>\n<\/div><\/div><\/div><\/div><\/div><\/div><div id=\"pg-20878-2\"  class=\"panel-grid panel-has-style\" ><div class=\"has-container panel-row-style panel-row-style-for-20878-2\" ><div id=\"pgc-20878-2-0\"  class=\"panel-grid-cell\" ><div id=\"panel-20878-2-0-0\" class=\"so-panel widget widget_hem-sidebar-menu-widget panel-first-child\" data-index=\"2\" ><div\n\t\t\t\n\t\t\tclass=\"so-widget-hem-sidebar-menu-widget so-widget-hem-sidebar-menu-widget-hem-sidebar-menu-widget-style-d75171398898-20878\"\n\t\t\t\n\t\t><div id=\"sidebar\">\n\t\t\t<ul id=\"side-menu\" class=\"side-menu menu-embedded\">\n\t\t\t\n\t\t\t\t\t\t\t\t\n\t\t\t\t\t\t\t\t\t\t\t<li><a href=\"https:\/\/www.oasdi.ca\/vi\/k-12-education-in-ontario\/faq\/\">C\u00e2u H\u1ecfi Th\u01b0\u1eddng G\u1eb7p v\u1ec1 Gi\u00e1o D\u1ee5c H\u1ec7 K-12 \u1edf Ontario<\/a><\/li>\n\t\t\t\t\t\t\t\t\t\t\t\t\t\n\t\t\t\t\t\t\t\t\t\t\t<li><a href=\"https:\/\/www.oasdi.ca\/vi\/k-12-education-in-ontario\/assessment-evaluation-and-reporting\/\">B\u00e1o C\u00e1o Ti\u1ebfn B\u1ed9 c\u1ee7a H\u1ecdc Sinh \u1edf Ontario<\/a><\/li>\n\t\t\t\t\t\t\t\t\t\t\t\t\t\n\t\t\t\t\t\t\t\t\t\t\t<li><a href=\"https:\/\/www.oasdi.ca\/vi\/k-12-education-in-ontario\/graduation-requirements\/\">Y\u00eau C\u1ea7u T\u1ed1t Nghi\u1ec7p \u1edf Ontario<\/a><\/li>\n\t\t\t\t\t\t\t\t\t\t\t\t\t\n\t\t\t\t\t\t\t\t\t\t\t<li><a href=\"https:\/\/www.oasdi.ca\/vi\/k-12-education-in-ontario\/curriculum\/\">Ch\u01b0\u01a1ng Tr\u00ecnh Gi\u1ea3ng D\u1ea1y \u1edf Ontario<\/a><\/li>\n\t\t\t\t\t\t\t\t\t\t\t\t\t\n\t\t\t\t\t\t\t\t\t\t\t<li><a class=\"active\" href=\"https:\/\/www.oasdi.ca\/vi\/k-12-education-in-ontario\/cooperative-education\/\">Gi\u00e1o D\u1ee5c H\u1ee3p T\u00e1c \u1edf Ontario<\/a><\/li>\n\t\t\t\t\t\t\t\t\t\t\t\t\t\n\t\t\t\t\t\t\t\t\t\t\t<li><a href=\"https:\/\/www.oasdi.ca\/vi\/k-12-education-in-ontario\/secondary-schools\/\">C\u00e1c Tr\u01b0\u1eddng Trung H\u1ecdc \u1edf Ontario<\/a><\/li>\n\t\t\t\t\t\t\t\t\t\t\t\t\t\n\t\t\t\t\t\t\t\t\t\t\t<li><a href=\"https:\/\/www.oasdi.ca\/vi\/k-12-education-in-ontario\/elementary-schools\/\">C\u00e1c Tr\u01b0\u1eddng Ti\u1ec3u H\u1ecdc \u1edf Ontario<\/a><\/li>\n\t\t\t\t\t\t\t\t\t\t\t\t\t\n\t\t\t\t\t\t\t\t\t\t\t<li><a href=\"https:\/\/www.oasdi.ca\/vi\/k-12-education-in-ontario\/infographic\/\">\u0110\u1ed3 H\u1ecda Th\u00f4ng Tin Gi\u00e1o D\u1ee5c H\u1ec7 K-12 \u1edf Ontario<\/a><\/li>\n\t\t\t\t\t\t\t\t\t\t\n\n\t\t\t\t<!-- Extra menu -->\n\t\t\t\t\n\n\n\t\t\t\t\t<\/ul>\n\t\n\n<\/div><\/div><\/div><div id=\"panel-20878-2-0-1\" class=\"so-panel widget widget_hem-sidebar-link-widget panel-last-child\" data-index=\"3\" ><div\n\t\t\t\n\t\t\tclass=\"so-widget-hem-sidebar-link-widget so-widget-hem-sidebar-link-widget-hem-sidebar-link-widget-style-d75171398898-20878\"\n\t\t\t\n\t\t><div id=\"sidebar\" class=\"external-link-only\">\n\n\n\n\t\t\t\t<!-- Extra menu -->\n\t\t\t\t\t\t\t\t\t<ul id=\"side-menu\" class=\"side-menu menu-embedded\">\n\t\t\t\t\t\t\t\t\t\t\t\t\t\t\t\t\t\t\t\t\t<li><a  href=\"https:\/\/www.oasdi.ca\/map-search\/\">Map Overview<\/a><\/li>\n\t\t\t\t\t\t\t\t\t\t\t\t\t\t\n\t\t\t\t\t\t\t\t\t\t\t\t\t\t\t\t\t\t\t\t\t<li><a  href=\"https:\/\/www.oasdi.ca\/district-list\/\">District List<\/a><\/li>\n\t\t\t\t\t\t\t\t\t\t\t\t\t\t\n\t\t\t\t\t\t\t\n\t\t\t\t\t<\/ul>\n\t\t\t\t\n\t\t\t\t\n\n\n\n\n<\/div><\/div><\/div><\/div><div id=\"pgc-20878-2-1\"  class=\"panel-grid-cell\" ><div class=\"pl-sm-3 pl-md-5 panel-cell-style panel-cell-style-for-20878-2-1\" ><div id=\"panel-20878-2-1-0\" class=\"so-panel widget widget_sow-editor panel-first-child panel-last-child\" data-index=\"4\" ><div\n\t\t\t\n\t\t\tclass=\"so-widget-sow-editor so-widget-sow-editor-base\"\n\t\t\t\n\t\t>\n<div class=\"siteorigin-widget-tinymce textwidget\">\n\t<p>H\u1ec7 v\u1eeba h\u1ecdc v\u1eeba l\u00e0m cung c\u1ea5p c\u01a1 h\u1ed9i cho h\u1ecdc sinh trung h\u1ecdc tham gia v\u00e0o m\u1ed9t v\u1ecb tr\u00ed l\u00e0m vi\u1ec7c kh\u00f4ng l\u01b0\u01a1ng \u0111\u1ec3 \u00e1p d\u1ee5ng ki\u1ebfn th\u1ee9c h\u1ecdc t\u1eadp tr\u00ean l\u1edbp h\u1ecdc sang n\u01a1i l\u00e0m vi\u1ec7c v\u00e0 kh\u00e1m ph\u00e1 c\u00e1c l\u1ef1a ch\u1ecdn ngh\u1ec1 nghi\u1ec7p c\u00f3 th\u1ec3 c\u00f3. Th\u00f4ng th\u01b0\u1eddng gi\u00e1o d\u1ee5c h\u1ec7 v\u1eeba h\u1ecdc v\u1eeba l\u00e0m \u0111\u01b0\u1ee3c g\u1ecdi l\u00e0 \u201cgi\u00e1o d\u1ee5c h\u1ec7 v\u1eeba h\u1ecdc v\u1eeba l\u00e0m\u201d, ho\u1eb7c ch\u1ec9 \u201ch\u1ec7 v\u1eeba h\u1ecdc v\u1eeba l\u00e0m\u201d\u00a0 T\u1ea5t c\u1ea3 c\u00e1c h\u1ed9i \u0111\u1ed3ng tr\u01b0\u1eddng h\u1ecdc \u1edf Ontario cung c\u1ea5p c\u00e1c ch\u01b0\u01a1ng tr\u00ecnh gi\u00e1o d\u1ee5c h\u1ec7 v\u1eeba h\u1ecdc v\u1eeba l\u00e0m tu\u00e2n theo h\u01b0\u1edbng d\u1eabn c\u1ee7a B\u1ed9 Gi\u00e1o D\u1ee5c.<\/p>\n<p>H\u1ec7 v\u1eeba h\u1ecdc v\u1eeba l\u00e0m l\u00e0 m\u1ed9t l\u1ef1a ch\u1ecdn kh\u1ea3 thi cho b\u1ea5t k\u1ef3 h\u1ecdc sinh n\u00e0o, d\u00f9 l\u00e0 tr\u00ean con \u0111\u01b0\u1eddng d\u1eabn t\u1edbi \u0111\u1ea1i h\u1ecdc, cao \u0111\u1eb3ng, h\u1ecdc vi\u1ec7c hay l\u00e0m vi\u1ec7c.<\/p>\n<p>B\u1eb1ng c\u00e1ch ho\u00e0n th\u00e0nh ch\u01b0\u01a1ng tr\u00ecnh gi\u00e1o d\u1ee5c h\u1ec7 v\u1eeba h\u1ecdc v\u1eeba l\u00e0m, h\u1ecdc sinh \u0111\u1ea1t \u0111\u01b0\u1ee3c hai t\u00edn ch\u1ec9 trung h\u1ecdc cho t\u00edn ch\u1ec9 b\u1eaft bu\u1ed9c c\u1ea7n thi\u1ebft \u0111\u1ec3 t\u1ed1t nghi\u1ec7p, kh\u00f4ng c\u00f3 gi\u1edbi h\u1ea1n v\u1ec1 vi\u1ec7c ho\u00e0n th\u00e0nh c\u00e1c t\u00edn ch\u1ec9 ch\u01b0\u01a1ng tr\u00ecnh h\u1ec7 v\u1eeba h\u1ecdc v\u1eeba l\u00e0m b\u1ed5 sung.\u00a0 H\u1ecdc sinh ph\u1ea3i tham kh\u1ea3o \u00fd ki\u1ebfn c\u1ee7a gi\u00e1o vi\u00ean ch\u01b0\u01a1ng tr\u00ecnh H\u1ec7 V\u1eeba H\u1ecdc V\u1eeba L\u00e0m trong tr\u01b0\u1eddng \u0111\u1ec3 n\u1ed9p \u0111\u01a1n xin tham gia ch\u01b0\u01a1ng tr\u00ecnh h\u1ec7 v\u1eeba h\u1ecdc v\u1eeba l\u00e0m. Gi\u00e1o vi\u00ean s\u1ebd tr\u1ee3 gi\u00fap s\u1eafp \u0111\u1eb7t x\u1ebfp l\u1edbp v\u00e0 k\u1ebft n\u1ed1i x\u1ebfp l\u1edbp v\u1edbi m\u1ed9t kh\u00f3a h\u1ecdc m\u00e0 h\u1ecdc sinh \u0111\u01b0\u1ee3c \u0111\u0103ng k\u00fd tham gia c\u00f3 li\u00ean quan \u0111\u1ebfn n\u01a1i l\u00e0m vi\u1ec7c.\u00a0 V\u00ed d\u1ee5, v\u1edbi s\u1ef1 gi\u00fap \u0111\u1ee1 c\u1ee7a gi\u00e1o vi\u00ean ch\u01b0\u01a1ng tr\u00ecnh h\u1ec7 v\u1eeba h\u1ecdc v\u1eeba l\u00e0m, m\u1ed9t h\u1ecdc sinh \u0111\u0103ng k\u00fd theo h\u1ecdc Sinh H\u1ecdc L\u1edbp 11 c\u00f3 th\u1ec3 tham gia v\u00e0o ch\u01b0\u01a1ng tr\u00ecnh h\u1ec7 v\u1eeba h\u1ecdc v\u1eeba l\u00e0m k\u00e9o d\u00e0i m\u1ed9t h\u1ecdc k\u1ef3 \u1edf m\u1ed9t ph\u00f2ng kh\u00e1m th\u00fa y.\u00a0 H\u1ecdc sinh \u0111\u01b0\u1ee3c theo d\u00f5i b\u1edfi gi\u00e1o vi\u00ean ch\u01b0\u01a1ng tr\u00ecnh h\u1ec7 v\u1eeba h\u1ecdc v\u1eeba l\u00e0m c\u0169ng nh\u01b0 b\u1edfi m\u1ed9t ng\u01b0\u1eddi gi\u00e1m s\u00e1t ho\u1eb7c c\u1ed1 v\u1ea5n \u0111\u01b0\u1ee3c ch\u1ec9 \u0111\u1ecbnh t\u1ea1i n\u01a1i l\u00e0m vi\u1ec7c.\u00a0 Trong h\u1ea7u h\u1ebft c\u00e1c tr\u01b0\u1eddng h\u1ee3p, vi\u1ec7c s\u1eafp x\u1ebfp ch\u01b0\u01a1ng tr\u00ecnh h\u1ec7 v\u1eeba h\u1ecdc v\u1eeba l\u00e0m s\u1ebd di\u1ec5n ra v\u00e0o bu\u1ed5i s\u00e1ng ho\u1eb7c bu\u1ed5i chi\u1ec1u c\u1ee7a m\u1ed9t ng\u00e0y h\u1ecdc, v\u00e0 k\u00e9o d\u00e0i h\u01a1n m\u1ed9t h\u1ecdc k\u1ef3.<\/p>\n<h3><strong>C\u00e1c L\u1ee3i \u00cdch c\u1ee7a H\u1ecdc Sinh Ch\u01b0\u01a1ng Tr\u00ecnh H\u1ec7 V\u1eeba H\u1ecdc V\u1eeba L\u00e0m<\/strong><\/h3>\n<ul>\n<li>c\u00f3 \u0111\u01b0\u1ee3c kinh nghi\u1ec7m l\u00e0m vi\u1ec7c \u0111\u00e1ng gi\u00e1 m\u00e0 c\u00f3 th\u1ec3 \u0111\u01b0\u1ee3c th\u00eam v\u00e0o s\u01a1 y\u1ebfu l\u00fd l\u1ecbch<\/li>\n<li>h\u1ecdc c\u00e1c k\u1ef9 n\u0103ng c\u1ea7n thi\u1ebft cho c\u00f4ng vi\u1ec7c v\u00e0 ph\u00e1t tri\u1ec3n th\u00f3i quen l\u00e0m vi\u1ec7c mang t\u00ednh x\u00e2y d\u1ef1ng<\/li>\n<li>nghi\u00ean c\u1ee9u c\u00e1c l\u1ef1a ch\u1ecdn ng\u00e0nh ngh\u1ec1 li\u00ean quan \u0111\u1ebfn s\u1edf th\u00edch\u00a0 c\u00e1 nh\u00e2n<\/li>\n<li>k\u1ebft n\u1ed1i h\u1ecdc t\u1eadp tr\u00ean l\u1edbp v\u1edbi kinh nghi\u1ec7m \u201cth\u1ef1c t\u1ebf\u201d<\/li>\n<li>kh\u00e1m ph\u00e1 nh\u1eefng n\u0103ng khi\u1ebfu c\u00e1 nh\u00e2n trong m\u1ed9t m\u00f4i tr\u01b0\u1eddng h\u1ed7 tr\u1ee3<\/li>\n<li>\u0111\u1ea1t \u0111\u01b0\u1ee3c t\u00edn ch\u1ec9 \u0111\u1ec3 t\u1ed1t nghi\u1ec7p<\/li>\n<\/ul>\n<h4><strong>B\u1ea1n c\u00f3 c\u1ea7n th\u00eam th\u00f4ng tin v\u00ea\u0300 H\u00ea\u0323 V\u01b0\u0300a Ho\u0323c V\u01b0\u0300a L\u00e0m?<\/strong><\/h4>\n<p><a href=\"http:\/\/www.edu.gov.on.ca\/morestudentsuccess\/coopFact.pdf\" target=\"_blank\" rel=\"noopener\">T\u1edd Th\u00f4ng Tin Gi\u00e1o D\u1ee5c H\u00ea\u0323 V\u01b0\u0300a Ho\u0323c V\u01b0\u0300a La\u0300m<\/a><\/p>\n<p>Chi ti\u1ebft b\u1ed5 sung v\u1ec1 H\u00ea\u0323 V\u01b0\u0300a Ho\u0323c V\u01b0\u0300a La\u0300m c\u00f3 th\u1ec3 \u0111\u01b0\u1ee3c t\u00ecm th\u1ea5y t\u1ea1i:\u00a0<a href=\"http:\/\/www.edu.gov.on.ca\/morestudentsuccess\/coop.html\" target=\"_blank\" rel=\"noopener\">www.edu.gov.on.ca\/morestudentsuccess\/coop.html<\/a><\/p>\n<\/div>\n<\/div><\/div><\/div><\/div><\/div><\/div><\/div>","protected":false},"excerpt":{"rendered":"Gi\u00e1o D\u1ee5c H\u1ee3p T\u00e1c \u1edf Ontario Trang Ch\u1ee7 C\u00e2u H\u1ecfi Th\u01b0\u1eddng G\u1eb7p v\u1ec1 Gi\u00e1o D\u1ee5c H\u1ec7 K-12 \u1edf Ontario B\u00e1o C\u00e1o Ti\u1ebfn B\u1ed9 c\u1ee7a H\u1ecdc Sinh \u1edf Ontario Y\u00eau C\u1ea7u T\u1ed1t Nghi\u1ec7p \u1edf Ontario Ch\u01b0\u01a1ng Tr\u00ecnh Gi\u1ea3ng D\u1ea1y \u1edf Ontario Gi\u00e1o D\u1ee5c H\u1ee3p T\u00e1c \u1edf Ontario C\u00e1c Tr\u01b0\u1eddng Trung H\u1ecdc \u1edf Ontario C\u00e1c Tr\u01b0\u1eddng Ti\u1ec3u&#8230; <a class=\"view-article\" href=\"https:\/\/www.oasdi.ca\/vi\/k-12-education-in-ontario\/cooperative-education\/\">View Article<\/a>","protected":false},"author":237,"featured_media":20879,"parent":18124,"menu_order":551,"comment_status":"closed","ping_status":"closed","template":"","meta":{"footnotes":""},"class_list":["post-20878","page","type-page","status-publish","has-post-thumbnail","hentry"],"yoast_head":"<!-- This site is optimized with the Yoast SEO plugin v21.5 - https:\/\/yoast.com\/wordpress\/plugins\/seo\/ -->\n<title>CoGi\u00e1o D\u1ee5c H\u1ee3p T\u00e1c | H\u1ec7 Th\u1ed1ng Gi\u00e1o D\u1ee5c Ontario | OASDI<\/title>\n<meta name=\"description\" content=\"Gi\u00e1o d\u1ee5c h\u1ee3p t\u00e1c (co-op) \u0111\u01b0\u1ee3c t\u1ea5t c\u1ea3 c\u00e1c h\u1ed9i \u0111\u1ed3ng tr\u01b0\u1eddng \u1edf Ontario cung c\u1ea5p cho h\u1ecdc sinh ghi danh v\u00e0o trung h\u1ecdc. T\u00ecm hi\u1ec3u th\u00eam v\u1ec1 gi\u00e1o d\u1ee5c h\u1ee3p t\u00e1c t\u1ea1i \u0111\u00e2y.\" \/>\n<meta name=\"robots\" content=\"index, follow, max-snippet:-1, max-image-preview:large, max-video-preview:-1\" \/>\n<link rel=\"canonical\" href=\"https:\/\/www.oasdi.ca\/vi\/k-12-education-in-ontario\/cooperative-education\/\" \/>\n<meta property=\"og:locale\" content=\"vi_VN\" \/>\n<meta property=\"og:type\" content=\"article\" \/>\n<meta property=\"og:title\" content=\"CoGi\u00e1o D\u1ee5c H\u1ee3p T\u00e1c | H\u1ec7 Th\u1ed1ng Gi\u00e1o D\u1ee5c Ontario | OASDI\" \/>\n<meta property=\"og:description\" content=\"Gi\u00e1o d\u1ee5c h\u1ee3p t\u00e1c (co-op) \u0111\u01b0\u1ee3c t\u1ea5t c\u1ea3 c\u00e1c h\u1ed9i \u0111\u1ed3ng tr\u01b0\u1eddng \u1edf Ontario cung c\u1ea5p cho h\u1ecdc sinh ghi danh v\u00e0o trung h\u1ecdc. T\u00ecm hi\u1ec3u th\u00eam v\u1ec1 gi\u00e1o d\u1ee5c h\u1ee3p t\u00e1c t\u1ea1i \u0111\u00e2y.\" \/>\n<meta property=\"og:url\" content=\"https:\/\/www.oasdi.ca\/vi\/k-12-education-in-ontario\/cooperative-education\/\" \/>\n<meta property=\"og:site_name\" content=\"OASDI\" \/>\n<meta property=\"article:modified_time\" content=\"2020-04-23T01:10:47+00:00\" \/>\n<meta property=\"og:image\" content=\"https:\/\/www.oasdi.ca\/wp-content\/uploads\/2020\/03\/oasdi-school.jpg\" \/>\n\t<meta property=\"og:image:width\" content=\"1440\" \/>\n\t<meta property=\"og:image:height\" content=\"268\" \/>\n\t<meta property=\"og:image:type\" content=\"image\/jpeg\" \/>\n<meta name=\"twitter:card\" content=\"summary_large_image\" \/>\n<meta name=\"twitter:label1\" content=\"Est. reading time\" \/>\n\t<meta name=\"twitter:data1\" content=\"4 minutes\" \/>\n<script type=\"application\/ld+json\" class=\"yoast-schema-graph\">{\"@context\":\"https:\/\/schema.org\",\"@graph\":[{\"@type\":\"WebPage\",\"@id\":\"https:\/\/www.oasdi.ca\/vi\/k-12-education-in-ontario\/cooperative-education\/\",\"url\":\"https:\/\/www.oasdi.ca\/vi\/k-12-education-in-ontario\/cooperative-education\/\",\"name\":\"CoGi\u00e1o D\u1ee5c H\u1ee3p T\u00e1c | H\u1ec7 Th\u1ed1ng Gi\u00e1o D\u1ee5c Ontario | OASDI\",\"isPartOf\":{\"@id\":\"https:\/\/www.oasdi.ca\/vi\/#website\"},\"datePublished\":\"2020-03-19T12:51:36+00:00\",\"dateModified\":\"2020-04-23T01:10:47+00:00\",\"description\":\"Gi\u00e1o d\u1ee5c h\u1ee3p t\u00e1c (co-op) \u0111\u01b0\u1ee3c t\u1ea5t c\u1ea3 c\u00e1c h\u1ed9i \u0111\u1ed3ng tr\u01b0\u1eddng \u1edf Ontario cung c\u1ea5p cho h\u1ecdc sinh ghi danh v\u00e0o trung h\u1ecdc. T\u00ecm hi\u1ec3u th\u00eam v\u1ec1 gi\u00e1o d\u1ee5c h\u1ee3p t\u00e1c t\u1ea1i \u0111\u00e2y.\",\"breadcrumb\":{\"@id\":\"https:\/\/www.oasdi.ca\/vi\/k-12-education-in-ontario\/cooperative-education\/#breadcrumb\"},\"inLanguage\":\"vi-VN\",\"potentialAction\":[{\"@type\":\"ReadAction\",\"target\":[\"https:\/\/www.oasdi.ca\/vi\/k-12-education-in-ontario\/cooperative-education\/\"]}]},{\"@type\":\"BreadcrumbList\",\"@id\":\"https:\/\/www.oasdi.ca\/vi\/k-12-education-in-ontario\/cooperative-education\/#breadcrumb\",\"itemListElement\":[{\"@type\":\"ListItem\",\"position\":1,\"name\":\"Trang Ch\u1ee7\",\"item\":\"https:\/\/www.oasdi.ca\/vi\/\"},{\"@type\":\"ListItem\",\"position\":2,\"name\":\"Gi\u00e1o D\u1ee5c H\u1ec7 K-12 \u1edf Ontario\",\"item\":\"https:\/\/www.oasdi.ca\/vi\/k-12-education-in-ontario\/\"},{\"@type\":\"ListItem\",\"position\":3,\"name\":\"Gi\u00e1o D\u1ee5c H\u1ee3p T\u00e1c \u1edf Ontario\"}]},{\"@type\":\"WebSite\",\"@id\":\"https:\/\/www.oasdi.ca\/vi\/#website\",\"url\":\"https:\/\/www.oasdi.ca\/vi\/\",\"name\":\"OASDI\",\"description\":\"Ontario Association of School District International\",\"publisher\":{\"@id\":\"https:\/\/www.oasdi.ca\/vi\/#organization\"},\"potentialAction\":[{\"@type\":\"SearchAction\",\"target\":{\"@type\":\"EntryPoint\",\"urlTemplate\":\"https:\/\/www.oasdi.ca\/vi\/?s={search_term_string}\"},\"query-input\":\"required name=search_term_string\"}],\"inLanguage\":\"vi-VN\"},{\"@type\":\"Organization\",\"@id\":\"https:\/\/www.oasdi.ca\/vi\/#organization\",\"name\":\"OASDI\",\"url\":\"https:\/\/www.oasdi.ca\/vi\/\",\"logo\":{\"@type\":\"ImageObject\",\"inLanguage\":\"vi-VN\",\"@id\":\"https:\/\/www.oasdi.ca\/vi\/#\/schema\/logo\/image\/\",\"url\":\"https:\/\/www.oasdi.ca\/wp-content\/uploads\/2020\/02\/cropped-oasdi-logo.png\",\"contentUrl\":\"https:\/\/www.oasdi.ca\/wp-content\/uploads\/2020\/02\/cropped-oasdi-logo.png\",\"width\":468,\"height\":96,\"caption\":\"OASDI\"},\"image\":{\"@id\":\"https:\/\/www.oasdi.ca\/vi\/#\/schema\/logo\/image\/\"}}]}<\/script>\n<!-- \/ Yoast SEO plugin. -->","yoast_head_json":{"title":"CoGi\u00e1o D\u1ee5c H\u1ee3p T\u00e1c | H\u1ec7 Th\u1ed1ng Gi\u00e1o D\u1ee5c Ontario | OASDI","description":"Gi\u00e1o d\u1ee5c h\u1ee3p t\u00e1c (co-op) \u0111\u01b0\u1ee3c t\u1ea5t c\u1ea3 c\u00e1c h\u1ed9i \u0111\u1ed3ng tr\u01b0\u1eddng \u1edf Ontario cung c\u1ea5p cho h\u1ecdc sinh ghi danh v\u00e0o trung h\u1ecdc. T\u00ecm hi\u1ec3u th\u00eam v\u1ec1 gi\u00e1o d\u1ee5c h\u1ee3p t\u00e1c t\u1ea1i \u0111\u00e2y.","robots":{"index":"index","follow":"follow","max-snippet":"max-snippet:-1","max-image-preview":"max-image-preview:large","max-video-preview":"max-video-preview:-1"},"canonical":"https:\/\/www.oasdi.ca\/vi\/k-12-education-in-ontario\/cooperative-education\/","og_locale":"vi_VN","og_type":"article","og_title":"CoGi\u00e1o D\u1ee5c H\u1ee3p T\u00e1c | H\u1ec7 Th\u1ed1ng Gi\u00e1o D\u1ee5c Ontario | OASDI","og_description":"Gi\u00e1o d\u1ee5c h\u1ee3p t\u00e1c (co-op) \u0111\u01b0\u1ee3c t\u1ea5t c\u1ea3 c\u00e1c h\u1ed9i \u0111\u1ed3ng tr\u01b0\u1eddng \u1edf Ontario cung c\u1ea5p cho h\u1ecdc sinh ghi danh v\u00e0o trung h\u1ecdc. T\u00ecm hi\u1ec3u th\u00eam v\u1ec1 gi\u00e1o d\u1ee5c h\u1ee3p t\u00e1c t\u1ea1i \u0111\u00e2y.","og_url":"https:\/\/www.oasdi.ca\/vi\/k-12-education-in-ontario\/cooperative-education\/","og_site_name":"OASDI","article_modified_time":"2020-04-23T01:10:47+00:00","og_image":[{"width":1440,"height":268,"url":"https:\/\/www.oasdi.ca\/wp-content\/uploads\/2020\/03\/oasdi-school.jpg","type":"image\/jpeg"}],"twitter_card":"summary_large_image","twitter_misc":{"Est. reading time":"4 minutes"},"schema":{"@context":"https:\/\/schema.org","@graph":[{"@type":"WebPage","@id":"https:\/\/www.oasdi.ca\/vi\/k-12-education-in-ontario\/cooperative-education\/","url":"https:\/\/www.oasdi.ca\/vi\/k-12-education-in-ontario\/cooperative-education\/","name":"CoGi\u00e1o D\u1ee5c H\u1ee3p T\u00e1c | H\u1ec7 Th\u1ed1ng Gi\u00e1o D\u1ee5c Ontario | OASDI","isPartOf":{"@id":"https:\/\/www.oasdi.ca\/vi\/#website"},"datePublished":"2020-03-19T12:51:36+00:00","dateModified":"2020-04-23T01:10:47+00:00","description":"Gi\u00e1o d\u1ee5c h\u1ee3p t\u00e1c (co-op) \u0111\u01b0\u1ee3c t\u1ea5t c\u1ea3 c\u00e1c h\u1ed9i \u0111\u1ed3ng tr\u01b0\u1eddng \u1edf Ontario cung c\u1ea5p cho h\u1ecdc sinh ghi danh v\u00e0o trung h\u1ecdc. T\u00ecm hi\u1ec3u th\u00eam v\u1ec1 gi\u00e1o d\u1ee5c h\u1ee3p t\u00e1c t\u1ea1i \u0111\u00e2y.","breadcrumb":{"@id":"https:\/\/www.oasdi.ca\/vi\/k-12-education-in-ontario\/cooperative-education\/#breadcrumb"},"inLanguage":"vi-VN","potentialAction":[{"@type":"ReadAction","target":["https:\/\/www.oasdi.ca\/vi\/k-12-education-in-ontario\/cooperative-education\/"]}]},{"@type":"BreadcrumbList","@id":"https:\/\/www.oasdi.ca\/vi\/k-12-education-in-ontario\/cooperative-education\/#breadcrumb","itemListElement":[{"@type":"ListItem","position":1,"name":"Trang Ch\u1ee7","item":"https:\/\/www.oasdi.ca\/vi\/"},{"@type":"ListItem","position":2,"name":"Gi\u00e1o D\u1ee5c H\u1ec7 K-12 \u1edf Ontario","item":"https:\/\/www.oasdi.ca\/vi\/k-12-education-in-ontario\/"},{"@type":"ListItem","position":3,"name":"Gi\u00e1o D\u1ee5c H\u1ee3p T\u00e1c \u1edf Ontario"}]},{"@type":"WebSite","@id":"https:\/\/www.oasdi.ca\/vi\/#website","url":"https:\/\/www.oasdi.ca\/vi\/","name":"OASDI","description":"Ontario Association of School District International","publisher":{"@id":"https:\/\/www.oasdi.ca\/vi\/#organization"},"potentialAction":[{"@type":"SearchAction","target":{"@type":"EntryPoint","urlTemplate":"https:\/\/www.oasdi.ca\/vi\/?s={search_term_string}"},"query-input":"required name=search_term_string"}],"inLanguage":"vi-VN"},{"@type":"Organization","@id":"https:\/\/www.oasdi.ca\/vi\/#organization","name":"OASDI","url":"https:\/\/www.oasdi.ca\/vi\/","logo":{"@type":"ImageObject","inLanguage":"vi-VN","@id":"https:\/\/www.oasdi.ca\/vi\/#\/schema\/logo\/image\/","url":"https:\/\/www.oasdi.ca\/wp-content\/uploads\/2020\/02\/cropped-oasdi-logo.png","contentUrl":"https:\/\/www.oasdi.ca\/wp-content\/uploads\/2020\/02\/cropped-oasdi-logo.png","width":468,"height":96,"caption":"OASDI"},"image":{"@id":"https:\/\/www.oasdi.ca\/vi\/#\/schema\/logo\/image\/"}}]}},"_links":{"self":[{"href":"https:\/\/www.oasdi.ca\/vi\/wp-json\/wp\/v2\/pages\/20878"}],"collection":[{"href":"https:\/\/www.oasdi.ca\/vi\/wp-json\/wp\/v2\/pages"}],"about":[{"href":"https:\/\/www.oasdi.ca\/vi\/wp-json\/wp\/v2\/types\/page"}],"author":[{"embeddable":true,"href":"https:\/\/www.oasdi.ca\/vi\/wp-json\/wp\/v2\/users\/237"}],"replies":[{"embeddable":true,"href":"https:\/\/www.oasdi.ca\/vi\/wp-json\/wp\/v2\/comments?post=20878"}],"version-history":[{"count":0,"href":"https:\/\/www.oasdi.ca\/vi\/wp-json\/wp\/v2\/pages\/20878\/revisions"}],"up":[{"embeddable":true,"href":"https:\/\/www.oasdi.ca\/vi\/wp-json\/wp\/v2\/pages\/18124"}],"wp:featuredmedia":[{"embeddable":true,"href":"https:\/\/www.oasdi.ca\/vi\/wp-json\/wp\/v2\/media\/20879"}],"wp:attachment":[{"href":"https:\/\/www.oasdi.ca\/vi\/wp-json\/wp\/v2\/media?parent=20878"}],"curies":[{"name":"wp","href":"https:\/\/api.w.org\/{rel}","templated":true}]}}