{"id":20597,"date":"2020-03-22T02:11:57","date_gmt":"2020-03-22T02:11:57","guid":{"rendered":"http:\/\/oasdi.ca\/pathways\/faq\/"},"modified":"2020-04-22T01:21:05","modified_gmt":"2020-04-22T01:21:05","slug":"faq","status":"publish","type":"page","link":"https:\/\/www.oasdi.ca\/vi\/pathways\/faq\/","title":{"rendered":"C\u00e2u H\u1ecfi Th\u01b0\u1eddng G\u1eb7p v\u1ec1 L\u1ed9 Tr\u00ecnh Gi\u00e1o D\u1ee5c \u1edf Ontario cho H\u1ecdc Sinh Qu\u1ed1c T\u1ebf"},"content":{"rendered":"<div id=\"pl-20597\"  class=\"panel-layout\" ><div id=\"pg-20597-0\"  class=\"panel-grid panel-no-style\" ><div id=\"pgc-20597-0-0\"  class=\"panel-grid-cell\" ><div id=\"panel-20597-0-0-0\" class=\"so-panel widget widget_sow-image panel-first-child panel-last-child\" data-index=\"0\" ><div class=\"is-featured-img panel-widget-style panel-widget-style-for-20597-0-0-0\" ><div\n\t\t\t\n\t\t\tclass=\"so-widget-sow-image so-widget-sow-image-default-c4f6304fc136-20597\"\n\t\t\t\n\t\t>\n\n<div class=\"sow-image-container\">\n\t\t<img loading=\"lazy\" decoding=\"async\" src=\"https:\/\/www.oasdi.ca\/wp-content\/uploads\/2020\/03\/oasdi-faq-1.jpg\" width=\"1440\" height=\"268\" srcset=\"https:\/\/www.oasdi.ca\/wp-content\/uploads\/2020\/03\/oasdi-faq-1.jpg 1440w, https:\/\/www.oasdi.ca\/wp-content\/uploads\/2020\/03\/oasdi-faq-1-250x47.jpg 250w, https:\/\/www.oasdi.ca\/wp-content\/uploads\/2020\/03\/oasdi-faq-1-700x130.jpg 700w, https:\/\/www.oasdi.ca\/wp-content\/uploads\/2020\/03\/oasdi-faq-1-768x143.jpg 768w, https:\/\/www.oasdi.ca\/wp-content\/uploads\/2020\/03\/oasdi-faq-1-500x93.jpg 500w, https:\/\/www.oasdi.ca\/wp-content\/uploads\/2020\/03\/oasdi-faq-1-120x22.jpg 120w\" sizes=\"(max-width: 1440px) 100vw, 1440px\" title=\"oasdi-faq\" alt=\"OASDI FAQ\" \t\tclass=\"so-widget-image\"\/>\n\t<\/div>\n\n<\/div><\/div><\/div><\/div><\/div><div id=\"pg-20597-1\"  class=\"panel-grid panel-has-style\" ><div class=\"has-container panel-row-style panel-row-style-for-20597-1\" ><div id=\"pgc-20597-1-0\"  class=\"panel-grid-cell\" ><div id=\"panel-20597-1-0-0\" class=\"so-panel widget widget_hem-seo-title-widget panel-first-child panel-last-child\" data-index=\"1\" ><div class=\"panel-widget-style panel-widget-style-for-20597-1-0-0\" ><div\n\t\t\t\n\t\t\tclass=\"so-widget-hem-seo-title-widget so-widget-hem-seo-title-widget-hem-seo-title-widget-style-d75171398898-20597\"\n\t\t\t\n\t\t>\n<h1 style=\"font-size:px;\">C\u00e2u H\u1ecfi Th\u01b0\u1eddng G\u1eb7p v\u1ec1 L\u1ed9 Tr\u00ecnh Gi\u00e1o D\u1ee5c \u1edf Ontario cho H\u1ecdc Sinh Qu\u1ed1c T\u1ebf<\/h1>\n\n\n\n\t<!-- <div class=\"breadcrumb-trail\"><a href=\"index.php\">Home<\/a> \u00bb <span class=\"breadcrumb-current\">About<\/span><\/div> -->\n\t<div class=\"test1\"><span><span><a href=\"https:\/\/www.oasdi.ca\/vi\/\">Trang Ch\u1ee7<\/a><\/span><\/span><\/div>\n<\/div><\/div><\/div><\/div><\/div><\/div><div id=\"pg-20597-2\"  class=\"panel-grid panel-has-style\" ><div class=\"has-container panel-row-style panel-row-style-for-20597-2\" ><div id=\"pgc-20597-2-0\"  class=\"panel-grid-cell\" ><div id=\"panel-20597-2-0-0\" class=\"so-panel widget widget_hem-sidebar-menu-widget panel-first-child\" data-index=\"2\" ><div\n\t\t\t\n\t\t\tclass=\"so-widget-hem-sidebar-menu-widget so-widget-hem-sidebar-menu-widget-hem-sidebar-menu-widget-style-d75171398898-20597\"\n\t\t\t\n\t\t><div id=\"sidebar\">\n\t\t\t<ul id=\"side-menu\" class=\"side-menu menu-embedded\">\n\t\t\t\n\t\t\t\t\t\t\t\t\n\t\t\t\t\t\t\t\t\t\t\t<li><a href=\"https:\/\/www.oasdi.ca\/vi\/pathways\/faq\/post-secondary-opportunities\/\">Post-Secondary Opportunities<\/a><\/li>\n\t\t\t\t\t\t\t\t\t\t\t\t\t\n\t\t\t\t\t\t\t\t\t\t\t<li><a href=\"https:\/\/www.oasdi.ca\/vi\/pathways\/faq\/are-scholarships-available\/\">Scholarship Information for International Students in Ontario<\/a><\/li>\n\t\t\t\t\t\t\t\t\t\t\t\t\t\n\t\t\t\t\t\t\t\t\t\t\t<li><a href=\"https:\/\/www.oasdi.ca\/vi\/pathways\/faq\/entrance-requirements\/\">Post-Secondary Entrance Requirements for International Students in Ontario<\/a><\/li>\n\t\t\t\t\t\t\t\t\t\t\t\t\t\n\t\t\t\t\t\t\t\t\t\t\t<li><a href=\"https:\/\/www.oasdi.ca\/vi\/pathways\/faq\/opportunities-for-international-students\/\">Opportunities After Graduation for International Students in Ontario<\/a><\/li>\n\t\t\t\t\t\t\t\t\t\t\n\n\t\t\t\t<!-- Extra menu -->\n\t\t\t\t\n\n\n\t\t\t\t\t<\/ul>\n\t\n\n<\/div><\/div><\/div><div id=\"panel-20597-2-0-1\" class=\"so-panel widget widget_hem-sidebar-link-widget panel-last-child\" data-index=\"3\" ><div\n\t\t\t\n\t\t\tclass=\"so-widget-hem-sidebar-link-widget so-widget-hem-sidebar-link-widget-hem-sidebar-link-widget-style-d75171398898-20597\"\n\t\t\t\n\t\t><div id=\"sidebar\" class=\"external-link-only\">\n\n\n\n\t\t\t\t<!-- Extra menu -->\n\t\t\t\t\t\t\t\t\t<ul id=\"side-menu\" class=\"side-menu menu-embedded\">\n\t\t\t\t\t\t\t\t\t\t\t\t\t\t\t\t\t\t\t\t\t<li><a  href=\"https:\/\/www.oasdi.ca\/map-search\/\">Map Overview<\/a><\/li>\n\t\t\t\t\t\t\t\t\t\t\t\t\t\t\n\t\t\t\t\t\t\t\t\t\t\t\t\t\t\t\t\t\t\t\t\t<li><a  href=\"https:\/\/www.oasdi.ca\/district-list\/\">District List<\/a><\/li>\n\t\t\t\t\t\t\t\t\t\t\t\t\t\t\n\t\t\t\t\t\t\t\n\t\t\t\t\t<\/ul>\n\t\t\t\t\n\t\t\t\t\n\n\n\n\n<\/div><\/div><\/div><\/div><div id=\"pgc-20597-2-1\"  class=\"panel-grid-cell\" ><div class=\"pl-sm-3 pl-md-5 panel-cell-style panel-cell-style-for-20597-2-1\" ><div id=\"panel-20597-2-1-0\" class=\"so-panel widget widget_sow-editor panel-first-child panel-last-child\" data-index=\"4\" ><div\n\t\t\t\n\t\t\tclass=\"so-widget-sow-editor so-widget-sow-editor-base\"\n\t\t\t\n\t\t>\n<div class=\"siteorigin-widget-tinymce textwidget\">\n\t<h3>What other opportunities are there for an international student after graduation from an Ontario secondary school?<\/h3>\n<p>Apprenticeships Careers: Working in Ontario Immigration to Ontario<\/p>\n<p><a class=\"btn btn-outline-primary mt-3 mb-5\" href=\"\/vi\/pathways\/faq\/opportunities-for-international-students\/\">Learn more<\/a><\/p>\n<h3>What are the entrance requirements for Canadian universities and colleges?<\/h3>\n<p>College in Ontario\/Entrance Requirements College Application Process University in Onta...<\/p>\n<p><a class=\"btn btn-outline-primary mt-3 mb-5\" href=\"\/vi\/pathways\/faq\/entrance-requirements\/\">Learn more<\/a><\/p>\n<h3>Are scholarships available?<\/h3>\n<p>Some individual school districts may provide a limited number of scholarships. See Scholarships<\/p>\n<p><a class=\"btn btn-outline-primary mt-3 mb-5\" href=\"\/vi\/pathways\/faq\/are-scholarships-available\/\">Learn more<\/a><\/p>\n<h3>What post-secondary opportunities exist for international students?<\/h3>\n<p>Learn more about Post-Secondary Opportunities.<\/p>\n<p><a class=\"btn btn-outline-primary mt-3 mb-5\" href=\"\/vi\/pathways\/faq\/post-secondary-opportunities\/\">Learn more<\/a><\/p>\n<\/div>\n<\/div><\/div><\/div><\/div><\/div><\/div><\/div>","protected":false},"excerpt":{"rendered":"C\u00e2u H\u1ecfi Th\u01b0\u1eddng G\u1eb7p v\u1ec1 L\u1ed9 Tr\u00ecnh Gi\u00e1o D\u1ee5c \u1edf Ontario cho H\u1ecdc Sinh Qu\u1ed1c T\u1ebf Trang Ch\u1ee7 Post-Secondary Opportunities Scholarship Information for International Students in Ontario Post-Secondary Entrance Requirements for International Students in Ontario Opportunities After Graduation for International Students in Ontario Map Overview District List What other opportunities are there for an international&#8230; <a class=\"view-article\" href=\"https:\/\/www.oasdi.ca\/vi\/pathways\/faq\/\">View Article<\/a>","protected":false},"author":237,"featured_media":18965,"parent":18242,"menu_order":0,"comment_status":"closed","ping_status":"closed","template":"","meta":{"footnotes":""},"class_list":["post-20597","page","type-page","status-publish","has-post-thumbnail","hentry"],"yoast_head":"<!-- This site is optimized with the Yoast SEO plugin v21.5 - https:\/\/yoast.com\/wordpress\/plugins\/seo\/ -->\n<title>H\u1ecfi \u0110\u00e1p v\u1ec1 L\u1ed9 Tr\u00ecnh Gi\u00e1o D\u1ee5c | Gi\u00e1o D\u1ee5c Qu\u1ed1c T\u1ebf \u1edf Ontario<\/title>\n<meta name=\"description\" content=\"B\u1ea1n quan t\u00e2m \u0111\u1ebfn c\u00e1c l\u1ed9 tr\u00ecnh gi\u00e1o d\u1ee5c m\u00e0 gi\u00e1o d\u1ee5c qu\u1ed1c t\u1ebf \u1edf Ontario mang l\u1ea1i? H\u00e3y truy c\u1eadp trang H\u1ecfi \u0110\u00e1p \u0111\u1ec3 t\u00ecm c\u00e2u tr\u1ea3 l\u1eddi v\u1ec1 c\u00e1c l\u1ed9 tr\u00ecnh gi\u00e1o d\u1ee5c \u1edf Ontario.\" \/>\n<meta name=\"robots\" content=\"index, follow, max-snippet:-1, max-image-preview:large, max-video-preview:-1\" \/>\n<link rel=\"canonical\" href=\"https:\/\/www.oasdi.ca\/vi\/pathways\/faq\/\" \/>\n<meta property=\"og:locale\" content=\"vi_VN\" \/>\n<meta property=\"og:type\" content=\"article\" \/>\n<meta property=\"og:title\" content=\"H\u1ecfi \u0110\u00e1p v\u1ec1 L\u1ed9 Tr\u00ecnh Gi\u00e1o D\u1ee5c | Gi\u00e1o D\u1ee5c Qu\u1ed1c T\u1ebf \u1edf Ontario\" \/>\n<meta property=\"og:description\" content=\"B\u1ea1n quan t\u00e2m \u0111\u1ebfn c\u00e1c l\u1ed9 tr\u00ecnh gi\u00e1o d\u1ee5c m\u00e0 gi\u00e1o d\u1ee5c qu\u1ed1c t\u1ebf \u1edf Ontario mang l\u1ea1i? H\u00e3y truy c\u1eadp trang H\u1ecfi \u0110\u00e1p \u0111\u1ec3 t\u00ecm c\u00e2u tr\u1ea3 l\u1eddi v\u1ec1 c\u00e1c l\u1ed9 tr\u00ecnh gi\u00e1o d\u1ee5c \u1edf Ontario.\" \/>\n<meta property=\"og:url\" content=\"https:\/\/www.oasdi.ca\/vi\/pathways\/faq\/\" \/>\n<meta property=\"og:site_name\" content=\"OASDI\" \/>\n<meta property=\"article:modified_time\" content=\"2020-04-22T01:21:05+00:00\" \/>\n<meta property=\"og:image\" content=\"https:\/\/www.oasdi.ca\/wp-content\/uploads\/2020\/03\/oasdi-faq-1.jpg\" \/>\n\t<meta property=\"og:image:width\" content=\"1440\" \/>\n\t<meta property=\"og:image:height\" content=\"268\" \/>\n\t<meta property=\"og:image:type\" content=\"image\/jpeg\" \/>\n<meta name=\"twitter:card\" content=\"summary_large_image\" \/>\n<meta name=\"twitter:label1\" content=\"Est. reading time\" \/>\n\t<meta name=\"twitter:data1\" content=\"1 minute\" \/>\n<script type=\"application\/ld+json\" class=\"yoast-schema-graph\">{\"@context\":\"https:\/\/schema.org\",\"@graph\":[{\"@type\":\"WebPage\",\"@id\":\"https:\/\/www.oasdi.ca\/vi\/pathways\/faq\/\",\"url\":\"https:\/\/www.oasdi.ca\/vi\/pathways\/faq\/\",\"name\":\"H\u1ecfi \u0110\u00e1p v\u1ec1 L\u1ed9 Tr\u00ecnh Gi\u00e1o D\u1ee5c | Gi\u00e1o D\u1ee5c Qu\u1ed1c T\u1ebf \u1edf Ontario\",\"isPartOf\":{\"@id\":\"https:\/\/www.oasdi.ca\/vi\/#website\"},\"datePublished\":\"2020-03-22T02:11:57+00:00\",\"dateModified\":\"2020-04-22T01:21:05+00:00\",\"description\":\"B\u1ea1n quan t\u00e2m \u0111\u1ebfn c\u00e1c l\u1ed9 tr\u00ecnh gi\u00e1o d\u1ee5c m\u00e0 gi\u00e1o d\u1ee5c qu\u1ed1c t\u1ebf \u1edf Ontario mang l\u1ea1i? H\u00e3y truy c\u1eadp trang H\u1ecfi \u0110\u00e1p \u0111\u1ec3 t\u00ecm c\u00e2u tr\u1ea3 l\u1eddi v\u1ec1 c\u00e1c l\u1ed9 tr\u00ecnh gi\u00e1o d\u1ee5c \u1edf Ontario.\",\"breadcrumb\":{\"@id\":\"https:\/\/www.oasdi.ca\/vi\/pathways\/faq\/#breadcrumb\"},\"inLanguage\":\"vi-VN\",\"potentialAction\":[{\"@type\":\"ReadAction\",\"target\":[\"https:\/\/www.oasdi.ca\/vi\/pathways\/faq\/\"]}]},{\"@type\":\"BreadcrumbList\",\"@id\":\"https:\/\/www.oasdi.ca\/vi\/pathways\/faq\/#breadcrumb\",\"itemListElement\":[{\"@type\":\"ListItem\",\"position\":1,\"name\":\"Trang Ch\u1ee7\",\"item\":\"https:\/\/www.oasdi.ca\/vi\/\"},{\"@type\":\"ListItem\",\"position\":2,\"name\":\"L\u1ed9 Tr\u00ecnh Gi\u00e1o D\u1ee5c \u1edf Ontario cho H\u1ecdc Sinh Qu\u1ed1c T\u1ebf\",\"item\":\"https:\/\/www.oasdi.ca\/vi\/pathways\/\"},{\"@type\":\"ListItem\",\"position\":3,\"name\":\"C\u00e2u H\u1ecfi Th\u01b0\u1eddng G\u1eb7p v\u1ec1 L\u1ed9 Tr\u00ecnh Gi\u00e1o D\u1ee5c \u1edf Ontario cho H\u1ecdc Sinh Qu\u1ed1c T\u1ebf\"}]},{\"@type\":\"WebSite\",\"@id\":\"https:\/\/www.oasdi.ca\/vi\/#website\",\"url\":\"https:\/\/www.oasdi.ca\/vi\/\",\"name\":\"OASDI\",\"description\":\"Ontario Association of School District International\",\"publisher\":{\"@id\":\"https:\/\/www.oasdi.ca\/vi\/#organization\"},\"potentialAction\":[{\"@type\":\"SearchAction\",\"target\":{\"@type\":\"EntryPoint\",\"urlTemplate\":\"https:\/\/www.oasdi.ca\/vi\/?s={search_term_string}\"},\"query-input\":\"required name=search_term_string\"}],\"inLanguage\":\"vi-VN\"},{\"@type\":\"Organization\",\"@id\":\"https:\/\/www.oasdi.ca\/vi\/#organization\",\"name\":\"OASDI\",\"url\":\"https:\/\/www.oasdi.ca\/vi\/\",\"logo\":{\"@type\":\"ImageObject\",\"inLanguage\":\"vi-VN\",\"@id\":\"https:\/\/www.oasdi.ca\/vi\/#\/schema\/logo\/image\/\",\"url\":\"https:\/\/www.oasdi.ca\/wp-content\/uploads\/2020\/02\/cropped-oasdi-logo.png\",\"contentUrl\":\"https:\/\/www.oasdi.ca\/wp-content\/uploads\/2020\/02\/cropped-oasdi-logo.png\",\"width\":468,\"height\":96,\"caption\":\"OASDI\"},\"image\":{\"@id\":\"https:\/\/www.oasdi.ca\/vi\/#\/schema\/logo\/image\/\"}}]}<\/script>\n<!-- \/ Yoast SEO plugin. -->","yoast_head_json":{"title":"H\u1ecfi \u0110\u00e1p v\u1ec1 L\u1ed9 Tr\u00ecnh Gi\u00e1o D\u1ee5c | Gi\u00e1o D\u1ee5c Qu\u1ed1c T\u1ebf \u1edf Ontario","description":"B\u1ea1n quan t\u00e2m \u0111\u1ebfn c\u00e1c l\u1ed9 tr\u00ecnh gi\u00e1o d\u1ee5c m\u00e0 gi\u00e1o d\u1ee5c qu\u1ed1c t\u1ebf \u1edf Ontario mang l\u1ea1i? H\u00e3y truy c\u1eadp trang H\u1ecfi \u0110\u00e1p \u0111\u1ec3 t\u00ecm c\u00e2u tr\u1ea3 l\u1eddi v\u1ec1 c\u00e1c l\u1ed9 tr\u00ecnh gi\u00e1o d\u1ee5c \u1edf Ontario.","robots":{"index":"index","follow":"follow","max-snippet":"max-snippet:-1","max-image-preview":"max-image-preview:large","max-video-preview":"max-video-preview:-1"},"canonical":"https:\/\/www.oasdi.ca\/vi\/pathways\/faq\/","og_locale":"vi_VN","og_type":"article","og_title":"H\u1ecfi \u0110\u00e1p v\u1ec1 L\u1ed9 Tr\u00ecnh Gi\u00e1o D\u1ee5c | Gi\u00e1o D\u1ee5c Qu\u1ed1c T\u1ebf \u1edf Ontario","og_description":"B\u1ea1n quan t\u00e2m \u0111\u1ebfn c\u00e1c l\u1ed9 tr\u00ecnh gi\u00e1o d\u1ee5c m\u00e0 gi\u00e1o d\u1ee5c qu\u1ed1c t\u1ebf \u1edf Ontario mang l\u1ea1i? H\u00e3y truy c\u1eadp trang H\u1ecfi \u0110\u00e1p \u0111\u1ec3 t\u00ecm c\u00e2u tr\u1ea3 l\u1eddi v\u1ec1 c\u00e1c l\u1ed9 tr\u00ecnh gi\u00e1o d\u1ee5c \u1edf Ontario.","og_url":"https:\/\/www.oasdi.ca\/vi\/pathways\/faq\/","og_site_name":"OASDI","article_modified_time":"2020-04-22T01:21:05+00:00","og_image":[{"width":1440,"height":268,"url":"https:\/\/www.oasdi.ca\/wp-content\/uploads\/2020\/03\/oasdi-faq-1.jpg","type":"image\/jpeg"}],"twitter_card":"summary_large_image","twitter_misc":{"Est. reading time":"1 minute"},"schema":{"@context":"https:\/\/schema.org","@graph":[{"@type":"WebPage","@id":"https:\/\/www.oasdi.ca\/vi\/pathways\/faq\/","url":"https:\/\/www.oasdi.ca\/vi\/pathways\/faq\/","name":"H\u1ecfi \u0110\u00e1p v\u1ec1 L\u1ed9 Tr\u00ecnh Gi\u00e1o D\u1ee5c | Gi\u00e1o D\u1ee5c Qu\u1ed1c T\u1ebf \u1edf Ontario","isPartOf":{"@id":"https:\/\/www.oasdi.ca\/vi\/#website"},"datePublished":"2020-03-22T02:11:57+00:00","dateModified":"2020-04-22T01:21:05+00:00","description":"B\u1ea1n quan t\u00e2m \u0111\u1ebfn c\u00e1c l\u1ed9 tr\u00ecnh gi\u00e1o d\u1ee5c m\u00e0 gi\u00e1o d\u1ee5c qu\u1ed1c t\u1ebf \u1edf Ontario mang l\u1ea1i? H\u00e3y truy c\u1eadp trang H\u1ecfi \u0110\u00e1p \u0111\u1ec3 t\u00ecm c\u00e2u tr\u1ea3 l\u1eddi v\u1ec1 c\u00e1c l\u1ed9 tr\u00ecnh gi\u00e1o d\u1ee5c \u1edf Ontario.","breadcrumb":{"@id":"https:\/\/www.oasdi.ca\/vi\/pathways\/faq\/#breadcrumb"},"inLanguage":"vi-VN","potentialAction":[{"@type":"ReadAction","target":["https:\/\/www.oasdi.ca\/vi\/pathways\/faq\/"]}]},{"@type":"BreadcrumbList","@id":"https:\/\/www.oasdi.ca\/vi\/pathways\/faq\/#breadcrumb","itemListElement":[{"@type":"ListItem","position":1,"name":"Trang Ch\u1ee7","item":"https:\/\/www.oasdi.ca\/vi\/"},{"@type":"ListItem","position":2,"name":"L\u1ed9 Tr\u00ecnh Gi\u00e1o D\u1ee5c \u1edf Ontario cho H\u1ecdc Sinh Qu\u1ed1c T\u1ebf","item":"https:\/\/www.oasdi.ca\/vi\/pathways\/"},{"@type":"ListItem","position":3,"name":"C\u00e2u H\u1ecfi Th\u01b0\u1eddng G\u1eb7p v\u1ec1 L\u1ed9 Tr\u00ecnh Gi\u00e1o D\u1ee5c \u1edf Ontario cho H\u1ecdc Sinh Qu\u1ed1c T\u1ebf"}]},{"@type":"WebSite","@id":"https:\/\/www.oasdi.ca\/vi\/#website","url":"https:\/\/www.oasdi.ca\/vi\/","name":"OASDI","description":"Ontario Association of School District International","publisher":{"@id":"https:\/\/www.oasdi.ca\/vi\/#organization"},"potentialAction":[{"@type":"SearchAction","target":{"@type":"EntryPoint","urlTemplate":"https:\/\/www.oasdi.ca\/vi\/?s={search_term_string}"},"query-input":"required name=search_term_string"}],"inLanguage":"vi-VN"},{"@type":"Organization","@id":"https:\/\/www.oasdi.ca\/vi\/#organization","name":"OASDI","url":"https:\/\/www.oasdi.ca\/vi\/","logo":{"@type":"ImageObject","inLanguage":"vi-VN","@id":"https:\/\/www.oasdi.ca\/vi\/#\/schema\/logo\/image\/","url":"https:\/\/www.oasdi.ca\/wp-content\/uploads\/2020\/02\/cropped-oasdi-logo.png","contentUrl":"https:\/\/www.oasdi.ca\/wp-content\/uploads\/2020\/02\/cropped-oasdi-logo.png","width":468,"height":96,"caption":"OASDI"},"image":{"@id":"https:\/\/www.oasdi.ca\/vi\/#\/schema\/logo\/image\/"}}]}},"_links":{"self":[{"href":"https:\/\/www.oasdi.ca\/vi\/wp-json\/wp\/v2\/pages\/20597"}],"collection":[{"href":"https:\/\/www.oasdi.ca\/vi\/wp-json\/wp\/v2\/pages"}],"about":[{"href":"https:\/\/www.oasdi.ca\/vi\/wp-json\/wp\/v2\/types\/page"}],"author":[{"embeddable":true,"href":"https:\/\/www.oasdi.ca\/vi\/wp-json\/wp\/v2\/users\/237"}],"replies":[{"embeddable":true,"href":"https:\/\/www.oasdi.ca\/vi\/wp-json\/wp\/v2\/comments?post=20597"}],"version-history":[{"count":0,"href":"https:\/\/www.oasdi.ca\/vi\/wp-json\/wp\/v2\/pages\/20597\/revisions"}],"up":[{"embeddable":true,"href":"https:\/\/www.oasdi.ca\/vi\/wp-json\/wp\/v2\/pages\/18242"}],"wp:featuredmedia":[{"embeddable":true,"href":"https:\/\/www.oasdi.ca\/vi\/wp-json\/wp\/v2\/media\/18965"}],"wp:attachment":[{"href":"https:\/\/www.oasdi.ca\/vi\/wp-json\/wp\/v2\/media?parent=20597"}],"curies":[{"name":"wp","href":"https:\/\/api.w.org\/{rel}","templated":true}]}}