{"id":20382,"date":"2020-03-22T14:13:58","date_gmt":"2020-03-22T14:13:58","guid":{"rendered":"http:\/\/oasdi.ca\/learn-abroad\/faq\/"},"modified":"2020-04-21T18:39:06","modified_gmt":"2020-04-21T18:39:06","slug":"faq","status":"publish","type":"page","link":"https:\/\/www.oasdi.ca\/vi\/learn-abroad\/faq\/","title":{"rendered":"C\u00e2u H\u1ecfi Th\u01b0\u1eddng G\u1eb7p v\u1ec1 Du H\u1ecdc N\u01b0\u1edbc Ngo\u00e0i"},"content":{"rendered":"<div id=\"pl-20382\"  class=\"panel-layout\" ><div id=\"pg-20382-0\"  class=\"panel-grid panel-no-style\" ><div id=\"pgc-20382-0-0\"  class=\"panel-grid-cell\" ><div id=\"panel-20382-0-0-0\" class=\"so-panel widget widget_sow-image panel-first-child panel-last-child\" data-index=\"0\" ><div class=\"is-featured-img panel-widget-style panel-widget-style-for-20382-0-0-0\" ><div\n\t\t\t\n\t\t\tclass=\"so-widget-sow-image so-widget-sow-image-default-c4f6304fc136-20382\"\n\t\t\t\n\t\t>\n\n<div class=\"sow-image-container\">\n\t\t<img loading=\"lazy\" decoding=\"async\" src=\"https:\/\/www.oasdi.ca\/wp-content\/uploads\/2020\/03\/oasdi-faq-1.jpg\" width=\"1440\" height=\"268\" srcset=\"https:\/\/www.oasdi.ca\/wp-content\/uploads\/2020\/03\/oasdi-faq-1.jpg 1440w, https:\/\/www.oasdi.ca\/wp-content\/uploads\/2020\/03\/oasdi-faq-1-250x47.jpg 250w, https:\/\/www.oasdi.ca\/wp-content\/uploads\/2020\/03\/oasdi-faq-1-700x130.jpg 700w, https:\/\/www.oasdi.ca\/wp-content\/uploads\/2020\/03\/oasdi-faq-1-768x143.jpg 768w, https:\/\/www.oasdi.ca\/wp-content\/uploads\/2020\/03\/oasdi-faq-1-500x93.jpg 500w, https:\/\/www.oasdi.ca\/wp-content\/uploads\/2020\/03\/oasdi-faq-1-120x22.jpg 120w\" sizes=\"(max-width: 1440px) 100vw, 1440px\" title=\"oasdi-faq\" alt=\"OASDI FAQ\" \t\tclass=\"so-widget-image\"\/>\n\t<\/div>\n\n<\/div><\/div><\/div><\/div><\/div><div id=\"pg-20382-1\"  class=\"panel-grid panel-has-style\" ><div class=\"has-container panel-row-style panel-row-style-for-20382-1\" ><div id=\"pgc-20382-1-0\"  class=\"panel-grid-cell\" ><div id=\"panel-20382-1-0-0\" class=\"so-panel widget widget_hem-seo-title-widget panel-first-child panel-last-child\" data-index=\"1\" ><div class=\"panel-widget-style panel-widget-style-for-20382-1-0-0\" ><div\n\t\t\t\n\t\t\tclass=\"so-widget-hem-seo-title-widget so-widget-hem-seo-title-widget-hem-seo-title-widget-style-d75171398898-20382\"\n\t\t\t\n\t\t>\n<h1 style=\"font-size:px;\">C\u00e2u H\u1ecfi Th\u01b0\u1eddng G\u1eb7p v\u1ec1 Du H\u1ecdc N\u01b0\u1edbc Ngo\u00e0i<\/h1>\n\n\n\n\t<!-- <div class=\"breadcrumb-trail\"><a href=\"index.php\">Home<\/a> \u00bb <span class=\"breadcrumb-current\">About<\/span><\/div> -->\n\t<div class=\"test1\"><span><span><a href=\"https:\/\/www.oasdi.ca\/vi\/\">Trang Ch\u1ee7<\/a><\/span><\/span><\/div>\n<\/div><\/div><\/div><\/div><\/div><\/div><div id=\"pg-20382-2\"  class=\"panel-grid panel-has-style\" ><div class=\"has-container panel-row-style panel-row-style-for-20382-2\" ><div id=\"pgc-20382-2-0\"  class=\"panel-grid-cell\" ><div id=\"panel-20382-2-0-0\" class=\"so-panel widget widget_hem-sidebar-menu-widget panel-first-child\" data-index=\"2\" ><div\n\t\t\t\n\t\t\tclass=\"so-widget-hem-sidebar-menu-widget so-widget-hem-sidebar-menu-widget-hem-sidebar-menu-widget-style-d75171398898-20382\"\n\t\t\t\n\t\t><div id=\"sidebar\">\n\t\t\t<ul id=\"side-menu\" class=\"side-menu menu-embedded\">\n\t\t\t\n\t\t\t\t\t\t\t\t\n\t\t\t\t\t\t\t\t\t\t\t<li><a href=\"https:\/\/www.oasdi.ca\/vi\/learn-abroad\/faq\/opportunities-for-students\/\">Learn Abroad Opportunities for Ontario Students<\/a><\/li>\n\t\t\t\t\t\t\t\t\t\t\t\t\t\n\t\t\t\t\t\t\t\t\t\t\t<li><a href=\"https:\/\/www.oasdi.ca\/vi\/learn-abroad\/faq\/student-exchanges\/\">Information About Study Abroad Organizations<\/a><\/li>\n\t\t\t\t\t\t\t\t\t\t\t\t\t\n\t\t\t\t\t\t\t\t\t\t\t<li><a href=\"https:\/\/www.oasdi.ca\/vi\/learn-abroad\/faq\/scholarships\/\">Learn Abroad Scholarship Information<\/a><\/li>\n\t\t\t\t\t\t\t\t\t\t\t\t\t\n\t\t\t\t\t\t\t\t\t\t\t<li><a href=\"https:\/\/www.oasdi.ca\/vi\/learn-abroad\/faq\/global-citizenship\/\">Learn about Global Citizenship<\/a><\/li>\n\t\t\t\t\t\t\t\t\t\t\t\t\t\n\t\t\t\t\t\t\t\t\t\t\t<li><a href=\"https:\/\/www.oasdi.ca\/vi\/learn-abroad\/faq\/teach-abroad-opportunities\/\">Teach Abroad Opportunities for Ontario Educators<\/a><\/li>\n\t\t\t\t\t\t\t\t\t\t\n\n\t\t\t\t<!-- Extra menu -->\n\t\t\t\t\n\n\n\t\t\t\t\t<\/ul>\n\t\n\n<\/div><\/div><\/div><div id=\"panel-20382-2-0-1\" class=\"so-panel widget widget_hem-sidebar-link-widget panel-last-child\" data-index=\"3\" ><div\n\t\t\t\n\t\t\tclass=\"so-widget-hem-sidebar-link-widget so-widget-hem-sidebar-link-widget-hem-sidebar-link-widget-style-d75171398898-20382\"\n\t\t\t\n\t\t><div id=\"sidebar\" class=\"external-link-only\">\n\n\n\n\t\t\t\t<!-- Extra menu -->\n\t\t\t\t\t\t\t\t\t<ul id=\"side-menu\" class=\"side-menu menu-embedded\">\n\t\t\t\t\t\t\t\t\t\t\t\t\t\t\t\t\t\t\t\t\t<li><a  href=\"https:\/\/www.oasdi.ca\/map-search\/\">Map Overview<\/a><\/li>\n\t\t\t\t\t\t\t\t\t\t\t\t\t\t\n\t\t\t\t\t\t\t\t\t\t\t\t\t\t\t\t\t\t\t\t\t<li><a  href=\"https:\/\/www.oasdi.ca\/district-list\/\">District List<\/a><\/li>\n\t\t\t\t\t\t\t\t\t\t\t\t\t\t\n\t\t\t\t\t\t\t\n\t\t\t\t\t<\/ul>\n\t\t\t\t\n\t\t\t\t\n\n\n\n\n<\/div><\/div><\/div><\/div><div id=\"pgc-20382-2-1\"  class=\"panel-grid-cell\" ><div class=\"pl-sm-3 pl-md-5 panel-cell-style panel-cell-style-for-20382-2-1\" ><div id=\"panel-20382-2-1-0\" class=\"so-panel widget widget_sow-editor panel-first-child panel-last-child\" data-index=\"4\" ><div\n\t\t\t\n\t\t\tclass=\"so-widget-sow-editor so-widget-sow-editor-base\"\n\t\t\t\n\t\t>\n<div class=\"siteorigin-widget-tinymce textwidget\">\n\t<h3>What kinds of Teach Abroad opportunities are there for Ontario educators?<\/h3>\n<p><a class=\"btn btn-outline-primary mt-3 mb-4\" href=\"\/vi\/learn-abroad\/faq\/teach-abroad-opportunities\/\">Read about possible Teach Abroad opportunities at Ontario Educators.<\/a><\/p>\n<h3>Where can students and teachers learn about global citizenship?<\/h3>\n<p><a class=\"btn btn-outline-primary mt-3 mb-4\" href=\"\/vi\/learn-abroad\/faq\/global-citizenship\/\">Read about global citizenship at Student Abroad Resources.<\/a><\/p>\n<h3>Are scholarships available for Ontario students to Learn Abroad?<\/h3>\n<p><a class=\"btn btn-outline-primary mt-3 mb-4\" href=\"\/vi\/learn-abroad\/faq\/scholarships\/\">Read about scholarships and bursaries at the Learn Abroad landing page.<\/a><\/p>\n<h3>Where can I find out about Learn Abroad organizations which arrange student exchanges?<\/h3>\n<p><a class=\"btn btn-outline-primary mt-3 mb-4\" href=\"\/vi\/learn-abroad\/faq\/student-exchanges\/\">Read about Study Abroad organizations.<\/a><\/p>\n<h3>What kinds of Learn Abroad opportunities are there for Ontario students?<\/h3>\n<p><a class=\"btn btn-outline-primary mt-3 mb-4\" href=\"\/vi\/learn-abroad\/faq\/opportunities-for-students\/\">Read about possible Learn Abroad opportunities at Ontario Students.<\/a><\/p>\n<\/div>\n<\/div><\/div><\/div><\/div><\/div><\/div><\/div>","protected":false},"excerpt":{"rendered":"C\u00e2u H\u1ecfi Th\u01b0\u1eddng G\u1eb7p v\u1ec1 Du H\u1ecdc N\u01b0\u1edbc Ngo\u00e0i Trang Ch\u1ee7 Learn Abroad Opportunities for Ontario Students Information About Study Abroad Organizations Learn Abroad Scholarship Information Learn about Global Citizenship Teach Abroad Opportunities for Ontario Educators Map Overview District List What kinds of Teach Abroad opportunities are there for Ontario educators? Read about possible Teach&#8230; <a class=\"view-article\" href=\"https:\/\/www.oasdi.ca\/vi\/learn-abroad\/faq\/\">View Article<\/a>","protected":false},"author":237,"featured_media":18965,"parent":18329,"menu_order":0,"comment_status":"closed","ping_status":"closed","template":"","meta":{"footnotes":""},"class_list":["post-20382","page","type-page","status-publish","has-post-thumbnail","hentry"],"yoast_head":"<!-- This site is optimized with the Yoast SEO plugin v21.5 - https:\/\/yoast.com\/wordpress\/plugins\/seo\/ -->\n<title>H\u1ecfi \u0110\u00e1p v\u1ec1 Du H\u1ecdc N\u01b0\u1edbc Ngo\u00e0i | Gi\u00e1o D\u1ee5c Qu\u1ed1c T\u1ebf \u1edf Ontario<\/title>\n<meta name=\"description\" content=\"B\u1ea1n t\u00f2 m\u00f2 mu\u1ed1n bi\u1ebft tr\u1ea3i nghi\u1ec7m du h\u1ecdc th\u1eadt s\u1ef1 l\u00e0 nh\u01b0 th\u1ebf n\u00e0o? H\u00e3y truy c\u1eadp trang H\u1ecfi \u0110\u00e1p \u0111\u1ec3 t\u00ecm c\u00e2u tr\u1ea3 l\u1eddi cho c\u00e1c c\u00e2u h\u1ecfi th\u01b0\u1eddng g\u1eb7p nh\u1ea5t v\u1ec1 du h\u1ecdc \u1edf \u0111\u00e2y.\" \/>\n<meta name=\"robots\" content=\"index, follow, max-snippet:-1, max-image-preview:large, max-video-preview:-1\" \/>\n<link rel=\"canonical\" href=\"https:\/\/www.oasdi.ca\/vi\/learn-abroad\/faq\/\" \/>\n<meta property=\"og:locale\" content=\"vi_VN\" \/>\n<meta property=\"og:type\" content=\"article\" \/>\n<meta property=\"og:title\" content=\"H\u1ecfi \u0110\u00e1p v\u1ec1 Du H\u1ecdc N\u01b0\u1edbc Ngo\u00e0i | Gi\u00e1o D\u1ee5c Qu\u1ed1c T\u1ebf \u1edf Ontario\" \/>\n<meta property=\"og:description\" content=\"B\u1ea1n t\u00f2 m\u00f2 mu\u1ed1n bi\u1ebft tr\u1ea3i nghi\u1ec7m du h\u1ecdc th\u1eadt s\u1ef1 l\u00e0 nh\u01b0 th\u1ebf n\u00e0o? H\u00e3y truy c\u1eadp trang H\u1ecfi \u0110\u00e1p \u0111\u1ec3 t\u00ecm c\u00e2u tr\u1ea3 l\u1eddi cho c\u00e1c c\u00e2u h\u1ecfi th\u01b0\u1eddng g\u1eb7p nh\u1ea5t v\u1ec1 du h\u1ecdc \u1edf \u0111\u00e2y.\" \/>\n<meta property=\"og:url\" content=\"https:\/\/www.oasdi.ca\/vi\/learn-abroad\/faq\/\" \/>\n<meta property=\"og:site_name\" content=\"OASDI\" \/>\n<meta property=\"article:modified_time\" content=\"2020-04-21T18:39:06+00:00\" \/>\n<meta property=\"og:image\" content=\"https:\/\/www.oasdi.ca\/wp-content\/uploads\/2020\/03\/oasdi-faq-1.jpg\" \/>\n\t<meta property=\"og:image:width\" content=\"1440\" \/>\n\t<meta property=\"og:image:height\" content=\"268\" \/>\n\t<meta property=\"og:image:type\" content=\"image\/jpeg\" \/>\n<meta name=\"twitter:card\" content=\"summary_large_image\" \/>\n<meta name=\"twitter:label1\" content=\"Est. reading time\" \/>\n\t<meta name=\"twitter:data1\" content=\"1 minute\" \/>\n<script type=\"application\/ld+json\" class=\"yoast-schema-graph\">{\"@context\":\"https:\/\/schema.org\",\"@graph\":[{\"@type\":\"WebPage\",\"@id\":\"https:\/\/www.oasdi.ca\/vi\/learn-abroad\/faq\/\",\"url\":\"https:\/\/www.oasdi.ca\/vi\/learn-abroad\/faq\/\",\"name\":\"H\u1ecfi \u0110\u00e1p v\u1ec1 Du H\u1ecdc N\u01b0\u1edbc Ngo\u00e0i | Gi\u00e1o D\u1ee5c Qu\u1ed1c T\u1ebf \u1edf Ontario\",\"isPartOf\":{\"@id\":\"https:\/\/www.oasdi.ca\/vi\/#website\"},\"datePublished\":\"2020-03-22T14:13:58+00:00\",\"dateModified\":\"2020-04-21T18:39:06+00:00\",\"description\":\"B\u1ea1n t\u00f2 m\u00f2 mu\u1ed1n bi\u1ebft tr\u1ea3i nghi\u1ec7m du h\u1ecdc th\u1eadt s\u1ef1 l\u00e0 nh\u01b0 th\u1ebf n\u00e0o? H\u00e3y truy c\u1eadp trang H\u1ecfi \u0110\u00e1p \u0111\u1ec3 t\u00ecm c\u00e2u tr\u1ea3 l\u1eddi cho c\u00e1c c\u00e2u h\u1ecfi th\u01b0\u1eddng g\u1eb7p nh\u1ea5t v\u1ec1 du h\u1ecdc \u1edf \u0111\u00e2y.\",\"breadcrumb\":{\"@id\":\"https:\/\/www.oasdi.ca\/vi\/learn-abroad\/faq\/#breadcrumb\"},\"inLanguage\":\"vi-VN\",\"potentialAction\":[{\"@type\":\"ReadAction\",\"target\":[\"https:\/\/www.oasdi.ca\/vi\/learn-abroad\/faq\/\"]}]},{\"@type\":\"BreadcrumbList\",\"@id\":\"https:\/\/www.oasdi.ca\/vi\/learn-abroad\/faq\/#breadcrumb\",\"itemListElement\":[{\"@type\":\"ListItem\",\"position\":1,\"name\":\"Trang Ch\u1ee7\",\"item\":\"https:\/\/www.oasdi.ca\/vi\/\"},{\"@type\":\"ListItem\",\"position\":2,\"name\":\"Gi\u00e1o D\u1ee5c Qu\u1ed1c T\u1ebf \u1edf Ontario\",\"item\":\"https:\/\/www.oasdi.ca\/vi\/learn-abroad\/\"},{\"@type\":\"ListItem\",\"position\":3,\"name\":\"C\u00e2u H\u1ecfi Th\u01b0\u1eddng G\u1eb7p v\u1ec1 Du H\u1ecdc N\u01b0\u1edbc Ngo\u00e0i\"}]},{\"@type\":\"WebSite\",\"@id\":\"https:\/\/www.oasdi.ca\/vi\/#website\",\"url\":\"https:\/\/www.oasdi.ca\/vi\/\",\"name\":\"OASDI\",\"description\":\"Ontario Association of School District International\",\"publisher\":{\"@id\":\"https:\/\/www.oasdi.ca\/vi\/#organization\"},\"potentialAction\":[{\"@type\":\"SearchAction\",\"target\":{\"@type\":\"EntryPoint\",\"urlTemplate\":\"https:\/\/www.oasdi.ca\/vi\/?s={search_term_string}\"},\"query-input\":\"required name=search_term_string\"}],\"inLanguage\":\"vi-VN\"},{\"@type\":\"Organization\",\"@id\":\"https:\/\/www.oasdi.ca\/vi\/#organization\",\"name\":\"OASDI\",\"url\":\"https:\/\/www.oasdi.ca\/vi\/\",\"logo\":{\"@type\":\"ImageObject\",\"inLanguage\":\"vi-VN\",\"@id\":\"https:\/\/www.oasdi.ca\/vi\/#\/schema\/logo\/image\/\",\"url\":\"https:\/\/www.oasdi.ca\/wp-content\/uploads\/2020\/02\/cropped-oasdi-logo.png\",\"contentUrl\":\"https:\/\/www.oasdi.ca\/wp-content\/uploads\/2020\/02\/cropped-oasdi-logo.png\",\"width\":468,\"height\":96,\"caption\":\"OASDI\"},\"image\":{\"@id\":\"https:\/\/www.oasdi.ca\/vi\/#\/schema\/logo\/image\/\"}}]}<\/script>\n<!-- \/ Yoast SEO plugin. -->","yoast_head_json":{"title":"H\u1ecfi \u0110\u00e1p v\u1ec1 Du H\u1ecdc N\u01b0\u1edbc Ngo\u00e0i | Gi\u00e1o D\u1ee5c Qu\u1ed1c T\u1ebf \u1edf Ontario","description":"B\u1ea1n t\u00f2 m\u00f2 mu\u1ed1n bi\u1ebft tr\u1ea3i nghi\u1ec7m du h\u1ecdc th\u1eadt s\u1ef1 l\u00e0 nh\u01b0 th\u1ebf n\u00e0o? H\u00e3y truy c\u1eadp trang H\u1ecfi \u0110\u00e1p \u0111\u1ec3 t\u00ecm c\u00e2u tr\u1ea3 l\u1eddi cho c\u00e1c c\u00e2u h\u1ecfi th\u01b0\u1eddng g\u1eb7p nh\u1ea5t v\u1ec1 du h\u1ecdc \u1edf \u0111\u00e2y.","robots":{"index":"index","follow":"follow","max-snippet":"max-snippet:-1","max-image-preview":"max-image-preview:large","max-video-preview":"max-video-preview:-1"},"canonical":"https:\/\/www.oasdi.ca\/vi\/learn-abroad\/faq\/","og_locale":"vi_VN","og_type":"article","og_title":"H\u1ecfi \u0110\u00e1p v\u1ec1 Du H\u1ecdc N\u01b0\u1edbc Ngo\u00e0i | Gi\u00e1o D\u1ee5c Qu\u1ed1c T\u1ebf \u1edf Ontario","og_description":"B\u1ea1n t\u00f2 m\u00f2 mu\u1ed1n bi\u1ebft tr\u1ea3i nghi\u1ec7m du h\u1ecdc th\u1eadt s\u1ef1 l\u00e0 nh\u01b0 th\u1ebf n\u00e0o? H\u00e3y truy c\u1eadp trang H\u1ecfi \u0110\u00e1p \u0111\u1ec3 t\u00ecm c\u00e2u tr\u1ea3 l\u1eddi cho c\u00e1c c\u00e2u h\u1ecfi th\u01b0\u1eddng g\u1eb7p nh\u1ea5t v\u1ec1 du h\u1ecdc \u1edf \u0111\u00e2y.","og_url":"https:\/\/www.oasdi.ca\/vi\/learn-abroad\/faq\/","og_site_name":"OASDI","article_modified_time":"2020-04-21T18:39:06+00:00","og_image":[{"width":1440,"height":268,"url":"https:\/\/www.oasdi.ca\/wp-content\/uploads\/2020\/03\/oasdi-faq-1.jpg","type":"image\/jpeg"}],"twitter_card":"summary_large_image","twitter_misc":{"Est. reading time":"1 minute"},"schema":{"@context":"https:\/\/schema.org","@graph":[{"@type":"WebPage","@id":"https:\/\/www.oasdi.ca\/vi\/learn-abroad\/faq\/","url":"https:\/\/www.oasdi.ca\/vi\/learn-abroad\/faq\/","name":"H\u1ecfi \u0110\u00e1p v\u1ec1 Du H\u1ecdc N\u01b0\u1edbc Ngo\u00e0i | Gi\u00e1o D\u1ee5c Qu\u1ed1c T\u1ebf \u1edf Ontario","isPartOf":{"@id":"https:\/\/www.oasdi.ca\/vi\/#website"},"datePublished":"2020-03-22T14:13:58+00:00","dateModified":"2020-04-21T18:39:06+00:00","description":"B\u1ea1n t\u00f2 m\u00f2 mu\u1ed1n bi\u1ebft tr\u1ea3i nghi\u1ec7m du h\u1ecdc th\u1eadt s\u1ef1 l\u00e0 nh\u01b0 th\u1ebf n\u00e0o? H\u00e3y truy c\u1eadp trang H\u1ecfi \u0110\u00e1p \u0111\u1ec3 t\u00ecm c\u00e2u tr\u1ea3 l\u1eddi cho c\u00e1c c\u00e2u h\u1ecfi th\u01b0\u1eddng g\u1eb7p nh\u1ea5t v\u1ec1 du h\u1ecdc \u1edf \u0111\u00e2y.","breadcrumb":{"@id":"https:\/\/www.oasdi.ca\/vi\/learn-abroad\/faq\/#breadcrumb"},"inLanguage":"vi-VN","potentialAction":[{"@type":"ReadAction","target":["https:\/\/www.oasdi.ca\/vi\/learn-abroad\/faq\/"]}]},{"@type":"BreadcrumbList","@id":"https:\/\/www.oasdi.ca\/vi\/learn-abroad\/faq\/#breadcrumb","itemListElement":[{"@type":"ListItem","position":1,"name":"Trang Ch\u1ee7","item":"https:\/\/www.oasdi.ca\/vi\/"},{"@type":"ListItem","position":2,"name":"Gi\u00e1o D\u1ee5c Qu\u1ed1c T\u1ebf \u1edf Ontario","item":"https:\/\/www.oasdi.ca\/vi\/learn-abroad\/"},{"@type":"ListItem","position":3,"name":"C\u00e2u H\u1ecfi Th\u01b0\u1eddng G\u1eb7p v\u1ec1 Du H\u1ecdc N\u01b0\u1edbc Ngo\u00e0i"}]},{"@type":"WebSite","@id":"https:\/\/www.oasdi.ca\/vi\/#website","url":"https:\/\/www.oasdi.ca\/vi\/","name":"OASDI","description":"Ontario Association of School District International","publisher":{"@id":"https:\/\/www.oasdi.ca\/vi\/#organization"},"potentialAction":[{"@type":"SearchAction","target":{"@type":"EntryPoint","urlTemplate":"https:\/\/www.oasdi.ca\/vi\/?s={search_term_string}"},"query-input":"required name=search_term_string"}],"inLanguage":"vi-VN"},{"@type":"Organization","@id":"https:\/\/www.oasdi.ca\/vi\/#organization","name":"OASDI","url":"https:\/\/www.oasdi.ca\/vi\/","logo":{"@type":"ImageObject","inLanguage":"vi-VN","@id":"https:\/\/www.oasdi.ca\/vi\/#\/schema\/logo\/image\/","url":"https:\/\/www.oasdi.ca\/wp-content\/uploads\/2020\/02\/cropped-oasdi-logo.png","contentUrl":"https:\/\/www.oasdi.ca\/wp-content\/uploads\/2020\/02\/cropped-oasdi-logo.png","width":468,"height":96,"caption":"OASDI"},"image":{"@id":"https:\/\/www.oasdi.ca\/vi\/#\/schema\/logo\/image\/"}}]}},"_links":{"self":[{"href":"https:\/\/www.oasdi.ca\/vi\/wp-json\/wp\/v2\/pages\/20382"}],"collection":[{"href":"https:\/\/www.oasdi.ca\/vi\/wp-json\/wp\/v2\/pages"}],"about":[{"href":"https:\/\/www.oasdi.ca\/vi\/wp-json\/wp\/v2\/types\/page"}],"author":[{"embeddable":true,"href":"https:\/\/www.oasdi.ca\/vi\/wp-json\/wp\/v2\/users\/237"}],"replies":[{"embeddable":true,"href":"https:\/\/www.oasdi.ca\/vi\/wp-json\/wp\/v2\/comments?post=20382"}],"version-history":[{"count":0,"href":"https:\/\/www.oasdi.ca\/vi\/wp-json\/wp\/v2\/pages\/20382\/revisions"}],"up":[{"embeddable":true,"href":"https:\/\/www.oasdi.ca\/vi\/wp-json\/wp\/v2\/pages\/18329"}],"wp:featuredmedia":[{"embeddable":true,"href":"https:\/\/www.oasdi.ca\/vi\/wp-json\/wp\/v2\/media\/18965"}],"wp:attachment":[{"href":"https:\/\/www.oasdi.ca\/vi\/wp-json\/wp\/v2\/media?parent=20382"}],"curies":[{"name":"wp","href":"https:\/\/api.w.org\/{rel}","templated":true}]}}