{"id":20344,"date":"2020-04-12T01:46:57","date_gmt":"2020-04-12T01:46:57","guid":{"rendered":"http:\/\/oasdi.ca\/pathways\/apprenticeships\/"},"modified":"2020-05-18T13:59:25","modified_gmt":"2020-05-18T13:59:25","slug":"apprenticeships","status":"publish","type":"page","link":"https:\/\/www.oasdi.ca\/vi\/pathways\/apprenticeships\/","title":{"rendered":"H\u1ecdc Vi\u1ec7c \u1edf Ontario cho H\u1ecdc Sinh Qu\u1ed1c T\u1ebf"},"content":{"rendered":"<div id=\"pl-20344\"  class=\"panel-layout\" ><div id=\"pg-20344-0\"  class=\"panel-grid panel-no-style\" ><div id=\"pgc-20344-0-0\"  class=\"panel-grid-cell\" ><div id=\"panel-20344-0-0-0\" class=\"so-panel widget widget_sow-image panel-first-child panel-last-child\" data-index=\"0\" ><div class=\"is-featured-img panel-widget-style panel-widget-style-for-20344-0-0-0\" ><div\n\t\t\t\n\t\t\tclass=\"so-widget-sow-image so-widget-sow-image-default-c4f6304fc136-20344\"\n\t\t\t\n\t\t>\n\n<div class=\"sow-image-container\">\n\t\t<img loading=\"lazy\" decoding=\"async\" src=\"https:\/\/www.oasdi.ca\/wp-content\/uploads\/2020\/03\/college-in-ontario.jpg\" width=\"1440\" height=\"268\" srcset=\"https:\/\/www.oasdi.ca\/wp-content\/uploads\/2020\/03\/college-in-ontario.jpg 1440w, https:\/\/www.oasdi.ca\/wp-content\/uploads\/2020\/03\/college-in-ontario-250x47.jpg 250w, https:\/\/www.oasdi.ca\/wp-content\/uploads\/2020\/03\/college-in-ontario-700x130.jpg 700w, https:\/\/www.oasdi.ca\/wp-content\/uploads\/2020\/03\/college-in-ontario-768x143.jpg 768w, https:\/\/www.oasdi.ca\/wp-content\/uploads\/2020\/03\/college-in-ontario-120x22.jpg 120w\" sizes=\"(max-width: 1440px) 100vw, 1440px\" alt=\"College in Ontario\" \t\tclass=\"so-widget-image\"\/>\n\t<\/div>\n\n<\/div><\/div><\/div><\/div><\/div><div id=\"pg-20344-1\"  class=\"panel-grid panel-has-style\" ><div class=\"has-container panel-row-style panel-row-style-for-20344-1\" ><div id=\"pgc-20344-1-0\"  class=\"panel-grid-cell\" ><div id=\"panel-20344-1-0-0\" class=\"so-panel widget widget_hem-seo-title-widget panel-first-child panel-last-child\" data-index=\"1\" ><div class=\"panel-widget-style panel-widget-style-for-20344-1-0-0\" ><div\n\t\t\t\n\t\t\tclass=\"so-widget-hem-seo-title-widget so-widget-hem-seo-title-widget-hem-seo-title-widget-style-d75171398898-20344\"\n\t\t\t\n\t\t>\n<h1 style=\"font-size:px;\">H\u1ecdc Vi\u1ec7c \u1edf Ontario cho H\u1ecdc Sinh Qu\u1ed1c T\u1ebf<\/h1>\n\n\n\n\t<!-- <div class=\"breadcrumb-trail\"><a href=\"index.php\">Home<\/a> \u00bb <span class=\"breadcrumb-current\">About<\/span><\/div> -->\n\t<div class=\"test1\"><span><span><a href=\"https:\/\/www.oasdi.ca\/vi\/\">Trang Ch\u1ee7<\/a><\/span><\/span><\/div>\n<\/div><\/div><\/div><\/div><\/div><\/div><div id=\"pg-20344-2\"  class=\"panel-grid panel-has-style\" ><div class=\"has-container panel-row-style panel-row-style-for-20344-2\" ><div id=\"pgc-20344-2-0\"  class=\"panel-grid-cell\" ><div id=\"panel-20344-2-0-0\" class=\"so-panel widget widget_hem-sidebar-menu-widget panel-first-child\" data-index=\"2\" ><div\n\t\t\t\n\t\t\tclass=\"so-widget-hem-sidebar-menu-widget so-widget-hem-sidebar-menu-widget-hem-sidebar-menu-widget-style-d75171398898-20344\"\n\t\t\t\n\t\t><div id=\"sidebar\">\n\t\t\t<ul id=\"side-menu\" class=\"side-menu menu-embedded\">\n\t\t\t\n\t\t\t\t\t\t\t\t\n\t\t\t\t\t\t\t\t\t\t\t<li><a class=\"active\" href=\"https:\/\/www.oasdi.ca\/vi\/pathways\/apprenticeships\/\">H\u1ecdc Vi\u1ec7c \u1edf Ontario cho H\u1ecdc Sinh Qu\u1ed1c T\u1ebf<\/a><\/li>\n\t\t\t\t\t\t\t\t\t\t\t\t\t\n\t\t\t\t\t\t\t\t\t\t\t<li><a href=\"https:\/\/www.oasdi.ca\/vi\/pathways\/ontario\/\">\u0110\u1ed3 H\u1ecda Th\u00f4ng Tin v\u1ec1 L\u1ed9 Tr\u00ecnh Gi\u00e1o D\u1ee5c \u1edf Ontario<\/a><\/li>\n\t\t\t\t\t\t\t\t\t\t\t\t\t\n\t\t\t\t\t\t\t\t\t\t\t<li><a href=\"https:\/\/www.oasdi.ca\/vi\/pathways\/faq\/\">C\u00e2u H\u1ecfi Th\u01b0\u1eddng G\u1eb7p v\u1ec1 L\u1ed9 Tr\u00ecnh Gi\u00e1o D\u1ee5c \u1edf Ontario cho H\u1ecdc Sinh Qu\u1ed1c T\u1ebf<\/a><\/li>\n\t\t\t\t\t\t\t\t\t\t\t\t\t\n\t\t\t\t\t\t\t\t\t\t\t<li><a href=\"https:\/\/www.oasdi.ca\/vi\/pathways\/scholarships\/\">C\u01a1 H\u1ed9i H\u1ecdc B\u1ed5ng \u1edf Ontario cho H\u1ecdc Sinh Qu\u1ed1c T\u1ebf<\/a><\/li>\n\t\t\t\t\t\t\t\t\t\t\t\t\t\n\t\t\t\t\t\t\t\t\t\t\t<li><a href=\"https:\/\/www.oasdi.ca\/vi\/pathways\/immigration-in-ontario\/\">Nh\u1eadp C\u01b0 v\u00e0o Ontario V\u1edbi T\u01b0 C\u00e1ch L\u00e0 H\u1ecdc Sinh Qu\u1ed1c T\u1ebf<\/a><\/li>\n\t\t\t\t\t\t\t\t\t\t\t\t\t\n\t\t\t\t\t\t\t\t\t\t\t<li><a href=\"https:\/\/www.oasdi.ca\/vi\/pathways\/working-in-canada\/\">C\u00e1ch Th\u1ee9c L\u00e0m Vi\u1ec7c \u1edf Ontario V\u1edbi T\u01b0 C\u00e1ch L\u00e0 H\u1ecdc Sinh Qu\u1ed1c T\u1ebf<\/a><\/li>\n\t\t\t\t\t\t\t\t\t\t\t\t\t\n\t\t\t\t\t\t\t\t\t\t\t<li><a href=\"https:\/\/www.oasdi.ca\/vi\/pathways\/university-in-ontario\/\">Th\u00f4ng Tin v\u1ec1 Tr\u01b0\u1eddng \u0110\u1ea1i H\u1ecdc \u1edf Ontario cho H\u1ecdc Sinh Qu\u1ed1c T\u1ebf<\/a><\/li>\n\t\t\t\t\t\t\t\t\t\t\t\t\t\n\t\t\t\t\t\t\t\t\t\t\t<li><a href=\"https:\/\/www.oasdi.ca\/vi\/pathways\/college-in-ontario\/\">Th\u00f4ng Tin v\u1ec1 Tr\u01b0\u1eddng Cao \u0110\u1eb3ng \u1edf Ontario cho H\u1ecdc Sinh Qu\u1ed1c T\u1ebf<\/a><\/li>\n\t\t\t\t\t\t\t\t\t\t\n\n\t\t\t\t<!-- Extra menu -->\n\t\t\t\t\n\n\n\t\t\t\t\t<\/ul>\n\t\n\n<\/div><\/div><\/div><div id=\"panel-20344-2-0-1\" class=\"so-panel widget widget_hem-sidebar-link-widget panel-last-child\" data-index=\"3\" ><div\n\t\t\t\n\t\t\tclass=\"so-widget-hem-sidebar-link-widget so-widget-hem-sidebar-link-widget-hem-sidebar-link-widget-style-d75171398898-20344\"\n\t\t\t\n\t\t><div id=\"sidebar\" class=\"external-link-only\">\n\n\n\n\t\t\t\t<!-- Extra menu -->\n\t\t\t\t\t\t\t\t\t<ul id=\"side-menu\" class=\"side-menu menu-embedded\">\n\t\t\t\t\t\t\t\t\t\t\t\t\t\t\t\t\t\t\t\t\t<li><a  href=\"https:\/\/www.oasdi.ca\/map-search\/\">Map Overview<\/a><\/li>\n\t\t\t\t\t\t\t\t\t\t\t\t\t\t\n\t\t\t\t\t\t\t\t\t\t\t\t\t\t\t\t\t\t\t\t\t<li><a  href=\"https:\/\/www.oasdi.ca\/district-list\/\">District List<\/a><\/li>\n\t\t\t\t\t\t\t\t\t\t\t\t\t\t\n\t\t\t\t\t\t\t\n\t\t\t\t\t<\/ul>\n\t\t\t\t\n\t\t\t\t\n\n\n\n\n<\/div><\/div><\/div><\/div><div id=\"pgc-20344-2-1\"  class=\"panel-grid-cell\" ><div class=\"pl-sm-3 pl-md-5 panel-cell-style panel-cell-style-for-20344-2-1\" ><div id=\"panel-20344-2-1-0\" class=\"so-panel widget widget_sow-editor panel-first-child\" data-index=\"4\" ><div\n\t\t\t\n\t\t\tclass=\"so-widget-sow-editor so-widget-sow-editor-base\"\n\t\t\t\n\t\t>\n<div class=\"siteorigin-widget-tinymce textwidget\">\n\t<p>H\u1ecdc vi\u1ec7c l\u00e0 m\u1ed9t lo\u1ea1i l\u1ed9 tr\u00ecnh gi\u00e1o d\u1ee5c \u0111\u1eb7c bi\u1ec7t bao g\u1ed3m h\u1ecdc t\u1eadp \u201cc\u00f3 th\u1ef1c h\u00e0nh\u201d m\u00e0 s\u1ebd \u0111\u01b0a b\u1ea1n tr\u1edf th\u00e0nh m\u1ed9t th\u01b0\u01a1ng nh\u00e2n t\u00e0i n\u0103ng.\u00a0 H\u1ecdc vi\u1ec7c y\u00eau c\u1ea7u tham d\u1ef1 c\u00e1c l\u1edbp h\u1ecdc kho\u1ea3ng 10% th\u1eddi gian v\u00e0 90% th\u1eddi gian c\u00f2n l\u1ea1i \u0111\u01b0\u1ee3c d\u00e0nh \u0111\u1ec3 l\u00e0m vi\u1ec7c t\u1ea1i n\u01a1i l\u00e0m vi\u1ec7c \u0111\u1ec3 c\u00f3 \u0111\u01b0\u1ee3c kinh nghi\u1ec7m v\u00e0 c\u00e1c k\u1ef9 n\u0103ng th\u1ef1c ti\u1ec5n theo h\u01b0\u1edbng d\u1eabn c\u1ee7a ng\u01b0\u1eddi th\u1ee3 l\u00e0nh ngh\u1ec1 c\u00f3 ch\u1ee9ng nh\u1eadn \u1edf m\u1ed9t ng\u00e0nh ngh\u1ec1 c\u1ee5 th\u1ec3. \u00a0 H\u1ea7u h\u1ebft h\u1ecdc vi\u1ec7c \u0111\u00f2i h\u1ecfi 2-3 n\u0103m \u0111\u1ec3 ho\u00e0n t\u1ea5t.\u00a0 H\u00ecnh th\u1ee9c \u0111\u00e0o t\u1ea1o n\u00e0y gi\u00fap ng\u01b0\u1eddi lao \u0111\u1ed9ng c\u00f3 tay ngh\u1ec1 cao ph\u00e1t tri\u1ec3n, nh\u1eefng ng\u01b0\u1eddi th\u01b0\u1eddng nh\u1eadn \u0111\u01b0\u1ee3c nh\u1eefng c\u00f4ng vi\u1ec7c c\u00f3 y\u00eau c\u1ea7u cao v\u00e0 \u0111\u01b0\u1ee3c tr\u1ea3 l\u01b0\u01a1ng h\u1eadu h\u0129nh.\u00a0 C\u00f3 tr\u00ean 150 ng\u00e0nh ngh\u1ec1 \u0111\u01b0\u1ee3c c\u00f4ng nh\u1eadn \u1edf Ontario.<\/p>\n<p><a href=\"http:\/\/www.oyap.com\/en\/skilled_trades\/trades_at_a_glance\/\" target=\"_blank\" rel=\"noopener\"><em>Danh s\u00e1ch ng\u00e0nh ngh\u1ec1 y\u00eau c\u1ea7u c\u00f3 K\u1ef9 N\u0103ng, y\u00eau c\u1ea7u ho\u00e0n th\u00e0nh h\u1ecdc t\u1eadp, v\u00e0 kho\u1ea3ng th\u1eddi gian c\u1ea7n thi\u1ebft \u0111\u1ec3 tr\u1edf th\u00e0nh m\u1ed9t ng\u01b0\u1eddi th\u1ee3 l\u00e0nh ngh\u1ec1:<\/em><\/a><\/p>\n<h3>Apprenticeship Pathway Infographic<\/h3>\n<\/div>\n<\/div><\/div><div id=\"panel-20344-2-1-1\" class=\"so-panel widget widget_sow-editor\" data-index=\"5\" ><div\n\t\t\t\n\t\t\tclass=\"so-widget-sow-editor so-widget-sow-editor-base\"\n\t\t\t\n\t\t>\n<div class=\"siteorigin-widget-tinymce textwidget\">\n\t<div class=\"apprenticeship-grid\">\n<div class=\"ag-item\">\n<h4>In School<\/h4>\n<\/div>\n<div class=\"ag-darrow\"><\/div>\n<div class=\"ag-item\">\n<h4>On the Job<\/h4>\n<\/div>\n<div class=\"ag-arrow\"><\/div>\n<div class=\"ag-item item-flex\">\n<div class=\"ag-item\">\n<h4>Certificate of Apprenticeship<\/h4>\n<\/div>\n<div class=\"ag-arrow\"><\/div>\n<div class=\"ag-item\">\n<h4>Exam<\/h4>\n<\/div>\n<div class=\"ag-arrow\"><\/div>\n<div class=\"ag-item\">\n<h4>Certification of Qualification<\/h4>\n<\/div>\n<\/div>\n<\/div>\n<\/div>\n<\/div><\/div><div id=\"panel-20344-2-1-2\" class=\"so-panel widget widget_sow-editor panel-last-child\" data-index=\"6\" ><div\n\t\t\t\n\t\t\tclass=\"so-widget-sow-editor so-widget-sow-editor-base\"\n\t\t\t\n\t\t>\n<div class=\"siteorigin-widget-tinymce textwidget\">\n\t<div id=\"secondary-right-inner\">\n<h3><strong>Ontario Youth Apprenticeship Program (OYAP) (Ch\u01b0\u01a1ng Tr\u00ecnh H\u1ecdc Vi\u1ec7c cho Thanh Ni\u00ean \u1edf Ontario)<\/strong><\/h3>\n<p>H\u1ecdc sinh tr\u01b0\u1eddng trung h\u1ecdc c\u00f3 th\u1ec3 l\u1ef1a ch\u1ecdn n\u1ed9p \u0111\u01a1n v\u00e0o OYAP \u1edf c\u00e1c L\u1edbp 11 ho\u1eb7c 12 v\u00e0 th\u00f4ng qua c\u00e1c t\u00edn ch\u1ec9 gi\u00e1o d\u1ee5c v\u1eeba h\u1ecdc v\u1eeba l\u00e0m nh\u1eb1m b\u1eaft \u0111\u1ea7u m\u1ed9t ch\u01b0\u01a1ng tr\u00ecnh h\u1ecdc vi\u1ec7c.\u00a0 N\u1ebfu b\u1ea1n quan t\u00e2m \u0111\u1ebfn ch\u01b0\u01a1ng tr\u00ecnh n\u00e0y, h\u00e3y li\u00ean l\u1ea1c v\u1edbi m\u1ed9t C\u1ed1 V\u1ea5n H\u01b0\u1edbng D\u1eabn c\u1ee7a tr\u01b0\u1eddng.\u00a0 Th\u00f4ng tin chi ti\u1ebft c\u00f3 s\u1eb5n t\u1ea1i: \u00a0\u00a0<a href=\"http:\/\/www.tcu.gov.on.ca\/eng\/apprentices\/oyap.html\" target=\"_blank\" rel=\"noopener\">www.tcu.gov.on.ca\/eng\/apprentices\/oyap.html<\/a><\/p>\n<h3><strong>Ca\u0301c Quy \u0110i\u0323nh M\u01a1\u0301i v\u00ea\u0300 Gi\u00e2\u0301y Phe\u0301p Ho\u0323c T\u00e2\u0323p<\/strong><\/h3>\n<p>Ca\u0301c quy t\u0103\u0301c m\u01a1\u0301i co\u0301 hi\u00ea\u0323u l\u01b0\u0323c va\u0300o nga\u0300y 1 tha\u0301ng 6 n\u0103m 2014, giu\u0301p cho nh\u01b0\u0303ng ng\u01b0\u01a1\u0300i co\u0301 gi\u00e2\u0301y phe\u0301p ho\u0323c t\u00e2\u0323p d\u00ea\u0303 da\u0300ng la\u0300m vi\u00ea\u0323c ngoa\u0300i khu\u00f4n vi\u00ean tr\u01b0\u01a1\u0300ng. Ca\u0301c h\u1ecdc sinh toa\u0300n th\u01a1\u0300i gian theo \u0111u\u00f4\u0309i m\u00f4\u0323t ch\u01b0\u01a1ng tri\u0300nh ho\u0323c thu\u00e2\u0323t, chuy\u00ean m\u00f4n hay da\u0323y ngh\u00ea\u0300 ta\u0323i m\u00f4\u0323t c\u01a1 s\u01a1\u0309 gia\u0301o du\u0323c chi\u0309 \u0111i\u0323nh se\u0303:<\/p>\n<ul>\n<li>\u0111u\u0309 \u0111i\u00ea\u0300u ki\u00ea\u0323n la\u0300m vi\u00ea\u0323c ngoa\u0300i khu\u00f4n vi\u00ean tr\u01b0\u01a1\u0300ng ma\u0300 kh\u00f4ng c\u00e2\u0300n gi\u00e2\u0301y phe\u0301p lao \u0111\u00f4\u0323ng<\/li>\n<li>\u0111\u01b0\u01a1\u0323c phe\u0301p la\u0300m vi\u00ea\u0323c ngoa\u0300i khu\u00f4n vi\u00ean tr\u01b0\u01a1\u0300ng t\u00f4\u0301i \u0111a 20 gi\u01a1\u0300 m\u00f4\u0323t tu\u00e2\u0300n trong m\u00f4\u0323t bu\u1ed5i ho\u0323c bi\u0300nh th\u01b0\u01a1\u0300ng va\u0300 toa\u0300n th\u01a1\u0300i gian trong nga\u0300y nghi\u0309 theo li\u0323ch tri\u0300nh th\u00f4ng th\u01b0\u01a1\u0300ng<\/li>\n<li>co\u0301 kha\u0309 n\u0103ng la\u0300m vi\u00ea\u0323c ngoa\u0300i khu\u00f4n vi\u00ean tr\u01b0\u01a1\u0300ng ngay l\u00e2\u0323p t\u01b0\u0301c thay vi\u0300 pha\u0309i \u0111\u01a1\u0323i 6 tha\u0301ng.<\/li>\n<\/ul>\n<p><em>\u0110\u00ea\u0309 bi\u00ea\u0301t th\u00eam th\u00f4ng tin<\/em><strong>:\u00a0<\/strong><a href=\"http:\/\/www.cic.gc.ca\/english\/study\/study-changes.asp\" target=\"_blank\" rel=\"noopener\">www.cic.gc.ca\/english\/study\/study-changes.asp<\/a><\/p>\n<p><em>L\u1ea5y gi\u1ea5y ph\u00e9p lao \u0111\u1ed9ng cho h\u1ecdc sinh<\/em><strong>:\u00a0<\/strong><a href=\"http:\/\/www.cic.gc.ca\/english\/study\/work.asp\" target=\"_blank\" rel=\"noopener\">www.cic.gc.ca\/english\/study\/work.asp<\/a><\/p>\n<h4><strong>C\u00e2\u0300n th\u00eam th\u00f4ng tin v\u00ea\u0300 h\u1ecdc vi\u1ec7c ta\u0323i Ontario?<\/strong><\/h4>\n<ul>\n<li><a href=\"http:\/\/www.tcu.gov.on.ca\/eng\/employmentontario\/training\/pathways.html\" target=\"_blank\" rel=\"noopener\"><em>Ca\u0301c L\u00f4\u0323 Tri\u0300nh cho Ho\u0323c Vi\u00ea\u0323c Ontario<\/em><\/a><\/li>\n<li><a href=\"http:\/\/www.tcu.gov.on.ca\/eng\/apprentices\/app_train.html\" target=\"_blank\" rel=\"noopener\"><em>Ch\u01b0\u01a1ng Tr\u00ecnh H\u1ecdc Vi\u1ec7c t\u1ea1i Ontario<\/em><\/a><\/li>\n<li><a href=\"http:\/\/www.careersintrades.ca\/wp-content\/uploads\/2015\/09\/CAF_ApprenticeshipGuide_2013.pdf\" target=\"_blank\" rel=\"noopener\"><em>Apprenticeship: Your Career Starts NOW: A Guide to Careers in the Skilled Trades (H\u1ecdc Vi\u1ec7c: Ng\u00e0nh Ngh\u1ec1 c\u1ee7a B\u1ea1n B\u1eaft \u0110\u1ea7u T\u1eea B\u00c2Y GI\u1edc: H\u01b0\u1edbng D\u1eabn Ng\u00e0nh Ngh\u1ec1 \u1edf c\u00e1c Ng\u00e0nh Ngh\u1ec1 y\u00eau c\u1ea7u K\u1ef9 N\u0103ng)<\/em><\/a><\/li>\n<li><em><a href=\"http:\/\/www.ontransfer.ca\/index_en.php?page=the_ontario_postsecondary_transfer_guide\" target=\"_blank\" rel=\"noopener\">Th\u00f4ng tin v\u1ec1 vi\u1ec7c chuy\u1ec3n ti\u1ebfp c\u00e1c t\u00edn ch\u1ec9 t\u1eeb m\u1ed9t c\u01a1 s\u1edf gi\u00e1o d\u1ee5c sau trung h\u1ecdc sang m\u1ed9t c\u01a1 s\u1edf kh\u00e1c<\/a>\u00a0(v\u00ed d\u1ee5: h\u1ecdc vi\u1ec7c chuy\u1ec3n ti\u1ebfp l\u00ean \u0111\u1ea1i h\u1ecdc)<\/em><\/li>\n<\/ul>\n<\/div>\n<\/div>\n<\/div><\/div><\/div><\/div><\/div><\/div><\/div>","protected":false},"excerpt":{"rendered":"H\u1ecdc Vi\u1ec7c \u1edf Ontario cho H\u1ecdc Sinh Qu\u1ed1c T\u1ebf Trang Ch\u1ee7 H\u1ecdc Vi\u1ec7c \u1edf Ontario cho H\u1ecdc Sinh Qu\u1ed1c T\u1ebf \u0110\u1ed3 H\u1ecda Th\u00f4ng Tin v\u1ec1 L\u1ed9 Tr\u00ecnh Gi\u00e1o D\u1ee5c \u1edf Ontario C\u00e2u H\u1ecfi Th\u01b0\u1eddng G\u1eb7p v\u1ec1 L\u1ed9 Tr\u00ecnh Gi\u00e1o D\u1ee5c \u1edf Ontario cho H\u1ecdc Sinh Qu\u1ed1c T\u1ebf C\u01a1 H\u1ed9i H\u1ecdc B\u1ed5ng \u1edf Ontario cho H\u1ecdc&#8230; <a class=\"view-article\" href=\"https:\/\/www.oasdi.ca\/vi\/pathways\/apprenticeships\/\">View Article<\/a>","protected":false},"author":237,"featured_media":19383,"parent":18242,"menu_order":0,"comment_status":"closed","ping_status":"closed","template":"","meta":{"footnotes":""},"class_list":["post-20344","page","type-page","status-publish","has-post-thumbnail","hentry"],"yoast_head":"<!-- This site is optimized with the Yoast SEO plugin v21.5 - https:\/\/yoast.com\/wordpress\/plugins\/seo\/ -->\n<title>H\u1ecdc Vi\u1ec7c \u1edf Ontario | Gi\u00e1o D\u1ee5c Qu\u1ed1c T\u1ebf | OASDI<\/title>\n<meta name=\"description\" content=\"H\u1ecdc vi\u1ec7c l\u00e0 m\u1ed9t lo\u1ea1i h\u00ecnh gi\u00e1o d\u1ee5c \u0111\u1eb7c bi\u1ec7t \u0111\u00e0o t\u1ea1o h\u1ecdc vi\u00ean tr\u1edf th\u00e0nh th\u1ee3 tay ngh\u1ec1 cao. T\u00ecm hi\u1ec3u th\u00eam v\u1ec1 h\u1ecdc vi\u1ec7c t\u1ea1i Ontario \u1edf \u0111\u00e2y.\" \/>\n<meta name=\"robots\" content=\"index, follow, max-snippet:-1, max-image-preview:large, max-video-preview:-1\" \/>\n<link rel=\"canonical\" href=\"https:\/\/www.oasdi.ca\/vi\/pathways\/apprenticeships\/\" \/>\n<meta property=\"og:locale\" content=\"vi_VN\" \/>\n<meta property=\"og:type\" content=\"article\" \/>\n<meta property=\"og:title\" content=\"H\u1ecdc Vi\u1ec7c \u1edf Ontario | Gi\u00e1o D\u1ee5c Qu\u1ed1c T\u1ebf | OASDI\" \/>\n<meta property=\"og:description\" content=\"H\u1ecdc vi\u1ec7c l\u00e0 m\u1ed9t lo\u1ea1i h\u00ecnh gi\u00e1o d\u1ee5c \u0111\u1eb7c bi\u1ec7t \u0111\u00e0o t\u1ea1o h\u1ecdc vi\u00ean tr\u1edf th\u00e0nh th\u1ee3 tay ngh\u1ec1 cao. T\u00ecm hi\u1ec3u th\u00eam v\u1ec1 h\u1ecdc vi\u1ec7c t\u1ea1i Ontario \u1edf \u0111\u00e2y.\" \/>\n<meta property=\"og:url\" content=\"https:\/\/www.oasdi.ca\/vi\/pathways\/apprenticeships\/\" \/>\n<meta property=\"og:site_name\" content=\"OASDI\" \/>\n<meta property=\"article:modified_time\" content=\"2020-05-18T13:59:25+00:00\" \/>\n<meta property=\"og:image\" content=\"https:\/\/www.oasdi.ca\/wp-content\/uploads\/2020\/03\/college-in-ontario.jpg\" \/>\n\t<meta property=\"og:image:width\" content=\"1440\" \/>\n\t<meta property=\"og:image:height\" content=\"268\" \/>\n\t<meta property=\"og:image:type\" content=\"image\/jpeg\" \/>\n<meta name=\"twitter:card\" content=\"summary_large_image\" \/>\n<meta name=\"twitter:label1\" content=\"Est. reading time\" \/>\n\t<meta name=\"twitter:data1\" content=\"4 minutes\" \/>\n<script type=\"application\/ld+json\" class=\"yoast-schema-graph\">{\"@context\":\"https:\/\/schema.org\",\"@graph\":[{\"@type\":\"WebPage\",\"@id\":\"https:\/\/www.oasdi.ca\/vi\/pathways\/apprenticeships\/\",\"url\":\"https:\/\/www.oasdi.ca\/vi\/pathways\/apprenticeships\/\",\"name\":\"H\u1ecdc Vi\u1ec7c \u1edf Ontario | Gi\u00e1o D\u1ee5c Qu\u1ed1c T\u1ebf | OASDI\",\"isPartOf\":{\"@id\":\"https:\/\/www.oasdi.ca\/vi\/#website\"},\"datePublished\":\"2020-04-12T01:46:57+00:00\",\"dateModified\":\"2020-05-18T13:59:25+00:00\",\"description\":\"H\u1ecdc vi\u1ec7c l\u00e0 m\u1ed9t lo\u1ea1i h\u00ecnh gi\u00e1o d\u1ee5c \u0111\u1eb7c bi\u1ec7t \u0111\u00e0o t\u1ea1o h\u1ecdc vi\u00ean tr\u1edf th\u00e0nh th\u1ee3 tay ngh\u1ec1 cao. T\u00ecm hi\u1ec3u th\u00eam v\u1ec1 h\u1ecdc vi\u1ec7c t\u1ea1i Ontario \u1edf \u0111\u00e2y.\",\"breadcrumb\":{\"@id\":\"https:\/\/www.oasdi.ca\/vi\/pathways\/apprenticeships\/#breadcrumb\"},\"inLanguage\":\"vi-VN\",\"potentialAction\":[{\"@type\":\"ReadAction\",\"target\":[\"https:\/\/www.oasdi.ca\/vi\/pathways\/apprenticeships\/\"]}]},{\"@type\":\"BreadcrumbList\",\"@id\":\"https:\/\/www.oasdi.ca\/vi\/pathways\/apprenticeships\/#breadcrumb\",\"itemListElement\":[{\"@type\":\"ListItem\",\"position\":1,\"name\":\"Trang Ch\u1ee7\",\"item\":\"https:\/\/www.oasdi.ca\/vi\/\"},{\"@type\":\"ListItem\",\"position\":2,\"name\":\"L\u1ed9 Tr\u00ecnh Gi\u00e1o D\u1ee5c \u1edf Ontario cho H\u1ecdc Sinh Qu\u1ed1c T\u1ebf\",\"item\":\"https:\/\/www.oasdi.ca\/vi\/pathways\/\"},{\"@type\":\"ListItem\",\"position\":3,\"name\":\"H\u1ecdc Vi\u1ec7c \u1edf Ontario cho H\u1ecdc Sinh Qu\u1ed1c T\u1ebf\"}]},{\"@type\":\"WebSite\",\"@id\":\"https:\/\/www.oasdi.ca\/vi\/#website\",\"url\":\"https:\/\/www.oasdi.ca\/vi\/\",\"name\":\"OASDI\",\"description\":\"Ontario Association of School District International\",\"publisher\":{\"@id\":\"https:\/\/www.oasdi.ca\/vi\/#organization\"},\"potentialAction\":[{\"@type\":\"SearchAction\",\"target\":{\"@type\":\"EntryPoint\",\"urlTemplate\":\"https:\/\/www.oasdi.ca\/vi\/?s={search_term_string}\"},\"query-input\":\"required name=search_term_string\"}],\"inLanguage\":\"vi-VN\"},{\"@type\":\"Organization\",\"@id\":\"https:\/\/www.oasdi.ca\/vi\/#organization\",\"name\":\"OASDI\",\"url\":\"https:\/\/www.oasdi.ca\/vi\/\",\"logo\":{\"@type\":\"ImageObject\",\"inLanguage\":\"vi-VN\",\"@id\":\"https:\/\/www.oasdi.ca\/vi\/#\/schema\/logo\/image\/\",\"url\":\"https:\/\/www.oasdi.ca\/wp-content\/uploads\/2020\/02\/cropped-oasdi-logo.png\",\"contentUrl\":\"https:\/\/www.oasdi.ca\/wp-content\/uploads\/2020\/02\/cropped-oasdi-logo.png\",\"width\":468,\"height\":96,\"caption\":\"OASDI\"},\"image\":{\"@id\":\"https:\/\/www.oasdi.ca\/vi\/#\/schema\/logo\/image\/\"}}]}<\/script>\n<!-- \/ Yoast SEO plugin. -->","yoast_head_json":{"title":"H\u1ecdc Vi\u1ec7c \u1edf Ontario | Gi\u00e1o D\u1ee5c Qu\u1ed1c T\u1ebf | OASDI","description":"H\u1ecdc vi\u1ec7c l\u00e0 m\u1ed9t lo\u1ea1i h\u00ecnh gi\u00e1o d\u1ee5c \u0111\u1eb7c bi\u1ec7t \u0111\u00e0o t\u1ea1o h\u1ecdc vi\u00ean tr\u1edf th\u00e0nh th\u1ee3 tay ngh\u1ec1 cao. T\u00ecm hi\u1ec3u th\u00eam v\u1ec1 h\u1ecdc vi\u1ec7c t\u1ea1i Ontario \u1edf \u0111\u00e2y.","robots":{"index":"index","follow":"follow","max-snippet":"max-snippet:-1","max-image-preview":"max-image-preview:large","max-video-preview":"max-video-preview:-1"},"canonical":"https:\/\/www.oasdi.ca\/vi\/pathways\/apprenticeships\/","og_locale":"vi_VN","og_type":"article","og_title":"H\u1ecdc Vi\u1ec7c \u1edf Ontario | Gi\u00e1o D\u1ee5c Qu\u1ed1c T\u1ebf | OASDI","og_description":"H\u1ecdc vi\u1ec7c l\u00e0 m\u1ed9t lo\u1ea1i h\u00ecnh gi\u00e1o d\u1ee5c \u0111\u1eb7c bi\u1ec7t \u0111\u00e0o t\u1ea1o h\u1ecdc vi\u00ean tr\u1edf th\u00e0nh th\u1ee3 tay ngh\u1ec1 cao. T\u00ecm hi\u1ec3u th\u00eam v\u1ec1 h\u1ecdc vi\u1ec7c t\u1ea1i Ontario \u1edf \u0111\u00e2y.","og_url":"https:\/\/www.oasdi.ca\/vi\/pathways\/apprenticeships\/","og_site_name":"OASDI","article_modified_time":"2020-05-18T13:59:25+00:00","og_image":[{"width":1440,"height":268,"url":"https:\/\/www.oasdi.ca\/wp-content\/uploads\/2020\/03\/college-in-ontario.jpg","type":"image\/jpeg"}],"twitter_card":"summary_large_image","twitter_misc":{"Est. reading time":"4 minutes"},"schema":{"@context":"https:\/\/schema.org","@graph":[{"@type":"WebPage","@id":"https:\/\/www.oasdi.ca\/vi\/pathways\/apprenticeships\/","url":"https:\/\/www.oasdi.ca\/vi\/pathways\/apprenticeships\/","name":"H\u1ecdc Vi\u1ec7c \u1edf Ontario | Gi\u00e1o D\u1ee5c Qu\u1ed1c T\u1ebf | OASDI","isPartOf":{"@id":"https:\/\/www.oasdi.ca\/vi\/#website"},"datePublished":"2020-04-12T01:46:57+00:00","dateModified":"2020-05-18T13:59:25+00:00","description":"H\u1ecdc vi\u1ec7c l\u00e0 m\u1ed9t lo\u1ea1i h\u00ecnh gi\u00e1o d\u1ee5c \u0111\u1eb7c bi\u1ec7t \u0111\u00e0o t\u1ea1o h\u1ecdc vi\u00ean tr\u1edf th\u00e0nh th\u1ee3 tay ngh\u1ec1 cao. T\u00ecm hi\u1ec3u th\u00eam v\u1ec1 h\u1ecdc vi\u1ec7c t\u1ea1i Ontario \u1edf \u0111\u00e2y.","breadcrumb":{"@id":"https:\/\/www.oasdi.ca\/vi\/pathways\/apprenticeships\/#breadcrumb"},"inLanguage":"vi-VN","potentialAction":[{"@type":"ReadAction","target":["https:\/\/www.oasdi.ca\/vi\/pathways\/apprenticeships\/"]}]},{"@type":"BreadcrumbList","@id":"https:\/\/www.oasdi.ca\/vi\/pathways\/apprenticeships\/#breadcrumb","itemListElement":[{"@type":"ListItem","position":1,"name":"Trang Ch\u1ee7","item":"https:\/\/www.oasdi.ca\/vi\/"},{"@type":"ListItem","position":2,"name":"L\u1ed9 Tr\u00ecnh Gi\u00e1o D\u1ee5c \u1edf Ontario cho H\u1ecdc Sinh Qu\u1ed1c T\u1ebf","item":"https:\/\/www.oasdi.ca\/vi\/pathways\/"},{"@type":"ListItem","position":3,"name":"H\u1ecdc Vi\u1ec7c \u1edf Ontario cho H\u1ecdc Sinh Qu\u1ed1c T\u1ebf"}]},{"@type":"WebSite","@id":"https:\/\/www.oasdi.ca\/vi\/#website","url":"https:\/\/www.oasdi.ca\/vi\/","name":"OASDI","description":"Ontario Association of School District International","publisher":{"@id":"https:\/\/www.oasdi.ca\/vi\/#organization"},"potentialAction":[{"@type":"SearchAction","target":{"@type":"EntryPoint","urlTemplate":"https:\/\/www.oasdi.ca\/vi\/?s={search_term_string}"},"query-input":"required name=search_term_string"}],"inLanguage":"vi-VN"},{"@type":"Organization","@id":"https:\/\/www.oasdi.ca\/vi\/#organization","name":"OASDI","url":"https:\/\/www.oasdi.ca\/vi\/","logo":{"@type":"ImageObject","inLanguage":"vi-VN","@id":"https:\/\/www.oasdi.ca\/vi\/#\/schema\/logo\/image\/","url":"https:\/\/www.oasdi.ca\/wp-content\/uploads\/2020\/02\/cropped-oasdi-logo.png","contentUrl":"https:\/\/www.oasdi.ca\/wp-content\/uploads\/2020\/02\/cropped-oasdi-logo.png","width":468,"height":96,"caption":"OASDI"},"image":{"@id":"https:\/\/www.oasdi.ca\/vi\/#\/schema\/logo\/image\/"}}]}},"_links":{"self":[{"href":"https:\/\/www.oasdi.ca\/vi\/wp-json\/wp\/v2\/pages\/20344"}],"collection":[{"href":"https:\/\/www.oasdi.ca\/vi\/wp-json\/wp\/v2\/pages"}],"about":[{"href":"https:\/\/www.oasdi.ca\/vi\/wp-json\/wp\/v2\/types\/page"}],"author":[{"embeddable":true,"href":"https:\/\/www.oasdi.ca\/vi\/wp-json\/wp\/v2\/users\/237"}],"replies":[{"embeddable":true,"href":"https:\/\/www.oasdi.ca\/vi\/wp-json\/wp\/v2\/comments?post=20344"}],"version-history":[{"count":0,"href":"https:\/\/www.oasdi.ca\/vi\/wp-json\/wp\/v2\/pages\/20344\/revisions"}],"up":[{"embeddable":true,"href":"https:\/\/www.oasdi.ca\/vi\/wp-json\/wp\/v2\/pages\/18242"}],"wp:featuredmedia":[{"embeddable":true,"href":"https:\/\/www.oasdi.ca\/vi\/wp-json\/wp\/v2\/media\/19383"}],"wp:attachment":[{"href":"https:\/\/www.oasdi.ca\/vi\/wp-json\/wp\/v2\/media?parent=20344"}],"curies":[{"name":"wp","href":"https:\/\/api.w.org\/{rel}","templated":true}]}}