{"id":20253,"date":"2020-03-22T01:11:10","date_gmt":"2020-03-22T01:11:10","guid":{"rendered":"http:\/\/oasdi.ca\/pathways\/college-in-ontario\/application-process\/"},"modified":"2020-05-18T13:19:34","modified_gmt":"2020-05-18T13:19:34","slug":"application-process","status":"publish","type":"page","link":"https:\/\/www.oasdi.ca\/vi\/pathways\/college-in-ontario\/application-process\/","title":{"rendered":"Y\u00eau C\u1ea7u \u0110\u1ea7u v\u00e0o Tr\u01b0\u1eddng Cao \u0110\u1eb3ng \u1edf Ontario v\u00e0 Quy Tr\u00ecnh N\u1ed9p \u0110\u01a1n"},"content":{"rendered":"<div id=\"pl-20253\"  class=\"panel-layout\" ><div id=\"pg-20253-0\"  class=\"panel-grid panel-no-style\" ><div id=\"pgc-20253-0-0\"  class=\"panel-grid-cell\" ><div id=\"panel-20253-0-0-0\" class=\"so-panel widget widget_sow-image panel-first-child panel-last-child\" data-index=\"0\" ><div class=\"is-featured-img panel-widget-style panel-widget-style-for-20253-0-0-0\" ><div\n\t\t\t\n\t\t\tclass=\"so-widget-sow-image so-widget-sow-image-default-c4f6304fc136-20253\"\n\t\t\t\n\t\t>\n\n<div class=\"sow-image-container\">\n\t\t<img loading=\"lazy\" decoding=\"async\" src=\"https:\/\/www.oasdi.ca\/wp-content\/uploads\/2020\/03\/oasdi-ontario.jpg\" width=\"1440\" height=\"268\" srcset=\"https:\/\/www.oasdi.ca\/wp-content\/uploads\/2020\/03\/oasdi-ontario.jpg 1440w, https:\/\/www.oasdi.ca\/wp-content\/uploads\/2020\/03\/oasdi-ontario-250x47.jpg 250w, https:\/\/www.oasdi.ca\/wp-content\/uploads\/2020\/03\/oasdi-ontario-700x130.jpg 700w, https:\/\/www.oasdi.ca\/wp-content\/uploads\/2020\/03\/oasdi-ontario-768x143.jpg 768w, https:\/\/www.oasdi.ca\/wp-content\/uploads\/2020\/03\/oasdi-ontario-120x22.jpg 120w\" sizes=\"(max-width: 1440px) 100vw, 1440px\" alt=\"\" \t\tclass=\"so-widget-image\"\/>\n\t<\/div>\n\n<\/div><\/div><\/div><\/div><\/div><div id=\"pg-20253-1\"  class=\"panel-grid panel-has-style\" ><div class=\"has-container panel-row-style panel-row-style-for-20253-1\" ><div id=\"pgc-20253-1-0\"  class=\"panel-grid-cell\" ><div id=\"panel-20253-1-0-0\" class=\"so-panel widget widget_hem-seo-title-widget panel-first-child panel-last-child\" data-index=\"1\" ><div class=\"panel-widget-style panel-widget-style-for-20253-1-0-0\" ><div\n\t\t\t\n\t\t\tclass=\"so-widget-hem-seo-title-widget so-widget-hem-seo-title-widget-hem-seo-title-widget-style-d75171398898-20253\"\n\t\t\t\n\t\t>\n<h1 style=\"font-size:px;\">Y\u00eau C\u1ea7u \u0110\u1ea7u v\u00e0o Tr\u01b0\u1eddng Cao \u0110\u1eb3ng \u1edf Ontario v\u00e0 Quy Tr\u00ecnh N\u1ed9p \u0110\u01a1n<\/h1>\n\n\n\n\t<!-- <div class=\"breadcrumb-trail\"><a href=\"index.php\">Home<\/a> \u00bb <span class=\"breadcrumb-current\">About<\/span><\/div> -->\n\t<div class=\"test1\"><span><span><a href=\"https:\/\/www.oasdi.ca\/vi\/\">Trang Ch\u1ee7<\/a><\/span><\/span><\/div>\n<\/div><\/div><\/div><\/div><\/div><\/div><div id=\"pg-20253-2\"  class=\"panel-grid panel-has-style\" ><div class=\"has-container panel-row-style panel-row-style-for-20253-2\" ><div id=\"pgc-20253-2-0\"  class=\"panel-grid-cell\" ><div id=\"panel-20253-2-0-0\" class=\"so-panel widget widget_hem-sidebar-menu-widget panel-first-child\" data-index=\"2\" ><div\n\t\t\t\n\t\t\tclass=\"so-widget-hem-sidebar-menu-widget so-widget-hem-sidebar-menu-widget-hem-sidebar-menu-widget-style-d75171398898-20253\"\n\t\t\t\n\t\t><div id=\"sidebar\">\n\t\t\t<ul id=\"side-menu\" class=\"side-menu menu-embedded\">\n\t\t\t\n\t\t\t\t\t\t\t\t\n\t\t\t\t\t\t\t\t\t\t\t<li><a class=\"active\" href=\"https:\/\/www.oasdi.ca\/vi\/pathways\/college-in-ontario\/application-process\/\">Y\u00eau C\u1ea7u \u0110\u1ea7u v\u00e0o Tr\u01b0\u1eddng Cao \u0110\u1eb3ng \u1edf Ontario v\u00e0 Quy Tr\u00ecnh N\u1ed9p \u0110\u01a1n<\/a><\/li>\n\t\t\t\t\t\t\t\t\t\t\n\n\t\t\t\t<!-- Extra menu -->\n\t\t\t\t\n\n\n\t\t\t\t\t<\/ul>\n\t\n\n<\/div><\/div><\/div><div id=\"panel-20253-2-0-1\" class=\"so-panel widget widget_hem-sidebar-link-widget panel-last-child\" data-index=\"3\" ><div\n\t\t\t\n\t\t\tclass=\"so-widget-hem-sidebar-link-widget so-widget-hem-sidebar-link-widget-hem-sidebar-link-widget-style-d75171398898-20253\"\n\t\t\t\n\t\t><div id=\"sidebar\" class=\"external-link-only\">\n\n\n\n\t\t\t\t<!-- Extra menu -->\n\t\t\t\t\t\t\t\t\t<ul id=\"side-menu\" class=\"side-menu menu-embedded\">\n\t\t\t\t\t\t\t\t\t\t\t\t\t\t\t\t\t\t\t\t\t<li><a  href=\"https:\/\/www.oasdi.ca\/map-search\/\">Map Overview<\/a><\/li>\n\t\t\t\t\t\t\t\t\t\t\t\t\t\t\n\t\t\t\t\t\t\t\t\t\t\t\t\t\t\t\t\t\t\t\t\t<li><a  href=\"https:\/\/www.oasdi.ca\/district-list\/\">District List<\/a><\/li>\n\t\t\t\t\t\t\t\t\t\t\t\t\t\t\n\t\t\t\t\t\t\t\n\t\t\t\t\t<\/ul>\n\t\t\t\t\n\t\t\t\t\n\n\n\n\n<\/div><\/div><\/div><\/div><div id=\"pgc-20253-2-1\"  class=\"panel-grid-cell\" ><div class=\"pl-sm-3 pl-md-5 panel-cell-style panel-cell-style-for-20253-2-1\" ><div id=\"panel-20253-2-1-0\" class=\"so-panel widget widget_sow-editor panel-first-child panel-last-child\" data-index=\"4\" ><div\n\t\t\t\n\t\t\tclass=\"so-widget-sow-editor so-widget-sow-editor-base\"\n\t\t\t\n\t\t>\n<div class=\"siteorigin-widget-tinymce textwidget\">\n\t<p>C\u00e1c y\u00eau c\u1ea7u \u0111\u1ec3 \u0111\u01b0\u1ee3c nh\u1eadp h\u1ecdc kh\u00e1c nhau gi\u1eefa c\u00e1c tr\u01b0\u1eddng \u0111\u1ea1i h\u1ecdc; do \u0111\u00f3, h\u1ecdc sinh c\u1ea7n ph\u1ea3i tham kh\u1ea3o c\u00e1c trang web v\u00e0 ch\u01b0\u01a1ng tr\u00ecnh t\u1ea1i c\u00e1c tr\u01b0\u1eddng \u0111\u1ea1i h\u1ecdc c\u1ee5 th\u1ec3.\u00a0 Chu\u0301 y\u0301 r\u0103\u0300ng m\u00f4\u0323t s\u00f4\u0301 ch\u01b0\u01a1ng tri\u0300nh co\u0301 s\u00f4\u0301 l\u01b0\u01a1\u0323ng tuy\u00ea\u0309n sinh gi\u01a1\u0301i ha\u0323n va\u0300 \u0111i\u00ea\u0300u ki\u00ea\u0323n nh\u00e2\u0323p ho\u0323c v\u00f4 cu\u0300ng ca\u0323nh tranh. H\u1ecdc sinh qu\u1ed1c t\u1ebf ph\u1ea3i tham kh\u1ea3o tr\u1ef1c ti\u1ebfp th\u1eddi h\u1ea1n n\u1ed9p \u0111\u01a1n \u0111\u0103ng k\u00fd cho m\u1ed7i tr\u01b0\u1eddng \u0111\u1ea1i h\u1ecdc.\u00a0 C\u1ed1 v\u1ea5n h\u01b0\u1edbng d\u1eabn c\u1ee7a tr\u01b0\u1eddng trung h\u1ecdc s\u1ebd c\u00f3 th\u1ec3 gi\u00fap b\u1ea1n trong quy tr\u00ecnh n\u1ed9p \u0111\u01a1n \u0111\u0103ng k\u00fd n\u00e0y.<\/p>\n<p>C\u00e1c h\u1ecdc sinh qu\u1ed1c t\u1ebf s\u1ebd t\u00ecm th\u1ea5y c\u00e1c li\u00ean k\u1ebft trong trang web c\u1ee7a m\u1ed7i tr\u01b0\u1eddng \u0111\u1ea1i h\u1ecdc \u1edf Ontario \u0111\u1ec3 n\u1ed9p \u0111\u01a1n \u0111\u0103ng k\u00fd:\u00a0 t\u1ea5t c\u1ea3 c\u00e1c \u0111\u01a1n \u0111\u0103ng k\u00fd li\u00ean k\u1ebft v\u1edbi c\u00e1c Trung T\u00e2m N\u1ed9p \u0110\u01a1n (OUAC) c\u1ee7a c\u00e1c Tr\u01b0\u1eddng \u0110\u1ea1i H\u1ecdc \u1edf Ontario.<\/p>\n<p>H\u1ecdc sinh qu\u1ed1c t\u1ebf\u00a0<strong>NH\u1eeeNG NG\u01af\u1edcI \u0110ANG C\u01af TR\u00da T\u1ea0I CANADA D\u1ef0A TR\u00caN GI\u1ea4Y PH\u00c9P H\u1eccC T\u1eacP\u00a0<u>PH\u1ea2I<\/u><\/strong>\u00a0s\u1eed d\u1ee5ng \u0111\u01a1n \u0111\u0103ng k\u00fd tr\u1ef1c tuy\u1ebfn 105D \u0111\u1ec3 \u0111\u0103ng k\u00fd v\u00e0o ch\u01b0\u01a1ng tr\u00ecnh \u0111\u1ea1i h\u1ecdc \u1edf Ontario:\u00a0<a href=\"http:\/\/www.horizon.ouac.on.ca\/webapp\/base.d2w\/report?ident=MAIN_DSP&amp;merchant_rn=26&amp;action_id=choose\" target=\"_blank\" rel=\"noopener\">www.horizon.ouac.on.ca\/webapp\/base.d2w\/report?ident=MAIN_DSP&amp;merchant_rn=26&amp;action_id=choose<\/a><\/p>\n<p>H\u1ecdc sinh qu\u1ed1c t\u1ebf\u00a0<strong>NH\u1eeeNG NG\u01af\u1edcI \u0110ANG S\u1ed0NG B\u00caN NGO\u00c0I CANADA V\u00c0 KH\u00d4NG C\u00d3 GI\u1ea4Y PH\u00c9P H\u1eccC T\u1eacP\u00a0<u>PH\u1ea2I<\/u><\/strong>\u00a0s\u1eed d\u1ee5ng \u0111\u01a1n \u0111\u0103ng k\u00fd tr\u1ef1c tuy\u1ebfn 105F \u0111\u1ec3 \u0111\u0103ng k\u00fd v\u00e0o ch\u01b0\u01a1ng tr\u00ecnh \u0111\u1ea1i h\u1ecdc \u1edf Ontario:\u00a0<a href=\"http:\/\/www.horizon.ouac.on.ca\/webapp\/base.d2w\/report?ident=MAIN_DSP&amp;merchant_rn=16230&amp;action_id=choose\" target=\"_blank\" rel=\"noopener\">www.horizon.ouac.on.ca\/webapp\/base.d2w\/report?ident=MAIN_DSP&amp;merchant_rn=16230&amp;action_id=choose<\/a><\/p>\n<h3>B\u1ea1n c\u00f3 c\u1ea7n th\u00eam th\u00f4ng tin v\u1ec1 c\u00e1c tr\u01b0\u1eddng \u0111\u1ea1i h\u1ecdc \u1edf Ontario?<\/h3>\n<p><em><a href=\"http:\/\/www.ouac.on.ca\/ouac-105\" target=\"_blank\" rel=\"noopener\">Trung T\u00e2m N\u1ed9p \u0110\u01a1n c\u1ee7a C\u00e1c Tr\u01b0\u1eddng \u0110\u1ea1i H\u1ecdc Ontario, bao g\u1ed3m video v\u00e0 h\u01b0\u1edbng d\u1eabn chi ti\u1ebft<\/a><\/em><\/p>\n<p><em><a href=\"http:\/\/www.ontario.ca\/page\/ontario-universities\" target=\"_blank\" rel=\"noopener\">Danh s\u00e1ch c\u00e1c tr\u01b0\u1eddng \u0111\u1ea1i h\u1ecdc \u1edf Ontario<\/a><\/em><\/p>\n<p>N\u00f3i chung, h\u1ecdc sinh qu\u1ed1c t\u1ebf c\u00f3 OSSD c\u00f3 th\u1ec3 n\u1ed9p \u0111\u01a1n v\u00e0 s\u1ebd c\u1ea7n \u00edt nh\u1ea5t c\u00e1c gi\u1ea5y t\u1edd sau:<\/p>\n<ul>\n<li>Ba\u0309ng \u0111i\u00ea\u0309m<\/li>\n<li>B\u1eb1ng ch\u1ee9ng v\u1ec1 tr\u00ecnh \u0111\u1ed9 th\u00f4ng th\u1ea1o ng\u00f4n ng\u1eef (c\u00e1c tr\u01b0\u1eddng cao \u0111\u1eb3ng kh\u00e1c nhau y\u00eau c\u1ea7u c\u00e1c b\u00e0i ki\u1ec3m tra tr\u00ecnh \u0111\u1ed9 Anh ng\u1eef kh\u00e1c nhau, nh\u01b0 TOEFL\/IELTS\/CAEL\/MELAB)<\/li>\n<li>Gi\u00e2\u0301y kha\u0301m s\u01b0\u0301c kho\u0309e<\/li>\n<li><a href=\"http:\/\/www.cic.gc.ca\/english\/study\/index.asp\" target=\"_blank\" rel=\"noopener\">Gi\u1ea5y ph\u00e9p h\u1ecdc t\u1eadp<\/a><\/li>\n<li>\u0110a\u0301nh gia\u0301 ca\u0301c ch\u01b0\u0301ng chi\u0309<\/li>\n<\/ul>\n<p>H\u1ecdc sinh qu\u1ed1c t\u1ebf th\u01b0\u1eddng kh\u00f4ng \u0111\u1ee7 \u0111i\u1ec1u ki\u1ec7n nh\u1eadn kho\u1ea3n vay c\u1ee7a ch\u00ednh ph\u1ee7, nh\u01b0ng c\u00f3 th\u1ec3 \u0111\u1ee7 \u0111i\u1ec1u ki\u1ec7n nh\u1eadn h\u1ecdc b\u1ed5ng:\u00a0<a href=\"http:\/\/www.scholarships-bourses.gc.ca\/scholarships-bourses\/index.aspx?lang=eng\" target=\"_blank\" rel=\"noopener\">www.scholarships-bourses.gc.ca\/scholarships-bourses\/index.aspx?lang=eng<\/a><\/p>\n<p><em>T\u1ea5t c\u1ea3 th\u00f4ng tin b\u1ea1n c\u1ea7n \u0111\u1ec3 \u0111\u0103ng k\u00fd v\u00e0o m\u1ed9t Tr\u01b0\u1eddng \u0110\u1ea1i H\u1ecdc \u1edf Ontario:\u00a0\u00a0<a href=\"https:\/\/www.ontario.ca\/page\/study-ontario-international-students\" target=\"_blank\" rel=\"noopener\">www.ontario.ca\/page\/study-ontario-international-students<\/a><\/em><\/p>\n<h3>Ca\u0301c Quy \u0110i\u0323nh M\u01a1\u0301i v\u00ea\u0300 Gi\u00e2\u0301y Phe\u0301p Ho\u0323c T\u00e2\u0323p<\/h3>\n<p>Ca\u0301c quy t\u0103\u0301c m\u01a1\u0301i co\u0301 hi\u00ea\u0323u l\u01b0\u0323c va\u0300o nga\u0300y 1 tha\u0301ng 6 n\u0103m 2014, giu\u0301p cho nh\u01b0\u0303ng ng\u01b0\u01a1\u0300i co\u0301 gi\u00e2\u0301y phe\u0301p ho\u0323c t\u00e2\u0323p d\u00ea\u0303 da\u0300ng la\u0300m vi\u00ea\u0323c ngoa\u0300i khu\u00f4n vi\u00ean tr\u01b0\u01a1\u0300ng. Ca\u0301c h\u1ecdc sinh toa\u0300n th\u01a1\u0300i gian theo \u0111u\u00f4\u0309i m\u00f4\u0323t ch\u01b0\u01a1ng tri\u0300nh ho\u0323c thu\u00e2\u0323t, chuy\u00ean m\u00f4n hay da\u0323y ngh\u00ea\u0300 ta\u0323i m\u00f4\u0323t c\u01a1 s\u01a1\u0309 gia\u0301o du\u0323c chi\u0309 \u0111i\u0323nh se\u0303:<\/p>\n<ul>\n<li>\u0111u\u0309 \u0111i\u00ea\u0300u ki\u00ea\u0323n la\u0300m vi\u00ea\u0323c ngoa\u0300i khu\u00f4n vi\u00ean tr\u01b0\u01a1\u0300ng ma\u0300 kh\u00f4ng c\u00e2\u0300n gi\u00e2\u0301y phe\u0301p lao \u0111\u00f4\u0323ng<\/li>\n<li>\u0111\u01b0\u01a1\u0323c phe\u0301p la\u0300m vi\u00ea\u0323c ngoa\u0300i khu\u00f4n vi\u00ean tr\u01b0\u01a1\u0300ng t\u00f4\u0301i \u0111a 20 gi\u01a1\u0300 m\u00f4\u0323t tu\u00e2\u0300n trong m\u00f4\u0323t bu\u1ed5i ho\u0323c bi\u0300nh th\u01b0\u01a1\u0300ng va\u0300 toa\u0300n th\u01a1\u0300i gian trong nga\u0300y nghi\u0309 theo li\u0323ch tri\u0300nh th\u00f4ng th\u01b0\u01a1\u0300ng<\/li>\n<li>co\u0301 kha\u0309 n\u0103ng la\u0300m vi\u00ea\u0323c ngoa\u0300i khu\u00f4n vi\u00ean tr\u01b0\u01a1\u0300ng ngay l\u00e2\u0323p t\u01b0\u0301c thay vi\u0300 pha\u0309i \u0111\u01a1\u0323i 6 tha\u0301ng.<\/li>\n<\/ul>\n<p><em>\u0110\u00ea\u0309 bi\u00ea\u0301t th\u00eam th\u00f4ng tin, truy c\u1eadp:\u00a0<a href=\"http:\/\/www.cic.gc.ca\/english\/study\/study-changes.asp\" target=\"_blank\" rel=\"noopener\">www.cic.gc.ca\/english\/study\/study-changes.asp<\/a><\/em><\/p>\n<\/div>\n<\/div><\/div><\/div><\/div><\/div><\/div><\/div>","protected":false},"excerpt":{"rendered":"Y\u00eau C\u1ea7u \u0110\u1ea7u v\u00e0o Tr\u01b0\u1eddng Cao \u0110\u1eb3ng \u1edf Ontario v\u00e0 Quy Tr\u00ecnh N\u1ed9p \u0110\u01a1n Trang Ch\u1ee7 Y\u00eau C\u1ea7u \u0110\u1ea7u v\u00e0o Tr\u01b0\u1eddng Cao \u0110\u1eb3ng \u1edf Ontario v\u00e0 Quy Tr\u00ecnh N\u1ed9p \u0110\u01a1n Map Overview District List C\u00e1c y\u00eau c\u1ea7u \u0111\u1ec3 \u0111\u01b0\u1ee3c nh\u1eadp h\u1ecdc kh\u00e1c nhau gi\u1eefa c\u00e1c tr\u01b0\u1eddng \u0111\u1ea1i h\u1ecdc; do \u0111\u00f3, h\u1ecdc sinh c\u1ea7n ph\u1ea3i tham&#8230; <a class=\"view-article\" href=\"https:\/\/www.oasdi.ca\/vi\/pathways\/college-in-ontario\/application-process\/\">View Article<\/a>","protected":false},"author":237,"featured_media":19383,"parent":20208,"menu_order":0,"comment_status":"closed","ping_status":"closed","template":"","meta":{"footnotes":""},"class_list":["post-20253","page","type-page","status-publish","has-post-thumbnail","hentry"],"yoast_head":"<!-- This site is optimized with the Yoast SEO plugin v21.5 - https:\/\/yoast.com\/wordpress\/plugins\/seo\/ -->\n<title>C\u00e1c N\u1ed9p \u0110\u01a1n v\u00e0o Tr\u01b0\u1eddng Cao \u0110\u1eb3ng \u1edf Ontario | Gi\u00e1o D\u1ee5c Qu\u1ed1c T\u1ebf<\/title>\n<meta name=\"description\" content=\"B\u1ea1n quan t\u00e2m \u0111\u1ebfn vi\u1ec7c h\u1ecdc cao \u0111\u1eb3ng \u1edf Ontario v\u1edbi t\u01b0 c\u00e1ch l\u00e0 h\u1ecdc sinh qu\u1ed1c t\u1ebf? T\u00ecm hi\u1ec3u th\u00eam v\u1ec1 y\u00eau c\u1ea7u \u0111\u1ea7u v\u00e0o v\u00e0 c\u00e1ch n\u1ed9p \u0111\u01a1n v\u00e0o cao \u0111\u1eb3ng \u1edf Ontario t\u1ea1i \u0111\u00e2y.\" \/>\n<meta name=\"robots\" content=\"index, follow, max-snippet:-1, max-image-preview:large, max-video-preview:-1\" \/>\n<link rel=\"canonical\" href=\"https:\/\/www.oasdi.ca\/vi\/pathways\/college-in-ontario\/application-process\/\" \/>\n<meta property=\"og:locale\" content=\"vi_VN\" \/>\n<meta property=\"og:type\" content=\"article\" \/>\n<meta property=\"og:title\" content=\"C\u00e1c N\u1ed9p \u0110\u01a1n v\u00e0o Tr\u01b0\u1eddng Cao \u0110\u1eb3ng \u1edf Ontario | Gi\u00e1o D\u1ee5c Qu\u1ed1c T\u1ebf\" \/>\n<meta property=\"og:description\" content=\"B\u1ea1n quan t\u00e2m \u0111\u1ebfn vi\u1ec7c h\u1ecdc cao \u0111\u1eb3ng \u1edf Ontario v\u1edbi t\u01b0 c\u00e1ch l\u00e0 h\u1ecdc sinh qu\u1ed1c t\u1ebf? T\u00ecm hi\u1ec3u th\u00eam v\u1ec1 y\u00eau c\u1ea7u \u0111\u1ea7u v\u00e0o v\u00e0 c\u00e1ch n\u1ed9p \u0111\u01a1n v\u00e0o cao \u0111\u1eb3ng \u1edf Ontario t\u1ea1i \u0111\u00e2y.\" \/>\n<meta property=\"og:url\" content=\"https:\/\/www.oasdi.ca\/vi\/pathways\/college-in-ontario\/application-process\/\" \/>\n<meta property=\"og:site_name\" content=\"OASDI\" \/>\n<meta property=\"article:modified_time\" content=\"2020-05-18T13:19:34+00:00\" \/>\n<meta property=\"og:image\" content=\"https:\/\/www.oasdi.ca\/wp-content\/uploads\/2020\/03\/college-in-ontario.jpg\" \/>\n\t<meta property=\"og:image:width\" content=\"1440\" \/>\n\t<meta property=\"og:image:height\" content=\"268\" \/>\n\t<meta property=\"og:image:type\" content=\"image\/jpeg\" \/>\n<meta name=\"twitter:card\" content=\"summary_large_image\" \/>\n<meta name=\"twitter:label1\" content=\"Est. reading time\" \/>\n\t<meta name=\"twitter:data1\" content=\"4 minutes\" \/>\n<script type=\"application\/ld+json\" class=\"yoast-schema-graph\">{\"@context\":\"https:\/\/schema.org\",\"@graph\":[{\"@type\":\"WebPage\",\"@id\":\"https:\/\/www.oasdi.ca\/vi\/pathways\/college-in-ontario\/application-process\/\",\"url\":\"https:\/\/www.oasdi.ca\/vi\/pathways\/college-in-ontario\/application-process\/\",\"name\":\"C\u00e1c N\u1ed9p \u0110\u01a1n v\u00e0o Tr\u01b0\u1eddng Cao \u0110\u1eb3ng \u1edf Ontario | Gi\u00e1o D\u1ee5c Qu\u1ed1c T\u1ebf\",\"isPartOf\":{\"@id\":\"https:\/\/www.oasdi.ca\/vi\/#website\"},\"datePublished\":\"2020-03-22T01:11:10+00:00\",\"dateModified\":\"2020-05-18T13:19:34+00:00\",\"description\":\"B\u1ea1n quan t\u00e2m \u0111\u1ebfn vi\u1ec7c h\u1ecdc cao \u0111\u1eb3ng \u1edf Ontario v\u1edbi t\u01b0 c\u00e1ch l\u00e0 h\u1ecdc sinh qu\u1ed1c t\u1ebf? T\u00ecm hi\u1ec3u th\u00eam v\u1ec1 y\u00eau c\u1ea7u \u0111\u1ea7u v\u00e0o v\u00e0 c\u00e1ch n\u1ed9p \u0111\u01a1n v\u00e0o cao \u0111\u1eb3ng \u1edf Ontario t\u1ea1i \u0111\u00e2y.\",\"breadcrumb\":{\"@id\":\"https:\/\/www.oasdi.ca\/vi\/pathways\/college-in-ontario\/application-process\/#breadcrumb\"},\"inLanguage\":\"vi-VN\",\"potentialAction\":[{\"@type\":\"ReadAction\",\"target\":[\"https:\/\/www.oasdi.ca\/vi\/pathways\/college-in-ontario\/application-process\/\"]}]},{\"@type\":\"BreadcrumbList\",\"@id\":\"https:\/\/www.oasdi.ca\/vi\/pathways\/college-in-ontario\/application-process\/#breadcrumb\",\"itemListElement\":[{\"@type\":\"ListItem\",\"position\":1,\"name\":\"Trang Ch\u1ee7\",\"item\":\"https:\/\/www.oasdi.ca\/vi\/\"},{\"@type\":\"ListItem\",\"position\":2,\"name\":\"L\u1ed9 Tr\u00ecnh Gi\u00e1o D\u1ee5c \u1edf Ontario cho H\u1ecdc Sinh Qu\u1ed1c T\u1ebf\",\"item\":\"https:\/\/www.oasdi.ca\/vi\/pathways\/\"},{\"@type\":\"ListItem\",\"position\":3,\"name\":\"Th\u00f4ng Tin v\u1ec1 Tr\u01b0\u1eddng Cao \u0110\u1eb3ng \u1edf Ontario cho H\u1ecdc Sinh Qu\u1ed1c T\u1ebf\",\"item\":\"https:\/\/www.oasdi.ca\/vi\/pathways\/college-in-ontario\/\"},{\"@type\":\"ListItem\",\"position\":4,\"name\":\"Y\u00eau C\u1ea7u \u0110\u1ea7u v\u00e0o Tr\u01b0\u1eddng Cao \u0110\u1eb3ng \u1edf Ontario v\u00e0 Quy Tr\u00ecnh N\u1ed9p \u0110\u01a1n\"}]},{\"@type\":\"WebSite\",\"@id\":\"https:\/\/www.oasdi.ca\/vi\/#website\",\"url\":\"https:\/\/www.oasdi.ca\/vi\/\",\"name\":\"OASDI\",\"description\":\"Ontario Association of School District International\",\"publisher\":{\"@id\":\"https:\/\/www.oasdi.ca\/vi\/#organization\"},\"potentialAction\":[{\"@type\":\"SearchAction\",\"target\":{\"@type\":\"EntryPoint\",\"urlTemplate\":\"https:\/\/www.oasdi.ca\/vi\/?s={search_term_string}\"},\"query-input\":\"required name=search_term_string\"}],\"inLanguage\":\"vi-VN\"},{\"@type\":\"Organization\",\"@id\":\"https:\/\/www.oasdi.ca\/vi\/#organization\",\"name\":\"OASDI\",\"url\":\"https:\/\/www.oasdi.ca\/vi\/\",\"logo\":{\"@type\":\"ImageObject\",\"inLanguage\":\"vi-VN\",\"@id\":\"https:\/\/www.oasdi.ca\/vi\/#\/schema\/logo\/image\/\",\"url\":\"https:\/\/www.oasdi.ca\/wp-content\/uploads\/2020\/02\/cropped-oasdi-logo.png\",\"contentUrl\":\"https:\/\/www.oasdi.ca\/wp-content\/uploads\/2020\/02\/cropped-oasdi-logo.png\",\"width\":468,\"height\":96,\"caption\":\"OASDI\"},\"image\":{\"@id\":\"https:\/\/www.oasdi.ca\/vi\/#\/schema\/logo\/image\/\"}}]}<\/script>\n<!-- \/ Yoast SEO plugin. -->","yoast_head_json":{"title":"C\u00e1c N\u1ed9p \u0110\u01a1n v\u00e0o Tr\u01b0\u1eddng Cao \u0110\u1eb3ng \u1edf Ontario | Gi\u00e1o D\u1ee5c Qu\u1ed1c T\u1ebf","description":"B\u1ea1n quan t\u00e2m \u0111\u1ebfn vi\u1ec7c h\u1ecdc cao \u0111\u1eb3ng \u1edf Ontario v\u1edbi t\u01b0 c\u00e1ch l\u00e0 h\u1ecdc sinh qu\u1ed1c t\u1ebf? T\u00ecm hi\u1ec3u th\u00eam v\u1ec1 y\u00eau c\u1ea7u \u0111\u1ea7u v\u00e0o v\u00e0 c\u00e1ch n\u1ed9p \u0111\u01a1n v\u00e0o cao \u0111\u1eb3ng \u1edf Ontario t\u1ea1i \u0111\u00e2y.","robots":{"index":"index","follow":"follow","max-snippet":"max-snippet:-1","max-image-preview":"max-image-preview:large","max-video-preview":"max-video-preview:-1"},"canonical":"https:\/\/www.oasdi.ca\/vi\/pathways\/college-in-ontario\/application-process\/","og_locale":"vi_VN","og_type":"article","og_title":"C\u00e1c N\u1ed9p \u0110\u01a1n v\u00e0o Tr\u01b0\u1eddng Cao \u0110\u1eb3ng \u1edf Ontario | Gi\u00e1o D\u1ee5c Qu\u1ed1c T\u1ebf","og_description":"B\u1ea1n quan t\u00e2m \u0111\u1ebfn vi\u1ec7c h\u1ecdc cao \u0111\u1eb3ng \u1edf Ontario v\u1edbi t\u01b0 c\u00e1ch l\u00e0 h\u1ecdc sinh qu\u1ed1c t\u1ebf? T\u00ecm hi\u1ec3u th\u00eam v\u1ec1 y\u00eau c\u1ea7u \u0111\u1ea7u v\u00e0o v\u00e0 c\u00e1ch n\u1ed9p \u0111\u01a1n v\u00e0o cao \u0111\u1eb3ng \u1edf Ontario t\u1ea1i \u0111\u00e2y.","og_url":"https:\/\/www.oasdi.ca\/vi\/pathways\/college-in-ontario\/application-process\/","og_site_name":"OASDI","article_modified_time":"2020-05-18T13:19:34+00:00","og_image":[{"width":1440,"height":268,"url":"https:\/\/www.oasdi.ca\/wp-content\/uploads\/2020\/03\/college-in-ontario.jpg","type":"image\/jpeg"}],"twitter_card":"summary_large_image","twitter_misc":{"Est. reading time":"4 minutes"},"schema":{"@context":"https:\/\/schema.org","@graph":[{"@type":"WebPage","@id":"https:\/\/www.oasdi.ca\/vi\/pathways\/college-in-ontario\/application-process\/","url":"https:\/\/www.oasdi.ca\/vi\/pathways\/college-in-ontario\/application-process\/","name":"C\u00e1c N\u1ed9p \u0110\u01a1n v\u00e0o Tr\u01b0\u1eddng Cao \u0110\u1eb3ng \u1edf Ontario | Gi\u00e1o D\u1ee5c Qu\u1ed1c T\u1ebf","isPartOf":{"@id":"https:\/\/www.oasdi.ca\/vi\/#website"},"datePublished":"2020-03-22T01:11:10+00:00","dateModified":"2020-05-18T13:19:34+00:00","description":"B\u1ea1n quan t\u00e2m \u0111\u1ebfn vi\u1ec7c h\u1ecdc cao \u0111\u1eb3ng \u1edf Ontario v\u1edbi t\u01b0 c\u00e1ch l\u00e0 h\u1ecdc sinh qu\u1ed1c t\u1ebf? T\u00ecm hi\u1ec3u th\u00eam v\u1ec1 y\u00eau c\u1ea7u \u0111\u1ea7u v\u00e0o v\u00e0 c\u00e1ch n\u1ed9p \u0111\u01a1n v\u00e0o cao \u0111\u1eb3ng \u1edf Ontario t\u1ea1i \u0111\u00e2y.","breadcrumb":{"@id":"https:\/\/www.oasdi.ca\/vi\/pathways\/college-in-ontario\/application-process\/#breadcrumb"},"inLanguage":"vi-VN","potentialAction":[{"@type":"ReadAction","target":["https:\/\/www.oasdi.ca\/vi\/pathways\/college-in-ontario\/application-process\/"]}]},{"@type":"BreadcrumbList","@id":"https:\/\/www.oasdi.ca\/vi\/pathways\/college-in-ontario\/application-process\/#breadcrumb","itemListElement":[{"@type":"ListItem","position":1,"name":"Trang Ch\u1ee7","item":"https:\/\/www.oasdi.ca\/vi\/"},{"@type":"ListItem","position":2,"name":"L\u1ed9 Tr\u00ecnh Gi\u00e1o D\u1ee5c \u1edf Ontario cho H\u1ecdc Sinh Qu\u1ed1c T\u1ebf","item":"https:\/\/www.oasdi.ca\/vi\/pathways\/"},{"@type":"ListItem","position":3,"name":"Th\u00f4ng Tin v\u1ec1 Tr\u01b0\u1eddng Cao \u0110\u1eb3ng \u1edf Ontario cho H\u1ecdc Sinh Qu\u1ed1c T\u1ebf","item":"https:\/\/www.oasdi.ca\/vi\/pathways\/college-in-ontario\/"},{"@type":"ListItem","position":4,"name":"Y\u00eau C\u1ea7u \u0110\u1ea7u v\u00e0o Tr\u01b0\u1eddng Cao \u0110\u1eb3ng \u1edf Ontario v\u00e0 Quy Tr\u00ecnh N\u1ed9p \u0110\u01a1n"}]},{"@type":"WebSite","@id":"https:\/\/www.oasdi.ca\/vi\/#website","url":"https:\/\/www.oasdi.ca\/vi\/","name":"OASDI","description":"Ontario Association of School District International","publisher":{"@id":"https:\/\/www.oasdi.ca\/vi\/#organization"},"potentialAction":[{"@type":"SearchAction","target":{"@type":"EntryPoint","urlTemplate":"https:\/\/www.oasdi.ca\/vi\/?s={search_term_string}"},"query-input":"required name=search_term_string"}],"inLanguage":"vi-VN"},{"@type":"Organization","@id":"https:\/\/www.oasdi.ca\/vi\/#organization","name":"OASDI","url":"https:\/\/www.oasdi.ca\/vi\/","logo":{"@type":"ImageObject","inLanguage":"vi-VN","@id":"https:\/\/www.oasdi.ca\/vi\/#\/schema\/logo\/image\/","url":"https:\/\/www.oasdi.ca\/wp-content\/uploads\/2020\/02\/cropped-oasdi-logo.png","contentUrl":"https:\/\/www.oasdi.ca\/wp-content\/uploads\/2020\/02\/cropped-oasdi-logo.png","width":468,"height":96,"caption":"OASDI"},"image":{"@id":"https:\/\/www.oasdi.ca\/vi\/#\/schema\/logo\/image\/"}}]}},"_links":{"self":[{"href":"https:\/\/www.oasdi.ca\/vi\/wp-json\/wp\/v2\/pages\/20253"}],"collection":[{"href":"https:\/\/www.oasdi.ca\/vi\/wp-json\/wp\/v2\/pages"}],"about":[{"href":"https:\/\/www.oasdi.ca\/vi\/wp-json\/wp\/v2\/types\/page"}],"author":[{"embeddable":true,"href":"https:\/\/www.oasdi.ca\/vi\/wp-json\/wp\/v2\/users\/237"}],"replies":[{"embeddable":true,"href":"https:\/\/www.oasdi.ca\/vi\/wp-json\/wp\/v2\/comments?post=20253"}],"version-history":[{"count":0,"href":"https:\/\/www.oasdi.ca\/vi\/wp-json\/wp\/v2\/pages\/20253\/revisions"}],"up":[{"embeddable":true,"href":"https:\/\/www.oasdi.ca\/vi\/wp-json\/wp\/v2\/pages\/20208"}],"wp:featuredmedia":[{"embeddable":true,"href":"https:\/\/www.oasdi.ca\/vi\/wp-json\/wp\/v2\/media\/19383"}],"wp:attachment":[{"href":"https:\/\/www.oasdi.ca\/vi\/wp-json\/wp\/v2\/media?parent=20253"}],"curies":[{"name":"wp","href":"https:\/\/api.w.org\/{rel}","templated":true}]}}