{"id":19926,"date":"2020-03-21T23:35:17","date_gmt":"2020-03-21T23:35:17","guid":{"rendered":"http:\/\/oasdi.ca\/international-education\/faq\/"},"modified":"2020-04-20T13:29:25","modified_gmt":"2020-04-20T13:29:25","slug":"faq","status":"publish","type":"page","link":"https:\/\/www.oasdi.ca\/vi\/international-education\/faq\/","title":{"rendered":"C\u00e2u H\u1ecfi Th\u01b0\u1eddng G\u1eb7p v\u1ec1 Gi\u00e1o D\u1ee5c Qu\u1ed1c T\u1ebf \u1edf Ontario"},"content":{"rendered":"<div id=\"pl-19926\"  class=\"panel-layout\" ><div id=\"pg-19926-0\"  class=\"panel-grid panel-no-style\" ><div id=\"pgc-19926-0-0\"  class=\"panel-grid-cell\" ><div id=\"panel-19926-0-0-0\" class=\"so-panel widget widget_sow-image panel-first-child panel-last-child\" data-index=\"0\" ><div class=\"is-featured-img panel-widget-style panel-widget-style-for-19926-0-0-0\" ><div\n\t\t\t\n\t\t\tclass=\"so-widget-sow-image so-widget-sow-image-default-c4f6304fc136-19926\"\n\t\t\t\n\t\t>\n\n<div class=\"sow-image-container\">\n\t\t<img loading=\"lazy\" decoding=\"async\" src=\"https:\/\/www.oasdi.ca\/wp-content\/uploads\/2020\/03\/oasdi-faq-1.jpg\" width=\"1440\" height=\"268\" srcset=\"https:\/\/www.oasdi.ca\/wp-content\/uploads\/2020\/03\/oasdi-faq-1.jpg 1440w, https:\/\/www.oasdi.ca\/wp-content\/uploads\/2020\/03\/oasdi-faq-1-250x47.jpg 250w, https:\/\/www.oasdi.ca\/wp-content\/uploads\/2020\/03\/oasdi-faq-1-700x130.jpg 700w, https:\/\/www.oasdi.ca\/wp-content\/uploads\/2020\/03\/oasdi-faq-1-768x143.jpg 768w, https:\/\/www.oasdi.ca\/wp-content\/uploads\/2020\/03\/oasdi-faq-1-500x93.jpg 500w, https:\/\/www.oasdi.ca\/wp-content\/uploads\/2020\/03\/oasdi-faq-1-120x22.jpg 120w\" sizes=\"(max-width: 1440px) 100vw, 1440px\" title=\"oasdi-faq\" alt=\"OASDI FAQ\" \t\tclass=\"so-widget-image\"\/>\n\t<\/div>\n\n<\/div><\/div><\/div><\/div><\/div><div id=\"pg-19926-1\"  class=\"panel-grid panel-has-style\" ><div class=\"has-container panel-row-style panel-row-style-for-19926-1\" ><div id=\"pgc-19926-1-0\"  class=\"panel-grid-cell\" ><div id=\"panel-19926-1-0-0\" class=\"so-panel widget widget_hem-seo-title-widget panel-first-child panel-last-child\" data-index=\"1\" ><div class=\"panel-widget-style panel-widget-style-for-19926-1-0-0\" ><div\n\t\t\t\n\t\t\tclass=\"so-widget-hem-seo-title-widget so-widget-hem-seo-title-widget-hem-seo-title-widget-style-d75171398898-19926\"\n\t\t\t\n\t\t>\n<h1 style=\"font-size:px;\">C\u00e2u H\u1ecfi Th\u01b0\u1eddng G\u1eb7p v\u1ec1 Gi\u00e1o D\u1ee5c Qu\u1ed1c T\u1ebf \u1edf Ontario<\/h1>\n\n\n\n\t<!-- <div class=\"breadcrumb-trail\"><a href=\"index.php\">Home<\/a> \u00bb <span class=\"breadcrumb-current\">About<\/span><\/div> -->\n\t<div class=\"test1\"><span><span><a href=\"https:\/\/www.oasdi.ca\/vi\/\">Trang Ch\u1ee7<\/a><\/span><\/span><\/div>\n<\/div><\/div><\/div><\/div><\/div><\/div><div id=\"pg-19926-2\"  class=\"panel-grid panel-has-style\" ><div class=\"has-container panel-row-style panel-row-style-for-19926-2\" ><div id=\"pgc-19926-2-0\"  class=\"panel-grid-cell\" ><div id=\"panel-19926-2-0-0\" class=\"so-panel widget widget_hem-sidebar-menu-widget panel-first-child\" data-index=\"2\" ><div\n\t\t\t\n\t\t\tclass=\"so-widget-hem-sidebar-menu-widget so-widget-hem-sidebar-menu-widget-hem-sidebar-menu-widget-style-d75171398898-19926\"\n\t\t\t\n\t\t><div id=\"sidebar\">\n\t\t\t<ul id=\"side-menu\" class=\"side-menu menu-embedded\">\n\t\t\t\n\t\t\t\t\t\t\t\t\n\t\t\t\t\t\t\t\t\t\t\t<li><a href=\"https:\/\/www.oasdi.ca\/vi\/international-education\/faq\/apply-to-attend-ontario-school\/\">How to Apply to Ontario Schools as an International Student<\/a><\/li>\n\t\t\t\t\t\t\t\t\t\t\t\t\t\n\t\t\t\t\t\t\t\t\t\t\t<li><a href=\"https:\/\/www.oasdi.ca\/vi\/international-education\/faq\/advantages\/\">The Advantages of Being an International Student in Ontario<\/a><\/li>\n\t\t\t\t\t\t\t\t\t\t\t\t\t\n\t\t\t\t\t\t\t\t\t\t\t<li><a href=\"https:\/\/www.oasdi.ca\/vi\/international-education\/faq\/support-services\/\">Student Support Services<\/a><\/li>\n\t\t\t\t\t\t\t\t\t\t\t\t\t\n\t\t\t\t\t\t\t\t\t\t\t<li><a href=\"https:\/\/www.oasdi.ca\/vi\/international-education\/faq\/programs-available\/\">Programs for International Students in Ontario<\/a><\/li>\n\t\t\t\t\t\t\t\t\t\t\t\t\t\n\t\t\t\t\t\t\t\t\t\t\t<li><a href=\"https:\/\/www.oasdi.ca\/vi\/international-education\/faq\/school-day\/\">The Average School Day in Ontario<\/a><\/li>\n\t\t\t\t\t\t\t\t\t\t\t\t\t\n\t\t\t\t\t\t\t\t\t\t\t<li><a href=\"https:\/\/www.oasdi.ca\/vi\/international-education\/faq\/canadian-school-culture\/\">Canadian School Culture in Ontario<\/a><\/li>\n\t\t\t\t\t\t\t\t\t\t\t\t\t\n\t\t\t\t\t\t\t\t\t\t\t<li><a href=\"https:\/\/www.oasdi.ca\/vi\/international-education\/faq\/language-requirements\/\">Language Requirements for International Students in Ontario<\/a><\/li>\n\t\t\t\t\t\t\t\t\t\t\t\t\t\n\t\t\t\t\t\t\t\t\t\t\t<li><a href=\"https:\/\/www.oasdi.ca\/vi\/international-education\/faq\/orientation-program\/\">Orientation Programs<\/a><\/li>\n\t\t\t\t\t\t\t\t\t\t\n\n\t\t\t\t<!-- Extra menu -->\n\t\t\t\t\n\n\n\t\t\t\t\t<\/ul>\n\t\n\n<\/div><\/div><\/div><div id=\"panel-19926-2-0-1\" class=\"so-panel widget widget_hem-sidebar-link-widget panel-last-child\" data-index=\"3\" ><div\n\t\t\t\n\t\t\tclass=\"so-widget-hem-sidebar-link-widget so-widget-hem-sidebar-link-widget-hem-sidebar-link-widget-style-d75171398898-19926\"\n\t\t\t\n\t\t><div id=\"sidebar\" class=\"external-link-only\">\n\n\n\n\t\t\t\t<!-- Extra menu -->\n\t\t\t\t\t\t\t\t\t<ul id=\"side-menu\" class=\"side-menu menu-embedded\">\n\t\t\t\t\t\t\t\t\t\t\t\t\t\t\t\t\t\t\t\t\t<li><a  href=\"https:\/\/www.oasdi.ca\/map-search\/\">Map Overview<\/a><\/li>\n\t\t\t\t\t\t\t\t\t\t\t\t\t\t\n\t\t\t\t\t\t\t\t\t\t\t\t\t\t\t\t\t\t\t\t\t<li><a  href=\"https:\/\/www.oasdi.ca\/district-list\/\">District List<\/a><\/li>\n\t\t\t\t\t\t\t\t\t\t\t\t\t\t\n\t\t\t\t\t\t\t\n\t\t\t\t\t<\/ul>\n\t\t\t\t\n\t\t\t\t\n\n\n\n\n<\/div><\/div><\/div><\/div><div id=\"pgc-19926-2-1\"  class=\"panel-grid-cell\" ><div class=\"pl-sm-3 pl-md-5 panel-cell-style panel-cell-style-for-19926-2-1\" ><div id=\"panel-19926-2-1-0\" class=\"so-panel widget widget_sow-editor panel-first-child panel-last-child\" data-index=\"4\" ><div\n\t\t\t\n\t\t\tclass=\"so-widget-sow-editor so-widget-sow-editor-base\"\n\t\t\t\n\t\t>\n<div class=\"siteorigin-widget-tinymce textwidget\">\n\t<h3>What orientation programs exist for international students?<\/h3>\n<p>Each OASDI School District develops its own orientation programs for incoming international students. Contact the indivi...<br \/>\n<a class=\"mt-3 mb-3 btn btn-outline-primary\" href=\"\/vi\/international-education\/faq\/orientation-program\/\">Learn more<\/a><\/p>\n<div style=\"height: 1px; background: #000; opacity: 0.2; width: 100%; margin: 20px 0 40px 0;\"><\/div>\n<h3>What language requirements must be met by international students?<\/h3>\n<p><a class=\"mt-3 mb-3 btn btn-outline-primary\" href=\"\/vi\/international-education\/faq\/language-requirements\/\">Learn more about English Language Learning here.<\/a><\/p>\n<div style=\"height: 1px; background: #000; opacity: 0.2; width: 100%; margin: 20px 0 40px 0;\"><\/div>\n<h3>What is Canadian school culture like?<\/h3>\n<p><a class=\"mt-3 mb-3 btn btn-outline-primary\" href=\"\/vi\/international-education\/faq\/canadian-school-culture\/\">Read our School Orientation Guide.<\/a><\/p>\n<div style=\"height: 1px; background: #000; opacity: 0.2; width: 100%; margin: 20px 0 40px 0;\"><\/div>\n<h3>What does a school day look like in an Ontario school?<\/h3>\n<p><a class=\"mt-3 mb-3 btn btn-outline-primary\" href=\"\/vi\/international-education\/faq\/school-day\/\">Read our School Orientation Guide.<\/a><\/p>\n<div style=\"height: 1px; background: #000; opacity: 0.2; width: 100%; margin: 20px 0 40px 0;\"><\/div>\n<h3>What kinds of programs are available to international students in Ontario schools?<\/h3>\n<p><a class=\"mt-3 mb-3 btn btn-outline-primary\" href=\"\/vi\/international-education\/faq\/programs-available\/\">Read about our Programs here.<\/a><\/p>\n<div style=\"height: 1px; background: #000; opacity: 0.2; width: 100%; margin: 20px 0 40px 0;\"><\/div>\n<h3>What student support services are available to international students?<\/h3>\n<p><a class=\"mt-3 mb-3 btn btn-outline-primary\" href=\"\/vi\/international-education\/faq\/support-services\/\">Learn more about our Student Support Services.<\/a><\/p>\n<div style=\"height: 1px; background: #000; opacity: 0.2; width: 100%; margin: 20px 0 40px 0;\"><\/div>\n<h3>How does an international student apply to attend an Ontario school?<\/h3>\n<p>Each OASDI school district follows a similar process, but it is very important to consult the individual school district...<br \/>\n<a class=\"mt-3 mb-3 btn btn-outline-primary\" href=\"\/vi\/international-education\/faq\/apply-to-attend-ontario-school\/\">Learn more<\/a><\/p>\n<div style=\"height: 1px; background: #000; opacity: 0.2; width: 100%; margin: 20px 0 40px 0;\"><\/div>\n<h3>What are the advantages of being an international student in Ontario?<\/h3>\n<p><a class=\"mt-3 mb-3 btn btn-outline-primary\" href=\"\/vi\/international-education\/faq\/advantages\/\">To learn about our advantages visit Why Study in Ontario.<\/a><\/p>\n<\/div>\n<\/div><\/div><\/div><\/div><\/div><\/div><\/div>","protected":false},"excerpt":{"rendered":"C\u00e2u H\u1ecfi Th\u01b0\u1eddng G\u1eb7p v\u1ec1 Gi\u00e1o D\u1ee5c Qu\u1ed1c T\u1ebf \u1edf Ontario Trang Ch\u1ee7 How to Apply to Ontario Schools as an International Student The Advantages of Being an International Student in Ontario Student Support Services Programs for International Students in Ontario The Average School Day in Ontario Canadian School Culture in Ontario Language Requirements for&#8230; <a class=\"view-article\" href=\"https:\/\/www.oasdi.ca\/vi\/international-education\/faq\/\">View Article<\/a>","protected":false},"author":237,"featured_media":18965,"parent":18194,"menu_order":0,"comment_status":"closed","ping_status":"closed","template":"","meta":{"footnotes":""},"class_list":["post-19926","page","type-page","status-publish","has-post-thumbnail","hentry"],"yoast_head":"<!-- This site is optimized with the Yoast SEO plugin v21.5 - https:\/\/yoast.com\/wordpress\/plugins\/seo\/ -->\n<title>H\u1ecfi \u0110\u00e1p v\u1ec1 Gi\u00e1o D\u1ee5c Qu\u1ed1c T\u1ebf | H\u1ecdc \u1edf Ontario | OASDI<\/title>\n<meta name=\"description\" content=\"B\u1ea1n quan t\u00e2m \u0111\u1ebfn gi\u00e1o d\u1ee5c qu\u1ed1c t\u1ebf \u1edf Ontario? H\u00e3y truy c\u1eadp trang H\u1ecfi \u0110\u00e1p \u0111\u1ec3 t\u00ecm c\u00e2u tr\u1ea3 l\u1eddi cho nh\u1eefng c\u00e2u h\u1ecfi th\u01b0\u1eddng g\u1eb7p nh\u1ea5t v\u1ec1 gi\u00e1o d\u1ee5c qu\u1ed1c t\u1ebf \u1edf Ontario.\" \/>\n<meta name=\"robots\" content=\"index, follow, max-snippet:-1, max-image-preview:large, max-video-preview:-1\" \/>\n<link rel=\"canonical\" href=\"https:\/\/www.oasdi.ca\/vi\/international-education\/faq\/\" \/>\n<meta property=\"og:locale\" content=\"vi_VN\" \/>\n<meta property=\"og:type\" content=\"article\" \/>\n<meta property=\"og:title\" content=\"H\u1ecfi \u0110\u00e1p v\u1ec1 Gi\u00e1o D\u1ee5c Qu\u1ed1c T\u1ebf | H\u1ecdc \u1edf Ontario | OASDI\" \/>\n<meta property=\"og:description\" content=\"B\u1ea1n quan t\u00e2m \u0111\u1ebfn gi\u00e1o d\u1ee5c qu\u1ed1c t\u1ebf \u1edf Ontario? H\u00e3y truy c\u1eadp trang H\u1ecfi \u0110\u00e1p \u0111\u1ec3 t\u00ecm c\u00e2u tr\u1ea3 l\u1eddi cho nh\u1eefng c\u00e2u h\u1ecfi th\u01b0\u1eddng g\u1eb7p nh\u1ea5t v\u1ec1 gi\u00e1o d\u1ee5c qu\u1ed1c t\u1ebf \u1edf Ontario.\" \/>\n<meta property=\"og:url\" content=\"https:\/\/www.oasdi.ca\/vi\/international-education\/faq\/\" \/>\n<meta property=\"og:site_name\" content=\"OASDI\" \/>\n<meta property=\"article:modified_time\" content=\"2020-04-20T13:29:25+00:00\" \/>\n<meta property=\"og:image\" content=\"https:\/\/www.oasdi.ca\/wp-content\/uploads\/2020\/03\/oasdi-faq-1.jpg\" \/>\n\t<meta property=\"og:image:width\" content=\"1440\" \/>\n\t<meta property=\"og:image:height\" content=\"268\" \/>\n\t<meta property=\"og:image:type\" content=\"image\/jpeg\" \/>\n<meta name=\"twitter:card\" content=\"summary_large_image\" \/>\n<meta name=\"twitter:label1\" content=\"Est. reading time\" \/>\n\t<meta name=\"twitter:data1\" content=\"1 minute\" \/>\n<script type=\"application\/ld+json\" class=\"yoast-schema-graph\">{\"@context\":\"https:\/\/schema.org\",\"@graph\":[{\"@type\":\"WebPage\",\"@id\":\"https:\/\/www.oasdi.ca\/vi\/international-education\/faq\/\",\"url\":\"https:\/\/www.oasdi.ca\/vi\/international-education\/faq\/\",\"name\":\"H\u1ecfi \u0110\u00e1p v\u1ec1 Gi\u00e1o D\u1ee5c Qu\u1ed1c T\u1ebf | H\u1ecdc \u1edf Ontario | OASDI\",\"isPartOf\":{\"@id\":\"https:\/\/www.oasdi.ca\/vi\/#website\"},\"datePublished\":\"2020-03-21T23:35:17+00:00\",\"dateModified\":\"2020-04-20T13:29:25+00:00\",\"description\":\"B\u1ea1n quan t\u00e2m \u0111\u1ebfn gi\u00e1o d\u1ee5c qu\u1ed1c t\u1ebf \u1edf Ontario? H\u00e3y truy c\u1eadp trang H\u1ecfi \u0110\u00e1p \u0111\u1ec3 t\u00ecm c\u00e2u tr\u1ea3 l\u1eddi cho nh\u1eefng c\u00e2u h\u1ecfi th\u01b0\u1eddng g\u1eb7p nh\u1ea5t v\u1ec1 gi\u00e1o d\u1ee5c qu\u1ed1c t\u1ebf \u1edf Ontario.\",\"breadcrumb\":{\"@id\":\"https:\/\/www.oasdi.ca\/vi\/international-education\/faq\/#breadcrumb\"},\"inLanguage\":\"vi-VN\",\"potentialAction\":[{\"@type\":\"ReadAction\",\"target\":[\"https:\/\/www.oasdi.ca\/vi\/international-education\/faq\/\"]}]},{\"@type\":\"BreadcrumbList\",\"@id\":\"https:\/\/www.oasdi.ca\/vi\/international-education\/faq\/#breadcrumb\",\"itemListElement\":[{\"@type\":\"ListItem\",\"position\":1,\"name\":\"Trang Ch\u1ee7\",\"item\":\"https:\/\/www.oasdi.ca\/vi\/\"},{\"@type\":\"ListItem\",\"position\":2,\"name\":\"L\u00e0m Th\u1ebf N\u00e0o \u0110\u1ec3 Theo H\u1ecdc Ch\u01b0\u01a1ng Tr\u00ecnh Gi\u00e1o D\u1ee5c Qu\u1ed1c T\u1ebf \u1edf Ontario\",\"item\":\"https:\/\/www.oasdi.ca\/vi\/international-education\/\"},{\"@type\":\"ListItem\",\"position\":3,\"name\":\"C\u00e2u H\u1ecfi Th\u01b0\u1eddng G\u1eb7p v\u1ec1 Gi\u00e1o D\u1ee5c Qu\u1ed1c T\u1ebf \u1edf Ontario\"}]},{\"@type\":\"WebSite\",\"@id\":\"https:\/\/www.oasdi.ca\/vi\/#website\",\"url\":\"https:\/\/www.oasdi.ca\/vi\/\",\"name\":\"OASDI\",\"description\":\"Ontario Association of School District International\",\"publisher\":{\"@id\":\"https:\/\/www.oasdi.ca\/vi\/#organization\"},\"potentialAction\":[{\"@type\":\"SearchAction\",\"target\":{\"@type\":\"EntryPoint\",\"urlTemplate\":\"https:\/\/www.oasdi.ca\/vi\/?s={search_term_string}\"},\"query-input\":\"required name=search_term_string\"}],\"inLanguage\":\"vi-VN\"},{\"@type\":\"Organization\",\"@id\":\"https:\/\/www.oasdi.ca\/vi\/#organization\",\"name\":\"OASDI\",\"url\":\"https:\/\/www.oasdi.ca\/vi\/\",\"logo\":{\"@type\":\"ImageObject\",\"inLanguage\":\"vi-VN\",\"@id\":\"https:\/\/www.oasdi.ca\/vi\/#\/schema\/logo\/image\/\",\"url\":\"https:\/\/www.oasdi.ca\/wp-content\/uploads\/2020\/02\/cropped-oasdi-logo.png\",\"contentUrl\":\"https:\/\/www.oasdi.ca\/wp-content\/uploads\/2020\/02\/cropped-oasdi-logo.png\",\"width\":468,\"height\":96,\"caption\":\"OASDI\"},\"image\":{\"@id\":\"https:\/\/www.oasdi.ca\/vi\/#\/schema\/logo\/image\/\"}}]}<\/script>\n<!-- \/ Yoast SEO plugin. -->","yoast_head_json":{"title":"H\u1ecfi \u0110\u00e1p v\u1ec1 Gi\u00e1o D\u1ee5c Qu\u1ed1c T\u1ebf | H\u1ecdc \u1edf Ontario | OASDI","description":"B\u1ea1n quan t\u00e2m \u0111\u1ebfn gi\u00e1o d\u1ee5c qu\u1ed1c t\u1ebf \u1edf Ontario? H\u00e3y truy c\u1eadp trang H\u1ecfi \u0110\u00e1p \u0111\u1ec3 t\u00ecm c\u00e2u tr\u1ea3 l\u1eddi cho nh\u1eefng c\u00e2u h\u1ecfi th\u01b0\u1eddng g\u1eb7p nh\u1ea5t v\u1ec1 gi\u00e1o d\u1ee5c qu\u1ed1c t\u1ebf \u1edf Ontario.","robots":{"index":"index","follow":"follow","max-snippet":"max-snippet:-1","max-image-preview":"max-image-preview:large","max-video-preview":"max-video-preview:-1"},"canonical":"https:\/\/www.oasdi.ca\/vi\/international-education\/faq\/","og_locale":"vi_VN","og_type":"article","og_title":"H\u1ecfi \u0110\u00e1p v\u1ec1 Gi\u00e1o D\u1ee5c Qu\u1ed1c T\u1ebf | H\u1ecdc \u1edf Ontario | OASDI","og_description":"B\u1ea1n quan t\u00e2m \u0111\u1ebfn gi\u00e1o d\u1ee5c qu\u1ed1c t\u1ebf \u1edf Ontario? H\u00e3y truy c\u1eadp trang H\u1ecfi \u0110\u00e1p \u0111\u1ec3 t\u00ecm c\u00e2u tr\u1ea3 l\u1eddi cho nh\u1eefng c\u00e2u h\u1ecfi th\u01b0\u1eddng g\u1eb7p nh\u1ea5t v\u1ec1 gi\u00e1o d\u1ee5c qu\u1ed1c t\u1ebf \u1edf Ontario.","og_url":"https:\/\/www.oasdi.ca\/vi\/international-education\/faq\/","og_site_name":"OASDI","article_modified_time":"2020-04-20T13:29:25+00:00","og_image":[{"width":1440,"height":268,"url":"https:\/\/www.oasdi.ca\/wp-content\/uploads\/2020\/03\/oasdi-faq-1.jpg","type":"image\/jpeg"}],"twitter_card":"summary_large_image","twitter_misc":{"Est. reading time":"1 minute"},"schema":{"@context":"https:\/\/schema.org","@graph":[{"@type":"WebPage","@id":"https:\/\/www.oasdi.ca\/vi\/international-education\/faq\/","url":"https:\/\/www.oasdi.ca\/vi\/international-education\/faq\/","name":"H\u1ecfi \u0110\u00e1p v\u1ec1 Gi\u00e1o D\u1ee5c Qu\u1ed1c T\u1ebf | H\u1ecdc \u1edf Ontario | OASDI","isPartOf":{"@id":"https:\/\/www.oasdi.ca\/vi\/#website"},"datePublished":"2020-03-21T23:35:17+00:00","dateModified":"2020-04-20T13:29:25+00:00","description":"B\u1ea1n quan t\u00e2m \u0111\u1ebfn gi\u00e1o d\u1ee5c qu\u1ed1c t\u1ebf \u1edf Ontario? H\u00e3y truy c\u1eadp trang H\u1ecfi \u0110\u00e1p \u0111\u1ec3 t\u00ecm c\u00e2u tr\u1ea3 l\u1eddi cho nh\u1eefng c\u00e2u h\u1ecfi th\u01b0\u1eddng g\u1eb7p nh\u1ea5t v\u1ec1 gi\u00e1o d\u1ee5c qu\u1ed1c t\u1ebf \u1edf Ontario.","breadcrumb":{"@id":"https:\/\/www.oasdi.ca\/vi\/international-education\/faq\/#breadcrumb"},"inLanguage":"vi-VN","potentialAction":[{"@type":"ReadAction","target":["https:\/\/www.oasdi.ca\/vi\/international-education\/faq\/"]}]},{"@type":"BreadcrumbList","@id":"https:\/\/www.oasdi.ca\/vi\/international-education\/faq\/#breadcrumb","itemListElement":[{"@type":"ListItem","position":1,"name":"Trang Ch\u1ee7","item":"https:\/\/www.oasdi.ca\/vi\/"},{"@type":"ListItem","position":2,"name":"L\u00e0m Th\u1ebf N\u00e0o \u0110\u1ec3 Theo H\u1ecdc Ch\u01b0\u01a1ng Tr\u00ecnh Gi\u00e1o D\u1ee5c Qu\u1ed1c T\u1ebf \u1edf Ontario","item":"https:\/\/www.oasdi.ca\/vi\/international-education\/"},{"@type":"ListItem","position":3,"name":"C\u00e2u H\u1ecfi Th\u01b0\u1eddng G\u1eb7p v\u1ec1 Gi\u00e1o D\u1ee5c Qu\u1ed1c T\u1ebf \u1edf Ontario"}]},{"@type":"WebSite","@id":"https:\/\/www.oasdi.ca\/vi\/#website","url":"https:\/\/www.oasdi.ca\/vi\/","name":"OASDI","description":"Ontario Association of School District International","publisher":{"@id":"https:\/\/www.oasdi.ca\/vi\/#organization"},"potentialAction":[{"@type":"SearchAction","target":{"@type":"EntryPoint","urlTemplate":"https:\/\/www.oasdi.ca\/vi\/?s={search_term_string}"},"query-input":"required name=search_term_string"}],"inLanguage":"vi-VN"},{"@type":"Organization","@id":"https:\/\/www.oasdi.ca\/vi\/#organization","name":"OASDI","url":"https:\/\/www.oasdi.ca\/vi\/","logo":{"@type":"ImageObject","inLanguage":"vi-VN","@id":"https:\/\/www.oasdi.ca\/vi\/#\/schema\/logo\/image\/","url":"https:\/\/www.oasdi.ca\/wp-content\/uploads\/2020\/02\/cropped-oasdi-logo.png","contentUrl":"https:\/\/www.oasdi.ca\/wp-content\/uploads\/2020\/02\/cropped-oasdi-logo.png","width":468,"height":96,"caption":"OASDI"},"image":{"@id":"https:\/\/www.oasdi.ca\/vi\/#\/schema\/logo\/image\/"}}]}},"_links":{"self":[{"href":"https:\/\/www.oasdi.ca\/vi\/wp-json\/wp\/v2\/pages\/19926"}],"collection":[{"href":"https:\/\/www.oasdi.ca\/vi\/wp-json\/wp\/v2\/pages"}],"about":[{"href":"https:\/\/www.oasdi.ca\/vi\/wp-json\/wp\/v2\/types\/page"}],"author":[{"embeddable":true,"href":"https:\/\/www.oasdi.ca\/vi\/wp-json\/wp\/v2\/users\/237"}],"replies":[{"embeddable":true,"href":"https:\/\/www.oasdi.ca\/vi\/wp-json\/wp\/v2\/comments?post=19926"}],"version-history":[{"count":0,"href":"https:\/\/www.oasdi.ca\/vi\/wp-json\/wp\/v2\/pages\/19926\/revisions"}],"up":[{"embeddable":true,"href":"https:\/\/www.oasdi.ca\/vi\/wp-json\/wp\/v2\/pages\/18194"}],"wp:featuredmedia":[{"embeddable":true,"href":"https:\/\/www.oasdi.ca\/vi\/wp-json\/wp\/v2\/media\/18965"}],"wp:attachment":[{"href":"https:\/\/www.oasdi.ca\/vi\/wp-json\/wp\/v2\/media?parent=19926"}],"curies":[{"name":"wp","href":"https:\/\/api.w.org\/{rel}","templated":true}]}}