{"id":19826,"date":"2020-03-19T23:03:14","date_gmt":"2020-03-19T23:03:14","guid":{"rendered":"http:\/\/oasdi.ca\/international-education\/programs\/summer\/"},"modified":"2020-04-19T22:38:00","modified_gmt":"2020-04-19T22:38:00","slug":"summer","status":"publish","type":"page","link":"https:\/\/www.oasdi.ca\/vi\/international-education\/programs\/summer\/","title":{"rendered":"C\u00e1c Ch\u01b0\u01a1ng Tr\u00ecnh M\u00f9a H\u00e8 \u1edf Ontario cho H\u1ecdc Sinh Qu\u1ed1c T\u1ebf"},"content":{"rendered":"<div id=\"pl-19826\"  class=\"panel-layout\" ><div id=\"pg-19826-0\"  class=\"panel-grid panel-no-style\" ><div id=\"pgc-19826-0-0\"  class=\"panel-grid-cell\" ><div id=\"panel-19826-0-0-0\" class=\"so-panel widget widget_sow-image panel-first-child panel-last-child\" data-index=\"0\" ><div class=\"is-featured-img panel-widget-style panel-widget-style-for-19826-0-0-0\" ><div\n\t\t\t\n\t\t\tclass=\"so-widget-sow-image so-widget-sow-image-default-c4f6304fc136-19826\"\n\t\t\t\n\t\t>\n\n<div class=\"sow-image-container\">\n\t\t<img loading=\"lazy\" decoding=\"async\" src=\"https:\/\/www.oasdi.ca\/wp-content\/uploads\/2020\/03\/Summer-Programs.jpg\" width=\"1440\" height=\"268\" srcset=\"https:\/\/www.oasdi.ca\/wp-content\/uploads\/2020\/03\/Summer-Programs.jpg 1440w, https:\/\/www.oasdi.ca\/wp-content\/uploads\/2020\/03\/Summer-Programs-250x47.jpg 250w, https:\/\/www.oasdi.ca\/wp-content\/uploads\/2020\/03\/Summer-Programs-700x130.jpg 700w, https:\/\/www.oasdi.ca\/wp-content\/uploads\/2020\/03\/Summer-Programs-768x143.jpg 768w, https:\/\/www.oasdi.ca\/wp-content\/uploads\/2020\/03\/Summer-Programs-120x22.jpg 120w\" sizes=\"(max-width: 1440px) 100vw, 1440px\" title=\"Summer Programs\" alt=\"Summer Programs\" \t\tclass=\"so-widget-image\"\/>\n\t<\/div>\n\n<\/div><\/div><\/div><\/div><\/div><div id=\"pg-19826-1\"  class=\"panel-grid panel-has-style\" ><div class=\"has-container panel-row-style panel-row-style-for-19826-1\" ><div id=\"pgc-19826-1-0\"  class=\"panel-grid-cell\" ><div id=\"panel-19826-1-0-0\" class=\"so-panel widget widget_hem-seo-title-widget panel-first-child panel-last-child\" data-index=\"1\" ><div class=\"panel-widget-style panel-widget-style-for-19826-1-0-0\" ><div\n\t\t\t\n\t\t\tclass=\"so-widget-hem-seo-title-widget so-widget-hem-seo-title-widget-hem-seo-title-widget-style-d75171398898-19826\"\n\t\t\t\n\t\t>\n<h1 style=\"font-size:px;\">C\u00e1c Ch\u01b0\u01a1ng Tr\u00ecnh M\u00f9a H\u00e8 \u1edf Ontario cho H\u1ecdc Sinh Qu\u1ed1c T\u1ebf<\/h1>\n\n\n\n\t<!-- <div class=\"breadcrumb-trail\"><a href=\"index.php\">Home<\/a> \u00bb <span class=\"breadcrumb-current\">About<\/span><\/div> -->\n\t<div class=\"test1\"><span><span><a href=\"https:\/\/www.oasdi.ca\/vi\/\">Trang Ch\u1ee7<\/a><\/span><\/span><\/div>\n<\/div><\/div><\/div><\/div><\/div><\/div><div id=\"pg-19826-2\"  class=\"panel-grid panel-has-style\" ><div class=\"has-container panel-row-style panel-row-style-for-19826-2\" ><div id=\"pgc-19826-2-0\"  class=\"panel-grid-cell\" ><div id=\"panel-19826-2-0-0\" class=\"so-panel widget widget_hem-sidebar-menu-widget panel-first-child\" data-index=\"2\" ><div\n\t\t\t\n\t\t\tclass=\"so-widget-hem-sidebar-menu-widget so-widget-hem-sidebar-menu-widget-hem-sidebar-menu-widget-style-d75171398898-19826\"\n\t\t\t\n\t\t><div id=\"sidebar\">\n\t\t\t<ul id=\"side-menu\" class=\"side-menu menu-embedded\">\n\t\t\t\n\t\t\t\t\t\t\t\t\n\t\t\t\t\t\t\t\t\t\t\t<li><a href=\"https:\/\/www.oasdi.ca\/vi\/international-education\/programs\/speciality\/\">C\u00e1c Ch\u01b0\u01a1ng Tr\u00ecnh Chuy\u00ean Ban \u1edf Ontario cho H\u1ecdc Sinh Qu\u1ed1c T\u1ebf<\/a><\/li>\n\t\t\t\t\t\t\t\t\t\t\t\t\t\n\t\t\t\t\t\t\t\t\t\t\t<li><a class=\"active\" href=\"https:\/\/www.oasdi.ca\/vi\/international-education\/programs\/summer\/\">C\u00e1c Ch\u01b0\u01a1ng Tr\u00ecnh M\u00f9a H\u00e8 \u1edf Ontario cho H\u1ecdc Sinh Qu\u1ed1c T\u1ebf<\/a><\/li>\n\t\t\t\t\t\t\t\t\t\t\t\t\t\n\t\t\t\t\t\t\t\t\t\t\t<li><a href=\"https:\/\/www.oasdi.ca\/vi\/international-education\/programs\/short-term\/\">C\u00e1c Ch\u01b0\u01a1ng Tr\u00ecnh Ng\u1eafn H\u1ea1n \u1edf Ontario cho H\u1ecdc Sinh Qu\u1ed1c T\u1ebf<\/a><\/li>\n\t\t\t\t\t\t\t\t\t\t\t\t\t\n\t\t\t\t\t\t\t\t\t\t\t<li><a href=\"https:\/\/www.oasdi.ca\/vi\/international-education\/programs\/long-term\/\">C\u00e1c Ch\u01b0\u01a1ng Tr\u00ecnh D\u00e0i H\u1ea1n \u1edf Ontario cho H\u1ecdc Sinh Qu\u1ed1c T\u1ebf<\/a><\/li>\n\t\t\t\t\t\t\t\t\t\t\n\n\t\t\t\t<!-- Extra menu -->\n\t\t\t\t\n\n\n\t\t\t\t\t<\/ul>\n\t\n\n<\/div><\/div><\/div><div id=\"panel-19826-2-0-1\" class=\"so-panel widget widget_hem-sidebar-link-widget panel-last-child\" data-index=\"3\" ><div\n\t\t\t\n\t\t\tclass=\"so-widget-hem-sidebar-link-widget so-widget-hem-sidebar-link-widget-hem-sidebar-link-widget-style-d75171398898-19826\"\n\t\t\t\n\t\t><div id=\"sidebar\" class=\"external-link-only\">\n\n\n\n\t\t\t\t<!-- Extra menu -->\n\t\t\t\t\t\t\t\t\t<ul id=\"side-menu\" class=\"side-menu menu-embedded\">\n\t\t\t\t\t\t\t\t\t\t\t\t\t\t\t\t\t\t\t\t\t<li><a  href=\"https:\/\/www.oasdi.ca\/map-search\/\">Map Overview<\/a><\/li>\n\t\t\t\t\t\t\t\t\t\t\t\t\t\t\n\t\t\t\t\t\t\t\t\t\t\t\t\t\t\t\t\t\t\t\t\t<li><a  href=\"https:\/\/www.oasdi.ca\/district-list\/\">District List<\/a><\/li>\n\t\t\t\t\t\t\t\t\t\t\t\t\t\t\n\t\t\t\t\t\t\t\n\t\t\t\t\t<\/ul>\n\t\t\t\t\n\t\t\t\t\n\n\n\n\n<\/div><\/div><\/div><\/div><div id=\"pgc-19826-2-1\"  class=\"panel-grid-cell\" ><div class=\"pl-sm-3 pl-md-5 panel-cell-style panel-cell-style-for-19826-2-1\" ><div id=\"panel-19826-2-1-0\" class=\"so-panel widget widget_sow-editor panel-first-child panel-last-child\" data-index=\"4\" ><div\n\t\t\t\n\t\t\tclass=\"so-widget-sow-editor so-widget-sow-editor-base\"\n\t\t\t\n\t\t>\n<div class=\"siteorigin-widget-tinymce textwidget\">\n\t<p>Ca\u0301c ch\u01b0\u01a1ng tr\u00ecnh mu\u0300a h\u00e8 r\u1ea5t linh ho\u1ea1t v\u00e0 thay \u0111\u1ed5i r\u1ea5t nhi\u1ec1u.\u00a0 N\u00f3i chung, c\u00e1c ch\u01b0\u01a1ng tr\u00ecnh mu\u0300a h\u00e8 \u0111\u01b0\u1ee3c \u0111\u1eb7c tr\u01b0ng b\u1edfi s\u1ef1 k\u1ebft h\u1ee3p c\u1ee7a vi\u1ec7c h\u1ecdc t\u1eadp ng\u00f4n ng\u1eef v\u1edbi c\u00e1c ho\u1ea1t \u0111\u1ed9ng x\u00e3 h\u1ed9i, v\u0103n ho\u00e1 v\u00e0 th\u1ec3 thao trong ca\u0301c kho\u0301a ho\u0323c k\u00e9o d\u00e0i v\u00e0i tu\u1ea7n. \u00a0 Th\u01b0\u01a1\u0300ng ca\u0301c ch\u01b0\u01a1ng tri\u0300nh na\u0300y co\u0301 th\u00ea\u0309 \u0111\u01b0\u01a1\u0323c \u201ctu\u1ef3 ch\u1ec9nh\u201d v\u00e0 c\u00f3 th\u1ec3 c\u00f3 s\u1ef1 tham gia c\u1ee7a c\u00e1c nh\u00f3m ho\u1eb7c ca\u0301 nh\u00e2n m\u00f4\u0303i h\u1ecdc sinh. Gia \u0111\u00ecnh b\u1ea3n x\u1ee9 th\u01b0\u1eddng l\u00e0 lo\u1ea1i h\u00ecnh c\u01b0 tr\u00fa \u01b0a th\u00edch v\u00ec n\u00f3 cho ph\u00e9p ho\u0323c sinh s\u1ed1ng v\u1edbi m\u1ed9t gia \u0111\u00ecnh ng\u01b0\u1eddi Canada, nh\u01b0ng c\u0169ng c\u00f3 ch\u1ed7 \u1edf trong khu k\u00fd t\u00fac x\u00e1 cu\u0309a tr\u01b0\u1eddng \u0111\u1ea1i h\u1ecdc ho\u1eb7c \u1edf t\u1ea1i kh\u00e1ch s\u1ea1n cu\u0303ng la\u0300 m\u00f4\u0323t l\u1ef1a ch\u1ecdn kh\u00e1c. \u0110\u1ed1i v\u1edbi m\u1ed9t s\u1ed1 ho\u0323c sinh, c\u00e1c ch\u01b0\u01a1ng tr\u00ecnh mu\u0300a h\u00e8 cho ph\u00e9p h\u1ecdc sinh \u0111\u01b0a ra quy\u1ebft \u0111\u1ecbnh v\u1ec1 quy\u1ebft \u0111\u1ecbnh \u0111\u0103ng k\u00fd m\u1ed9t ch\u01b0\u01a1ng tr\u00ecnh d\u00e0i h\u1ea1n do m\u1ed9t h\u1ecdc khu c\u1ee5 th\u1ec3 \u0111\u01b0a ra.\u00a0 M\u1ed9t s\u1ed1 h\u1ecdc khu cung c\u1ea5p c\u00e1c ch\u01b0\u01a1ng tr\u00ecnh mu\u0300a h\u00e8 v\u00e0 m\u1ed9t s\u1ed1 kh\u00e1c th\u00ec kh\u00f4ng, n\u00ean t\u1ed1t nh\u1ea5t n\u00ean tham kh\u1ea3o trang web c\u1ee7a m\u1ed9t\u00a0<a href=\"\/vi\/district-list\/\">ho\u0323c khu cu\u0323 th\u00ea\u0309 \u01a1\u0309 Ontario.<\/a><\/p>\n<\/div>\n<\/div><\/div><\/div><\/div><\/div><\/div><\/div>","protected":false},"excerpt":{"rendered":"C\u00e1c Ch\u01b0\u01a1ng Tr\u00ecnh M\u00f9a H\u00e8 \u1edf Ontario cho H\u1ecdc Sinh Qu\u1ed1c T\u1ebf Trang Ch\u1ee7 C\u00e1c Ch\u01b0\u01a1ng Tr\u00ecnh Chuy\u00ean Ban \u1edf Ontario cho H\u1ecdc Sinh Qu\u1ed1c T\u1ebf C\u00e1c Ch\u01b0\u01a1ng Tr\u00ecnh M\u00f9a H\u00e8 \u1edf Ontario cho H\u1ecdc Sinh Qu\u1ed1c T\u1ebf C\u00e1c Ch\u01b0\u01a1ng Tr\u00ecnh Ng\u1eafn H\u1ea1n \u1edf Ontario cho H\u1ecdc Sinh Qu\u1ed1c T\u1ebf C\u00e1c Ch\u01b0\u01a1ng Tr\u00ecnh D\u00e0i H\u1ea1n&#8230; <a class=\"view-article\" href=\"https:\/\/www.oasdi.ca\/vi\/international-education\/programs\/summer\/\">View Article<\/a>","protected":false},"author":237,"featured_media":19827,"parent":19687,"menu_order":0,"comment_status":"closed","ping_status":"closed","template":"","meta":{"footnotes":""},"class_list":["post-19826","page","type-page","status-publish","has-post-thumbnail","hentry"],"yoast_head":"<!-- This site is optimized with the Yoast SEO plugin v21.5 - https:\/\/yoast.com\/wordpress\/plugins\/seo\/ -->\n<title>Ch\u01b0\u01a1ng Tr\u00ecnh M\u00f9a H\u00e8 \u1edf Ontario cho H\u1ecdc Sinh Qu\u1ed1c T\u1ebf | OASDI<\/title>\n<meta name=\"description\" content=\"Nhi\u1ec1u tr\u01b0\u1eddng \u1edf Ontario cung c\u1ea5p ch\u01b0\u01a1ng tr\u00ecnh m\u00f9a h\u00e8 cho h\u1ecdc sinh qu\u1ed1c t\u1ebf. T\u00ecm hi\u1ec3u th\u00eam th\u00f4ng tin v\u1ec1 ch\u01b0\u01a1ng tr\u00ecnh m\u00f9a h\u00e8 cho h\u1ecdc sinh qu\u1ed1c t\u1ebf \u1edf Ontario \u1edf \u0111\u00e2y.\" \/>\n<meta name=\"robots\" content=\"index, follow, max-snippet:-1, max-image-preview:large, max-video-preview:-1\" \/>\n<link rel=\"canonical\" href=\"https:\/\/www.oasdi.ca\/vi\/international-education\/programs\/summer\/\" \/>\n<meta property=\"og:locale\" content=\"vi_VN\" \/>\n<meta property=\"og:type\" content=\"article\" \/>\n<meta property=\"og:title\" content=\"Ch\u01b0\u01a1ng Tr\u00ecnh M\u00f9a H\u00e8 \u1edf Ontario cho H\u1ecdc Sinh Qu\u1ed1c T\u1ebf | OASDI\" \/>\n<meta property=\"og:description\" content=\"Nhi\u1ec1u tr\u01b0\u1eddng \u1edf Ontario cung c\u1ea5p ch\u01b0\u01a1ng tr\u00ecnh m\u00f9a h\u00e8 cho h\u1ecdc sinh qu\u1ed1c t\u1ebf. T\u00ecm hi\u1ec3u th\u00eam th\u00f4ng tin v\u1ec1 ch\u01b0\u01a1ng tr\u00ecnh m\u00f9a h\u00e8 cho h\u1ecdc sinh qu\u1ed1c t\u1ebf \u1edf Ontario \u1edf \u0111\u00e2y.\" \/>\n<meta property=\"og:url\" content=\"https:\/\/www.oasdi.ca\/vi\/international-education\/programs\/summer\/\" \/>\n<meta property=\"og:site_name\" content=\"OASDI\" \/>\n<meta property=\"article:modified_time\" content=\"2020-04-19T22:38:00+00:00\" \/>\n<meta property=\"og:image\" content=\"https:\/\/www.oasdi.ca\/wp-content\/uploads\/2020\/03\/Summer-Programs.jpg\" \/>\n\t<meta property=\"og:image:width\" content=\"1440\" \/>\n\t<meta property=\"og:image:height\" content=\"268\" \/>\n\t<meta property=\"og:image:type\" content=\"image\/jpeg\" \/>\n<meta name=\"twitter:card\" content=\"summary_large_image\" \/>\n<meta name=\"twitter:label1\" content=\"Est. reading time\" \/>\n\t<meta name=\"twitter:data1\" content=\"2 minutes\" \/>\n<script type=\"application\/ld+json\" class=\"yoast-schema-graph\">{\"@context\":\"https:\/\/schema.org\",\"@graph\":[{\"@type\":\"WebPage\",\"@id\":\"https:\/\/www.oasdi.ca\/vi\/international-education\/programs\/summer\/\",\"url\":\"https:\/\/www.oasdi.ca\/vi\/international-education\/programs\/summer\/\",\"name\":\"Ch\u01b0\u01a1ng Tr\u00ecnh M\u00f9a H\u00e8 \u1edf Ontario cho H\u1ecdc Sinh Qu\u1ed1c T\u1ebf | OASDI\",\"isPartOf\":{\"@id\":\"https:\/\/www.oasdi.ca\/vi\/#website\"},\"datePublished\":\"2020-03-19T23:03:14+00:00\",\"dateModified\":\"2020-04-19T22:38:00+00:00\",\"description\":\"Nhi\u1ec1u tr\u01b0\u1eddng \u1edf Ontario cung c\u1ea5p ch\u01b0\u01a1ng tr\u00ecnh m\u00f9a h\u00e8 cho h\u1ecdc sinh qu\u1ed1c t\u1ebf. T\u00ecm hi\u1ec3u th\u00eam th\u00f4ng tin v\u1ec1 ch\u01b0\u01a1ng tr\u00ecnh m\u00f9a h\u00e8 cho h\u1ecdc sinh qu\u1ed1c t\u1ebf \u1edf Ontario \u1edf \u0111\u00e2y.\",\"breadcrumb\":{\"@id\":\"https:\/\/www.oasdi.ca\/vi\/international-education\/programs\/summer\/#breadcrumb\"},\"inLanguage\":\"vi-VN\",\"potentialAction\":[{\"@type\":\"ReadAction\",\"target\":[\"https:\/\/www.oasdi.ca\/vi\/international-education\/programs\/summer\/\"]}]},{\"@type\":\"BreadcrumbList\",\"@id\":\"https:\/\/www.oasdi.ca\/vi\/international-education\/programs\/summer\/#breadcrumb\",\"itemListElement\":[{\"@type\":\"ListItem\",\"position\":1,\"name\":\"Trang Ch\u1ee7\",\"item\":\"https:\/\/www.oasdi.ca\/vi\/\"},{\"@type\":\"ListItem\",\"position\":2,\"name\":\"L\u00e0m Th\u1ebf N\u00e0o \u0110\u1ec3 Theo H\u1ecdc Ch\u01b0\u01a1ng Tr\u00ecnh Gi\u00e1o D\u1ee5c Qu\u1ed1c T\u1ebf \u1edf Ontario\",\"item\":\"https:\/\/www.oasdi.ca\/vi\/international-education\/\"},{\"@type\":\"ListItem\",\"position\":3,\"name\":\"C\u00e1c Ch\u01b0\u01a1ng Tr\u00ecnh \u1edf Ontario cho H\u1ecdc Sinh Qu\u1ed1c T\u1ebf\",\"item\":\"https:\/\/www.oasdi.ca\/vi\/international-education\/programs\/\"},{\"@type\":\"ListItem\",\"position\":4,\"name\":\"C\u00e1c Ch\u01b0\u01a1ng Tr\u00ecnh M\u00f9a H\u00e8 \u1edf Ontario cho H\u1ecdc Sinh Qu\u1ed1c T\u1ebf\"}]},{\"@type\":\"WebSite\",\"@id\":\"https:\/\/www.oasdi.ca\/vi\/#website\",\"url\":\"https:\/\/www.oasdi.ca\/vi\/\",\"name\":\"OASDI\",\"description\":\"Ontario Association of School District International\",\"publisher\":{\"@id\":\"https:\/\/www.oasdi.ca\/vi\/#organization\"},\"potentialAction\":[{\"@type\":\"SearchAction\",\"target\":{\"@type\":\"EntryPoint\",\"urlTemplate\":\"https:\/\/www.oasdi.ca\/vi\/?s={search_term_string}\"},\"query-input\":\"required name=search_term_string\"}],\"inLanguage\":\"vi-VN\"},{\"@type\":\"Organization\",\"@id\":\"https:\/\/www.oasdi.ca\/vi\/#organization\",\"name\":\"OASDI\",\"url\":\"https:\/\/www.oasdi.ca\/vi\/\",\"logo\":{\"@type\":\"ImageObject\",\"inLanguage\":\"vi-VN\",\"@id\":\"https:\/\/www.oasdi.ca\/vi\/#\/schema\/logo\/image\/\",\"url\":\"https:\/\/www.oasdi.ca\/wp-content\/uploads\/2020\/02\/cropped-oasdi-logo.png\",\"contentUrl\":\"https:\/\/www.oasdi.ca\/wp-content\/uploads\/2020\/02\/cropped-oasdi-logo.png\",\"width\":468,\"height\":96,\"caption\":\"OASDI\"},\"image\":{\"@id\":\"https:\/\/www.oasdi.ca\/vi\/#\/schema\/logo\/image\/\"}}]}<\/script>\n<!-- \/ Yoast SEO plugin. -->","yoast_head_json":{"title":"Ch\u01b0\u01a1ng Tr\u00ecnh M\u00f9a H\u00e8 \u1edf Ontario cho H\u1ecdc Sinh Qu\u1ed1c T\u1ebf | OASDI","description":"Nhi\u1ec1u tr\u01b0\u1eddng \u1edf Ontario cung c\u1ea5p ch\u01b0\u01a1ng tr\u00ecnh m\u00f9a h\u00e8 cho h\u1ecdc sinh qu\u1ed1c t\u1ebf. T\u00ecm hi\u1ec3u th\u00eam th\u00f4ng tin v\u1ec1 ch\u01b0\u01a1ng tr\u00ecnh m\u00f9a h\u00e8 cho h\u1ecdc sinh qu\u1ed1c t\u1ebf \u1edf Ontario \u1edf \u0111\u00e2y.","robots":{"index":"index","follow":"follow","max-snippet":"max-snippet:-1","max-image-preview":"max-image-preview:large","max-video-preview":"max-video-preview:-1"},"canonical":"https:\/\/www.oasdi.ca\/vi\/international-education\/programs\/summer\/","og_locale":"vi_VN","og_type":"article","og_title":"Ch\u01b0\u01a1ng Tr\u00ecnh M\u00f9a H\u00e8 \u1edf Ontario cho H\u1ecdc Sinh Qu\u1ed1c T\u1ebf | OASDI","og_description":"Nhi\u1ec1u tr\u01b0\u1eddng \u1edf Ontario cung c\u1ea5p ch\u01b0\u01a1ng tr\u00ecnh m\u00f9a h\u00e8 cho h\u1ecdc sinh qu\u1ed1c t\u1ebf. T\u00ecm hi\u1ec3u th\u00eam th\u00f4ng tin v\u1ec1 ch\u01b0\u01a1ng tr\u00ecnh m\u00f9a h\u00e8 cho h\u1ecdc sinh qu\u1ed1c t\u1ebf \u1edf Ontario \u1edf \u0111\u00e2y.","og_url":"https:\/\/www.oasdi.ca\/vi\/international-education\/programs\/summer\/","og_site_name":"OASDI","article_modified_time":"2020-04-19T22:38:00+00:00","og_image":[{"width":1440,"height":268,"url":"https:\/\/www.oasdi.ca\/wp-content\/uploads\/2020\/03\/Summer-Programs.jpg","type":"image\/jpeg"}],"twitter_card":"summary_large_image","twitter_misc":{"Est. reading time":"2 minutes"},"schema":{"@context":"https:\/\/schema.org","@graph":[{"@type":"WebPage","@id":"https:\/\/www.oasdi.ca\/vi\/international-education\/programs\/summer\/","url":"https:\/\/www.oasdi.ca\/vi\/international-education\/programs\/summer\/","name":"Ch\u01b0\u01a1ng Tr\u00ecnh M\u00f9a H\u00e8 \u1edf Ontario cho H\u1ecdc Sinh Qu\u1ed1c T\u1ebf | OASDI","isPartOf":{"@id":"https:\/\/www.oasdi.ca\/vi\/#website"},"datePublished":"2020-03-19T23:03:14+00:00","dateModified":"2020-04-19T22:38:00+00:00","description":"Nhi\u1ec1u tr\u01b0\u1eddng \u1edf Ontario cung c\u1ea5p ch\u01b0\u01a1ng tr\u00ecnh m\u00f9a h\u00e8 cho h\u1ecdc sinh qu\u1ed1c t\u1ebf. T\u00ecm hi\u1ec3u th\u00eam th\u00f4ng tin v\u1ec1 ch\u01b0\u01a1ng tr\u00ecnh m\u00f9a h\u00e8 cho h\u1ecdc sinh qu\u1ed1c t\u1ebf \u1edf Ontario \u1edf \u0111\u00e2y.","breadcrumb":{"@id":"https:\/\/www.oasdi.ca\/vi\/international-education\/programs\/summer\/#breadcrumb"},"inLanguage":"vi-VN","potentialAction":[{"@type":"ReadAction","target":["https:\/\/www.oasdi.ca\/vi\/international-education\/programs\/summer\/"]}]},{"@type":"BreadcrumbList","@id":"https:\/\/www.oasdi.ca\/vi\/international-education\/programs\/summer\/#breadcrumb","itemListElement":[{"@type":"ListItem","position":1,"name":"Trang Ch\u1ee7","item":"https:\/\/www.oasdi.ca\/vi\/"},{"@type":"ListItem","position":2,"name":"L\u00e0m Th\u1ebf N\u00e0o \u0110\u1ec3 Theo H\u1ecdc Ch\u01b0\u01a1ng Tr\u00ecnh Gi\u00e1o D\u1ee5c Qu\u1ed1c T\u1ebf \u1edf Ontario","item":"https:\/\/www.oasdi.ca\/vi\/international-education\/"},{"@type":"ListItem","position":3,"name":"C\u00e1c Ch\u01b0\u01a1ng Tr\u00ecnh \u1edf Ontario cho H\u1ecdc Sinh Qu\u1ed1c T\u1ebf","item":"https:\/\/www.oasdi.ca\/vi\/international-education\/programs\/"},{"@type":"ListItem","position":4,"name":"C\u00e1c Ch\u01b0\u01a1ng Tr\u00ecnh M\u00f9a H\u00e8 \u1edf Ontario cho H\u1ecdc Sinh Qu\u1ed1c T\u1ebf"}]},{"@type":"WebSite","@id":"https:\/\/www.oasdi.ca\/vi\/#website","url":"https:\/\/www.oasdi.ca\/vi\/","name":"OASDI","description":"Ontario Association of School District International","publisher":{"@id":"https:\/\/www.oasdi.ca\/vi\/#organization"},"potentialAction":[{"@type":"SearchAction","target":{"@type":"EntryPoint","urlTemplate":"https:\/\/www.oasdi.ca\/vi\/?s={search_term_string}"},"query-input":"required name=search_term_string"}],"inLanguage":"vi-VN"},{"@type":"Organization","@id":"https:\/\/www.oasdi.ca\/vi\/#organization","name":"OASDI","url":"https:\/\/www.oasdi.ca\/vi\/","logo":{"@type":"ImageObject","inLanguage":"vi-VN","@id":"https:\/\/www.oasdi.ca\/vi\/#\/schema\/logo\/image\/","url":"https:\/\/www.oasdi.ca\/wp-content\/uploads\/2020\/02\/cropped-oasdi-logo.png","contentUrl":"https:\/\/www.oasdi.ca\/wp-content\/uploads\/2020\/02\/cropped-oasdi-logo.png","width":468,"height":96,"caption":"OASDI"},"image":{"@id":"https:\/\/www.oasdi.ca\/vi\/#\/schema\/logo\/image\/"}}]}},"_links":{"self":[{"href":"https:\/\/www.oasdi.ca\/vi\/wp-json\/wp\/v2\/pages\/19826"}],"collection":[{"href":"https:\/\/www.oasdi.ca\/vi\/wp-json\/wp\/v2\/pages"}],"about":[{"href":"https:\/\/www.oasdi.ca\/vi\/wp-json\/wp\/v2\/types\/page"}],"author":[{"embeddable":true,"href":"https:\/\/www.oasdi.ca\/vi\/wp-json\/wp\/v2\/users\/237"}],"replies":[{"embeddable":true,"href":"https:\/\/www.oasdi.ca\/vi\/wp-json\/wp\/v2\/comments?post=19826"}],"version-history":[{"count":0,"href":"https:\/\/www.oasdi.ca\/vi\/wp-json\/wp\/v2\/pages\/19826\/revisions"}],"up":[{"embeddable":true,"href":"https:\/\/www.oasdi.ca\/vi\/wp-json\/wp\/v2\/pages\/19687"}],"wp:featuredmedia":[{"embeddable":true,"href":"https:\/\/www.oasdi.ca\/vi\/wp-json\/wp\/v2\/media\/19827"}],"wp:attachment":[{"href":"https:\/\/www.oasdi.ca\/vi\/wp-json\/wp\/v2\/media?parent=19826"}],"curies":[{"name":"wp","href":"https:\/\/api.w.org\/{rel}","templated":true}]}}