{"id":19782,"date":"2020-03-19T22:56:24","date_gmt":"2020-03-19T22:56:24","guid":{"rendered":"http:\/\/oasdi.ca\/international-education\/programs\/short-term\/"},"modified":"2020-04-19T21:28:35","modified_gmt":"2020-04-19T21:28:35","slug":"short-term","status":"publish","type":"page","link":"https:\/\/www.oasdi.ca\/vi\/international-education\/programs\/short-term\/","title":{"rendered":"C\u00e1c Ch\u01b0\u01a1ng Tr\u00ecnh Ng\u1eafn H\u1ea1n \u1edf Ontario cho H\u1ecdc Sinh Qu\u1ed1c T\u1ebf"},"content":{"rendered":"<div id=\"pl-19782\"  class=\"panel-layout\" ><div id=\"pg-19782-0\"  class=\"panel-grid panel-no-style\" ><div id=\"pgc-19782-0-0\"  class=\"panel-grid-cell\" ><div id=\"panel-19782-0-0-0\" class=\"so-panel widget widget_sow-image panel-first-child panel-last-child\" data-index=\"0\" ><div class=\"is-featured-img panel-widget-style panel-widget-style-for-19782-0-0-0\" ><div\n\t\t\t\n\t\t\tclass=\"so-widget-sow-image so-widget-sow-image-default-c4f6304fc136-19782\"\n\t\t\t\n\t\t>\n\n<div class=\"sow-image-container\">\n\t\t<img loading=\"lazy\" decoding=\"async\" src=\"https:\/\/www.oasdi.ca\/wp-content\/uploads\/2020\/03\/Short-Term-Programs-for-International-Students-in-Ontario.jpg\" width=\"1440\" height=\"268\" srcset=\"https:\/\/www.oasdi.ca\/wp-content\/uploads\/2020\/03\/Short-Term-Programs-for-International-Students-in-Ontario.jpg 1440w, https:\/\/www.oasdi.ca\/wp-content\/uploads\/2020\/03\/Short-Term-Programs-for-International-Students-in-Ontario-250x47.jpg 250w, https:\/\/www.oasdi.ca\/wp-content\/uploads\/2020\/03\/Short-Term-Programs-for-International-Students-in-Ontario-700x130.jpg 700w, https:\/\/www.oasdi.ca\/wp-content\/uploads\/2020\/03\/Short-Term-Programs-for-International-Students-in-Ontario-768x143.jpg 768w, https:\/\/www.oasdi.ca\/wp-content\/uploads\/2020\/03\/Short-Term-Programs-for-International-Students-in-Ontario-120x22.jpg 120w\" sizes=\"(max-width: 1440px) 100vw, 1440px\" title=\"Short-Term Programs for International Students in Ontario\" alt=\"\" \t\tclass=\"so-widget-image\"\/>\n\t<\/div>\n\n<\/div><\/div><\/div><\/div><\/div><div id=\"pg-19782-1\"  class=\"panel-grid panel-has-style\" ><div class=\"has-container panel-row-style panel-row-style-for-19782-1\" ><div id=\"pgc-19782-1-0\"  class=\"panel-grid-cell\" ><div id=\"panel-19782-1-0-0\" class=\"so-panel widget widget_hem-seo-title-widget panel-first-child panel-last-child\" data-index=\"1\" ><div class=\"panel-widget-style panel-widget-style-for-19782-1-0-0\" ><div\n\t\t\t\n\t\t\tclass=\"so-widget-hem-seo-title-widget so-widget-hem-seo-title-widget-hem-seo-title-widget-style-d75171398898-19782\"\n\t\t\t\n\t\t>\n<h1 style=\"font-size:px;\">C\u00e1c Ch\u01b0\u01a1ng Tr\u00ecnh Ng\u1eafn H\u1ea1n \u1edf Ontario cho H\u1ecdc Sinh Qu\u1ed1c T\u1ebf<\/h1>\n\n\n\n\t<!-- <div class=\"breadcrumb-trail\"><a href=\"index.php\">Home<\/a> \u00bb <span class=\"breadcrumb-current\">About<\/span><\/div> -->\n\t<div class=\"test1\"><span><span><a href=\"https:\/\/www.oasdi.ca\/vi\/\">Trang Ch\u1ee7<\/a><\/span><\/span><\/div>\n<\/div><\/div><\/div><\/div><\/div><\/div><div id=\"pg-19782-2\"  class=\"panel-grid panel-has-style\" ><div class=\"has-container panel-row-style panel-row-style-for-19782-2\" ><div id=\"pgc-19782-2-0\"  class=\"panel-grid-cell\" ><div id=\"panel-19782-2-0-0\" class=\"so-panel widget widget_hem-sidebar-menu-widget panel-first-child\" data-index=\"2\" ><div\n\t\t\t\n\t\t\tclass=\"so-widget-hem-sidebar-menu-widget so-widget-hem-sidebar-menu-widget-hem-sidebar-menu-widget-style-d75171398898-19782\"\n\t\t\t\n\t\t><div id=\"sidebar\">\n\t\t\t<ul id=\"side-menu\" class=\"side-menu menu-embedded\">\n\t\t\t\n\t\t\t\t\t\t\t\t\n\t\t\t\t\t\t\t\t\t\t\t<li><a href=\"https:\/\/www.oasdi.ca\/vi\/international-education\/programs\/speciality\/\">C\u00e1c Ch\u01b0\u01a1ng Tr\u00ecnh Chuy\u00ean Ban \u1edf Ontario cho H\u1ecdc Sinh Qu\u1ed1c T\u1ebf<\/a><\/li>\n\t\t\t\t\t\t\t\t\t\t\t\t\t\n\t\t\t\t\t\t\t\t\t\t\t<li><a href=\"https:\/\/www.oasdi.ca\/vi\/international-education\/programs\/summer\/\">C\u00e1c Ch\u01b0\u01a1ng Tr\u00ecnh M\u00f9a H\u00e8 \u1edf Ontario cho H\u1ecdc Sinh Qu\u1ed1c T\u1ebf<\/a><\/li>\n\t\t\t\t\t\t\t\t\t\t\t\t\t\n\t\t\t\t\t\t\t\t\t\t\t<li><a class=\"active\" href=\"https:\/\/www.oasdi.ca\/vi\/international-education\/programs\/short-term\/\">C\u00e1c Ch\u01b0\u01a1ng Tr\u00ecnh Ng\u1eafn H\u1ea1n \u1edf Ontario cho H\u1ecdc Sinh Qu\u1ed1c T\u1ebf<\/a><\/li>\n\t\t\t\t\t\t\t\t\t\t\t\t\t\n\t\t\t\t\t\t\t\t\t\t\t<li><a href=\"https:\/\/www.oasdi.ca\/vi\/international-education\/programs\/long-term\/\">C\u00e1c Ch\u01b0\u01a1ng Tr\u00ecnh D\u00e0i H\u1ea1n \u1edf Ontario cho H\u1ecdc Sinh Qu\u1ed1c T\u1ebf<\/a><\/li>\n\t\t\t\t\t\t\t\t\t\t\n\n\t\t\t\t<!-- Extra menu -->\n\t\t\t\t\n\n\n\t\t\t\t\t<\/ul>\n\t\n\n<\/div><\/div><\/div><div id=\"panel-19782-2-0-1\" class=\"so-panel widget widget_hem-sidebar-link-widget panel-last-child\" data-index=\"3\" ><div\n\t\t\t\n\t\t\tclass=\"so-widget-hem-sidebar-link-widget so-widget-hem-sidebar-link-widget-hem-sidebar-link-widget-style-d75171398898-19782\"\n\t\t\t\n\t\t><div id=\"sidebar\" class=\"external-link-only\">\n\n\n\n\t\t\t\t<!-- Extra menu -->\n\t\t\t\t\t\t\t\t\t<ul id=\"side-menu\" class=\"side-menu menu-embedded\">\n\t\t\t\t\t\t\t\t\t\t\t\t\t\t\t\t\t\t\t\t\t<li><a  href=\"https:\/\/www.oasdi.ca\/map-search\/\">Map Overview<\/a><\/li>\n\t\t\t\t\t\t\t\t\t\t\t\t\t\t\n\t\t\t\t\t\t\t\t\t\t\t\t\t\t\t\t\t\t\t\t\t<li><a  href=\"https:\/\/www.oasdi.ca\/district-list\/\">District List<\/a><\/li>\n\t\t\t\t\t\t\t\t\t\t\t\t\t\t\n\t\t\t\t\t\t\t\n\t\t\t\t\t<\/ul>\n\t\t\t\t\n\t\t\t\t\n\n\n\n\n<\/div><\/div><\/div><\/div><div id=\"pgc-19782-2-1\"  class=\"panel-grid-cell\" ><div class=\"pl-sm-3 pl-md-5 panel-cell-style panel-cell-style-for-19782-2-1\" ><div id=\"panel-19782-2-1-0\" class=\"so-panel widget widget_sow-editor panel-first-child panel-last-child\" data-index=\"4\" ><div\n\t\t\t\n\t\t\tclass=\"so-widget-sow-editor so-widget-sow-editor-base\"\n\t\t\t\n\t\t>\n<div class=\"siteorigin-widget-tinymce textwidget\">\n\t<p>C\u00e1c ch\u01b0\u01a1ng tr\u00ecnh ng\u1eafn h\u1ea1n r\u1ea5t \u0111a d\u1ea1ng v\u1ec1 lo\u1ea1i c\u01a1 h\u1ed9i h\u1ecdc t\u1eadp \u0111\u01b0\u1ee3c cung c\u1ea5p, c\u0169ng nh\u01b0 th\u1eddi gian c\u1ee7a ch\u01b0\u01a1ng tr\u00ecnh. M\u1ed9t s\u1ed1 ch\u01b0\u01a1ng tr\u00ecnh ng\u1eafn h\u1ea1n c\u00f3 th\u1ec3 ng\u1eafn 1 ho\u1eb7c 2 tu\u1ea7n, nh\u01b0ng ph\u1ea7n l\u1edbn ch\u01b0\u01a1ng tri\u0300nh k\u00e9o d\u00e0i t\u1eeb 1 \u0111\u1ebfn 2 th\u00e1ng.\u00a0 \u0110\u00f4i khi c\u00e1c ch\u01b0\u01a1ng tr\u00ecnh ng\u1eafn h\u1ea1n ho\u1ea1t \u0111\u1ed9ng d\u01b0\u1edbi d\u1ea1ng m\u1ed9t nh\u00f3m, v\u00e0 \u0111\u00f4i khi ca\u0301c ho\u0323c sinh c\u00f3 th\u1ec3 tham gia theo c\u00e1 nh\u00e2n. Trong ph\u1ea7n l\u1edbn tr\u01b0\u1eddng h\u1ee3p, Nh\u00e0 \u1ede B\u1ea3n X\u1ee9 \u0111\u01b0\u1ee3c s\u1eed d\u1ee5ng \u0111\u1ec3 cung c\u1ea5p ch\u1ed7 \u1edf cho ho\u0323c sinh.\u00a0 C\u00e1c ch\u01b0\u01a1ng tr\u00ecnh ng\u1eafn h\u1ea1n kh\u00e1c c\u00f3 th\u1ec3 li\u00ean quan \u0111\u1ebfn ca\u0301c ch\u01b0\u01a1ng tr\u00ecnh trao \u0111\u00f4\u0309i t\u01b0\u01a1ng h\u1ed7, trong \u0111\u00f3 ca\u0301c ho\u0323c sinh Canada \u0111\u1ebfn th\u0103m v\u00e0 theo h\u1ecdc t\u1ea1i tr\u01b0\u1eddng c\u1ee7a nh\u1eefng ho\u0323c sinh \u0111\u1ebfn Ontario.<\/p>\n<p>M\u1ee5c \u0111\u00edch c\u1ee7a c\u00e1c ch\u01b0\u01a1ng tr\u00ecnh ng\u1eafn h\u1ea1n l\u00e0 ho\u0323c ho\u0309i k\u1ef9 n\u0103ng ng\u00f4n ng\u1eef v\u00e0 nh\u1eadn th\u1ee9c v\u1ec1 v\u0103n ho\u00e1. H\u1ecdc sinh tham d\u1ef1 v\u00e0 tham gia v\u00e0o cu\u1ed9c s\u1ed1ng th\u01b0\u1eddng ng\u00e0y c\u1ee7a m\u1ed9t tr\u01b0\u1eddng h\u1ecdc nh\u01b0ng t\u1eadp trung h\u01a1n v\u00e0o v\u00e0 \u0111\u01b0\u1ee3c h\u01b0\u1edbng d\u1eabn th\u00eam khi h\u00f4\u0323i nh\u00e2\u0323p ng\u00f4n ng\u1eef n\u01a1i h\u1ecdc sinh h\u1ecdc t\u1eadp b\u00ean c\u1ea1nh c\u00e1c ho\u0323c sinh Canada v\u00e0 s\u1ef1 ti\u1ebfn b\u1ed9 \u0111\u01b0\u1ee3c theo d\u00f5i b\u1edfi c\u00e1c gi\u00e1o vi\u00ean.\u00a0 Th\u00f4ng th\u01b0\u1eddng m\u1ed9t gi\u00e1o vi\u00ean t\u1eeb qu\u00ea nh\u00e0 s\u1ebd \u0111i c\u00f9ng v\u1edbi c\u00e1c ho\u0323c sinh trong m\u1ed9t nh\u00f3m.\u00a0 C\u00e1c ch\u01b0\u01a1ng tr\u00ecnh ng\u1eafn h\u1ea1n th\u01b0\u1eddng cung c\u1ea5p cho ho\u0323c sinh nh\u01b0\u0303ng c\u01a1 h\u1ed9i \u0111\u1ec3 tham quan khu v\u1ef1c v\u00e0 tham gia c\u00e1c s\u1ef1 ki\u1ec7n v\u0103n ho\u00e1 ho\u1eb7c theo m\u00f9a.<\/p>\n<\/div>\n<\/div><\/div><\/div><\/div><\/div><\/div><\/div>","protected":false},"excerpt":{"rendered":"C\u00e1c Ch\u01b0\u01a1ng Tr\u00ecnh Ng\u1eafn H\u1ea1n \u1edf Ontario cho H\u1ecdc Sinh Qu\u1ed1c T\u1ebf Trang Ch\u1ee7 C\u00e1c Ch\u01b0\u01a1ng Tr\u00ecnh Chuy\u00ean Ban \u1edf Ontario cho H\u1ecdc Sinh Qu\u1ed1c T\u1ebf C\u00e1c Ch\u01b0\u01a1ng Tr\u00ecnh M\u00f9a H\u00e8 \u1edf Ontario cho H\u1ecdc Sinh Qu\u1ed1c T\u1ebf C\u00e1c Ch\u01b0\u01a1ng Tr\u00ecnh Ng\u1eafn H\u1ea1n \u1edf Ontario cho H\u1ecdc Sinh Qu\u1ed1c T\u1ebf C\u00e1c Ch\u01b0\u01a1ng Tr\u00ecnh D\u00e0i H\u1ea1n&#8230; <a class=\"view-article\" href=\"https:\/\/www.oasdi.ca\/vi\/international-education\/programs\/short-term\/\">View Article<\/a>","protected":false},"author":237,"featured_media":19783,"parent":19687,"menu_order":0,"comment_status":"closed","ping_status":"closed","template":"","meta":{"footnotes":""},"class_list":["post-19782","page","type-page","status-publish","has-post-thumbnail","hentry"],"yoast_head":"<!-- This site is optimized with the Yoast SEO plugin v21.5 - https:\/\/yoast.com\/wordpress\/plugins\/seo\/ -->\n<title>Ch\u01b0\u01a1ng Tr\u00ecnh Ng\u1eafn H\u1ea1n \u1edf Ontario cho H\u1ecdc Sinh Qu\u1ed1c T\u1ebf | OASDI<\/title>\n<meta name=\"description\" content=\"Th\u00e0nh vi\u00ean OASDI mang \u0111\u1ebfn nhi\u1ec1u l\u1ef1a ch\u1ecdn h\u1ecdc t\u1eadp kh\u00e1c nhau cho h\u1ecdc sinh qu\u1ed1c t\u1ebf \u1edf Ontario. T\u00ecm hi\u1ec3u th\u00eam v\u1ec1 c\u00e1c ch\u01b0\u01a1ng tr\u00ecnh ng\u1eafn h\u1ea1n cho h\u1ecdc sinh qu\u1ed1c t\u1ebf.\" \/>\n<meta name=\"robots\" content=\"index, follow, max-snippet:-1, max-image-preview:large, max-video-preview:-1\" \/>\n<link rel=\"canonical\" href=\"https:\/\/www.oasdi.ca\/vi\/international-education\/programs\/short-term\/\" \/>\n<meta property=\"og:locale\" content=\"vi_VN\" \/>\n<meta property=\"og:type\" content=\"article\" \/>\n<meta property=\"og:title\" content=\"Ch\u01b0\u01a1ng Tr\u00ecnh Ng\u1eafn H\u1ea1n \u1edf Ontario cho H\u1ecdc Sinh Qu\u1ed1c T\u1ebf | OASDI\" \/>\n<meta property=\"og:description\" content=\"Th\u00e0nh vi\u00ean OASDI mang \u0111\u1ebfn nhi\u1ec1u l\u1ef1a ch\u1ecdn h\u1ecdc t\u1eadp kh\u00e1c nhau cho h\u1ecdc sinh qu\u1ed1c t\u1ebf \u1edf Ontario. T\u00ecm hi\u1ec3u th\u00eam v\u1ec1 c\u00e1c ch\u01b0\u01a1ng tr\u00ecnh ng\u1eafn h\u1ea1n cho h\u1ecdc sinh qu\u1ed1c t\u1ebf.\" \/>\n<meta property=\"og:url\" content=\"https:\/\/www.oasdi.ca\/vi\/international-education\/programs\/short-term\/\" \/>\n<meta property=\"og:site_name\" content=\"OASDI\" \/>\n<meta property=\"article:modified_time\" content=\"2020-04-19T21:28:35+00:00\" \/>\n<meta property=\"og:image\" content=\"https:\/\/www.oasdi.ca\/wp-content\/uploads\/2020\/03\/Short-Term-Programs-for-International-Students-in-Ontario.jpg\" \/>\n\t<meta property=\"og:image:width\" content=\"1440\" \/>\n\t<meta property=\"og:image:height\" content=\"268\" \/>\n\t<meta property=\"og:image:type\" content=\"image\/jpeg\" \/>\n<meta name=\"twitter:card\" content=\"summary_large_image\" \/>\n<meta name=\"twitter:label1\" content=\"Est. reading time\" \/>\n\t<meta name=\"twitter:data1\" content=\"2 minutes\" \/>\n<script type=\"application\/ld+json\" class=\"yoast-schema-graph\">{\"@context\":\"https:\/\/schema.org\",\"@graph\":[{\"@type\":\"WebPage\",\"@id\":\"https:\/\/www.oasdi.ca\/vi\/international-education\/programs\/short-term\/\",\"url\":\"https:\/\/www.oasdi.ca\/vi\/international-education\/programs\/short-term\/\",\"name\":\"Ch\u01b0\u01a1ng Tr\u00ecnh Ng\u1eafn H\u1ea1n \u1edf Ontario cho H\u1ecdc Sinh Qu\u1ed1c T\u1ebf | OASDI\",\"isPartOf\":{\"@id\":\"https:\/\/www.oasdi.ca\/vi\/#website\"},\"datePublished\":\"2020-03-19T22:56:24+00:00\",\"dateModified\":\"2020-04-19T21:28:35+00:00\",\"description\":\"Th\u00e0nh vi\u00ean OASDI mang \u0111\u1ebfn nhi\u1ec1u l\u1ef1a ch\u1ecdn h\u1ecdc t\u1eadp kh\u00e1c nhau cho h\u1ecdc sinh qu\u1ed1c t\u1ebf \u1edf Ontario. T\u00ecm hi\u1ec3u th\u00eam v\u1ec1 c\u00e1c ch\u01b0\u01a1ng tr\u00ecnh ng\u1eafn h\u1ea1n cho h\u1ecdc sinh qu\u1ed1c t\u1ebf.\",\"breadcrumb\":{\"@id\":\"https:\/\/www.oasdi.ca\/vi\/international-education\/programs\/short-term\/#breadcrumb\"},\"inLanguage\":\"vi-VN\",\"potentialAction\":[{\"@type\":\"ReadAction\",\"target\":[\"https:\/\/www.oasdi.ca\/vi\/international-education\/programs\/short-term\/\"]}]},{\"@type\":\"BreadcrumbList\",\"@id\":\"https:\/\/www.oasdi.ca\/vi\/international-education\/programs\/short-term\/#breadcrumb\",\"itemListElement\":[{\"@type\":\"ListItem\",\"position\":1,\"name\":\"Trang Ch\u1ee7\",\"item\":\"https:\/\/www.oasdi.ca\/vi\/\"},{\"@type\":\"ListItem\",\"position\":2,\"name\":\"L\u00e0m Th\u1ebf N\u00e0o \u0110\u1ec3 Theo H\u1ecdc Ch\u01b0\u01a1ng Tr\u00ecnh Gi\u00e1o D\u1ee5c Qu\u1ed1c T\u1ebf \u1edf Ontario\",\"item\":\"https:\/\/www.oasdi.ca\/vi\/international-education\/\"},{\"@type\":\"ListItem\",\"position\":3,\"name\":\"C\u00e1c Ch\u01b0\u01a1ng Tr\u00ecnh \u1edf Ontario cho H\u1ecdc Sinh Qu\u1ed1c T\u1ebf\",\"item\":\"https:\/\/www.oasdi.ca\/vi\/international-education\/programs\/\"},{\"@type\":\"ListItem\",\"position\":4,\"name\":\"C\u00e1c Ch\u01b0\u01a1ng Tr\u00ecnh Ng\u1eafn H\u1ea1n \u1edf Ontario cho H\u1ecdc Sinh Qu\u1ed1c T\u1ebf\"}]},{\"@type\":\"WebSite\",\"@id\":\"https:\/\/www.oasdi.ca\/vi\/#website\",\"url\":\"https:\/\/www.oasdi.ca\/vi\/\",\"name\":\"OASDI\",\"description\":\"Ontario Association of School District International\",\"publisher\":{\"@id\":\"https:\/\/www.oasdi.ca\/vi\/#organization\"},\"potentialAction\":[{\"@type\":\"SearchAction\",\"target\":{\"@type\":\"EntryPoint\",\"urlTemplate\":\"https:\/\/www.oasdi.ca\/vi\/?s={search_term_string}\"},\"query-input\":\"required name=search_term_string\"}],\"inLanguage\":\"vi-VN\"},{\"@type\":\"Organization\",\"@id\":\"https:\/\/www.oasdi.ca\/vi\/#organization\",\"name\":\"OASDI\",\"url\":\"https:\/\/www.oasdi.ca\/vi\/\",\"logo\":{\"@type\":\"ImageObject\",\"inLanguage\":\"vi-VN\",\"@id\":\"https:\/\/www.oasdi.ca\/vi\/#\/schema\/logo\/image\/\",\"url\":\"https:\/\/www.oasdi.ca\/wp-content\/uploads\/2020\/02\/cropped-oasdi-logo.png\",\"contentUrl\":\"https:\/\/www.oasdi.ca\/wp-content\/uploads\/2020\/02\/cropped-oasdi-logo.png\",\"width\":468,\"height\":96,\"caption\":\"OASDI\"},\"image\":{\"@id\":\"https:\/\/www.oasdi.ca\/vi\/#\/schema\/logo\/image\/\"}}]}<\/script>\n<!-- \/ Yoast SEO plugin. -->","yoast_head_json":{"title":"Ch\u01b0\u01a1ng Tr\u00ecnh Ng\u1eafn H\u1ea1n \u1edf Ontario cho H\u1ecdc Sinh Qu\u1ed1c T\u1ebf | OASDI","description":"Th\u00e0nh vi\u00ean OASDI mang \u0111\u1ebfn nhi\u1ec1u l\u1ef1a ch\u1ecdn h\u1ecdc t\u1eadp kh\u00e1c nhau cho h\u1ecdc sinh qu\u1ed1c t\u1ebf \u1edf Ontario. T\u00ecm hi\u1ec3u th\u00eam v\u1ec1 c\u00e1c ch\u01b0\u01a1ng tr\u00ecnh ng\u1eafn h\u1ea1n cho h\u1ecdc sinh qu\u1ed1c t\u1ebf.","robots":{"index":"index","follow":"follow","max-snippet":"max-snippet:-1","max-image-preview":"max-image-preview:large","max-video-preview":"max-video-preview:-1"},"canonical":"https:\/\/www.oasdi.ca\/vi\/international-education\/programs\/short-term\/","og_locale":"vi_VN","og_type":"article","og_title":"Ch\u01b0\u01a1ng Tr\u00ecnh Ng\u1eafn H\u1ea1n \u1edf Ontario cho H\u1ecdc Sinh Qu\u1ed1c T\u1ebf | OASDI","og_description":"Th\u00e0nh vi\u00ean OASDI mang \u0111\u1ebfn nhi\u1ec1u l\u1ef1a ch\u1ecdn h\u1ecdc t\u1eadp kh\u00e1c nhau cho h\u1ecdc sinh qu\u1ed1c t\u1ebf \u1edf Ontario. T\u00ecm hi\u1ec3u th\u00eam v\u1ec1 c\u00e1c ch\u01b0\u01a1ng tr\u00ecnh ng\u1eafn h\u1ea1n cho h\u1ecdc sinh qu\u1ed1c t\u1ebf.","og_url":"https:\/\/www.oasdi.ca\/vi\/international-education\/programs\/short-term\/","og_site_name":"OASDI","article_modified_time":"2020-04-19T21:28:35+00:00","og_image":[{"width":1440,"height":268,"url":"https:\/\/www.oasdi.ca\/wp-content\/uploads\/2020\/03\/Short-Term-Programs-for-International-Students-in-Ontario.jpg","type":"image\/jpeg"}],"twitter_card":"summary_large_image","twitter_misc":{"Est. reading time":"2 minutes"},"schema":{"@context":"https:\/\/schema.org","@graph":[{"@type":"WebPage","@id":"https:\/\/www.oasdi.ca\/vi\/international-education\/programs\/short-term\/","url":"https:\/\/www.oasdi.ca\/vi\/international-education\/programs\/short-term\/","name":"Ch\u01b0\u01a1ng Tr\u00ecnh Ng\u1eafn H\u1ea1n \u1edf Ontario cho H\u1ecdc Sinh Qu\u1ed1c T\u1ebf | OASDI","isPartOf":{"@id":"https:\/\/www.oasdi.ca\/vi\/#website"},"datePublished":"2020-03-19T22:56:24+00:00","dateModified":"2020-04-19T21:28:35+00:00","description":"Th\u00e0nh vi\u00ean OASDI mang \u0111\u1ebfn nhi\u1ec1u l\u1ef1a ch\u1ecdn h\u1ecdc t\u1eadp kh\u00e1c nhau cho h\u1ecdc sinh qu\u1ed1c t\u1ebf \u1edf Ontario. T\u00ecm hi\u1ec3u th\u00eam v\u1ec1 c\u00e1c ch\u01b0\u01a1ng tr\u00ecnh ng\u1eafn h\u1ea1n cho h\u1ecdc sinh qu\u1ed1c t\u1ebf.","breadcrumb":{"@id":"https:\/\/www.oasdi.ca\/vi\/international-education\/programs\/short-term\/#breadcrumb"},"inLanguage":"vi-VN","potentialAction":[{"@type":"ReadAction","target":["https:\/\/www.oasdi.ca\/vi\/international-education\/programs\/short-term\/"]}]},{"@type":"BreadcrumbList","@id":"https:\/\/www.oasdi.ca\/vi\/international-education\/programs\/short-term\/#breadcrumb","itemListElement":[{"@type":"ListItem","position":1,"name":"Trang Ch\u1ee7","item":"https:\/\/www.oasdi.ca\/vi\/"},{"@type":"ListItem","position":2,"name":"L\u00e0m Th\u1ebf N\u00e0o \u0110\u1ec3 Theo H\u1ecdc Ch\u01b0\u01a1ng Tr\u00ecnh Gi\u00e1o D\u1ee5c Qu\u1ed1c T\u1ebf \u1edf Ontario","item":"https:\/\/www.oasdi.ca\/vi\/international-education\/"},{"@type":"ListItem","position":3,"name":"C\u00e1c Ch\u01b0\u01a1ng Tr\u00ecnh \u1edf Ontario cho H\u1ecdc Sinh Qu\u1ed1c T\u1ebf","item":"https:\/\/www.oasdi.ca\/vi\/international-education\/programs\/"},{"@type":"ListItem","position":4,"name":"C\u00e1c Ch\u01b0\u01a1ng Tr\u00ecnh Ng\u1eafn H\u1ea1n \u1edf Ontario cho H\u1ecdc Sinh Qu\u1ed1c T\u1ebf"}]},{"@type":"WebSite","@id":"https:\/\/www.oasdi.ca\/vi\/#website","url":"https:\/\/www.oasdi.ca\/vi\/","name":"OASDI","description":"Ontario Association of School District International","publisher":{"@id":"https:\/\/www.oasdi.ca\/vi\/#organization"},"potentialAction":[{"@type":"SearchAction","target":{"@type":"EntryPoint","urlTemplate":"https:\/\/www.oasdi.ca\/vi\/?s={search_term_string}"},"query-input":"required name=search_term_string"}],"inLanguage":"vi-VN"},{"@type":"Organization","@id":"https:\/\/www.oasdi.ca\/vi\/#organization","name":"OASDI","url":"https:\/\/www.oasdi.ca\/vi\/","logo":{"@type":"ImageObject","inLanguage":"vi-VN","@id":"https:\/\/www.oasdi.ca\/vi\/#\/schema\/logo\/image\/","url":"https:\/\/www.oasdi.ca\/wp-content\/uploads\/2020\/02\/cropped-oasdi-logo.png","contentUrl":"https:\/\/www.oasdi.ca\/wp-content\/uploads\/2020\/02\/cropped-oasdi-logo.png","width":468,"height":96,"caption":"OASDI"},"image":{"@id":"https:\/\/www.oasdi.ca\/vi\/#\/schema\/logo\/image\/"}}]}},"_links":{"self":[{"href":"https:\/\/www.oasdi.ca\/vi\/wp-json\/wp\/v2\/pages\/19782"}],"collection":[{"href":"https:\/\/www.oasdi.ca\/vi\/wp-json\/wp\/v2\/pages"}],"about":[{"href":"https:\/\/www.oasdi.ca\/vi\/wp-json\/wp\/v2\/types\/page"}],"author":[{"embeddable":true,"href":"https:\/\/www.oasdi.ca\/vi\/wp-json\/wp\/v2\/users\/237"}],"replies":[{"embeddable":true,"href":"https:\/\/www.oasdi.ca\/vi\/wp-json\/wp\/v2\/comments?post=19782"}],"version-history":[{"count":0,"href":"https:\/\/www.oasdi.ca\/vi\/wp-json\/wp\/v2\/pages\/19782\/revisions"}],"up":[{"embeddable":true,"href":"https:\/\/www.oasdi.ca\/vi\/wp-json\/wp\/v2\/pages\/19687"}],"wp:featuredmedia":[{"embeddable":true,"href":"https:\/\/www.oasdi.ca\/vi\/wp-json\/wp\/v2\/media\/19783"}],"wp:attachment":[{"href":"https:\/\/www.oasdi.ca\/vi\/wp-json\/wp\/v2\/media?parent=19782"}],"curies":[{"name":"wp","href":"https:\/\/api.w.org\/{rel}","templated":true}]}}