{"id":19687,"date":"2020-03-19T22:43:29","date_gmt":"2020-03-19T22:43:29","guid":{"rendered":"http:\/\/oasdi.ca\/international-education\/programs\/"},"modified":"2020-04-19T19:19:32","modified_gmt":"2020-04-19T19:19:32","slug":"programs","status":"publish","type":"page","link":"https:\/\/www.oasdi.ca\/vi\/international-education\/programs\/","title":{"rendered":"C\u00e1c Ch\u01b0\u01a1ng Tr\u00ecnh \u1edf Ontario cho H\u1ecdc Sinh Qu\u1ed1c T\u1ebf"},"content":{"rendered":"<div id=\"pl-19687\"  class=\"panel-layout\" ><div id=\"pg-19687-0\"  class=\"panel-grid panel-no-style\" ><div id=\"pgc-19687-0-0\"  class=\"panel-grid-cell\" ><div id=\"panel-19687-0-0-0\" class=\"so-panel widget widget_sow-image panel-first-child panel-last-child\" data-index=\"0\" ><div class=\"is-featured-img panel-widget-style panel-widget-style-for-19687-0-0-0\" ><div\n\t\t\t\n\t\t\tclass=\"so-widget-sow-image so-widget-sow-image-default-c4f6304fc136-19687\"\n\t\t\t\n\t\t>\n\n<div class=\"sow-image-container\">\n\t\t<img loading=\"lazy\" decoding=\"async\" src=\"https:\/\/www.oasdi.ca\/wp-content\/uploads\/2020\/03\/OASDI-program.jpg\" width=\"1440\" height=\"268\" srcset=\"https:\/\/www.oasdi.ca\/wp-content\/uploads\/2020\/03\/OASDI-program.jpg 1440w, https:\/\/www.oasdi.ca\/wp-content\/uploads\/2020\/03\/OASDI-program-250x47.jpg 250w, https:\/\/www.oasdi.ca\/wp-content\/uploads\/2020\/03\/OASDI-program-700x130.jpg 700w, https:\/\/www.oasdi.ca\/wp-content\/uploads\/2020\/03\/OASDI-program-768x143.jpg 768w, https:\/\/www.oasdi.ca\/wp-content\/uploads\/2020\/03\/OASDI-program-120x22.jpg 120w\" sizes=\"(max-width: 1440px) 100vw, 1440px\" alt=\"OASDI program\" \t\tclass=\"so-widget-image\"\/>\n\t<\/div>\n\n<\/div><\/div><\/div><\/div><\/div><div id=\"pg-19687-1\"  class=\"panel-grid panel-has-style\" ><div class=\"has-container panel-row-style panel-row-style-for-19687-1\" ><div id=\"pgc-19687-1-0\"  class=\"panel-grid-cell\" ><div id=\"panel-19687-1-0-0\" class=\"so-panel widget widget_hem-seo-title-widget panel-first-child panel-last-child\" data-index=\"1\" ><div class=\"panel-widget-style panel-widget-style-for-19687-1-0-0\" ><div\n\t\t\t\n\t\t\tclass=\"so-widget-hem-seo-title-widget so-widget-hem-seo-title-widget-hem-seo-title-widget-style-d75171398898-19687\"\n\t\t\t\n\t\t>\n<h1 style=\"font-size:px;\">C\u00e1c Ch\u01b0\u01a1ng Tr\u00ecnh \u1edf Ontario cho H\u1ecdc Sinh Qu\u1ed1c T\u1ebf<\/h1>\n\n\n\n\t<!-- <div class=\"breadcrumb-trail\"><a href=\"index.php\">Home<\/a> \u00bb <span class=\"breadcrumb-current\">About<\/span><\/div> -->\n\t<div class=\"test1\"><span><span><a href=\"https:\/\/www.oasdi.ca\/vi\/\">Trang Ch\u1ee7<\/a><\/span><\/span><\/div>\n<\/div><\/div><\/div><\/div><\/div><\/div><div id=\"pg-19687-2\"  class=\"panel-grid panel-has-style\" ><div class=\"has-container panel-row-style panel-row-style-for-19687-2\" ><div id=\"pgc-19687-2-0\"  class=\"panel-grid-cell\" ><div id=\"panel-19687-2-0-0\" class=\"so-panel widget widget_hem-sidebar-menu-widget panel-first-child\" data-index=\"2\" ><div\n\t\t\t\n\t\t\tclass=\"so-widget-hem-sidebar-menu-widget so-widget-hem-sidebar-menu-widget-hem-sidebar-menu-widget-style-d75171398898-19687\"\n\t\t\t\n\t\t><div id=\"sidebar\">\n\t\t\t<ul id=\"side-menu\" class=\"side-menu menu-embedded\">\n\t\t\t\n\t\t\t\t\t\t\t\t\n\t\t\t\t\t\t\t\t\t\t\t<li><a href=\"https:\/\/www.oasdi.ca\/vi\/international-education\/programs\/speciality\/\">C\u00e1c Ch\u01b0\u01a1ng Tr\u00ecnh Chuy\u00ean Ban \u1edf Ontario cho H\u1ecdc Sinh Qu\u1ed1c T\u1ebf<\/a><\/li>\n\t\t\t\t\t\t\t\t\t\t\t\t\t\n\t\t\t\t\t\t\t\t\t\t\t<li><a href=\"https:\/\/www.oasdi.ca\/vi\/international-education\/programs\/summer\/\">C\u00e1c Ch\u01b0\u01a1ng Tr\u00ecnh M\u00f9a H\u00e8 \u1edf Ontario cho H\u1ecdc Sinh Qu\u1ed1c T\u1ebf<\/a><\/li>\n\t\t\t\t\t\t\t\t\t\t\t\t\t\n\t\t\t\t\t\t\t\t\t\t\t<li><a href=\"https:\/\/www.oasdi.ca\/vi\/international-education\/programs\/short-term\/\">C\u00e1c Ch\u01b0\u01a1ng Tr\u00ecnh Ng\u1eafn H\u1ea1n \u1edf Ontario cho H\u1ecdc Sinh Qu\u1ed1c T\u1ebf<\/a><\/li>\n\t\t\t\t\t\t\t\t\t\t\t\t\t\n\t\t\t\t\t\t\t\t\t\t\t<li><a href=\"https:\/\/www.oasdi.ca\/vi\/international-education\/programs\/long-term\/\">C\u00e1c Ch\u01b0\u01a1ng Tr\u00ecnh D\u00e0i H\u1ea1n \u1edf Ontario cho H\u1ecdc Sinh Qu\u1ed1c T\u1ebf<\/a><\/li>\n\t\t\t\t\t\t\t\t\t\t\n\n\t\t\t\t<!-- Extra menu -->\n\t\t\t\t\n\n\n\t\t\t\t\t<\/ul>\n\t\n\n<\/div><\/div><\/div><div id=\"panel-19687-2-0-1\" class=\"so-panel widget widget_hem-sidebar-link-widget panel-last-child\" data-index=\"3\" ><div\n\t\t\t\n\t\t\tclass=\"so-widget-hem-sidebar-link-widget so-widget-hem-sidebar-link-widget-hem-sidebar-link-widget-style-d75171398898-19687\"\n\t\t\t\n\t\t><div id=\"sidebar\" class=\"external-link-only\">\n\n\n\n\t\t\t\t<!-- Extra menu -->\n\t\t\t\t\t\t\t\t\t<ul id=\"side-menu\" class=\"side-menu menu-embedded\">\n\t\t\t\t\t\t\t\t\t\t\t\t\t\t\t\t\t\t\t\t\t<li><a  href=\"https:\/\/www.oasdi.ca\/map-search\/\">Map Overview<\/a><\/li>\n\t\t\t\t\t\t\t\t\t\t\t\t\t\t\n\t\t\t\t\t\t\t\t\t\t\t\t\t\t\t\t\t\t\t\t\t<li><a  href=\"https:\/\/www.oasdi.ca\/district-list\/\">District List<\/a><\/li>\n\t\t\t\t\t\t\t\t\t\t\t\t\t\t\n\t\t\t\t\t\t\t\n\t\t\t\t\t<\/ul>\n\t\t\t\t\n\t\t\t\t\n\n\n\n\n<\/div><\/div><\/div><\/div><div id=\"pgc-19687-2-1\"  class=\"panel-grid-cell\" ><div class=\"pl-sm-3 pl-md-5 panel-cell-style panel-cell-style-for-19687-2-1\" ><div id=\"panel-19687-2-1-0\" class=\"so-panel widget widget_sow-editor panel-first-child panel-last-child\" data-index=\"4\" ><div\n\t\t\t\n\t\t\tclass=\"so-widget-sow-editor so-widget-sow-editor-base\"\n\t\t\t\n\t\t>\n<div class=\"siteorigin-widget-tinymce textwidget\">\n\t<p>C\u00e1c h\u1ecdc khu th\u00e0nh vi\u00ean c\u1ee7a OASDI cung c\u1ea5p nhi\u1ec1u ch\u01b0\u01a1ng tr\u00ecnh d\u00e0nh cho h\u1ecdc sinh qu\u1ed1c t\u1ebf, bao g\u1ed3m c\u00e1c lo\u1ea1i sau:<\/p>\n<ul>\n<li>Ca\u0301c Ch\u01b0\u01a1ng Tri\u0300nh Da\u0300i Ha\u0323n<\/li>\n<li>Ca\u0301c Ch\u01b0\u01a1ng Tri\u0300nh Ng\u0103\u0301n Ha\u0323n<\/li>\n<li>C\u00e1c Ch\u01b0\u01a1ng Tr\u00ecnh M\u00f9a H\u00e8<\/li>\n<li>C\u00e1c Ch\u01b0\u01a1ng Tr\u00ecnh Chuy\u00ean M\u00f4n<\/li>\n<\/ul>\n<p>M\u1ed7i h\u1ecdc khu thi\u1ebft l\u1eadp ri\u00eang c\u00e1c ch\u01b0\u01a1ng tr\u00ecnh cho h\u1ecdc sinh qu\u1ed1c t\u1ebf, ph\u1ed5 bi\u1ebfn nh\u1ea5t l\u00e0 c\u00e1c ch\u01b0\u01a1ng tr\u00ecnh d\u00e0i h\u1ea1n.\u00a0 C\u1ea7n truy c\u1eadp trang web ho\u1eb7c\u00a0<a href=\"\/vi\/district-list\/\">li\u00ean l\u1ea1c v\u1edbi h\u1ecdc khu c\u1ee5 th\u1ec3<\/a>\u00a0\u0111\u1ec3 x\u00e1c \u0111\u1ecbnh xem ch\u01b0\u01a1ng tr\u00ecnh n\u00e0o c\u00f3 s\u1eb5n.<\/p>\n<\/div>\n<\/div><\/div><\/div><\/div><\/div><\/div><\/div>","protected":false},"excerpt":{"rendered":"C\u00e1c Ch\u01b0\u01a1ng Tr\u00ecnh \u1edf Ontario cho H\u1ecdc Sinh Qu\u1ed1c T\u1ebf Trang Ch\u1ee7 C\u00e1c Ch\u01b0\u01a1ng Tr\u00ecnh Chuy\u00ean Ban \u1edf Ontario cho H\u1ecdc Sinh Qu\u1ed1c T\u1ebf C\u00e1c Ch\u01b0\u01a1ng Tr\u00ecnh M\u00f9a H\u00e8 \u1edf Ontario cho H\u1ecdc Sinh Qu\u1ed1c T\u1ebf C\u00e1c Ch\u01b0\u01a1ng Tr\u00ecnh Ng\u1eafn H\u1ea1n \u1edf Ontario cho H\u1ecdc Sinh Qu\u1ed1c T\u1ebf C\u00e1c Ch\u01b0\u01a1ng Tr\u00ecnh D\u00e0i H\u1ea1n \u1edf Ontario&#8230; <a class=\"view-article\" href=\"https:\/\/www.oasdi.ca\/vi\/international-education\/programs\/\">View Article<\/a>","protected":false},"author":237,"featured_media":19688,"parent":18194,"menu_order":0,"comment_status":"closed","ping_status":"closed","template":"","meta":{"footnotes":""},"class_list":["post-19687","page","type-page","status-publish","has-post-thumbnail","hentry"],"yoast_head":"<!-- This site is optimized with the Yoast SEO plugin v21.5 - https:\/\/yoast.com\/wordpress\/plugins\/seo\/ -->\n<title>Ch\u01b0\u01a1ng Tr\u00ecnh cho H\u1ecdc Sinh Qu\u1ed1c T\u1ebf | H\u1ecdc \u1edf Ontario | OASDI<\/title>\n<meta name=\"description\" content=\"C\u00e1c tr\u01b0\u1eddng Ontario mang \u0111\u1ebfn nhi\u1ec1u ch\u01b0\u01a1ng tr\u00ecnh th\u00fa v\u1ecb v\u00e0 h\u1ea5p d\u1eabn cho h\u1ecdc sinh qu\u1ed1c t\u1ebf. T\u00ecm hi\u1ec3u th\u00eam v\u1ec1 ch\u01b0\u01a1ng tr\u00ecnh m\u00e0 th\u00e0nh vi\u00ean c\u1ee7a ch\u00fang t\u00f4i cung c\u1ea5p \u1edf \u0111\u00e2y.\" \/>\n<meta name=\"robots\" content=\"index, follow, max-snippet:-1, max-image-preview:large, max-video-preview:-1\" \/>\n<link rel=\"canonical\" href=\"https:\/\/www.oasdi.ca\/vi\/international-education\/programs\/\" \/>\n<meta property=\"og:locale\" content=\"vi_VN\" \/>\n<meta property=\"og:type\" content=\"article\" \/>\n<meta property=\"og:title\" content=\"Ch\u01b0\u01a1ng Tr\u00ecnh cho H\u1ecdc Sinh Qu\u1ed1c T\u1ebf | H\u1ecdc \u1edf Ontario | OASDI\" \/>\n<meta property=\"og:description\" content=\"C\u00e1c tr\u01b0\u1eddng Ontario mang \u0111\u1ebfn nhi\u1ec1u ch\u01b0\u01a1ng tr\u00ecnh th\u00fa v\u1ecb v\u00e0 h\u1ea5p d\u1eabn cho h\u1ecdc sinh qu\u1ed1c t\u1ebf. T\u00ecm hi\u1ec3u th\u00eam v\u1ec1 ch\u01b0\u01a1ng tr\u00ecnh m\u00e0 th\u00e0nh vi\u00ean c\u1ee7a ch\u00fang t\u00f4i cung c\u1ea5p \u1edf \u0111\u00e2y.\" \/>\n<meta property=\"og:url\" content=\"https:\/\/www.oasdi.ca\/vi\/international-education\/programs\/\" \/>\n<meta property=\"og:site_name\" content=\"OASDI\" \/>\n<meta property=\"article:modified_time\" content=\"2020-04-19T19:19:32+00:00\" \/>\n<meta property=\"og:image\" content=\"https:\/\/www.oasdi.ca\/wp-content\/uploads\/2020\/03\/OASDI-program.jpg\" \/>\n\t<meta property=\"og:image:width\" content=\"1440\" \/>\n\t<meta property=\"og:image:height\" content=\"268\" \/>\n\t<meta property=\"og:image:type\" content=\"image\/jpeg\" \/>\n<meta name=\"twitter:card\" content=\"summary_large_image\" \/>\n<meta name=\"twitter:label1\" content=\"Est. reading time\" \/>\n\t<meta name=\"twitter:data1\" content=\"1 minute\" \/>\n<script type=\"application\/ld+json\" class=\"yoast-schema-graph\">{\"@context\":\"https:\/\/schema.org\",\"@graph\":[{\"@type\":\"WebPage\",\"@id\":\"https:\/\/www.oasdi.ca\/vi\/international-education\/programs\/\",\"url\":\"https:\/\/www.oasdi.ca\/vi\/international-education\/programs\/\",\"name\":\"Ch\u01b0\u01a1ng Tr\u00ecnh cho H\u1ecdc Sinh Qu\u1ed1c T\u1ebf | H\u1ecdc \u1edf Ontario | OASDI\",\"isPartOf\":{\"@id\":\"https:\/\/www.oasdi.ca\/vi\/#website\"},\"datePublished\":\"2020-03-19T22:43:29+00:00\",\"dateModified\":\"2020-04-19T19:19:32+00:00\",\"description\":\"C\u00e1c tr\u01b0\u1eddng Ontario mang \u0111\u1ebfn nhi\u1ec1u ch\u01b0\u01a1ng tr\u00ecnh th\u00fa v\u1ecb v\u00e0 h\u1ea5p d\u1eabn cho h\u1ecdc sinh qu\u1ed1c t\u1ebf. T\u00ecm hi\u1ec3u th\u00eam v\u1ec1 ch\u01b0\u01a1ng tr\u00ecnh m\u00e0 th\u00e0nh vi\u00ean c\u1ee7a ch\u00fang t\u00f4i cung c\u1ea5p \u1edf \u0111\u00e2y.\",\"breadcrumb\":{\"@id\":\"https:\/\/www.oasdi.ca\/vi\/international-education\/programs\/#breadcrumb\"},\"inLanguage\":\"vi-VN\",\"potentialAction\":[{\"@type\":\"ReadAction\",\"target\":[\"https:\/\/www.oasdi.ca\/vi\/international-education\/programs\/\"]}]},{\"@type\":\"BreadcrumbList\",\"@id\":\"https:\/\/www.oasdi.ca\/vi\/international-education\/programs\/#breadcrumb\",\"itemListElement\":[{\"@type\":\"ListItem\",\"position\":1,\"name\":\"Trang Ch\u1ee7\",\"item\":\"https:\/\/www.oasdi.ca\/vi\/\"},{\"@type\":\"ListItem\",\"position\":2,\"name\":\"L\u00e0m Th\u1ebf N\u00e0o \u0110\u1ec3 Theo H\u1ecdc Ch\u01b0\u01a1ng Tr\u00ecnh Gi\u00e1o D\u1ee5c Qu\u1ed1c T\u1ebf \u1edf Ontario\",\"item\":\"https:\/\/www.oasdi.ca\/vi\/international-education\/\"},{\"@type\":\"ListItem\",\"position\":3,\"name\":\"C\u00e1c Ch\u01b0\u01a1ng Tr\u00ecnh \u1edf Ontario cho H\u1ecdc Sinh Qu\u1ed1c T\u1ebf\"}]},{\"@type\":\"WebSite\",\"@id\":\"https:\/\/www.oasdi.ca\/vi\/#website\",\"url\":\"https:\/\/www.oasdi.ca\/vi\/\",\"name\":\"OASDI\",\"description\":\"Ontario Association of School District International\",\"publisher\":{\"@id\":\"https:\/\/www.oasdi.ca\/vi\/#organization\"},\"potentialAction\":[{\"@type\":\"SearchAction\",\"target\":{\"@type\":\"EntryPoint\",\"urlTemplate\":\"https:\/\/www.oasdi.ca\/vi\/?s={search_term_string}\"},\"query-input\":\"required name=search_term_string\"}],\"inLanguage\":\"vi-VN\"},{\"@type\":\"Organization\",\"@id\":\"https:\/\/www.oasdi.ca\/vi\/#organization\",\"name\":\"OASDI\",\"url\":\"https:\/\/www.oasdi.ca\/vi\/\",\"logo\":{\"@type\":\"ImageObject\",\"inLanguage\":\"vi-VN\",\"@id\":\"https:\/\/www.oasdi.ca\/vi\/#\/schema\/logo\/image\/\",\"url\":\"https:\/\/www.oasdi.ca\/wp-content\/uploads\/2020\/02\/cropped-oasdi-logo.png\",\"contentUrl\":\"https:\/\/www.oasdi.ca\/wp-content\/uploads\/2020\/02\/cropped-oasdi-logo.png\",\"width\":468,\"height\":96,\"caption\":\"OASDI\"},\"image\":{\"@id\":\"https:\/\/www.oasdi.ca\/vi\/#\/schema\/logo\/image\/\"}}]}<\/script>\n<!-- \/ Yoast SEO plugin. -->","yoast_head_json":{"title":"Ch\u01b0\u01a1ng Tr\u00ecnh cho H\u1ecdc Sinh Qu\u1ed1c T\u1ebf | H\u1ecdc \u1edf Ontario | OASDI","description":"C\u00e1c tr\u01b0\u1eddng Ontario mang \u0111\u1ebfn nhi\u1ec1u ch\u01b0\u01a1ng tr\u00ecnh th\u00fa v\u1ecb v\u00e0 h\u1ea5p d\u1eabn cho h\u1ecdc sinh qu\u1ed1c t\u1ebf. T\u00ecm hi\u1ec3u th\u00eam v\u1ec1 ch\u01b0\u01a1ng tr\u00ecnh m\u00e0 th\u00e0nh vi\u00ean c\u1ee7a ch\u00fang t\u00f4i cung c\u1ea5p \u1edf \u0111\u00e2y.","robots":{"index":"index","follow":"follow","max-snippet":"max-snippet:-1","max-image-preview":"max-image-preview:large","max-video-preview":"max-video-preview:-1"},"canonical":"https:\/\/www.oasdi.ca\/vi\/international-education\/programs\/","og_locale":"vi_VN","og_type":"article","og_title":"Ch\u01b0\u01a1ng Tr\u00ecnh cho H\u1ecdc Sinh Qu\u1ed1c T\u1ebf | H\u1ecdc \u1edf Ontario | OASDI","og_description":"C\u00e1c tr\u01b0\u1eddng Ontario mang \u0111\u1ebfn nhi\u1ec1u ch\u01b0\u01a1ng tr\u00ecnh th\u00fa v\u1ecb v\u00e0 h\u1ea5p d\u1eabn cho h\u1ecdc sinh qu\u1ed1c t\u1ebf. T\u00ecm hi\u1ec3u th\u00eam v\u1ec1 ch\u01b0\u01a1ng tr\u00ecnh m\u00e0 th\u00e0nh vi\u00ean c\u1ee7a ch\u00fang t\u00f4i cung c\u1ea5p \u1edf \u0111\u00e2y.","og_url":"https:\/\/www.oasdi.ca\/vi\/international-education\/programs\/","og_site_name":"OASDI","article_modified_time":"2020-04-19T19:19:32+00:00","og_image":[{"width":1440,"height":268,"url":"https:\/\/www.oasdi.ca\/wp-content\/uploads\/2020\/03\/OASDI-program.jpg","type":"image\/jpeg"}],"twitter_card":"summary_large_image","twitter_misc":{"Est. reading time":"1 minute"},"schema":{"@context":"https:\/\/schema.org","@graph":[{"@type":"WebPage","@id":"https:\/\/www.oasdi.ca\/vi\/international-education\/programs\/","url":"https:\/\/www.oasdi.ca\/vi\/international-education\/programs\/","name":"Ch\u01b0\u01a1ng Tr\u00ecnh cho H\u1ecdc Sinh Qu\u1ed1c T\u1ebf | H\u1ecdc \u1edf Ontario | OASDI","isPartOf":{"@id":"https:\/\/www.oasdi.ca\/vi\/#website"},"datePublished":"2020-03-19T22:43:29+00:00","dateModified":"2020-04-19T19:19:32+00:00","description":"C\u00e1c tr\u01b0\u1eddng Ontario mang \u0111\u1ebfn nhi\u1ec1u ch\u01b0\u01a1ng tr\u00ecnh th\u00fa v\u1ecb v\u00e0 h\u1ea5p d\u1eabn cho h\u1ecdc sinh qu\u1ed1c t\u1ebf. T\u00ecm hi\u1ec3u th\u00eam v\u1ec1 ch\u01b0\u01a1ng tr\u00ecnh m\u00e0 th\u00e0nh vi\u00ean c\u1ee7a ch\u00fang t\u00f4i cung c\u1ea5p \u1edf \u0111\u00e2y.","breadcrumb":{"@id":"https:\/\/www.oasdi.ca\/vi\/international-education\/programs\/#breadcrumb"},"inLanguage":"vi-VN","potentialAction":[{"@type":"ReadAction","target":["https:\/\/www.oasdi.ca\/vi\/international-education\/programs\/"]}]},{"@type":"BreadcrumbList","@id":"https:\/\/www.oasdi.ca\/vi\/international-education\/programs\/#breadcrumb","itemListElement":[{"@type":"ListItem","position":1,"name":"Trang Ch\u1ee7","item":"https:\/\/www.oasdi.ca\/vi\/"},{"@type":"ListItem","position":2,"name":"L\u00e0m Th\u1ebf N\u00e0o \u0110\u1ec3 Theo H\u1ecdc Ch\u01b0\u01a1ng Tr\u00ecnh Gi\u00e1o D\u1ee5c Qu\u1ed1c T\u1ebf \u1edf Ontario","item":"https:\/\/www.oasdi.ca\/vi\/international-education\/"},{"@type":"ListItem","position":3,"name":"C\u00e1c Ch\u01b0\u01a1ng Tr\u00ecnh \u1edf Ontario cho H\u1ecdc Sinh Qu\u1ed1c T\u1ebf"}]},{"@type":"WebSite","@id":"https:\/\/www.oasdi.ca\/vi\/#website","url":"https:\/\/www.oasdi.ca\/vi\/","name":"OASDI","description":"Ontario Association of School District International","publisher":{"@id":"https:\/\/www.oasdi.ca\/vi\/#organization"},"potentialAction":[{"@type":"SearchAction","target":{"@type":"EntryPoint","urlTemplate":"https:\/\/www.oasdi.ca\/vi\/?s={search_term_string}"},"query-input":"required name=search_term_string"}],"inLanguage":"vi-VN"},{"@type":"Organization","@id":"https:\/\/www.oasdi.ca\/vi\/#organization","name":"OASDI","url":"https:\/\/www.oasdi.ca\/vi\/","logo":{"@type":"ImageObject","inLanguage":"vi-VN","@id":"https:\/\/www.oasdi.ca\/vi\/#\/schema\/logo\/image\/","url":"https:\/\/www.oasdi.ca\/wp-content\/uploads\/2020\/02\/cropped-oasdi-logo.png","contentUrl":"https:\/\/www.oasdi.ca\/wp-content\/uploads\/2020\/02\/cropped-oasdi-logo.png","width":468,"height":96,"caption":"OASDI"},"image":{"@id":"https:\/\/www.oasdi.ca\/vi\/#\/schema\/logo\/image\/"}}]}},"_links":{"self":[{"href":"https:\/\/www.oasdi.ca\/vi\/wp-json\/wp\/v2\/pages\/19687"}],"collection":[{"href":"https:\/\/www.oasdi.ca\/vi\/wp-json\/wp\/v2\/pages"}],"about":[{"href":"https:\/\/www.oasdi.ca\/vi\/wp-json\/wp\/v2\/types\/page"}],"author":[{"embeddable":true,"href":"https:\/\/www.oasdi.ca\/vi\/wp-json\/wp\/v2\/users\/237"}],"replies":[{"embeddable":true,"href":"https:\/\/www.oasdi.ca\/vi\/wp-json\/wp\/v2\/comments?post=19687"}],"version-history":[{"count":0,"href":"https:\/\/www.oasdi.ca\/vi\/wp-json\/wp\/v2\/pages\/19687\/revisions"}],"up":[{"embeddable":true,"href":"https:\/\/www.oasdi.ca\/vi\/wp-json\/wp\/v2\/pages\/18194"}],"wp:featuredmedia":[{"embeddable":true,"href":"https:\/\/www.oasdi.ca\/vi\/wp-json\/wp\/v2\/media\/19688"}],"wp:attachment":[{"href":"https:\/\/www.oasdi.ca\/vi\/wp-json\/wp\/v2\/media?parent=19687"}],"curies":[{"name":"wp","href":"https:\/\/api.w.org\/{rel}","templated":true}]}}