{"id":19382,"date":"2020-03-23T12:00:37","date_gmt":"2020-03-23T12:00:37","guid":{"rendered":"http:\/\/oasdi.ca\/pathways\/ontario\/"},"modified":"2020-05-18T12:59:15","modified_gmt":"2020-05-18T12:59:15","slug":"ontario","status":"publish","type":"page","link":"https:\/\/www.oasdi.ca\/vi\/pathways\/ontario\/","title":{"rendered":"\u0110\u1ed3 H\u1ecda Th\u00f4ng Tin v\u1ec1 L\u1ed9 Tr\u00ecnh Gi\u00e1o D\u1ee5c \u1edf Ontario"},"content":{"rendered":"<div id=\"pl-19382\"  class=\"panel-layout\" ><div id=\"pg-19382-0\"  class=\"panel-grid panel-no-style\" ><div id=\"pgc-19382-0-0\"  class=\"panel-grid-cell\" ><div id=\"panel-19382-0-0-0\" class=\"so-panel widget widget_sow-image panel-first-child panel-last-child\" data-index=\"0\" ><div class=\"is-featured-img panel-widget-style panel-widget-style-for-19382-0-0-0\" ><div\n\t\t\t\n\t\t\tclass=\"so-widget-sow-image so-widget-sow-image-default-c4f6304fc136-19382\"\n\t\t\t\n\t\t>\n\n<div class=\"sow-image-container\">\n\t\t<img loading=\"lazy\" decoding=\"async\" src=\"https:\/\/www.oasdi.ca\/wp-content\/uploads\/2020\/03\/college-in-ontario.jpg\" width=\"1440\" height=\"268\" srcset=\"https:\/\/www.oasdi.ca\/wp-content\/uploads\/2020\/03\/college-in-ontario.jpg 1440w, https:\/\/www.oasdi.ca\/wp-content\/uploads\/2020\/03\/college-in-ontario-250x47.jpg 250w, https:\/\/www.oasdi.ca\/wp-content\/uploads\/2020\/03\/college-in-ontario-700x130.jpg 700w, https:\/\/www.oasdi.ca\/wp-content\/uploads\/2020\/03\/college-in-ontario-768x143.jpg 768w, https:\/\/www.oasdi.ca\/wp-content\/uploads\/2020\/03\/college-in-ontario-120x22.jpg 120w\" sizes=\"(max-width: 1440px) 100vw, 1440px\" alt=\"College in Ontario\" \t\tclass=\"so-widget-image\"\/>\n\t<\/div>\n\n<\/div><\/div><\/div><\/div><\/div><div id=\"pg-19382-1\"  class=\"panel-grid panel-has-style\" ><div class=\"has-container panel-row-style panel-row-style-for-19382-1\" ><div id=\"pgc-19382-1-0\"  class=\"panel-grid-cell\" ><div id=\"panel-19382-1-0-0\" class=\"so-panel widget widget_hem-seo-title-widget panel-first-child panel-last-child\" data-index=\"1\" ><div class=\"panel-widget-style panel-widget-style-for-19382-1-0-0\" ><div\n\t\t\t\n\t\t\tclass=\"so-widget-hem-seo-title-widget so-widget-hem-seo-title-widget-hem-seo-title-widget-style-d75171398898-19382\"\n\t\t\t\n\t\t>\n<h1 style=\"font-size:px;\">\u0110\u1ed3 H\u1ecda Th\u00f4ng Tin v\u1ec1 L\u1ed9 Tr\u00ecnh Gi\u00e1o D\u1ee5c \u1edf Ontario<\/h1>\n\n\n\n\t<!-- <div class=\"breadcrumb-trail\"><a href=\"index.php\">Home<\/a> \u00bb <span class=\"breadcrumb-current\">About<\/span><\/div> -->\n\t<div class=\"test1\"><span><span><a href=\"https:\/\/www.oasdi.ca\/vi\/\">Trang Ch\u1ee7<\/a><\/span><\/span><\/div>\n<\/div><\/div><\/div><\/div><\/div><\/div><div id=\"pg-19382-2\"  class=\"panel-grid panel-has-style\" ><div class=\"has-container panel-row-style panel-row-style-for-19382-2\" ><div id=\"pgc-19382-2-0\"  class=\"panel-grid-cell\" ><div id=\"panel-19382-2-0-0\" class=\"so-panel widget widget_hem-sidebar-menu-widget panel-first-child\" data-index=\"2\" ><div\n\t\t\t\n\t\t\tclass=\"so-widget-hem-sidebar-menu-widget so-widget-hem-sidebar-menu-widget-hem-sidebar-menu-widget-style-d75171398898-19382\"\n\t\t\t\n\t\t><div id=\"sidebar\">\n\t\t\t<ul id=\"side-menu\" class=\"side-menu menu-embedded\">\n\t\t\t\n\t\t\t\t\t\t\t\t\n\t\t\t\t\t\t\t\t\t\t\t<li><a href=\"https:\/\/www.oasdi.ca\/vi\/pathways\/apprenticeships\/\">H\u1ecdc Vi\u1ec7c \u1edf Ontario cho H\u1ecdc Sinh Qu\u1ed1c T\u1ebf<\/a><\/li>\n\t\t\t\t\t\t\t\t\t\t\t\t\t\n\t\t\t\t\t\t\t\t\t\t\t<li><a class=\"active\" href=\"https:\/\/www.oasdi.ca\/vi\/pathways\/ontario\/\">\u0110\u1ed3 H\u1ecda Th\u00f4ng Tin v\u1ec1 L\u1ed9 Tr\u00ecnh Gi\u00e1o D\u1ee5c \u1edf Ontario<\/a><\/li>\n\t\t\t\t\t\t\t\t\t\t\t\t\t\n\t\t\t\t\t\t\t\t\t\t\t<li><a href=\"https:\/\/www.oasdi.ca\/vi\/pathways\/faq\/\">C\u00e2u H\u1ecfi Th\u01b0\u1eddng G\u1eb7p v\u1ec1 L\u1ed9 Tr\u00ecnh Gi\u00e1o D\u1ee5c \u1edf Ontario cho H\u1ecdc Sinh Qu\u1ed1c T\u1ebf<\/a><\/li>\n\t\t\t\t\t\t\t\t\t\t\t\t\t\n\t\t\t\t\t\t\t\t\t\t\t<li><a href=\"https:\/\/www.oasdi.ca\/vi\/pathways\/scholarships\/\">C\u01a1 H\u1ed9i H\u1ecdc B\u1ed5ng \u1edf Ontario cho H\u1ecdc Sinh Qu\u1ed1c T\u1ebf<\/a><\/li>\n\t\t\t\t\t\t\t\t\t\t\t\t\t\n\t\t\t\t\t\t\t\t\t\t\t<li><a href=\"https:\/\/www.oasdi.ca\/vi\/pathways\/immigration-in-ontario\/\">Nh\u1eadp C\u01b0 v\u00e0o Ontario V\u1edbi T\u01b0 C\u00e1ch L\u00e0 H\u1ecdc Sinh Qu\u1ed1c T\u1ebf<\/a><\/li>\n\t\t\t\t\t\t\t\t\t\t\t\t\t\n\t\t\t\t\t\t\t\t\t\t\t<li><a href=\"https:\/\/www.oasdi.ca\/vi\/pathways\/working-in-canada\/\">C\u00e1ch Th\u1ee9c L\u00e0m Vi\u1ec7c \u1edf Ontario V\u1edbi T\u01b0 C\u00e1ch L\u00e0 H\u1ecdc Sinh Qu\u1ed1c T\u1ebf<\/a><\/li>\n\t\t\t\t\t\t\t\t\t\t\t\t\t\n\t\t\t\t\t\t\t\t\t\t\t<li><a href=\"https:\/\/www.oasdi.ca\/vi\/pathways\/university-in-ontario\/\">Th\u00f4ng Tin v\u1ec1 Tr\u01b0\u1eddng \u0110\u1ea1i H\u1ecdc \u1edf Ontario cho H\u1ecdc Sinh Qu\u1ed1c T\u1ebf<\/a><\/li>\n\t\t\t\t\t\t\t\t\t\t\t\t\t\n\t\t\t\t\t\t\t\t\t\t\t<li><a href=\"https:\/\/www.oasdi.ca\/vi\/pathways\/college-in-ontario\/\">Th\u00f4ng Tin v\u1ec1 Tr\u01b0\u1eddng Cao \u0110\u1eb3ng \u1edf Ontario cho H\u1ecdc Sinh Qu\u1ed1c T\u1ebf<\/a><\/li>\n\t\t\t\t\t\t\t\t\t\t\n\n\t\t\t\t<!-- Extra menu -->\n\t\t\t\t\n\n\n\t\t\t\t\t<\/ul>\n\t\n\n<\/div><\/div><\/div><div id=\"panel-19382-2-0-1\" class=\"so-panel widget widget_hem-sidebar-link-widget panel-last-child\" data-index=\"3\" ><div\n\t\t\t\n\t\t\tclass=\"so-widget-hem-sidebar-link-widget so-widget-hem-sidebar-link-widget-hem-sidebar-link-widget-style-d75171398898-19382\"\n\t\t\t\n\t\t><div id=\"sidebar\" class=\"external-link-only\">\n\n\n\n\t\t\t\t<!-- Extra menu -->\n\t\t\t\t\t\t\t\t\t<ul id=\"side-menu\" class=\"side-menu menu-embedded\">\n\t\t\t\t\t\t\t\t\t\t\t\t\t\t\t\t\t\t\t\t\t<li><a  href=\"https:\/\/www.oasdi.ca\/map-search\/\">Map Overview<\/a><\/li>\n\t\t\t\t\t\t\t\t\t\t\t\t\t\t\n\t\t\t\t\t\t\t\t\t\t\t\t\t\t\t\t\t\t\t\t\t<li><a  href=\"https:\/\/www.oasdi.ca\/district-list\/\">District List<\/a><\/li>\n\t\t\t\t\t\t\t\t\t\t\t\t\t\t\n\t\t\t\t\t\t\t\n\t\t\t\t\t<\/ul>\n\t\t\t\t\n\t\t\t\t\n\n\n\n\n<\/div><\/div><\/div><\/div><div id=\"pgc-19382-2-1\"  class=\"panel-grid-cell\" ><div class=\"pl-sm-3 pl-md-5 panel-cell-style panel-cell-style-for-19382-2-1\" ><div id=\"panel-19382-2-1-0\" class=\"so-panel widget widget_sow-editor panel-first-child panel-last-child\" data-index=\"4\" ><div\n\t\t\t\n\t\t\tclass=\"so-widget-sow-editor so-widget-sow-editor-base\"\n\t\t\t\n\t\t>\n<div class=\"siteorigin-widget-tinymce textwidget\">\n\t\n<div class=\"main-grid\">\n<div class=\"g-item\">\n<h3>Ontario Secondary School Diploma (OSSD)<\/h3>\n<p>30 credits, OSSLT, and 40 hours of Community Service. Minimum of 2 years of secondary school before being granted an OSSD, depending upon level of English proficiency and academic ability.<\/p>\n<p>            <a href=\"https:\/\/www.ontario.ca\/page\/study-ontario-international-students\">Study in Ontario: International Students<\/a>\n        <\/div>\n<div class=\"g-dr\"><\/div>\n<div class=\"g-dr\"><\/div>\n<div class=\"g-item\">\n<h3>University<\/h3>\n<p>Universities offer undergraduate and graduate degree programs, as well as professional degress in areas such as law and medicine. Ontario has 20 different universities offering a wide range of programs.<\/p>\n<p>            <a href=\"http:\/\/www.electronicinfo.ca\/universities\">Get to Know Ontario's Universities (with map of Ontario university locations)<\/a>\n        <\/div>\n<div class=\"g-dr-2\"><\/div>\n<div class=\"g-item\">\n<h3>College<\/h3>\n<p>College programs focus on the development of technical skills and prepare students for specific career and employment opportunities. Programs range from profession degree qualifications to skilled trades.<\/p>\n<p>            <a href=\"http:\/\/www.ontariocolleges.ca\/FindProgram\">Find a College Program<\/a>\n        <\/div>\n<div class=\"g-dr\"><\/div>\n<div class=\"g-dr\"><\/div>\n<div class=\"g-item\">\n<h3>Career: Work in Canada<\/h3>\n<p>Post-Graduation Work Permit (to be applied for within 90 days of written completion of program)<\/p>\n<p>\"The PGWPP allows students who have graduated from a participating Canadian post-secondary institution to gain valuable Canadian work experience. Skilled Canadian work experience gained through the PGWPP helps graduates qualify for permanent residence in Canada through Express Entry.\"<\/p>\n<p><a href=\"http:\/\/www.cic.gc.ca\/english\/study\/work-postgrad.asp\" target=\"_blank\">Learn More<\/a>\n        <\/div>\n<div class=\"g-dr\"><\/div>\n<div class=\"g-item\">\n<h3>Immigration to Ontario<\/h3>\n<p>Canada has created ways in which international students can be eligible to apply for Express Entry to immigrate to Canada. Ontario has developed the Ontario Immigrant Nominee Program (OINP) to support an immigration pathway for Ontario's international students.<\/p>\n<p>            <a href=\"http:\/\/www.ontarioimmigration.ca\/en\/pnp\/OI_PNP_EE.html\">Learn More<\/a>\n        <\/div>\n<\/p><\/div>\n<\/div>\n<\/div><\/div><\/div><\/div><\/div><\/div><\/div>","protected":false},"excerpt":{"rendered":"\u0110\u1ed3 H\u1ecda Th\u00f4ng Tin v\u1ec1 L\u1ed9 Tr\u00ecnh Gi\u00e1o D\u1ee5c \u1edf Ontario Trang Ch\u1ee7 H\u1ecdc Vi\u1ec7c \u1edf Ontario cho H\u1ecdc Sinh Qu\u1ed1c T\u1ebf \u0110\u1ed3 H\u1ecda Th\u00f4ng Tin v\u1ec1 L\u1ed9 Tr\u00ecnh Gi\u00e1o D\u1ee5c \u1edf Ontario C\u00e2u H\u1ecfi Th\u01b0\u1eddng G\u1eb7p v\u1ec1 L\u1ed9 Tr\u00ecnh Gi\u00e1o D\u1ee5c \u1edf Ontario cho H\u1ecdc Sinh Qu\u1ed1c T\u1ebf C\u01a1 H\u1ed9i H\u1ecdc B\u1ed5ng \u1edf Ontario&#8230; <a class=\"view-article\" href=\"https:\/\/www.oasdi.ca\/vi\/pathways\/ontario\/\">View Article<\/a>","protected":false},"author":237,"featured_media":19383,"parent":18242,"menu_order":0,"comment_status":"closed","ping_status":"closed","template":"","meta":{"footnotes":""},"class_list":["post-19382","page","type-page","status-publish","has-post-thumbnail","hentry"],"yoast_head":"<!-- This site is optimized with the Yoast SEO plugin v21.5 - https:\/\/yoast.com\/wordpress\/plugins\/seo\/ -->\n<title>\u0110\u1ed3 H\u1ecda Th\u00f4ng Tin L\u1ed9 Tr\u00ecnh Gi\u00e1o D\u1ee5c Ontario | H\u1ecdc \u1edf Ontario<\/title>\n<meta name=\"description\" content=\"B\u1ea1n t\u00f2 m\u00f2 v\u1ec1 c\u00e1c l\u1ef1a ch\u1ecdn l\u1ed9 tr\u00ecnh gi\u00e1o d\u1ee5c \u1edf Ontario? Xem \u0111\u1ed3 h\u1ecda th\u00f4ng tin h\u1eefu \u00edch c\u1ee7a ch\u00fang t\u00f4i \u0111\u1ec3 hi\u1ec3u h\u01a1n v\u1ec1 nhi\u1ec1u l\u1ef1a ch\u1ecdn m\u00e0 gi\u00e1o d\u1ee5c \u1edf Ontario mang l\u1ea1i.\" \/>\n<meta name=\"robots\" content=\"index, follow, max-snippet:-1, max-image-preview:large, max-video-preview:-1\" \/>\n<link rel=\"canonical\" href=\"https:\/\/www.oasdi.ca\/vi\/pathways\/ontario\/\" \/>\n<meta property=\"og:locale\" content=\"vi_VN\" \/>\n<meta property=\"og:type\" content=\"article\" \/>\n<meta property=\"og:title\" content=\"\u0110\u1ed3 H\u1ecda Th\u00f4ng Tin L\u1ed9 Tr\u00ecnh Gi\u00e1o D\u1ee5c Ontario | H\u1ecdc \u1edf Ontario\" \/>\n<meta property=\"og:description\" content=\"B\u1ea1n t\u00f2 m\u00f2 v\u1ec1 c\u00e1c l\u1ef1a ch\u1ecdn l\u1ed9 tr\u00ecnh gi\u00e1o d\u1ee5c \u1edf Ontario? Xem \u0111\u1ed3 h\u1ecda th\u00f4ng tin h\u1eefu \u00edch c\u1ee7a ch\u00fang t\u00f4i \u0111\u1ec3 hi\u1ec3u h\u01a1n v\u1ec1 nhi\u1ec1u l\u1ef1a ch\u1ecdn m\u00e0 gi\u00e1o d\u1ee5c \u1edf Ontario mang l\u1ea1i.\" \/>\n<meta property=\"og:url\" content=\"https:\/\/www.oasdi.ca\/vi\/pathways\/ontario\/\" \/>\n<meta property=\"og:site_name\" content=\"OASDI\" \/>\n<meta property=\"article:modified_time\" content=\"2020-05-18T12:59:15+00:00\" \/>\n<meta property=\"og:image\" content=\"https:\/\/www.oasdi.ca\/wp-content\/uploads\/2020\/03\/college-in-ontario.jpg\" \/>\n\t<meta property=\"og:image:width\" content=\"1440\" \/>\n\t<meta property=\"og:image:height\" content=\"268\" \/>\n\t<meta property=\"og:image:type\" content=\"image\/jpeg\" \/>\n<meta name=\"twitter:card\" content=\"summary_large_image\" \/>\n<meta name=\"twitter:label1\" content=\"Est. reading time\" \/>\n\t<meta name=\"twitter:data1\" content=\"1 minute\" \/>\n<script type=\"application\/ld+json\" class=\"yoast-schema-graph\">{\"@context\":\"https:\/\/schema.org\",\"@graph\":[{\"@type\":\"WebPage\",\"@id\":\"https:\/\/www.oasdi.ca\/vi\/pathways\/ontario\/\",\"url\":\"https:\/\/www.oasdi.ca\/vi\/pathways\/ontario\/\",\"name\":\"\u0110\u1ed3 H\u1ecda Th\u00f4ng Tin L\u1ed9 Tr\u00ecnh Gi\u00e1o D\u1ee5c Ontario | H\u1ecdc \u1edf Ontario\",\"isPartOf\":{\"@id\":\"https:\/\/www.oasdi.ca\/vi\/#website\"},\"datePublished\":\"2020-03-23T12:00:37+00:00\",\"dateModified\":\"2020-05-18T12:59:15+00:00\",\"description\":\"B\u1ea1n t\u00f2 m\u00f2 v\u1ec1 c\u00e1c l\u1ef1a ch\u1ecdn l\u1ed9 tr\u00ecnh gi\u00e1o d\u1ee5c \u1edf Ontario? Xem \u0111\u1ed3 h\u1ecda th\u00f4ng tin h\u1eefu \u00edch c\u1ee7a ch\u00fang t\u00f4i \u0111\u1ec3 hi\u1ec3u h\u01a1n v\u1ec1 nhi\u1ec1u l\u1ef1a ch\u1ecdn m\u00e0 gi\u00e1o d\u1ee5c \u1edf Ontario mang l\u1ea1i.\",\"breadcrumb\":{\"@id\":\"https:\/\/www.oasdi.ca\/vi\/pathways\/ontario\/#breadcrumb\"},\"inLanguage\":\"vi-VN\",\"potentialAction\":[{\"@type\":\"ReadAction\",\"target\":[\"https:\/\/www.oasdi.ca\/vi\/pathways\/ontario\/\"]}]},{\"@type\":\"BreadcrumbList\",\"@id\":\"https:\/\/www.oasdi.ca\/vi\/pathways\/ontario\/#breadcrumb\",\"itemListElement\":[{\"@type\":\"ListItem\",\"position\":1,\"name\":\"Trang Ch\u1ee7\",\"item\":\"https:\/\/www.oasdi.ca\/vi\/\"},{\"@type\":\"ListItem\",\"position\":2,\"name\":\"L\u1ed9 Tr\u00ecnh Gi\u00e1o D\u1ee5c \u1edf Ontario cho H\u1ecdc Sinh Qu\u1ed1c T\u1ebf\",\"item\":\"https:\/\/www.oasdi.ca\/vi\/pathways\/\"},{\"@type\":\"ListItem\",\"position\":3,\"name\":\"\u0110\u1ed3 H\u1ecda Th\u00f4ng Tin v\u1ec1 L\u1ed9 Tr\u00ecnh Gi\u00e1o D\u1ee5c \u1edf Ontario\"}]},{\"@type\":\"WebSite\",\"@id\":\"https:\/\/www.oasdi.ca\/vi\/#website\",\"url\":\"https:\/\/www.oasdi.ca\/vi\/\",\"name\":\"OASDI\",\"description\":\"Ontario Association of School District International\",\"publisher\":{\"@id\":\"https:\/\/www.oasdi.ca\/vi\/#organization\"},\"potentialAction\":[{\"@type\":\"SearchAction\",\"target\":{\"@type\":\"EntryPoint\",\"urlTemplate\":\"https:\/\/www.oasdi.ca\/vi\/?s={search_term_string}\"},\"query-input\":\"required name=search_term_string\"}],\"inLanguage\":\"vi-VN\"},{\"@type\":\"Organization\",\"@id\":\"https:\/\/www.oasdi.ca\/vi\/#organization\",\"name\":\"OASDI\",\"url\":\"https:\/\/www.oasdi.ca\/vi\/\",\"logo\":{\"@type\":\"ImageObject\",\"inLanguage\":\"vi-VN\",\"@id\":\"https:\/\/www.oasdi.ca\/vi\/#\/schema\/logo\/image\/\",\"url\":\"https:\/\/www.oasdi.ca\/wp-content\/uploads\/2020\/02\/cropped-oasdi-logo.png\",\"contentUrl\":\"https:\/\/www.oasdi.ca\/wp-content\/uploads\/2020\/02\/cropped-oasdi-logo.png\",\"width\":468,\"height\":96,\"caption\":\"OASDI\"},\"image\":{\"@id\":\"https:\/\/www.oasdi.ca\/vi\/#\/schema\/logo\/image\/\"}}]}<\/script>\n<!-- \/ Yoast SEO plugin. -->","yoast_head_json":{"title":"\u0110\u1ed3 H\u1ecda Th\u00f4ng Tin L\u1ed9 Tr\u00ecnh Gi\u00e1o D\u1ee5c Ontario | H\u1ecdc \u1edf Ontario","description":"B\u1ea1n t\u00f2 m\u00f2 v\u1ec1 c\u00e1c l\u1ef1a ch\u1ecdn l\u1ed9 tr\u00ecnh gi\u00e1o d\u1ee5c \u1edf Ontario? Xem \u0111\u1ed3 h\u1ecda th\u00f4ng tin h\u1eefu \u00edch c\u1ee7a ch\u00fang t\u00f4i \u0111\u1ec3 hi\u1ec3u h\u01a1n v\u1ec1 nhi\u1ec1u l\u1ef1a ch\u1ecdn m\u00e0 gi\u00e1o d\u1ee5c \u1edf Ontario mang l\u1ea1i.","robots":{"index":"index","follow":"follow","max-snippet":"max-snippet:-1","max-image-preview":"max-image-preview:large","max-video-preview":"max-video-preview:-1"},"canonical":"https:\/\/www.oasdi.ca\/vi\/pathways\/ontario\/","og_locale":"vi_VN","og_type":"article","og_title":"\u0110\u1ed3 H\u1ecda Th\u00f4ng Tin L\u1ed9 Tr\u00ecnh Gi\u00e1o D\u1ee5c Ontario | H\u1ecdc \u1edf Ontario","og_description":"B\u1ea1n t\u00f2 m\u00f2 v\u1ec1 c\u00e1c l\u1ef1a ch\u1ecdn l\u1ed9 tr\u00ecnh gi\u00e1o d\u1ee5c \u1edf Ontario? Xem \u0111\u1ed3 h\u1ecda th\u00f4ng tin h\u1eefu \u00edch c\u1ee7a ch\u00fang t\u00f4i \u0111\u1ec3 hi\u1ec3u h\u01a1n v\u1ec1 nhi\u1ec1u l\u1ef1a ch\u1ecdn m\u00e0 gi\u00e1o d\u1ee5c \u1edf Ontario mang l\u1ea1i.","og_url":"https:\/\/www.oasdi.ca\/vi\/pathways\/ontario\/","og_site_name":"OASDI","article_modified_time":"2020-05-18T12:59:15+00:00","og_image":[{"width":1440,"height":268,"url":"https:\/\/www.oasdi.ca\/wp-content\/uploads\/2020\/03\/college-in-ontario.jpg","type":"image\/jpeg"}],"twitter_card":"summary_large_image","twitter_misc":{"Est. reading time":"1 minute"},"schema":{"@context":"https:\/\/schema.org","@graph":[{"@type":"WebPage","@id":"https:\/\/www.oasdi.ca\/vi\/pathways\/ontario\/","url":"https:\/\/www.oasdi.ca\/vi\/pathways\/ontario\/","name":"\u0110\u1ed3 H\u1ecda Th\u00f4ng Tin L\u1ed9 Tr\u00ecnh Gi\u00e1o D\u1ee5c Ontario | H\u1ecdc \u1edf Ontario","isPartOf":{"@id":"https:\/\/www.oasdi.ca\/vi\/#website"},"datePublished":"2020-03-23T12:00:37+00:00","dateModified":"2020-05-18T12:59:15+00:00","description":"B\u1ea1n t\u00f2 m\u00f2 v\u1ec1 c\u00e1c l\u1ef1a ch\u1ecdn l\u1ed9 tr\u00ecnh gi\u00e1o d\u1ee5c \u1edf Ontario? Xem \u0111\u1ed3 h\u1ecda th\u00f4ng tin h\u1eefu \u00edch c\u1ee7a ch\u00fang t\u00f4i \u0111\u1ec3 hi\u1ec3u h\u01a1n v\u1ec1 nhi\u1ec1u l\u1ef1a ch\u1ecdn m\u00e0 gi\u00e1o d\u1ee5c \u1edf Ontario mang l\u1ea1i.","breadcrumb":{"@id":"https:\/\/www.oasdi.ca\/vi\/pathways\/ontario\/#breadcrumb"},"inLanguage":"vi-VN","potentialAction":[{"@type":"ReadAction","target":["https:\/\/www.oasdi.ca\/vi\/pathways\/ontario\/"]}]},{"@type":"BreadcrumbList","@id":"https:\/\/www.oasdi.ca\/vi\/pathways\/ontario\/#breadcrumb","itemListElement":[{"@type":"ListItem","position":1,"name":"Trang Ch\u1ee7","item":"https:\/\/www.oasdi.ca\/vi\/"},{"@type":"ListItem","position":2,"name":"L\u1ed9 Tr\u00ecnh Gi\u00e1o D\u1ee5c \u1edf Ontario cho H\u1ecdc Sinh Qu\u1ed1c T\u1ebf","item":"https:\/\/www.oasdi.ca\/vi\/pathways\/"},{"@type":"ListItem","position":3,"name":"\u0110\u1ed3 H\u1ecda Th\u00f4ng Tin v\u1ec1 L\u1ed9 Tr\u00ecnh Gi\u00e1o D\u1ee5c \u1edf Ontario"}]},{"@type":"WebSite","@id":"https:\/\/www.oasdi.ca\/vi\/#website","url":"https:\/\/www.oasdi.ca\/vi\/","name":"OASDI","description":"Ontario Association of School District International","publisher":{"@id":"https:\/\/www.oasdi.ca\/vi\/#organization"},"potentialAction":[{"@type":"SearchAction","target":{"@type":"EntryPoint","urlTemplate":"https:\/\/www.oasdi.ca\/vi\/?s={search_term_string}"},"query-input":"required name=search_term_string"}],"inLanguage":"vi-VN"},{"@type":"Organization","@id":"https:\/\/www.oasdi.ca\/vi\/#organization","name":"OASDI","url":"https:\/\/www.oasdi.ca\/vi\/","logo":{"@type":"ImageObject","inLanguage":"vi-VN","@id":"https:\/\/www.oasdi.ca\/vi\/#\/schema\/logo\/image\/","url":"https:\/\/www.oasdi.ca\/wp-content\/uploads\/2020\/02\/cropped-oasdi-logo.png","contentUrl":"https:\/\/www.oasdi.ca\/wp-content\/uploads\/2020\/02\/cropped-oasdi-logo.png","width":468,"height":96,"caption":"OASDI"},"image":{"@id":"https:\/\/www.oasdi.ca\/vi\/#\/schema\/logo\/image\/"}}]}},"_links":{"self":[{"href":"https:\/\/www.oasdi.ca\/vi\/wp-json\/wp\/v2\/pages\/19382"}],"collection":[{"href":"https:\/\/www.oasdi.ca\/vi\/wp-json\/wp\/v2\/pages"}],"about":[{"href":"https:\/\/www.oasdi.ca\/vi\/wp-json\/wp\/v2\/types\/page"}],"author":[{"embeddable":true,"href":"https:\/\/www.oasdi.ca\/vi\/wp-json\/wp\/v2\/users\/237"}],"replies":[{"embeddable":true,"href":"https:\/\/www.oasdi.ca\/vi\/wp-json\/wp\/v2\/comments?post=19382"}],"version-history":[{"count":0,"href":"https:\/\/www.oasdi.ca\/vi\/wp-json\/wp\/v2\/pages\/19382\/revisions"}],"up":[{"embeddable":true,"href":"https:\/\/www.oasdi.ca\/vi\/wp-json\/wp\/v2\/pages\/18242"}],"wp:featuredmedia":[{"embeddable":true,"href":"https:\/\/www.oasdi.ca\/vi\/wp-json\/wp\/v2\/media\/19383"}],"wp:attachment":[{"href":"https:\/\/www.oasdi.ca\/vi\/wp-json\/wp\/v2\/media?parent=19382"}],"curies":[{"name":"wp","href":"https:\/\/api.w.org\/{rel}","templated":true}]}}