{"id":19317,"date":"2020-03-22T02:02:42","date_gmt":"2020-03-22T02:02:42","guid":{"rendered":"http:\/\/oasdi.ca\/pathways\/scholarships\/"},"modified":"2020-05-18T20:27:10","modified_gmt":"2020-05-18T20:27:10","slug":"scholarships","status":"publish","type":"page","link":"https:\/\/www.oasdi.ca\/vi\/pathways\/scholarships\/","title":{"rendered":"C\u01a1 H\u1ed9i H\u1ecdc B\u1ed5ng \u1edf Ontario cho H\u1ecdc Sinh Qu\u1ed1c T\u1ebf"},"content":{"rendered":"<div id=\"pl-19317\"  class=\"panel-layout\" ><div id=\"pg-19317-0\"  class=\"panel-grid panel-no-style\" ><div id=\"pgc-19317-0-0\"  class=\"panel-grid-cell\" ><div id=\"panel-19317-0-0-0\" class=\"so-panel widget widget_sow-image panel-first-child panel-last-child\" data-index=\"0\" ><div class=\"is-featured-img panel-widget-style panel-widget-style-for-19317-0-0-0\" ><div\n\t\t\t\n\t\t\tclass=\"so-widget-sow-image so-widget-sow-image-default-c4f6304fc136-19317\"\n\t\t\t\n\t\t>\n\n<div class=\"sow-image-container\">\n\t\t<img loading=\"lazy\" decoding=\"async\" src=\"https:\/\/www.oasdi.ca\/wp-content\/uploads\/2020\/03\/pathway-Scholarships.jpg\" width=\"1440\" height=\"268\" srcset=\"https:\/\/www.oasdi.ca\/wp-content\/uploads\/2020\/03\/pathway-Scholarships.jpg 1440w, https:\/\/www.oasdi.ca\/wp-content\/uploads\/2020\/03\/pathway-Scholarships-250x47.jpg 250w, https:\/\/www.oasdi.ca\/wp-content\/uploads\/2020\/03\/pathway-Scholarships-700x130.jpg 700w, https:\/\/www.oasdi.ca\/wp-content\/uploads\/2020\/03\/pathway-Scholarships-768x143.jpg 768w, https:\/\/www.oasdi.ca\/wp-content\/uploads\/2020\/03\/pathway-Scholarships-500x93.jpg 500w, https:\/\/www.oasdi.ca\/wp-content\/uploads\/2020\/03\/pathway-Scholarships-120x22.jpg 120w\" sizes=\"(max-width: 1440px) 100vw, 1440px\" title=\"pathway Scholarships\" alt=\"pathway Scholarships\" \t\tclass=\"so-widget-image\"\/>\n\t<\/div>\n\n<\/div><\/div><\/div><\/div><\/div><div id=\"pg-19317-1\"  class=\"panel-grid panel-has-style\" ><div class=\"has-container panel-row-style panel-row-style-for-19317-1\" ><div id=\"pgc-19317-1-0\"  class=\"panel-grid-cell\" ><div id=\"panel-19317-1-0-0\" class=\"so-panel widget widget_hem-seo-title-widget panel-first-child panel-last-child\" data-index=\"1\" ><div class=\"panel-widget-style panel-widget-style-for-19317-1-0-0\" ><div\n\t\t\t\n\t\t\tclass=\"so-widget-hem-seo-title-widget so-widget-hem-seo-title-widget-hem-seo-title-widget-style-d75171398898-19317\"\n\t\t\t\n\t\t>\n<h1 style=\"font-size:px;\">C\u01a1 H\u1ed9i H\u1ecdc B\u1ed5ng \u1edf Ontario cho H\u1ecdc Sinh Qu\u1ed1c T\u1ebf<\/h1>\n\n\n\n\t<!-- <div class=\"breadcrumb-trail\"><a href=\"index.php\">Home<\/a> \u00bb <span class=\"breadcrumb-current\">About<\/span><\/div> -->\n\t<div class=\"test1\"><span><span><a href=\"https:\/\/www.oasdi.ca\/vi\/\">Trang Ch\u1ee7<\/a><\/span><\/span><\/div>\n<\/div><\/div><\/div><\/div><\/div><\/div><div id=\"pg-19317-2\"  class=\"panel-grid panel-has-style\" ><div class=\"has-container panel-row-style panel-row-style-for-19317-2\" ><div id=\"pgc-19317-2-0\"  class=\"panel-grid-cell\" ><div id=\"panel-19317-2-0-0\" class=\"so-panel widget widget_hem-sidebar-menu-widget panel-first-child\" data-index=\"2\" ><div\n\t\t\t\n\t\t\tclass=\"so-widget-hem-sidebar-menu-widget so-widget-hem-sidebar-menu-widget-hem-sidebar-menu-widget-style-d75171398898-19317\"\n\t\t\t\n\t\t><div id=\"sidebar\">\n\t\t\t<ul id=\"side-menu\" class=\"side-menu menu-embedded\">\n\t\t\t\n\t\t\t\t\t\t\t\t\n\t\t\t\t\t\t\t\t\t\t\t<li><a href=\"https:\/\/www.oasdi.ca\/vi\/pathways\/apprenticeships\/\">H\u1ecdc Vi\u1ec7c \u1edf Ontario cho H\u1ecdc Sinh Qu\u1ed1c T\u1ebf<\/a><\/li>\n\t\t\t\t\t\t\t\t\t\t\t\t\t\n\t\t\t\t\t\t\t\t\t\t\t<li><a href=\"https:\/\/www.oasdi.ca\/vi\/pathways\/ontario\/\">\u0110\u1ed3 H\u1ecda Th\u00f4ng Tin v\u1ec1 L\u1ed9 Tr\u00ecnh Gi\u00e1o D\u1ee5c \u1edf Ontario<\/a><\/li>\n\t\t\t\t\t\t\t\t\t\t\t\t\t\n\t\t\t\t\t\t\t\t\t\t\t<li><a href=\"https:\/\/www.oasdi.ca\/vi\/pathways\/faq\/\">C\u00e2u H\u1ecfi Th\u01b0\u1eddng G\u1eb7p v\u1ec1 L\u1ed9 Tr\u00ecnh Gi\u00e1o D\u1ee5c \u1edf Ontario cho H\u1ecdc Sinh Qu\u1ed1c T\u1ebf<\/a><\/li>\n\t\t\t\t\t\t\t\t\t\t\t\t\t\n\t\t\t\t\t\t\t\t\t\t\t<li><a class=\"active\" href=\"https:\/\/www.oasdi.ca\/vi\/pathways\/scholarships\/\">C\u01a1 H\u1ed9i H\u1ecdc B\u1ed5ng \u1edf Ontario cho H\u1ecdc Sinh Qu\u1ed1c T\u1ebf<\/a><\/li>\n\t\t\t\t\t\t\t\t\t\t\t\t\t\n\t\t\t\t\t\t\t\t\t\t\t<li><a href=\"https:\/\/www.oasdi.ca\/vi\/pathways\/immigration-in-ontario\/\">Nh\u1eadp C\u01b0 v\u00e0o Ontario V\u1edbi T\u01b0 C\u00e1ch L\u00e0 H\u1ecdc Sinh Qu\u1ed1c T\u1ebf<\/a><\/li>\n\t\t\t\t\t\t\t\t\t\t\t\t\t\n\t\t\t\t\t\t\t\t\t\t\t<li><a href=\"https:\/\/www.oasdi.ca\/vi\/pathways\/working-in-canada\/\">C\u00e1ch Th\u1ee9c L\u00e0m Vi\u1ec7c \u1edf Ontario V\u1edbi T\u01b0 C\u00e1ch L\u00e0 H\u1ecdc Sinh Qu\u1ed1c T\u1ebf<\/a><\/li>\n\t\t\t\t\t\t\t\t\t\t\t\t\t\n\t\t\t\t\t\t\t\t\t\t\t<li><a href=\"https:\/\/www.oasdi.ca\/vi\/pathways\/university-in-ontario\/\">Th\u00f4ng Tin v\u1ec1 Tr\u01b0\u1eddng \u0110\u1ea1i H\u1ecdc \u1edf Ontario cho H\u1ecdc Sinh Qu\u1ed1c T\u1ebf<\/a><\/li>\n\t\t\t\t\t\t\t\t\t\t\t\t\t\n\t\t\t\t\t\t\t\t\t\t\t<li><a href=\"https:\/\/www.oasdi.ca\/vi\/pathways\/college-in-ontario\/\">Th\u00f4ng Tin v\u1ec1 Tr\u01b0\u1eddng Cao \u0110\u1eb3ng \u1edf Ontario cho H\u1ecdc Sinh Qu\u1ed1c T\u1ebf<\/a><\/li>\n\t\t\t\t\t\t\t\t\t\t\n\n\t\t\t\t<!-- Extra menu -->\n\t\t\t\t\n\n\n\t\t\t\t\t<\/ul>\n\t\n\n<\/div><\/div><\/div><div id=\"panel-19317-2-0-1\" class=\"so-panel widget widget_hem-sidebar-link-widget panel-last-child\" data-index=\"3\" ><div\n\t\t\t\n\t\t\tclass=\"so-widget-hem-sidebar-link-widget so-widget-hem-sidebar-link-widget-hem-sidebar-link-widget-style-d75171398898-19317\"\n\t\t\t\n\t\t><div id=\"sidebar\" class=\"external-link-only\">\n\n\n\n\t\t\t\t<!-- Extra menu -->\n\t\t\t\t\t\t\t\t\t<ul id=\"side-menu\" class=\"side-menu menu-embedded\">\n\t\t\t\t\t\t\t\t\t\t\t\t\t\t\t\t\t\t\t\t\t<li><a  href=\"https:\/\/www.oasdi.ca\/map-search\/\">Map Overview<\/a><\/li>\n\t\t\t\t\t\t\t\t\t\t\t\t\t\t\n\t\t\t\t\t\t\t\t\t\t\t\t\t\t\t\t\t\t\t\t\t<li><a  href=\"https:\/\/www.oasdi.ca\/district-list\/\">District List<\/a><\/li>\n\t\t\t\t\t\t\t\t\t\t\t\t\t\t\n\t\t\t\t\t\t\t\n\t\t\t\t\t<\/ul>\n\t\t\t\t\n\t\t\t\t\n\n\n\n\n<\/div><\/div><\/div><\/div><div id=\"pgc-19317-2-1\"  class=\"panel-grid-cell\" ><div class=\"pl-sm-3 pl-md-5 panel-cell-style panel-cell-style-for-19317-2-1\" ><div id=\"panel-19317-2-1-0\" class=\"so-panel widget widget_sow-editor panel-first-child panel-last-child\" data-index=\"4\" ><div\n\t\t\t\n\t\t\tclass=\"so-widget-sow-editor so-widget-sow-editor-base\"\n\t\t\t\n\t\t>\n<div class=\"siteorigin-widget-tinymce textwidget\">\n\t<p>H\u1ecdc sinh qu\u1ed1c t\u1ebf n\u00ean bi\u1ebft r\u1eb1ng c\u00f3 r\u1ea5t nhi\u1ec1u c\u01a1 h\u1ed9i h\u1ecdc b\u1ed5ng v\u00e0 nhi\u1ec1u h\u1ecdc b\u1ed5ng kh\u00f4ng \u0111\u01b0\u1ee3c trao v\u00ec kh\u00f4ng c\u00f3 ho\u1eb7c \u00edt \u1ee9ng vi\u00ean n\u1ed9p \u0111\u01a1n.\u00a0 M\u1ed9t s\u1ed1 h\u1ecdc b\u1ed5ng \u0111\u1ebfn t\u1eeb c\u00e1c c\u01a1 quan ch\u00ednh ph\u1ee7, c\u00f2n m\u1ed9t s\u1ed1 kh\u00e1c \u0111\u1ebfn t\u1eeb c\u00e1c c\u01a1 s\u1edf gi\u00e1o d\u1ee5c, c\u00f4ng ty v\u00e0 c\u00e1c nh\u00e0 h\u1ea3o t\u00e2m t\u01b0 nh\u00e2n:<\/p>\n<p><em>\u201cCh\u00ednh quy\u1ec1n li\u00ean bang, t\u1ec9nh v\u00e0 l\u00e3nh th\u1ed5, c\u0169ng nh\u01b0 c\u00e1c b\u00ean li\u00ean quan \u0111\u1ebfn gi\u00e1o d\u1ee5c kh\u00e1c, cung c\u1ea5p s\u1ed1 l\u01b0\u1ee3ng l\u1edbn c\u00e1c h\u1ecdc b\u1ed5ng v\u00e0 h\u1ecdc b\u1ed5ng \u0111\u1ea1i h\u1ecdc qu\u1ed1c t\u1ebf cho c\u00e1c h\u1ecdc gi\u1ea3 v\u00e0 nh\u00e0 nghi\u00ean c\u1ee9u x\u1ee9ng \u0111\u00e1ng. H\u1ecdc b\u1ed5ng thu\u1ed9c t\u1ea5t c\u1ea3 c\u00e1c ng\u00e0nh v\u00e0 \u1edf m\u1ecdi c\u1ea5p \u0111\u1ed9 gi\u00e1o d\u1ee5c \u0111\u00e1p \u1ee9ng m\u1ed1i quan t\u00e2m c\u1ee7a h\u1ecdc sinh qu\u1ed1c t\u1ebf' (c\u0169ng nh\u01b0 m\u1ed1i quan t\u00e2m c\u1ee7a h\u1ecdc sinh Canada), th\u00fac \u0111\u1ea9y v\u1ed1n con ng\u01b0\u1eddi c\u1ee7a c\u1ea3 qu\u1ed1c gia \u0111ang ph\u00e1t tri\u1ec3n v\u00e0 qu\u1ed1c gia ph\u00e1t tri\u1ec3n, v\u00e0 ph\u1ea3n \u00e1nh c\u00e1c \u01b0u ti\u00ean v\u00e0 cam k\u1ebft qu\u1ed1c t\u1ebf c\u1ee7a Canada's. Nh\u1eefng ng\u01b0\u1eddi nh\u1eadn h\u1ecdc b\u1ed5ng mang nh\u1eefng \u00fd t\u01b0\u1edfng m\u1edbi \u0111\u1ebfn Canada v\u00e0 t\u00ecm hi\u1ec3u c\u00e1c c\u01a1 h\u1ed9i trong ng\u00e0nh c\u00f4ng nghi\u1ec7p v\u00e0 th\u1ecb tr\u01b0\u1eddng vi\u1ec7c l\u00e0m Canada.\u201d<\/em>\u00a0(trang 12)<\/p>\n<p><a href=\"http:\/\/www.international.gc.ca\/global-markets-marches-mondiaux\/assets\/pdfs\/overview-apercu-eng.pdf\" target=\"_blank\" rel=\"noopener\">T\u1eeb\u00a0<em>Canada\u2019s International Education Strategy (Chi\u1ebfn L\u01b0\u1ee3c Gi\u00e1o D\u1ee5c Qu\u1ed1c T\u1ebf C\u1ee7a Canada)<\/em><\/a><\/p>\n<p>Khuy\u1ebfn kh\u00edch t\u00ecm ki\u1ebfm k\u1ef9 c\u00e1c h\u1ecdc b\u1ed5ng ti\u1ec1m n\u0103ng.\u00a0 C\u00e1c tr\u01b0\u1eddng h\u1ecdc, tr\u01b0\u1eddng \u0111\u1ea1i h\u1ecdc v\u00e0 cao \u0111\u1eb3ng c\u00f3 \u0111\u1ed9i ng\u0169 nh\u00e2n vi\u00ean c\u00f3 th\u1ec3 h\u1ed7 tr\u1ee3.<\/p>\n<p>H\u1ecdc sinh qu\u1ed1c t\u1ebf th\u01b0\u1eddng kh\u00f4ng \u0111\u1ee7 \u0111i\u1ec1u ki\u1ec7n nh\u1eadn kho\u1ea3n vay c\u1ee7a ch\u00ednh ph\u1ee7, nh\u01b0ng c\u00f3 th\u1ec3 \u0111\u1ee7 \u0111i\u1ec1u ki\u1ec7n nh\u1eadn h\u1ecdc b\u1ed5ng:\u00a0<a href=\"http:\/\/www.scholarships-bourses.gc.ca\/scholarships-bourses\/index.aspx?lang=eng\" target=\"_blank\" rel=\"noopener\">www.scholarships-bourses.gc.ca\/scholarships-bourses\/index.aspx?lang=eng<\/a><\/p>\n<h4><strong>\u0110\u1ec3 bi\u1ebft th\u00eam th\u00f4ng tin v\u1ec1 h\u1ecdc b\u1ed5ng v\u00e0 h\u1ecdc b\u1ed5ng \u0111\u1ea1i h\u1ecdc, vui l\u00f2ng truy c\u1eadp:<\/strong><\/h4>\n<ul>\n<li><a href=\"http:\/\/www.studyincanada.com\/News\/18\/2974\/Scholarships-Bursaries-Loans-and-Awards-Whats-the-Difference\" target=\"_blank\" rel=\"noopener\">http:\/\/www.studyincanada.com\/News\/18\/2974\/Scholarships-Bursaries-Loans-and-Awards-Whats-the-Difference<\/a><\/li>\n<li><a href=\"http:\/\/www.studyincanada.com\/english\/newsletter\/newsletter2.asp?UID=&amp;IssueID=48\" target=\"_blank\" rel=\"noopener\">http:\/\/www.studyincanada.com\/english\/newsletter\/newsletter2.asp?UID=&amp;IssueID=48<\/a><\/li>\n<li><a href=\"http:\/\/www.studyincanada.com\/News\/12\/4070\/Finding-Scholarships-In-Canada\" target=\"_blank\" rel=\"noopener\">http:\/\/www.studyincanada.com\/News\/12\/4070\/Finding-Scholarships-In-Canada<\/a><\/li>\n<li><a href=\"https:\/\/www.ontario.ca\/page\/study-ontario-international-students\" target=\"_blank\" rel=\"noopener\">https:\/\/www.ontario.ca\/page\/study-ontario-international-students<\/a><\/li>\n<\/ul>\n<\/div>\n<\/div><\/div><\/div><\/div><\/div><\/div><\/div>","protected":false},"excerpt":{"rendered":"C\u01a1 H\u1ed9i H\u1ecdc B\u1ed5ng \u1edf Ontario cho H\u1ecdc Sinh Qu\u1ed1c T\u1ebf Trang Ch\u1ee7 H\u1ecdc Vi\u1ec7c \u1edf Ontario cho H\u1ecdc Sinh Qu\u1ed1c T\u1ebf \u0110\u1ed3 H\u1ecda Th\u00f4ng Tin v\u1ec1 L\u1ed9 Tr\u00ecnh Gi\u00e1o D\u1ee5c \u1edf Ontario C\u00e2u H\u1ecfi Th\u01b0\u1eddng G\u1eb7p v\u1ec1 L\u1ed9 Tr\u00ecnh Gi\u00e1o D\u1ee5c \u1edf Ontario cho H\u1ecdc Sinh Qu\u1ed1c T\u1ebf C\u01a1 H\u1ed9i H\u1ecdc B\u1ed5ng \u1edf Ontario&#8230; <a class=\"view-article\" href=\"https:\/\/www.oasdi.ca\/vi\/pathways\/scholarships\/\">View Article<\/a>","protected":false},"author":237,"featured_media":19318,"parent":18242,"menu_order":0,"comment_status":"closed","ping_status":"closed","template":"","meta":{"footnotes":""},"class_list":["post-19317","page","type-page","status-publish","has-post-thumbnail","hentry"],"yoast_head":"<!-- This site is optimized with the Yoast SEO plugin v21.5 - https:\/\/yoast.com\/wordpress\/plugins\/seo\/ -->\n<title>H\u1ecdc B\u1ed5ng \u1edf Ontario cho H\u1ecdc Sinh Qu\u1ed1c T\u1ebf | OASDI<\/title>\n<meta name=\"description\" content=\"H\u1ecdc sinh qu\u1ed1c t\u1ebf quan t\u00e2m \u0111\u1ebfn vi\u1ec7c h\u1ecdc \u1edf Ontario c\u00f3 th\u1ec3 c\u00f3 l\u1ef1a ch\u1ecdn h\u1ecdc b\u1ed5ng. T\u00ecm hi\u1ec3u th\u00eam v\u1ec1 h\u1ecdc b\u1ed5ng \u1edf Ontario cho h\u1ecdc sinh qu\u1ed1c t\u1ebf t\u1ea1i \u0111\u00e2y.\" \/>\n<meta name=\"robots\" content=\"index, follow, max-snippet:-1, max-image-preview:large, max-video-preview:-1\" \/>\n<link rel=\"canonical\" href=\"https:\/\/www.oasdi.ca\/vi\/pathways\/scholarships\/\" \/>\n<meta property=\"og:locale\" content=\"vi_VN\" \/>\n<meta property=\"og:type\" content=\"article\" \/>\n<meta property=\"og:title\" content=\"H\u1ecdc B\u1ed5ng \u1edf Ontario cho H\u1ecdc Sinh Qu\u1ed1c T\u1ebf | OASDI\" \/>\n<meta property=\"og:description\" content=\"H\u1ecdc sinh qu\u1ed1c t\u1ebf quan t\u00e2m \u0111\u1ebfn vi\u1ec7c h\u1ecdc \u1edf Ontario c\u00f3 th\u1ec3 c\u00f3 l\u1ef1a ch\u1ecdn h\u1ecdc b\u1ed5ng. T\u00ecm hi\u1ec3u th\u00eam v\u1ec1 h\u1ecdc b\u1ed5ng \u1edf Ontario cho h\u1ecdc sinh qu\u1ed1c t\u1ebf t\u1ea1i \u0111\u00e2y.\" \/>\n<meta property=\"og:url\" content=\"https:\/\/www.oasdi.ca\/vi\/pathways\/scholarships\/\" \/>\n<meta property=\"og:site_name\" content=\"OASDI\" \/>\n<meta property=\"article:modified_time\" content=\"2020-05-18T20:27:10+00:00\" \/>\n<meta property=\"og:image\" content=\"https:\/\/www.oasdi.ca\/wp-content\/uploads\/2020\/03\/pathway-Scholarships.jpg\" \/>\n\t<meta property=\"og:image:width\" content=\"1440\" \/>\n\t<meta property=\"og:image:height\" content=\"268\" \/>\n\t<meta property=\"og:image:type\" content=\"image\/jpeg\" \/>\n<meta name=\"twitter:card\" content=\"summary_large_image\" \/>\n<meta name=\"twitter:label1\" content=\"Est. reading time\" \/>\n\t<meta name=\"twitter:data1\" content=\"3 minutes\" \/>\n<script type=\"application\/ld+json\" class=\"yoast-schema-graph\">{\"@context\":\"https:\/\/schema.org\",\"@graph\":[{\"@type\":\"WebPage\",\"@id\":\"https:\/\/www.oasdi.ca\/vi\/pathways\/scholarships\/\",\"url\":\"https:\/\/www.oasdi.ca\/vi\/pathways\/scholarships\/\",\"name\":\"H\u1ecdc B\u1ed5ng \u1edf Ontario cho H\u1ecdc Sinh Qu\u1ed1c T\u1ebf | OASDI\",\"isPartOf\":{\"@id\":\"https:\/\/www.oasdi.ca\/vi\/#website\"},\"datePublished\":\"2020-03-22T02:02:42+00:00\",\"dateModified\":\"2020-05-18T20:27:10+00:00\",\"description\":\"H\u1ecdc sinh qu\u1ed1c t\u1ebf quan t\u00e2m \u0111\u1ebfn vi\u1ec7c h\u1ecdc \u1edf Ontario c\u00f3 th\u1ec3 c\u00f3 l\u1ef1a ch\u1ecdn h\u1ecdc b\u1ed5ng. T\u00ecm hi\u1ec3u th\u00eam v\u1ec1 h\u1ecdc b\u1ed5ng \u1edf Ontario cho h\u1ecdc sinh qu\u1ed1c t\u1ebf t\u1ea1i \u0111\u00e2y.\",\"breadcrumb\":{\"@id\":\"https:\/\/www.oasdi.ca\/vi\/pathways\/scholarships\/#breadcrumb\"},\"inLanguage\":\"vi-VN\",\"potentialAction\":[{\"@type\":\"ReadAction\",\"target\":[\"https:\/\/www.oasdi.ca\/vi\/pathways\/scholarships\/\"]}]},{\"@type\":\"BreadcrumbList\",\"@id\":\"https:\/\/www.oasdi.ca\/vi\/pathways\/scholarships\/#breadcrumb\",\"itemListElement\":[{\"@type\":\"ListItem\",\"position\":1,\"name\":\"Trang Ch\u1ee7\",\"item\":\"https:\/\/www.oasdi.ca\/vi\/\"},{\"@type\":\"ListItem\",\"position\":2,\"name\":\"L\u1ed9 Tr\u00ecnh Gi\u00e1o D\u1ee5c \u1edf Ontario cho H\u1ecdc Sinh Qu\u1ed1c T\u1ebf\",\"item\":\"https:\/\/www.oasdi.ca\/vi\/pathways\/\"},{\"@type\":\"ListItem\",\"position\":3,\"name\":\"C\u01a1 H\u1ed9i H\u1ecdc B\u1ed5ng \u1edf Ontario cho H\u1ecdc Sinh Qu\u1ed1c T\u1ebf\"}]},{\"@type\":\"WebSite\",\"@id\":\"https:\/\/www.oasdi.ca\/vi\/#website\",\"url\":\"https:\/\/www.oasdi.ca\/vi\/\",\"name\":\"OASDI\",\"description\":\"Ontario Association of School District International\",\"publisher\":{\"@id\":\"https:\/\/www.oasdi.ca\/vi\/#organization\"},\"potentialAction\":[{\"@type\":\"SearchAction\",\"target\":{\"@type\":\"EntryPoint\",\"urlTemplate\":\"https:\/\/www.oasdi.ca\/vi\/?s={search_term_string}\"},\"query-input\":\"required name=search_term_string\"}],\"inLanguage\":\"vi-VN\"},{\"@type\":\"Organization\",\"@id\":\"https:\/\/www.oasdi.ca\/vi\/#organization\",\"name\":\"OASDI\",\"url\":\"https:\/\/www.oasdi.ca\/vi\/\",\"logo\":{\"@type\":\"ImageObject\",\"inLanguage\":\"vi-VN\",\"@id\":\"https:\/\/www.oasdi.ca\/vi\/#\/schema\/logo\/image\/\",\"url\":\"https:\/\/www.oasdi.ca\/wp-content\/uploads\/2020\/02\/cropped-oasdi-logo.png\",\"contentUrl\":\"https:\/\/www.oasdi.ca\/wp-content\/uploads\/2020\/02\/cropped-oasdi-logo.png\",\"width\":468,\"height\":96,\"caption\":\"OASDI\"},\"image\":{\"@id\":\"https:\/\/www.oasdi.ca\/vi\/#\/schema\/logo\/image\/\"}}]}<\/script>\n<!-- \/ Yoast SEO plugin. -->","yoast_head_json":{"title":"H\u1ecdc B\u1ed5ng \u1edf Ontario cho H\u1ecdc Sinh Qu\u1ed1c T\u1ebf | OASDI","description":"H\u1ecdc sinh qu\u1ed1c t\u1ebf quan t\u00e2m \u0111\u1ebfn vi\u1ec7c h\u1ecdc \u1edf Ontario c\u00f3 th\u1ec3 c\u00f3 l\u1ef1a ch\u1ecdn h\u1ecdc b\u1ed5ng. T\u00ecm hi\u1ec3u th\u00eam v\u1ec1 h\u1ecdc b\u1ed5ng \u1edf Ontario cho h\u1ecdc sinh qu\u1ed1c t\u1ebf t\u1ea1i \u0111\u00e2y.","robots":{"index":"index","follow":"follow","max-snippet":"max-snippet:-1","max-image-preview":"max-image-preview:large","max-video-preview":"max-video-preview:-1"},"canonical":"https:\/\/www.oasdi.ca\/vi\/pathways\/scholarships\/","og_locale":"vi_VN","og_type":"article","og_title":"H\u1ecdc B\u1ed5ng \u1edf Ontario cho H\u1ecdc Sinh Qu\u1ed1c T\u1ebf | OASDI","og_description":"H\u1ecdc sinh qu\u1ed1c t\u1ebf quan t\u00e2m \u0111\u1ebfn vi\u1ec7c h\u1ecdc \u1edf Ontario c\u00f3 th\u1ec3 c\u00f3 l\u1ef1a ch\u1ecdn h\u1ecdc b\u1ed5ng. T\u00ecm hi\u1ec3u th\u00eam v\u1ec1 h\u1ecdc b\u1ed5ng \u1edf Ontario cho h\u1ecdc sinh qu\u1ed1c t\u1ebf t\u1ea1i \u0111\u00e2y.","og_url":"https:\/\/www.oasdi.ca\/vi\/pathways\/scholarships\/","og_site_name":"OASDI","article_modified_time":"2020-05-18T20:27:10+00:00","og_image":[{"width":1440,"height":268,"url":"https:\/\/www.oasdi.ca\/wp-content\/uploads\/2020\/03\/pathway-Scholarships.jpg","type":"image\/jpeg"}],"twitter_card":"summary_large_image","twitter_misc":{"Est. reading time":"3 minutes"},"schema":{"@context":"https:\/\/schema.org","@graph":[{"@type":"WebPage","@id":"https:\/\/www.oasdi.ca\/vi\/pathways\/scholarships\/","url":"https:\/\/www.oasdi.ca\/vi\/pathways\/scholarships\/","name":"H\u1ecdc B\u1ed5ng \u1edf Ontario cho H\u1ecdc Sinh Qu\u1ed1c T\u1ebf | OASDI","isPartOf":{"@id":"https:\/\/www.oasdi.ca\/vi\/#website"},"datePublished":"2020-03-22T02:02:42+00:00","dateModified":"2020-05-18T20:27:10+00:00","description":"H\u1ecdc sinh qu\u1ed1c t\u1ebf quan t\u00e2m \u0111\u1ebfn vi\u1ec7c h\u1ecdc \u1edf Ontario c\u00f3 th\u1ec3 c\u00f3 l\u1ef1a ch\u1ecdn h\u1ecdc b\u1ed5ng. T\u00ecm hi\u1ec3u th\u00eam v\u1ec1 h\u1ecdc b\u1ed5ng \u1edf Ontario cho h\u1ecdc sinh qu\u1ed1c t\u1ebf t\u1ea1i \u0111\u00e2y.","breadcrumb":{"@id":"https:\/\/www.oasdi.ca\/vi\/pathways\/scholarships\/#breadcrumb"},"inLanguage":"vi-VN","potentialAction":[{"@type":"ReadAction","target":["https:\/\/www.oasdi.ca\/vi\/pathways\/scholarships\/"]}]},{"@type":"BreadcrumbList","@id":"https:\/\/www.oasdi.ca\/vi\/pathways\/scholarships\/#breadcrumb","itemListElement":[{"@type":"ListItem","position":1,"name":"Trang Ch\u1ee7","item":"https:\/\/www.oasdi.ca\/vi\/"},{"@type":"ListItem","position":2,"name":"L\u1ed9 Tr\u00ecnh Gi\u00e1o D\u1ee5c \u1edf Ontario cho H\u1ecdc Sinh Qu\u1ed1c T\u1ebf","item":"https:\/\/www.oasdi.ca\/vi\/pathways\/"},{"@type":"ListItem","position":3,"name":"C\u01a1 H\u1ed9i H\u1ecdc B\u1ed5ng \u1edf Ontario cho H\u1ecdc Sinh Qu\u1ed1c T\u1ebf"}]},{"@type":"WebSite","@id":"https:\/\/www.oasdi.ca\/vi\/#website","url":"https:\/\/www.oasdi.ca\/vi\/","name":"OASDI","description":"Ontario Association of School District International","publisher":{"@id":"https:\/\/www.oasdi.ca\/vi\/#organization"},"potentialAction":[{"@type":"SearchAction","target":{"@type":"EntryPoint","urlTemplate":"https:\/\/www.oasdi.ca\/vi\/?s={search_term_string}"},"query-input":"required name=search_term_string"}],"inLanguage":"vi-VN"},{"@type":"Organization","@id":"https:\/\/www.oasdi.ca\/vi\/#organization","name":"OASDI","url":"https:\/\/www.oasdi.ca\/vi\/","logo":{"@type":"ImageObject","inLanguage":"vi-VN","@id":"https:\/\/www.oasdi.ca\/vi\/#\/schema\/logo\/image\/","url":"https:\/\/www.oasdi.ca\/wp-content\/uploads\/2020\/02\/cropped-oasdi-logo.png","contentUrl":"https:\/\/www.oasdi.ca\/wp-content\/uploads\/2020\/02\/cropped-oasdi-logo.png","width":468,"height":96,"caption":"OASDI"},"image":{"@id":"https:\/\/www.oasdi.ca\/vi\/#\/schema\/logo\/image\/"}}]}},"_links":{"self":[{"href":"https:\/\/www.oasdi.ca\/vi\/wp-json\/wp\/v2\/pages\/19317"}],"collection":[{"href":"https:\/\/www.oasdi.ca\/vi\/wp-json\/wp\/v2\/pages"}],"about":[{"href":"https:\/\/www.oasdi.ca\/vi\/wp-json\/wp\/v2\/types\/page"}],"author":[{"embeddable":true,"href":"https:\/\/www.oasdi.ca\/vi\/wp-json\/wp\/v2\/users\/237"}],"replies":[{"embeddable":true,"href":"https:\/\/www.oasdi.ca\/vi\/wp-json\/wp\/v2\/comments?post=19317"}],"version-history":[{"count":0,"href":"https:\/\/www.oasdi.ca\/vi\/wp-json\/wp\/v2\/pages\/19317\/revisions"}],"up":[{"embeddable":true,"href":"https:\/\/www.oasdi.ca\/vi\/wp-json\/wp\/v2\/pages\/18242"}],"wp:featuredmedia":[{"embeddable":true,"href":"https:\/\/www.oasdi.ca\/vi\/wp-json\/wp\/v2\/media\/19318"}],"wp:attachment":[{"href":"https:\/\/www.oasdi.ca\/vi\/wp-json\/wp\/v2\/media?parent=19317"}],"curies":[{"name":"wp","href":"https:\/\/api.w.org\/{rel}","templated":true}]}}