{"id":19160,"date":"2020-03-22T14:01:47","date_gmt":"2020-03-22T14:01:47","guid":{"rendered":"http:\/\/oasdi.ca\/learn-abroad\/ontario-educators\/"},"modified":"2020-04-18T22:07:16","modified_gmt":"2020-04-18T22:07:16","slug":"ontario-educators","status":"publish","type":"page","link":"https:\/\/www.oasdi.ca\/vi\/learn-abroad\/ontario-educators\/","title":{"rendered":"Gi\u1ea3ng D\u1ea1y v\u00e0 H\u1ecdc T\u1eadp \u1edf N\u01b0\u1edbc Ngo\u00e0i cho c\u00e1c Nh\u00e0 Gi\u00e1o D\u1ee5c \u1edf Ontario"},"content":{"rendered":"<div id=\"pl-19160\"  class=\"panel-layout\" ><div id=\"pg-19160-0\"  class=\"panel-grid panel-no-style\" ><div id=\"pgc-19160-0-0\"  class=\"panel-grid-cell\" ><div id=\"panel-19160-0-0-0\" class=\"so-panel widget widget_sow-image panel-first-child panel-last-child\" data-index=\"0\" ><div class=\"is-featured-img panel-widget-style panel-widget-style-for-19160-0-0-0\" ><div\n\t\t\t\n\t\t\tclass=\"so-widget-sow-image so-widget-sow-image-default-c4f6304fc136-19160\"\n\t\t\t\n\t\t>\n\n<div class=\"sow-image-container\">\n\t\t<img loading=\"lazy\" decoding=\"async\" src=\"https:\/\/www.oasdi.ca\/wp-content\/uploads\/2020\/03\/Ontario-Educators.jpg\" width=\"1440\" height=\"268\" srcset=\"https:\/\/www.oasdi.ca\/wp-content\/uploads\/2020\/03\/Ontario-Educators.jpg 1440w, https:\/\/www.oasdi.ca\/wp-content\/uploads\/2020\/03\/Ontario-Educators-250x47.jpg 250w, https:\/\/www.oasdi.ca\/wp-content\/uploads\/2020\/03\/Ontario-Educators-700x130.jpg 700w, https:\/\/www.oasdi.ca\/wp-content\/uploads\/2020\/03\/Ontario-Educators-768x143.jpg 768w, https:\/\/www.oasdi.ca\/wp-content\/uploads\/2020\/03\/Ontario-Educators-500x93.jpg 500w, https:\/\/www.oasdi.ca\/wp-content\/uploads\/2020\/03\/Ontario-Educators-120x22.jpg 120w\" sizes=\"(max-width: 1440px) 100vw, 1440px\" title=\"Ontario Educators\" alt=\"Teaching and Learning Abroad for Ontario Educators\" \t\tclass=\"so-widget-image\"\/>\n\t<\/div>\n\n<\/div><\/div><\/div><\/div><\/div><div id=\"pg-19160-1\"  class=\"panel-grid panel-has-style\" ><div class=\"has-container panel-row-style panel-row-style-for-19160-1\" ><div id=\"pgc-19160-1-0\"  class=\"panel-grid-cell\" ><div id=\"panel-19160-1-0-0\" class=\"so-panel widget widget_hem-seo-title-widget panel-first-child panel-last-child\" data-index=\"1\" ><div class=\"panel-widget-style panel-widget-style-for-19160-1-0-0\" ><div\n\t\t\t\n\t\t\tclass=\"so-widget-hem-seo-title-widget so-widget-hem-seo-title-widget-hem-seo-title-widget-style-d75171398898-19160\"\n\t\t\t\n\t\t>\n<h1 style=\"font-size:px;\">Gi\u1ea3ng D\u1ea1y v\u00e0 H\u1ecdc T\u1eadp \u1edf N\u01b0\u1edbc Ngo\u00e0i cho c\u00e1c Nh\u00e0 Gi\u00e1o D\u1ee5c \u1edf Ontario<\/h1>\n\n\n\n\t<!-- <div class=\"breadcrumb-trail\"><a href=\"index.php\">Home<\/a> \u00bb <span class=\"breadcrumb-current\">About<\/span><\/div> -->\n\t<div class=\"test1\"><span><span><a href=\"https:\/\/www.oasdi.ca\/vi\/\">Trang Ch\u1ee7<\/a><\/span><\/span><\/div>\n<\/div><\/div><\/div><\/div><\/div><\/div><div id=\"pg-19160-2\"  class=\"panel-grid panel-has-style\" ><div class=\"has-container panel-row-style panel-row-style-for-19160-2\" ><div id=\"pgc-19160-2-0\"  class=\"panel-grid-cell\" ><div id=\"panel-19160-2-0-0\" class=\"so-panel widget widget_hem-sidebar-menu-widget panel-first-child\" data-index=\"2\" ><div\n\t\t\t\n\t\t\tclass=\"so-widget-hem-sidebar-menu-widget so-widget-hem-sidebar-menu-widget-hem-sidebar-menu-widget-style-d75171398898-19160\"\n\t\t\t\n\t\t><div id=\"sidebar\">\n\t\t\t<ul id=\"side-menu\" class=\"side-menu menu-embedded\">\n\t\t\t\n\t\t\t\t\t\t\t\t\n\t\t\t\t\t\t\t\t\t\t\t<li><a href=\"https:\/\/www.oasdi.ca\/vi\/learn-abroad\/faq\/\">C\u00e2u H\u1ecfi Th\u01b0\u1eddng G\u1eb7p v\u1ec1 Du H\u1ecdc N\u01b0\u1edbc Ngo\u00e0i<\/a><\/li>\n\t\t\t\t\t\t\t\t\t\t\t\t\t\n\t\t\t\t\t\t\t\t\t\t\t<li><a href=\"https:\/\/www.oasdi.ca\/vi\/learn-abroad\/research\/\">Nghi\u00ean C\u1ee9u v\u00e0 T\u00e0i Nguy\u00ean v\u1ec1 Gi\u00e1o D\u1ee5c Qu\u1ed1c T\u1ebf<\/a><\/li>\n\t\t\t\t\t\t\t\t\t\t\t\t\t\n\t\t\t\t\t\t\t\t\t\t\t<li><a class=\"active\" href=\"https:\/\/www.oasdi.ca\/vi\/learn-abroad\/ontario-educators\/\">Gi\u1ea3ng D\u1ea1y v\u00e0 H\u1ecdc T\u1eadp \u1edf N\u01b0\u1edbc Ngo\u00e0i cho c\u00e1c Nh\u00e0 Gi\u00e1o D\u1ee5c \u1edf Ontario<\/a><\/li>\n\t\t\t\t\t\t\t\t\t\t\t\t\t\n\t\t\t\t\t\t\t\t\t\t\t<li><a href=\"https:\/\/www.oasdi.ca\/vi\/learn-abroad\/ontario-students\/\">Du H\u1ecdc N\u01b0\u1edbc Ngo\u00e0i cho Sinh Vi\u00ean Ontario<\/a><\/li>\n\t\t\t\t\t\t\t\t\t\t\n\n\t\t\t\t<!-- Extra menu -->\n\t\t\t\t\n\n\n\t\t\t\t\t<\/ul>\n\t\n\n<\/div><\/div><\/div><div id=\"panel-19160-2-0-1\" class=\"so-panel widget widget_hem-sidebar-link-widget panel-last-child\" data-index=\"3\" ><div\n\t\t\t\n\t\t\tclass=\"so-widget-hem-sidebar-link-widget so-widget-hem-sidebar-link-widget-hem-sidebar-link-widget-style-d75171398898-19160\"\n\t\t\t\n\t\t><div id=\"sidebar\" class=\"external-link-only\">\n\n\n\n\t\t\t\t<!-- Extra menu -->\n\t\t\t\t\t\t\t\t\t<ul id=\"side-menu\" class=\"side-menu menu-embedded\">\n\t\t\t\t\t\t\t\t\t\t\t\t\t\t\t\t\t\t\t\t\t<li><a  href=\"https:\/\/www.oasdi.ca\/map-search\/\">Map Overview<\/a><\/li>\n\t\t\t\t\t\t\t\t\t\t\t\t\t\t\n\t\t\t\t\t\t\t\t\t\t\t\t\t\t\t\t\t\t\t\t\t<li><a  href=\"https:\/\/www.oasdi.ca\/district-list\/\">District List<\/a><\/li>\n\t\t\t\t\t\t\t\t\t\t\t\t\t\t\n\t\t\t\t\t\t\t\n\t\t\t\t\t<\/ul>\n\t\t\t\t\n\t\t\t\t\n\n\n\n\n<\/div><\/div><\/div><\/div><div id=\"pgc-19160-2-1\"  class=\"panel-grid-cell\" ><div class=\"pl-sm-3 pl-md-5 panel-cell-style panel-cell-style-for-19160-2-1\" ><div id=\"panel-19160-2-1-0\" class=\"so-panel widget widget_sow-editor panel-first-child panel-last-child\" data-index=\"4\" ><div\n\t\t\t\n\t\t\tclass=\"so-widget-sow-editor so-widget-sow-editor-base\"\n\t\t\t\n\t\t>\n<div class=\"siteorigin-widget-tinymce textwidget\">\n\t<p>Teach Abroad involves working as an educator overseas; Learn Abroad involves chaperoning students on an international learning excursion or participating in a professional development activity.\u00a0 Opportunities for Ontario teachers wishing to participate in a Teach Abroad or Learn Abroad international education experience have existed for many years.\u00a0 Teach Abroad and Learn Abroad PD experiences serve to enrich teaching upon the teacher\u2019s return to Ontario, and participating educators are expected to the share new or alternative educational approaches with colleagues.<\/p>\n<h2><strong><em>A Variety of Teach Abroad\/Learn Abroad Opportunities<\/em><\/strong><\/h2>\n<p>There is a wide variety of Study Abroad and Learn Abroad programs, and the duration of the learning experience may range from a brief visit of days or weeks to an extended period over several semesters or even years.\u00a0 Teach Abroad opportunities tend to be governed by policies and procedures within each school board, the years of teaching experience and recommendations from administrators, the initiative of individual educators, and the expenses involved.<\/p>\n<p>Teach Abroad and Learn Abroad opportunities for Ontario educators tend to fall into the following categories:<\/p>\n<ul>\n<li><strong>International Trip:<\/strong>\u00a0A school or community organized international trip of 1-2 weeks in duration and organized by educators or travel organizations which cater specifically to students. Often these trips will involve touring a certain geographical area or country based on a theme, such as the \u201cCanadian Battlefields of WWI\u201d or the \u201cArt of the Renaissance Painters.\u201d\u00a0 Students and educators would usually be accommodated in hotels on these kinds of excursions; consequently, this type of Learn Abroad experience is fairly expensive.\u00a0 These trips include \u201cService education\u201d trips with students.<\/li>\n<li><strong>Short Term Study Tour<\/strong>: These are educational tours that are organized to expose educators to the educational systems and culture in different countries. These study tours may take place during the school year, but usually occur during school holidays or during the summer break and are 1 to 2 weeks in duration. These tours tend to be organized by specific organizations, limited to specific subject areas and take place on an annual basis,\u00a0 such as the Goethe Institute Transatlantic Outreach Program (TOP) Fellowships\u00a0 [\u00a0<a href=\"http:\/\/www.goethe.de\/ins\/us\/en\/spr\/eng\/top\/top_teachers\/top_study_tour.html\" target=\"_blank\" rel=\"noopener\">www.goethe.de\/ins\/us\/en\/spr\/eng\/top\/top_teachers\/top_study_tour.html<\/a>\u00a0] or the Kezai Koho Centre Fellowships to Japan [\u00a0<a href=\"http:\/\/www.kkc.or.jp\/english\/fellowship\/fellowships\/index.html\" target=\"_blank\" rel=\"noopener\">www.kkc.or.jp\/english\/fellowship\/fellowships\/index.html<\/a>\u00a0].\u00a0 Many of these study tours are wholly sponsored by institutions and there is no or only nominal cost to the teachers awarded a fellowship. Note that these types of scholarship programs receive many applicants and are extremely competitive and may have limited places for Canadian educators.\u00a0 A limited number of scholarships for educators in specific subject areas are the Fulbright Scholarships:\u00a0<a href=\"http:\/\/www.fulbright.ca\/\" target=\"_blank\" rel=\"noopener\">www.fulbright.ca<\/a><\/li>\n<li><strong>International Teaching Exchange<\/strong>:\u00a0 A teaching exchange may involve a short term reciprocal visit between countries, or be a stay of one year or more.\u00a0 Teachers apply and are partnered with an educator in a participating country or jurisdiction and the teachers essentially \u201cswap\u201d jobs.\u00a0 Often the exchange partners will exchange living accommodations an automobiles as well. Each situation will depend on the exchange partners involved.\u00a0 Understandably, a year long exchange requires a great deal of paperwork, including such requirements as visas, medical clearances, etc. and can be expensive as travel costs, legal costs and medical costs may not be reimbursed. Family responsibilities may also need to be considered. A reciprocal\u00a0 international teaching experience is a very \u201crich\u201d teacher experience and allows for integrating into a new educational environment and offers opportunities to immerse oneself in a different culture,\u00a0 make new acquaintances and travel.<\/li>\n<\/ul>\n<p>Information on international teaching exchanges for Ontario teachers can be obtained at the Canadian Education Exchange Foundation which two different types of exchange programs:<\/p>\n<p><a class=\"btn btn-outline-primary btn-lg btn-block\" href=\"http:\/\/www.ceef.ca\/educator_program.html\" target=\"_blank\" rel=\"noopener\">The Educator Exchange Program<\/a><\/p>\n<p><a class=\"btn btn-outline-primary btn-lg btn-block\" href=\"http:\/\/www.ceef.ca\/educator_shadow.html\" target=\"_blank\" rel=\"noopener\">Short Term Principal and Administrator Exchanges<\/a><\/p>\n<ul>\n<li><strong>International Schools:<\/strong>\u00a0Teaching in an international school provides many possibilities for Canadian teachers, and potentially opens up chances to work and live in many countries throughout one\u2019s teaching career.\u00a0 Canadian teachers are well respected for their educational training and professionalism, and many international schools actively recruit Canadian teachers, especially in countries where parents are interested in having their children taught by educators who have English or French as first languages.\u00a0 Most of the companies that recruit international teachers are privately owned and participate in teacher recruitment fairs. One of the oldest and largest international teacher recruitment fairs is the Teachers\u2019 Overseas Recruiting Fair (TORF) [<a href=\"http:\/\/www.educ.queensu.ca\/torf\/teachers\" target=\"_blank\" rel=\"noopener\">www.educ.queensu.ca\/torf\/teachers<\/a>] which is held annually each January and is organized by Queen\u2019s University Faculty of Education. Other Ontario universities which have a Faculty of Education also organize international recruitment fairs.\n<p>Another avenue for teaching overseas is through a secondment with the\u00a0<a href=\"http:\/\/www.familyforce.ca\/sites\/AllLocations\/EN\/Education%2520and%2520Training\/Pages\/TeacherRecruitment.aspx\" target=\"_blank\" rel=\"noopener\">Canadian Department of National Defence<\/a>\u00a0which operates two schools in Europe<\/li>\n<li>While a few Ontario school boards are beginning to offer bursaries and scholarships in order to encourage and enable more teachers to participate in Study Abroad and Learn Aboard experiences, in general there is little financial support available.<\/li>\n<\/ul>\n<h4><strong>Need more information about Teach Abroad?<\/strong><\/h4>\n<ul>\n<li>Professionals in Education (PIE) :\u00a0<a href=\"https:\/\/www.thepienews.com\/\" target=\"_blank\" rel=\"noopener\">www.thepienews.com<\/a>\u00a0and\u00a0<a href=\"https:\/\/thepiejobs.com\/jobs\" target=\"_blank\" rel=\"noopener\">www.thepiejobs.com\/jobs<\/a><\/li>\n<li><a href=\"http:\/\/www.tieonline.com\/tie_services.cfm\" target=\"_blank\" rel=\"noopener\">The International Educator<\/a><\/li>\n<li><a href=\"https:\/\/www.iss.edu\/\" target=\"_blank\" rel=\"noopener\">International School Services<\/a><\/li>\n<li><a href=\"http:\/\/cbie.ca\/who-we-%20are\/institutional-resources\/canadas-%20education-abroad-%20lexicon\" target=\"_blank\" rel=\"noopener\">Canadian Bureau for International Education (CBIE) Education Abroad \"Lexicon\"<\/a><\/li>\n<li>The following webpage compiled by the Government of Canada entitled \u201c<a href=\"http:\/\/www.canada.pch.gc.ca\/eng\/1462548439594\" target=\"_blank\" rel=\"noopener\">Other Opportunities -- Canada and beyond!<\/a>\u201d provides a comprehensive list of international opportunities for secondary and university students, as well as educators: Government of Canada: \u201cOther Opportunities\u2026Canada and Beyond!\u201d:<\/li>\n<\/ul>\n<\/div>\n<\/div><\/div><\/div><\/div><\/div><\/div><\/div>","protected":false},"excerpt":{"rendered":"Gi\u1ea3ng D\u1ea1y v\u00e0 H\u1ecdc T\u1eadp \u1edf N\u01b0\u1edbc Ngo\u00e0i cho c\u00e1c Nh\u00e0 Gi\u00e1o D\u1ee5c \u1edf Ontario Trang Ch\u1ee7 C\u00e2u H\u1ecfi Th\u01b0\u1eddng G\u1eb7p v\u1ec1 Du H\u1ecdc N\u01b0\u1edbc Ngo\u00e0i Nghi\u00ean C\u1ee9u v\u00e0 T\u00e0i Nguy\u00ean v\u1ec1 Gi\u00e1o D\u1ee5c Qu\u1ed1c T\u1ebf Gi\u1ea3ng D\u1ea1y v\u00e0 H\u1ecdc T\u1eadp \u1edf N\u01b0\u1edbc Ngo\u00e0i cho c\u00e1c Nh\u00e0 Gi\u00e1o D\u1ee5c \u1edf Ontario Du H\u1ecdc N\u01b0\u1edbc Ngo\u00e0i&#8230; <a class=\"view-article\" href=\"https:\/\/www.oasdi.ca\/vi\/learn-abroad\/ontario-educators\/\">View Article<\/a>","protected":false},"author":237,"featured_media":19161,"parent":18329,"menu_order":0,"comment_status":"closed","ping_status":"closed","template":"","meta":{"footnotes":""},"class_list":["post-19160","page","type-page","status-publish","has-post-thumbnail","hentry"],"yoast_head":"<!-- This site is optimized with the Yoast SEO plugin v21.5 - https:\/\/yoast.com\/wordpress\/plugins\/seo\/ -->\n<title>D\u1ea1y \u1edf N\u01b0\u1edbc Ngo\u00e0i cho Gi\u1ea3ng Vi\u00ean Ontario | Nghi\u00ean C\u1ee9u Qu\u1ed1c T\u1ebf<\/title>\n<meta name=\"description\" content=\"C\u00f3 nhi\u1ec1u c\u01a1 h\u1ed9i cho nh\u00e0 gi\u00e1o d\u1ee5c Ontario xem x\u00e9t d\u1ea1y \u1edf n\u01b0\u1edbc ngo\u00e0i. Kh\u00e1m ph\u00e1 ch\u01b0\u01a1ng tr\u00ecnh gi\u1ea3ng d\u1ea1y \u1edf n\u01b0\u1edbc ngo\u00e0i cho gi\u1ea3ng vi\u00ean v\u00e0 nh\u00e0 gi\u00e1o d\u1ee5c Ontario \u1edf \u0111\u00e2y.\" \/>\n<meta name=\"robots\" content=\"index, follow, max-snippet:-1, max-image-preview:large, max-video-preview:-1\" \/>\n<link rel=\"canonical\" href=\"https:\/\/www.oasdi.ca\/vi\/learn-abroad\/ontario-educators\/\" \/>\n<meta property=\"og:locale\" content=\"vi_VN\" \/>\n<meta property=\"og:type\" content=\"article\" \/>\n<meta property=\"og:title\" content=\"D\u1ea1y \u1edf N\u01b0\u1edbc Ngo\u00e0i cho Gi\u1ea3ng Vi\u00ean Ontario | Nghi\u00ean C\u1ee9u Qu\u1ed1c T\u1ebf\" \/>\n<meta property=\"og:description\" content=\"C\u00f3 nhi\u1ec1u c\u01a1 h\u1ed9i cho nh\u00e0 gi\u00e1o d\u1ee5c Ontario xem x\u00e9t d\u1ea1y \u1edf n\u01b0\u1edbc ngo\u00e0i. Kh\u00e1m ph\u00e1 ch\u01b0\u01a1ng tr\u00ecnh gi\u1ea3ng d\u1ea1y \u1edf n\u01b0\u1edbc ngo\u00e0i cho gi\u1ea3ng vi\u00ean v\u00e0 nh\u00e0 gi\u00e1o d\u1ee5c Ontario \u1edf \u0111\u00e2y.\" \/>\n<meta property=\"og:url\" content=\"https:\/\/www.oasdi.ca\/vi\/learn-abroad\/ontario-educators\/\" \/>\n<meta property=\"og:site_name\" content=\"OASDI\" \/>\n<meta property=\"article:modified_time\" content=\"2020-04-18T22:07:16+00:00\" \/>\n<meta property=\"og:image\" content=\"https:\/\/www.oasdi.ca\/wp-content\/uploads\/2020\/03\/Ontario-Educators.jpg\" \/>\n\t<meta property=\"og:image:width\" content=\"1440\" \/>\n\t<meta property=\"og:image:height\" content=\"268\" \/>\n\t<meta property=\"og:image:type\" content=\"image\/jpeg\" \/>\n<meta name=\"twitter:card\" content=\"summary_large_image\" \/>\n<meta name=\"twitter:label1\" content=\"Est. reading time\" \/>\n\t<meta name=\"twitter:data1\" content=\"5 minutes\" \/>\n<script type=\"application\/ld+json\" class=\"yoast-schema-graph\">{\"@context\":\"https:\/\/schema.org\",\"@graph\":[{\"@type\":\"WebPage\",\"@id\":\"https:\/\/www.oasdi.ca\/vi\/learn-abroad\/ontario-educators\/\",\"url\":\"https:\/\/www.oasdi.ca\/vi\/learn-abroad\/ontario-educators\/\",\"name\":\"D\u1ea1y \u1edf N\u01b0\u1edbc Ngo\u00e0i cho Gi\u1ea3ng Vi\u00ean Ontario | Nghi\u00ean C\u1ee9u Qu\u1ed1c T\u1ebf\",\"isPartOf\":{\"@id\":\"https:\/\/www.oasdi.ca\/vi\/#website\"},\"datePublished\":\"2020-03-22T14:01:47+00:00\",\"dateModified\":\"2020-04-18T22:07:16+00:00\",\"description\":\"C\u00f3 nhi\u1ec1u c\u01a1 h\u1ed9i cho nh\u00e0 gi\u00e1o d\u1ee5c Ontario xem x\u00e9t d\u1ea1y \u1edf n\u01b0\u1edbc ngo\u00e0i. Kh\u00e1m ph\u00e1 ch\u01b0\u01a1ng tr\u00ecnh gi\u1ea3ng d\u1ea1y \u1edf n\u01b0\u1edbc ngo\u00e0i cho gi\u1ea3ng vi\u00ean v\u00e0 nh\u00e0 gi\u00e1o d\u1ee5c Ontario \u1edf \u0111\u00e2y.\",\"breadcrumb\":{\"@id\":\"https:\/\/www.oasdi.ca\/vi\/learn-abroad\/ontario-educators\/#breadcrumb\"},\"inLanguage\":\"vi-VN\",\"potentialAction\":[{\"@type\":\"ReadAction\",\"target\":[\"https:\/\/www.oasdi.ca\/vi\/learn-abroad\/ontario-educators\/\"]}]},{\"@type\":\"BreadcrumbList\",\"@id\":\"https:\/\/www.oasdi.ca\/vi\/learn-abroad\/ontario-educators\/#breadcrumb\",\"itemListElement\":[{\"@type\":\"ListItem\",\"position\":1,\"name\":\"Trang Ch\u1ee7\",\"item\":\"https:\/\/www.oasdi.ca\/vi\/\"},{\"@type\":\"ListItem\",\"position\":2,\"name\":\"Gi\u00e1o D\u1ee5c Qu\u1ed1c T\u1ebf \u1edf Ontario\",\"item\":\"https:\/\/www.oasdi.ca\/vi\/learn-abroad\/\"},{\"@type\":\"ListItem\",\"position\":3,\"name\":\"Gi\u1ea3ng D\u1ea1y v\u00e0 H\u1ecdc T\u1eadp \u1edf N\u01b0\u1edbc Ngo\u00e0i cho c\u00e1c Nh\u00e0 Gi\u00e1o D\u1ee5c \u1edf Ontario\"}]},{\"@type\":\"WebSite\",\"@id\":\"https:\/\/www.oasdi.ca\/vi\/#website\",\"url\":\"https:\/\/www.oasdi.ca\/vi\/\",\"name\":\"OASDI\",\"description\":\"Ontario Association of School District International\",\"publisher\":{\"@id\":\"https:\/\/www.oasdi.ca\/vi\/#organization\"},\"potentialAction\":[{\"@type\":\"SearchAction\",\"target\":{\"@type\":\"EntryPoint\",\"urlTemplate\":\"https:\/\/www.oasdi.ca\/vi\/?s={search_term_string}\"},\"query-input\":\"required name=search_term_string\"}],\"inLanguage\":\"vi-VN\"},{\"@type\":\"Organization\",\"@id\":\"https:\/\/www.oasdi.ca\/vi\/#organization\",\"name\":\"OASDI\",\"url\":\"https:\/\/www.oasdi.ca\/vi\/\",\"logo\":{\"@type\":\"ImageObject\",\"inLanguage\":\"vi-VN\",\"@id\":\"https:\/\/www.oasdi.ca\/vi\/#\/schema\/logo\/image\/\",\"url\":\"https:\/\/www.oasdi.ca\/wp-content\/uploads\/2020\/02\/cropped-oasdi-logo.png\",\"contentUrl\":\"https:\/\/www.oasdi.ca\/wp-content\/uploads\/2020\/02\/cropped-oasdi-logo.png\",\"width\":468,\"height\":96,\"caption\":\"OASDI\"},\"image\":{\"@id\":\"https:\/\/www.oasdi.ca\/vi\/#\/schema\/logo\/image\/\"}}]}<\/script>\n<!-- \/ Yoast SEO plugin. -->","yoast_head_json":{"title":"D\u1ea1y \u1edf N\u01b0\u1edbc Ngo\u00e0i cho Gi\u1ea3ng Vi\u00ean Ontario | Nghi\u00ean C\u1ee9u Qu\u1ed1c T\u1ebf","description":"C\u00f3 nhi\u1ec1u c\u01a1 h\u1ed9i cho nh\u00e0 gi\u00e1o d\u1ee5c Ontario xem x\u00e9t d\u1ea1y \u1edf n\u01b0\u1edbc ngo\u00e0i. Kh\u00e1m ph\u00e1 ch\u01b0\u01a1ng tr\u00ecnh gi\u1ea3ng d\u1ea1y \u1edf n\u01b0\u1edbc ngo\u00e0i cho gi\u1ea3ng vi\u00ean v\u00e0 nh\u00e0 gi\u00e1o d\u1ee5c Ontario \u1edf \u0111\u00e2y.","robots":{"index":"index","follow":"follow","max-snippet":"max-snippet:-1","max-image-preview":"max-image-preview:large","max-video-preview":"max-video-preview:-1"},"canonical":"https:\/\/www.oasdi.ca\/vi\/learn-abroad\/ontario-educators\/","og_locale":"vi_VN","og_type":"article","og_title":"D\u1ea1y \u1edf N\u01b0\u1edbc Ngo\u00e0i cho Gi\u1ea3ng Vi\u00ean Ontario | Nghi\u00ean C\u1ee9u Qu\u1ed1c T\u1ebf","og_description":"C\u00f3 nhi\u1ec1u c\u01a1 h\u1ed9i cho nh\u00e0 gi\u00e1o d\u1ee5c Ontario xem x\u00e9t d\u1ea1y \u1edf n\u01b0\u1edbc ngo\u00e0i. Kh\u00e1m ph\u00e1 ch\u01b0\u01a1ng tr\u00ecnh gi\u1ea3ng d\u1ea1y \u1edf n\u01b0\u1edbc ngo\u00e0i cho gi\u1ea3ng vi\u00ean v\u00e0 nh\u00e0 gi\u00e1o d\u1ee5c Ontario \u1edf \u0111\u00e2y.","og_url":"https:\/\/www.oasdi.ca\/vi\/learn-abroad\/ontario-educators\/","og_site_name":"OASDI","article_modified_time":"2020-04-18T22:07:16+00:00","og_image":[{"width":1440,"height":268,"url":"https:\/\/www.oasdi.ca\/wp-content\/uploads\/2020\/03\/Ontario-Educators.jpg","type":"image\/jpeg"}],"twitter_card":"summary_large_image","twitter_misc":{"Est. reading time":"5 minutes"},"schema":{"@context":"https:\/\/schema.org","@graph":[{"@type":"WebPage","@id":"https:\/\/www.oasdi.ca\/vi\/learn-abroad\/ontario-educators\/","url":"https:\/\/www.oasdi.ca\/vi\/learn-abroad\/ontario-educators\/","name":"D\u1ea1y \u1edf N\u01b0\u1edbc Ngo\u00e0i cho Gi\u1ea3ng Vi\u00ean Ontario | Nghi\u00ean C\u1ee9u Qu\u1ed1c T\u1ebf","isPartOf":{"@id":"https:\/\/www.oasdi.ca\/vi\/#website"},"datePublished":"2020-03-22T14:01:47+00:00","dateModified":"2020-04-18T22:07:16+00:00","description":"C\u00f3 nhi\u1ec1u c\u01a1 h\u1ed9i cho nh\u00e0 gi\u00e1o d\u1ee5c Ontario xem x\u00e9t d\u1ea1y \u1edf n\u01b0\u1edbc ngo\u00e0i. Kh\u00e1m ph\u00e1 ch\u01b0\u01a1ng tr\u00ecnh gi\u1ea3ng d\u1ea1y \u1edf n\u01b0\u1edbc ngo\u00e0i cho gi\u1ea3ng vi\u00ean v\u00e0 nh\u00e0 gi\u00e1o d\u1ee5c Ontario \u1edf \u0111\u00e2y.","breadcrumb":{"@id":"https:\/\/www.oasdi.ca\/vi\/learn-abroad\/ontario-educators\/#breadcrumb"},"inLanguage":"vi-VN","potentialAction":[{"@type":"ReadAction","target":["https:\/\/www.oasdi.ca\/vi\/learn-abroad\/ontario-educators\/"]}]},{"@type":"BreadcrumbList","@id":"https:\/\/www.oasdi.ca\/vi\/learn-abroad\/ontario-educators\/#breadcrumb","itemListElement":[{"@type":"ListItem","position":1,"name":"Trang Ch\u1ee7","item":"https:\/\/www.oasdi.ca\/vi\/"},{"@type":"ListItem","position":2,"name":"Gi\u00e1o D\u1ee5c Qu\u1ed1c T\u1ebf \u1edf Ontario","item":"https:\/\/www.oasdi.ca\/vi\/learn-abroad\/"},{"@type":"ListItem","position":3,"name":"Gi\u1ea3ng D\u1ea1y v\u00e0 H\u1ecdc T\u1eadp \u1edf N\u01b0\u1edbc Ngo\u00e0i cho c\u00e1c Nh\u00e0 Gi\u00e1o D\u1ee5c \u1edf Ontario"}]},{"@type":"WebSite","@id":"https:\/\/www.oasdi.ca\/vi\/#website","url":"https:\/\/www.oasdi.ca\/vi\/","name":"OASDI","description":"Ontario Association of School District International","publisher":{"@id":"https:\/\/www.oasdi.ca\/vi\/#organization"},"potentialAction":[{"@type":"SearchAction","target":{"@type":"EntryPoint","urlTemplate":"https:\/\/www.oasdi.ca\/vi\/?s={search_term_string}"},"query-input":"required name=search_term_string"}],"inLanguage":"vi-VN"},{"@type":"Organization","@id":"https:\/\/www.oasdi.ca\/vi\/#organization","name":"OASDI","url":"https:\/\/www.oasdi.ca\/vi\/","logo":{"@type":"ImageObject","inLanguage":"vi-VN","@id":"https:\/\/www.oasdi.ca\/vi\/#\/schema\/logo\/image\/","url":"https:\/\/www.oasdi.ca\/wp-content\/uploads\/2020\/02\/cropped-oasdi-logo.png","contentUrl":"https:\/\/www.oasdi.ca\/wp-content\/uploads\/2020\/02\/cropped-oasdi-logo.png","width":468,"height":96,"caption":"OASDI"},"image":{"@id":"https:\/\/www.oasdi.ca\/vi\/#\/schema\/logo\/image\/"}}]}},"_links":{"self":[{"href":"https:\/\/www.oasdi.ca\/vi\/wp-json\/wp\/v2\/pages\/19160"}],"collection":[{"href":"https:\/\/www.oasdi.ca\/vi\/wp-json\/wp\/v2\/pages"}],"about":[{"href":"https:\/\/www.oasdi.ca\/vi\/wp-json\/wp\/v2\/types\/page"}],"author":[{"embeddable":true,"href":"https:\/\/www.oasdi.ca\/vi\/wp-json\/wp\/v2\/users\/237"}],"replies":[{"embeddable":true,"href":"https:\/\/www.oasdi.ca\/vi\/wp-json\/wp\/v2\/comments?post=19160"}],"version-history":[{"count":0,"href":"https:\/\/www.oasdi.ca\/vi\/wp-json\/wp\/v2\/pages\/19160\/revisions"}],"up":[{"embeddable":true,"href":"https:\/\/www.oasdi.ca\/vi\/wp-json\/wp\/v2\/pages\/18329"}],"wp:featuredmedia":[{"embeddable":true,"href":"https:\/\/www.oasdi.ca\/vi\/wp-json\/wp\/v2\/media\/19161"}],"wp:attachment":[{"href":"https:\/\/www.oasdi.ca\/vi\/wp-json\/wp\/v2\/media?parent=19160"}],"curies":[{"name":"wp","href":"https:\/\/api.w.org\/{rel}","templated":true}]}}