{"id":18964,"date":"2020-03-22T02:49:02","date_gmt":"2020-03-22T02:49:02","guid":{"rendered":"http:\/\/oasdi.ca\/living-in-ontario\/rural-living\/"},"modified":"2020-04-30T22:38:34","modified_gmt":"2020-04-30T22:38:34","slug":"rural-living","status":"publish","type":"page","link":"https:\/\/www.oasdi.ca\/vi\/living-in-ontario\/rural-living\/","title":{"rendered":"Cu\u1ed9c S\u1ed1ng \u1edf N\u00f4ng Th\u00f4n, Ngo\u1ea1i \u00d4 v\u00e0 \u0110\u00f4 Th\u1ecb \u1edf Ontario"},"content":{"rendered":"<div id=\"pl-18964\"  class=\"panel-layout\" ><div id=\"pg-18964-0\"  class=\"panel-grid panel-no-style\" ><div id=\"pgc-18964-0-0\"  class=\"panel-grid-cell\" ><div id=\"panel-18964-0-0-0\" class=\"so-panel widget widget_sow-image panel-first-child panel-last-child\" data-index=\"0\" ><div class=\"is-featured-img panel-widget-style panel-widget-style-for-18964-0-0-0\" ><div\n\t\t\t\n\t\t\tclass=\"so-widget-sow-image so-widget-sow-image-default-c4f6304fc136-18964\"\n\t\t\t\n\t\t>\n\n<div class=\"sow-image-container\">\n\t\t<img loading=\"lazy\" decoding=\"async\" src=\"https:\/\/www.oasdi.ca\/wp-content\/uploads\/2020\/03\/oasdi-faq-1.jpg\" width=\"1440\" height=\"268\" srcset=\"https:\/\/www.oasdi.ca\/wp-content\/uploads\/2020\/03\/oasdi-faq-1.jpg 1440w, https:\/\/www.oasdi.ca\/wp-content\/uploads\/2020\/03\/oasdi-faq-1-250x47.jpg 250w, https:\/\/www.oasdi.ca\/wp-content\/uploads\/2020\/03\/oasdi-faq-1-700x130.jpg 700w, https:\/\/www.oasdi.ca\/wp-content\/uploads\/2020\/03\/oasdi-faq-1-768x143.jpg 768w, https:\/\/www.oasdi.ca\/wp-content\/uploads\/2020\/03\/oasdi-faq-1-500x93.jpg 500w, https:\/\/www.oasdi.ca\/wp-content\/uploads\/2020\/03\/oasdi-faq-1-120x22.jpg 120w\" sizes=\"(max-width: 1440px) 100vw, 1440px\" title=\"oasdi-faq\" alt=\"OASDI FAQ\" \t\tclass=\"so-widget-image\"\/>\n\t<\/div>\n\n<\/div><\/div><\/div><\/div><\/div><div id=\"pg-18964-1\"  class=\"panel-grid panel-has-style\" ><div class=\"has-container panel-row-style panel-row-style-for-18964-1\" ><div id=\"pgc-18964-1-0\"  class=\"panel-grid-cell\" ><div id=\"panel-18964-1-0-0\" class=\"so-panel widget widget_hem-seo-title-widget panel-first-child panel-last-child\" data-index=\"1\" ><div class=\"panel-widget-style panel-widget-style-for-18964-1-0-0\" ><div\n\t\t\t\n\t\t\tclass=\"so-widget-hem-seo-title-widget so-widget-hem-seo-title-widget-hem-seo-title-widget-style-d75171398898-18964\"\n\t\t\t\n\t\t>\n<h1 style=\"font-size:px;\">Cu\u1ed9c S\u1ed1ng \u1edf N\u00f4ng Th\u00f4n, Ngo\u1ea1i \u00d4 v\u00e0 \u0110\u00f4 Th\u1ecb \u1edf Ontario<\/h1>\n\n\n\n\t<!-- <div class=\"breadcrumb-trail\"><a href=\"index.php\">Home<\/a> \u00bb <span class=\"breadcrumb-current\">About<\/span><\/div> -->\n\t<div class=\"test1\"><span><span><a href=\"https:\/\/www.oasdi.ca\/vi\/\">Trang Ch\u1ee7<\/a><\/span><\/span><\/div>\n<\/div><\/div><\/div><\/div><\/div><\/div><div id=\"pg-18964-2\"  class=\"panel-grid panel-has-style\" ><div class=\"has-container panel-row-style panel-row-style-for-18964-2\" ><div id=\"pgc-18964-2-0\"  class=\"panel-grid-cell\" ><div id=\"panel-18964-2-0-0\" class=\"so-panel widget widget_hem-sidebar-menu-widget panel-first-child\" data-index=\"2\" ><div\n\t\t\t\n\t\t\tclass=\"so-widget-hem-sidebar-menu-widget so-widget-hem-sidebar-menu-widget-hem-sidebar-menu-widget-style-d75171398898-18964\"\n\t\t\t\n\t\t><div id=\"sidebar\">\n\t\t\t<ul id=\"side-menu\" class=\"side-menu menu-embedded\">\n\t\t\t\n\t\t\t\t\t\t\t\t\n\t\t\t\t\t\t\t\t\t\t\t<li><a href=\"https:\/\/www.oasdi.ca\/vi\/living-in-ontario\/faq\/\">C\u00e2u H\u1ecfi Th\u01b0\u1eddng G\u1eb7p v\u1ec1 S\u1ed1ng \u1edf Ontario cho H\u1ecdc Sinh Qu\u1ed1c T\u1ebf<\/a><\/li>\n\t\t\t\t\t\t\t\t\t\t\t\t\t\n\t\t\t\t\t\t\t\t\t\t\t<li><a href=\"https:\/\/www.oasdi.ca\/vi\/living-in-ontario\/weather-and-seasons\/\">Kh\u00ed H\u1eadu v\u00e0 C\u00e1c M\u00f9a \u1edf Ontario<\/a><\/li>\n\t\t\t\t\t\t\t\t\t\t\t\t\t\n\t\t\t\t\t\t\t\t\t\t\t<li><a href=\"https:\/\/www.oasdi.ca\/vi\/living-in-ontario\/attractions\/\">C\u00e1c K\u1ef3 Quan Thi\u00ean Nhi\u00ean v\u00e0 Khu Du L\u1ecbch Ch\u00ednh \u1edf Ontario<\/a><\/li>\n\t\t\t\t\t\t\t\t\t\t\t\t\t\n\t\t\t\t\t\t\t\t\t\t\t<li><a href=\"https:\/\/www.oasdi.ca\/vi\/living-in-ontario\/exploring\/\">Kh\u00e1m Ph\u00e1 Ontario<\/a><\/li>\n\t\t\t\t\t\t\t\t\t\t\t\t\t\n\t\t\t\t\t\t\t\t\t\t\t<li><a href=\"https:\/\/www.oasdi.ca\/vi\/living-in-ontario\/getting-around\/\">\u0110i L\u1ea1i \u1edf Ontario<\/a><\/li>\n\t\t\t\t\t\t\t\t\t\t\t\t\t\n\t\t\t\t\t\t\t\t\t\t\t<li><a href=\"https:\/\/www.oasdi.ca\/vi\/living-in-ontario\/canadian-culture\/\">V\u0103n H\u00f3a Canada<\/a><\/li>\n\t\t\t\t\t\t\t\t\t\t\t\t\t\n\t\t\t\t\t\t\t\t\t\t\t<li><a class=\"active\" href=\"https:\/\/www.oasdi.ca\/vi\/living-in-ontario\/rural-living\/\">Cu\u1ed9c S\u1ed1ng \u1edf N\u00f4ng Th\u00f4n, Ngo\u1ea1i \u00d4 v\u00e0 \u0110\u00f4 Th\u1ecb \u1edf Ontario<\/a><\/li>\n\t\t\t\t\t\t\t\t\t\t\t\t\t\n\t\t\t\t\t\t\t\t\t\t\t<li><a href=\"https:\/\/www.oasdi.ca\/vi\/living-in-ontario\/homestay-services\/\">D\u1ecbch V\u1ee5 S\u1ed1ng \u1edf Nh\u00e0 D\u00e2n B\u1ea3n X\u1ee9 \u1edf Ontario cho H\u1ecdc Sinh Qu\u1ed1c T\u1ebf<\/a><\/li>\n\t\t\t\t\t\t\t\t\t\t\n\n\t\t\t\t<!-- Extra menu -->\n\t\t\t\t\n\n\n\t\t\t\t\t<\/ul>\n\t\n\n<\/div><\/div><\/div><div id=\"panel-18964-2-0-1\" class=\"so-panel widget widget_hem-sidebar-link-widget panel-last-child\" data-index=\"3\" ><div\n\t\t\t\n\t\t\tclass=\"so-widget-hem-sidebar-link-widget so-widget-hem-sidebar-link-widget-hem-sidebar-link-widget-style-d75171398898-18964\"\n\t\t\t\n\t\t><div id=\"sidebar\" class=\"external-link-only\">\n\n\n\n\t\t\t\t<!-- Extra menu -->\n\t\t\t\t\t\t\t\t\t<ul id=\"side-menu\" class=\"side-menu menu-embedded\">\n\t\t\t\t\t\t\t\t\t\t\t\t\t\t\t\t\t\t\t\t\t<li><a  href=\"https:\/\/www.oasdi.ca\/map-search\/\">Map Overview<\/a><\/li>\n\t\t\t\t\t\t\t\t\t\t\t\t\t\t\n\t\t\t\t\t\t\t\t\t\t\t\t\t\t\t\t\t\t\t\t\t<li><a  href=\"https:\/\/www.oasdi.ca\/district-list\/\">District List<\/a><\/li>\n\t\t\t\t\t\t\t\t\t\t\t\t\t\t\n\t\t\t\t\t\t\t\n\t\t\t\t\t<\/ul>\n\t\t\t\t\n\t\t\t\t\n\n\n\n\n<\/div><\/div><\/div><\/div><div id=\"pgc-18964-2-1\"  class=\"panel-grid-cell\" ><div class=\"pl-sm-3 pl-md-5 panel-cell-style panel-cell-style-for-18964-2-1\" ><div id=\"panel-18964-2-1-0\" class=\"so-panel widget widget_sow-editor panel-first-child panel-last-child\" data-index=\"4\" ><div\n\t\t\t\n\t\t\tclass=\"so-widget-sow-editor so-widget-sow-editor-base\"\n\t\t\t\n\t\t>\n<div class=\"siteorigin-widget-tinymce textwidget\">\n\t<p>Ontario l\u00e0 m\u1ed9t t\u1ec9nh r\u1ea5t r\u1ed9ng trong khu v\u1ef1c v\u00e0 bao g\u1ed3m nhi\u1ec1u c\u1ea3nh quan kh\u00e1c nhau v\u00e0 c\u00e1c lo\u1ea1i c\u1ed9ng \u0111\u1ed3ng kh\u00e1c nhau. H\u1ecdc sinh qu\u1ed1c t\u1ebf c\u00f3 th\u1ec3 ch\u1ecdn s\u1ed1ng \u1edf v\u00f9ng n\u00f4ng th\u00f4n, l\u00e0ng hay th\u1ecb tr\u1ea5n, r\u00eca ngo\u1ea1i \u00f4 c\u1ee7a m\u1ed9t trung t\u00e2m c\u00f3 d\u00e2n s\u1ed1 l\u1edbn, ho\u1eb7c trong khu v\u1ef1c trung t\u00e2m c\u1ee7a th\u00e0nh ph\u1ed1 l\u1edbn. Vui l\u00f2ng tham kh\u1ea3o\u00a0<a href=\"\/vi\/map-search\/\">b\u1ea3n \u0111\u1ed3 t\u01b0\u01a1ng t\u00e1c<\/a>\u00a0\u0111\u1ec3 xem v\u1ecb tr\u00ed c\u1ee7a c\u00e1c h\u1ed9i \u0111\u1ed3ng tr\u01b0\u1eddng nh\u1ea5t \u0111\u1ecbnh \u0111\u1ec3 x\u00e1c \u0111\u1ecbnh c\u00e1c lo\u1ea1i c\u1ed9ng \u0111\u1ed3ng n\u1eb1m trong h\u1ed9i \u0111\u1ed3ng tr\u01b0\u1eddng c\u1ee5 th\u1ec3.<\/p>\n<p>\u0110i\u1ec1u quan tr\u1ecdng l\u00e0 b\u1ea1n quy\u1ebft \u0111\u1ecbnh lo\u1ea1i c\u1ed9ng \u0111\u1ed3ng m\u00e0 b\u1ea1n mu\u1ed1n sinh s\u1ed1ng, v\u00e0 nhi\u1ec1u h\u1ed9i \u0111\u1ed3ng tr\u01b0\u1eddng c\u00f3 th\u1ec3 cho b\u1ea1n sinh s\u1ed1ng \u1edf b\u1ea5t k\u1ef3 khu \u0111\u00f4 th\u1ecb, ngo\u1ea1i \u00f4 hay n\u00f4ng th\u00f4n n\u00e0o. C\u00e1c h\u1ed9i \u0111\u1ed3ng tr\u01b0\u1eddng kh\u00e1c s\u1ebd c\u00f3 c\u00e1c c\u1ed9ng \u0111\u1ed3ng \u0111\u00f4 th\u1ecb, ngo\u1ea1i \u00f4 ho\u1eb7c n\u00f4ng th\u00f4n g\u1ea7n m\u1ed9t tr\u01b0\u1eddng h\u1ecdc c\u1ee5 th\u1ec3.<\/p>\n<h3><strong>C\u1ed9ng \u0110\u1ed3ng N\u00f4ng Th\u00f4n<\/strong><\/h3>\n<p>\u1ede t\u1ea1i nh\u00e0 d\u00e2n \u1edf n\u00f4ng th\u00f4n, thi\u00ean nhi\u00ean th\u01b0\u1eddng l\u00e0 ngay b\u00ean ngo\u00e0i c\u1eeda. \u00a0C\u00e1c v\u00f9ng n\u00f4ng th\u00f4n th\u01b0\u1eddng c\u00f3 nh\u1ecbp s\u1ed1ng tho\u1ea3i m\u00e1i v\u00e0 m\u1ed9t c\u1ea3m gi\u00e1c \u201cc\u1ed9ng \u0111\u1ed3ng\u201d m\u1ea1nh m\u1ebd n\u01a1i m\u00e0 m\u1ecdi ng\u01b0\u1eddi \u0111\u1ec1u bi\u1ebft nhau. \u00a0C\u00f3 c\u1ea3m gi\u00e1c r\u1ed9ng r\u00e3i v\u00e0 nhi\u1ec1u kh\u00f4ng kh\u00ed trong l\u00e0nh, c\u0169ng nh\u01b0 y\u00ean t\u0129nh v\u00e0 v\u1eafng v\u1ebb. C\u00f3 r\u1ea5t nhi\u1ec1u c\u00e1ch b\u1ed1 tr\u00ed sinh s\u1ed1ng trong m\u1ed9t nh\u00e0 d\u00e2n \u1edf n\u00f4ng th\u00f4n t\u1eeb s\u1ed1ng tr\u00ean n\u00f4ng tr\u1ea1i \u0111\u1ebfn s\u1ed1ng trong ng\u00f4i nh\u00e0 c\u1ed5 trong l\u00e0ng. \u00a0M\u1eb7c d\u00f9 c\u00e1c tr\u01b0\u1eddng h\u1ecdc \u1edf khu v\u1ef1c n\u00f4ng th\u00f4n th\u01b0\u1eddng c\u00f3 s\u1ed1 l\u01b0\u1ee3ng h\u1ecdc sinh \u00edt h\u01a1n so v\u1edbi c\u00e1c tr\u01b0\u1eddng ngo\u1ea1i \u00f4 v\u00e0 \u0111\u00f4 th\u1ecb, nh\u01b0ng ti\u00eau chu\u1ea9n gi\u00e1o d\u1ee5c v\u1eabn ngang b\u1eb1ng v\u1edbi c\u00e1c khu v\u1ef1c \u0111\u00f4ng d\u00e2n h\u01a1n. \u1ede t\u1ea1i nh\u00e0 d\u00e2n \u1edf n\u00f4ng th\u00f4n c\u00f3 th\u1ec3 kh\u00f4ng \u1edf khu d\u00e2n c\u01b0 g\u1ea7n tr\u01b0\u1eddng v\u00e0 \u00edt c\u00f3 kh\u1ea3 n\u0103ng n\u1eb1m trong kho\u1ea3ng c\u00e1ch \u0111i b\u1ed9 \u0111\u1ebfn tr\u01b0\u1eddng, v\u00ec v\u1eady th\u00f4ng th\u01b0\u1eddng vi\u1ec7c \u0111i l\u1ea1i l\u00e0 b\u1eb1ng xe bu\u00fdt m\u00e0u v\u00e0ng\u201ctruy\u1ec1n th\u1ed1ng\u201d c\u1ee7a tr\u01b0\u1eddng.<\/p>\n<h3><strong>C\u1ed9ng \u0110\u1ed3ng Ngo\u1ea1i \u00d4<\/strong><\/h3>\n<p>C\u00e1ch b\u1ed1 tr\u00ed \u1edf t\u1ea1i nh\u00e0 d\u00e2n \u1edf ngo\u1ea1i \u00f4 th\u01b0\u1eddng g\u1ea7n g\u0169i v\u1edbi thi\u00ean nhi\u00ean v\u1edbi nhi\u1ec1u c\u00f4ng vi\u00ean n\u1eb1m trong c\u1ed9ng \u0111\u1ed3ng \u0111\u1ecba ph\u01b0\u01a1ng. M\u1eb7c d\u00f9 nh\u1ecbp s\u1ed1ng \u1edf khu v\u1ef1c ngo\u1ea1i \u00f4 l\u00e0 v\u1eeba ph\u1ea3i, c\u00e1c trung t\u00e2m mua s\u1eafm l\u1edbn th\u01b0\u1eddng n\u1eb1m \u1edf v\u00f9ng l\u00e2n c\u1eadn. C\u00e1c tr\u01b0\u1eddng h\u1ecdc \u1edf v\u00f9ng ngo\u1ea1i \u00f4 th\u01b0\u1eddng c\u00f3 s\u1ed1 l\u01b0\u1ee3ng h\u1ecdc sinh trung b\u00ecnh ho\u1eb7c l\u1edbn, kho\u1ea3ng t\u1eeb 400-1600 h\u1ecdc sinh, t\u00f9y thu\u1ed9c v\u00e0o v\u1ecb tr\u00ed. H\u1ecdc sinh c\u00f3 th\u1ec3 \u0111i b\u1ed9 \u0111\u1ebfn tr\u01b0\u1eddng; ngo\u00e0i ra, nh\u1eefng h\u1ecdc sinh n\u00e0y s\u1ebd \u0111\u1ebfn v\u00e0 r\u1eddi tr\u01b0\u1eddng b\u1eb1ng xe bu\u00fdt tr\u01b0\u1eddng h\u1ecdc \u0111\u01b0\u1ee3c ch\u1ec9 \u0111\u1ecbnh ho\u1eb7c b\u1eb1ng ph\u01b0\u01a1ng ti\u1ec7n c\u00f4ng c\u1ed9ng. Nhi\u1ec1u h\u1ecdc sinh \u1edf t\u1ea1i nh\u00e0 d\u00e2n \u1edf khu v\u1ef1c ngo\u1ea1i \u00f4 s\u1ebd s\u1ed1ng trong m\u1ed9t ng\u00f4i nh\u00e0 t\u00e1ch bi\u1ec7t.<\/p>\n<h3><strong>C\u1ed9ng \u0110\u1ed3ng \u0110\u00f4 Th\u1ecb<\/strong><\/h3>\n<p>C\u00e1c khu v\u1ef1c \u0111\u00f4 th\u1ecb c\u00f3 m\u1eadt \u0111\u1ed9 d\u00e2n s\u1ed1 \u0111\u00f4ng h\u01a1n v\u00e0 c\u00f3 s\u1ef1 kh\u00e1c bi\u1ec7t so v\u1edbi c\u00e1c \u0111\u1ecba \u0111i\u1ec3m nh\u00e0 d\u00e2n \u1edf n\u00f4ng th\u00f4n v\u00e0 ngo\u1ea1i \u00f4. Trong ph\u1ea7n l\u1edbn tr\u01b0\u1eddng h\u1ee3p, nh\u1ecbp s\u1ed1ng nhanh h\u01a1n v\u00e0 d\u1ec5 ti\u1ebfp c\u1eadn nhi\u1ec1u ti\u1ec7n nghi c\u1ee7a th\u00e0nh ph\u1ed1 h\u01a1n, bao g\u1ed3m nhi\u1ec1u c\u01a1 s\u1edf v\u0103n ho\u00e1 v\u00e0 th\u1ec3 thao l\u00e2n c\u1eadn. B\u1ed1 tr\u00ed sinh s\u1ed1ng cho h\u1ecdc sinh c\u00f3 th\u1ec3 t\u1eeb vi\u1ec7c s\u1ed1ng trong m\u1ed9t ng\u00f4i nh\u00e0 t\u00e1ch bi\u1ec7t \u0111\u1ebfn s\u1ed1ng trong c\u0103n h\u1ed9 cao t\u1ea7ng. C\u00e1c tr\u01b0\u1eddng \u1edf \u0111\u00f4 th\u1ecb th\u01b0\u1eddng c\u00f3 s\u1ed1 l\u01b0\u1ee3ng h\u1ecdc sinh l\u1edbn l\u00ean \u0111\u1ebfn 2.000 h\u1ecdc sinh. Tr\u01b0\u1eddng h\u1ecdc th\u01b0\u1eddng n\u1eb1m trong kho\u1ea3ng c\u00e1ch \u0111i b\u1ed9 \u0111\u1ebfn tr\u01b0\u1eddng ho\u1eb7c c\u00f3 s\u1eb5n ph\u01b0\u01a1ng ti\u1ec7n giao th\u00f4ng c\u00f4ng c\u1ed9ng.<\/p>\n<\/div>\n<\/div><\/div><\/div><\/div><\/div><\/div><\/div>","protected":false},"excerpt":{"rendered":"Cu\u1ed9c S\u1ed1ng \u1edf N\u00f4ng Th\u00f4n, Ngo\u1ea1i \u00d4 v\u00e0 \u0110\u00f4 Th\u1ecb \u1edf Ontario Trang Ch\u1ee7 C\u00e2u H\u1ecfi Th\u01b0\u1eddng G\u1eb7p v\u1ec1 S\u1ed1ng \u1edf Ontario cho H\u1ecdc Sinh Qu\u1ed1c T\u1ebf Kh\u00ed H\u1eadu v\u00e0 C\u00e1c M\u00f9a \u1edf Ontario C\u00e1c K\u1ef3 Quan Thi\u00ean Nhi\u00ean v\u00e0 Khu Du L\u1ecbch Ch\u00ednh \u1edf Ontario Kh\u00e1m Ph\u00e1 Ontario \u0110i L\u1ea1i \u1edf Ontario V\u0103n H\u00f3a&#8230; <a class=\"view-article\" href=\"https:\/\/www.oasdi.ca\/vi\/living-in-ontario\/rural-living\/\">View Article<\/a>","protected":false},"author":237,"featured_media":18965,"parent":18289,"menu_order":0,"comment_status":"closed","ping_status":"closed","template":"","meta":{"footnotes":""},"class_list":["post-18964","page","type-page","status-publish","has-post-thumbnail","hentry"],"yoast_head":"<!-- This site is optimized with the Yoast SEO plugin v21.5 - https:\/\/yoast.com\/wordpress\/plugins\/seo\/ -->\n<title>S\u1ed1ng \u1edf N\u00f4ng Th\u00f4n, Ngo\u1ea1i \u00d4 &amp; \u0110\u00f4 Th\u1ecb | H\u1ecdc \u1edf Ontario | OASDI<\/title>\n<meta name=\"description\" content=\"Ontario l\u00e0 m\u1ed9t t\u1ec9nh c\u00f3 nhi\u1ec1u c\u1ed9ng \u0111\u1ed3ng \u0111a d\u1ea1ng v\u1edbi c\u00e1c quy m\u00f4 kh\u00e1c nhau. T\u00ecm hi\u1ec3u th\u00eam v\u1ec1 c\u00e1c lo\u1ea1i h\u00ecnh v\u00e0 quy m\u00f4 c\u1ee7a c\u00e1c c\u1ed9ng \u0111\u1ed3ng \u1edf Ontario t\u1ea1i \u0111\u00e2y.\" \/>\n<meta name=\"robots\" content=\"index, follow, max-snippet:-1, max-image-preview:large, max-video-preview:-1\" \/>\n<link rel=\"canonical\" href=\"https:\/\/www.oasdi.ca\/vi\/living-in-ontario\/rural-living\/\" \/>\n<meta property=\"og:locale\" content=\"vi_VN\" \/>\n<meta property=\"og:type\" content=\"article\" \/>\n<meta property=\"og:title\" content=\"S\u1ed1ng \u1edf N\u00f4ng Th\u00f4n, Ngo\u1ea1i \u00d4 &amp; \u0110\u00f4 Th\u1ecb | H\u1ecdc \u1edf Ontario | OASDI\" \/>\n<meta property=\"og:description\" content=\"Ontario l\u00e0 m\u1ed9t t\u1ec9nh c\u00f3 nhi\u1ec1u c\u1ed9ng \u0111\u1ed3ng \u0111a d\u1ea1ng v\u1edbi c\u00e1c quy m\u00f4 kh\u00e1c nhau. T\u00ecm hi\u1ec3u th\u00eam v\u1ec1 c\u00e1c lo\u1ea1i h\u00ecnh v\u00e0 quy m\u00f4 c\u1ee7a c\u00e1c c\u1ed9ng \u0111\u1ed3ng \u1edf Ontario t\u1ea1i \u0111\u00e2y.\" \/>\n<meta property=\"og:url\" content=\"https:\/\/www.oasdi.ca\/vi\/living-in-ontario\/rural-living\/\" \/>\n<meta property=\"og:site_name\" content=\"OASDI\" \/>\n<meta property=\"article:modified_time\" content=\"2020-04-30T22:38:34+00:00\" \/>\n<meta property=\"og:image\" content=\"https:\/\/www.oasdi.ca\/wp-content\/uploads\/2020\/03\/oasdi-faq-1.jpg\" \/>\n\t<meta property=\"og:image:width\" content=\"1440\" \/>\n\t<meta property=\"og:image:height\" content=\"268\" \/>\n\t<meta property=\"og:image:type\" content=\"image\/jpeg\" \/>\n<meta name=\"twitter:card\" content=\"summary_large_image\" \/>\n<meta name=\"twitter:label1\" content=\"Est. reading time\" \/>\n\t<meta name=\"twitter:data1\" content=\"5 minutes\" \/>\n<script type=\"application\/ld+json\" class=\"yoast-schema-graph\">{\"@context\":\"https:\/\/schema.org\",\"@graph\":[{\"@type\":\"WebPage\",\"@id\":\"https:\/\/www.oasdi.ca\/vi\/living-in-ontario\/rural-living\/\",\"url\":\"https:\/\/www.oasdi.ca\/vi\/living-in-ontario\/rural-living\/\",\"name\":\"S\u1ed1ng \u1edf N\u00f4ng Th\u00f4n, Ngo\u1ea1i \u00d4 & \u0110\u00f4 Th\u1ecb | H\u1ecdc \u1edf Ontario | OASDI\",\"isPartOf\":{\"@id\":\"https:\/\/www.oasdi.ca\/vi\/#website\"},\"datePublished\":\"2020-03-22T02:49:02+00:00\",\"dateModified\":\"2020-04-30T22:38:34+00:00\",\"description\":\"Ontario l\u00e0 m\u1ed9t t\u1ec9nh c\u00f3 nhi\u1ec1u c\u1ed9ng \u0111\u1ed3ng \u0111a d\u1ea1ng v\u1edbi c\u00e1c quy m\u00f4 kh\u00e1c nhau. T\u00ecm hi\u1ec3u th\u00eam v\u1ec1 c\u00e1c lo\u1ea1i h\u00ecnh v\u00e0 quy m\u00f4 c\u1ee7a c\u00e1c c\u1ed9ng \u0111\u1ed3ng \u1edf Ontario t\u1ea1i \u0111\u00e2y.\",\"breadcrumb\":{\"@id\":\"https:\/\/www.oasdi.ca\/vi\/living-in-ontario\/rural-living\/#breadcrumb\"},\"inLanguage\":\"vi-VN\",\"potentialAction\":[{\"@type\":\"ReadAction\",\"target\":[\"https:\/\/www.oasdi.ca\/vi\/living-in-ontario\/rural-living\/\"]}]},{\"@type\":\"BreadcrumbList\",\"@id\":\"https:\/\/www.oasdi.ca\/vi\/living-in-ontario\/rural-living\/#breadcrumb\",\"itemListElement\":[{\"@type\":\"ListItem\",\"position\":1,\"name\":\"Trang Ch\u1ee7\",\"item\":\"https:\/\/www.oasdi.ca\/vi\/\"},{\"@type\":\"ListItem\",\"position\":2,\"name\":\"S\u1ed1ng \u1edf Ontario V\u1edbi T\u01b0 C\u00e1ch L\u00e0 H\u1ecdc Sinh Qu\u1ed1c T\u1ebf\",\"item\":\"https:\/\/www.oasdi.ca\/vi\/living-in-ontario\/\"},{\"@type\":\"ListItem\",\"position\":3,\"name\":\"Cu\u1ed9c S\u1ed1ng \u1edf N\u00f4ng Th\u00f4n, Ngo\u1ea1i \u00d4 v\u00e0 \u0110\u00f4 Th\u1ecb \u1edf Ontario\"}]},{\"@type\":\"WebSite\",\"@id\":\"https:\/\/www.oasdi.ca\/vi\/#website\",\"url\":\"https:\/\/www.oasdi.ca\/vi\/\",\"name\":\"OASDI\",\"description\":\"Ontario Association of School District International\",\"publisher\":{\"@id\":\"https:\/\/www.oasdi.ca\/vi\/#organization\"},\"potentialAction\":[{\"@type\":\"SearchAction\",\"target\":{\"@type\":\"EntryPoint\",\"urlTemplate\":\"https:\/\/www.oasdi.ca\/vi\/?s={search_term_string}\"},\"query-input\":\"required name=search_term_string\"}],\"inLanguage\":\"vi-VN\"},{\"@type\":\"Organization\",\"@id\":\"https:\/\/www.oasdi.ca\/vi\/#organization\",\"name\":\"OASDI\",\"url\":\"https:\/\/www.oasdi.ca\/vi\/\",\"logo\":{\"@type\":\"ImageObject\",\"inLanguage\":\"vi-VN\",\"@id\":\"https:\/\/www.oasdi.ca\/vi\/#\/schema\/logo\/image\/\",\"url\":\"https:\/\/www.oasdi.ca\/wp-content\/uploads\/2020\/02\/cropped-oasdi-logo.png\",\"contentUrl\":\"https:\/\/www.oasdi.ca\/wp-content\/uploads\/2020\/02\/cropped-oasdi-logo.png\",\"width\":468,\"height\":96,\"caption\":\"OASDI\"},\"image\":{\"@id\":\"https:\/\/www.oasdi.ca\/vi\/#\/schema\/logo\/image\/\"}}]}<\/script>\n<!-- \/ Yoast SEO plugin. -->","yoast_head_json":{"title":"S\u1ed1ng \u1edf N\u00f4ng Th\u00f4n, Ngo\u1ea1i \u00d4 & \u0110\u00f4 Th\u1ecb | H\u1ecdc \u1edf Ontario | OASDI","description":"Ontario l\u00e0 m\u1ed9t t\u1ec9nh c\u00f3 nhi\u1ec1u c\u1ed9ng \u0111\u1ed3ng \u0111a d\u1ea1ng v\u1edbi c\u00e1c quy m\u00f4 kh\u00e1c nhau. T\u00ecm hi\u1ec3u th\u00eam v\u1ec1 c\u00e1c lo\u1ea1i h\u00ecnh v\u00e0 quy m\u00f4 c\u1ee7a c\u00e1c c\u1ed9ng \u0111\u1ed3ng \u1edf Ontario t\u1ea1i \u0111\u00e2y.","robots":{"index":"index","follow":"follow","max-snippet":"max-snippet:-1","max-image-preview":"max-image-preview:large","max-video-preview":"max-video-preview:-1"},"canonical":"https:\/\/www.oasdi.ca\/vi\/living-in-ontario\/rural-living\/","og_locale":"vi_VN","og_type":"article","og_title":"S\u1ed1ng \u1edf N\u00f4ng Th\u00f4n, Ngo\u1ea1i \u00d4 & \u0110\u00f4 Th\u1ecb | H\u1ecdc \u1edf Ontario | OASDI","og_description":"Ontario l\u00e0 m\u1ed9t t\u1ec9nh c\u00f3 nhi\u1ec1u c\u1ed9ng \u0111\u1ed3ng \u0111a d\u1ea1ng v\u1edbi c\u00e1c quy m\u00f4 kh\u00e1c nhau. T\u00ecm hi\u1ec3u th\u00eam v\u1ec1 c\u00e1c lo\u1ea1i h\u00ecnh v\u00e0 quy m\u00f4 c\u1ee7a c\u00e1c c\u1ed9ng \u0111\u1ed3ng \u1edf Ontario t\u1ea1i \u0111\u00e2y.","og_url":"https:\/\/www.oasdi.ca\/vi\/living-in-ontario\/rural-living\/","og_site_name":"OASDI","article_modified_time":"2020-04-30T22:38:34+00:00","og_image":[{"width":1440,"height":268,"url":"https:\/\/www.oasdi.ca\/wp-content\/uploads\/2020\/03\/oasdi-faq-1.jpg","type":"image\/jpeg"}],"twitter_card":"summary_large_image","twitter_misc":{"Est. reading time":"5 minutes"},"schema":{"@context":"https:\/\/schema.org","@graph":[{"@type":"WebPage","@id":"https:\/\/www.oasdi.ca\/vi\/living-in-ontario\/rural-living\/","url":"https:\/\/www.oasdi.ca\/vi\/living-in-ontario\/rural-living\/","name":"S\u1ed1ng \u1edf N\u00f4ng Th\u00f4n, Ngo\u1ea1i \u00d4 & \u0110\u00f4 Th\u1ecb | H\u1ecdc \u1edf Ontario | OASDI","isPartOf":{"@id":"https:\/\/www.oasdi.ca\/vi\/#website"},"datePublished":"2020-03-22T02:49:02+00:00","dateModified":"2020-04-30T22:38:34+00:00","description":"Ontario l\u00e0 m\u1ed9t t\u1ec9nh c\u00f3 nhi\u1ec1u c\u1ed9ng \u0111\u1ed3ng \u0111a d\u1ea1ng v\u1edbi c\u00e1c quy m\u00f4 kh\u00e1c nhau. T\u00ecm hi\u1ec3u th\u00eam v\u1ec1 c\u00e1c lo\u1ea1i h\u00ecnh v\u00e0 quy m\u00f4 c\u1ee7a c\u00e1c c\u1ed9ng \u0111\u1ed3ng \u1edf Ontario t\u1ea1i \u0111\u00e2y.","breadcrumb":{"@id":"https:\/\/www.oasdi.ca\/vi\/living-in-ontario\/rural-living\/#breadcrumb"},"inLanguage":"vi-VN","potentialAction":[{"@type":"ReadAction","target":["https:\/\/www.oasdi.ca\/vi\/living-in-ontario\/rural-living\/"]}]},{"@type":"BreadcrumbList","@id":"https:\/\/www.oasdi.ca\/vi\/living-in-ontario\/rural-living\/#breadcrumb","itemListElement":[{"@type":"ListItem","position":1,"name":"Trang Ch\u1ee7","item":"https:\/\/www.oasdi.ca\/vi\/"},{"@type":"ListItem","position":2,"name":"S\u1ed1ng \u1edf Ontario V\u1edbi T\u01b0 C\u00e1ch L\u00e0 H\u1ecdc Sinh Qu\u1ed1c T\u1ebf","item":"https:\/\/www.oasdi.ca\/vi\/living-in-ontario\/"},{"@type":"ListItem","position":3,"name":"Cu\u1ed9c S\u1ed1ng \u1edf N\u00f4ng Th\u00f4n, Ngo\u1ea1i \u00d4 v\u00e0 \u0110\u00f4 Th\u1ecb \u1edf Ontario"}]},{"@type":"WebSite","@id":"https:\/\/www.oasdi.ca\/vi\/#website","url":"https:\/\/www.oasdi.ca\/vi\/","name":"OASDI","description":"Ontario Association of School District International","publisher":{"@id":"https:\/\/www.oasdi.ca\/vi\/#organization"},"potentialAction":[{"@type":"SearchAction","target":{"@type":"EntryPoint","urlTemplate":"https:\/\/www.oasdi.ca\/vi\/?s={search_term_string}"},"query-input":"required name=search_term_string"}],"inLanguage":"vi-VN"},{"@type":"Organization","@id":"https:\/\/www.oasdi.ca\/vi\/#organization","name":"OASDI","url":"https:\/\/www.oasdi.ca\/vi\/","logo":{"@type":"ImageObject","inLanguage":"vi-VN","@id":"https:\/\/www.oasdi.ca\/vi\/#\/schema\/logo\/image\/","url":"https:\/\/www.oasdi.ca\/wp-content\/uploads\/2020\/02\/cropped-oasdi-logo.png","contentUrl":"https:\/\/www.oasdi.ca\/wp-content\/uploads\/2020\/02\/cropped-oasdi-logo.png","width":468,"height":96,"caption":"OASDI"},"image":{"@id":"https:\/\/www.oasdi.ca\/vi\/#\/schema\/logo\/image\/"}}]}},"_links":{"self":[{"href":"https:\/\/www.oasdi.ca\/vi\/wp-json\/wp\/v2\/pages\/18964"}],"collection":[{"href":"https:\/\/www.oasdi.ca\/vi\/wp-json\/wp\/v2\/pages"}],"about":[{"href":"https:\/\/www.oasdi.ca\/vi\/wp-json\/wp\/v2\/types\/page"}],"author":[{"embeddable":true,"href":"https:\/\/www.oasdi.ca\/vi\/wp-json\/wp\/v2\/users\/237"}],"replies":[{"embeddable":true,"href":"https:\/\/www.oasdi.ca\/vi\/wp-json\/wp\/v2\/comments?post=18964"}],"version-history":[{"count":0,"href":"https:\/\/www.oasdi.ca\/vi\/wp-json\/wp\/v2\/pages\/18964\/revisions"}],"up":[{"embeddable":true,"href":"https:\/\/www.oasdi.ca\/vi\/wp-json\/wp\/v2\/pages\/18289"}],"wp:featuredmedia":[{"embeddable":true,"href":"https:\/\/www.oasdi.ca\/vi\/wp-json\/wp\/v2\/media\/18965"}],"wp:attachment":[{"href":"https:\/\/www.oasdi.ca\/vi\/wp-json\/wp\/v2\/media?parent=18964"}],"curies":[{"name":"wp","href":"https:\/\/api.w.org\/{rel}","templated":true}]}}