{"id":18919,"date":"2020-03-22T15:52:12","date_gmt":"2020-03-22T15:52:12","guid":{"rendered":"http:\/\/oasdi.ca\/living-in-ontario\/canadian-culture\/teen\/"},"modified":"2020-04-19T19:01:14","modified_gmt":"2020-04-19T19:01:14","slug":"teen","status":"publish","type":"page","link":"https:\/\/www.oasdi.ca\/vi\/living-in-ontario\/canadian-culture\/teen\/","title":{"rendered":"V\u0103n H\u00f3a Gi\u1edbi Tr\u1ebb \u1edf Ontario"},"content":{"rendered":"<div id=\"pl-18919\"  class=\"panel-layout\" ><div id=\"pg-18919-0\"  class=\"panel-grid panel-no-style\" ><div id=\"pgc-18919-0-0\"  class=\"panel-grid-cell\" ><div id=\"panel-18919-0-0-0\" class=\"so-panel widget widget_sow-image panel-first-child panel-last-child\" data-index=\"0\" ><div class=\"is-featured-img panel-widget-style panel-widget-style-for-18919-0-0-0\" ><div\n\t\t\t\n\t\t\tclass=\"so-widget-sow-image so-widget-sow-image-default-c4f6304fc136-18919\"\n\t\t\t\n\t\t>\n\n<div class=\"sow-image-container\">\n\t\t<img loading=\"lazy\" decoding=\"async\" src=\"https:\/\/www.oasdi.ca\/wp-content\/uploads\/2020\/03\/onatrio-canada.jpg\" width=\"1440\" height=\"268\" srcset=\"https:\/\/www.oasdi.ca\/wp-content\/uploads\/2020\/03\/onatrio-canada.jpg 1440w, https:\/\/www.oasdi.ca\/wp-content\/uploads\/2020\/03\/onatrio-canada-250x47.jpg 250w, https:\/\/www.oasdi.ca\/wp-content\/uploads\/2020\/03\/onatrio-canada-700x130.jpg 700w, https:\/\/www.oasdi.ca\/wp-content\/uploads\/2020\/03\/onatrio-canada-768x143.jpg 768w, https:\/\/www.oasdi.ca\/wp-content\/uploads\/2020\/03\/onatrio-canada-500x93.jpg 500w, https:\/\/www.oasdi.ca\/wp-content\/uploads\/2020\/03\/onatrio-canada-120x22.jpg 120w\" sizes=\"(max-width: 1440px) 100vw, 1440px\" title=\"onatrio canada\" alt=\"\" \t\tclass=\"so-widget-image\"\/>\n\t<\/div>\n\n<\/div><\/div><\/div><\/div><\/div><div id=\"pg-18919-1\"  class=\"panel-grid panel-has-style\" ><div class=\"has-container panel-row-style panel-row-style-for-18919-1\" ><div id=\"pgc-18919-1-0\"  class=\"panel-grid-cell\" ><div id=\"panel-18919-1-0-0\" class=\"so-panel widget widget_hem-seo-title-widget panel-first-child panel-last-child\" data-index=\"1\" ><div class=\"panel-widget-style panel-widget-style-for-18919-1-0-0\" ><div\n\t\t\t\n\t\t\tclass=\"so-widget-hem-seo-title-widget so-widget-hem-seo-title-widget-hem-seo-title-widget-style-d75171398898-18919\"\n\t\t\t\n\t\t>\n<h1 style=\"font-size:px;\">V\u0103n H\u00f3a Gi\u1edbi Tr\u1ebb \u1edf Ontario<\/h1>\n\n\n\n\t<!-- <div class=\"breadcrumb-trail\"><a href=\"index.php\">Home<\/a> \u00bb <span class=\"breadcrumb-current\">About<\/span><\/div> -->\n\t<div class=\"test1\"><span><span><a href=\"https:\/\/www.oasdi.ca\/vi\/\">Trang Ch\u1ee7<\/a><\/span><\/span><\/div>\n<\/div><\/div><\/div><\/div><\/div><\/div><div id=\"pg-18919-2\"  class=\"panel-grid panel-has-style\" ><div class=\"has-container panel-row-style panel-row-style-for-18919-2\" ><div id=\"pgc-18919-2-0\"  class=\"panel-grid-cell\" ><div id=\"panel-18919-2-0-0\" class=\"so-panel widget widget_hem-sidebar-menu-widget panel-first-child\" data-index=\"2\" ><div\n\t\t\t\n\t\t\tclass=\"so-widget-hem-sidebar-menu-widget so-widget-hem-sidebar-menu-widget-hem-sidebar-menu-widget-style-d75171398898-18919\"\n\t\t\t\n\t\t><div id=\"sidebar\">\n\t\t\t<ul id=\"side-menu\" class=\"side-menu menu-embedded\">\n\t\t\t\n\t\t\t\t\t\t\t\t\n\t\t\t\t\t\t\t\t\t\t\t<li><a class=\"active\" href=\"https:\/\/www.oasdi.ca\/vi\/living-in-ontario\/canadian-culture\/teen\/\">V\u0103n H\u00f3a Gi\u1edbi Tr\u1ebb \u1edf Ontario<\/a><\/li>\n\t\t\t\t\t\t\t\t\t\t\t\t\t\n\t\t\t\t\t\t\t\t\t\t\t<li><a href=\"https:\/\/www.oasdi.ca\/vi\/living-in-ontario\/canadian-culture\/indigenous\/\">V\u0103n H\u00f3a B\u1ea3n \u0110\u1ecba \u1edf Ontario<\/a><\/li>\n\t\t\t\t\t\t\t\t\t\t\t\t\t\n\t\t\t\t\t\t\t\t\t\t\t<li><a href=\"https:\/\/www.oasdi.ca\/vi\/living-in-ontario\/canadian-culture\/home\/\">V\u0103n H\u00f3a Gia \u0110\u00ecnh \u1edf Ontario<\/a><\/li>\n\t\t\t\t\t\t\t\t\t\t\t\t\t\n\t\t\t\t\t\t\t\t\t\t\t<li><a href=\"https:\/\/www.oasdi.ca\/vi\/living-in-ontario\/canadian-culture\/francophone\/\">V\u0103n H\u00f3a Kh\u1ed1i Ph\u00e1p Ng\u1eef \u1edf Ontario<\/a><\/li>\n\t\t\t\t\t\t\t\t\t\t\n\n\t\t\t\t<!-- Extra menu -->\n\t\t\t\t\n\n\n\t\t\t\t\t<\/ul>\n\t\n\n<\/div><\/div><\/div><div id=\"panel-18919-2-0-1\" class=\"so-panel widget widget_hem-sidebar-link-widget panel-last-child\" data-index=\"3\" ><div\n\t\t\t\n\t\t\tclass=\"so-widget-hem-sidebar-link-widget so-widget-hem-sidebar-link-widget-hem-sidebar-link-widget-style-d75171398898-18919\"\n\t\t\t\n\t\t><div id=\"sidebar\" class=\"external-link-only\">\n\n\n\n\t\t\t\t<!-- Extra menu -->\n\t\t\t\t\t\t\t\t\t<ul id=\"side-menu\" class=\"side-menu menu-embedded\">\n\t\t\t\t\t\t\t\t\t\t\t\t\t\t\t\t\t\t\t\t\t<li><a  href=\"https:\/\/www.oasdi.ca\/map-search\/\">Map Overview<\/a><\/li>\n\t\t\t\t\t\t\t\t\t\t\t\t\t\t\n\t\t\t\t\t\t\t\t\t\t\t\t\t\t\t\t\t\t\t\t\t<li><a  href=\"https:\/\/www.oasdi.ca\/district-list\/\">District List<\/a><\/li>\n\t\t\t\t\t\t\t\t\t\t\t\t\t\t\n\t\t\t\t\t\t\t\n\t\t\t\t\t<\/ul>\n\t\t\t\t\n\t\t\t\t\n\n\n\n\n<\/div><\/div><\/div><\/div><div id=\"pgc-18919-2-1\"  class=\"panel-grid-cell\" ><div class=\"pl-sm-3 pl-md-5 panel-cell-style panel-cell-style-for-18919-2-1\" ><div id=\"panel-18919-2-1-0\" class=\"so-panel widget widget_sow-editor panel-first-child panel-last-child\" data-index=\"4\" ><div\n\t\t\t\n\t\t\tclass=\"so-widget-sow-editor so-widget-sow-editor-base\"\n\t\t\t\n\t\t>\n<div class=\"siteorigin-widget-tinymce textwidget\">\n\t<p>Nh\u01b0\u0303ng thanh thi\u1ebfu ni\u00ean Canada c\u00f3 xu h\u01b0\u1edbng b\u1eadn r\u1ed9n v\u00e0 tham gia va\u0300o ho\u0323c \u1edf tr\u01b0\u1eddng h\u1ecdc, \u0111i l\u00e0m vi\u1ec7c b\u00e1n th\u1eddi gian, c\u00e1c ho\u1ea1t \u0111\u1ed9ng th\u1ec3 thao v\u00e0 v\u0103n ho\u00e1 c\u00f3 t\u1ed5 ch\u1ee9c, v\u00e0 t\u1ea5t nhi\u00ean, giao l\u01b0u v\u1edbi b\u1ea1n b\u00e8 \u0111\u1ed3ng l\u1ee9a.<\/p>\n<h3><strong>Gia \u0111i\u0300nh va\u0300 ba\u0323n be\u0300<\/strong><\/h3>\n<p>Thanh thi\u1ebfu ni\u00ean \u1edf Canada c\u00f3 xu h\u01b0\u1edbng g\u1eafn b\u00f3 v\u1edbi gia \u0111\u00ecnh c\u1ee7a h\u1ecd v\u00e0 ph\u1ea7n l\u1edbn thanh thi\u1ebfu ni\u00ean s\u1ed1ng v\u1edbi c\u1ea3 cha m\u1eb9. C\u00e1c thanh thi\u1ebfu ni\u00ean ng\u01b0\u1eddi Canada s\u1ebd ph\u1ea3i tham gia v\u00e0o ca\u0301c c\u00f4ng vi\u1ec7c nh\u00e0 v\u00e0 c\u00e1c nhi\u1ec7m v\u1ee5 kh\u00e1c t\u01b0\u0300 vi\u1ec7c r\u1eeda ch\u00e9n, \u0111\u00ea\u0301n \u0111\u00f4\u0309 ra\u0301c, \u0111i xu\u0301c tuy\u1ebft v\u00e0o m\u00f9a \u0111\u00f4ng ho\u1eb7c c\u1eaft c\u1ecf trong c\u00e1c th\u00e1ng c\u00f2n l\u1ea1i c\u1ee7a n\u0103m. C\u00e1c gia \u0111\u00ecnh kh\u00e1c nhau \u00e1p d\u1ee5ng c\u00e1c quy t\u1eafc kh\u00e1c nhau v\u1ec1 quy\u1ec1n t\u1ef1 do v\u00e0 gi\u1edd v\u1ec1 nh\u00e0 v\u00e0o bu\u00f4\u0309i t\u00f4\u0301i, nh\u01b0ng h\u1ea7u h\u1ebft thanh thi\u1ebfu ni\u00ean \u1edf Canada \u0111\u1ec1u c\u00f3 quy\u1ec1n t\u1ef1 do \u0111\u00e1ng k\u1ec3 trong vi\u00ea\u0323c s\u1eed d\u1ee5ng th\u1eddi gian r\u1ea3nh r\u1ed7i c\u1ee7a mi\u0300nh theo \u00fd ca\u0301c em, nh\u1ea5t l\u00e0 khi giao l\u01b0u v\u1edbi b\u1ea1n b\u00e8. \u00a0Ca\u0301c thanh thi\u00ea\u0301u ni\u00ean th\u01b0\u01a1\u0300ng g\u0103\u0323p nhau ta\u0323i nha\u0300 cu\u0309a m\u00f4\u0323t ng\u01b0\u01a1\u0300i ba\u0323n \u0111\u00ea\u0309 ch\u01a1i \u0111i\u00ea\u0323n t\u01b0\u0309, xem ti vi, hay n\u00e2\u0301u \u0103n cu\u0300ng nhau. Ca\u0301c thanh thi\u1ebfu ni\u00ean th\u01b0\u01a1\u0300ng s\u1ebd \u0111i mua s\u1eafm t\u1ea1i m\u1ed9t trung t\u00e2m mua s\u1eafm, \u0111i xem phim ho\u1eb7c c\u00e1c s\u1ef1 ki\u1ec7n tr\u01b0\u1eddng h\u1ecdc theo nh\u00f3m.<\/p>\n<h3><strong>\u0110\u00ea\u0301n tr\u01b0\u01a1\u0300ng va\u0300 \u0111i la\u0300m th\u00eam<\/strong><\/h3>\n<p>Nh\u00e2\u0323n \u0111\u01b0\u1ee3c gi\u00e1o d\u1ee5c t\u1ed1t l\u00e0 \u0111i\u1ec1u quan tr\u1ecdng \u0111\u1ed1i v\u1edbi ph\u1ea7n l\u1edbn thanh thi\u1ebfu ni\u00ean v\u00e0 \u0111a s\u1ed1 thanh thi\u1ebfu ni\u00ean Canada t\u1ed1t nghi\u1ec7p trung h\u1ecdc ph\u1ed5 th\u00f4ng v\u00e0 mu\u1ed1n theo \u0111u\u1ed5i m\u1ed9t s\u1ed1 h\u00ecnh th\u1ee9c cu\u0309a gi\u00e1o d\u1ee5c sau trung h\u1ecdc. Thanh thi\u00ea\u0301u ni\u00ean da\u0300nh h\u00e2\u0300u h\u00ea\u0301t th\u01a1\u0300i gian \u01a1\u0309 tr\u01b0\u01a1\u0300ng t\u1eeb kho\u1ea3ng 9 gi\u01a1\u0300 sa\u0301ng \u2013 3 gi\u01a1\u0300 chi\u00ea\u0300u ca\u0301c nga\u0300y tu\u00e2\u0300n trong su\u00f4\u0301t n\u0103m ho\u0323c. Ngo\u00e0i ra, b\u00e0i t\u1eadp v\u1ec1 nh\u00e0 th\u01b0\u1eddng \u0111\u01b0\u1ee3c ph\u00e2n c\u00f4ng v\u00e0 h\u1ecdc sinh trung h\u1ecdc ph\u1ed5 th\u00f4ng Canada trung b\u00ecnh d\u1ef1 ki\u1ebfn s\u1ebd h\u1ecdc kho\u1ea3ng 1-2 gi\u1edd m\u1ed7i ng\u00e0y h\u1ecdc. Cho d\u00f9 th\u00f4ng qua c\u1ed9ng \u0111\u1ed3ng \u0111\u1ecba ph\u01b0\u01a1ng ho\u1eb7c tr\u01b0\u1eddng h\u1ecdc c\u1ee7a ca\u0301c em, thanh thi\u1ebfu ni\u00ean th\u01b0\u1eddng tham gia v\u00e0o nh\u00f3m co\u0301 t\u1ed5 ch\u1ee9c ho\u1eb7c c\u00e1c m\u00f4n th\u1ec3 thao c\u00e1 nh\u00e2n nh\u01b0 kh\u00fac c\u00f4n c\u1ea7u tr\u00ean m\u1eb7t b\u0103ng, b\u00f3ng \u0111\u00e1 ho\u1eb7c qu\u1ea7n v\u1ee3t v\u00e0 c\u00e1c ho\u1ea1t \u0111\u1ed9ng n\u00e0y s\u1ebd \u0111\u00f2i h\u1ecfi s\u1ef1 cam k\u1ebft c\u00e1 nh\u00e2n nghi\u00eam t\u00fac v\u00e0 th\u1eddi gian \u0111\u00e1ng k\u1ec3. \u0110i\u00ea\u0300u na\u0300y la\u0300 t\u01b0\u01a1ng t\u1ef1 cho nh\u01b0\u0303ng thanh thi\u1ebfu ni\u00ean y\u00eau thi\u0301ch \u00e2m nh\u1ea1c, k\u1ecbch hay khi\u00eau v\u0169. Nhi\u1ec1u thanh thi\u1ebfu ni\u00ean mong mu\u1ed1n ch\u01a1i \u0111\u1ec3 thi \u0111\u1ea5u \u0111\u00f2i h\u1ecfi th\u1eadm ch\u00ed s\u01b0\u0323 cam k\u00ea\u0301t m\u1ea1nh h\u01a1n; m\u1ed9t thanh thi\u1ebfu ni\u00ean th\u01b0\u01a1\u0300ng tham gia v\u00e0o nhi\u1ec1u ho\u1ea1t \u0111\u1ed9ng th\u00ea\u0309 thao v\u00e0\/ho\u1eb7c v\u0103n ho\u00e1 \u1edf m\u1ee9c \u0111\u1ed9 th\u00e0nh t\u00edch cao. \u00a0\u00a0Ngo\u00e0i c\u00e1c ho\u1ea1t \u0111\u1ed9ng t\u1ea1i c\u1ed9ng \u0111\u1ed3ng, g\u1ea7n nh\u01b0 t\u1ea5t c\u1ea3 c\u00e1c tr\u01b0\u1eddng trung h\u1ecdc \u1edf Canada \u0111\u1ec1u c\u00f3 s\u1ef1 l\u1ef1a ch\u1ecdn r\u1ed9ng r\u00e3i v\u00e0 \u0111a d\u1ea1ng v\u1ec1 c\u00e1c m\u00f4n th\u1ec3 thao sau gi\u1edd h\u1ecdc v\u00e0 c\u00e1c l\u1ef1a ch\u1ecdn ngo\u1ea1i kh\u00f3a. \u00a0Nh\u1eefng \u0111\u1ed9i, c\u00e2u l\u1ea1c b\u1ed9 v\u00e0 ho\u1ea1t \u0111\u1ed9ng n\u00e0y ph\u1ee5c v\u1ee5 cho c\u00e1c s\u1edf th\u00edch v\u00e0 m\u01b0\u0301c \u0111\u00f4\u0323 kh\u1ea3 n\u0103ng \u0111a d\u1ea1ng. \u00a0M\u1ed7i h\u1ecdc sinh \u0111\u00ea\u0300u c\u00f3 c\u01a1 h\u1ed9i tham gia.<\/p>\n<p>T\u00ecnh nguy\u1ec7n la\u0300 m\u00f4\u0323t ph\u1ea7n kh\u00e1c c\u1ee7a cu\u1ed9c s\u1ed1ng thanh thi\u1ebfu ni\u00ean. T\u1ea1i Ontario v\u00e0 m\u1ed9t s\u1ed1 t\u1ec9nh kh\u00e1c c\u1ee7a Canada, y\u00eau c\u1ea7u t\u1ed1t nghi\u1ec7p c\u1ee7a tr\u01b0\u1eddng l\u00e0 ph\u1ea3i ho\u00e0n th\u00e0nh s\u1ed1 l\u01b0\u01a1\u0323ng gi\u1edd ph\u1ee5c v\u1ee5 c\u1ed9ng \u0111\u1ed3ng c\u1ee5 th\u1ec3. Nhi\u1ec1u thanh thi\u1ebfu ni\u00ean ch\u1ecdn ho\u00e0n th\u00e0nh v\u01b0\u1ee3t s\u00f4\u0301 gi\u1edd t\u1ed1i thi\u1ec3u c\u1ea7n thi\u1ebft \u0111\u1ec3 t\u1ed1t nghi\u1ec7p.<\/p>\n<p>Nhi\u1ec1u thanh thi\u1ebfu ni\u00ean, \u0111\u1eb7c bi\u1ec7t l\u00e0 trong nh\u1eefng n\u0103m cu\u1ed1i trung h\u1ecdc, l\u00e0m vi\u1ec7c b\u00e1n th\u1eddi gian v\u00e0o cu\u1ed1i tu\u1ea7n v\u00e0 \u0111\u00f4i khi sau gi\u1edd h\u1ecdc v\u00e0o c\u00e1c ng\u00e0y trong tu\u1ea7n. Vi\u1ec7c l\u00e0m b\u00e1n th\u1eddi gian n\u00e0y th\u01b0\u1eddng l\u00e0 trong c\u00e1c ng\u00e0nh d\u1ecbch v\u1ee5 nh\u01b0 chu\u1ea9n b\u1ecb th\u1ee9c \u0103n ho\u1eb7c l\u00e0m vi\u1ec7c trong m\u1ed9t c\u1eeda h\u00e0ng b\u00e1n l\u1ebb, v\u00e0 c\u00f4ng vi\u1ec7c n\u00e0y \u0111\u01b0\u1ee3c phu\u0323 huynh khuy\u1ebfn kh\u00edch nh\u01b0 l\u00e0 m\u1ed9t c\u00e1ch \u0111\u1ec3 thanh thi\u1ebfu ni\u00ean c\u00f3 \u0111\u01b0\u1ee3c k\u1ef9 n\u0103ng l\u00e0m vi\u1ec7c v\u00e0 ki\u1ebfm thu nh\u1eadp. Nhi\u1ec1u ho\u0323c sinh bu\u1ed9c ph\u1ea3i l\u00e0m vi\u1ec7c \u0111\u1ec3 ti\u1ebft ki\u1ec7m cho gi\u00e1o d\u1ee5c sau trung h\u1ecdc v\u00ec h\u1ecdc cao \u0111\u0103\u0309ng v\u00e0 \u0111\u1ea1i h\u1ecdc kh\u00f4ng \u0111\u01b0\u01a1\u0323c mi\u1ec5n ph\u00ed \u1edf Canada.<\/p>\n<h4><strong>C\u00e2\u0300n th\u00eam th\u00f4ng tin v\u00ea\u0300 cu\u00f4\u0323c s\u00f4\u0301ng thanh thi\u00ea\u0301u ni\u00ean \u01a1\u0309 Canada kh\u00f4ng?<\/strong><\/h4>\n<ul>\n<li><a href=\"http:\/\/www.statcan.gc.ca\/pub\/75-001-x\/10507\/9635-eng.htm\" target=\"_blank\" rel=\"noopener\">Ch\u00ednh ph\u1ee7 Canada: The Busy Lives of Teens (Cu\u1ed9c s\u1ed1ng b\u1eadn r\u1ed9n c\u1ee7a thanh thi\u1ebfu ni\u00ean) (C\u01a1 quan Th\u1ed1ng k\u00ea Canada)<\/a><\/li>\n<li><a href=\"http:\/\/www.canada.com\/health\/Canadian+teens+most+satisfied+with+life\/1735878\/story.html\" target=\"_blank\" rel=\"noopener\">Canadian Teens Most Satisfied with Life (Thanh Thi\u00ea\u0301u Ni\u00ean Canada H\u00e2\u0300u H\u00ea\u0301t Ha\u0300i Lo\u0300ng v\u01a1\u0301i Cu\u00f4\u0323c S\u00f4\u0301ng cu\u0309a Mi\u0300nh)<\/a><\/li>\n<\/ul>\n<\/div>\n<\/div><\/div><\/div><\/div><\/div><\/div><\/div>","protected":false},"excerpt":{"rendered":"V\u0103n H\u00f3a Gi\u1edbi Tr\u1ebb \u1edf Ontario Trang Ch\u1ee7 V\u0103n H\u00f3a Gi\u1edbi Tr\u1ebb \u1edf Ontario V\u0103n H\u00f3a B\u1ea3n \u0110\u1ecba \u1edf Ontario V\u0103n H\u00f3a Gia \u0110\u00ecnh \u1edf Ontario V\u0103n H\u00f3a Kh\u1ed1i Ph\u00e1p Ng\u1eef \u1edf Ontario Map Overview District List Nh\u01b0\u0303ng thanh thi\u1ebfu ni\u00ean Canada c\u00f3 xu h\u01b0\u1edbng b\u1eadn r\u1ed9n v\u00e0 tham gia va\u0300o ho\u0323c \u1edf tr\u01b0\u1eddng h\u1ecdc,&#8230; <a class=\"view-article\" href=\"https:\/\/www.oasdi.ca\/vi\/living-in-ontario\/canadian-culture\/teen\/\">View Article<\/a>","protected":false},"author":237,"featured_media":18794,"parent":18370,"menu_order":0,"comment_status":"closed","ping_status":"closed","template":"","meta":{"footnotes":""},"class_list":["post-18919","page","type-page","status-publish","has-post-thumbnail","hentry"],"yoast_head":"<!-- This site is optimized with the Yoast SEO plugin v21.5 - https:\/\/yoast.com\/wordpress\/plugins\/seo\/ -->\n<title>V\u0103n H\u00f3a Gi\u1edbi Tr\u1ebb | Gi\u00e1o D\u1ee5c Qu\u1ed1c T\u1ebf \u1edf Ontario | OASDI<\/title>\n<meta name=\"description\" content=\"Gi\u1edbi tr\u1ebb Canada th\u01b0\u1eddng gi\u1eef sinh ho\u1ea1t b\u1eadn r\u1ed9n v\u1edbi vi\u1ec7c h\u1ecdc t\u1eadp v\u00e0 ho\u1ea1t \u0111\u1ed9ng x\u00e3 h\u1ed9i, ngo\u1ea1i kh\u00f3a v\u00e0 ho\u1ea1t \u0111\u1ed9ng kh\u00e1c. T\u00ecm hi\u1ec3u v\u1ec1 v\u0103n h\u00f3a gi\u1edbi tr\u1ebb Ontario \u1edf \u0111\u00e2y.\" \/>\n<meta name=\"robots\" content=\"index, follow, max-snippet:-1, max-image-preview:large, max-video-preview:-1\" \/>\n<link rel=\"canonical\" href=\"https:\/\/www.oasdi.ca\/vi\/living-in-ontario\/canadian-culture\/teen\/\" \/>\n<meta property=\"og:locale\" content=\"vi_VN\" \/>\n<meta property=\"og:type\" content=\"article\" \/>\n<meta property=\"og:title\" content=\"V\u0103n H\u00f3a Gi\u1edbi Tr\u1ebb | Gi\u00e1o D\u1ee5c Qu\u1ed1c T\u1ebf \u1edf Ontario | OASDI\" \/>\n<meta property=\"og:description\" content=\"Gi\u1edbi tr\u1ebb Canada th\u01b0\u1eddng gi\u1eef sinh ho\u1ea1t b\u1eadn r\u1ed9n v\u1edbi vi\u1ec7c h\u1ecdc t\u1eadp v\u00e0 ho\u1ea1t \u0111\u1ed9ng x\u00e3 h\u1ed9i, ngo\u1ea1i kh\u00f3a v\u00e0 ho\u1ea1t \u0111\u1ed9ng kh\u00e1c. T\u00ecm hi\u1ec3u v\u1ec1 v\u0103n h\u00f3a gi\u1edbi tr\u1ebb Ontario \u1edf \u0111\u00e2y.\" \/>\n<meta property=\"og:url\" content=\"https:\/\/www.oasdi.ca\/vi\/living-in-ontario\/canadian-culture\/teen\/\" \/>\n<meta property=\"og:site_name\" content=\"OASDI\" \/>\n<meta property=\"article:modified_time\" content=\"2020-04-19T19:01:14+00:00\" \/>\n<meta property=\"og:image\" content=\"https:\/\/www.oasdi.ca\/wp-content\/uploads\/2020\/03\/onatrio-canada.jpg\" \/>\n\t<meta property=\"og:image:width\" content=\"1440\" \/>\n\t<meta property=\"og:image:height\" content=\"268\" \/>\n\t<meta property=\"og:image:type\" content=\"image\/jpeg\" \/>\n<meta name=\"twitter:card\" content=\"summary_large_image\" \/>\n<meta name=\"twitter:label1\" content=\"Est. reading time\" \/>\n\t<meta name=\"twitter:data1\" content=\"6 minutes\" \/>\n<script type=\"application\/ld+json\" class=\"yoast-schema-graph\">{\"@context\":\"https:\/\/schema.org\",\"@graph\":[{\"@type\":\"WebPage\",\"@id\":\"https:\/\/www.oasdi.ca\/vi\/living-in-ontario\/canadian-culture\/teen\/\",\"url\":\"https:\/\/www.oasdi.ca\/vi\/living-in-ontario\/canadian-culture\/teen\/\",\"name\":\"V\u0103n H\u00f3a Gi\u1edbi Tr\u1ebb | Gi\u00e1o D\u1ee5c Qu\u1ed1c T\u1ebf \u1edf Ontario | OASDI\",\"isPartOf\":{\"@id\":\"https:\/\/www.oasdi.ca\/vi\/#website\"},\"datePublished\":\"2020-03-22T15:52:12+00:00\",\"dateModified\":\"2020-04-19T19:01:14+00:00\",\"description\":\"Gi\u1edbi tr\u1ebb Canada th\u01b0\u1eddng gi\u1eef sinh ho\u1ea1t b\u1eadn r\u1ed9n v\u1edbi vi\u1ec7c h\u1ecdc t\u1eadp v\u00e0 ho\u1ea1t \u0111\u1ed9ng x\u00e3 h\u1ed9i, ngo\u1ea1i kh\u00f3a v\u00e0 ho\u1ea1t \u0111\u1ed9ng kh\u00e1c. T\u00ecm hi\u1ec3u v\u1ec1 v\u0103n h\u00f3a gi\u1edbi tr\u1ebb Ontario \u1edf \u0111\u00e2y.\",\"breadcrumb\":{\"@id\":\"https:\/\/www.oasdi.ca\/vi\/living-in-ontario\/canadian-culture\/teen\/#breadcrumb\"},\"inLanguage\":\"vi-VN\",\"potentialAction\":[{\"@type\":\"ReadAction\",\"target\":[\"https:\/\/www.oasdi.ca\/vi\/living-in-ontario\/canadian-culture\/teen\/\"]}]},{\"@type\":\"BreadcrumbList\",\"@id\":\"https:\/\/www.oasdi.ca\/vi\/living-in-ontario\/canadian-culture\/teen\/#breadcrumb\",\"itemListElement\":[{\"@type\":\"ListItem\",\"position\":1,\"name\":\"Trang Ch\u1ee7\",\"item\":\"https:\/\/www.oasdi.ca\/vi\/\"},{\"@type\":\"ListItem\",\"position\":2,\"name\":\"S\u1ed1ng \u1edf Ontario V\u1edbi T\u01b0 C\u00e1ch L\u00e0 H\u1ecdc Sinh Qu\u1ed1c T\u1ebf\",\"item\":\"https:\/\/www.oasdi.ca\/vi\/living-in-ontario\/\"},{\"@type\":\"ListItem\",\"position\":3,\"name\":\"V\u0103n H\u00f3a Canada\",\"item\":\"https:\/\/www.oasdi.ca\/vi\/living-in-ontario\/canadian-culture\/\"},{\"@type\":\"ListItem\",\"position\":4,\"name\":\"V\u0103n H\u00f3a Gi\u1edbi Tr\u1ebb \u1edf Ontario\"}]},{\"@type\":\"WebSite\",\"@id\":\"https:\/\/www.oasdi.ca\/vi\/#website\",\"url\":\"https:\/\/www.oasdi.ca\/vi\/\",\"name\":\"OASDI\",\"description\":\"Ontario Association of School District International\",\"publisher\":{\"@id\":\"https:\/\/www.oasdi.ca\/vi\/#organization\"},\"potentialAction\":[{\"@type\":\"SearchAction\",\"target\":{\"@type\":\"EntryPoint\",\"urlTemplate\":\"https:\/\/www.oasdi.ca\/vi\/?s={search_term_string}\"},\"query-input\":\"required name=search_term_string\"}],\"inLanguage\":\"vi-VN\"},{\"@type\":\"Organization\",\"@id\":\"https:\/\/www.oasdi.ca\/vi\/#organization\",\"name\":\"OASDI\",\"url\":\"https:\/\/www.oasdi.ca\/vi\/\",\"logo\":{\"@type\":\"ImageObject\",\"inLanguage\":\"vi-VN\",\"@id\":\"https:\/\/www.oasdi.ca\/vi\/#\/schema\/logo\/image\/\",\"url\":\"https:\/\/www.oasdi.ca\/wp-content\/uploads\/2020\/02\/cropped-oasdi-logo.png\",\"contentUrl\":\"https:\/\/www.oasdi.ca\/wp-content\/uploads\/2020\/02\/cropped-oasdi-logo.png\",\"width\":468,\"height\":96,\"caption\":\"OASDI\"},\"image\":{\"@id\":\"https:\/\/www.oasdi.ca\/vi\/#\/schema\/logo\/image\/\"}}]}<\/script>\n<!-- \/ Yoast SEO plugin. -->","yoast_head_json":{"title":"V\u0103n H\u00f3a Gi\u1edbi Tr\u1ebb | Gi\u00e1o D\u1ee5c Qu\u1ed1c T\u1ebf \u1edf Ontario | OASDI","description":"Gi\u1edbi tr\u1ebb Canada th\u01b0\u1eddng gi\u1eef sinh ho\u1ea1t b\u1eadn r\u1ed9n v\u1edbi vi\u1ec7c h\u1ecdc t\u1eadp v\u00e0 ho\u1ea1t \u0111\u1ed9ng x\u00e3 h\u1ed9i, ngo\u1ea1i kh\u00f3a v\u00e0 ho\u1ea1t \u0111\u1ed9ng kh\u00e1c. T\u00ecm hi\u1ec3u v\u1ec1 v\u0103n h\u00f3a gi\u1edbi tr\u1ebb Ontario \u1edf \u0111\u00e2y.","robots":{"index":"index","follow":"follow","max-snippet":"max-snippet:-1","max-image-preview":"max-image-preview:large","max-video-preview":"max-video-preview:-1"},"canonical":"https:\/\/www.oasdi.ca\/vi\/living-in-ontario\/canadian-culture\/teen\/","og_locale":"vi_VN","og_type":"article","og_title":"V\u0103n H\u00f3a Gi\u1edbi Tr\u1ebb | Gi\u00e1o D\u1ee5c Qu\u1ed1c T\u1ebf \u1edf Ontario | OASDI","og_description":"Gi\u1edbi tr\u1ebb Canada th\u01b0\u1eddng gi\u1eef sinh ho\u1ea1t b\u1eadn r\u1ed9n v\u1edbi vi\u1ec7c h\u1ecdc t\u1eadp v\u00e0 ho\u1ea1t \u0111\u1ed9ng x\u00e3 h\u1ed9i, ngo\u1ea1i kh\u00f3a v\u00e0 ho\u1ea1t \u0111\u1ed9ng kh\u00e1c. T\u00ecm hi\u1ec3u v\u1ec1 v\u0103n h\u00f3a gi\u1edbi tr\u1ebb Ontario \u1edf \u0111\u00e2y.","og_url":"https:\/\/www.oasdi.ca\/vi\/living-in-ontario\/canadian-culture\/teen\/","og_site_name":"OASDI","article_modified_time":"2020-04-19T19:01:14+00:00","og_image":[{"width":1440,"height":268,"url":"https:\/\/www.oasdi.ca\/wp-content\/uploads\/2020\/03\/onatrio-canada.jpg","type":"image\/jpeg"}],"twitter_card":"summary_large_image","twitter_misc":{"Est. reading time":"6 minutes"},"schema":{"@context":"https:\/\/schema.org","@graph":[{"@type":"WebPage","@id":"https:\/\/www.oasdi.ca\/vi\/living-in-ontario\/canadian-culture\/teen\/","url":"https:\/\/www.oasdi.ca\/vi\/living-in-ontario\/canadian-culture\/teen\/","name":"V\u0103n H\u00f3a Gi\u1edbi Tr\u1ebb | Gi\u00e1o D\u1ee5c Qu\u1ed1c T\u1ebf \u1edf Ontario | OASDI","isPartOf":{"@id":"https:\/\/www.oasdi.ca\/vi\/#website"},"datePublished":"2020-03-22T15:52:12+00:00","dateModified":"2020-04-19T19:01:14+00:00","description":"Gi\u1edbi tr\u1ebb Canada th\u01b0\u1eddng gi\u1eef sinh ho\u1ea1t b\u1eadn r\u1ed9n v\u1edbi vi\u1ec7c h\u1ecdc t\u1eadp v\u00e0 ho\u1ea1t \u0111\u1ed9ng x\u00e3 h\u1ed9i, ngo\u1ea1i kh\u00f3a v\u00e0 ho\u1ea1t \u0111\u1ed9ng kh\u00e1c. T\u00ecm hi\u1ec3u v\u1ec1 v\u0103n h\u00f3a gi\u1edbi tr\u1ebb Ontario \u1edf \u0111\u00e2y.","breadcrumb":{"@id":"https:\/\/www.oasdi.ca\/vi\/living-in-ontario\/canadian-culture\/teen\/#breadcrumb"},"inLanguage":"vi-VN","potentialAction":[{"@type":"ReadAction","target":["https:\/\/www.oasdi.ca\/vi\/living-in-ontario\/canadian-culture\/teen\/"]}]},{"@type":"BreadcrumbList","@id":"https:\/\/www.oasdi.ca\/vi\/living-in-ontario\/canadian-culture\/teen\/#breadcrumb","itemListElement":[{"@type":"ListItem","position":1,"name":"Trang Ch\u1ee7","item":"https:\/\/www.oasdi.ca\/vi\/"},{"@type":"ListItem","position":2,"name":"S\u1ed1ng \u1edf Ontario V\u1edbi T\u01b0 C\u00e1ch L\u00e0 H\u1ecdc Sinh Qu\u1ed1c T\u1ebf","item":"https:\/\/www.oasdi.ca\/vi\/living-in-ontario\/"},{"@type":"ListItem","position":3,"name":"V\u0103n H\u00f3a Canada","item":"https:\/\/www.oasdi.ca\/vi\/living-in-ontario\/canadian-culture\/"},{"@type":"ListItem","position":4,"name":"V\u0103n H\u00f3a Gi\u1edbi Tr\u1ebb \u1edf Ontario"}]},{"@type":"WebSite","@id":"https:\/\/www.oasdi.ca\/vi\/#website","url":"https:\/\/www.oasdi.ca\/vi\/","name":"OASDI","description":"Ontario Association of School District International","publisher":{"@id":"https:\/\/www.oasdi.ca\/vi\/#organization"},"potentialAction":[{"@type":"SearchAction","target":{"@type":"EntryPoint","urlTemplate":"https:\/\/www.oasdi.ca\/vi\/?s={search_term_string}"},"query-input":"required name=search_term_string"}],"inLanguage":"vi-VN"},{"@type":"Organization","@id":"https:\/\/www.oasdi.ca\/vi\/#organization","name":"OASDI","url":"https:\/\/www.oasdi.ca\/vi\/","logo":{"@type":"ImageObject","inLanguage":"vi-VN","@id":"https:\/\/www.oasdi.ca\/vi\/#\/schema\/logo\/image\/","url":"https:\/\/www.oasdi.ca\/wp-content\/uploads\/2020\/02\/cropped-oasdi-logo.png","contentUrl":"https:\/\/www.oasdi.ca\/wp-content\/uploads\/2020\/02\/cropped-oasdi-logo.png","width":468,"height":96,"caption":"OASDI"},"image":{"@id":"https:\/\/www.oasdi.ca\/vi\/#\/schema\/logo\/image\/"}}]}},"_links":{"self":[{"href":"https:\/\/www.oasdi.ca\/vi\/wp-json\/wp\/v2\/pages\/18919"}],"collection":[{"href":"https:\/\/www.oasdi.ca\/vi\/wp-json\/wp\/v2\/pages"}],"about":[{"href":"https:\/\/www.oasdi.ca\/vi\/wp-json\/wp\/v2\/types\/page"}],"author":[{"embeddable":true,"href":"https:\/\/www.oasdi.ca\/vi\/wp-json\/wp\/v2\/users\/237"}],"replies":[{"embeddable":true,"href":"https:\/\/www.oasdi.ca\/vi\/wp-json\/wp\/v2\/comments?post=18919"}],"version-history":[{"count":0,"href":"https:\/\/www.oasdi.ca\/vi\/wp-json\/wp\/v2\/pages\/18919\/revisions"}],"up":[{"embeddable":true,"href":"https:\/\/www.oasdi.ca\/vi\/wp-json\/wp\/v2\/pages\/18370"}],"wp:featuredmedia":[{"embeddable":true,"href":"https:\/\/www.oasdi.ca\/vi\/wp-json\/wp\/v2\/media\/18794"}],"wp:attachment":[{"href":"https:\/\/www.oasdi.ca\/vi\/wp-json\/wp\/v2\/media?parent=18919"}],"curies":[{"name":"wp","href":"https:\/\/api.w.org\/{rel}","templated":true}]}}