{"id":18793,"date":"2020-03-22T15:41:11","date_gmt":"2020-03-22T15:41:11","guid":{"rendered":"http:\/\/oasdi.ca\/living-in-ontario\/canadian-culture\/francophone\/"},"modified":"2020-04-18T13:42:34","modified_gmt":"2020-04-18T13:42:34","slug":"francophone","status":"publish","type":"page","link":"https:\/\/www.oasdi.ca\/vi\/living-in-ontario\/canadian-culture\/francophone\/","title":{"rendered":"V\u0103n H\u00f3a Kh\u1ed1i Ph\u00e1p Ng\u1eef \u1edf Ontario"},"content":{"rendered":"<div id=\"pl-18793\"  class=\"panel-layout\" ><div id=\"pg-18793-0\"  class=\"panel-grid panel-no-style\" ><div id=\"pgc-18793-0-0\"  class=\"panel-grid-cell\" ><div id=\"panel-18793-0-0-0\" class=\"so-panel widget widget_sow-image panel-first-child panel-last-child\" data-index=\"0\" ><div class=\"is-featured-img panel-widget-style panel-widget-style-for-18793-0-0-0\" ><div\n\t\t\t\n\t\t\tclass=\"so-widget-sow-image so-widget-sow-image-default-c4f6304fc136-18793\"\n\t\t\t\n\t\t>\n\n<div class=\"sow-image-container\">\n\t\t<img loading=\"lazy\" decoding=\"async\" src=\"https:\/\/www.oasdi.ca\/wp-content\/uploads\/2020\/03\/onatrio-canada.jpg\" width=\"1440\" height=\"268\" srcset=\"https:\/\/www.oasdi.ca\/wp-content\/uploads\/2020\/03\/onatrio-canada.jpg 1440w, https:\/\/www.oasdi.ca\/wp-content\/uploads\/2020\/03\/onatrio-canada-250x47.jpg 250w, https:\/\/www.oasdi.ca\/wp-content\/uploads\/2020\/03\/onatrio-canada-700x130.jpg 700w, https:\/\/www.oasdi.ca\/wp-content\/uploads\/2020\/03\/onatrio-canada-768x143.jpg 768w, https:\/\/www.oasdi.ca\/wp-content\/uploads\/2020\/03\/onatrio-canada-500x93.jpg 500w, https:\/\/www.oasdi.ca\/wp-content\/uploads\/2020\/03\/onatrio-canada-120x22.jpg 120w\" sizes=\"(max-width: 1440px) 100vw, 1440px\" title=\"onatrio canada\" alt=\"\" \t\tclass=\"so-widget-image\"\/>\n\t<\/div>\n\n<\/div><\/div><\/div><\/div><\/div><div id=\"pg-18793-1\"  class=\"panel-grid panel-has-style\" ><div class=\"has-container panel-row-style panel-row-style-for-18793-1\" ><div id=\"pgc-18793-1-0\"  class=\"panel-grid-cell\" ><div id=\"panel-18793-1-0-0\" class=\"so-panel widget widget_hem-seo-title-widget panel-first-child panel-last-child\" data-index=\"1\" ><div class=\"panel-widget-style panel-widget-style-for-18793-1-0-0\" ><div\n\t\t\t\n\t\t\tclass=\"so-widget-hem-seo-title-widget so-widget-hem-seo-title-widget-hem-seo-title-widget-style-d75171398898-18793\"\n\t\t\t\n\t\t>\n<h1 style=\"font-size:px;\">V\u0103n H\u00f3a Kh\u1ed1i Ph\u00e1p Ng\u1eef \u1edf Ontario<\/h1>\n\n\n\n\t<!-- <div class=\"breadcrumb-trail\"><a href=\"index.php\">Home<\/a> \u00bb <span class=\"breadcrumb-current\">About<\/span><\/div> -->\n\t<div class=\"test1\"><span><span><a href=\"https:\/\/www.oasdi.ca\/vi\/\">Trang Ch\u1ee7<\/a><\/span><\/span><\/div>\n<\/div><\/div><\/div><\/div><\/div><\/div><div id=\"pg-18793-2\"  class=\"panel-grid panel-has-style\" ><div class=\"has-container panel-row-style panel-row-style-for-18793-2\" ><div id=\"pgc-18793-2-0\"  class=\"panel-grid-cell\" ><div id=\"panel-18793-2-0-0\" class=\"so-panel widget widget_hem-sidebar-menu-widget panel-first-child\" data-index=\"2\" ><div\n\t\t\t\n\t\t\tclass=\"so-widget-hem-sidebar-menu-widget so-widget-hem-sidebar-menu-widget-hem-sidebar-menu-widget-style-d75171398898-18793\"\n\t\t\t\n\t\t><div id=\"sidebar\">\n\t\t\t<ul id=\"side-menu\" class=\"side-menu menu-embedded\">\n\t\t\t\n\t\t\t\t\t\t\t\t\n\t\t\t\t\t\t\t\t\t\t\t<li><a href=\"https:\/\/www.oasdi.ca\/vi\/living-in-ontario\/canadian-culture\/teen\/\">V\u0103n H\u00f3a Gi\u1edbi Tr\u1ebb \u1edf Ontario<\/a><\/li>\n\t\t\t\t\t\t\t\t\t\t\t\t\t\n\t\t\t\t\t\t\t\t\t\t\t<li><a href=\"https:\/\/www.oasdi.ca\/vi\/living-in-ontario\/canadian-culture\/indigenous\/\">V\u0103n H\u00f3a B\u1ea3n \u0110\u1ecba \u1edf Ontario<\/a><\/li>\n\t\t\t\t\t\t\t\t\t\t\t\t\t\n\t\t\t\t\t\t\t\t\t\t\t<li><a href=\"https:\/\/www.oasdi.ca\/vi\/living-in-ontario\/canadian-culture\/home\/\">V\u0103n H\u00f3a Gia \u0110\u00ecnh \u1edf Ontario<\/a><\/li>\n\t\t\t\t\t\t\t\t\t\t\t\t\t\n\t\t\t\t\t\t\t\t\t\t\t<li><a class=\"active\" href=\"https:\/\/www.oasdi.ca\/vi\/living-in-ontario\/canadian-culture\/francophone\/\">V\u0103n H\u00f3a Kh\u1ed1i Ph\u00e1p Ng\u1eef \u1edf Ontario<\/a><\/li>\n\t\t\t\t\t\t\t\t\t\t\n\n\t\t\t\t<!-- Extra menu -->\n\t\t\t\t\n\n\n\t\t\t\t\t<\/ul>\n\t\n\n<\/div><\/div><\/div><div id=\"panel-18793-2-0-1\" class=\"so-panel widget widget_hem-sidebar-link-widget panel-last-child\" data-index=\"3\" ><div\n\t\t\t\n\t\t\tclass=\"so-widget-hem-sidebar-link-widget so-widget-hem-sidebar-link-widget-hem-sidebar-link-widget-style-d75171398898-18793\"\n\t\t\t\n\t\t><div id=\"sidebar\" class=\"external-link-only\">\n\n\n\n\t\t\t\t<!-- Extra menu -->\n\t\t\t\t\t\t\t\t\t<ul id=\"side-menu\" class=\"side-menu menu-embedded\">\n\t\t\t\t\t\t\t\t\t\t\t\t\t\t\t\t\t\t\t\t\t<li><a  href=\"https:\/\/www.oasdi.ca\/map-search\/\">Map Overview<\/a><\/li>\n\t\t\t\t\t\t\t\t\t\t\t\t\t\t\n\t\t\t\t\t\t\t\t\t\t\t\t\t\t\t\t\t\t\t\t\t<li><a  href=\"https:\/\/www.oasdi.ca\/district-list\/\">District List<\/a><\/li>\n\t\t\t\t\t\t\t\t\t\t\t\t\t\t\n\t\t\t\t\t\t\t\n\t\t\t\t\t<\/ul>\n\t\t\t\t\n\t\t\t\t\n\n\n\n\n<\/div><\/div><\/div><\/div><div id=\"pgc-18793-2-1\"  class=\"panel-grid-cell\" ><div class=\"pl-sm-3 pl-md-5 panel-cell-style panel-cell-style-for-18793-2-1\" ><div id=\"panel-18793-2-1-0\" class=\"so-panel widget widget_sow-editor panel-first-child panel-last-child\" data-index=\"4\" ><div\n\t\t\t\n\t\t\tclass=\"so-widget-sow-editor so-widget-sow-editor-base\"\n\t\t\t\n\t\t>\n<div class=\"siteorigin-widget-tinymce textwidget\">\n\t<div id=\"secondary-right-inner\">\n<p>V\u0103n ho\u00e1 Ph\u00e1p Ng\u1eef v\u00e0 vi\u1ec7c s\u1eed d\u1ee5ng ti\u1ebfng Ph\u00e1p c\u00f3 l\u1ecbch s\u1eed l\u00e2u \u0111\u1eddi v\u00e0 quan tr\u1ecdng \u1edf Ontario. \u00a0Trong khi m\u1ed9t s\u1ed1 l\u01b0\u1ee3ng l\u1edbn ng\u01b0\u1eddi d\u00e2n \u1edf Ontario th\u00f4ng th\u1ea1o n\u00f3i v\u00e0 vi\u1ebft ti\u1ebfng Ph\u00e1p, th\u00ec h\u01a1n 600.000 ng\u01b0\u1eddi t\u1ef1 x\u00e1c \u0111\u1ecbnh m\u00ecnh l\u00e0 ng\u01b0\u1eddi Ontario g\u1ed1c Ph\u00e1p, ngh\u0129a l\u00e0 h\u1ecd n\u00f3i ti\u1ebfng Ph\u00e1p nh\u01b0 m\u1ed9t ng\u00f4n ng\u1eef th\u1ee9 nh\u1ea5t v\u00e0 l\u00e0 c\u01b0 d\u00e2n c\u1ee7a Ontario<\/p>\n<p>C\u00f3 kho\u1ea3ng 80% ng\u01b0\u1eddi Ontario g\u1ed1c Ph\u00e1p sinh ra \u1edf Ontario ho\u1eb7c t\u1ec9nh l\u00e2n c\u1eadn l\u00e0 Quebec.\u00a0\u00a0 G\u1ea7n 20% C\u1ed9ng \u0110\u1ed3ng Ph\u00e1p Ng\u1eef \u1edf Ontario sinh ra b\u00ean ngo\u00e0i Canada, v\u00e0 s\u1ef1 di d\u00e2n t\u1eeb c\u00e1c khu v\u1ef1c kh\u00e1c nhau tr\u00ean th\u1ebf gi\u1edbi nh\u01b0 Ch\u00e2u Phi, Ch\u00e2u \u00c2u v\u00e0 Caribean \u0111\u00e3 l\u00e0m t\u0103ng s\u1ef1 \u0111a d\u1ea1ng c\u1ee7a c\u1ed9ng \u0111\u1ed3ng Ph\u00e1p Ng\u1eef \u1edf Ontario.\u00a0 C\u00e1c tr\u01b0\u1eddng h\u1ecdc d\u1ea1y Ph\u00e1p Ng\u1eef ho\u1ea1t \u0111\u1ed9ng nh\u01b0 l\u00e0 m\u1ed9t trung t\u00e2m \u0111\u1ec3 mang C\u1ed9ng \u0110\u1ed3ng Ph\u00e1p Ng\u1eef l\u1ea1i g\u1ea7n v\u1edbi nhau qua c\u00e1c li\u00ean k\u1ebft ng\u00f4n ng\u1eef chung.<\/p>\n<p>Ng\u01b0\u1eddi Ontarians g\u1ed1c Ph\u00e1p s\u1ed1ng nhi\u1ec1u nh\u1ea5t \u1edf \u0110\u00f4ng Canada, \u0111\u1eb7c bi\u1ec7t l\u00e0 \u1edf Ottawa v\u00e0 Cornwall, v\u00e0 c\u00e1c c\u1ed9ng \u0111\u1ed3ng xung quanh.\u00a0 S\u1ed1 l\u01b0\u1ee3ng d\u00e2n l\u1edbn th\u1ee9 hai c\u1ee7a ng\u01b0\u1eddi Ontario g\u1ed1c Ph\u00e1p s\u1ed1ng \u1edf Trung T\u00e2m Ontario, bao g\u1ed3m c\u00e1c th\u00e0nh ph\u1ed1 nh\u01b0 Windsor v\u00e0 Welland.\u00a0 M\u1ed9t s\u1ed1 c\u1ed9ng \u0111\u1ed3ng Ontario \u1edf mi\u1ec1n b\u1eafc c\u00f3 s\u1ed1 l\u01b0\u1ee3ng l\u1edbn ng\u01b0\u1eddi d\u00e2n n\u00f3i ti\u1ebfng Ph\u00e1p \u1edf nh\u1eefng \u0111\u1ecba \u0111i\u1ec3m nh\u01b0 Sudbury, North Bay v\u00e0 Timmins.<\/p>\n<p>V\u0103n ho\u00e1 Ph\u00e1p Ng\u1eef ph\u00e1t tri\u1ec3n m\u1ea1nh \u1edf Ontario v\u00e0 \u0111\u01b0\u1ee3c h\u1ed7 tr\u1ee3 th\u00f4ng qua nhi\u1ec1u l\u1ec5 h\u1ed9i v\u00e0 trong ngh\u1ec7 thu\u1eadt s\u1ed1ng \u0111\u1ed9ng.\u00a0 M\u1ed9t s\u1ed1 s\u1ef1 ki\u1ec7n quy m\u00f4 nh\u1ea5t th\u1ec3 hi\u1ec7n \u0111\u1eb7c tr\u01b0ng v\u0103n ho\u00e1 C\u1ed9ng \u0110\u1ed3ng Ontario g\u1ed1c Ph\u00e1p bao g\u1ed3m\u00a0\u00a0<a href=\"http:\/\/ffo.ca\/index.php\/en\/program\" target=\"_blank\" rel=\"noopener\"><em>Franco-Ontarian Festival (L\u1ec5 H\u1ed9i C\u1ed9ng \u0110\u1ed3ng Ontario g\u1ed1c Ph\u00e1p)<\/em><\/a>\u00a0\u1edf Ottawa,\u00a0<a href=\"http:\/\/www.franco-fete.ca\/\" target=\"_blank\" rel=\"noopener\"><em>Franco-F\u00eate<\/em><\/a>\u00a0\u1edf Toronto, v\u00e0\u00a0<a href=\"http:\/\/www.lanuit.ca\/\" target=\"_blank\" rel=\"noopener\"><em>La Nuit sur l\u2019\u00c9tang<\/em><\/a>\u00a0(b\u1eb1ng ti\u1ebfng Ph\u00e1p) \u1edf Sudbury.\u00a0 V\u0103n ho\u00e1 Ph\u00e1p Ng\u1eef c\u0169ng \u0111\u01b0\u1ee3c th\u1ec3 hi\u1ec7n r\u00f5 n\u00e9t \u1edf s\u1ed1 l\u01b0\u1ee3ng c\u00e1c h\u00e3ng ph\u00e1t thanh, truy\u1ec1n h\u00ecnh v\u00e0 c\u00e1c t\u1edd b\u00e1o Ph\u00e1p Ng\u1eef, c\u0169ng nh\u01b0 trong \u00e2m nh\u1ea1c, khi\u00eau v\u0169 v\u00e0 c\u00e1c m\u00f4n ngh\u1ec7 thu\u1eadt kh\u00e1c. \u00a0M\u1ed9t s\u1ed1 m\u00f3n \u0103n c\u00f3 ngu\u1ed3n g\u1ed1c t\u1eeb c\u00e1ch n\u1ea5u \u0103n truy\u1ec1n th\u1ed1ng c\u1ee7a ng\u01b0\u1eddi Canada g\u1ed1c Ph\u00e1p hi\u1ec7n nay l\u00e0 c\u00e1c m\u00f3n \u0103n \u1ea9m th\u1ef1c ch\u00ednh th\u1ed1ng, bao g\u1ed3m tourti\u00e8re (b\u00e1nh nh\u00e2n th\u1ecbt), poutine (khoai t\u00e2y chi\u00ean v\u1edbi n\u01b0\u1edbc s\u1ed1t th\u1ecbt b\u00f2 v\u00e0 pho m\u00e1t theo ki\u1ec3u Ph\u00e1p).<\/p>\n<p><strong><em>B\u1ea1n c\u1ea7n th\u00eam th\u00f4ng tin v\u00ea\u0300 v\u0103n ho\u0301a Pha\u0301p Ng\u01b0\u0303 \u1edf Ontario?<\/em><\/strong><\/p>\n<ul>\n<li style=\"list-style-type: none;\">\n<ul>\n<li><a href=\"http:\/\/www.ontarioimmigration.ca\/en\/living\/OI_HOW_LIVE_FRENCH_CULTURE.html\" target=\"_blank\" rel=\"noopener\">http:\/\/www.ontarioimmigration.ca\/en\/living\/OI_HOW_LIVE_FRENCH_CULTURE.html<\/a><\/li>\n<li><a href=\"http:\/\/francoculture.ca\/\" target=\"_blank\" rel=\"noopener\">http:\/\/francoculture.ca<\/a><\/li>\n<li><a href=\"http:\/\/www.heritagetrust.on.ca\/corporatesite\/media\/oht\/pdfs\/hm-se-may-2012-eng.pdf\" target=\"_blank\" rel=\"noopener\">http:\/\/www.heritagetrust.on.ca\/corporatesite\/media\/oht\/pdfs\/hm-se-may-2012-eng.pdf<\/a><\/li>\n<li><a href=\"https:\/\/www.ontario.ca\/page\/franco-ontarian-history\" target=\"_blank\" rel=\"noopener\">https:\/\/www.ontario.ca\/page\/franco-ontarian-history<\/a><\/li>\n<li><a href=\"http:\/\/www.elfontario.ca\/index_en.html\" target=\"_blank\" rel=\"noopener\">http:\/\/www.elfontario.ca\/index_en.html<\/a><\/li>\n<li><a href=\"http:\/\/profils.fcfa.ca\/en\/Francophone-Diversity_318\" target=\"_blank\" rel=\"noopener\">http:\/\/profils.fcfa.ca\/en\/Francophone-Diversity_318<\/a><\/li>\n<li><a href=\"https:\/\/en.wikipedia.org\/wiki\/Franco-Ontarian\" target=\"_blank\" rel=\"noopener\">https:\/\/en.wikipedia.org\/wiki\/Franco-Ontarian<\/a><\/li>\n<\/ul>\n<\/li>\n<\/ul>\n<\/div>\n<\/div>\n<\/div><\/div><\/div><\/div><\/div><\/div><\/div>","protected":false},"excerpt":{"rendered":"V\u0103n H\u00f3a Kh\u1ed1i Ph\u00e1p Ng\u1eef \u1edf Ontario Trang Ch\u1ee7 V\u0103n H\u00f3a Gi\u1edbi Tr\u1ebb \u1edf Ontario V\u0103n H\u00f3a B\u1ea3n \u0110\u1ecba \u1edf Ontario V\u0103n H\u00f3a Gia \u0110\u00ecnh \u1edf Ontario V\u0103n H\u00f3a Kh\u1ed1i Ph\u00e1p Ng\u1eef \u1edf Ontario Map Overview District List V\u0103n ho\u00e1 Ph\u00e1p Ng\u1eef v\u00e0 vi\u1ec7c s\u1eed d\u1ee5ng ti\u1ebfng Ph\u00e1p c\u00f3 l\u1ecbch s\u1eed l\u00e2u \u0111\u1eddi v\u00e0 quan&#8230; <a class=\"view-article\" href=\"https:\/\/www.oasdi.ca\/vi\/living-in-ontario\/canadian-culture\/francophone\/\">View Article<\/a>","protected":false},"author":237,"featured_media":18371,"parent":18370,"menu_order":0,"comment_status":"closed","ping_status":"closed","template":"","meta":{"footnotes":""},"class_list":["post-18793","page","type-page","status-publish","has-post-thumbnail","hentry"],"yoast_head":"<!-- This site is optimized with the Yoast SEO plugin v21.5 - https:\/\/yoast.com\/wordpress\/plugins\/seo\/ -->\n<title>V\u0103n H\u00f3a Kh\u1ed1i Ph\u00e1p Ng\u1eef \u1edf Ontario | Gi\u00e1o D\u1ee5c Qu\u1ed1c T\u1ebf<\/title>\n<meta name=\"description\" content=\"V\u0103n h\u00f3a kh\u1ed1i Ph\u00e1p ng\u1eef \u1edf Ontario c\u00f3 l\u1ecbch s\u1eed l\u00e2u d\u00e0i h\u00e0ng tr\u0103m n\u0103m v\u00e0 \u0111\u01b0\u1ee3c qu\u00fd tr\u1ecdng. T\u00ecm hi\u1ec3u th\u00f4ng tin v\u1ec1 ng\u01b0\u1eddi Ontario n\u00f3i ti\u1ebfng Ph\u00e1p v\u00e0 l\u1ecbch s\u1eed c\u1ee7a h\u1ecd \u1edf \u0111\u00e2y.\" \/>\n<meta name=\"robots\" content=\"index, follow, max-snippet:-1, max-image-preview:large, max-video-preview:-1\" \/>\n<link rel=\"canonical\" href=\"https:\/\/www.oasdi.ca\/vi\/living-in-ontario\/canadian-culture\/francophone\/\" \/>\n<meta property=\"og:locale\" content=\"vi_VN\" \/>\n<meta property=\"og:type\" content=\"article\" \/>\n<meta property=\"og:title\" content=\"V\u0103n H\u00f3a Kh\u1ed1i Ph\u00e1p Ng\u1eef \u1edf Ontario | Gi\u00e1o D\u1ee5c Qu\u1ed1c T\u1ebf\" \/>\n<meta property=\"og:description\" content=\"V\u0103n h\u00f3a kh\u1ed1i Ph\u00e1p ng\u1eef \u1edf Ontario c\u00f3 l\u1ecbch s\u1eed l\u00e2u d\u00e0i h\u00e0ng tr\u0103m n\u0103m v\u00e0 \u0111\u01b0\u1ee3c qu\u00fd tr\u1ecdng. T\u00ecm hi\u1ec3u th\u00f4ng tin v\u1ec1 ng\u01b0\u1eddi Ontario n\u00f3i ti\u1ebfng Ph\u00e1p v\u00e0 l\u1ecbch s\u1eed c\u1ee7a h\u1ecd \u1edf \u0111\u00e2y.\" \/>\n<meta property=\"og:url\" content=\"https:\/\/www.oasdi.ca\/vi\/living-in-ontario\/canadian-culture\/francophone\/\" \/>\n<meta property=\"og:site_name\" content=\"OASDI\" \/>\n<meta property=\"article:modified_time\" content=\"2020-04-18T13:42:34+00:00\" \/>\n<meta property=\"og:image\" content=\"https:\/\/www.oasdi.ca\/wp-content\/uploads\/2020\/03\/banner-43.jpg\" \/>\n\t<meta property=\"og:image:width\" content=\"1440\" \/>\n\t<meta property=\"og:image:height\" content=\"268\" \/>\n\t<meta property=\"og:image:type\" content=\"image\/jpeg\" \/>\n<meta name=\"twitter:card\" content=\"summary_large_image\" \/>\n<meta name=\"twitter:label1\" content=\"Est. reading time\" \/>\n\t<meta name=\"twitter:data1\" content=\"3 minutes\" \/>\n<script type=\"application\/ld+json\" class=\"yoast-schema-graph\">{\"@context\":\"https:\/\/schema.org\",\"@graph\":[{\"@type\":\"WebPage\",\"@id\":\"https:\/\/www.oasdi.ca\/vi\/living-in-ontario\/canadian-culture\/francophone\/\",\"url\":\"https:\/\/www.oasdi.ca\/vi\/living-in-ontario\/canadian-culture\/francophone\/\",\"name\":\"V\u0103n H\u00f3a Kh\u1ed1i Ph\u00e1p Ng\u1eef \u1edf Ontario | Gi\u00e1o D\u1ee5c Qu\u1ed1c T\u1ebf\",\"isPartOf\":{\"@id\":\"https:\/\/www.oasdi.ca\/vi\/#website\"},\"datePublished\":\"2020-03-22T15:41:11+00:00\",\"dateModified\":\"2020-04-18T13:42:34+00:00\",\"description\":\"V\u0103n h\u00f3a kh\u1ed1i Ph\u00e1p ng\u1eef \u1edf Ontario c\u00f3 l\u1ecbch s\u1eed l\u00e2u d\u00e0i h\u00e0ng tr\u0103m n\u0103m v\u00e0 \u0111\u01b0\u1ee3c qu\u00fd tr\u1ecdng. T\u00ecm hi\u1ec3u th\u00f4ng tin v\u1ec1 ng\u01b0\u1eddi Ontario n\u00f3i ti\u1ebfng Ph\u00e1p v\u00e0 l\u1ecbch s\u1eed c\u1ee7a h\u1ecd \u1edf \u0111\u00e2y.\",\"breadcrumb\":{\"@id\":\"https:\/\/www.oasdi.ca\/vi\/living-in-ontario\/canadian-culture\/francophone\/#breadcrumb\"},\"inLanguage\":\"vi-VN\",\"potentialAction\":[{\"@type\":\"ReadAction\",\"target\":[\"https:\/\/www.oasdi.ca\/vi\/living-in-ontario\/canadian-culture\/francophone\/\"]}]},{\"@type\":\"BreadcrumbList\",\"@id\":\"https:\/\/www.oasdi.ca\/vi\/living-in-ontario\/canadian-culture\/francophone\/#breadcrumb\",\"itemListElement\":[{\"@type\":\"ListItem\",\"position\":1,\"name\":\"Trang Ch\u1ee7\",\"item\":\"https:\/\/www.oasdi.ca\/vi\/\"},{\"@type\":\"ListItem\",\"position\":2,\"name\":\"S\u1ed1ng \u1edf Ontario V\u1edbi T\u01b0 C\u00e1ch L\u00e0 H\u1ecdc Sinh Qu\u1ed1c T\u1ebf\",\"item\":\"https:\/\/www.oasdi.ca\/vi\/living-in-ontario\/\"},{\"@type\":\"ListItem\",\"position\":3,\"name\":\"V\u0103n H\u00f3a Canada\",\"item\":\"https:\/\/www.oasdi.ca\/vi\/living-in-ontario\/canadian-culture\/\"},{\"@type\":\"ListItem\",\"position\":4,\"name\":\"V\u0103n H\u00f3a Kh\u1ed1i Ph\u00e1p Ng\u1eef \u1edf Ontario\"}]},{\"@type\":\"WebSite\",\"@id\":\"https:\/\/www.oasdi.ca\/vi\/#website\",\"url\":\"https:\/\/www.oasdi.ca\/vi\/\",\"name\":\"OASDI\",\"description\":\"Ontario Association of School District International\",\"publisher\":{\"@id\":\"https:\/\/www.oasdi.ca\/vi\/#organization\"},\"potentialAction\":[{\"@type\":\"SearchAction\",\"target\":{\"@type\":\"EntryPoint\",\"urlTemplate\":\"https:\/\/www.oasdi.ca\/vi\/?s={search_term_string}\"},\"query-input\":\"required name=search_term_string\"}],\"inLanguage\":\"vi-VN\"},{\"@type\":\"Organization\",\"@id\":\"https:\/\/www.oasdi.ca\/vi\/#organization\",\"name\":\"OASDI\",\"url\":\"https:\/\/www.oasdi.ca\/vi\/\",\"logo\":{\"@type\":\"ImageObject\",\"inLanguage\":\"vi-VN\",\"@id\":\"https:\/\/www.oasdi.ca\/vi\/#\/schema\/logo\/image\/\",\"url\":\"https:\/\/www.oasdi.ca\/wp-content\/uploads\/2020\/02\/cropped-oasdi-logo.png\",\"contentUrl\":\"https:\/\/www.oasdi.ca\/wp-content\/uploads\/2020\/02\/cropped-oasdi-logo.png\",\"width\":468,\"height\":96,\"caption\":\"OASDI\"},\"image\":{\"@id\":\"https:\/\/www.oasdi.ca\/vi\/#\/schema\/logo\/image\/\"}}]}<\/script>\n<!-- \/ Yoast SEO plugin. -->","yoast_head_json":{"title":"V\u0103n H\u00f3a Kh\u1ed1i Ph\u00e1p Ng\u1eef \u1edf Ontario | Gi\u00e1o D\u1ee5c Qu\u1ed1c T\u1ebf","description":"V\u0103n h\u00f3a kh\u1ed1i Ph\u00e1p ng\u1eef \u1edf Ontario c\u00f3 l\u1ecbch s\u1eed l\u00e2u d\u00e0i h\u00e0ng tr\u0103m n\u0103m v\u00e0 \u0111\u01b0\u1ee3c qu\u00fd tr\u1ecdng. T\u00ecm hi\u1ec3u th\u00f4ng tin v\u1ec1 ng\u01b0\u1eddi Ontario n\u00f3i ti\u1ebfng Ph\u00e1p v\u00e0 l\u1ecbch s\u1eed c\u1ee7a h\u1ecd \u1edf \u0111\u00e2y.","robots":{"index":"index","follow":"follow","max-snippet":"max-snippet:-1","max-image-preview":"max-image-preview:large","max-video-preview":"max-video-preview:-1"},"canonical":"https:\/\/www.oasdi.ca\/vi\/living-in-ontario\/canadian-culture\/francophone\/","og_locale":"vi_VN","og_type":"article","og_title":"V\u0103n H\u00f3a Kh\u1ed1i Ph\u00e1p Ng\u1eef \u1edf Ontario | Gi\u00e1o D\u1ee5c Qu\u1ed1c T\u1ebf","og_description":"V\u0103n h\u00f3a kh\u1ed1i Ph\u00e1p ng\u1eef \u1edf Ontario c\u00f3 l\u1ecbch s\u1eed l\u00e2u d\u00e0i h\u00e0ng tr\u0103m n\u0103m v\u00e0 \u0111\u01b0\u1ee3c qu\u00fd tr\u1ecdng. T\u00ecm hi\u1ec3u th\u00f4ng tin v\u1ec1 ng\u01b0\u1eddi Ontario n\u00f3i ti\u1ebfng Ph\u00e1p v\u00e0 l\u1ecbch s\u1eed c\u1ee7a h\u1ecd \u1edf \u0111\u00e2y.","og_url":"https:\/\/www.oasdi.ca\/vi\/living-in-ontario\/canadian-culture\/francophone\/","og_site_name":"OASDI","article_modified_time":"2020-04-18T13:42:34+00:00","og_image":[{"width":1440,"height":268,"url":"https:\/\/www.oasdi.ca\/wp-content\/uploads\/2020\/03\/banner-43.jpg","type":"image\/jpeg"}],"twitter_card":"summary_large_image","twitter_misc":{"Est. reading time":"3 minutes"},"schema":{"@context":"https:\/\/schema.org","@graph":[{"@type":"WebPage","@id":"https:\/\/www.oasdi.ca\/vi\/living-in-ontario\/canadian-culture\/francophone\/","url":"https:\/\/www.oasdi.ca\/vi\/living-in-ontario\/canadian-culture\/francophone\/","name":"V\u0103n H\u00f3a Kh\u1ed1i Ph\u00e1p Ng\u1eef \u1edf Ontario | Gi\u00e1o D\u1ee5c Qu\u1ed1c T\u1ebf","isPartOf":{"@id":"https:\/\/www.oasdi.ca\/vi\/#website"},"datePublished":"2020-03-22T15:41:11+00:00","dateModified":"2020-04-18T13:42:34+00:00","description":"V\u0103n h\u00f3a kh\u1ed1i Ph\u00e1p ng\u1eef \u1edf Ontario c\u00f3 l\u1ecbch s\u1eed l\u00e2u d\u00e0i h\u00e0ng tr\u0103m n\u0103m v\u00e0 \u0111\u01b0\u1ee3c qu\u00fd tr\u1ecdng. T\u00ecm hi\u1ec3u th\u00f4ng tin v\u1ec1 ng\u01b0\u1eddi Ontario n\u00f3i ti\u1ebfng Ph\u00e1p v\u00e0 l\u1ecbch s\u1eed c\u1ee7a h\u1ecd \u1edf \u0111\u00e2y.","breadcrumb":{"@id":"https:\/\/www.oasdi.ca\/vi\/living-in-ontario\/canadian-culture\/francophone\/#breadcrumb"},"inLanguage":"vi-VN","potentialAction":[{"@type":"ReadAction","target":["https:\/\/www.oasdi.ca\/vi\/living-in-ontario\/canadian-culture\/francophone\/"]}]},{"@type":"BreadcrumbList","@id":"https:\/\/www.oasdi.ca\/vi\/living-in-ontario\/canadian-culture\/francophone\/#breadcrumb","itemListElement":[{"@type":"ListItem","position":1,"name":"Trang Ch\u1ee7","item":"https:\/\/www.oasdi.ca\/vi\/"},{"@type":"ListItem","position":2,"name":"S\u1ed1ng \u1edf Ontario V\u1edbi T\u01b0 C\u00e1ch L\u00e0 H\u1ecdc Sinh Qu\u1ed1c T\u1ebf","item":"https:\/\/www.oasdi.ca\/vi\/living-in-ontario\/"},{"@type":"ListItem","position":3,"name":"V\u0103n H\u00f3a Canada","item":"https:\/\/www.oasdi.ca\/vi\/living-in-ontario\/canadian-culture\/"},{"@type":"ListItem","position":4,"name":"V\u0103n H\u00f3a Kh\u1ed1i Ph\u00e1p Ng\u1eef \u1edf Ontario"}]},{"@type":"WebSite","@id":"https:\/\/www.oasdi.ca\/vi\/#website","url":"https:\/\/www.oasdi.ca\/vi\/","name":"OASDI","description":"Ontario Association of School District International","publisher":{"@id":"https:\/\/www.oasdi.ca\/vi\/#organization"},"potentialAction":[{"@type":"SearchAction","target":{"@type":"EntryPoint","urlTemplate":"https:\/\/www.oasdi.ca\/vi\/?s={search_term_string}"},"query-input":"required name=search_term_string"}],"inLanguage":"vi-VN"},{"@type":"Organization","@id":"https:\/\/www.oasdi.ca\/vi\/#organization","name":"OASDI","url":"https:\/\/www.oasdi.ca\/vi\/","logo":{"@type":"ImageObject","inLanguage":"vi-VN","@id":"https:\/\/www.oasdi.ca\/vi\/#\/schema\/logo\/image\/","url":"https:\/\/www.oasdi.ca\/wp-content\/uploads\/2020\/02\/cropped-oasdi-logo.png","contentUrl":"https:\/\/www.oasdi.ca\/wp-content\/uploads\/2020\/02\/cropped-oasdi-logo.png","width":468,"height":96,"caption":"OASDI"},"image":{"@id":"https:\/\/www.oasdi.ca\/vi\/#\/schema\/logo\/image\/"}}]}},"_links":{"self":[{"href":"https:\/\/www.oasdi.ca\/vi\/wp-json\/wp\/v2\/pages\/18793"}],"collection":[{"href":"https:\/\/www.oasdi.ca\/vi\/wp-json\/wp\/v2\/pages"}],"about":[{"href":"https:\/\/www.oasdi.ca\/vi\/wp-json\/wp\/v2\/types\/page"}],"author":[{"embeddable":true,"href":"https:\/\/www.oasdi.ca\/vi\/wp-json\/wp\/v2\/users\/237"}],"replies":[{"embeddable":true,"href":"https:\/\/www.oasdi.ca\/vi\/wp-json\/wp\/v2\/comments?post=18793"}],"version-history":[{"count":0,"href":"https:\/\/www.oasdi.ca\/vi\/wp-json\/wp\/v2\/pages\/18793\/revisions"}],"up":[{"embeddable":true,"href":"https:\/\/www.oasdi.ca\/vi\/wp-json\/wp\/v2\/pages\/18370"}],"wp:featuredmedia":[{"embeddable":true,"href":"https:\/\/www.oasdi.ca\/vi\/wp-json\/wp\/v2\/media\/18371"}],"wp:attachment":[{"href":"https:\/\/www.oasdi.ca\/vi\/wp-json\/wp\/v2\/media?parent=18793"}],"curies":[{"name":"wp","href":"https:\/\/api.w.org\/{rel}","templated":true}]}}