{"id":18742,"date":"2020-03-19T12:15:22","date_gmt":"2020-03-19T12:15:22","guid":{"rendered":"http:\/\/oasdi.ca\/k-12-education-in-ontario\/infographic\/"},"modified":"2020-04-30T22:25:08","modified_gmt":"2020-04-30T22:25:08","slug":"infographic","status":"publish","type":"page","link":"https:\/\/www.oasdi.ca\/vi\/k-12-education-in-ontario\/infographic\/","title":{"rendered":"\u0110\u1ed3 H\u1ecda Th\u00f4ng Tin Gi\u00e1o D\u1ee5c H\u1ec7 K-12 \u1edf Ontario"},"content":{"rendered":"<div id=\"pl-18742\"  class=\"panel-layout\" ><div id=\"pg-18742-0\"  class=\"panel-grid panel-has-style\" ><div class=\"panel-row-style panel-row-style-for-18742-0\" ><div id=\"pgc-18742-0-0\"  class=\"panel-grid-cell\" ><div id=\"panel-18742-0-0-0\" class=\"so-panel widget widget_sow-image panel-first-child panel-last-child\" data-index=\"0\" ><div class=\"is-featured-img panel-widget-style panel-widget-style-for-18742-0-0-0\" ><div\n\t\t\t\n\t\t\tclass=\"so-widget-sow-image so-widget-sow-image-default-c4f6304fc136-18742\"\n\t\t\t\n\t\t>\n\n<div class=\"sow-image-container\">\n\t\t<img loading=\"lazy\" decoding=\"async\" src=\"https:\/\/www.oasdi.ca\/wp-content\/uploads\/2020\/03\/ontario-k12.jpg\" width=\"1440\" height=\"268\" srcset=\"https:\/\/www.oasdi.ca\/wp-content\/uploads\/2020\/03\/ontario-k12.jpg 1440w, https:\/\/www.oasdi.ca\/wp-content\/uploads\/2020\/03\/ontario-k12-250x47.jpg 250w, https:\/\/www.oasdi.ca\/wp-content\/uploads\/2020\/03\/ontario-k12-700x130.jpg 700w, https:\/\/www.oasdi.ca\/wp-content\/uploads\/2020\/03\/ontario-k12-768x143.jpg 768w, https:\/\/www.oasdi.ca\/wp-content\/uploads\/2020\/03\/ontario-k12-120x22.jpg 120w\" sizes=\"(max-width: 1440px) 100vw, 1440px\" alt=\"Onatrio k12\" \t\tclass=\"so-widget-image\"\/>\n\t<\/div>\n\n<\/div><\/div><\/div><\/div><\/div><\/div><div id=\"pg-18742-1\"  class=\"panel-grid panel-has-style\" ><div class=\"has-container panel-row-style panel-row-style-for-18742-1\" ><div id=\"pgc-18742-1-0\"  class=\"panel-grid-cell\" ><div id=\"panel-18742-1-0-0\" class=\"so-panel widget widget_hem-seo-title-widget panel-first-child panel-last-child\" data-index=\"1\" ><div class=\"panel-widget-style panel-widget-style-for-18742-1-0-0\" ><div\n\t\t\t\n\t\t\tclass=\"so-widget-hem-seo-title-widget so-widget-hem-seo-title-widget-hem-seo-title-widget-style-d75171398898-18742\"\n\t\t\t\n\t\t>\n<h1 style=\"font-size:px;\">\u0110\u1ed3 H\u1ecda Th\u00f4ng Tin Gi\u00e1o D\u1ee5c H\u1ec7 K-12 \u1edf Ontario<\/h1>\n\n\n\n\t<!-- <div class=\"breadcrumb-trail\"><a href=\"index.php\">Home<\/a> \u00bb <span class=\"breadcrumb-current\">About<\/span><\/div> -->\n\t<div class=\"test1\"><span><span><a href=\"https:\/\/www.oasdi.ca\/vi\/\">Trang Ch\u1ee7<\/a><\/span><\/span><\/div>\n<\/div><\/div><\/div><\/div><\/div><\/div><div id=\"pg-18742-2\"  class=\"panel-grid panel-has-style\" ><div class=\"has-container panel-row-style panel-row-style-for-18742-2\" ><div id=\"pgc-18742-2-0\"  class=\"panel-grid-cell\" ><div id=\"panel-18742-2-0-0\" class=\"so-panel widget widget_hem-sidebar-menu-widget panel-first-child\" data-index=\"2\" ><div\n\t\t\t\n\t\t\tclass=\"so-widget-hem-sidebar-menu-widget so-widget-hem-sidebar-menu-widget-hem-sidebar-menu-widget-style-d75171398898-18742\"\n\t\t\t\n\t\t><div id=\"sidebar\">\n\t\t\t<ul id=\"side-menu\" class=\"side-menu menu-embedded\">\n\t\t\t\n\t\t\t\t\t\t\t\t\n\t\t\t\t\t\t\t\t\t\t\t<li><a href=\"https:\/\/www.oasdi.ca\/vi\/k-12-education-in-ontario\/faq\/\">C\u00e2u H\u1ecfi Th\u01b0\u1eddng G\u1eb7p v\u1ec1 Gi\u00e1o D\u1ee5c H\u1ec7 K-12 \u1edf Ontario<\/a><\/li>\n\t\t\t\t\t\t\t\t\t\t\t\t\t\n\t\t\t\t\t\t\t\t\t\t\t<li><a href=\"https:\/\/www.oasdi.ca\/vi\/k-12-education-in-ontario\/assessment-evaluation-and-reporting\/\">B\u00e1o C\u00e1o Ti\u1ebfn B\u1ed9 c\u1ee7a H\u1ecdc Sinh \u1edf Ontario<\/a><\/li>\n\t\t\t\t\t\t\t\t\t\t\t\t\t\n\t\t\t\t\t\t\t\t\t\t\t<li><a href=\"https:\/\/www.oasdi.ca\/vi\/k-12-education-in-ontario\/graduation-requirements\/\">Y\u00eau C\u1ea7u T\u1ed1t Nghi\u1ec7p \u1edf Ontario<\/a><\/li>\n\t\t\t\t\t\t\t\t\t\t\t\t\t\n\t\t\t\t\t\t\t\t\t\t\t<li><a href=\"https:\/\/www.oasdi.ca\/vi\/k-12-education-in-ontario\/curriculum\/\">Ch\u01b0\u01a1ng Tr\u00ecnh Gi\u1ea3ng D\u1ea1y \u1edf Ontario<\/a><\/li>\n\t\t\t\t\t\t\t\t\t\t\t\t\t\n\t\t\t\t\t\t\t\t\t\t\t<li><a href=\"https:\/\/www.oasdi.ca\/vi\/k-12-education-in-ontario\/cooperative-education\/\">Gi\u00e1o D\u1ee5c H\u1ee3p T\u00e1c \u1edf Ontario<\/a><\/li>\n\t\t\t\t\t\t\t\t\t\t\t\t\t\n\t\t\t\t\t\t\t\t\t\t\t<li><a href=\"https:\/\/www.oasdi.ca\/vi\/k-12-education-in-ontario\/secondary-schools\/\">C\u00e1c Tr\u01b0\u1eddng Trung H\u1ecdc \u1edf Ontario<\/a><\/li>\n\t\t\t\t\t\t\t\t\t\t\t\t\t\n\t\t\t\t\t\t\t\t\t\t\t<li><a href=\"https:\/\/www.oasdi.ca\/vi\/k-12-education-in-ontario\/elementary-schools\/\">C\u00e1c Tr\u01b0\u1eddng Ti\u1ec3u H\u1ecdc \u1edf Ontario<\/a><\/li>\n\t\t\t\t\t\t\t\t\t\t\t\t\t\n\t\t\t\t\t\t\t\t\t\t\t<li><a class=\"active\" href=\"https:\/\/www.oasdi.ca\/vi\/k-12-education-in-ontario\/infographic\/\">\u0110\u1ed3 H\u1ecda Th\u00f4ng Tin Gi\u00e1o D\u1ee5c H\u1ec7 K-12 \u1edf Ontario<\/a><\/li>\n\t\t\t\t\t\t\t\t\t\t\n\n\t\t\t\t<!-- Extra menu -->\n\t\t\t\t\n\n\n\t\t\t\t\t<\/ul>\n\t\n\n<\/div><\/div><\/div><div id=\"panel-18742-2-0-1\" class=\"so-panel widget widget_hem-sidebar-link-widget panel-last-child\" data-index=\"3\" ><div\n\t\t\t\n\t\t\tclass=\"so-widget-hem-sidebar-link-widget so-widget-hem-sidebar-link-widget-hem-sidebar-link-widget-style-d75171398898-18742\"\n\t\t\t\n\t\t><div id=\"sidebar\" class=\"external-link-only\">\n\n\n\n\t\t\t\t<!-- Extra menu -->\n\t\t\t\t\t\t\t\t\t<ul id=\"side-menu\" class=\"side-menu menu-embedded\">\n\t\t\t\t\t\t\t\t\t\t\t\t\t\t\t\t\t\t\t\t\t<li><a  href=\"https:\/\/www.oasdi.ca\/map-search\/\">Map Overview<\/a><\/li>\n\t\t\t\t\t\t\t\t\t\t\t\t\t\t\n\t\t\t\t\t\t\t\t\t\t\t\t\t\t\t\t\t\t\t\t\t<li><a  href=\"https:\/\/www.oasdi.ca\/district-list\/\">District List<\/a><\/li>\n\t\t\t\t\t\t\t\t\t\t\t\t\t\t\n\t\t\t\t\t\t\t\n\t\t\t\t\t<\/ul>\n\t\t\t\t\n\t\t\t\t\n\n\n\n\n<\/div><\/div><\/div><\/div><div id=\"pgc-18742-2-1\"  class=\"panel-grid-cell\" ><div class=\"pl-sm-3 pl-md-5 panel-cell-style panel-cell-style-for-18742-2-1\" ><div id=\"panel-18742-2-1-0\" class=\"so-panel widget widget_sow-editor panel-first-child panel-last-child\" data-index=\"4\" ><div\n\t\t\t\n\t\t\tclass=\"so-widget-sow-editor so-widget-sow-editor-base\"\n\t\t\t\n\t\t>\n<div class=\"siteorigin-widget-tinymce textwidget\">\n\t<table class=\"table-bordered table\" border=\"0\" cellspacing=\"0\" cellpadding=\"0\">\n<thead>\n<tr>\n<th colspan=\"2\" rowspan=\"1\" scope=\"row\">K-12 Grade and Age Chart<\/th>\n<th scope=\"col\">Grade<\/th>\n<th scope=\"col\">Age (years old)<\/th>\n<\/tr>\n<\/thead>\n<tbody>\n<tr>\n<th style=\"background-color: #ffff00; text-align: center;\" colspan=\"2\" rowspan=\"2\" scope=\"row\">M\u1eabu Gi\u00e1o<\/th>\n<td style=\"background-color: #ffff00; text-align: center;\">M\u1eabu Gi\u00e1o B\u00e9<\/td>\n<td style=\"background-color: #ffff00; text-align: center;\">4<\/td>\n<\/tr>\n<tr>\n<td style=\"background-color: #ffff00; text-align: center;\" scope=\"row\">M\u1eabu Gi\u00e1o L\u1edbn<\/td>\n<td style=\"background-color: #ffff00; text-align: center;\">5<\/td>\n<\/tr>\n<tr>\n<th style=\"text-align: center; background-color: #92d050;\" colspan=\"1\" rowspan=\"8\" scope=\"row\">Tr\u01b0\u1eddng Ti\u1ec3u H\u1ecdc<\/th>\n<td style=\"text-align: center; background-color: #b6dde8;\" colspan=\"1\" rowspan=\"3\">L\u1edbp B\u00e9<\/td>\n<td style=\"text-align: center; background-color: #b6dde8;\">L\u1edbp 1<\/td>\n<td style=\"text-align: center; background-color: #b6dde8;\">6<\/td>\n<\/tr>\n<tr>\n<td style=\"text-align: center; background-color: #b6dde8;\" scope=\"row\">L\u1edbp 2<\/td>\n<td style=\"text-align: center; background-color: #b6dde8;\">7<\/td>\n<\/tr>\n<tr>\n<td style=\"text-align: center; background-color: #b6dde8;\" scope=\"row\">L\u1edbp 3<\/td>\n<td style=\"text-align: center; background-color: #b6dde8;\">8<\/td>\n<\/tr>\n<tr>\n<td style=\"background-color: #59d1f3; text-align: center;\" colspan=\"1\" rowspan=\"3\" scope=\"row\">L\u1edbp Nh\u1ee1<\/td>\n<td style=\"background-color: #59d1f3; text-align: center;\">L\u1edbp 4<\/td>\n<td style=\"background-color: #59d1f3; text-align: center;\">9<\/td>\n<\/tr>\n<tr>\n<td style=\"background-color: #59d1f3; text-align: center;\" scope=\"row\">L\u1edbp 5<\/td>\n<td style=\"background-color: #59d1f3; text-align: center;\">10<\/td>\n<\/tr>\n<tr>\n<td style=\"background-color: #59d1f3; text-align: center;\" scope=\"row\">L\u1edbp 6<\/td>\n<td style=\"background-color: #59d1f3; text-align: center;\">11<\/td>\n<\/tr>\n<tr>\n<td style=\"text-align: center; background-color: #00afef;\" colspan=\"1\" rowspan=\"2\" scope=\"row\">L\u1edbp L\u1edbn<\/td>\n<td style=\"text-align: center; background-color: #00afef;\">L\u1edbp 7<\/td>\n<td style=\"text-align: center; background-color: #00afef;\">12<\/td>\n<\/tr>\n<tr>\n<td style=\"text-align: center; background-color: #00afef;\" scope=\"row\">L\u1edbp 8<\/td>\n<td style=\"text-align: center; background-color: #00afef;\">13<\/td>\n<\/tr>\n<tr>\n<th style=\"background-color: #ffc000; text-align: center;\" colspan=\"2\" rowspan=\"4\" scope=\"row\">Tr\u01b0\u1eddng Trung H\u1ecdc<\/th>\n<td style=\"background-color: #ffc000; text-align: center;\">L\u1edbp 9<\/td>\n<td style=\"background-color: #ffc000; text-align: center;\">14<\/td>\n<\/tr>\n<tr>\n<td style=\"background-color: #ffc000; text-align: center;\" scope=\"row\">L\u1edbp 10<\/td>\n<td style=\"background-color: #ffc000; text-align: center;\">15<\/td>\n<\/tr>\n<tr>\n<td style=\"background-color: #ffc000; text-align: center;\" scope=\"row\">L\u1edbp 11<\/td>\n<td style=\"background-color: #ffc000; text-align: center;\">16<\/td>\n<\/tr>\n<tr>\n<td style=\"background-color: #ffc000; text-align: center;\" scope=\"row\">L\u1edbp 12<\/td>\n<td style=\"background-color: #ffc000; text-align: center;\">17<\/td>\n<\/tr>\n<\/tbody>\n<\/table>\n<\/div>\n<\/div><\/div><\/div><\/div><\/div><\/div><\/div>","protected":false},"excerpt":{"rendered":"\u0110\u1ed3 H\u1ecda Th\u00f4ng Tin Gi\u00e1o D\u1ee5c H\u1ec7 K-12 \u1edf Ontario Trang Ch\u1ee7 C\u00e2u H\u1ecfi Th\u01b0\u1eddng G\u1eb7p v\u1ec1 Gi\u00e1o D\u1ee5c H\u1ec7 K-12 \u1edf Ontario B\u00e1o C\u00e1o Ti\u1ebfn B\u1ed9 c\u1ee7a H\u1ecdc Sinh \u1edf Ontario Y\u00eau C\u1ea7u T\u1ed1t Nghi\u1ec7p \u1edf Ontario Ch\u01b0\u01a1ng Tr\u00ecnh Gi\u1ea3ng D\u1ea1y \u1edf Ontario Gi\u00e1o D\u1ee5c H\u1ee3p T\u00e1c \u1edf Ontario C\u00e1c Tr\u01b0\u1eddng Trung H\u1ecdc \u1edf&#8230; <a class=\"view-article\" href=\"https:\/\/www.oasdi.ca\/vi\/k-12-education-in-ontario\/infographic\/\">View Article<\/a>","protected":false},"author":237,"featured_media":0,"parent":18124,"menu_order":572,"comment_status":"closed","ping_status":"closed","template":"","meta":{"footnotes":""},"class_list":["post-18742","page","type-page","status-publish","hentry"],"yoast_head":"<!-- This site is optimized with the Yoast SEO plugin v21.5 - https:\/\/yoast.com\/wordpress\/plugins\/seo\/ -->\n<title>\u0110\u1ed3 H\u1ecda Th\u00f4ng Tin K-12 | H\u1ec7 Th\u1ed1ng Gi\u00e1o D\u1ee5c Ontario | OASDI<\/title>\n<meta name=\"description\" content=\"B\u1ea1n quan t\u00e2m t\u00ecm hi\u1ec3u th\u00eam v\u1ec1 h\u1ec7 th\u1ed1ng gi\u00e1o d\u1ee5c \u1edf Ontario? Xem \u0111\u1ed3 h\u1ecda th\u00f4ng tin c\u1ee7a ch\u00fang t\u00f4i v\u00e0 t\u00ecm hi\u1ec3u th\u00eam v\u1ec1 c\u01a1 c\u1ea5u h\u1ec7 th\u1ed1ng l\u1edbp h\u1ecdc \u1edf Ontario t\u1ea1i \u0111\u00e2y.\" \/>\n<meta name=\"robots\" content=\"index, follow, max-snippet:-1, max-image-preview:large, max-video-preview:-1\" \/>\n<link rel=\"canonical\" href=\"https:\/\/www.oasdi.ca\/vi\/k-12-education-in-ontario\/infographic\/\" \/>\n<meta property=\"og:locale\" content=\"vi_VN\" \/>\n<meta property=\"og:type\" content=\"article\" \/>\n<meta property=\"og:title\" content=\"\u0110\u1ed3 H\u1ecda Th\u00f4ng Tin K-12 | H\u1ec7 Th\u1ed1ng Gi\u00e1o D\u1ee5c Ontario | OASDI\" \/>\n<meta property=\"og:description\" content=\"B\u1ea1n quan t\u00e2m t\u00ecm hi\u1ec3u th\u00eam v\u1ec1 h\u1ec7 th\u1ed1ng gi\u00e1o d\u1ee5c \u1edf Ontario? Xem \u0111\u1ed3 h\u1ecda th\u00f4ng tin c\u1ee7a ch\u00fang t\u00f4i v\u00e0 t\u00ecm hi\u1ec3u th\u00eam v\u1ec1 c\u01a1 c\u1ea5u h\u1ec7 th\u1ed1ng l\u1edbp h\u1ecdc \u1edf Ontario t\u1ea1i \u0111\u00e2y.\" \/>\n<meta property=\"og:url\" content=\"https:\/\/www.oasdi.ca\/vi\/k-12-education-in-ontario\/infographic\/\" \/>\n<meta property=\"og:site_name\" content=\"OASDI\" \/>\n<meta property=\"article:modified_time\" content=\"2020-04-30T22:25:08+00:00\" \/>\n<meta property=\"og:image\" content=\"https:\/\/www.oasdi.ca\/wp-content\/uploads\/2020\/03\/oasdi-faq.jpg\" \/>\n\t<meta property=\"og:image:width\" content=\"1440\" \/>\n\t<meta property=\"og:image:height\" content=\"268\" \/>\n\t<meta property=\"og:image:type\" content=\"image\/jpeg\" \/>\n<meta name=\"twitter:card\" content=\"summary_large_image\" \/>\n<meta name=\"twitter:label1\" content=\"Est. reading time\" \/>\n\t<meta name=\"twitter:data1\" content=\"1 minute\" \/>\n<script type=\"application\/ld+json\" class=\"yoast-schema-graph\">{\"@context\":\"https:\/\/schema.org\",\"@graph\":[{\"@type\":\"WebPage\",\"@id\":\"https:\/\/www.oasdi.ca\/vi\/k-12-education-in-ontario\/infographic\/\",\"url\":\"https:\/\/www.oasdi.ca\/vi\/k-12-education-in-ontario\/infographic\/\",\"name\":\"\u0110\u1ed3 H\u1ecda Th\u00f4ng Tin K-12 | H\u1ec7 Th\u1ed1ng Gi\u00e1o D\u1ee5c Ontario | OASDI\",\"isPartOf\":{\"@id\":\"https:\/\/www.oasdi.ca\/vi\/#website\"},\"datePublished\":\"2020-03-19T12:15:22+00:00\",\"dateModified\":\"2020-04-30T22:25:08+00:00\",\"description\":\"B\u1ea1n quan t\u00e2m t\u00ecm hi\u1ec3u th\u00eam v\u1ec1 h\u1ec7 th\u1ed1ng gi\u00e1o d\u1ee5c \u1edf Ontario? Xem \u0111\u1ed3 h\u1ecda th\u00f4ng tin c\u1ee7a ch\u00fang t\u00f4i v\u00e0 t\u00ecm hi\u1ec3u th\u00eam v\u1ec1 c\u01a1 c\u1ea5u h\u1ec7 th\u1ed1ng l\u1edbp h\u1ecdc \u1edf Ontario t\u1ea1i \u0111\u00e2y.\",\"breadcrumb\":{\"@id\":\"https:\/\/www.oasdi.ca\/vi\/k-12-education-in-ontario\/infographic\/#breadcrumb\"},\"inLanguage\":\"vi-VN\",\"potentialAction\":[{\"@type\":\"ReadAction\",\"target\":[\"https:\/\/www.oasdi.ca\/vi\/k-12-education-in-ontario\/infographic\/\"]}]},{\"@type\":\"BreadcrumbList\",\"@id\":\"https:\/\/www.oasdi.ca\/vi\/k-12-education-in-ontario\/infographic\/#breadcrumb\",\"itemListElement\":[{\"@type\":\"ListItem\",\"position\":1,\"name\":\"Trang Ch\u1ee7\",\"item\":\"https:\/\/www.oasdi.ca\/vi\/\"},{\"@type\":\"ListItem\",\"position\":2,\"name\":\"Gi\u00e1o D\u1ee5c H\u1ec7 K-12 \u1edf Ontario\",\"item\":\"https:\/\/www.oasdi.ca\/vi\/k-12-education-in-ontario\/\"},{\"@type\":\"ListItem\",\"position\":3,\"name\":\"\u0110\u1ed3 H\u1ecda Th\u00f4ng Tin Gi\u00e1o D\u1ee5c H\u1ec7 K-12 \u1edf Ontario\"}]},{\"@type\":\"WebSite\",\"@id\":\"https:\/\/www.oasdi.ca\/vi\/#website\",\"url\":\"https:\/\/www.oasdi.ca\/vi\/\",\"name\":\"OASDI\",\"description\":\"Ontario Association of School District International\",\"publisher\":{\"@id\":\"https:\/\/www.oasdi.ca\/vi\/#organization\"},\"potentialAction\":[{\"@type\":\"SearchAction\",\"target\":{\"@type\":\"EntryPoint\",\"urlTemplate\":\"https:\/\/www.oasdi.ca\/vi\/?s={search_term_string}\"},\"query-input\":\"required name=search_term_string\"}],\"inLanguage\":\"vi-VN\"},{\"@type\":\"Organization\",\"@id\":\"https:\/\/www.oasdi.ca\/vi\/#organization\",\"name\":\"OASDI\",\"url\":\"https:\/\/www.oasdi.ca\/vi\/\",\"logo\":{\"@type\":\"ImageObject\",\"inLanguage\":\"vi-VN\",\"@id\":\"https:\/\/www.oasdi.ca\/vi\/#\/schema\/logo\/image\/\",\"url\":\"https:\/\/www.oasdi.ca\/wp-content\/uploads\/2020\/02\/cropped-oasdi-logo.png\",\"contentUrl\":\"https:\/\/www.oasdi.ca\/wp-content\/uploads\/2020\/02\/cropped-oasdi-logo.png\",\"width\":468,\"height\":96,\"caption\":\"OASDI\"},\"image\":{\"@id\":\"https:\/\/www.oasdi.ca\/vi\/#\/schema\/logo\/image\/\"}}]}<\/script>\n<!-- \/ Yoast SEO plugin. -->","yoast_head_json":{"title":"\u0110\u1ed3 H\u1ecda Th\u00f4ng Tin K-12 | H\u1ec7 Th\u1ed1ng Gi\u00e1o D\u1ee5c Ontario | OASDI","description":"B\u1ea1n quan t\u00e2m t\u00ecm hi\u1ec3u th\u00eam v\u1ec1 h\u1ec7 th\u1ed1ng gi\u00e1o d\u1ee5c \u1edf Ontario? Xem \u0111\u1ed3 h\u1ecda th\u00f4ng tin c\u1ee7a ch\u00fang t\u00f4i v\u00e0 t\u00ecm hi\u1ec3u th\u00eam v\u1ec1 c\u01a1 c\u1ea5u h\u1ec7 th\u1ed1ng l\u1edbp h\u1ecdc \u1edf Ontario t\u1ea1i \u0111\u00e2y.","robots":{"index":"index","follow":"follow","max-snippet":"max-snippet:-1","max-image-preview":"max-image-preview:large","max-video-preview":"max-video-preview:-1"},"canonical":"https:\/\/www.oasdi.ca\/vi\/k-12-education-in-ontario\/infographic\/","og_locale":"vi_VN","og_type":"article","og_title":"\u0110\u1ed3 H\u1ecda Th\u00f4ng Tin K-12 | H\u1ec7 Th\u1ed1ng Gi\u00e1o D\u1ee5c Ontario | OASDI","og_description":"B\u1ea1n quan t\u00e2m t\u00ecm hi\u1ec3u th\u00eam v\u1ec1 h\u1ec7 th\u1ed1ng gi\u00e1o d\u1ee5c \u1edf Ontario? Xem \u0111\u1ed3 h\u1ecda th\u00f4ng tin c\u1ee7a ch\u00fang t\u00f4i v\u00e0 t\u00ecm hi\u1ec3u th\u00eam v\u1ec1 c\u01a1 c\u1ea5u h\u1ec7 th\u1ed1ng l\u1edbp h\u1ecdc \u1edf Ontario t\u1ea1i \u0111\u00e2y.","og_url":"https:\/\/www.oasdi.ca\/vi\/k-12-education-in-ontario\/infographic\/","og_site_name":"OASDI","article_modified_time":"2020-04-30T22:25:08+00:00","og_image":[{"width":1440,"height":268,"url":"https:\/\/www.oasdi.ca\/wp-content\/uploads\/2020\/03\/oasdi-faq.jpg","type":"image\/jpeg"}],"twitter_card":"summary_large_image","twitter_misc":{"Est. reading time":"1 minute"},"schema":{"@context":"https:\/\/schema.org","@graph":[{"@type":"WebPage","@id":"https:\/\/www.oasdi.ca\/vi\/k-12-education-in-ontario\/infographic\/","url":"https:\/\/www.oasdi.ca\/vi\/k-12-education-in-ontario\/infographic\/","name":"\u0110\u1ed3 H\u1ecda Th\u00f4ng Tin K-12 | H\u1ec7 Th\u1ed1ng Gi\u00e1o D\u1ee5c Ontario | OASDI","isPartOf":{"@id":"https:\/\/www.oasdi.ca\/vi\/#website"},"datePublished":"2020-03-19T12:15:22+00:00","dateModified":"2020-04-30T22:25:08+00:00","description":"B\u1ea1n quan t\u00e2m t\u00ecm hi\u1ec3u th\u00eam v\u1ec1 h\u1ec7 th\u1ed1ng gi\u00e1o d\u1ee5c \u1edf Ontario? Xem \u0111\u1ed3 h\u1ecda th\u00f4ng tin c\u1ee7a ch\u00fang t\u00f4i v\u00e0 t\u00ecm hi\u1ec3u th\u00eam v\u1ec1 c\u01a1 c\u1ea5u h\u1ec7 th\u1ed1ng l\u1edbp h\u1ecdc \u1edf Ontario t\u1ea1i \u0111\u00e2y.","breadcrumb":{"@id":"https:\/\/www.oasdi.ca\/vi\/k-12-education-in-ontario\/infographic\/#breadcrumb"},"inLanguage":"vi-VN","potentialAction":[{"@type":"ReadAction","target":["https:\/\/www.oasdi.ca\/vi\/k-12-education-in-ontario\/infographic\/"]}]},{"@type":"BreadcrumbList","@id":"https:\/\/www.oasdi.ca\/vi\/k-12-education-in-ontario\/infographic\/#breadcrumb","itemListElement":[{"@type":"ListItem","position":1,"name":"Trang Ch\u1ee7","item":"https:\/\/www.oasdi.ca\/vi\/"},{"@type":"ListItem","position":2,"name":"Gi\u00e1o D\u1ee5c H\u1ec7 K-12 \u1edf Ontario","item":"https:\/\/www.oasdi.ca\/vi\/k-12-education-in-ontario\/"},{"@type":"ListItem","position":3,"name":"\u0110\u1ed3 H\u1ecda Th\u00f4ng Tin Gi\u00e1o D\u1ee5c H\u1ec7 K-12 \u1edf Ontario"}]},{"@type":"WebSite","@id":"https:\/\/www.oasdi.ca\/vi\/#website","url":"https:\/\/www.oasdi.ca\/vi\/","name":"OASDI","description":"Ontario Association of School District International","publisher":{"@id":"https:\/\/www.oasdi.ca\/vi\/#organization"},"potentialAction":[{"@type":"SearchAction","target":{"@type":"EntryPoint","urlTemplate":"https:\/\/www.oasdi.ca\/vi\/?s={search_term_string}"},"query-input":"required name=search_term_string"}],"inLanguage":"vi-VN"},{"@type":"Organization","@id":"https:\/\/www.oasdi.ca\/vi\/#organization","name":"OASDI","url":"https:\/\/www.oasdi.ca\/vi\/","logo":{"@type":"ImageObject","inLanguage":"vi-VN","@id":"https:\/\/www.oasdi.ca\/vi\/#\/schema\/logo\/image\/","url":"https:\/\/www.oasdi.ca\/wp-content\/uploads\/2020\/02\/cropped-oasdi-logo.png","contentUrl":"https:\/\/www.oasdi.ca\/wp-content\/uploads\/2020\/02\/cropped-oasdi-logo.png","width":468,"height":96,"caption":"OASDI"},"image":{"@id":"https:\/\/www.oasdi.ca\/vi\/#\/schema\/logo\/image\/"}}]}},"_links":{"self":[{"href":"https:\/\/www.oasdi.ca\/vi\/wp-json\/wp\/v2\/pages\/18742"}],"collection":[{"href":"https:\/\/www.oasdi.ca\/vi\/wp-json\/wp\/v2\/pages"}],"about":[{"href":"https:\/\/www.oasdi.ca\/vi\/wp-json\/wp\/v2\/types\/page"}],"author":[{"embeddable":true,"href":"https:\/\/www.oasdi.ca\/vi\/wp-json\/wp\/v2\/users\/237"}],"replies":[{"embeddable":true,"href":"https:\/\/www.oasdi.ca\/vi\/wp-json\/wp\/v2\/comments?post=18742"}],"version-history":[{"count":0,"href":"https:\/\/www.oasdi.ca\/vi\/wp-json\/wp\/v2\/pages\/18742\/revisions"}],"up":[{"embeddable":true,"href":"https:\/\/www.oasdi.ca\/vi\/wp-json\/wp\/v2\/pages\/18124"}],"wp:attachment":[{"href":"https:\/\/www.oasdi.ca\/vi\/wp-json\/wp\/v2\/media?parent=18742"}],"curies":[{"name":"wp","href":"https:\/\/api.w.org\/{rel}","templated":true}]}}