{"id":18635,"date":"2020-03-22T15:58:44","date_gmt":"2020-03-22T15:58:44","guid":{"rendered":"http:\/\/oasdi.ca\/living-in-ontario\/attractions\/"},"modified":"2020-04-17T18:30:50","modified_gmt":"2020-04-17T18:30:50","slug":"attractions","status":"publish","type":"page","link":"https:\/\/www.oasdi.ca\/vi\/living-in-ontario\/attractions\/","title":{"rendered":"C\u00e1c K\u1ef3 Quan Thi\u00ean Nhi\u00ean v\u00e0 Khu Du L\u1ecbch Ch\u00ednh \u1edf Ontario"},"content":{"rendered":"<div id=\"pl-18635\"  class=\"panel-layout\" ><div id=\"pg-18635-0\"  class=\"panel-grid panel-no-style\" ><div id=\"pgc-18635-0-0\"  class=\"panel-grid-cell\" ><div id=\"panel-18635-0-0-0\" class=\"so-panel widget widget_sow-image panel-first-child panel-last-child\" data-index=\"0\" ><div class=\"is-featured-img panel-widget-style panel-widget-style-for-18635-0-0-0\" ><div\n\t\t\t\n\t\t\tclass=\"so-widget-sow-image so-widget-sow-image-default-c4f6304fc136-18635\"\n\t\t\t\n\t\t>\n\n<div class=\"sow-image-container\">\n\t\t<img loading=\"lazy\" decoding=\"async\" src=\"https:\/\/www.oasdi.ca\/wp-content\/uploads\/2020\/03\/banner-7.jpg\" width=\"1440\" height=\"268\" srcset=\"https:\/\/www.oasdi.ca\/wp-content\/uploads\/2020\/03\/banner-7.jpg 1440w, https:\/\/www.oasdi.ca\/wp-content\/uploads\/2020\/03\/banner-7-250x47.jpg 250w, https:\/\/www.oasdi.ca\/wp-content\/uploads\/2020\/03\/banner-7-700x130.jpg 700w, https:\/\/www.oasdi.ca\/wp-content\/uploads\/2020\/03\/banner-7-768x143.jpg 768w, https:\/\/www.oasdi.ca\/wp-content\/uploads\/2020\/03\/banner-7-500x93.jpg 500w, https:\/\/www.oasdi.ca\/wp-content\/uploads\/2020\/03\/banner-7-120x22.jpg 120w\" sizes=\"(max-width: 1440px) 100vw, 1440px\" alt=\"\" \t\tclass=\"so-widget-image\"\/>\n\t<\/div>\n\n<\/div><\/div><\/div><\/div><\/div><div id=\"pg-18635-1\"  class=\"panel-grid panel-has-style\" ><div class=\"has-container panel-row-style panel-row-style-for-18635-1\" ><div id=\"pgc-18635-1-0\"  class=\"panel-grid-cell\" ><div id=\"panel-18635-1-0-0\" class=\"so-panel widget widget_hem-seo-title-widget panel-first-child panel-last-child\" data-index=\"1\" ><div class=\"panel-widget-style panel-widget-style-for-18635-1-0-0\" ><div\n\t\t\t\n\t\t\tclass=\"so-widget-hem-seo-title-widget so-widget-hem-seo-title-widget-hem-seo-title-widget-style-d75171398898-18635\"\n\t\t\t\n\t\t>\n<h1 style=\"font-size:px;\">C\u00e1c K\u1ef3 Quan Thi\u00ean Nhi\u00ean v\u00e0 Khu Du L\u1ecbch Ch\u00ednh \u1edf Ontario<\/h1>\n\n\n\n\t<!-- <div class=\"breadcrumb-trail\"><a href=\"index.php\">Home<\/a> \u00bb <span class=\"breadcrumb-current\">About<\/span><\/div> -->\n\t<div class=\"test1\"><span><span><a href=\"https:\/\/www.oasdi.ca\/vi\/\">Trang Ch\u1ee7<\/a><\/span><\/span><\/div>\n<\/div><\/div><\/div><\/div><\/div><\/div><div id=\"pg-18635-2\"  class=\"panel-grid panel-has-style\" ><div class=\"has-container panel-row-style panel-row-style-for-18635-2\" ><div id=\"pgc-18635-2-0\"  class=\"panel-grid-cell\" ><div id=\"panel-18635-2-0-0\" class=\"so-panel widget widget_hem-sidebar-menu-widget panel-first-child\" data-index=\"2\" ><div\n\t\t\t\n\t\t\tclass=\"so-widget-hem-sidebar-menu-widget so-widget-hem-sidebar-menu-widget-hem-sidebar-menu-widget-style-d75171398898-18635\"\n\t\t\t\n\t\t><div id=\"sidebar\">\n\t\t\t<ul id=\"side-menu\" class=\"side-menu menu-embedded\">\n\t\t\t\n\t\t\t\t\t\t\t\t\n\t\t\t\t\t\t\t\t\t\t\t<li><a href=\"https:\/\/www.oasdi.ca\/vi\/living-in-ontario\/faq\/\">C\u00e2u H\u1ecfi Th\u01b0\u1eddng G\u1eb7p v\u1ec1 S\u1ed1ng \u1edf Ontario cho H\u1ecdc Sinh Qu\u1ed1c T\u1ebf<\/a><\/li>\n\t\t\t\t\t\t\t\t\t\t\t\t\t\n\t\t\t\t\t\t\t\t\t\t\t<li><a href=\"https:\/\/www.oasdi.ca\/vi\/living-in-ontario\/weather-and-seasons\/\">Kh\u00ed H\u1eadu v\u00e0 C\u00e1c M\u00f9a \u1edf Ontario<\/a><\/li>\n\t\t\t\t\t\t\t\t\t\t\t\t\t\n\t\t\t\t\t\t\t\t\t\t\t<li><a class=\"active\" href=\"https:\/\/www.oasdi.ca\/vi\/living-in-ontario\/attractions\/\">C\u00e1c K\u1ef3 Quan Thi\u00ean Nhi\u00ean v\u00e0 Khu Du L\u1ecbch Ch\u00ednh \u1edf Ontario<\/a><\/li>\n\t\t\t\t\t\t\t\t\t\t\t\t\t\n\t\t\t\t\t\t\t\t\t\t\t<li><a href=\"https:\/\/www.oasdi.ca\/vi\/living-in-ontario\/exploring\/\">Kh\u00e1m Ph\u00e1 Ontario<\/a><\/li>\n\t\t\t\t\t\t\t\t\t\t\t\t\t\n\t\t\t\t\t\t\t\t\t\t\t<li><a href=\"https:\/\/www.oasdi.ca\/vi\/living-in-ontario\/getting-around\/\">\u0110i L\u1ea1i \u1edf Ontario<\/a><\/li>\n\t\t\t\t\t\t\t\t\t\t\t\t\t\n\t\t\t\t\t\t\t\t\t\t\t<li><a href=\"https:\/\/www.oasdi.ca\/vi\/living-in-ontario\/canadian-culture\/\">V\u0103n H\u00f3a Canada<\/a><\/li>\n\t\t\t\t\t\t\t\t\t\t\t\t\t\n\t\t\t\t\t\t\t\t\t\t\t<li><a href=\"https:\/\/www.oasdi.ca\/vi\/living-in-ontario\/rural-living\/\">Cu\u1ed9c S\u1ed1ng \u1edf N\u00f4ng Th\u00f4n, Ngo\u1ea1i \u00d4 v\u00e0 \u0110\u00f4 Th\u1ecb \u1edf Ontario<\/a><\/li>\n\t\t\t\t\t\t\t\t\t\t\t\t\t\n\t\t\t\t\t\t\t\t\t\t\t<li><a href=\"https:\/\/www.oasdi.ca\/vi\/living-in-ontario\/homestay-services\/\">D\u1ecbch V\u1ee5 S\u1ed1ng \u1edf Nh\u00e0 D\u00e2n B\u1ea3n X\u1ee9 \u1edf Ontario cho H\u1ecdc Sinh Qu\u1ed1c T\u1ebf<\/a><\/li>\n\t\t\t\t\t\t\t\t\t\t\n\n\t\t\t\t<!-- Extra menu -->\n\t\t\t\t\n\n\n\t\t\t\t\t<\/ul>\n\t\n\n<\/div><\/div><\/div><div id=\"panel-18635-2-0-1\" class=\"so-panel widget widget_hem-sidebar-link-widget panel-last-child\" data-index=\"3\" ><div\n\t\t\t\n\t\t\tclass=\"so-widget-hem-sidebar-link-widget so-widget-hem-sidebar-link-widget-hem-sidebar-link-widget-style-d75171398898-18635\"\n\t\t\t\n\t\t><div id=\"sidebar\" class=\"external-link-only\">\n\n\n\n\t\t\t\t<!-- Extra menu -->\n\t\t\t\t\t\t\t\t\t<ul id=\"side-menu\" class=\"side-menu menu-embedded\">\n\t\t\t\t\t\t\t\t\t\t\t\t\t\t\t\t\t\t\t\t\t<li><a  href=\"https:\/\/www.oasdi.ca\/map-search\/\">Map Overview<\/a><\/li>\n\t\t\t\t\t\t\t\t\t\t\t\t\t\t\n\t\t\t\t\t\t\t\t\t\t\t\t\t\t\t\t\t\t\t\t\t<li><a  href=\"https:\/\/www.oasdi.ca\/district-list\/\">District List<\/a><\/li>\n\t\t\t\t\t\t\t\t\t\t\t\t\t\t\n\t\t\t\t\t\t\t\n\t\t\t\t\t<\/ul>\n\t\t\t\t\n\t\t\t\t\n\n\n\n\n<\/div><\/div><\/div><\/div><div id=\"pgc-18635-2-1\"  class=\"panel-grid-cell\" ><div class=\"pl-sm-3 pl-md-5 panel-cell-style panel-cell-style-for-18635-2-1\" ><div id=\"panel-18635-2-1-0\" class=\"so-panel widget widget_sow-editor panel-first-child panel-last-child\" data-index=\"4\" ><div\n\t\t\t\n\t\t\tclass=\"so-widget-sow-editor so-widget-sow-editor-base\"\n\t\t\t\n\t\t>\n<div class=\"siteorigin-widget-tinymce textwidget\">\n\t<p>G\u1ea7n nh\u01b0 t\u1ea5t c\u1ea3 m\u1ecdi ng\u01b0\u1eddi tr\u00ean th\u1ebf gi\u1edbi \u0111\u00e3 nghe v\u1ec1 ho\u1eb7c nh\u00ecn th\u1ea5y h\u00ecnh \u1ea3nh uy nghi v\u00e0 m\u1ea1nh m\u1ebd c\u1ee7a Th\u00e1c Niagara, nh\u01b0ng Ontario c\u00f2n c\u00f3 r\u1ea5t nhi\u1ec1u k\u1ef3 quan thi\u00ean nhi\u00ean tuy\u1ec7t v\u1eddi k\u1ef3 di\u1ec7u h\u01a1n g\u00e2y kinh ng\u1ea1c. T\u1eeb c\u00e1c s\u1ef1 ki\u1ec7n \u0111\u1ecba ch\u1ea5t \u0111\u1ec3 l\u1ea1i d\u1ea5u v\u1ebft tr\u00ean b\u1ec1 m\u1eb7t \u0111\u00e1 v\u00e0 trong hang \u0111\u1ed9ng \u0111\u1ebfn h\u00e0ng ng\u00e0n s\u00f4ng h\u1ed3 v\u00e0 \u0111\u01b0\u1eddng th\u1ee7y \u0111\u1ec3 \u0111i cano v\u00e0 kh\u00e1m ph\u00e1, \u0111\u1ebfn c\u00e1c con \u0111\u01b0\u1eddng m\u00f2n t\u1ef1 nhi\u00ean \u1edf nhi\u1ec1u khu c\u00f4ng vi\u00ean v\u00e0 khu b\u1ea3o t\u1ed3n c\u1ee7a Ontario, kh\u00f4ng kh\u00ed trong l\u00e0nh v\u00e0 c\u1ea3m gi\u00e1c t\u1ef1 do v\u00e0 kh\u00f4ng gian r\u1ed9ng \u0111\u01b0\u1ee3c t\u00ecm th\u1ea5y \u1edf m\u1ecdi n\u01a1i trong t\u1ec9nh.<\/p>\n<p>M\u1ed9t s\u1ed1 nh\u1eefng k\u1ef3 quan thi\u00ean nhi\u00ean trong s\u1ed1 n\u00e0y bao g\u1ed3m:<\/p>\n<ul>\n<li>C\u00f4ng Vi\u00ean Algonquin<\/li>\n<li>C\u00f4ng Vi\u00ean T\u1ec9nh Sleeping Giant, Thunder Bay<\/li>\n<li>Scarborough Bluff, Scarborough<\/li>\n<li>C\u00f4ng Vi\u00ean T\u1ec9nh Sandbank, Qu\u1eadn Prince Edward<\/li>\n<li>C\u00f4ng Vi\u00ean Qu\u1ed1c Gia Bruce Peninsula, Tobermory<\/li>\n<li>Elora Gorge, Elora<\/li>\n<li>\u0110\u1ed9ng Bonnechere Caves, Eganville<\/li>\n<li>\u0110\u1ec9nh Rattlesnake Point, Milton<\/li>\n<li>C\u00f4ng Vi\u00ean T\u1ec9nh Samuel de Champlain, Mattawa<\/li>\n<li>C\u00f4ng Vi\u00ean T\u1ec9nh Bon Echo, Cloyne<\/li>\n<li>Th\u00e1c Kakabeka<\/li>\n<\/ul>\n<h4><strong>C\u1ea7n th\u00eam th\u00f4ng tin v\u1ec1 c\u00e1c k\u1ef3 quan thi\u00ean nhi\u00ean c\u1ee7a Ontario?\u00a0<\/strong><\/h4>\n<ul>\n<li><a href=\"http:\/\/www.ontariotravel.net\/en\/play\/natural-wonders\" target=\"_blank\" rel=\"noopener\">Ch\u00ednh ph\u1ee7 Ontario: K\u1ef3 Quan Thi\u00ean Nhi\u00ean<\/a><\/li>\n<li><a href=\"http:\/\/www.ontarioparks.com\/\" target=\"_blank\" rel=\"noopener\">C\u00e1c C\u00f4ng Vi\u00ean \u1edf Ontario<\/a><\/li>\n<\/ul>\n<h3><strong>\u0110i\u1ec3m Tham Quan Ch\u00ednh<\/strong><\/h3>\n<p>Ch\u00e2m ng\u00f4n g\u1eafn li\u00ean v\u1edbi t\u1ec9nh Ontario l\u00e0 \u201cT\u1ea5t C\u1ea3 \u0110\u1ec3 B\u1ea1n Kh\u00e1m Ph\u00e1\u201d v\u00e0 n\u00f3 r\u1ea5t ph\u00f9 h\u1ee3p b\u1edfi v\u00ec \u0111\u00f3 l\u00e0 s\u1ef1 th\u1eadt. M\u1eb7c d\u00f9 nhi\u1ec1u ng\u01b0\u1eddi \u0111\u00e3 nghe n\u00f3i v\u1ec1 Th\u00e1p CN Tower t\u1ea1i Toronto ho\u1eb7c \u0111\u00e3 nh\u00ecn th\u1ea5y h\u00ecnh \u1ea3nh c\u1ee7a To\u00e0 Nh\u00e0 Ngh\u1ecb Vi\u1ec7n bi\u1ec3u t\u01b0\u1ee3ng \u1edf Ottawa c\u1ee7a Canada, th\u00ec to\u00e0n Ontario c\u00f2n c\u00f3 r\u1ea5t nhi\u1ec1u \u0111i\u1ec3m tham quan bao g\u1ed3m c\u00e1c di t\u00edch l\u1ecbch s\u1eed, ki\u1ebfn tr\u00fac tuy\u1ec7t \u0111\u1eb9p, v\u00e0 nhi\u1ec1u t\u1ed5 ch\u1ee9c v\u0103n ho\u00e1.<\/p>\n<p>M\u1ed9t s\u1ed1 nh\u1eefng \u0111i\u1ec3m tham quan trong s\u1ed1 n\u00e0y bao g\u1ed3m:<\/p>\n<ul>\n<li>Trung T\u00e2m Khoa H\u1ecdc Ontario, Toronto<\/li>\n<li>Science North and Dynamic Earth, Sudbury<\/li>\n<li>\u0110\u1ecba \u0110i\u1ec3m Di S\u1ea3n Muskoka, Huntsville<\/li>\n<li>Tri\u1ec3n L\u00e3m Ngh\u1ec7 Thu\u1eadt Ontario, Toronto<\/li>\n<li>B\u1ea3o T\u00e0ng l\u1ecbch s\u1eed Canada, Ottawa<\/li>\n<li>Di t\u00edch L\u1ecbch S\u1eed Qu\u1ed1c Gia Fort Henry, Kingston<\/li>\n<li>B\u1ea3o T\u00e0ng Hockey Hall of Fame, Toronto<\/li>\n<li>L\u00e0ng Upper Canada, Morrisburg<\/li>\n<li>R\u1ea1p H\u00e1t Stratford, Stratford<\/li>\n<\/ul>\n<h4><strong>C\u1ea7n th\u00eam th\u00f4ng tin v\u1ec1 c\u00e1c \u0111i\u1ec3m tham quan ch\u00ednh \u1edf Ontario?\u00a0<\/strong><\/h4>\n<ul>\n<li><a href=\"http:\/\/www.ontariotravel.net\/ind\/play\/attractions\" target=\"_blank\" rel=\"noopener\">Du L\u1ecbch Ontario: \u0110i\u1ec3m Tham Quan \u1edf Ontario<\/a><\/li>\n<li><a href=\"http:\/\/www.attractionscanada.com\/ontario\" target=\"_blank\" rel=\"noopener\">\u0110i\u1ec3m \u0110\u1ebfn Du L\u1ecbch \u1edf Ontario<\/a><\/li>\n<\/ul>\n<\/div>\n<\/div><\/div><\/div><\/div><\/div><\/div><\/div>","protected":false},"excerpt":{"rendered":"C\u00e1c K\u1ef3 Quan Thi\u00ean Nhi\u00ean v\u00e0 Khu Du L\u1ecbch Ch\u00ednh \u1edf Ontario Trang Ch\u1ee7 C\u00e2u H\u1ecfi Th\u01b0\u1eddng G\u1eb7p v\u1ec1 S\u1ed1ng \u1edf Ontario cho H\u1ecdc Sinh Qu\u1ed1c T\u1ebf Kh\u00ed H\u1eadu v\u00e0 C\u00e1c M\u00f9a \u1edf Ontario C\u00e1c K\u1ef3 Quan Thi\u00ean Nhi\u00ean v\u00e0 Khu Du L\u1ecbch Ch\u00ednh \u1edf Ontario Kh\u00e1m Ph\u00e1 Ontario \u0110i L\u1ea1i \u1edf Ontario V\u0103n H\u00f3a&#8230; <a class=\"view-article\" href=\"https:\/\/www.oasdi.ca\/vi\/living-in-ontario\/attractions\/\">View Article<\/a>","protected":false},"author":237,"featured_media":18636,"parent":18289,"menu_order":0,"comment_status":"closed","ping_status":"closed","template":"","meta":{"footnotes":""},"class_list":["post-18635","page","type-page","status-publish","has-post-thumbnail","hentry"],"yoast_head":"<!-- This site is optimized with the Yoast SEO plugin v21.5 - https:\/\/yoast.com\/wordpress\/plugins\/seo\/ -->\n<title>K\u1ef3 Quan T\u1ef1 Nhi\u00ean v\u00e0 Khu Du L\u1ecbch \u1edf Ontario | H\u1ecdc \u1edf Ontario<\/title>\n<meta name=\"description\" content=\"C\u00f3 nhi\u1ec1u k\u1ef3 quan thi\u00ean nhi\u00ean tuy\u1ec7t v\u1eddi v\u00e0 c\u00e1c khu du l\u1ecbch h\u1ea5p d\u1eabn tr\u00ean kh\u1eafp Ontario. T\u00ecm hi\u1ec3u th\u00eam v\u1ec1 nh\u1eefng n\u01a1i \u0111\u1ec3 tham quan cho h\u1ecdc sinh qu\u1ed1c t\u1ebf \u1edf Ontario.\" \/>\n<meta name=\"robots\" content=\"index, follow, max-snippet:-1, max-image-preview:large, max-video-preview:-1\" \/>\n<link rel=\"canonical\" href=\"https:\/\/www.oasdi.ca\/vi\/living-in-ontario\/attractions\/\" \/>\n<meta property=\"og:locale\" content=\"vi_VN\" \/>\n<meta property=\"og:type\" content=\"article\" \/>\n<meta property=\"og:title\" content=\"K\u1ef3 Quan T\u1ef1 Nhi\u00ean v\u00e0 Khu Du L\u1ecbch \u1edf Ontario | H\u1ecdc \u1edf Ontario\" \/>\n<meta property=\"og:description\" content=\"C\u00f3 nhi\u1ec1u k\u1ef3 quan thi\u00ean nhi\u00ean tuy\u1ec7t v\u1eddi v\u00e0 c\u00e1c khu du l\u1ecbch h\u1ea5p d\u1eabn tr\u00ean kh\u1eafp Ontario. T\u00ecm hi\u1ec3u th\u00eam v\u1ec1 nh\u1eefng n\u01a1i \u0111\u1ec3 tham quan cho h\u1ecdc sinh qu\u1ed1c t\u1ebf \u1edf Ontario.\" \/>\n<meta property=\"og:url\" content=\"https:\/\/www.oasdi.ca\/vi\/living-in-ontario\/attractions\/\" \/>\n<meta property=\"og:site_name\" content=\"OASDI\" \/>\n<meta property=\"article:modified_time\" content=\"2020-04-17T18:30:50+00:00\" \/>\n<meta property=\"og:image\" content=\"https:\/\/www.oasdi.ca\/wp-content\/uploads\/2020\/03\/banner-7.jpg\" \/>\n\t<meta property=\"og:image:width\" content=\"1440\" \/>\n\t<meta property=\"og:image:height\" content=\"268\" \/>\n\t<meta property=\"og:image:type\" content=\"image\/jpeg\" \/>\n<meta name=\"twitter:card\" content=\"summary_large_image\" \/>\n<meta name=\"twitter:label1\" content=\"Est. reading time\" \/>\n\t<meta name=\"twitter:data1\" content=\"3 minutes\" \/>\n<script type=\"application\/ld+json\" class=\"yoast-schema-graph\">{\"@context\":\"https:\/\/schema.org\",\"@graph\":[{\"@type\":\"WebPage\",\"@id\":\"https:\/\/www.oasdi.ca\/vi\/living-in-ontario\/attractions\/\",\"url\":\"https:\/\/www.oasdi.ca\/vi\/living-in-ontario\/attractions\/\",\"name\":\"K\u1ef3 Quan T\u1ef1 Nhi\u00ean v\u00e0 Khu Du L\u1ecbch \u1edf Ontario | H\u1ecdc \u1edf Ontario\",\"isPartOf\":{\"@id\":\"https:\/\/www.oasdi.ca\/vi\/#website\"},\"datePublished\":\"2020-03-22T15:58:44+00:00\",\"dateModified\":\"2020-04-17T18:30:50+00:00\",\"description\":\"C\u00f3 nhi\u1ec1u k\u1ef3 quan thi\u00ean nhi\u00ean tuy\u1ec7t v\u1eddi v\u00e0 c\u00e1c khu du l\u1ecbch h\u1ea5p d\u1eabn tr\u00ean kh\u1eafp Ontario. T\u00ecm hi\u1ec3u th\u00eam v\u1ec1 nh\u1eefng n\u01a1i \u0111\u1ec3 tham quan cho h\u1ecdc sinh qu\u1ed1c t\u1ebf \u1edf Ontario.\",\"breadcrumb\":{\"@id\":\"https:\/\/www.oasdi.ca\/vi\/living-in-ontario\/attractions\/#breadcrumb\"},\"inLanguage\":\"vi-VN\",\"potentialAction\":[{\"@type\":\"ReadAction\",\"target\":[\"https:\/\/www.oasdi.ca\/vi\/living-in-ontario\/attractions\/\"]}]},{\"@type\":\"BreadcrumbList\",\"@id\":\"https:\/\/www.oasdi.ca\/vi\/living-in-ontario\/attractions\/#breadcrumb\",\"itemListElement\":[{\"@type\":\"ListItem\",\"position\":1,\"name\":\"Trang Ch\u1ee7\",\"item\":\"https:\/\/www.oasdi.ca\/vi\/\"},{\"@type\":\"ListItem\",\"position\":2,\"name\":\"S\u1ed1ng \u1edf Ontario V\u1edbi T\u01b0 C\u00e1ch L\u00e0 H\u1ecdc Sinh Qu\u1ed1c T\u1ebf\",\"item\":\"https:\/\/www.oasdi.ca\/vi\/living-in-ontario\/\"},{\"@type\":\"ListItem\",\"position\":3,\"name\":\"C\u00e1c K\u1ef3 Quan Thi\u00ean Nhi\u00ean v\u00e0 Khu Du L\u1ecbch Ch\u00ednh \u1edf Ontario\"}]},{\"@type\":\"WebSite\",\"@id\":\"https:\/\/www.oasdi.ca\/vi\/#website\",\"url\":\"https:\/\/www.oasdi.ca\/vi\/\",\"name\":\"OASDI\",\"description\":\"Ontario Association of School District International\",\"publisher\":{\"@id\":\"https:\/\/www.oasdi.ca\/vi\/#organization\"},\"potentialAction\":[{\"@type\":\"SearchAction\",\"target\":{\"@type\":\"EntryPoint\",\"urlTemplate\":\"https:\/\/www.oasdi.ca\/vi\/?s={search_term_string}\"},\"query-input\":\"required name=search_term_string\"}],\"inLanguage\":\"vi-VN\"},{\"@type\":\"Organization\",\"@id\":\"https:\/\/www.oasdi.ca\/vi\/#organization\",\"name\":\"OASDI\",\"url\":\"https:\/\/www.oasdi.ca\/vi\/\",\"logo\":{\"@type\":\"ImageObject\",\"inLanguage\":\"vi-VN\",\"@id\":\"https:\/\/www.oasdi.ca\/vi\/#\/schema\/logo\/image\/\",\"url\":\"https:\/\/www.oasdi.ca\/wp-content\/uploads\/2020\/02\/cropped-oasdi-logo.png\",\"contentUrl\":\"https:\/\/www.oasdi.ca\/wp-content\/uploads\/2020\/02\/cropped-oasdi-logo.png\",\"width\":468,\"height\":96,\"caption\":\"OASDI\"},\"image\":{\"@id\":\"https:\/\/www.oasdi.ca\/vi\/#\/schema\/logo\/image\/\"}}]}<\/script>\n<!-- \/ Yoast SEO plugin. -->","yoast_head_json":{"title":"K\u1ef3 Quan T\u1ef1 Nhi\u00ean v\u00e0 Khu Du L\u1ecbch \u1edf Ontario | H\u1ecdc \u1edf Ontario","description":"C\u00f3 nhi\u1ec1u k\u1ef3 quan thi\u00ean nhi\u00ean tuy\u1ec7t v\u1eddi v\u00e0 c\u00e1c khu du l\u1ecbch h\u1ea5p d\u1eabn tr\u00ean kh\u1eafp Ontario. T\u00ecm hi\u1ec3u th\u00eam v\u1ec1 nh\u1eefng n\u01a1i \u0111\u1ec3 tham quan cho h\u1ecdc sinh qu\u1ed1c t\u1ebf \u1edf Ontario.","robots":{"index":"index","follow":"follow","max-snippet":"max-snippet:-1","max-image-preview":"max-image-preview:large","max-video-preview":"max-video-preview:-1"},"canonical":"https:\/\/www.oasdi.ca\/vi\/living-in-ontario\/attractions\/","og_locale":"vi_VN","og_type":"article","og_title":"K\u1ef3 Quan T\u1ef1 Nhi\u00ean v\u00e0 Khu Du L\u1ecbch \u1edf Ontario | H\u1ecdc \u1edf Ontario","og_description":"C\u00f3 nhi\u1ec1u k\u1ef3 quan thi\u00ean nhi\u00ean tuy\u1ec7t v\u1eddi v\u00e0 c\u00e1c khu du l\u1ecbch h\u1ea5p d\u1eabn tr\u00ean kh\u1eafp Ontario. T\u00ecm hi\u1ec3u th\u00eam v\u1ec1 nh\u1eefng n\u01a1i \u0111\u1ec3 tham quan cho h\u1ecdc sinh qu\u1ed1c t\u1ebf \u1edf Ontario.","og_url":"https:\/\/www.oasdi.ca\/vi\/living-in-ontario\/attractions\/","og_site_name":"OASDI","article_modified_time":"2020-04-17T18:30:50+00:00","og_image":[{"width":1440,"height":268,"url":"https:\/\/www.oasdi.ca\/wp-content\/uploads\/2020\/03\/banner-7.jpg","type":"image\/jpeg"}],"twitter_card":"summary_large_image","twitter_misc":{"Est. reading time":"3 minutes"},"schema":{"@context":"https:\/\/schema.org","@graph":[{"@type":"WebPage","@id":"https:\/\/www.oasdi.ca\/vi\/living-in-ontario\/attractions\/","url":"https:\/\/www.oasdi.ca\/vi\/living-in-ontario\/attractions\/","name":"K\u1ef3 Quan T\u1ef1 Nhi\u00ean v\u00e0 Khu Du L\u1ecbch \u1edf Ontario | H\u1ecdc \u1edf Ontario","isPartOf":{"@id":"https:\/\/www.oasdi.ca\/vi\/#website"},"datePublished":"2020-03-22T15:58:44+00:00","dateModified":"2020-04-17T18:30:50+00:00","description":"C\u00f3 nhi\u1ec1u k\u1ef3 quan thi\u00ean nhi\u00ean tuy\u1ec7t v\u1eddi v\u00e0 c\u00e1c khu du l\u1ecbch h\u1ea5p d\u1eabn tr\u00ean kh\u1eafp Ontario. T\u00ecm hi\u1ec3u th\u00eam v\u1ec1 nh\u1eefng n\u01a1i \u0111\u1ec3 tham quan cho h\u1ecdc sinh qu\u1ed1c t\u1ebf \u1edf Ontario.","breadcrumb":{"@id":"https:\/\/www.oasdi.ca\/vi\/living-in-ontario\/attractions\/#breadcrumb"},"inLanguage":"vi-VN","potentialAction":[{"@type":"ReadAction","target":["https:\/\/www.oasdi.ca\/vi\/living-in-ontario\/attractions\/"]}]},{"@type":"BreadcrumbList","@id":"https:\/\/www.oasdi.ca\/vi\/living-in-ontario\/attractions\/#breadcrumb","itemListElement":[{"@type":"ListItem","position":1,"name":"Trang Ch\u1ee7","item":"https:\/\/www.oasdi.ca\/vi\/"},{"@type":"ListItem","position":2,"name":"S\u1ed1ng \u1edf Ontario V\u1edbi T\u01b0 C\u00e1ch L\u00e0 H\u1ecdc Sinh Qu\u1ed1c T\u1ebf","item":"https:\/\/www.oasdi.ca\/vi\/living-in-ontario\/"},{"@type":"ListItem","position":3,"name":"C\u00e1c K\u1ef3 Quan Thi\u00ean Nhi\u00ean v\u00e0 Khu Du L\u1ecbch Ch\u00ednh \u1edf Ontario"}]},{"@type":"WebSite","@id":"https:\/\/www.oasdi.ca\/vi\/#website","url":"https:\/\/www.oasdi.ca\/vi\/","name":"OASDI","description":"Ontario Association of School District International","publisher":{"@id":"https:\/\/www.oasdi.ca\/vi\/#organization"},"potentialAction":[{"@type":"SearchAction","target":{"@type":"EntryPoint","urlTemplate":"https:\/\/www.oasdi.ca\/vi\/?s={search_term_string}"},"query-input":"required name=search_term_string"}],"inLanguage":"vi-VN"},{"@type":"Organization","@id":"https:\/\/www.oasdi.ca\/vi\/#organization","name":"OASDI","url":"https:\/\/www.oasdi.ca\/vi\/","logo":{"@type":"ImageObject","inLanguage":"vi-VN","@id":"https:\/\/www.oasdi.ca\/vi\/#\/schema\/logo\/image\/","url":"https:\/\/www.oasdi.ca\/wp-content\/uploads\/2020\/02\/cropped-oasdi-logo.png","contentUrl":"https:\/\/www.oasdi.ca\/wp-content\/uploads\/2020\/02\/cropped-oasdi-logo.png","width":468,"height":96,"caption":"OASDI"},"image":{"@id":"https:\/\/www.oasdi.ca\/vi\/#\/schema\/logo\/image\/"}}]}},"_links":{"self":[{"href":"https:\/\/www.oasdi.ca\/vi\/wp-json\/wp\/v2\/pages\/18635"}],"collection":[{"href":"https:\/\/www.oasdi.ca\/vi\/wp-json\/wp\/v2\/pages"}],"about":[{"href":"https:\/\/www.oasdi.ca\/vi\/wp-json\/wp\/v2\/types\/page"}],"author":[{"embeddable":true,"href":"https:\/\/www.oasdi.ca\/vi\/wp-json\/wp\/v2\/users\/237"}],"replies":[{"embeddable":true,"href":"https:\/\/www.oasdi.ca\/vi\/wp-json\/wp\/v2\/comments?post=18635"}],"version-history":[{"count":0,"href":"https:\/\/www.oasdi.ca\/vi\/wp-json\/wp\/v2\/pages\/18635\/revisions"}],"up":[{"embeddable":true,"href":"https:\/\/www.oasdi.ca\/vi\/wp-json\/wp\/v2\/pages\/18289"}],"wp:featuredmedia":[{"embeddable":true,"href":"https:\/\/www.oasdi.ca\/vi\/wp-json\/wp\/v2\/media\/18636"}],"wp:attachment":[{"href":"https:\/\/www.oasdi.ca\/vi\/wp-json\/wp\/v2\/media?parent=18635"}],"curies":[{"name":"wp","href":"https:\/\/api.w.org\/{rel}","templated":true}]}}