{"id":18594,"date":"2020-03-22T15:56:48","date_gmt":"2020-03-22T15:56:48","guid":{"rendered":"http:\/\/oasdi.ca\/living-in-ontario\/exploring\/"},"modified":"2020-04-17T12:44:45","modified_gmt":"2020-04-17T12:44:45","slug":"exploring","status":"publish","type":"page","link":"https:\/\/www.oasdi.ca\/vi\/living-in-ontario\/exploring\/","title":{"rendered":"Kh\u00e1m Ph\u00e1 Ontario"},"content":{"rendered":"<div id=\"pl-18594\"  class=\"panel-layout\" ><div id=\"pg-18594-0\"  class=\"panel-grid panel-no-style\" ><div id=\"pgc-18594-0-0\"  class=\"panel-grid-cell\" ><div id=\"panel-18594-0-0-0\" class=\"so-panel widget widget_sow-image panel-first-child panel-last-child\" data-index=\"0\" ><div class=\"is-featured-img panel-widget-style panel-widget-style-for-18594-0-0-0\" ><div\n\t\t\t\n\t\t\tclass=\"so-widget-sow-image so-widget-sow-image-default-c4f6304fc136-18594\"\n\t\t\t\n\t\t>\n\n<div class=\"sow-image-container\">\n\t\t<img loading=\"lazy\" decoding=\"async\" src=\"https:\/\/www.oasdi.ca\/wp-content\/uploads\/2020\/03\/getting-around-ontario.jpg\" width=\"1440\" height=\"268\" srcset=\"https:\/\/www.oasdi.ca\/wp-content\/uploads\/2020\/03\/getting-around-ontario.jpg 1440w, https:\/\/www.oasdi.ca\/wp-content\/uploads\/2020\/03\/getting-around-ontario-250x47.jpg 250w, https:\/\/www.oasdi.ca\/wp-content\/uploads\/2020\/03\/getting-around-ontario-700x130.jpg 700w, https:\/\/www.oasdi.ca\/wp-content\/uploads\/2020\/03\/getting-around-ontario-768x143.jpg 768w, https:\/\/www.oasdi.ca\/wp-content\/uploads\/2020\/03\/getting-around-ontario-500x93.jpg 500w, https:\/\/www.oasdi.ca\/wp-content\/uploads\/2020\/03\/getting-around-ontario-120x22.jpg 120w\" sizes=\"(max-width: 1440px) 100vw, 1440px\" title=\"getting around ontario\" alt=\"getting around ontario\" \t\tclass=\"so-widget-image\"\/>\n\t<\/div>\n\n<\/div><\/div><\/div><\/div><\/div><div id=\"pg-18594-1\"  class=\"panel-grid panel-has-style\" ><div class=\"has-container panel-row-style panel-row-style-for-18594-1\" ><div id=\"pgc-18594-1-0\"  class=\"panel-grid-cell\" ><div id=\"panel-18594-1-0-0\" class=\"so-panel widget widget_hem-seo-title-widget panel-first-child panel-last-child\" data-index=\"1\" ><div class=\"panel-widget-style panel-widget-style-for-18594-1-0-0\" ><div\n\t\t\t\n\t\t\tclass=\"so-widget-hem-seo-title-widget so-widget-hem-seo-title-widget-hem-seo-title-widget-style-d75171398898-18594\"\n\t\t\t\n\t\t>\n<h1 style=\"font-size:px;\">Kh\u00e1m Ph\u00e1 Ontario<\/h1>\n\n\n\n\t<!-- <div class=\"breadcrumb-trail\"><a href=\"index.php\">Home<\/a> \u00bb <span class=\"breadcrumb-current\">About<\/span><\/div> -->\n\t<div class=\"test1\"><span><span><a href=\"https:\/\/www.oasdi.ca\/vi\/\">Trang Ch\u1ee7<\/a><\/span><\/span><\/div>\n<\/div><\/div><\/div><\/div><\/div><\/div><div id=\"pg-18594-2\"  class=\"panel-grid panel-has-style\" ><div class=\"has-container panel-row-style panel-row-style-for-18594-2\" ><div id=\"pgc-18594-2-0\"  class=\"panel-grid-cell\" ><div id=\"panel-18594-2-0-0\" class=\"so-panel widget widget_hem-sidebar-menu-widget panel-first-child\" data-index=\"2\" ><div\n\t\t\t\n\t\t\tclass=\"so-widget-hem-sidebar-menu-widget so-widget-hem-sidebar-menu-widget-hem-sidebar-menu-widget-style-d75171398898-18594\"\n\t\t\t\n\t\t><div id=\"sidebar\">\n\t\t\t<ul id=\"side-menu\" class=\"side-menu menu-embedded\">\n\t\t\t\n\t\t\t\t\t\t\t\t\n\t\t\t\t\t\t\t\t\t\t\t<li><a href=\"https:\/\/www.oasdi.ca\/vi\/living-in-ontario\/faq\/\">C\u00e2u H\u1ecfi Th\u01b0\u1eddng G\u1eb7p v\u1ec1 S\u1ed1ng \u1edf Ontario cho H\u1ecdc Sinh Qu\u1ed1c T\u1ebf<\/a><\/li>\n\t\t\t\t\t\t\t\t\t\t\t\t\t\n\t\t\t\t\t\t\t\t\t\t\t<li><a href=\"https:\/\/www.oasdi.ca\/vi\/living-in-ontario\/weather-and-seasons\/\">Kh\u00ed H\u1eadu v\u00e0 C\u00e1c M\u00f9a \u1edf Ontario<\/a><\/li>\n\t\t\t\t\t\t\t\t\t\t\t\t\t\n\t\t\t\t\t\t\t\t\t\t\t<li><a href=\"https:\/\/www.oasdi.ca\/vi\/living-in-ontario\/attractions\/\">C\u00e1c K\u1ef3 Quan Thi\u00ean Nhi\u00ean v\u00e0 Khu Du L\u1ecbch Ch\u00ednh \u1edf Ontario<\/a><\/li>\n\t\t\t\t\t\t\t\t\t\t\t\t\t\n\t\t\t\t\t\t\t\t\t\t\t<li><a class=\"active\" href=\"https:\/\/www.oasdi.ca\/vi\/living-in-ontario\/exploring\/\">Kh\u00e1m Ph\u00e1 Ontario<\/a><\/li>\n\t\t\t\t\t\t\t\t\t\t\t\t\t\n\t\t\t\t\t\t\t\t\t\t\t<li><a href=\"https:\/\/www.oasdi.ca\/vi\/living-in-ontario\/getting-around\/\">\u0110i L\u1ea1i \u1edf Ontario<\/a><\/li>\n\t\t\t\t\t\t\t\t\t\t\t\t\t\n\t\t\t\t\t\t\t\t\t\t\t<li><a href=\"https:\/\/www.oasdi.ca\/vi\/living-in-ontario\/canadian-culture\/\">V\u0103n H\u00f3a Canada<\/a><\/li>\n\t\t\t\t\t\t\t\t\t\t\t\t\t\n\t\t\t\t\t\t\t\t\t\t\t<li><a href=\"https:\/\/www.oasdi.ca\/vi\/living-in-ontario\/rural-living\/\">Cu\u1ed9c S\u1ed1ng \u1edf N\u00f4ng Th\u00f4n, Ngo\u1ea1i \u00d4 v\u00e0 \u0110\u00f4 Th\u1ecb \u1edf Ontario<\/a><\/li>\n\t\t\t\t\t\t\t\t\t\t\t\t\t\n\t\t\t\t\t\t\t\t\t\t\t<li><a href=\"https:\/\/www.oasdi.ca\/vi\/living-in-ontario\/homestay-services\/\">D\u1ecbch V\u1ee5 S\u1ed1ng \u1edf Nh\u00e0 D\u00e2n B\u1ea3n X\u1ee9 \u1edf Ontario cho H\u1ecdc Sinh Qu\u1ed1c T\u1ebf<\/a><\/li>\n\t\t\t\t\t\t\t\t\t\t\n\n\t\t\t\t<!-- Extra menu -->\n\t\t\t\t\n\n\n\t\t\t\t\t<\/ul>\n\t\n\n<\/div><\/div><\/div><div id=\"panel-18594-2-0-1\" class=\"so-panel widget widget_hem-sidebar-link-widget panel-last-child\" data-index=\"3\" ><div\n\t\t\t\n\t\t\tclass=\"so-widget-hem-sidebar-link-widget so-widget-hem-sidebar-link-widget-hem-sidebar-link-widget-style-d75171398898-18594\"\n\t\t\t\n\t\t><div id=\"sidebar\" class=\"external-link-only\">\n\n\n\n\t\t\t\t<!-- Extra menu -->\n\t\t\t\t\t\t\t\t\t<ul id=\"side-menu\" class=\"side-menu menu-embedded\">\n\t\t\t\t\t\t\t\t\t\t\t\t\t\t\t\t\t\t\t\t\t<li><a  href=\"https:\/\/www.oasdi.ca\/map-search\/\">Map Overview<\/a><\/li>\n\t\t\t\t\t\t\t\t\t\t\t\t\t\t\n\t\t\t\t\t\t\t\t\t\t\t\t\t\t\t\t\t\t\t\t\t<li><a  href=\"https:\/\/www.oasdi.ca\/district-list\/\">District List<\/a><\/li>\n\t\t\t\t\t\t\t\t\t\t\t\t\t\t\n\t\t\t\t\t\t\t\n\t\t\t\t\t<\/ul>\n\t\t\t\t\n\t\t\t\t\n\n\n\n\n<\/div><\/div><\/div><\/div><div id=\"pgc-18594-2-1\"  class=\"panel-grid-cell\" ><div class=\"pl-sm-3 pl-md-5 panel-cell-style panel-cell-style-for-18594-2-1\" ><div id=\"panel-18594-2-1-0\" class=\"so-panel widget widget_sow-editor panel-first-child panel-last-child\" data-index=\"4\" ><div\n\t\t\t\n\t\t\tclass=\"so-widget-sow-editor so-widget-sow-editor-base\"\n\t\t\t\n\t\t>\n<div class=\"siteorigin-widget-tinymce textwidget\">\n\t<h2>Ontario cung c\u1ea5p nh\u1eefng g\u00ec cho h\u1ecdc sinh qu\u1ed1c t\u1ebf<\/h2>\n<p>Do quy m\u00f4 d\u00e2n s\u1ed1 v\u00e0 di\u1ec7n t\u00edch \u0111\u1ea5t \u0111ai, v\u00e0 t\u00e0i nguy\u00ean phong ph\u00fa c\u1ee7a m\u00ecnh, Ontario cung c\u1ea5p r\u1ea5t nhi\u1ec1u th\u1ee9 cho h\u1ecdc sinh qu\u1ed1c t\u1ebf. Ontario l\u00e0 t\u1ec9nh c\u1ee7a Canada c\u00f3 d\u00e2n s\u1ed1 l\u1edbn nh\u1ea5t, h\u01a1n 13.000.000 ng\u01b0\u1eddi. Ontario l\u00e0 t\u1ec9nh l\u1edbn th\u1ee9 hai \u1edf Canada v\u1ec1 m\u1eb7t di\u1ec7n t\u00edch \u0111\u1ea5t \u0111ai v\u00e0 tr\u1ea3i d\u00e0i tr\u00ean 1.600 km (1.000 d\u1eb7m) B\u1eafc \u0111\u1ebfn Nam, v\u00e0 h\u01a1n 1.600 km (1.000 d\u1eb7m) \u0110\u00f4ng sang T\u00e2y. Kho\u1ea3ng m\u1ed9t ph\u1ea7n ba ngu\u1ed3n n\u01b0\u1edbc s\u1ea1ch c\u1ee7a th\u1ebf gi\u1edbi \u0111\u01b0\u1ee3c t\u00ecm th\u1ea5y \u1edf 250.000 h\u1ed3 v\u00e0 s\u00f4ng \u1edf Ontario.<\/p>\n<p><strong>B\u1ea1n c\u1ea7n th\u00eam th\u00f4ng tin chung v\u1ec1 Ontario?<\/strong><\/p>\n<ul>\n<li><a href=\"http:\/\/www.ontariotravel.net\/en\/plan\/tools-and-%20tips\/facts-about-%20ontario\" target=\"_blank\" rel=\"noopener\">D\u1eef Ki\u1ec7n v\u1ec1 Ontario<\/a><\/li>\n<li><a href=\"http:\/\/www.ontarioimmigration.ca\/en\/living\/OI_HOW_LIVE_CITIES.html\" target=\"_blank\" rel=\"noopener\">T\u1ed5ng Quan v\u1ec1 c\u00e1c v\u00f9ng \u1edf Ontario<\/a><\/li>\n<li><a href=\"http:\/\/www.ontarioimmigration.ca\/en\/study\/OI_HOW_STUDY_INTL_GO.html\" target=\"_blank\" rel=\"noopener\">H\u1ecdc Sinh Qu\u1ed1c T\u1ebf \u1edf Ontario<\/a><\/li>\n<li><a href=\"http:\/\/www.cic.gc.ca\/english\/newcomers\/before-canada.asp\" target=\"_blank\" rel=\"noopener\">T\u00ecm Hi\u1ec3u v\u1ec1 Canada<\/a><\/li>\n<\/ul>\n<p><strong>Tr\u1ecdng t\u00e2m gi\u00e1o d\u1ee5c:<\/strong><\/p>\n<ul>\n<li><a href=\"http:\/\/www.edu.gov.on.ca\/\" target=\"_blank\" rel=\"noopener\">B\u1ed9 Gi\u00e1o D\u1ee5c Ontario<\/a><\/li>\n<li><a href=\"http:\/\/www.edu.gov.on.ca\/eng\" target=\"_blank\" rel=\"noopener\">T\u1ed5ng quan v\u1ec1 vi\u1ec7c h\u1ecdc t\u1eadp \u1edf h\u1ec7 th\u1ed1ng tr\u01b0\u1eddng h\u1ecdc c\u00f4ng l\u1eadp t\u1ea1i Ontario<\/a><\/li>\n<li><a href=\"http:\/\/www.educanada.ca\/\" target=\"_blank\" rel=\"noopener\">Gi\u00e1o D\u1ee5c \u1edf Canada<\/a><\/li>\n<li><a href=\"http:\/\/www.theweathernetwork.com\/ca\" target=\"_blank\" rel=\"noopener\">Weather Network (M\u1ea1ng L\u01b0\u1edbi Th\u1eddi Ti\u1ebft)<\/a><\/li>\n<\/ul>\n<\/div>\n<\/div><\/div><\/div><\/div><\/div><\/div><\/div>","protected":false},"excerpt":{"rendered":"Kh\u00e1m Ph\u00e1 Ontario Trang Ch\u1ee7 C\u00e2u H\u1ecfi Th\u01b0\u1eddng G\u1eb7p v\u1ec1 S\u1ed1ng \u1edf Ontario cho H\u1ecdc Sinh Qu\u1ed1c T\u1ebf Kh\u00ed H\u1eadu v\u00e0 C\u00e1c M\u00f9a \u1edf Ontario C\u00e1c K\u1ef3 Quan Thi\u00ean Nhi\u00ean v\u00e0 Khu Du L\u1ecbch Ch\u00ednh \u1edf Ontario Kh\u00e1m Ph\u00e1 Ontario \u0110i L\u1ea1i \u1edf Ontario V\u0103n H\u00f3a Canada Cu\u1ed9c S\u1ed1ng \u1edf N\u00f4ng Th\u00f4n, Ngo\u1ea1i \u00d4 v\u00e0&#8230; <a class=\"view-article\" href=\"https:\/\/www.oasdi.ca\/vi\/living-in-ontario\/exploring\/\">View Article<\/a>","protected":false},"author":237,"featured_media":18412,"parent":18289,"menu_order":0,"comment_status":"closed","ping_status":"closed","template":"","meta":{"footnotes":""},"class_list":["post-18594","page","type-page","status-publish","has-post-thumbnail","hentry"],"yoast_head":"<!-- This site is optimized with the Yoast SEO plugin v21.5 - https:\/\/yoast.com\/wordpress\/plugins\/seo\/ -->\n<title>Kh\u00e1m Ph\u00e1 Ontario | Ho\u1ea1t \u0110\u1ed9ng Vui Ch\u01a1i Khi H\u1ecdc \u1edf Canada<\/title>\n<meta name=\"description\" content=\"Ontario mang \u0111\u1ebfn nhi\u1ec1u c\u01a1 h\u1ed9i th\u00fa v\u1ecb \u0111\u1ec3 kh\u00e1m ph\u00e1 v\u00e0 nhi\u1ec1u n\u01a1i \u0111\u1ec3 tham quan cho h\u1ecdc sinh qu\u1ed1c t\u1ebf. T\u00ecm hi\u1ec3u th\u00eam th\u00f4ng tin v\u1ec1 kh\u00e1m ph\u00e1 Ontario \u1edf \u0111\u00e2y.\" \/>\n<meta name=\"robots\" content=\"index, follow, max-snippet:-1, max-image-preview:large, max-video-preview:-1\" \/>\n<link rel=\"canonical\" href=\"https:\/\/www.oasdi.ca\/vi\/living-in-ontario\/exploring\/\" \/>\n<meta property=\"og:locale\" content=\"vi_VN\" \/>\n<meta property=\"og:type\" content=\"article\" \/>\n<meta property=\"og:title\" content=\"Kh\u00e1m Ph\u00e1 Ontario | Ho\u1ea1t \u0110\u1ed9ng Vui Ch\u01a1i Khi H\u1ecdc \u1edf Canada\" \/>\n<meta property=\"og:description\" content=\"Ontario mang \u0111\u1ebfn nhi\u1ec1u c\u01a1 h\u1ed9i th\u00fa v\u1ecb \u0111\u1ec3 kh\u00e1m ph\u00e1 v\u00e0 nhi\u1ec1u n\u01a1i \u0111\u1ec3 tham quan cho h\u1ecdc sinh qu\u1ed1c t\u1ebf. T\u00ecm hi\u1ec3u th\u00eam th\u00f4ng tin v\u1ec1 kh\u00e1m ph\u00e1 Ontario \u1edf \u0111\u00e2y.\" \/>\n<meta property=\"og:url\" content=\"https:\/\/www.oasdi.ca\/vi\/living-in-ontario\/exploring\/\" \/>\n<meta property=\"og:site_name\" content=\"OASDI\" \/>\n<meta property=\"article:modified_time\" content=\"2020-04-17T12:44:45+00:00\" \/>\n<meta property=\"og:image\" content=\"https:\/\/www.oasdi.ca\/wp-content\/uploads\/2020\/03\/getting-around-ontario.jpg\" \/>\n\t<meta property=\"og:image:width\" content=\"1440\" \/>\n\t<meta property=\"og:image:height\" content=\"268\" \/>\n\t<meta property=\"og:image:type\" content=\"image\/jpeg\" \/>\n<meta name=\"twitter:card\" content=\"summary_large_image\" \/>\n<meta name=\"twitter:label1\" content=\"Est. reading time\" \/>\n\t<meta name=\"twitter:data1\" content=\"1 minute\" \/>\n<script type=\"application\/ld+json\" class=\"yoast-schema-graph\">{\"@context\":\"https:\/\/schema.org\",\"@graph\":[{\"@type\":\"WebPage\",\"@id\":\"https:\/\/www.oasdi.ca\/vi\/living-in-ontario\/exploring\/\",\"url\":\"https:\/\/www.oasdi.ca\/vi\/living-in-ontario\/exploring\/\",\"name\":\"Kh\u00e1m Ph\u00e1 Ontario | Ho\u1ea1t \u0110\u1ed9ng Vui Ch\u01a1i Khi H\u1ecdc \u1edf Canada\",\"isPartOf\":{\"@id\":\"https:\/\/www.oasdi.ca\/vi\/#website\"},\"datePublished\":\"2020-03-22T15:56:48+00:00\",\"dateModified\":\"2020-04-17T12:44:45+00:00\",\"description\":\"Ontario mang \u0111\u1ebfn nhi\u1ec1u c\u01a1 h\u1ed9i th\u00fa v\u1ecb \u0111\u1ec3 kh\u00e1m ph\u00e1 v\u00e0 nhi\u1ec1u n\u01a1i \u0111\u1ec3 tham quan cho h\u1ecdc sinh qu\u1ed1c t\u1ebf. T\u00ecm hi\u1ec3u th\u00eam th\u00f4ng tin v\u1ec1 kh\u00e1m ph\u00e1 Ontario \u1edf \u0111\u00e2y.\",\"breadcrumb\":{\"@id\":\"https:\/\/www.oasdi.ca\/vi\/living-in-ontario\/exploring\/#breadcrumb\"},\"inLanguage\":\"vi-VN\",\"potentialAction\":[{\"@type\":\"ReadAction\",\"target\":[\"https:\/\/www.oasdi.ca\/vi\/living-in-ontario\/exploring\/\"]}]},{\"@type\":\"BreadcrumbList\",\"@id\":\"https:\/\/www.oasdi.ca\/vi\/living-in-ontario\/exploring\/#breadcrumb\",\"itemListElement\":[{\"@type\":\"ListItem\",\"position\":1,\"name\":\"Trang Ch\u1ee7\",\"item\":\"https:\/\/www.oasdi.ca\/vi\/\"},{\"@type\":\"ListItem\",\"position\":2,\"name\":\"S\u1ed1ng \u1edf Ontario V\u1edbi T\u01b0 C\u00e1ch L\u00e0 H\u1ecdc Sinh Qu\u1ed1c T\u1ebf\",\"item\":\"https:\/\/www.oasdi.ca\/vi\/living-in-ontario\/\"},{\"@type\":\"ListItem\",\"position\":3,\"name\":\"Kh\u00e1m Ph\u00e1 Ontario\"}]},{\"@type\":\"WebSite\",\"@id\":\"https:\/\/www.oasdi.ca\/vi\/#website\",\"url\":\"https:\/\/www.oasdi.ca\/vi\/\",\"name\":\"OASDI\",\"description\":\"Ontario Association of School District International\",\"publisher\":{\"@id\":\"https:\/\/www.oasdi.ca\/vi\/#organization\"},\"potentialAction\":[{\"@type\":\"SearchAction\",\"target\":{\"@type\":\"EntryPoint\",\"urlTemplate\":\"https:\/\/www.oasdi.ca\/vi\/?s={search_term_string}\"},\"query-input\":\"required name=search_term_string\"}],\"inLanguage\":\"vi-VN\"},{\"@type\":\"Organization\",\"@id\":\"https:\/\/www.oasdi.ca\/vi\/#organization\",\"name\":\"OASDI\",\"url\":\"https:\/\/www.oasdi.ca\/vi\/\",\"logo\":{\"@type\":\"ImageObject\",\"inLanguage\":\"vi-VN\",\"@id\":\"https:\/\/www.oasdi.ca\/vi\/#\/schema\/logo\/image\/\",\"url\":\"https:\/\/www.oasdi.ca\/wp-content\/uploads\/2020\/02\/cropped-oasdi-logo.png\",\"contentUrl\":\"https:\/\/www.oasdi.ca\/wp-content\/uploads\/2020\/02\/cropped-oasdi-logo.png\",\"width\":468,\"height\":96,\"caption\":\"OASDI\"},\"image\":{\"@id\":\"https:\/\/www.oasdi.ca\/vi\/#\/schema\/logo\/image\/\"}}]}<\/script>\n<!-- \/ Yoast SEO plugin. -->","yoast_head_json":{"title":"Kh\u00e1m Ph\u00e1 Ontario | Ho\u1ea1t \u0110\u1ed9ng Vui Ch\u01a1i Khi H\u1ecdc \u1edf Canada","description":"Ontario mang \u0111\u1ebfn nhi\u1ec1u c\u01a1 h\u1ed9i th\u00fa v\u1ecb \u0111\u1ec3 kh\u00e1m ph\u00e1 v\u00e0 nhi\u1ec1u n\u01a1i \u0111\u1ec3 tham quan cho h\u1ecdc sinh qu\u1ed1c t\u1ebf. T\u00ecm hi\u1ec3u th\u00eam th\u00f4ng tin v\u1ec1 kh\u00e1m ph\u00e1 Ontario \u1edf \u0111\u00e2y.","robots":{"index":"index","follow":"follow","max-snippet":"max-snippet:-1","max-image-preview":"max-image-preview:large","max-video-preview":"max-video-preview:-1"},"canonical":"https:\/\/www.oasdi.ca\/vi\/living-in-ontario\/exploring\/","og_locale":"vi_VN","og_type":"article","og_title":"Kh\u00e1m Ph\u00e1 Ontario | Ho\u1ea1t \u0110\u1ed9ng Vui Ch\u01a1i Khi H\u1ecdc \u1edf Canada","og_description":"Ontario mang \u0111\u1ebfn nhi\u1ec1u c\u01a1 h\u1ed9i th\u00fa v\u1ecb \u0111\u1ec3 kh\u00e1m ph\u00e1 v\u00e0 nhi\u1ec1u n\u01a1i \u0111\u1ec3 tham quan cho h\u1ecdc sinh qu\u1ed1c t\u1ebf. T\u00ecm hi\u1ec3u th\u00eam th\u00f4ng tin v\u1ec1 kh\u00e1m ph\u00e1 Ontario \u1edf \u0111\u00e2y.","og_url":"https:\/\/www.oasdi.ca\/vi\/living-in-ontario\/exploring\/","og_site_name":"OASDI","article_modified_time":"2020-04-17T12:44:45+00:00","og_image":[{"width":1440,"height":268,"url":"https:\/\/www.oasdi.ca\/wp-content\/uploads\/2020\/03\/getting-around-ontario.jpg","type":"image\/jpeg"}],"twitter_card":"summary_large_image","twitter_misc":{"Est. reading time":"1 minute"},"schema":{"@context":"https:\/\/schema.org","@graph":[{"@type":"WebPage","@id":"https:\/\/www.oasdi.ca\/vi\/living-in-ontario\/exploring\/","url":"https:\/\/www.oasdi.ca\/vi\/living-in-ontario\/exploring\/","name":"Kh\u00e1m Ph\u00e1 Ontario | Ho\u1ea1t \u0110\u1ed9ng Vui Ch\u01a1i Khi H\u1ecdc \u1edf Canada","isPartOf":{"@id":"https:\/\/www.oasdi.ca\/vi\/#website"},"datePublished":"2020-03-22T15:56:48+00:00","dateModified":"2020-04-17T12:44:45+00:00","description":"Ontario mang \u0111\u1ebfn nhi\u1ec1u c\u01a1 h\u1ed9i th\u00fa v\u1ecb \u0111\u1ec3 kh\u00e1m ph\u00e1 v\u00e0 nhi\u1ec1u n\u01a1i \u0111\u1ec3 tham quan cho h\u1ecdc sinh qu\u1ed1c t\u1ebf. T\u00ecm hi\u1ec3u th\u00eam th\u00f4ng tin v\u1ec1 kh\u00e1m ph\u00e1 Ontario \u1edf \u0111\u00e2y.","breadcrumb":{"@id":"https:\/\/www.oasdi.ca\/vi\/living-in-ontario\/exploring\/#breadcrumb"},"inLanguage":"vi-VN","potentialAction":[{"@type":"ReadAction","target":["https:\/\/www.oasdi.ca\/vi\/living-in-ontario\/exploring\/"]}]},{"@type":"BreadcrumbList","@id":"https:\/\/www.oasdi.ca\/vi\/living-in-ontario\/exploring\/#breadcrumb","itemListElement":[{"@type":"ListItem","position":1,"name":"Trang Ch\u1ee7","item":"https:\/\/www.oasdi.ca\/vi\/"},{"@type":"ListItem","position":2,"name":"S\u1ed1ng \u1edf Ontario V\u1edbi T\u01b0 C\u00e1ch L\u00e0 H\u1ecdc Sinh Qu\u1ed1c T\u1ebf","item":"https:\/\/www.oasdi.ca\/vi\/living-in-ontario\/"},{"@type":"ListItem","position":3,"name":"Kh\u00e1m Ph\u00e1 Ontario"}]},{"@type":"WebSite","@id":"https:\/\/www.oasdi.ca\/vi\/#website","url":"https:\/\/www.oasdi.ca\/vi\/","name":"OASDI","description":"Ontario Association of School District International","publisher":{"@id":"https:\/\/www.oasdi.ca\/vi\/#organization"},"potentialAction":[{"@type":"SearchAction","target":{"@type":"EntryPoint","urlTemplate":"https:\/\/www.oasdi.ca\/vi\/?s={search_term_string}"},"query-input":"required name=search_term_string"}],"inLanguage":"vi-VN"},{"@type":"Organization","@id":"https:\/\/www.oasdi.ca\/vi\/#organization","name":"OASDI","url":"https:\/\/www.oasdi.ca\/vi\/","logo":{"@type":"ImageObject","inLanguage":"vi-VN","@id":"https:\/\/www.oasdi.ca\/vi\/#\/schema\/logo\/image\/","url":"https:\/\/www.oasdi.ca\/wp-content\/uploads\/2020\/02\/cropped-oasdi-logo.png","contentUrl":"https:\/\/www.oasdi.ca\/wp-content\/uploads\/2020\/02\/cropped-oasdi-logo.png","width":468,"height":96,"caption":"OASDI"},"image":{"@id":"https:\/\/www.oasdi.ca\/vi\/#\/schema\/logo\/image\/"}}]}},"_links":{"self":[{"href":"https:\/\/www.oasdi.ca\/vi\/wp-json\/wp\/v2\/pages\/18594"}],"collection":[{"href":"https:\/\/www.oasdi.ca\/vi\/wp-json\/wp\/v2\/pages"}],"about":[{"href":"https:\/\/www.oasdi.ca\/vi\/wp-json\/wp\/v2\/types\/page"}],"author":[{"embeddable":true,"href":"https:\/\/www.oasdi.ca\/vi\/wp-json\/wp\/v2\/users\/237"}],"replies":[{"embeddable":true,"href":"https:\/\/www.oasdi.ca\/vi\/wp-json\/wp\/v2\/comments?post=18594"}],"version-history":[{"count":0,"href":"https:\/\/www.oasdi.ca\/vi\/wp-json\/wp\/v2\/pages\/18594\/revisions"}],"up":[{"embeddable":true,"href":"https:\/\/www.oasdi.ca\/vi\/wp-json\/wp\/v2\/pages\/18289"}],"wp:featuredmedia":[{"embeddable":true,"href":"https:\/\/www.oasdi.ca\/vi\/wp-json\/wp\/v2\/media\/18412"}],"wp:attachment":[{"href":"https:\/\/www.oasdi.ca\/vi\/wp-json\/wp\/v2\/media?parent=18594"}],"curies":[{"name":"wp","href":"https:\/\/api.w.org\/{rel}","templated":true}]}}