{"id":18453,"date":"2020-03-22T16:01:16","date_gmt":"2020-03-22T16:01:16","guid":{"rendered":"http:\/\/oasdi.ca\/living-in-ontario\/weather-and-seasons\/"},"modified":"2020-04-17T02:25:11","modified_gmt":"2020-04-17T02:25:11","slug":"weather-and-seasons","status":"publish","type":"page","link":"https:\/\/www.oasdi.ca\/vi\/living-in-ontario\/weather-and-seasons\/","title":{"rendered":"Kh\u00ed H\u1eadu v\u00e0 C\u00e1c M\u00f9a \u1edf Ontario"},"content":{"rendered":"<div id=\"pl-18453\"  class=\"panel-layout\" ><div id=\"pg-18453-0\"  class=\"panel-grid panel-no-style\" ><div id=\"pgc-18453-0-0\"  class=\"panel-grid-cell\" ><div id=\"panel-18453-0-0-0\" class=\"so-panel widget widget_sow-image panel-first-child panel-last-child\" data-index=\"0\" ><div class=\"is-featured-img panel-widget-style panel-widget-style-for-18453-0-0-0\" ><div\n\t\t\t\n\t\t\tclass=\"so-widget-sow-image so-widget-sow-image-default-c4f6304fc136-18453\"\n\t\t\t\n\t\t>\n\n<div class=\"sow-image-container\">\n\t\t<img loading=\"lazy\" decoding=\"async\" src=\"https:\/\/www.oasdi.ca\/wp-content\/uploads\/2020\/03\/Weather-and-Ontario\u2019s-Four-Seasons.jpg\" width=\"1440\" height=\"268\" srcset=\"https:\/\/www.oasdi.ca\/wp-content\/uploads\/2020\/03\/Weather-and-Ontario\u2019s-Four-Seasons.jpg 1440w, https:\/\/www.oasdi.ca\/wp-content\/uploads\/2020\/03\/Weather-and-Ontario\u2019s-Four-Seasons-250x47.jpg 250w, https:\/\/www.oasdi.ca\/wp-content\/uploads\/2020\/03\/Weather-and-Ontario\u2019s-Four-Seasons-700x130.jpg 700w, https:\/\/www.oasdi.ca\/wp-content\/uploads\/2020\/03\/Weather-and-Ontario\u2019s-Four-Seasons-768x143.jpg 768w, https:\/\/www.oasdi.ca\/wp-content\/uploads\/2020\/03\/Weather-and-Ontario\u2019s-Four-Seasons-500x93.jpg 500w, https:\/\/www.oasdi.ca\/wp-content\/uploads\/2020\/03\/Weather-and-Ontario\u2019s-Four-Seasons-120x22.jpg 120w\" sizes=\"(max-width: 1440px) 100vw, 1440px\" title=\"Weather and Ontario\u2019s Four Seasons\" alt=\"\" \t\tclass=\"so-widget-image\"\/>\n\t<\/div>\n\n<\/div><\/div><\/div><\/div><\/div><div id=\"pg-18453-1\"  class=\"panel-grid panel-has-style\" ><div class=\"has-container panel-row-style panel-row-style-for-18453-1\" ><div id=\"pgc-18453-1-0\"  class=\"panel-grid-cell\" ><div id=\"panel-18453-1-0-0\" class=\"so-panel widget widget_hem-seo-title-widget panel-first-child panel-last-child\" data-index=\"1\" ><div class=\"panel-widget-style panel-widget-style-for-18453-1-0-0\" ><div\n\t\t\t\n\t\t\tclass=\"so-widget-hem-seo-title-widget so-widget-hem-seo-title-widget-hem-seo-title-widget-style-d75171398898-18453\"\n\t\t\t\n\t\t>\n<h1 style=\"font-size:px;\">Kh\u00ed H\u1eadu v\u00e0 C\u00e1c M\u00f9a \u1edf Ontario<\/h1>\n\n\n\n\t<!-- <div class=\"breadcrumb-trail\"><a href=\"index.php\">Home<\/a> \u00bb <span class=\"breadcrumb-current\">About<\/span><\/div> -->\n\t<div class=\"test1\"><span><span><a href=\"https:\/\/www.oasdi.ca\/vi\/\">Trang Ch\u1ee7<\/a><\/span><\/span><\/div>\n<\/div><\/div><\/div><\/div><\/div><\/div><div id=\"pg-18453-2\"  class=\"panel-grid panel-has-style\" ><div class=\"has-container panel-row-style panel-row-style-for-18453-2\" ><div id=\"pgc-18453-2-0\"  class=\"panel-grid-cell\" ><div id=\"panel-18453-2-0-0\" class=\"so-panel widget widget_hem-sidebar-menu-widget panel-first-child\" data-index=\"2\" ><div\n\t\t\t\n\t\t\tclass=\"so-widget-hem-sidebar-menu-widget so-widget-hem-sidebar-menu-widget-hem-sidebar-menu-widget-style-d75171398898-18453\"\n\t\t\t\n\t\t><div id=\"sidebar\">\n\t\t\t<ul id=\"side-menu\" class=\"side-menu menu-embedded\">\n\t\t\t\n\t\t\t\t\t\t\t\t\n\t\t\t\t\t\t\t\t\t\t\t<li><a href=\"https:\/\/www.oasdi.ca\/vi\/living-in-ontario\/faq\/\">C\u00e2u H\u1ecfi Th\u01b0\u1eddng G\u1eb7p v\u1ec1 S\u1ed1ng \u1edf Ontario cho H\u1ecdc Sinh Qu\u1ed1c T\u1ebf<\/a><\/li>\n\t\t\t\t\t\t\t\t\t\t\t\t\t\n\t\t\t\t\t\t\t\t\t\t\t<li><a class=\"active\" href=\"https:\/\/www.oasdi.ca\/vi\/living-in-ontario\/weather-and-seasons\/\">Kh\u00ed H\u1eadu v\u00e0 C\u00e1c M\u00f9a \u1edf Ontario<\/a><\/li>\n\t\t\t\t\t\t\t\t\t\t\t\t\t\n\t\t\t\t\t\t\t\t\t\t\t<li><a href=\"https:\/\/www.oasdi.ca\/vi\/living-in-ontario\/attractions\/\">C\u00e1c K\u1ef3 Quan Thi\u00ean Nhi\u00ean v\u00e0 Khu Du L\u1ecbch Ch\u00ednh \u1edf Ontario<\/a><\/li>\n\t\t\t\t\t\t\t\t\t\t\t\t\t\n\t\t\t\t\t\t\t\t\t\t\t<li><a href=\"https:\/\/www.oasdi.ca\/vi\/living-in-ontario\/exploring\/\">Kh\u00e1m Ph\u00e1 Ontario<\/a><\/li>\n\t\t\t\t\t\t\t\t\t\t\t\t\t\n\t\t\t\t\t\t\t\t\t\t\t<li><a href=\"https:\/\/www.oasdi.ca\/vi\/living-in-ontario\/getting-around\/\">\u0110i L\u1ea1i \u1edf Ontario<\/a><\/li>\n\t\t\t\t\t\t\t\t\t\t\t\t\t\n\t\t\t\t\t\t\t\t\t\t\t<li><a href=\"https:\/\/www.oasdi.ca\/vi\/living-in-ontario\/canadian-culture\/\">V\u0103n H\u00f3a Canada<\/a><\/li>\n\t\t\t\t\t\t\t\t\t\t\t\t\t\n\t\t\t\t\t\t\t\t\t\t\t<li><a href=\"https:\/\/www.oasdi.ca\/vi\/living-in-ontario\/rural-living\/\">Cu\u1ed9c S\u1ed1ng \u1edf N\u00f4ng Th\u00f4n, Ngo\u1ea1i \u00d4 v\u00e0 \u0110\u00f4 Th\u1ecb \u1edf Ontario<\/a><\/li>\n\t\t\t\t\t\t\t\t\t\t\t\t\t\n\t\t\t\t\t\t\t\t\t\t\t<li><a href=\"https:\/\/www.oasdi.ca\/vi\/living-in-ontario\/homestay-services\/\">D\u1ecbch V\u1ee5 S\u1ed1ng \u1edf Nh\u00e0 D\u00e2n B\u1ea3n X\u1ee9 \u1edf Ontario cho H\u1ecdc Sinh Qu\u1ed1c T\u1ebf<\/a><\/li>\n\t\t\t\t\t\t\t\t\t\t\n\n\t\t\t\t<!-- Extra menu -->\n\t\t\t\t\n\n\n\t\t\t\t\t<\/ul>\n\t\n\n<\/div><\/div><\/div><div id=\"panel-18453-2-0-1\" class=\"so-panel widget widget_hem-sidebar-link-widget panel-last-child\" data-index=\"3\" ><div\n\t\t\t\n\t\t\tclass=\"so-widget-hem-sidebar-link-widget so-widget-hem-sidebar-link-widget-hem-sidebar-link-widget-style-d75171398898-18453\"\n\t\t\t\n\t\t><div id=\"sidebar\" class=\"external-link-only\">\n\n\n\n\t\t\t\t<!-- Extra menu -->\n\t\t\t\t\t\t\t\t\t<ul id=\"side-menu\" class=\"side-menu menu-embedded\">\n\t\t\t\t\t\t\t\t\t\t\t\t\t\t\t\t\t\t\t\t\t<li><a  href=\"https:\/\/www.oasdi.ca\/map-search\/\">Map Overview<\/a><\/li>\n\t\t\t\t\t\t\t\t\t\t\t\t\t\t\n\t\t\t\t\t\t\t\t\t\t\t\t\t\t\t\t\t\t\t\t\t<li><a  href=\"https:\/\/www.oasdi.ca\/district-list\/\">District List<\/a><\/li>\n\t\t\t\t\t\t\t\t\t\t\t\t\t\t\n\t\t\t\t\t\t\t\n\t\t\t\t\t<\/ul>\n\t\t\t\t\n\t\t\t\t\n\n\n\n\n<\/div><\/div><\/div><\/div><div id=\"pgc-18453-2-1\"  class=\"panel-grid-cell\" ><div class=\"pl-sm-3 pl-md-5 panel-cell-style panel-cell-style-for-18453-2-1\" ><div id=\"panel-18453-2-1-0\" class=\"so-panel widget widget_sow-editor panel-first-child panel-last-child\" data-index=\"4\" ><div\n\t\t\t\n\t\t\tclass=\"so-widget-sow-editor so-widget-sow-editor-base\"\n\t\t\t\n\t\t>\n<div class=\"siteorigin-widget-tinymce textwidget\">\n\t<p>N\u00f3i chung, th\u1eddi ti\u1ebft \u1edf Ontario \u0111\u01b0\u1ee3c xe\u0301t l\u00e0 c\u00f3 kh\u00ed h\u1eadu \u201cl\u1ee5c \u0111\u1ecba\u201d, nh\u01b0ng tr\u00ean th\u1ef1c t\u1ebf, b\u1edfi v\u00ec Ontario l\u00e0 m\u1ed9t t\u1ec9nh r\u1ea5t l\u1edbn, n\u00ean th\u1eddi ti\u1ebft c\u00f3 th\u1ec3 thay \u0111\u1ed5i r\u00e2\u0301t nhi\u00ea\u0300u t\u00f9y thu\u1ed9c v\u00e0o m\u00f9a v\u00e0 \u0111\u1ecba \u0111i\u1ec3m.\u00a0 \u01a0\u0309 Ontario, nhi\u00ea\u0323t \u0111\u00f4\u0323 \u0111\u01b0\u01a1\u0323c th\u00f4ng ba\u0301o b\u1eb1ng \u0111\u1ed9 C. M\u00f9a h\u00e8 \u1edf ph\u00eda nam Ontario c\u00f3 th\u1ec3 c\u1ef1c k\u1ef3 n\u00f3ng v\u00e0 \u1ea9m v\u1edbi nhi\u1ec7t \u0111\u1ed9 l\u00ean \u0111\u1ebfn 40\u00baC, trong khi m\u00f9a \u0111\u00f4ng \u1edf Mi\u00ea\u0300n B\u1eafc Ontario\u00a0 \u0111\u00e3 t\u1eebng ghi nh\u1eadn nhi\u1ec7t \u0111\u1ed9 r\u1ea5t l\u1ea1nh -40\u00baC.\u00a0 \u0110\u00e2y l\u00e0 nh\u1eefng v\u00ed d\u1ee5 v\u1ec1 nhi\u1ec7t \u0111\u1ed9 kh\u1eafc nghi\u1ec7t, nh\u01b0ng h\u1ea7u h\u1ebft th\u1eddi gian th\u1eddi ti\u1ebft kh\u00e1 \u00f4n ho\u00e0 v\u00e0 m\u1ecdi ng\u01b0\u1eddi th\u00edch \u1ee9ng v\u1edbi \u0111i\u1ec1u ki\u1ec7n th\u1eddi ti\u1ebft kh\u00e1c nhau m\u1ed9t c\u00e1ch d\u1ec5 d\u00e0ng khi h\u1ecd bi\u1ebft \u0111i\u1ec1u g\u00ec s\u1ebd x\u1ea3y ra; vi\u1ec7c chu\u1ea9n b\u1ecb cho s\u1ef1 thay \u0111\u1ed5i trong c\u00e1c \u0111i\u1ec1u ki\u1ec7n th\u1eddi ti\u1ebft c\u1ee7a m\u1ed7i m\u00f9a trong b\u1ed1n m\u00f9a l\u00e0 r\u1ea5t c\u1ea7n thi\u1ebft. B\u1ea5t k\u1ec3 th\u1eddi ti\u1ebft nh\u01b0 th\u00ea\u0301 na\u0300o, ng\u01b0\u1eddi d\u00e2n v\u1eabn ti\u1ebfp t\u1ee5c ho\u1ea1t \u0111\u1ed9ng ngo\u00e0i tr\u01a1\u0300i su\u1ed1t t\u1ea5t c\u1ea3 c\u00e1c m\u00f9a.<\/p>\n<p>Tr\u00ean kh\u0103\u0301p Ontario c\u00f3 b\u1ed1n m\u00f9a kh\u00e1c bi\u1ec7t: m\u00f9a xu\u00e2n, m\u00f9a h\u00e8, m\u00f9a thu v\u00e0 m\u00f9a \u0111\u00f4ng.<\/p>\n<p><strong>Mu\u0300a xu\u00e2n (t\u01b0\u0300 tha\u0301ng 3 \u0111\u00ea\u0301n tha\u0301ng 6):\u00a0<\/strong>C\u00f3 khuynh h\u01b0\u1edbng l\u00e0 m\u00f9a m\u01b0a v\u00e0 \u00e2\u0309m \u01b0\u01a1\u0301t, do \u0111\u00f3 c\u1ea7n ph\u1ea3i m\u1eb7c \u00e1o m\u01b0a. M\u1ed9t s\u1ed1 khu v\u1ef1c c\u1ee7a Ontario s\u1ebd ti\u1ebfp t\u1ee5c c\u00f3 b\u00e3o tuy\u1ebft. \u0110\u00eam c\u00f3 th\u1ec3 m\u00e1t m\u1ebb v\u00e0 nhi\u1ec7t \u0111\u1ed9 c\u00f3 th\u1ec3 thay \u0111\u1ed5i r\u1ea5t l\u1edbn trong ng\u00e0y v\u00e0 t\u1eeb ng\u00e0y n\u00e0y sang ng\u00e0y kh\u00e1c.<\/p>\n<p><strong>Mu\u0300a he\u0300 (t\u01b0\u0300 tha\u0301ng 6 \u0111\u00ea\u0301n tha\u0301ng 9):\u00a0<\/strong>C\u00f3 xu h\u01b0\u1edbng \u1ea5m l\u00ean nhanh ch\u00f3ng v\u00e0 nhi\u1ec7t \u0111\u1ed9 c\u00f3 th\u1ec3 n\u00f3ng v\u00e0 \u1ea9m v\u00e0 ban ng\u00e0y nhi\u00ea\u0323t \u0111\u00f4\u0323 th\u01b0\u1eddng trong khoa\u0309ng 20\u00ba-30\u00baC trong khi \u0111\u00eam co\u0301 xu h\u01b0\u01a1\u0301ng trung bi\u0300nh trong khoa\u0309ng 10\u00baC. N\u00ean mang qu\u1ea7n \u00e1o gi\u1ea3n d\u1ecb go\u0323n nh\u1eb9 v\u1edbi m\u0169 v\u00e0 nhi\u1ec1u kem ch\u1ed1ng n\u1eafng khi\u00a0 \u1edf ngo\u00e0i tr\u01a1\u0300i.<\/p>\n<p><strong>Mu\u0300a thu (t\u01b0\u0300 tha\u0301ng 9 \u0111\u00ea\u0301n tha\u0301ng 12):\u00a0<\/strong>C\u00f3 xu h\u01b0\u1edbng nh\u00ecn th\u1ea5y ng\u00e0y tr\u1edf n\u00ean ng\u1eafn h\u01a1n v\u1edbi nhi\u1ec7t \u0111\u1ed9 l\u1ea1nh h\u01a1n, \u0111\u1eb7c bi\u1ec7t l\u00e0 ban \u0111\u00eam. C\u00e2y c\u00f4\u0301i b\u0103\u0301t \u0111\u00e2\u0300u s\u0103\u0303n sa\u0300ng cho mu\u0300a \u0111\u00f4ng b\u0103\u0300ng \u201cma\u0300n tri\u0300nh di\u00ea\u0303n\u201d ma\u0300u s\u0103\u0301c. \u1ede c\u00e1c v\u00f9ng ph\u00eda nam Ontario c\u00f3 xu h\u01b0\u1edbng c\u00f3 m\u01b0a v\u00e0 gi\u00f3,\u00a0 v\u00e0 \u1edf c\u00e1c v\u00f9ng ph\u00eda B\u1eafc c\u1ee7a t\u1ec9nh s\u1ebd c\u00f3 tuy\u1ebft. Qu\u1ea7n \u00e1o nhi\u00ea\u0300u l\u01a1\u0301p la\u0300 t\u1ed1t nh\u1ea5t \u0111\u1ec3 th\u00edch \u1ee9ng v\u1edbi nh\u1eefng thay \u0111\u1ed5i v\u1ec1 nhi\u1ec7t \u0111\u1ed9 trong ng\u00e0y, khuy\u00ea\u0301n khi\u0301ch n\u00ean s\u1eed d\u1ee5ng \u00e1o len, \u00e1o khoa\u0301c c\u00f3 l\u1edbp l\u00f3t, v\u00e0 kh\u0103n qu\u00e0ng c\u1ed5.<\/p>\n<p><strong>Mu\u0300a \u0111\u00f4ng (tha\u0301ng 12 \u0111\u00ea\u0301n tha\u0301ng 3):\u00a0<\/strong>C\u00f3 xu h\u01b0\u1edbng c\u00f3 nhi\u1ec1u ng\u00e0y ng\u1eafn h\u01a1n, v\u00e0 s\u1ebd c\u00f3 nhi\u1ec7t \u0111\u1ed9 l\u1ea1nh v\u1edbi b\u00e3o tuy\u1ebft th\u01b0\u1eddng xuy\u00ean. \u0110\u00f4i khi c\u00f3 nh\u1eefng c\u1ea3nh b\u00e1o th\u1eddi ti\u1ebft \u0111\u1eb7c bi\u1ec7t v\u1ec1 nhi\u1ec7t \u0111\u1ed9 th\u1ea5p c\u00f3 th\u1ec3 g\u00e2y nguy hi\u1ec3m n\u1ebfu mo\u0323i ng\u01b0\u01a1\u0300i kh\u00f4ng m\u1eb7c qu\u1ea7n \u00e1o ph\u00f9 h\u1ee3p v\u1edbi \u0111i\u1ec1u ki\u1ec7n. Gi\u00f3 m\u1ea1nh c\u00f3 th\u1ec3 l\u00e0m cho nhi\u1ec7t \u0111\u1ed9 c\u1ea3m th\u1ea5y l\u1ea1nh h\u01a1n nhi\u1ec7t \u0111\u1ed9 kh\u00f4ng kh\u00ed \u0111\u01b0\u01a1\u0323c ba\u0301o.\u00a0 V\u00ec v\u1eady, \u0111i\u1ec1u tuy\u1ec7t \u0111\u1ed1i c\u1ea7n thi\u1ebft la\u0300 ph\u1ea3i c\u00f3 m\u1ed9t chi\u1ebfc \u00e1o kho\u00e1c m\u00f9a \u0111\u00f4ng, m\u1ed9t chi\u1ebfc m\u0169 v\u00e0 gi\u00e0y \u1ee7ng ch\u1eafc ch\u1eafn \u0111\u1ec3 gi\u1eef \u1ea5m. M\u1ed9t l\u1ea7n n\u1eefa, m\u1eb7c qu\u1ea7n \u00e1o nhi\u00ea\u0300u l\u1edbp l\u00e0 c\u00f3 l\u1ee3i cho vi\u1ec7c \u0111\u1ed1i ph\u00f3 v\u1edbi \u0111i\u1ec1u ki\u1ec7n th\u1eddi ti\u1ebft.<\/p>\n<h4><strong>C\u00e2\u0300n nhi\u00ea\u0300u th\u00f4ng tin v\u00ea\u0300 th\u01a1\u0300i ti\u00ea\u0301t h\u01a1n \u01a1\u0309 Ontario?<\/strong><\/h4>\n<ul>\n<li><a href=\"http:\/\/www.weather.gc.ca\/forecast\/canada\/index_e.html?id=on\" target=\"_blank\" rel=\"noopener\">Th\u1eddi Ti\u1ebft Ontario theo Trang M\u00f4i Tr\u01b0\u01a1\u0300ng Canada<\/a><\/li>\n<li><a href=\"http:\/\/www.ontariotravel.net\/en\/plan\/tools-and-tips\/weather\" target=\"_blank\" rel=\"noopener\">Chi\u0301nh phu\u0309 Ontario<\/a><\/li>\n<li><a href=\"http:\/\/www.theweathernetwork.com\/ca\" target=\"_blank\" rel=\"noopener\">The Weather Network (Ma\u0323ng L\u01b0\u01a1\u0301i Th\u01a1\u0300i Ti\u00ea\u0301t)<\/a><\/li>\n<li><a href=\"http:\/\/www.settlement.org\/ontario\/housing\/living-in-ontario\/housing-basics\/what-is-the-weather-like-in-ontario\" target=\"_blank\" rel=\"noopener\">Th\u01a1\u0300i ti\u00ea\u0301t \u01a1\u0309 Ontario nh\u01b0 th\u00ea\u0301 na\u0300o?<\/a><\/li>\n<li><a href=\"http:\/\/www.settlement.org\/ontario\/education\/elementary-and-secondary-school\/general-information\/dressing-for-winter\" target=\"_blank\" rel=\"noopener\">Qu\u00e2\u0300n A\u0301o cho Mu\u0300a \u0110\u00f4ng<\/a><\/li>\n<\/ul>\n<\/div>\n<\/div><\/div><\/div><\/div><\/div><\/div><\/div>","protected":false},"excerpt":{"rendered":"Kh\u00ed H\u1eadu v\u00e0 C\u00e1c M\u00f9a \u1edf Ontario Trang Ch\u1ee7 C\u00e2u H\u1ecfi Th\u01b0\u1eddng G\u1eb7p v\u1ec1 S\u1ed1ng \u1edf Ontario cho H\u1ecdc Sinh Qu\u1ed1c T\u1ebf Kh\u00ed H\u1eadu v\u00e0 C\u00e1c M\u00f9a \u1edf Ontario C\u00e1c K\u1ef3 Quan Thi\u00ean Nhi\u00ean v\u00e0 Khu Du L\u1ecbch Ch\u00ednh \u1edf Ontario Kh\u00e1m Ph\u00e1 Ontario \u0110i L\u1ea1i \u1edf Ontario V\u0103n H\u00f3a Canada Cu\u1ed9c S\u1ed1ng \u1edf N\u00f4ng&#8230; <a class=\"view-article\" href=\"https:\/\/www.oasdi.ca\/vi\/living-in-ontario\/weather-and-seasons\/\">View Article<\/a>","protected":false},"author":237,"featured_media":18454,"parent":18289,"menu_order":0,"comment_status":"closed","ping_status":"closed","template":"","meta":{"footnotes":""},"class_list":["post-18453","page","type-page","status-publish","has-post-thumbnail","hentry"],"yoast_head":"<!-- This site is optimized with the Yoast SEO plugin v21.5 - https:\/\/yoast.com\/wordpress\/plugins\/seo\/ -->\n<title>S\u1ed1ng \u1edf Canada Trong Th\u1eddi Gian Du H\u1ecdc | Hi\u1ec3u v\u1ec1 Th\u1eddi Ti\u1ebft<\/title>\n<meta name=\"description\" content=\"H\u1ecdc sinh qu\u1ed1c t\u1ebf \u0111ang xem x\u00e9t h\u1ecdc t\u1eadp \u1edf Ontario c\u00f3 th\u1ec3 t\u00f2 m\u00f2 v\u1ec1 kh\u00ed h\u1eadu n\u01a1i \u0111\u00e2y. T\u00ecm hi\u1ec3u th\u00eam v\u1ec1 kh\u00ed h\u1eadu, th\u1eddi ti\u1ebft v\u00e0 c\u00e1c m\u00f9a c\u1ee7a Ontario \u1edf \u0111\u00e2y.\" \/>\n<meta name=\"robots\" content=\"index, follow, max-snippet:-1, max-image-preview:large, max-video-preview:-1\" \/>\n<link rel=\"canonical\" href=\"https:\/\/www.oasdi.ca\/vi\/living-in-ontario\/weather-and-seasons\/\" \/>\n<meta property=\"og:locale\" content=\"vi_VN\" \/>\n<meta property=\"og:type\" content=\"article\" \/>\n<meta property=\"og:title\" content=\"S\u1ed1ng \u1edf Canada Trong Th\u1eddi Gian Du H\u1ecdc | Hi\u1ec3u v\u1ec1 Th\u1eddi Ti\u1ebft\" \/>\n<meta property=\"og:description\" content=\"H\u1ecdc sinh qu\u1ed1c t\u1ebf \u0111ang xem x\u00e9t h\u1ecdc t\u1eadp \u1edf Ontario c\u00f3 th\u1ec3 t\u00f2 m\u00f2 v\u1ec1 kh\u00ed h\u1eadu n\u01a1i \u0111\u00e2y. T\u00ecm hi\u1ec3u th\u00eam v\u1ec1 kh\u00ed h\u1eadu, th\u1eddi ti\u1ebft v\u00e0 c\u00e1c m\u00f9a c\u1ee7a Ontario \u1edf \u0111\u00e2y.\" \/>\n<meta property=\"og:url\" content=\"https:\/\/www.oasdi.ca\/vi\/living-in-ontario\/weather-and-seasons\/\" \/>\n<meta property=\"og:site_name\" content=\"OASDI\" \/>\n<meta property=\"article:modified_time\" content=\"2020-04-17T02:25:11+00:00\" \/>\n<meta property=\"og:image\" content=\"https:\/\/www.oasdi.ca\/wp-content\/uploads\/2020\/03\/Weather-and-Ontario\u2019s-Four-Seasons.jpg\" \/>\n\t<meta property=\"og:image:width\" content=\"1440\" \/>\n\t<meta property=\"og:image:height\" content=\"268\" \/>\n\t<meta property=\"og:image:type\" content=\"image\/jpeg\" \/>\n<meta name=\"twitter:card\" content=\"summary_large_image\" \/>\n<meta name=\"twitter:label1\" content=\"Est. reading time\" \/>\n\t<meta name=\"twitter:data1\" content=\"4 minutes\" \/>\n<script type=\"application\/ld+json\" class=\"yoast-schema-graph\">{\"@context\":\"https:\/\/schema.org\",\"@graph\":[{\"@type\":\"WebPage\",\"@id\":\"https:\/\/www.oasdi.ca\/vi\/living-in-ontario\/weather-and-seasons\/\",\"url\":\"https:\/\/www.oasdi.ca\/vi\/living-in-ontario\/weather-and-seasons\/\",\"name\":\"S\u1ed1ng \u1edf Canada Trong Th\u1eddi Gian Du H\u1ecdc | Hi\u1ec3u v\u1ec1 Th\u1eddi Ti\u1ebft\",\"isPartOf\":{\"@id\":\"https:\/\/www.oasdi.ca\/vi\/#website\"},\"datePublished\":\"2020-03-22T16:01:16+00:00\",\"dateModified\":\"2020-04-17T02:25:11+00:00\",\"description\":\"H\u1ecdc sinh qu\u1ed1c t\u1ebf \u0111ang xem x\u00e9t h\u1ecdc t\u1eadp \u1edf Ontario c\u00f3 th\u1ec3 t\u00f2 m\u00f2 v\u1ec1 kh\u00ed h\u1eadu n\u01a1i \u0111\u00e2y. T\u00ecm hi\u1ec3u th\u00eam v\u1ec1 kh\u00ed h\u1eadu, th\u1eddi ti\u1ebft v\u00e0 c\u00e1c m\u00f9a c\u1ee7a Ontario \u1edf \u0111\u00e2y.\",\"breadcrumb\":{\"@id\":\"https:\/\/www.oasdi.ca\/vi\/living-in-ontario\/weather-and-seasons\/#breadcrumb\"},\"inLanguage\":\"vi-VN\",\"potentialAction\":[{\"@type\":\"ReadAction\",\"target\":[\"https:\/\/www.oasdi.ca\/vi\/living-in-ontario\/weather-and-seasons\/\"]}]},{\"@type\":\"BreadcrumbList\",\"@id\":\"https:\/\/www.oasdi.ca\/vi\/living-in-ontario\/weather-and-seasons\/#breadcrumb\",\"itemListElement\":[{\"@type\":\"ListItem\",\"position\":1,\"name\":\"Trang Ch\u1ee7\",\"item\":\"https:\/\/www.oasdi.ca\/vi\/\"},{\"@type\":\"ListItem\",\"position\":2,\"name\":\"S\u1ed1ng \u1edf Ontario V\u1edbi T\u01b0 C\u00e1ch L\u00e0 H\u1ecdc Sinh Qu\u1ed1c T\u1ebf\",\"item\":\"https:\/\/www.oasdi.ca\/vi\/living-in-ontario\/\"},{\"@type\":\"ListItem\",\"position\":3,\"name\":\"Kh\u00ed H\u1eadu v\u00e0 C\u00e1c M\u00f9a \u1edf Ontario\"}]},{\"@type\":\"WebSite\",\"@id\":\"https:\/\/www.oasdi.ca\/vi\/#website\",\"url\":\"https:\/\/www.oasdi.ca\/vi\/\",\"name\":\"OASDI\",\"description\":\"Ontario Association of School District International\",\"publisher\":{\"@id\":\"https:\/\/www.oasdi.ca\/vi\/#organization\"},\"potentialAction\":[{\"@type\":\"SearchAction\",\"target\":{\"@type\":\"EntryPoint\",\"urlTemplate\":\"https:\/\/www.oasdi.ca\/vi\/?s={search_term_string}\"},\"query-input\":\"required name=search_term_string\"}],\"inLanguage\":\"vi-VN\"},{\"@type\":\"Organization\",\"@id\":\"https:\/\/www.oasdi.ca\/vi\/#organization\",\"name\":\"OASDI\",\"url\":\"https:\/\/www.oasdi.ca\/vi\/\",\"logo\":{\"@type\":\"ImageObject\",\"inLanguage\":\"vi-VN\",\"@id\":\"https:\/\/www.oasdi.ca\/vi\/#\/schema\/logo\/image\/\",\"url\":\"https:\/\/www.oasdi.ca\/wp-content\/uploads\/2020\/02\/cropped-oasdi-logo.png\",\"contentUrl\":\"https:\/\/www.oasdi.ca\/wp-content\/uploads\/2020\/02\/cropped-oasdi-logo.png\",\"width\":468,\"height\":96,\"caption\":\"OASDI\"},\"image\":{\"@id\":\"https:\/\/www.oasdi.ca\/vi\/#\/schema\/logo\/image\/\"}}]}<\/script>\n<!-- \/ Yoast SEO plugin. -->","yoast_head_json":{"title":"S\u1ed1ng \u1edf Canada Trong Th\u1eddi Gian Du H\u1ecdc | Hi\u1ec3u v\u1ec1 Th\u1eddi Ti\u1ebft","description":"H\u1ecdc sinh qu\u1ed1c t\u1ebf \u0111ang xem x\u00e9t h\u1ecdc t\u1eadp \u1edf Ontario c\u00f3 th\u1ec3 t\u00f2 m\u00f2 v\u1ec1 kh\u00ed h\u1eadu n\u01a1i \u0111\u00e2y. T\u00ecm hi\u1ec3u th\u00eam v\u1ec1 kh\u00ed h\u1eadu, th\u1eddi ti\u1ebft v\u00e0 c\u00e1c m\u00f9a c\u1ee7a Ontario \u1edf \u0111\u00e2y.","robots":{"index":"index","follow":"follow","max-snippet":"max-snippet:-1","max-image-preview":"max-image-preview:large","max-video-preview":"max-video-preview:-1"},"canonical":"https:\/\/www.oasdi.ca\/vi\/living-in-ontario\/weather-and-seasons\/","og_locale":"vi_VN","og_type":"article","og_title":"S\u1ed1ng \u1edf Canada Trong Th\u1eddi Gian Du H\u1ecdc | Hi\u1ec3u v\u1ec1 Th\u1eddi Ti\u1ebft","og_description":"H\u1ecdc sinh qu\u1ed1c t\u1ebf \u0111ang xem x\u00e9t h\u1ecdc t\u1eadp \u1edf Ontario c\u00f3 th\u1ec3 t\u00f2 m\u00f2 v\u1ec1 kh\u00ed h\u1eadu n\u01a1i \u0111\u00e2y. T\u00ecm hi\u1ec3u th\u00eam v\u1ec1 kh\u00ed h\u1eadu, th\u1eddi ti\u1ebft v\u00e0 c\u00e1c m\u00f9a c\u1ee7a Ontario \u1edf \u0111\u00e2y.","og_url":"https:\/\/www.oasdi.ca\/vi\/living-in-ontario\/weather-and-seasons\/","og_site_name":"OASDI","article_modified_time":"2020-04-17T02:25:11+00:00","og_image":[{"width":1440,"height":268,"url":"https:\/\/www.oasdi.ca\/wp-content\/uploads\/2020\/03\/Weather-and-Ontario\u2019s-Four-Seasons.jpg","type":"image\/jpeg"}],"twitter_card":"summary_large_image","twitter_misc":{"Est. reading time":"4 minutes"},"schema":{"@context":"https:\/\/schema.org","@graph":[{"@type":"WebPage","@id":"https:\/\/www.oasdi.ca\/vi\/living-in-ontario\/weather-and-seasons\/","url":"https:\/\/www.oasdi.ca\/vi\/living-in-ontario\/weather-and-seasons\/","name":"S\u1ed1ng \u1edf Canada Trong Th\u1eddi Gian Du H\u1ecdc | Hi\u1ec3u v\u1ec1 Th\u1eddi Ti\u1ebft","isPartOf":{"@id":"https:\/\/www.oasdi.ca\/vi\/#website"},"datePublished":"2020-03-22T16:01:16+00:00","dateModified":"2020-04-17T02:25:11+00:00","description":"H\u1ecdc sinh qu\u1ed1c t\u1ebf \u0111ang xem x\u00e9t h\u1ecdc t\u1eadp \u1edf Ontario c\u00f3 th\u1ec3 t\u00f2 m\u00f2 v\u1ec1 kh\u00ed h\u1eadu n\u01a1i \u0111\u00e2y. T\u00ecm hi\u1ec3u th\u00eam v\u1ec1 kh\u00ed h\u1eadu, th\u1eddi ti\u1ebft v\u00e0 c\u00e1c m\u00f9a c\u1ee7a Ontario \u1edf \u0111\u00e2y.","breadcrumb":{"@id":"https:\/\/www.oasdi.ca\/vi\/living-in-ontario\/weather-and-seasons\/#breadcrumb"},"inLanguage":"vi-VN","potentialAction":[{"@type":"ReadAction","target":["https:\/\/www.oasdi.ca\/vi\/living-in-ontario\/weather-and-seasons\/"]}]},{"@type":"BreadcrumbList","@id":"https:\/\/www.oasdi.ca\/vi\/living-in-ontario\/weather-and-seasons\/#breadcrumb","itemListElement":[{"@type":"ListItem","position":1,"name":"Trang Ch\u1ee7","item":"https:\/\/www.oasdi.ca\/vi\/"},{"@type":"ListItem","position":2,"name":"S\u1ed1ng \u1edf Ontario V\u1edbi T\u01b0 C\u00e1ch L\u00e0 H\u1ecdc Sinh Qu\u1ed1c T\u1ebf","item":"https:\/\/www.oasdi.ca\/vi\/living-in-ontario\/"},{"@type":"ListItem","position":3,"name":"Kh\u00ed H\u1eadu v\u00e0 C\u00e1c M\u00f9a \u1edf Ontario"}]},{"@type":"WebSite","@id":"https:\/\/www.oasdi.ca\/vi\/#website","url":"https:\/\/www.oasdi.ca\/vi\/","name":"OASDI","description":"Ontario Association of School District International","publisher":{"@id":"https:\/\/www.oasdi.ca\/vi\/#organization"},"potentialAction":[{"@type":"SearchAction","target":{"@type":"EntryPoint","urlTemplate":"https:\/\/www.oasdi.ca\/vi\/?s={search_term_string}"},"query-input":"required name=search_term_string"}],"inLanguage":"vi-VN"},{"@type":"Organization","@id":"https:\/\/www.oasdi.ca\/vi\/#organization","name":"OASDI","url":"https:\/\/www.oasdi.ca\/vi\/","logo":{"@type":"ImageObject","inLanguage":"vi-VN","@id":"https:\/\/www.oasdi.ca\/vi\/#\/schema\/logo\/image\/","url":"https:\/\/www.oasdi.ca\/wp-content\/uploads\/2020\/02\/cropped-oasdi-logo.png","contentUrl":"https:\/\/www.oasdi.ca\/wp-content\/uploads\/2020\/02\/cropped-oasdi-logo.png","width":468,"height":96,"caption":"OASDI"},"image":{"@id":"https:\/\/www.oasdi.ca\/vi\/#\/schema\/logo\/image\/"}}]}},"_links":{"self":[{"href":"https:\/\/www.oasdi.ca\/vi\/wp-json\/wp\/v2\/pages\/18453"}],"collection":[{"href":"https:\/\/www.oasdi.ca\/vi\/wp-json\/wp\/v2\/pages"}],"about":[{"href":"https:\/\/www.oasdi.ca\/vi\/wp-json\/wp\/v2\/types\/page"}],"author":[{"embeddable":true,"href":"https:\/\/www.oasdi.ca\/vi\/wp-json\/wp\/v2\/users\/237"}],"replies":[{"embeddable":true,"href":"https:\/\/www.oasdi.ca\/vi\/wp-json\/wp\/v2\/comments?post=18453"}],"version-history":[{"count":0,"href":"https:\/\/www.oasdi.ca\/vi\/wp-json\/wp\/v2\/pages\/18453\/revisions"}],"up":[{"embeddable":true,"href":"https:\/\/www.oasdi.ca\/vi\/wp-json\/wp\/v2\/pages\/18289"}],"wp:featuredmedia":[{"embeddable":true,"href":"https:\/\/www.oasdi.ca\/vi\/wp-json\/wp\/v2\/media\/18454"}],"wp:attachment":[{"href":"https:\/\/www.oasdi.ca\/vi\/wp-json\/wp\/v2\/media?parent=18453"}],"curies":[{"name":"wp","href":"https:\/\/api.w.org\/{rel}","templated":true}]}}