{"id":18411,"date":"2020-03-22T15:54:51","date_gmt":"2020-03-22T15:54:51","guid":{"rendered":"http:\/\/oasdi.ca\/living-in-ontario\/getting-around\/"},"modified":"2020-04-17T01:01:52","modified_gmt":"2020-04-17T01:01:52","slug":"getting-around","status":"publish","type":"page","link":"https:\/\/www.oasdi.ca\/vi\/living-in-ontario\/getting-around\/","title":{"rendered":"\u0110i L\u1ea1i \u1edf Ontario"},"content":{"rendered":"<div id=\"pl-18411\"  class=\"panel-layout\" ><div id=\"pg-18411-0\"  class=\"panel-grid panel-no-style\" ><div id=\"pgc-18411-0-0\"  class=\"panel-grid-cell\" ><div id=\"panel-18411-0-0-0\" class=\"so-panel widget widget_sow-image panel-first-child panel-last-child\" data-index=\"0\" ><div class=\"is-featured-img panel-widget-style panel-widget-style-for-18411-0-0-0\" ><div\n\t\t\t\n\t\t\tclass=\"so-widget-sow-image so-widget-sow-image-default-c4f6304fc136-18411\"\n\t\t\t\n\t\t>\n\n<div class=\"sow-image-container\">\n\t\t<img loading=\"lazy\" decoding=\"async\" src=\"https:\/\/www.oasdi.ca\/wp-content\/uploads\/2020\/03\/getting-around-ontario.jpg\" width=\"1440\" height=\"268\" srcset=\"https:\/\/www.oasdi.ca\/wp-content\/uploads\/2020\/03\/getting-around-ontario.jpg 1440w, https:\/\/www.oasdi.ca\/wp-content\/uploads\/2020\/03\/getting-around-ontario-250x47.jpg 250w, https:\/\/www.oasdi.ca\/wp-content\/uploads\/2020\/03\/getting-around-ontario-700x130.jpg 700w, https:\/\/www.oasdi.ca\/wp-content\/uploads\/2020\/03\/getting-around-ontario-768x143.jpg 768w, https:\/\/www.oasdi.ca\/wp-content\/uploads\/2020\/03\/getting-around-ontario-500x93.jpg 500w, https:\/\/www.oasdi.ca\/wp-content\/uploads\/2020\/03\/getting-around-ontario-120x22.jpg 120w\" sizes=\"(max-width: 1440px) 100vw, 1440px\" title=\"getting around ontario\" alt=\"getting around ontario\" \t\tclass=\"so-widget-image\"\/>\n\t<\/div>\n\n<\/div><\/div><\/div><\/div><\/div><div id=\"pg-18411-1\"  class=\"panel-grid panel-has-style\" ><div class=\"has-container panel-row-style panel-row-style-for-18411-1\" ><div id=\"pgc-18411-1-0\"  class=\"panel-grid-cell\" ><div id=\"panel-18411-1-0-0\" class=\"so-panel widget widget_hem-seo-title-widget panel-first-child panel-last-child\" data-index=\"1\" ><div class=\"panel-widget-style panel-widget-style-for-18411-1-0-0\" ><div\n\t\t\t\n\t\t\tclass=\"so-widget-hem-seo-title-widget so-widget-hem-seo-title-widget-hem-seo-title-widget-style-d75171398898-18411\"\n\t\t\t\n\t\t>\n<h1 style=\"font-size:px;\">\u0110i L\u1ea1i \u1edf Ontario<\/h1>\n\n\n\n\t<!-- <div class=\"breadcrumb-trail\"><a href=\"index.php\">Home<\/a> \u00bb <span class=\"breadcrumb-current\">About<\/span><\/div> -->\n\t<div class=\"test1\"><span><span><a href=\"https:\/\/www.oasdi.ca\/vi\/\">Trang Ch\u1ee7<\/a><\/span><\/span><\/div>\n<\/div><\/div><\/div><\/div><\/div><\/div><div id=\"pg-18411-2\"  class=\"panel-grid panel-has-style\" ><div class=\"has-container panel-row-style panel-row-style-for-18411-2\" ><div id=\"pgc-18411-2-0\"  class=\"panel-grid-cell\" ><div id=\"panel-18411-2-0-0\" class=\"so-panel widget widget_hem-sidebar-menu-widget panel-first-child\" data-index=\"2\" ><div\n\t\t\t\n\t\t\tclass=\"so-widget-hem-sidebar-menu-widget so-widget-hem-sidebar-menu-widget-hem-sidebar-menu-widget-style-d75171398898-18411\"\n\t\t\t\n\t\t><div id=\"sidebar\">\n\t\t\t<ul id=\"side-menu\" class=\"side-menu menu-embedded\">\n\t\t\t\n\t\t\t\t\t\t\t\t\n\t\t\t\t\t\t\t\t\t\t\t<li><a href=\"https:\/\/www.oasdi.ca\/vi\/living-in-ontario\/faq\/\">C\u00e2u H\u1ecfi Th\u01b0\u1eddng G\u1eb7p v\u1ec1 S\u1ed1ng \u1edf Ontario cho H\u1ecdc Sinh Qu\u1ed1c T\u1ebf<\/a><\/li>\n\t\t\t\t\t\t\t\t\t\t\t\t\t\n\t\t\t\t\t\t\t\t\t\t\t<li><a href=\"https:\/\/www.oasdi.ca\/vi\/living-in-ontario\/weather-and-seasons\/\">Kh\u00ed H\u1eadu v\u00e0 C\u00e1c M\u00f9a \u1edf Ontario<\/a><\/li>\n\t\t\t\t\t\t\t\t\t\t\t\t\t\n\t\t\t\t\t\t\t\t\t\t\t<li><a href=\"https:\/\/www.oasdi.ca\/vi\/living-in-ontario\/attractions\/\">C\u00e1c K\u1ef3 Quan Thi\u00ean Nhi\u00ean v\u00e0 Khu Du L\u1ecbch Ch\u00ednh \u1edf Ontario<\/a><\/li>\n\t\t\t\t\t\t\t\t\t\t\t\t\t\n\t\t\t\t\t\t\t\t\t\t\t<li><a href=\"https:\/\/www.oasdi.ca\/vi\/living-in-ontario\/exploring\/\">Kh\u00e1m Ph\u00e1 Ontario<\/a><\/li>\n\t\t\t\t\t\t\t\t\t\t\t\t\t\n\t\t\t\t\t\t\t\t\t\t\t<li><a class=\"active\" href=\"https:\/\/www.oasdi.ca\/vi\/living-in-ontario\/getting-around\/\">\u0110i L\u1ea1i \u1edf Ontario<\/a><\/li>\n\t\t\t\t\t\t\t\t\t\t\t\t\t\n\t\t\t\t\t\t\t\t\t\t\t<li><a href=\"https:\/\/www.oasdi.ca\/vi\/living-in-ontario\/canadian-culture\/\">V\u0103n H\u00f3a Canada<\/a><\/li>\n\t\t\t\t\t\t\t\t\t\t\t\t\t\n\t\t\t\t\t\t\t\t\t\t\t<li><a href=\"https:\/\/www.oasdi.ca\/vi\/living-in-ontario\/rural-living\/\">Cu\u1ed9c S\u1ed1ng \u1edf N\u00f4ng Th\u00f4n, Ngo\u1ea1i \u00d4 v\u00e0 \u0110\u00f4 Th\u1ecb \u1edf Ontario<\/a><\/li>\n\t\t\t\t\t\t\t\t\t\t\t\t\t\n\t\t\t\t\t\t\t\t\t\t\t<li><a href=\"https:\/\/www.oasdi.ca\/vi\/living-in-ontario\/homestay-services\/\">D\u1ecbch V\u1ee5 S\u1ed1ng \u1edf Nh\u00e0 D\u00e2n B\u1ea3n X\u1ee9 \u1edf Ontario cho H\u1ecdc Sinh Qu\u1ed1c T\u1ebf<\/a><\/li>\n\t\t\t\t\t\t\t\t\t\t\n\n\t\t\t\t<!-- Extra menu -->\n\t\t\t\t\n\n\n\t\t\t\t\t<\/ul>\n\t\n\n<\/div><\/div><\/div><div id=\"panel-18411-2-0-1\" class=\"so-panel widget widget_hem-sidebar-link-widget panel-last-child\" data-index=\"3\" ><div\n\t\t\t\n\t\t\tclass=\"so-widget-hem-sidebar-link-widget so-widget-hem-sidebar-link-widget-hem-sidebar-link-widget-style-d75171398898-18411\"\n\t\t\t\n\t\t><div id=\"sidebar\" class=\"external-link-only\">\n\n\n\n\t\t\t\t<!-- Extra menu -->\n\t\t\t\t\t\t\t\t\t<ul id=\"side-menu\" class=\"side-menu menu-embedded\">\n\t\t\t\t\t\t\t\t\t\t\t\t\t\t\t\t\t\t\t\t\t<li><a  href=\"https:\/\/www.oasdi.ca\/map-search\/\">Map Overview<\/a><\/li>\n\t\t\t\t\t\t\t\t\t\t\t\t\t\t\n\t\t\t\t\t\t\t\t\t\t\t\t\t\t\t\t\t\t\t\t\t<li><a  href=\"https:\/\/www.oasdi.ca\/district-list\/\">District List<\/a><\/li>\n\t\t\t\t\t\t\t\t\t\t\t\t\t\t\n\t\t\t\t\t\t\t\n\t\t\t\t\t<\/ul>\n\t\t\t\t\n\t\t\t\t\n\n\n\n\n<\/div><\/div><\/div><\/div><div id=\"pgc-18411-2-1\"  class=\"panel-grid-cell\" ><div class=\"pl-sm-3 pl-md-5 panel-cell-style panel-cell-style-for-18411-2-1\" ><div id=\"panel-18411-2-1-0\" class=\"so-panel widget widget_sow-editor panel-first-child panel-last-child\" data-index=\"4\" ><div\n\t\t\t\n\t\t\tclass=\"so-widget-sow-editor so-widget-sow-editor-base\"\n\t\t\t\n\t\t>\n<div class=\"siteorigin-widget-tinymce textwidget\">\n\t<p>Th\u01b0\u1eddng c\u00f3 m\u1ed9t v\u00e0i c\u00e1ch \u0111\u1ec3 \u201c\u0111i tham quan m\u1ed9t v\u00f2ng\u201d m\u1ed9t c\u1ed9ng \u0111\u1ed3ng \u0111\u1ecba ph\u01b0\u01a1ng v\u00e0 kh\u1eafp Ontario. T\u1ec9nh Ontario c\u00f3 m\u1ed9t h\u1ec7 th\u1ed1ng \u0111\u01b0\u1eddng cao t\u1ed1c v\u00e0 \u0111\u01b0\u1eddng r\u1ed9ng r\u00e3i cho ph\u01b0\u01a1ng ti\u1ec7n giao th\u00f4ng, c\u0169ng nh\u01b0 nhi\u1ec1u c\u00e1ch kh\u00e1c \u0111\u1ec3 du l\u1ecbch. \u00a0C\u00f3 th\u1ec3 hi\u1ec3u, vi\u1ec7c ti\u1ebfp c\u1eadn v\u1edbi c\u00e1c ph\u01b0\u01a1ng th\u1ee9c v\u1eadn t\u1ea3i kh\u00e1c nhau s\u1ebd ph\u1ee5 thu\u1ed9c v\u00e0o n\u01a1i h\u1ecdc sinh qu\u1ed1c t\u1ebf s\u1ed1ng theo ki\u1ec3u c\u1ed9ng \u0111\u1ed3ng, n\u00f4ng th\u00f4n, ngo\u1ea1i \u00f4 hay \u0111\u00f4 th\u1ecb.<\/p>\n<h3>Giao Th\u00f4ng b\u1eb1ng Xe Bu\u00fdt<\/h3>\n<ol>\n<li><strong>\u201cXe bu\u00fdt\u201d tr\u01b0\u1eddng h\u1ecdc m\u00e0u v\u00e0ng<\/strong><br \/>\nNhi\u1ec1u h\u1ed9i \u0111\u1ed3ng tr\u01b0\u1eddng, \u0111\u1eb7c bi\u1ec7t l\u00e0 \u1edf khu v\u1ef1c n\u00f4ng th\u00f4n v\u00e0 ngo\u1ea1i \u00f4, v\u1eadn chuy\u1ec3n h\u1ecdc sinh \u0111\u1ebfn v\u00e0 r\u1eddi tr\u01b0\u1eddng b\u1eb1ng xe bu\u00fdt tr\u01b0\u1eddng h\u1ecdc m\u00e0u v\u00e0ng truy\u1ec1n th\u1ed1ng \u0111\u01b0\u1ee3c th\u1ea5y trong phim v\u00e0 c\u00e1c ch\u01b0\u01a1ng tr\u00ecnh truy\u1ec1n h\u00ecnh B\u1eafc M\u1ef9. \u00a0Nh\u1eefng xe bu\u00fdt n\u00e0y s\u1ebd \u0111\u00f3n v\u00e0 tr\u1ea3 h\u1ecdc sinh g\u1ea7n nh\u00e0 c\u1ee7a h\u1ecd. \u00a0L\u01b0u \u00fd r\u1eb1ng t\u00f9y thu\u1ed9c v\u00e0o n\u01a1i m\u1ed9t h\u1ecdc sinh \u1edf d\u1ecdc theo tuy\u1ebfn xe bu\u00fdt, th\u1eddi gian \u0111i l\u1ea1i c\u00f3 th\u1ec3 l\u00e0 \u0111\u00e1ng k\u1ec3, nh\u01b0ng hi\u1ebfm khi v\u01b0\u1ee3t qu\u00e1 45 ph\u00fat m\u1ed9t l\u01b0\u1ee3t.<\/li>\n<li><strong>Xe bu\u00fdt c\u00f4ng c\u1ed9ng<\/strong><br \/>\nH\u1ea7u h\u1ebft c\u00e1c trung t\u00e2m \u0111\u00f4 th\u1ecb v\u00e0 nhi\u1ec1u khu v\u1ef1c ngo\u1ea1i \u00f4 \u0111\u1ec1u \u0111\u01b0\u1ee3c s\u1eed d\u1ee5ng ph\u01b0\u01a1ng ti\u1ec7n giao th\u00f4ng c\u00f4ng c\u1ed9ng \u0111\u1ec3 \u0111\u01b0a \u0111\u00f3n h\u1ecdc sinh. \u00a0\u00a0C\u00e1c xe bu\u00fdt n\u00e0y ph\u1ee5c v\u1ee5 c\u1ed9ng \u0111\u1ed3ng \u0111\u1ecba ph\u01b0\u01a1ng v\u00e0 h\u1ecdc sinh v\u00e0 ch\u1ea1y theo l\u1ecbch tr\u00ecnh th\u00f4ng th\u01b0\u1eddng. \u00a0Trong h\u1ea7u h\u1ebft c\u00e1c tr\u01b0\u1eddng h\u1ee3p, c\u00e1c chuy\u1ebfn xe bu\u00fdt gi\u1ea3m gi\u00e1 \u0111\u1eb7c bi\u1ec7t d\u00e0nh cho h\u1ecdc sinh lu\u00f4n c\u00f3 s\u1eb5n. \u00a0C\u1ea7n ki\u1ec3m tra v\u1edbi m\u1ed9t h\u1ed9i \u0111\u1ed3ng tr\u01b0\u1eddng c\u1ee5 th\u1ec3 \u0111\u1ec3 x\u00e1c \u0111\u1ecbnh xem li\u1ec7u chi ph\u00ed d\u1ecbch v\u1ee5 xe bu\u00fdt c\u00f3 \u0111\u01b0\u1ee3c bao g\u1ed3m v\u1edbi ph\u00ed h\u1ecdc sinh qu\u1ed1c t\u1ebf hay kh\u00f4ng.<\/li>\n<li><strong>Xe bu\u00fdt li\u00ean t\u1ec9nh<\/strong><br \/>\nN\u1ebfu h\u1ecdc sinh c\u1ea7n ph\u1ea3i di chuy\u1ec3n qua Ontario ho\u1eb7c Canada \u0111\u1ec3 th\u0103m gia \u0111\u00ecnh, b\u1ea1n b\u00e8 ho\u1eb7c \u0111i \u0111\u1ebfn trung t\u00e2m s\u00e2n bay ch\u00ednh, c\u00f3 m\u1ed9t s\u1ed1 c\u00f4ng ty cung c\u1ea5p v\u1eadn chuy\u1ec3n b\u1eb1ng xe bu\u00fdt th\u01b0\u1eddng xuy\u00ean theo l\u1ecbch tr\u00ecnh t\u1edbi c\u00e1c th\u1ecb tr\u1ea5n v\u00e0 th\u00e0nh ph\u1ed1 tr\u00ean kh\u1eafp Canada. Trong khi \u0111\u00f3 c\u00f3 m\u1ed9t s\u1ed1 c\u00f4ng ty cung c\u1ea5p d\u1ecbch v\u1ee5 li\u00ean t\u1ec9nh, c\u00f4ng ty c\u00f3 m\u1ea1ng l\u01b0\u1edbi c\u00e1c khu v\u1ef1c ph\u1ee5c v\u1ee5 l\u1edbn nh\u1ea5t l\u00e0 Greyhound Bus Lines (<a href=\"http:\/\/www.greyhound.ca\/\" target=\"_blank\" rel=\"noopener\">www.greyhound.ca<\/a>).<\/li>\n<\/ol>\n<h3><strong>Taxi<\/strong><\/h3>\n<p>Taxi c\u00f3 s\u1eb5n \u1edf t\u1ea5t c\u1ea3 c\u00e1c th\u00e0nh ph\u1ed1 v\u00e0 \u1edf nhi\u1ec1u th\u1ecb tr\u1ea5n kh\u1eafp Ontario. \u00a0T\u1ea1i khu v\u1ef1c n\u00f4ng th\u00f4n, d\u1ecbch v\u1ee5 taxi s\u1ebd ph\u1ee5 thu\u1ed9c v\u00e0o nhu c\u1ea7u d\u1ecbch v\u1ee5 c\u1ee7a c\u1ed9ng \u0111\u1ed3ng. \u00a0Ph\u00ed taxi th\u01b0\u1eddng do c\u00e1c ch\u00ednh quy\u1ec1n th\u00e0nh ph\u1ed1 t\u1ef1 tr\u1ecb \u0111\u1ecba ph\u01b0\u01a1ng quy \u0111\u1ecbnh v\u00e0 d\u1ef1a tr\u00ean kho\u1ea3ng c\u00e1ch di chuy\u1ec3n v\u00e0 th\u1eddi gian li\u00ean quan.<\/p>\n<h3><strong>T\u00e0u Ho\u1ea3<\/strong><\/h3>\n<p>D\u1ecbch v\u1ee5 t\u00e0u ho\u1ea3 k\u1ebft n\u1ed1i t\u1ea5t c\u1ea3 c\u00e1c trung t\u00e2m \u0111\u00f4 th\u1ecb l\u1edbn v\u00e0 nhi\u1ec1u khu v\u1ef1c ngo\u1ea1i th\u00e0nh v\u00e0 n\u00f4ng th\u00f4n d\u1ef1a tr\u00ean \u0111i\u1ec3m kh\u1edfi h\u00e0nh v\u00e0 \u0111i\u1ec3m \u0111\u1ebfn theo l\u1ecbch tr\u00ecnh th\u00f4ng th\u01b0\u1eddng. C\u00f3 m\u1ed9t nh\u00e0 cung c\u1ea5p d\u1ecbch v\u1ee5 v\u1eadn t\u1ea3i h\u00e0nh kh\u00e1ch b\u1eb1ng t\u00e0u ho\u1ea3, VIA Rail Canada (<a href=\"http:\/\/www.viarail.ca\/en\" target=\"_blank\" rel=\"noopener\">www.viarail.ca\/en<\/a>).<\/p>\n<h3><strong>H\u00e0ng Kh\u00f4ng<\/strong><\/h3>\n<p>C\u00f3 m\u1ed9t s\u1ed1 s\u00e2n bay qu\u1ed1c t\u1ebf \u1edf Ontario, trung t\u00e2m l\u1edbn nh\u1ea5t l\u00e0 S\u00e2n Bay Lester B. Pearson \u1edf Toronto, v\u1edbi c\u00e1c s\u00e2n bay ch\u00ednh kh\u00e1c \u1edf Ottawa, Hamilton, London, v\u00e0 Thunder Bay, trong s\u1ed1 c\u00e1c s\u00e2n bay kh\u00e1c. \u00a0C\u00e1c h\u00e3ng h\u00e0ng kh\u00f4ng qu\u1ed1c t\u1ebf ch\u00ednh t\u1ea1i Canada l\u00e0 H\u00e3ng H\u00e0ng Kh\u00f4ng Air Canada (<a href=\"http:\/\/www.aircanada.com\/\" target=\"_blank\" rel=\"noopener\">www.aircanada.com<\/a>) v\u00e0 WestJet (<a href=\"http:\/\/www.westjet.com\/\" target=\"_blank\" rel=\"noopener\">www.westjet.com<\/a>).<\/p>\n<\/div>\n<\/div><\/div><\/div><\/div><\/div><\/div><\/div>","protected":false},"excerpt":{"rendered":"\u0110i L\u1ea1i \u1edf Ontario Trang Ch\u1ee7 C\u00e2u H\u1ecfi Th\u01b0\u1eddng G\u1eb7p v\u1ec1 S\u1ed1ng \u1edf Ontario cho H\u1ecdc Sinh Qu\u1ed1c T\u1ebf Kh\u00ed H\u1eadu v\u00e0 C\u00e1c M\u00f9a \u1edf Ontario C\u00e1c K\u1ef3 Quan Thi\u00ean Nhi\u00ean v\u00e0 Khu Du L\u1ecbch Ch\u00ednh \u1edf Ontario Kh\u00e1m Ph\u00e1 Ontario \u0110i L\u1ea1i \u1edf Ontario V\u0103n H\u00f3a Canada Cu\u1ed9c S\u1ed1ng \u1edf N\u00f4ng Th\u00f4n, Ngo\u1ea1i \u00d4&#8230; <a class=\"view-article\" href=\"https:\/\/www.oasdi.ca\/vi\/living-in-ontario\/getting-around\/\">View Article<\/a>","protected":false},"author":237,"featured_media":18412,"parent":18289,"menu_order":0,"comment_status":"closed","ping_status":"closed","template":"","meta":{"footnotes":""},"class_list":["post-18411","page","type-page","status-publish","has-post-thumbnail","hentry"],"yoast_head":"<!-- This site is optimized with the Yoast SEO plugin v21.5 - https:\/\/yoast.com\/wordpress\/plugins\/seo\/ -->\n<title>\u0110i L\u1ea1i \u1edf Ontario | Gi\u00e1o D\u1ee5c Qu\u1ed1c T\u1ebf | OASDI<\/title>\n<meta name=\"description\" content=\"C\u00f3 nhi\u1ec1u l\u1ef1a ch\u1ecdn \u0111\u1ec3 \u0111i l\u1ea1i \u1edf Ontario v\u00e0 c\u00e1c c\u1ed9ng \u0111\u1ed3ng c\u1ee7a t\u1ec9nh. T\u00ecm hi\u1ec3u th\u00eam v\u1ec1 c\u00e1c l\u1ef1a ch\u1ecdn v\u1ec1 \u0111i l\u1ea1i c\u00f3 s\u1eb5n \u1edf Ontario.\" \/>\n<meta name=\"robots\" content=\"index, follow, max-snippet:-1, max-image-preview:large, max-video-preview:-1\" \/>\n<link rel=\"canonical\" href=\"https:\/\/www.oasdi.ca\/vi\/living-in-ontario\/getting-around\/\" \/>\n<meta property=\"og:locale\" content=\"vi_VN\" \/>\n<meta property=\"og:type\" content=\"article\" \/>\n<meta property=\"og:title\" content=\"\u0110i L\u1ea1i \u1edf Ontario | Gi\u00e1o D\u1ee5c Qu\u1ed1c T\u1ebf | OASDI\" \/>\n<meta property=\"og:description\" content=\"C\u00f3 nhi\u1ec1u l\u1ef1a ch\u1ecdn \u0111\u1ec3 \u0111i l\u1ea1i \u1edf Ontario v\u00e0 c\u00e1c c\u1ed9ng \u0111\u1ed3ng c\u1ee7a t\u1ec9nh. T\u00ecm hi\u1ec3u th\u00eam v\u1ec1 c\u00e1c l\u1ef1a ch\u1ecdn v\u1ec1 \u0111i l\u1ea1i c\u00f3 s\u1eb5n \u1edf Ontario.\" \/>\n<meta property=\"og:url\" content=\"https:\/\/www.oasdi.ca\/vi\/living-in-ontario\/getting-around\/\" \/>\n<meta property=\"og:site_name\" content=\"OASDI\" \/>\n<meta property=\"article:modified_time\" content=\"2020-04-17T01:01:52+00:00\" \/>\n<meta property=\"og:image\" content=\"https:\/\/www.oasdi.ca\/wp-content\/uploads\/2020\/03\/getting-around-ontario.jpg\" \/>\n\t<meta property=\"og:image:width\" content=\"1440\" \/>\n\t<meta property=\"og:image:height\" content=\"268\" \/>\n\t<meta property=\"og:image:type\" content=\"image\/jpeg\" \/>\n<meta name=\"twitter:card\" content=\"summary_large_image\" \/>\n<meta name=\"twitter:label1\" content=\"Est. reading time\" \/>\n\t<meta name=\"twitter:data1\" content=\"4 minutes\" \/>\n<script type=\"application\/ld+json\" class=\"yoast-schema-graph\">{\"@context\":\"https:\/\/schema.org\",\"@graph\":[{\"@type\":\"WebPage\",\"@id\":\"https:\/\/www.oasdi.ca\/vi\/living-in-ontario\/getting-around\/\",\"url\":\"https:\/\/www.oasdi.ca\/vi\/living-in-ontario\/getting-around\/\",\"name\":\"\u0110i L\u1ea1i \u1edf Ontario | Gi\u00e1o D\u1ee5c Qu\u1ed1c T\u1ebf | OASDI\",\"isPartOf\":{\"@id\":\"https:\/\/www.oasdi.ca\/vi\/#website\"},\"datePublished\":\"2020-03-22T15:54:51+00:00\",\"dateModified\":\"2020-04-17T01:01:52+00:00\",\"description\":\"C\u00f3 nhi\u1ec1u l\u1ef1a ch\u1ecdn \u0111\u1ec3 \u0111i l\u1ea1i \u1edf Ontario v\u00e0 c\u00e1c c\u1ed9ng \u0111\u1ed3ng c\u1ee7a t\u1ec9nh. T\u00ecm hi\u1ec3u th\u00eam v\u1ec1 c\u00e1c l\u1ef1a ch\u1ecdn v\u1ec1 \u0111i l\u1ea1i c\u00f3 s\u1eb5n \u1edf Ontario.\",\"breadcrumb\":{\"@id\":\"https:\/\/www.oasdi.ca\/vi\/living-in-ontario\/getting-around\/#breadcrumb\"},\"inLanguage\":\"vi-VN\",\"potentialAction\":[{\"@type\":\"ReadAction\",\"target\":[\"https:\/\/www.oasdi.ca\/vi\/living-in-ontario\/getting-around\/\"]}]},{\"@type\":\"BreadcrumbList\",\"@id\":\"https:\/\/www.oasdi.ca\/vi\/living-in-ontario\/getting-around\/#breadcrumb\",\"itemListElement\":[{\"@type\":\"ListItem\",\"position\":1,\"name\":\"Trang Ch\u1ee7\",\"item\":\"https:\/\/www.oasdi.ca\/vi\/\"},{\"@type\":\"ListItem\",\"position\":2,\"name\":\"S\u1ed1ng \u1edf Ontario V\u1edbi T\u01b0 C\u00e1ch L\u00e0 H\u1ecdc Sinh Qu\u1ed1c T\u1ebf\",\"item\":\"https:\/\/www.oasdi.ca\/vi\/living-in-ontario\/\"},{\"@type\":\"ListItem\",\"position\":3,\"name\":\"\u0110i L\u1ea1i \u1edf Ontario\"}]},{\"@type\":\"WebSite\",\"@id\":\"https:\/\/www.oasdi.ca\/vi\/#website\",\"url\":\"https:\/\/www.oasdi.ca\/vi\/\",\"name\":\"OASDI\",\"description\":\"Ontario Association of School District International\",\"publisher\":{\"@id\":\"https:\/\/www.oasdi.ca\/vi\/#organization\"},\"potentialAction\":[{\"@type\":\"SearchAction\",\"target\":{\"@type\":\"EntryPoint\",\"urlTemplate\":\"https:\/\/www.oasdi.ca\/vi\/?s={search_term_string}\"},\"query-input\":\"required name=search_term_string\"}],\"inLanguage\":\"vi-VN\"},{\"@type\":\"Organization\",\"@id\":\"https:\/\/www.oasdi.ca\/vi\/#organization\",\"name\":\"OASDI\",\"url\":\"https:\/\/www.oasdi.ca\/vi\/\",\"logo\":{\"@type\":\"ImageObject\",\"inLanguage\":\"vi-VN\",\"@id\":\"https:\/\/www.oasdi.ca\/vi\/#\/schema\/logo\/image\/\",\"url\":\"https:\/\/www.oasdi.ca\/wp-content\/uploads\/2020\/02\/cropped-oasdi-logo.png\",\"contentUrl\":\"https:\/\/www.oasdi.ca\/wp-content\/uploads\/2020\/02\/cropped-oasdi-logo.png\",\"width\":468,\"height\":96,\"caption\":\"OASDI\"},\"image\":{\"@id\":\"https:\/\/www.oasdi.ca\/vi\/#\/schema\/logo\/image\/\"}}]}<\/script>\n<!-- \/ Yoast SEO plugin. -->","yoast_head_json":{"title":"\u0110i L\u1ea1i \u1edf Ontario | Gi\u00e1o D\u1ee5c Qu\u1ed1c T\u1ebf | OASDI","description":"C\u00f3 nhi\u1ec1u l\u1ef1a ch\u1ecdn \u0111\u1ec3 \u0111i l\u1ea1i \u1edf Ontario v\u00e0 c\u00e1c c\u1ed9ng \u0111\u1ed3ng c\u1ee7a t\u1ec9nh. T\u00ecm hi\u1ec3u th\u00eam v\u1ec1 c\u00e1c l\u1ef1a ch\u1ecdn v\u1ec1 \u0111i l\u1ea1i c\u00f3 s\u1eb5n \u1edf Ontario.","robots":{"index":"index","follow":"follow","max-snippet":"max-snippet:-1","max-image-preview":"max-image-preview:large","max-video-preview":"max-video-preview:-1"},"canonical":"https:\/\/www.oasdi.ca\/vi\/living-in-ontario\/getting-around\/","og_locale":"vi_VN","og_type":"article","og_title":"\u0110i L\u1ea1i \u1edf Ontario | Gi\u00e1o D\u1ee5c Qu\u1ed1c T\u1ebf | OASDI","og_description":"C\u00f3 nhi\u1ec1u l\u1ef1a ch\u1ecdn \u0111\u1ec3 \u0111i l\u1ea1i \u1edf Ontario v\u00e0 c\u00e1c c\u1ed9ng \u0111\u1ed3ng c\u1ee7a t\u1ec9nh. T\u00ecm hi\u1ec3u th\u00eam v\u1ec1 c\u00e1c l\u1ef1a ch\u1ecdn v\u1ec1 \u0111i l\u1ea1i c\u00f3 s\u1eb5n \u1edf Ontario.","og_url":"https:\/\/www.oasdi.ca\/vi\/living-in-ontario\/getting-around\/","og_site_name":"OASDI","article_modified_time":"2020-04-17T01:01:52+00:00","og_image":[{"width":1440,"height":268,"url":"https:\/\/www.oasdi.ca\/wp-content\/uploads\/2020\/03\/getting-around-ontario.jpg","type":"image\/jpeg"}],"twitter_card":"summary_large_image","twitter_misc":{"Est. reading time":"4 minutes"},"schema":{"@context":"https:\/\/schema.org","@graph":[{"@type":"WebPage","@id":"https:\/\/www.oasdi.ca\/vi\/living-in-ontario\/getting-around\/","url":"https:\/\/www.oasdi.ca\/vi\/living-in-ontario\/getting-around\/","name":"\u0110i L\u1ea1i \u1edf Ontario | Gi\u00e1o D\u1ee5c Qu\u1ed1c T\u1ebf | OASDI","isPartOf":{"@id":"https:\/\/www.oasdi.ca\/vi\/#website"},"datePublished":"2020-03-22T15:54:51+00:00","dateModified":"2020-04-17T01:01:52+00:00","description":"C\u00f3 nhi\u1ec1u l\u1ef1a ch\u1ecdn \u0111\u1ec3 \u0111i l\u1ea1i \u1edf Ontario v\u00e0 c\u00e1c c\u1ed9ng \u0111\u1ed3ng c\u1ee7a t\u1ec9nh. T\u00ecm hi\u1ec3u th\u00eam v\u1ec1 c\u00e1c l\u1ef1a ch\u1ecdn v\u1ec1 \u0111i l\u1ea1i c\u00f3 s\u1eb5n \u1edf Ontario.","breadcrumb":{"@id":"https:\/\/www.oasdi.ca\/vi\/living-in-ontario\/getting-around\/#breadcrumb"},"inLanguage":"vi-VN","potentialAction":[{"@type":"ReadAction","target":["https:\/\/www.oasdi.ca\/vi\/living-in-ontario\/getting-around\/"]}]},{"@type":"BreadcrumbList","@id":"https:\/\/www.oasdi.ca\/vi\/living-in-ontario\/getting-around\/#breadcrumb","itemListElement":[{"@type":"ListItem","position":1,"name":"Trang Ch\u1ee7","item":"https:\/\/www.oasdi.ca\/vi\/"},{"@type":"ListItem","position":2,"name":"S\u1ed1ng \u1edf Ontario V\u1edbi T\u01b0 C\u00e1ch L\u00e0 H\u1ecdc Sinh Qu\u1ed1c T\u1ebf","item":"https:\/\/www.oasdi.ca\/vi\/living-in-ontario\/"},{"@type":"ListItem","position":3,"name":"\u0110i L\u1ea1i \u1edf Ontario"}]},{"@type":"WebSite","@id":"https:\/\/www.oasdi.ca\/vi\/#website","url":"https:\/\/www.oasdi.ca\/vi\/","name":"OASDI","description":"Ontario Association of School District International","publisher":{"@id":"https:\/\/www.oasdi.ca\/vi\/#organization"},"potentialAction":[{"@type":"SearchAction","target":{"@type":"EntryPoint","urlTemplate":"https:\/\/www.oasdi.ca\/vi\/?s={search_term_string}"},"query-input":"required name=search_term_string"}],"inLanguage":"vi-VN"},{"@type":"Organization","@id":"https:\/\/www.oasdi.ca\/vi\/#organization","name":"OASDI","url":"https:\/\/www.oasdi.ca\/vi\/","logo":{"@type":"ImageObject","inLanguage":"vi-VN","@id":"https:\/\/www.oasdi.ca\/vi\/#\/schema\/logo\/image\/","url":"https:\/\/www.oasdi.ca\/wp-content\/uploads\/2020\/02\/cropped-oasdi-logo.png","contentUrl":"https:\/\/www.oasdi.ca\/wp-content\/uploads\/2020\/02\/cropped-oasdi-logo.png","width":468,"height":96,"caption":"OASDI"},"image":{"@id":"https:\/\/www.oasdi.ca\/vi\/#\/schema\/logo\/image\/"}}]}},"_links":{"self":[{"href":"https:\/\/www.oasdi.ca\/vi\/wp-json\/wp\/v2\/pages\/18411"}],"collection":[{"href":"https:\/\/www.oasdi.ca\/vi\/wp-json\/wp\/v2\/pages"}],"about":[{"href":"https:\/\/www.oasdi.ca\/vi\/wp-json\/wp\/v2\/types\/page"}],"author":[{"embeddable":true,"href":"https:\/\/www.oasdi.ca\/vi\/wp-json\/wp\/v2\/users\/237"}],"replies":[{"embeddable":true,"href":"https:\/\/www.oasdi.ca\/vi\/wp-json\/wp\/v2\/comments?post=18411"}],"version-history":[{"count":0,"href":"https:\/\/www.oasdi.ca\/vi\/wp-json\/wp\/v2\/pages\/18411\/revisions"}],"up":[{"embeddable":true,"href":"https:\/\/www.oasdi.ca\/vi\/wp-json\/wp\/v2\/pages\/18289"}],"wp:featuredmedia":[{"embeddable":true,"href":"https:\/\/www.oasdi.ca\/vi\/wp-json\/wp\/v2\/media\/18412"}],"wp:attachment":[{"href":"https:\/\/www.oasdi.ca\/vi\/wp-json\/wp\/v2\/media?parent=18411"}],"curies":[{"name":"wp","href":"https:\/\/api.w.org\/{rel}","templated":true}]}}