{"id":18370,"date":"2020-03-22T15:37:58","date_gmt":"2020-03-22T15:37:58","guid":{"rendered":"http:\/\/oasdi.ca\/living-in-ontario\/canadian-culture\/"},"modified":"2020-04-17T00:08:24","modified_gmt":"2020-04-17T00:08:24","slug":"canadian-culture","status":"publish","type":"page","link":"https:\/\/www.oasdi.ca\/vi\/living-in-ontario\/canadian-culture\/","title":{"rendered":"V\u0103n H\u00f3a Canada"},"content":{"rendered":"<div id=\"pl-18370\"  class=\"panel-layout\" ><div id=\"pg-18370-0\"  class=\"panel-grid panel-no-style\" ><div id=\"pgc-18370-0-0\"  class=\"panel-grid-cell\" ><div id=\"panel-18370-0-0-0\" class=\"so-panel widget widget_sow-image panel-first-child panel-last-child\" data-index=\"0\" ><div class=\"is-featured-img panel-widget-style panel-widget-style-for-18370-0-0-0\" ><div\n\t\t\t\n\t\t\tclass=\"so-widget-sow-image so-widget-sow-image-default-c4f6304fc136-18370\"\n\t\t\t\n\t\t>\n\n<div class=\"sow-image-container\">\n\t\t<img loading=\"lazy\" decoding=\"async\" src=\"https:\/\/www.oasdi.ca\/wp-content\/uploads\/2020\/03\/banner-43.jpg\" width=\"1440\" height=\"268\" srcset=\"https:\/\/www.oasdi.ca\/wp-content\/uploads\/2020\/03\/banner-43.jpg 1440w, https:\/\/www.oasdi.ca\/wp-content\/uploads\/2020\/03\/banner-43-250x47.jpg 250w, https:\/\/www.oasdi.ca\/wp-content\/uploads\/2020\/03\/banner-43-700x130.jpg 700w, https:\/\/www.oasdi.ca\/wp-content\/uploads\/2020\/03\/banner-43-768x143.jpg 768w, https:\/\/www.oasdi.ca\/wp-content\/uploads\/2020\/03\/banner-43-500x93.jpg 500w, https:\/\/www.oasdi.ca\/wp-content\/uploads\/2020\/03\/banner-43-120x22.jpg 120w\" sizes=\"(max-width: 1440px) 100vw, 1440px\" title=\"Canadian Culture\" alt=\"Canadian Culture\" \t\tclass=\"so-widget-image\"\/>\n\t<\/div>\n\n<\/div><\/div><\/div><\/div><\/div><div id=\"pg-18370-1\"  class=\"panel-grid panel-has-style\" ><div class=\"has-container panel-row-style panel-row-style-for-18370-1\" ><div id=\"pgc-18370-1-0\"  class=\"panel-grid-cell\" ><div id=\"panel-18370-1-0-0\" class=\"so-panel widget widget_hem-seo-title-widget panel-first-child panel-last-child\" data-index=\"1\" ><div class=\"panel-widget-style panel-widget-style-for-18370-1-0-0\" ><div\n\t\t\t\n\t\t\tclass=\"so-widget-hem-seo-title-widget so-widget-hem-seo-title-widget-hem-seo-title-widget-style-d75171398898-18370\"\n\t\t\t\n\t\t>\n<h1 style=\"font-size:px;\">V\u0103n H\u00f3a Canada<\/h1>\n\n\n\n\t<!-- <div class=\"breadcrumb-trail\"><a href=\"index.php\">Home<\/a> \u00bb <span class=\"breadcrumb-current\">About<\/span><\/div> -->\n\t<div class=\"test1\"><span><span><a href=\"https:\/\/www.oasdi.ca\/vi\/\">Trang Ch\u1ee7<\/a><\/span><\/span><\/div>\n<\/div><\/div><\/div><\/div><\/div><\/div><div id=\"pg-18370-2\"  class=\"panel-grid panel-has-style\" ><div class=\"has-container panel-row-style panel-row-style-for-18370-2\" ><div id=\"pgc-18370-2-0\"  class=\"panel-grid-cell\" ><div id=\"panel-18370-2-0-0\" class=\"so-panel widget widget_hem-sidebar-menu-widget panel-first-child\" data-index=\"2\" ><div\n\t\t\t\n\t\t\tclass=\"so-widget-hem-sidebar-menu-widget so-widget-hem-sidebar-menu-widget-hem-sidebar-menu-widget-style-d75171398898-18370\"\n\t\t\t\n\t\t><div id=\"sidebar\">\n\t\t\t<ul id=\"side-menu\" class=\"side-menu menu-embedded\">\n\t\t\t\n\t\t\t\t\t\t\t\t\n\t\t\t\t\t\t\t\t\t\t\t<li><a href=\"https:\/\/www.oasdi.ca\/vi\/living-in-ontario\/canadian-culture\/teen\/\">V\u0103n H\u00f3a Gi\u1edbi Tr\u1ebb \u1edf Ontario<\/a><\/li>\n\t\t\t\t\t\t\t\t\t\t\t\t\t\n\t\t\t\t\t\t\t\t\t\t\t<li><a href=\"https:\/\/www.oasdi.ca\/vi\/living-in-ontario\/canadian-culture\/indigenous\/\">V\u0103n H\u00f3a B\u1ea3n \u0110\u1ecba \u1edf Ontario<\/a><\/li>\n\t\t\t\t\t\t\t\t\t\t\t\t\t\n\t\t\t\t\t\t\t\t\t\t\t<li><a href=\"https:\/\/www.oasdi.ca\/vi\/living-in-ontario\/canadian-culture\/home\/\">V\u0103n H\u00f3a Gia \u0110\u00ecnh \u1edf Ontario<\/a><\/li>\n\t\t\t\t\t\t\t\t\t\t\t\t\t\n\t\t\t\t\t\t\t\t\t\t\t<li><a href=\"https:\/\/www.oasdi.ca\/vi\/living-in-ontario\/canadian-culture\/francophone\/\">V\u0103n H\u00f3a Kh\u1ed1i Ph\u00e1p Ng\u1eef \u1edf Ontario<\/a><\/li>\n\t\t\t\t\t\t\t\t\t\t\n\n\t\t\t\t<!-- Extra menu -->\n\t\t\t\t\n\n\n\t\t\t\t\t<\/ul>\n\t\n\n<\/div><\/div><\/div><div id=\"panel-18370-2-0-1\" class=\"so-panel widget widget_hem-sidebar-link-widget panel-last-child\" data-index=\"3\" ><div\n\t\t\t\n\t\t\tclass=\"so-widget-hem-sidebar-link-widget so-widget-hem-sidebar-link-widget-hem-sidebar-link-widget-style-d75171398898-18370\"\n\t\t\t\n\t\t><div id=\"sidebar\" class=\"external-link-only\">\n\n\n\n\t\t\t\t<!-- Extra menu -->\n\t\t\t\t\t\t\t\t\t<ul id=\"side-menu\" class=\"side-menu menu-embedded\">\n\t\t\t\t\t\t\t\t\t\t\t\t\t\t\t\t\t\t\t\t\t<li><a  href=\"https:\/\/www.oasdi.ca\/map-search\/\">Map Overview<\/a><\/li>\n\t\t\t\t\t\t\t\t\t\t\t\t\t\t\n\t\t\t\t\t\t\t\t\t\t\t\t\t\t\t\t\t\t\t\t\t<li><a  href=\"https:\/\/www.oasdi.ca\/district-list\/\">District List<\/a><\/li>\n\t\t\t\t\t\t\t\t\t\t\t\t\t\t\n\t\t\t\t\t\t\t\n\t\t\t\t\t<\/ul>\n\t\t\t\t\n\t\t\t\t\n\n\n\n\n<\/div><\/div><\/div><\/div><div id=\"pgc-18370-2-1\"  class=\"panel-grid-cell\" ><div class=\"pl-sm-3 pl-md-5 panel-cell-style panel-cell-style-for-18370-2-1\" ><div id=\"panel-18370-2-1-0\" class=\"so-panel widget widget_sow-editor panel-first-child panel-last-child\" data-index=\"4\" ><div\n\t\t\t\n\t\t\tclass=\"so-widget-sow-editor so-widget-sow-editor-base\"\n\t\t\t\n\t\t>\n<div class=\"siteorigin-widget-tinymce textwidget\">\n\t<p>M\u1ed7i n\u1ec1n v\u0103n ho\u00e1 \u0111\u1ec1u c\u00f3 n\u00e9t \u0111\u1ed9c \u0111\u00e1o c\u1ee7a ri\u00eang n\u00f3; v\u0103n ho\u00e1 Canada c\u0169ng nh\u01b0 v\u1eady. C\u00f3 nh\u1eefng khu\u00f4n m\u1eabu nh\u1ea5t \u0111\u1ecbnh \u0111\u01b0\u1ee3c \u00e1p d\u1ee5ng cho c\u00e1c n\u1ec1n v\u0103n ho\u00e1, m\u1ed9t s\u1ed1 trong \u0111\u00f3 l\u00e0 \u0111\u00fang v\u00e0 m\u1ed9t s\u1ed1 trong \u0111\u00f3 l\u00e0 ph\u00f3ng \u0111\u1ea1i. C\u00e1c \u0111\u1eb7c \u0111i\u1ec3m chung li\u00ean quan \u0111\u1ebfn v\u0103n ho\u00e1 Canada bao g\u1ed3m s\u1ef1 th\u00e2n thi\u1ec7n v\u00e0 c\u1edfi m\u1edf \u0111\u1ed1i v\u1edbi ng\u01b0\u1eddi kh\u00e1c, c\u0169ng nh\u01b0 c\u00e1c gi\u00e1 tr\u1ecb c\u01a1 b\u1ea3n v\u1ec1 s\u1ef1 c\u00f4ng b\u1eb1ng v\u00e0 ho\u00e0 nh\u1eadp. Ontario c\u0169ng c\u00f3 m\u1ed9t n\u1ec1n v\u0103n ho\u00e1 ri\u00eang, \u0111\u01b0\u1ee3c h\u00ecnh th\u00e0nh b\u1edfi t\u1ef1 nhi\u00ean v\u00e0 m\u00f4i tr\u01b0\u1eddng do nhi\u1ec7t \u0111\u1ed9 l\u1ea1nh v\u00e0o m\u00f9a \u0111\u00f4ng v\u00e0 \u1ea5m, \u0111\u00f4i khi \u1ea9m, v\u00e0o m\u00f9a h\u00e8, v\u00e0 th\u1eadm ch\u00ed m\u1ed9t s\u1ed1 lo\u1ea1i \u0111\u1ed3 \u0103n nh\u01b0 poutine, n\u01b0\u1edbc xi-r\u00f4 phong, ho\u1eb7c b\u00e1nh beavertail.<\/p>\n<p>Tr\u1ea3i nghi\u1ec7m v\u0103n ho\u00e1 l\u00e0 r\u1ea5t kh\u00e1c nhau n\u1ebfu b\u1ea1n l\u00e0 m\u1ed9t du kh\u00e1ch so v\u1edbi vi\u1ec7c sinh s\u1ed1ng th\u1ef1c s\u1ef1 \u1edf m\u1ed9t c\u1ed9ng \u0111\u1ed3ng trong m\u1ed9t th\u1eddi gian d\u00e0i. L\u00e0 m\u1ed9t h\u1ecdc sinh qu\u1ed1c t\u1ebf cho b\u1ea1n c\u01a1 h\u1ed9i \u0111\u1eb7c bi\u1ec7t \u0111\u1ec3 s\u1ed1ng c\u00f9ng gia \u0111\u00ecnh b\u1ea3n x\u1ee9, k\u1ebft b\u1ea1n v\u1edbi ng\u01b0\u1eddi Canada, v\u00e0 \u0111i h\u1ecdc ho\u1eb7c t\u1ed1t nghi\u1ec7p t\u1ea1i tr\u01b0\u1eddng h\u1ecdc \u1edf Canada. Thanh thi\u1ebfu ni\u00ean Canada \u0111a ph\u1ea7n gi\u1ed1ng nh\u01b0 thanh thi\u1ebfu ni\u00ean tr\u00ean to\u00e0n th\u1ebf gi\u1edbi, nh\u01b0ng c\u00f3 m\u1ed9t s\u1ed1 kh\u00eda c\u1ea1nh cu\u1ed9c s\u1ed1ng c\u1ee7a thanh thi\u1ebfu ni\u00ean \u1edf Canada l\u1ea1i l\u00e0 \u0111\u1eb7c bi\u1ec7t duy nh\u1ea5t. Ng\u01b0\u1eddi Canada kh\u00f4ng ch\u1ec9 s\u1eb5n s\u00e0ng chia s\u1ebb n\u1ec1n v\u0103n ho\u00e1 c\u1ee7a h\u1ecd v\u1edbi b\u1ea1n m\u00e0 c\u00f2n quan t\u00e2m \u0111\u1ebfn vi\u1ec7c h\u1ecdc h\u1ecfi n\u1ec1n v\u0103n h\u00f3a c\u1ee7a b\u1ea1n.<\/p>\n<\/div>\n<\/div><\/div><\/div><\/div><\/div><\/div><\/div>","protected":false},"excerpt":{"rendered":"V\u0103n H\u00f3a Canada Trang Ch\u1ee7 V\u0103n H\u00f3a Gi\u1edbi Tr\u1ebb \u1edf Ontario V\u0103n H\u00f3a B\u1ea3n \u0110\u1ecba \u1edf Ontario V\u0103n H\u00f3a Gia \u0110\u00ecnh \u1edf Ontario V\u0103n H\u00f3a Kh\u1ed1i Ph\u00e1p Ng\u1eef \u1edf Ontario Map Overview District List M\u1ed7i n\u1ec1n v\u0103n ho\u00e1 \u0111\u1ec1u c\u00f3 n\u00e9t \u0111\u1ed9c \u0111\u00e1o c\u1ee7a ri\u00eang n\u00f3; v\u0103n ho\u00e1 Canada c\u0169ng nh\u01b0 v\u1eady. C\u00f3 nh\u1eefng khu\u00f4n&#8230; <a class=\"view-article\" href=\"https:\/\/www.oasdi.ca\/vi\/living-in-ontario\/canadian-culture\/\">View Article<\/a>","protected":false},"author":237,"featured_media":18371,"parent":18289,"menu_order":0,"comment_status":"closed","ping_status":"closed","template":"","meta":{"footnotes":""},"class_list":["post-18370","page","type-page","status-publish","has-post-thumbnail","hentry"],"yoast_head":"<!-- This site is optimized with the Yoast SEO plugin v21.5 - https:\/\/yoast.com\/wordpress\/plugins\/seo\/ -->\n<title>V\u0103n H\u00f3a Canada | Gi\u00e1o D\u1ee5c Qu\u1ed1c T\u1ebf \u1edf Ontario | OASDI<\/title>\n<meta name=\"description\" content=\"Canada n\u1ed5i ti\u1ebfng th\u1ebf gi\u1edbi l\u00e0 m\u1ed9t qu\u1ed1c gia c\u00f3 v\u0103n h\u00f3a n\u1ed3ng h\u1eadu v\u00e0 hi\u1ebfu kh\u00e1ch. T\u00ecm hi\u1ec3u th\u00eam v\u1ec1 v\u0103n h\u00f3a, gi\u00e1 tr\u1ecb v\u00e0 truy\u1ec1n th\u1ed1ng c\u1ee7a Canada \u1edf \u0111\u00e2y.\" \/>\n<meta name=\"robots\" content=\"index, follow, max-snippet:-1, max-image-preview:large, max-video-preview:-1\" \/>\n<link rel=\"canonical\" href=\"https:\/\/www.oasdi.ca\/vi\/living-in-ontario\/canadian-culture\/\" \/>\n<meta property=\"og:locale\" content=\"vi_VN\" \/>\n<meta property=\"og:type\" content=\"article\" \/>\n<meta property=\"og:title\" content=\"V\u0103n H\u00f3a Canada | Gi\u00e1o D\u1ee5c Qu\u1ed1c T\u1ebf \u1edf Ontario | OASDI\" \/>\n<meta property=\"og:description\" content=\"Canada n\u1ed5i ti\u1ebfng th\u1ebf gi\u1edbi l\u00e0 m\u1ed9t qu\u1ed1c gia c\u00f3 v\u0103n h\u00f3a n\u1ed3ng h\u1eadu v\u00e0 hi\u1ebfu kh\u00e1ch. T\u00ecm hi\u1ec3u th\u00eam v\u1ec1 v\u0103n h\u00f3a, gi\u00e1 tr\u1ecb v\u00e0 truy\u1ec1n th\u1ed1ng c\u1ee7a Canada \u1edf \u0111\u00e2y.\" \/>\n<meta property=\"og:url\" content=\"https:\/\/www.oasdi.ca\/vi\/living-in-ontario\/canadian-culture\/\" \/>\n<meta property=\"og:site_name\" content=\"OASDI\" \/>\n<meta property=\"article:modified_time\" content=\"2020-04-17T00:08:24+00:00\" \/>\n<meta property=\"og:image\" content=\"https:\/\/www.oasdi.ca\/wp-content\/uploads\/2020\/03\/banner-43.jpg\" \/>\n\t<meta property=\"og:image:width\" content=\"1440\" \/>\n\t<meta property=\"og:image:height\" content=\"268\" \/>\n\t<meta property=\"og:image:type\" content=\"image\/jpeg\" \/>\n<meta name=\"twitter:card\" content=\"summary_large_image\" \/>\n<meta name=\"twitter:label1\" content=\"Est. reading time\" \/>\n\t<meta name=\"twitter:data1\" content=\"2 minutes\" \/>\n<script type=\"application\/ld+json\" class=\"yoast-schema-graph\">{\"@context\":\"https:\/\/schema.org\",\"@graph\":[{\"@type\":\"WebPage\",\"@id\":\"https:\/\/www.oasdi.ca\/vi\/living-in-ontario\/canadian-culture\/\",\"url\":\"https:\/\/www.oasdi.ca\/vi\/living-in-ontario\/canadian-culture\/\",\"name\":\"V\u0103n H\u00f3a Canada | Gi\u00e1o D\u1ee5c Qu\u1ed1c T\u1ebf \u1edf Ontario | OASDI\",\"isPartOf\":{\"@id\":\"https:\/\/www.oasdi.ca\/vi\/#website\"},\"datePublished\":\"2020-03-22T15:37:58+00:00\",\"dateModified\":\"2020-04-17T00:08:24+00:00\",\"description\":\"Canada n\u1ed5i ti\u1ebfng th\u1ebf gi\u1edbi l\u00e0 m\u1ed9t qu\u1ed1c gia c\u00f3 v\u0103n h\u00f3a n\u1ed3ng h\u1eadu v\u00e0 hi\u1ebfu kh\u00e1ch. T\u00ecm hi\u1ec3u th\u00eam v\u1ec1 v\u0103n h\u00f3a, gi\u00e1 tr\u1ecb v\u00e0 truy\u1ec1n th\u1ed1ng c\u1ee7a Canada \u1edf \u0111\u00e2y.\",\"breadcrumb\":{\"@id\":\"https:\/\/www.oasdi.ca\/vi\/living-in-ontario\/canadian-culture\/#breadcrumb\"},\"inLanguage\":\"vi-VN\",\"potentialAction\":[{\"@type\":\"ReadAction\",\"target\":[\"https:\/\/www.oasdi.ca\/vi\/living-in-ontario\/canadian-culture\/\"]}]},{\"@type\":\"BreadcrumbList\",\"@id\":\"https:\/\/www.oasdi.ca\/vi\/living-in-ontario\/canadian-culture\/#breadcrumb\",\"itemListElement\":[{\"@type\":\"ListItem\",\"position\":1,\"name\":\"Trang Ch\u1ee7\",\"item\":\"https:\/\/www.oasdi.ca\/vi\/\"},{\"@type\":\"ListItem\",\"position\":2,\"name\":\"S\u1ed1ng \u1edf Ontario V\u1edbi T\u01b0 C\u00e1ch L\u00e0 H\u1ecdc Sinh Qu\u1ed1c T\u1ebf\",\"item\":\"https:\/\/www.oasdi.ca\/vi\/living-in-ontario\/\"},{\"@type\":\"ListItem\",\"position\":3,\"name\":\"V\u0103n H\u00f3a Canada\"}]},{\"@type\":\"WebSite\",\"@id\":\"https:\/\/www.oasdi.ca\/vi\/#website\",\"url\":\"https:\/\/www.oasdi.ca\/vi\/\",\"name\":\"OASDI\",\"description\":\"Ontario Association of School District International\",\"publisher\":{\"@id\":\"https:\/\/www.oasdi.ca\/vi\/#organization\"},\"potentialAction\":[{\"@type\":\"SearchAction\",\"target\":{\"@type\":\"EntryPoint\",\"urlTemplate\":\"https:\/\/www.oasdi.ca\/vi\/?s={search_term_string}\"},\"query-input\":\"required name=search_term_string\"}],\"inLanguage\":\"vi-VN\"},{\"@type\":\"Organization\",\"@id\":\"https:\/\/www.oasdi.ca\/vi\/#organization\",\"name\":\"OASDI\",\"url\":\"https:\/\/www.oasdi.ca\/vi\/\",\"logo\":{\"@type\":\"ImageObject\",\"inLanguage\":\"vi-VN\",\"@id\":\"https:\/\/www.oasdi.ca\/vi\/#\/schema\/logo\/image\/\",\"url\":\"https:\/\/www.oasdi.ca\/wp-content\/uploads\/2020\/02\/cropped-oasdi-logo.png\",\"contentUrl\":\"https:\/\/www.oasdi.ca\/wp-content\/uploads\/2020\/02\/cropped-oasdi-logo.png\",\"width\":468,\"height\":96,\"caption\":\"OASDI\"},\"image\":{\"@id\":\"https:\/\/www.oasdi.ca\/vi\/#\/schema\/logo\/image\/\"}}]}<\/script>\n<!-- \/ Yoast SEO plugin. -->","yoast_head_json":{"title":"V\u0103n H\u00f3a Canada | Gi\u00e1o D\u1ee5c Qu\u1ed1c T\u1ebf \u1edf Ontario | OASDI","description":"Canada n\u1ed5i ti\u1ebfng th\u1ebf gi\u1edbi l\u00e0 m\u1ed9t qu\u1ed1c gia c\u00f3 v\u0103n h\u00f3a n\u1ed3ng h\u1eadu v\u00e0 hi\u1ebfu kh\u00e1ch. T\u00ecm hi\u1ec3u th\u00eam v\u1ec1 v\u0103n h\u00f3a, gi\u00e1 tr\u1ecb v\u00e0 truy\u1ec1n th\u1ed1ng c\u1ee7a Canada \u1edf \u0111\u00e2y.","robots":{"index":"index","follow":"follow","max-snippet":"max-snippet:-1","max-image-preview":"max-image-preview:large","max-video-preview":"max-video-preview:-1"},"canonical":"https:\/\/www.oasdi.ca\/vi\/living-in-ontario\/canadian-culture\/","og_locale":"vi_VN","og_type":"article","og_title":"V\u0103n H\u00f3a Canada | Gi\u00e1o D\u1ee5c Qu\u1ed1c T\u1ebf \u1edf Ontario | OASDI","og_description":"Canada n\u1ed5i ti\u1ebfng th\u1ebf gi\u1edbi l\u00e0 m\u1ed9t qu\u1ed1c gia c\u00f3 v\u0103n h\u00f3a n\u1ed3ng h\u1eadu v\u00e0 hi\u1ebfu kh\u00e1ch. T\u00ecm hi\u1ec3u th\u00eam v\u1ec1 v\u0103n h\u00f3a, gi\u00e1 tr\u1ecb v\u00e0 truy\u1ec1n th\u1ed1ng c\u1ee7a Canada \u1edf \u0111\u00e2y.","og_url":"https:\/\/www.oasdi.ca\/vi\/living-in-ontario\/canadian-culture\/","og_site_name":"OASDI","article_modified_time":"2020-04-17T00:08:24+00:00","og_image":[{"width":1440,"height":268,"url":"https:\/\/www.oasdi.ca\/wp-content\/uploads\/2020\/03\/banner-43.jpg","type":"image\/jpeg"}],"twitter_card":"summary_large_image","twitter_misc":{"Est. reading time":"2 minutes"},"schema":{"@context":"https:\/\/schema.org","@graph":[{"@type":"WebPage","@id":"https:\/\/www.oasdi.ca\/vi\/living-in-ontario\/canadian-culture\/","url":"https:\/\/www.oasdi.ca\/vi\/living-in-ontario\/canadian-culture\/","name":"V\u0103n H\u00f3a Canada | Gi\u00e1o D\u1ee5c Qu\u1ed1c T\u1ebf \u1edf Ontario | OASDI","isPartOf":{"@id":"https:\/\/www.oasdi.ca\/vi\/#website"},"datePublished":"2020-03-22T15:37:58+00:00","dateModified":"2020-04-17T00:08:24+00:00","description":"Canada n\u1ed5i ti\u1ebfng th\u1ebf gi\u1edbi l\u00e0 m\u1ed9t qu\u1ed1c gia c\u00f3 v\u0103n h\u00f3a n\u1ed3ng h\u1eadu v\u00e0 hi\u1ebfu kh\u00e1ch. T\u00ecm hi\u1ec3u th\u00eam v\u1ec1 v\u0103n h\u00f3a, gi\u00e1 tr\u1ecb v\u00e0 truy\u1ec1n th\u1ed1ng c\u1ee7a Canada \u1edf \u0111\u00e2y.","breadcrumb":{"@id":"https:\/\/www.oasdi.ca\/vi\/living-in-ontario\/canadian-culture\/#breadcrumb"},"inLanguage":"vi-VN","potentialAction":[{"@type":"ReadAction","target":["https:\/\/www.oasdi.ca\/vi\/living-in-ontario\/canadian-culture\/"]}]},{"@type":"BreadcrumbList","@id":"https:\/\/www.oasdi.ca\/vi\/living-in-ontario\/canadian-culture\/#breadcrumb","itemListElement":[{"@type":"ListItem","position":1,"name":"Trang Ch\u1ee7","item":"https:\/\/www.oasdi.ca\/vi\/"},{"@type":"ListItem","position":2,"name":"S\u1ed1ng \u1edf Ontario V\u1edbi T\u01b0 C\u00e1ch L\u00e0 H\u1ecdc Sinh Qu\u1ed1c T\u1ebf","item":"https:\/\/www.oasdi.ca\/vi\/living-in-ontario\/"},{"@type":"ListItem","position":3,"name":"V\u0103n H\u00f3a Canada"}]},{"@type":"WebSite","@id":"https:\/\/www.oasdi.ca\/vi\/#website","url":"https:\/\/www.oasdi.ca\/vi\/","name":"OASDI","description":"Ontario Association of School District International","publisher":{"@id":"https:\/\/www.oasdi.ca\/vi\/#organization"},"potentialAction":[{"@type":"SearchAction","target":{"@type":"EntryPoint","urlTemplate":"https:\/\/www.oasdi.ca\/vi\/?s={search_term_string}"},"query-input":"required name=search_term_string"}],"inLanguage":"vi-VN"},{"@type":"Organization","@id":"https:\/\/www.oasdi.ca\/vi\/#organization","name":"OASDI","url":"https:\/\/www.oasdi.ca\/vi\/","logo":{"@type":"ImageObject","inLanguage":"vi-VN","@id":"https:\/\/www.oasdi.ca\/vi\/#\/schema\/logo\/image\/","url":"https:\/\/www.oasdi.ca\/wp-content\/uploads\/2020\/02\/cropped-oasdi-logo.png","contentUrl":"https:\/\/www.oasdi.ca\/wp-content\/uploads\/2020\/02\/cropped-oasdi-logo.png","width":468,"height":96,"caption":"OASDI"},"image":{"@id":"https:\/\/www.oasdi.ca\/vi\/#\/schema\/logo\/image\/"}}]}},"_links":{"self":[{"href":"https:\/\/www.oasdi.ca\/vi\/wp-json\/wp\/v2\/pages\/18370"}],"collection":[{"href":"https:\/\/www.oasdi.ca\/vi\/wp-json\/wp\/v2\/pages"}],"about":[{"href":"https:\/\/www.oasdi.ca\/vi\/wp-json\/wp\/v2\/types\/page"}],"author":[{"embeddable":true,"href":"https:\/\/www.oasdi.ca\/vi\/wp-json\/wp\/v2\/users\/237"}],"replies":[{"embeddable":true,"href":"https:\/\/www.oasdi.ca\/vi\/wp-json\/wp\/v2\/comments?post=18370"}],"version-history":[{"count":0,"href":"https:\/\/www.oasdi.ca\/vi\/wp-json\/wp\/v2\/pages\/18370\/revisions"}],"up":[{"embeddable":true,"href":"https:\/\/www.oasdi.ca\/vi\/wp-json\/wp\/v2\/pages\/18289"}],"wp:featuredmedia":[{"embeddable":true,"href":"https:\/\/www.oasdi.ca\/vi\/wp-json\/wp\/v2\/media\/18371"}],"wp:attachment":[{"href":"https:\/\/www.oasdi.ca\/vi\/wp-json\/wp\/v2\/media?parent=18370"}],"curies":[{"name":"wp","href":"https:\/\/api.w.org\/{rel}","templated":true}]}}