{"id":18329,"date":"2020-03-19T23:58:03","date_gmt":"2020-03-19T23:58:03","guid":{"rendered":"http:\/\/oasdi.ca\/learn-abroad\/"},"modified":"2020-04-16T23:35:08","modified_gmt":"2020-04-16T23:35:08","slug":"learn-abroad","status":"publish","type":"page","link":"https:\/\/www.oasdi.ca\/vi\/learn-abroad\/","title":{"rendered":"Gi\u00e1o D\u1ee5c Qu\u1ed1c T\u1ebf \u1edf Ontario"},"content":{"rendered":"<div id=\"pl-18329\"  class=\"panel-layout\" ><div id=\"pg-18329-0\"  class=\"panel-grid panel-no-style\" ><div id=\"pgc-18329-0-0\"  class=\"panel-grid-cell\" ><div id=\"panel-18329-0-0-0\" class=\"so-panel widget widget_sow-image panel-first-child panel-last-child\" data-index=\"0\" ><div class=\"is-featured-img panel-widget-style panel-widget-style-for-18329-0-0-0\" ><div\n\t\t\t\n\t\t\tclass=\"so-widget-sow-image so-widget-sow-image-default-c4f6304fc136-18329\"\n\t\t\t\n\t\t>\n\n<div class=\"sow-image-container\">\n\t\t<img loading=\"lazy\" decoding=\"async\" src=\"https:\/\/www.oasdi.ca\/wp-content\/uploads\/2020\/03\/Learn-Abroad.jpg\" width=\"1440\" height=\"268\" srcset=\"https:\/\/www.oasdi.ca\/wp-content\/uploads\/2020\/03\/Learn-Abroad.jpg 1440w, https:\/\/www.oasdi.ca\/wp-content\/uploads\/2020\/03\/Learn-Abroad-250x47.jpg 250w, https:\/\/www.oasdi.ca\/wp-content\/uploads\/2020\/03\/Learn-Abroad-700x130.jpg 700w, https:\/\/www.oasdi.ca\/wp-content\/uploads\/2020\/03\/Learn-Abroad-768x143.jpg 768w, https:\/\/www.oasdi.ca\/wp-content\/uploads\/2020\/03\/Learn-Abroad-120x22.jpg 120w\" sizes=\"(max-width: 1440px) 100vw, 1440px\" title=\"Learn Abroad\" alt=\"Learn Abroad\" \t\tclass=\"so-widget-image\"\/>\n\t<\/div>\n\n<\/div><\/div><\/div><\/div><\/div><div id=\"pg-18329-1\"  class=\"panel-grid panel-has-style\" ><div class=\"has-container panel-row-style panel-row-style-for-18329-1\" ><div id=\"pgc-18329-1-0\"  class=\"panel-grid-cell\" ><div id=\"panel-18329-1-0-0\" class=\"so-panel widget widget_hem-seo-title-widget panel-first-child panel-last-child\" data-index=\"1\" ><div class=\"panel-widget-style panel-widget-style-for-18329-1-0-0\" ><div\n\t\t\t\n\t\t\tclass=\"so-widget-hem-seo-title-widget so-widget-hem-seo-title-widget-hem-seo-title-widget-style-d75171398898-18329\"\n\t\t\t\n\t\t>\n<h1 style=\"font-size:px;\">Gi\u00e1o D\u1ee5c Qu\u1ed1c T\u1ebf \u1edf Ontario<\/h1>\n\n\n\n\t<!-- <div class=\"breadcrumb-trail\"><a href=\"index.php\">Home<\/a> \u00bb <span class=\"breadcrumb-current\">About<\/span><\/div> -->\n\t<div class=\"test1\"><span><span><a href=\"https:\/\/www.oasdi.ca\/vi\/\">Trang Ch\u1ee7<\/a><\/span><\/span><\/div>\n<\/div><\/div><\/div><\/div><\/div><\/div><div id=\"pg-18329-2\"  class=\"panel-grid panel-has-style\" ><div class=\"has-container panel-row-style panel-row-style-for-18329-2\" ><div id=\"pgc-18329-2-0\"  class=\"panel-grid-cell\" ><div id=\"panel-18329-2-0-0\" class=\"so-panel widget widget_hem-sidebar-menu-widget panel-first-child\" data-index=\"2\" ><div\n\t\t\t\n\t\t\tclass=\"so-widget-hem-sidebar-menu-widget so-widget-hem-sidebar-menu-widget-hem-sidebar-menu-widget-style-d75171398898-18329\"\n\t\t\t\n\t\t><div id=\"sidebar\">\n\t\t\t<ul id=\"side-menu\" class=\"side-menu menu-embedded\">\n\t\t\t\n\t\t\t\t\t\t\t\t\n\t\t\t\t\t\t\t\t\t\t\t<li><a href=\"https:\/\/www.oasdi.ca\/vi\/learn-abroad\/faq\/\">C\u00e2u H\u1ecfi Th\u01b0\u1eddng G\u1eb7p v\u1ec1 Du H\u1ecdc N\u01b0\u1edbc Ngo\u00e0i<\/a><\/li>\n\t\t\t\t\t\t\t\t\t\t\t\t\t\n\t\t\t\t\t\t\t\t\t\t\t<li><a href=\"https:\/\/www.oasdi.ca\/vi\/learn-abroad\/research\/\">Nghi\u00ean C\u1ee9u v\u00e0 T\u00e0i Nguy\u00ean v\u1ec1 Gi\u00e1o D\u1ee5c Qu\u1ed1c T\u1ebf<\/a><\/li>\n\t\t\t\t\t\t\t\t\t\t\t\t\t\n\t\t\t\t\t\t\t\t\t\t\t<li><a href=\"https:\/\/www.oasdi.ca\/vi\/learn-abroad\/ontario-educators\/\">Gi\u1ea3ng D\u1ea1y v\u00e0 H\u1ecdc T\u1eadp \u1edf N\u01b0\u1edbc Ngo\u00e0i cho c\u00e1c Nh\u00e0 Gi\u00e1o D\u1ee5c \u1edf Ontario<\/a><\/li>\n\t\t\t\t\t\t\t\t\t\t\t\t\t\n\t\t\t\t\t\t\t\t\t\t\t<li><a href=\"https:\/\/www.oasdi.ca\/vi\/learn-abroad\/ontario-students\/\">Du H\u1ecdc N\u01b0\u1edbc Ngo\u00e0i cho Sinh Vi\u00ean Ontario<\/a><\/li>\n\t\t\t\t\t\t\t\t\t\t\n\n\t\t\t\t<!-- Extra menu -->\n\t\t\t\t\n\n\n\t\t\t\t\t<\/ul>\n\t\n\n<\/div><\/div><\/div><div id=\"panel-18329-2-0-1\" class=\"so-panel widget widget_hem-sidebar-link-widget panel-last-child\" data-index=\"3\" ><div\n\t\t\t\n\t\t\tclass=\"so-widget-hem-sidebar-link-widget so-widget-hem-sidebar-link-widget-hem-sidebar-link-widget-style-d75171398898-18329\"\n\t\t\t\n\t\t><div id=\"sidebar\" class=\"external-link-only\">\n\n\n\n\t\t\t\t<!-- Extra menu -->\n\t\t\t\t\t\t\t\t\t<ul id=\"side-menu\" class=\"side-menu menu-embedded\">\n\t\t\t\t\t\t\t\t\t\t\t\t\t\t\t\t\t\t\t\t\t<li><a  href=\"https:\/\/www.oasdi.ca\/map-search\/\">Map Overview<\/a><\/li>\n\t\t\t\t\t\t\t\t\t\t\t\t\t\t\n\t\t\t\t\t\t\t\t\t\t\t\t\t\t\t\t\t\t\t\t\t<li><a  href=\"https:\/\/www.oasdi.ca\/district-list\/\">District List<\/a><\/li>\n\t\t\t\t\t\t\t\t\t\t\t\t\t\t\n\t\t\t\t\t\t\t\n\t\t\t\t\t<\/ul>\n\t\t\t\t\n\t\t\t\t\n\n\n\n\n<\/div><\/div><\/div><\/div><div id=\"pgc-18329-2-1\"  class=\"panel-grid-cell\" ><div class=\"pl-sm-3 pl-md-5 panel-cell-style panel-cell-style-for-18329-2-1\" ><div id=\"panel-18329-2-1-0\" class=\"so-panel widget widget_sow-editor panel-first-child panel-last-child\" data-index=\"4\" ><div\n\t\t\t\n\t\t\tclass=\"so-widget-sow-editor so-widget-sow-editor-base\"\n\t\t\t\n\t\t>\n<div class=\"siteorigin-widget-tinymce textwidget\">\n\t<p>Gi\u00e1o d\u1ee5c qu\u1ed1c t\u1ebf \u1edf Ontario kh\u00f4ng ch\u1ec9 l\u00e0 v\u1ec1 h\u1ecdc sinh n\u01b0\u1edbc ngo\u00e0i \u0111\u1ebfn h\u1ecdc t\u1eadp m\u00e0 c\u00f2n v\u1ec1 h\u1ecdc sinh Ontario v\u00e0 c\u00e1c nh\u00e0 gi\u00e1o h\u1ecdc t\u1eadp \u1edf n\u01b0\u1edbc ngo\u00e0i. C\u00f3 r\u1ea5t nhi\u1ec1u c\u00e1ch \u0111\u1ec3 h\u1ecdc sinh c\u00f3 \u0111\u01b0\u1ee3c nh\u1eefng quan \u0111i\u1ec3m m\u1edbi v\u1ec1 th\u1ebf gi\u1edbi th\u00f4ng qua c\u00e1c chuy\u1ebfn \u0111i v\u00e0 c\u00e1c ch\u01b0\u01a1ng tr\u00ecnh trao \u0111\u1ed5i c\u1ee7a tr\u01b0\u1eddng, c\u0169ng nh\u01b0 s\u1ed1ng v\u00e0 theo h\u1ecdc \u1edf m\u1ed9t qu\u1ed1c gia kh\u00e1c trong m\u1ed9t h\u1ecdc k\u1ef3 ho\u1eb7c n\u0103m h\u1ecdc. C\u00f3 r\u1ea5t nhi\u1ec1u t\u1ed5 ch\u1ee9c cung c\u1ea5p c\u00e1c ch\u01b0\u01a1ng tr\u00ecnh du h\u1ecdc, c\u1ea3 ng\u1eafn h\u1ea1n v\u00e0 d\u00e0i h\u1ea1n, v\u00e0 m\u1ed9t s\u1ed1 cho ph\u00e9p h\u1ecdc sinh c\u00f3 \u0111\u01b0\u1ee3c t\u00edn ch\u1ec9 Ontario \u1edf n\u01b0\u1edbc ngo\u00e0i. Th\u01b0\u1eddng c\u00f3 h\u1ecdc b\u1ed5ng v\u00e0 h\u1ed7 tr\u1ee3 kh\u00e1c cho c\u00e1c lo\u1ea1i h\u00ecnh l\u00e0m gi\u00e0u kinh nghi\u1ec7m c\u1ee7a h\u1ecdc sinh.<\/p>\n<p>C\u00e1c nh\u00e0 gi\u00e1o d\u1ee5c \u1edf Ontario tr\u1edf th\u00e0nh nh\u1eefng gi\u00e1o vi\u00ean gi\u1ecfi h\u01a1n v\u00e0 c\u00f3 nhi\u1ec1u ki\u1ebfn th\u1ee9c h\u01a1n b\u1eb1ng c\u00e1ch h\u1ecdc t\u1eadp t\u1ea1i c\u00e1c qu\u1ed1c gia kh\u00e1c. M\u1ed9t bu\u1ed5i trao \u0111\u1ed5i d\u1ea1y h\u1ecdc t\u01b0\u01a1ng h\u1ed7 k\u00e9o d\u00e0i h\u00e0ng n\u0103m, n\u01a1i m\u1ed9t gi\u00e1o vi\u00ean Ontario sang m\u1ed9t n\u01b0\u1edbc kh\u00e1c v\u00e0 \u201ctrao \u0111\u1ed5i\u201d vai tr\u00f2 gi\u1ea3ng d\u1ea1y v\u1edbi gi\u00e1o vi\u00ean t\u1eeb n\u01b0\u1edbc kh\u00e1c l\u00e0 m\u1ed9t kinh nghi\u1ec7m gi\u00e1o d\u1ee5c phong ph\u00fa v\u00e0 c\u01a1 h\u1ed9i \u0111\u1ec3 ho\u00e0 nh\u1eadp v\u00e0 t\u00ecm hi\u1ec3u v\u1ec1 m\u1ed9t h\u1ec7 th\u1ed1ng gi\u00e1o d\u1ee5c ho\u00e0n to\u00e0n kh\u00e1c. Ngo\u00e0i ra, m\u1ed9t s\u1ed1 t\u1ed5 ch\u1ee9c cung c\u1ea5p c\u00e1c c\u01a1 h\u1ed9i \u0111\u1eb7c bi\u1ec7t cho c\u00e1c nh\u00e0 gi\u00e1o d\u1ee5c \u0111\u1ec3 h\u1ecdc t\u1eadp trong m\u00f9a h\u00e8 v\u00e0 \u0111i du l\u1ecbch \u0111\u1ec3 t\u00ecm hi\u1ec3u \u1edf c\u00e1c n\u01b0\u1edbc kh\u00e1c.<\/p>\n<\/div>\n<\/div><\/div><\/div><\/div><\/div><\/div><\/div>","protected":false},"excerpt":{"rendered":"Gi\u00e1o D\u1ee5c Qu\u1ed1c T\u1ebf \u1edf Ontario Trang Ch\u1ee7 C\u00e2u H\u1ecfi Th\u01b0\u1eddng G\u1eb7p v\u1ec1 Du H\u1ecdc N\u01b0\u1edbc Ngo\u00e0i Nghi\u00ean C\u1ee9u v\u00e0 T\u00e0i Nguy\u00ean v\u1ec1 Gi\u00e1o D\u1ee5c Qu\u1ed1c T\u1ebf Gi\u1ea3ng D\u1ea1y v\u00e0 H\u1ecdc T\u1eadp \u1edf N\u01b0\u1edbc Ngo\u00e0i cho c\u00e1c Nh\u00e0 Gi\u00e1o D\u1ee5c \u1edf Ontario Du H\u1ecdc N\u01b0\u1edbc Ngo\u00e0i cho Sinh Vi\u00ean Ontario Map Overview District List Gi\u00e1o&#8230; <a class=\"view-article\" href=\"https:\/\/www.oasdi.ca\/vi\/learn-abroad\/\">View Article<\/a>","protected":false},"author":237,"featured_media":18330,"parent":0,"menu_order":0,"comment_status":"closed","ping_status":"closed","template":"","meta":{"footnotes":""},"class_list":["post-18329","page","type-page","status-publish","has-post-thumbnail","hentry"],"yoast_head":"<!-- This site is optimized with the Yoast SEO plugin v21.5 - https:\/\/yoast.com\/wordpress\/plugins\/seo\/ -->\n<title>Du H\u1ecdc N\u01b0\u1edbc Ngo\u00e0i | Gi\u00e1o D\u1ee5c Qu\u1ed1c T\u1ebf \u1edf Ontario | OASDI<\/title>\n<meta name=\"description\" content=\"Gi\u00e1o d\u1ee5c qu\u1ed1c t\u1ebf l\u00e0 m\u1ed9t c\u01a1 h\u1ed9i tuy\u1ec7t v\u1eddi cho h\u1ecdc sinh v\u00e0 c\u00e1c nh\u00e0 gi\u00e1o d\u1ee5c tr\u1ea3i nghi\u1ec7m th\u1ebf gi\u1edbi. T\u00ecm hi\u1ec3u th\u00eam th\u00f4ng tin v\u1ec1 du h\u1ecdc n\u01b0\u1edbc ngo\u00e0i \u1edf \u0111\u00e2y.\" \/>\n<meta name=\"robots\" content=\"index, follow, max-snippet:-1, max-image-preview:large, max-video-preview:-1\" \/>\n<link rel=\"canonical\" href=\"https:\/\/www.oasdi.ca\/vi\/learn-abroad\/\" \/>\n<meta property=\"og:locale\" content=\"vi_VN\" \/>\n<meta property=\"og:type\" content=\"article\" \/>\n<meta property=\"og:title\" content=\"Du H\u1ecdc N\u01b0\u1edbc Ngo\u00e0i | Gi\u00e1o D\u1ee5c Qu\u1ed1c T\u1ebf \u1edf Ontario | OASDI\" \/>\n<meta property=\"og:description\" content=\"Gi\u00e1o d\u1ee5c qu\u1ed1c t\u1ebf l\u00e0 m\u1ed9t c\u01a1 h\u1ed9i tuy\u1ec7t v\u1eddi cho h\u1ecdc sinh v\u00e0 c\u00e1c nh\u00e0 gi\u00e1o d\u1ee5c tr\u1ea3i nghi\u1ec7m th\u1ebf gi\u1edbi. T\u00ecm hi\u1ec3u th\u00eam th\u00f4ng tin v\u1ec1 du h\u1ecdc n\u01b0\u1edbc ngo\u00e0i \u1edf \u0111\u00e2y.\" \/>\n<meta property=\"og:url\" content=\"https:\/\/www.oasdi.ca\/vi\/learn-abroad\/\" \/>\n<meta property=\"og:site_name\" content=\"OASDI\" \/>\n<meta property=\"article:modified_time\" content=\"2020-04-16T23:35:08+00:00\" \/>\n<meta property=\"og:image\" content=\"https:\/\/www.oasdi.ca\/wp-content\/uploads\/2020\/03\/Learn-Abroad.jpg\" \/>\n\t<meta property=\"og:image:width\" content=\"1440\" \/>\n\t<meta property=\"og:image:height\" content=\"268\" \/>\n\t<meta property=\"og:image:type\" content=\"image\/jpeg\" \/>\n<meta name=\"twitter:card\" content=\"summary_large_image\" \/>\n<meta name=\"twitter:label1\" content=\"Est. reading time\" \/>\n\t<meta name=\"twitter:data1\" content=\"2 minutes\" \/>\n<script type=\"application\/ld+json\" class=\"yoast-schema-graph\">{\"@context\":\"https:\/\/schema.org\",\"@graph\":[{\"@type\":\"WebPage\",\"@id\":\"https:\/\/www.oasdi.ca\/vi\/learn-abroad\/\",\"url\":\"https:\/\/www.oasdi.ca\/vi\/learn-abroad\/\",\"name\":\"Du H\u1ecdc N\u01b0\u1edbc Ngo\u00e0i | Gi\u00e1o D\u1ee5c Qu\u1ed1c T\u1ebf \u1edf Ontario | OASDI\",\"isPartOf\":{\"@id\":\"https:\/\/www.oasdi.ca\/vi\/#website\"},\"datePublished\":\"2020-03-19T23:58:03+00:00\",\"dateModified\":\"2020-04-16T23:35:08+00:00\",\"description\":\"Gi\u00e1o d\u1ee5c qu\u1ed1c t\u1ebf l\u00e0 m\u1ed9t c\u01a1 h\u1ed9i tuy\u1ec7t v\u1eddi cho h\u1ecdc sinh v\u00e0 c\u00e1c nh\u00e0 gi\u00e1o d\u1ee5c tr\u1ea3i nghi\u1ec7m th\u1ebf gi\u1edbi. T\u00ecm hi\u1ec3u th\u00eam th\u00f4ng tin v\u1ec1 du h\u1ecdc n\u01b0\u1edbc ngo\u00e0i \u1edf \u0111\u00e2y.\",\"breadcrumb\":{\"@id\":\"https:\/\/www.oasdi.ca\/vi\/learn-abroad\/#breadcrumb\"},\"inLanguage\":\"vi-VN\",\"potentialAction\":[{\"@type\":\"ReadAction\",\"target\":[\"https:\/\/www.oasdi.ca\/vi\/learn-abroad\/\"]}]},{\"@type\":\"BreadcrumbList\",\"@id\":\"https:\/\/www.oasdi.ca\/vi\/learn-abroad\/#breadcrumb\",\"itemListElement\":[{\"@type\":\"ListItem\",\"position\":1,\"name\":\"Trang Ch\u1ee7\",\"item\":\"https:\/\/www.oasdi.ca\/vi\/\"},{\"@type\":\"ListItem\",\"position\":2,\"name\":\"Gi\u00e1o D\u1ee5c Qu\u1ed1c T\u1ebf \u1edf Ontario\"}]},{\"@type\":\"WebSite\",\"@id\":\"https:\/\/www.oasdi.ca\/vi\/#website\",\"url\":\"https:\/\/www.oasdi.ca\/vi\/\",\"name\":\"OASDI\",\"description\":\"Ontario Association of School District International\",\"publisher\":{\"@id\":\"https:\/\/www.oasdi.ca\/vi\/#organization\"},\"potentialAction\":[{\"@type\":\"SearchAction\",\"target\":{\"@type\":\"EntryPoint\",\"urlTemplate\":\"https:\/\/www.oasdi.ca\/vi\/?s={search_term_string}\"},\"query-input\":\"required name=search_term_string\"}],\"inLanguage\":\"vi-VN\"},{\"@type\":\"Organization\",\"@id\":\"https:\/\/www.oasdi.ca\/vi\/#organization\",\"name\":\"OASDI\",\"url\":\"https:\/\/www.oasdi.ca\/vi\/\",\"logo\":{\"@type\":\"ImageObject\",\"inLanguage\":\"vi-VN\",\"@id\":\"https:\/\/www.oasdi.ca\/vi\/#\/schema\/logo\/image\/\",\"url\":\"https:\/\/www.oasdi.ca\/wp-content\/uploads\/2020\/02\/cropped-oasdi-logo.png\",\"contentUrl\":\"https:\/\/www.oasdi.ca\/wp-content\/uploads\/2020\/02\/cropped-oasdi-logo.png\",\"width\":468,\"height\":96,\"caption\":\"OASDI\"},\"image\":{\"@id\":\"https:\/\/www.oasdi.ca\/vi\/#\/schema\/logo\/image\/\"}}]}<\/script>\n<!-- \/ Yoast SEO plugin. -->","yoast_head_json":{"title":"Du H\u1ecdc N\u01b0\u1edbc Ngo\u00e0i | Gi\u00e1o D\u1ee5c Qu\u1ed1c T\u1ebf \u1edf Ontario | OASDI","description":"Gi\u00e1o d\u1ee5c qu\u1ed1c t\u1ebf l\u00e0 m\u1ed9t c\u01a1 h\u1ed9i tuy\u1ec7t v\u1eddi cho h\u1ecdc sinh v\u00e0 c\u00e1c nh\u00e0 gi\u00e1o d\u1ee5c tr\u1ea3i nghi\u1ec7m th\u1ebf gi\u1edbi. T\u00ecm hi\u1ec3u th\u00eam th\u00f4ng tin v\u1ec1 du h\u1ecdc n\u01b0\u1edbc ngo\u00e0i \u1edf \u0111\u00e2y.","robots":{"index":"index","follow":"follow","max-snippet":"max-snippet:-1","max-image-preview":"max-image-preview:large","max-video-preview":"max-video-preview:-1"},"canonical":"https:\/\/www.oasdi.ca\/vi\/learn-abroad\/","og_locale":"vi_VN","og_type":"article","og_title":"Du H\u1ecdc N\u01b0\u1edbc Ngo\u00e0i | Gi\u00e1o D\u1ee5c Qu\u1ed1c T\u1ebf \u1edf Ontario | OASDI","og_description":"Gi\u00e1o d\u1ee5c qu\u1ed1c t\u1ebf l\u00e0 m\u1ed9t c\u01a1 h\u1ed9i tuy\u1ec7t v\u1eddi cho h\u1ecdc sinh v\u00e0 c\u00e1c nh\u00e0 gi\u00e1o d\u1ee5c tr\u1ea3i nghi\u1ec7m th\u1ebf gi\u1edbi. T\u00ecm hi\u1ec3u th\u00eam th\u00f4ng tin v\u1ec1 du h\u1ecdc n\u01b0\u1edbc ngo\u00e0i \u1edf \u0111\u00e2y.","og_url":"https:\/\/www.oasdi.ca\/vi\/learn-abroad\/","og_site_name":"OASDI","article_modified_time":"2020-04-16T23:35:08+00:00","og_image":[{"width":1440,"height":268,"url":"https:\/\/www.oasdi.ca\/wp-content\/uploads\/2020\/03\/Learn-Abroad.jpg","type":"image\/jpeg"}],"twitter_card":"summary_large_image","twitter_misc":{"Est. reading time":"2 minutes"},"schema":{"@context":"https:\/\/schema.org","@graph":[{"@type":"WebPage","@id":"https:\/\/www.oasdi.ca\/vi\/learn-abroad\/","url":"https:\/\/www.oasdi.ca\/vi\/learn-abroad\/","name":"Du H\u1ecdc N\u01b0\u1edbc Ngo\u00e0i | Gi\u00e1o D\u1ee5c Qu\u1ed1c T\u1ebf \u1edf Ontario | OASDI","isPartOf":{"@id":"https:\/\/www.oasdi.ca\/vi\/#website"},"datePublished":"2020-03-19T23:58:03+00:00","dateModified":"2020-04-16T23:35:08+00:00","description":"Gi\u00e1o d\u1ee5c qu\u1ed1c t\u1ebf l\u00e0 m\u1ed9t c\u01a1 h\u1ed9i tuy\u1ec7t v\u1eddi cho h\u1ecdc sinh v\u00e0 c\u00e1c nh\u00e0 gi\u00e1o d\u1ee5c tr\u1ea3i nghi\u1ec7m th\u1ebf gi\u1edbi. T\u00ecm hi\u1ec3u th\u00eam th\u00f4ng tin v\u1ec1 du h\u1ecdc n\u01b0\u1edbc ngo\u00e0i \u1edf \u0111\u00e2y.","breadcrumb":{"@id":"https:\/\/www.oasdi.ca\/vi\/learn-abroad\/#breadcrumb"},"inLanguage":"vi-VN","potentialAction":[{"@type":"ReadAction","target":["https:\/\/www.oasdi.ca\/vi\/learn-abroad\/"]}]},{"@type":"BreadcrumbList","@id":"https:\/\/www.oasdi.ca\/vi\/learn-abroad\/#breadcrumb","itemListElement":[{"@type":"ListItem","position":1,"name":"Trang Ch\u1ee7","item":"https:\/\/www.oasdi.ca\/vi\/"},{"@type":"ListItem","position":2,"name":"Gi\u00e1o D\u1ee5c Qu\u1ed1c T\u1ebf \u1edf Ontario"}]},{"@type":"WebSite","@id":"https:\/\/www.oasdi.ca\/vi\/#website","url":"https:\/\/www.oasdi.ca\/vi\/","name":"OASDI","description":"Ontario Association of School District International","publisher":{"@id":"https:\/\/www.oasdi.ca\/vi\/#organization"},"potentialAction":[{"@type":"SearchAction","target":{"@type":"EntryPoint","urlTemplate":"https:\/\/www.oasdi.ca\/vi\/?s={search_term_string}"},"query-input":"required name=search_term_string"}],"inLanguage":"vi-VN"},{"@type":"Organization","@id":"https:\/\/www.oasdi.ca\/vi\/#organization","name":"OASDI","url":"https:\/\/www.oasdi.ca\/vi\/","logo":{"@type":"ImageObject","inLanguage":"vi-VN","@id":"https:\/\/www.oasdi.ca\/vi\/#\/schema\/logo\/image\/","url":"https:\/\/www.oasdi.ca\/wp-content\/uploads\/2020\/02\/cropped-oasdi-logo.png","contentUrl":"https:\/\/www.oasdi.ca\/wp-content\/uploads\/2020\/02\/cropped-oasdi-logo.png","width":468,"height":96,"caption":"OASDI"},"image":{"@id":"https:\/\/www.oasdi.ca\/vi\/#\/schema\/logo\/image\/"}}]}},"_links":{"self":[{"href":"https:\/\/www.oasdi.ca\/vi\/wp-json\/wp\/v2\/pages\/18329"}],"collection":[{"href":"https:\/\/www.oasdi.ca\/vi\/wp-json\/wp\/v2\/pages"}],"about":[{"href":"https:\/\/www.oasdi.ca\/vi\/wp-json\/wp\/v2\/types\/page"}],"author":[{"embeddable":true,"href":"https:\/\/www.oasdi.ca\/vi\/wp-json\/wp\/v2\/users\/237"}],"replies":[{"embeddable":true,"href":"https:\/\/www.oasdi.ca\/vi\/wp-json\/wp\/v2\/comments?post=18329"}],"version-history":[{"count":0,"href":"https:\/\/www.oasdi.ca\/vi\/wp-json\/wp\/v2\/pages\/18329\/revisions"}],"wp:featuredmedia":[{"embeddable":true,"href":"https:\/\/www.oasdi.ca\/vi\/wp-json\/wp\/v2\/media\/18330"}],"wp:attachment":[{"href":"https:\/\/www.oasdi.ca\/vi\/wp-json\/wp\/v2\/media?parent=18329"}],"curies":[{"name":"wp","href":"https:\/\/api.w.org\/{rel}","templated":true}]}}