{"id":18289,"date":"2020-03-19T23:46:01","date_gmt":"2020-03-19T23:46:01","guid":{"rendered":"http:\/\/oasdi.ca\/living-in-ontario\/"},"modified":"2020-05-01T13:38:55","modified_gmt":"2020-05-01T13:38:55","slug":"living-in-ontario","status":"publish","type":"page","link":"https:\/\/www.oasdi.ca\/vi\/living-in-ontario\/","title":{"rendered":"S\u1ed1ng \u1edf Ontario V\u1edbi T\u01b0 C\u00e1ch L\u00e0 H\u1ecdc Sinh Qu\u1ed1c T\u1ebf"},"content":{"rendered":"<div id=\"pl-18289\"  class=\"panel-layout\" ><div id=\"pg-18289-0\"  class=\"panel-grid panel-no-style\" ><div id=\"pgc-18289-0-0\"  class=\"panel-grid-cell\" ><div id=\"panel-18289-0-0-0\" class=\"so-panel widget widget_sow-image panel-first-child panel-last-child\" data-index=\"0\" ><div class=\"is-featured-img panel-widget-style panel-widget-style-for-18289-0-0-0\" ><div\n\t\t\t\n\t\t\tclass=\"so-widget-sow-image so-widget-sow-image-default-c4f6304fc136-18289\"\n\t\t\t\n\t\t>\n\n<div class=\"sow-image-container\">\n\t\t<img loading=\"lazy\" decoding=\"async\" src=\"https:\/\/www.oasdi.ca\/wp-content\/uploads\/2020\/03\/oasdi-faq.jpg\" width=\"1440\" height=\"268\" srcset=\"https:\/\/www.oasdi.ca\/wp-content\/uploads\/2020\/03\/oasdi-faq.jpg 1440w, https:\/\/www.oasdi.ca\/wp-content\/uploads\/2020\/03\/oasdi-faq-250x47.jpg 250w, https:\/\/www.oasdi.ca\/wp-content\/uploads\/2020\/03\/oasdi-faq-700x130.jpg 700w, https:\/\/www.oasdi.ca\/wp-content\/uploads\/2020\/03\/oasdi-faq-768x143.jpg 768w, https:\/\/www.oasdi.ca\/wp-content\/uploads\/2020\/03\/oasdi-faq-120x22.jpg 120w\" sizes=\"(max-width: 1440px) 100vw, 1440px\" alt=\"\" \t\tclass=\"so-widget-image\"\/>\n\t<\/div>\n\n<\/div><\/div><\/div><\/div><\/div><div id=\"pg-18289-1\"  class=\"panel-grid panel-has-style\" ><div class=\"has-container panel-row-style panel-row-style-for-18289-1\" ><div id=\"pgc-18289-1-0\"  class=\"panel-grid-cell\" ><div id=\"panel-18289-1-0-0\" class=\"so-panel widget widget_hem-seo-title-widget panel-first-child panel-last-child\" data-index=\"1\" ><div class=\"panel-widget-style panel-widget-style-for-18289-1-0-0\" ><div\n\t\t\t\n\t\t\tclass=\"so-widget-hem-seo-title-widget so-widget-hem-seo-title-widget-hem-seo-title-widget-style-d75171398898-18289\"\n\t\t\t\n\t\t>\n<h1 style=\"font-size:px;\">S\u1ed1ng \u1edf Ontario V\u1edbi T\u01b0 C\u00e1ch L\u00e0 H\u1ecdc Sinh Qu\u1ed1c T\u1ebf<\/h1>\n\n\n\n\t<!-- <div class=\"breadcrumb-trail\"><a href=\"index.php\">Home<\/a> \u00bb <span class=\"breadcrumb-current\">About<\/span><\/div> -->\n\t<div class=\"test1\"><span><span><a href=\"https:\/\/www.oasdi.ca\/vi\/\">Trang Ch\u1ee7<\/a><\/span><\/span><\/div>\n<\/div><\/div><\/div><\/div><\/div><\/div><div id=\"pg-18289-2\"  class=\"panel-grid panel-has-style\" ><div class=\"has-container panel-row-style panel-row-style-for-18289-2\" ><div id=\"pgc-18289-2-0\"  class=\"panel-grid-cell\" ><div id=\"panel-18289-2-0-0\" class=\"so-panel widget widget_hem-sidebar-menu-widget panel-first-child\" data-index=\"2\" ><div\n\t\t\t\n\t\t\tclass=\"so-widget-hem-sidebar-menu-widget so-widget-hem-sidebar-menu-widget-hem-sidebar-menu-widget-style-d75171398898-18289\"\n\t\t\t\n\t\t><div id=\"sidebar\">\n\t\t\t<ul id=\"side-menu\" class=\"side-menu menu-embedded\">\n\t\t\t\n\t\t\t\t\t\t\t\t\n\t\t\t\t\t\t\t\t\t\t\t<li><a href=\"https:\/\/www.oasdi.ca\/vi\/living-in-ontario\/faq\/\">C\u00e2u H\u1ecfi Th\u01b0\u1eddng G\u1eb7p v\u1ec1 S\u1ed1ng \u1edf Ontario cho H\u1ecdc Sinh Qu\u1ed1c T\u1ebf<\/a><\/li>\n\t\t\t\t\t\t\t\t\t\t\t\t\t\n\t\t\t\t\t\t\t\t\t\t\t<li><a href=\"https:\/\/www.oasdi.ca\/vi\/living-in-ontario\/weather-and-seasons\/\">Kh\u00ed H\u1eadu v\u00e0 C\u00e1c M\u00f9a \u1edf Ontario<\/a><\/li>\n\t\t\t\t\t\t\t\t\t\t\t\t\t\n\t\t\t\t\t\t\t\t\t\t\t<li><a href=\"https:\/\/www.oasdi.ca\/vi\/living-in-ontario\/attractions\/\">C\u00e1c K\u1ef3 Quan Thi\u00ean Nhi\u00ean v\u00e0 Khu Du L\u1ecbch Ch\u00ednh \u1edf Ontario<\/a><\/li>\n\t\t\t\t\t\t\t\t\t\t\t\t\t\n\t\t\t\t\t\t\t\t\t\t\t<li><a href=\"https:\/\/www.oasdi.ca\/vi\/living-in-ontario\/exploring\/\">Kh\u00e1m Ph\u00e1 Ontario<\/a><\/li>\n\t\t\t\t\t\t\t\t\t\t\t\t\t\n\t\t\t\t\t\t\t\t\t\t\t<li><a href=\"https:\/\/www.oasdi.ca\/vi\/living-in-ontario\/getting-around\/\">\u0110i L\u1ea1i \u1edf Ontario<\/a><\/li>\n\t\t\t\t\t\t\t\t\t\t\t\t\t\n\t\t\t\t\t\t\t\t\t\t\t<li><a href=\"https:\/\/www.oasdi.ca\/vi\/living-in-ontario\/canadian-culture\/\">V\u0103n H\u00f3a Canada<\/a><\/li>\n\t\t\t\t\t\t\t\t\t\t\t\t\t\n\t\t\t\t\t\t\t\t\t\t\t<li><a href=\"https:\/\/www.oasdi.ca\/vi\/living-in-ontario\/rural-living\/\">Cu\u1ed9c S\u1ed1ng \u1edf N\u00f4ng Th\u00f4n, Ngo\u1ea1i \u00d4 v\u00e0 \u0110\u00f4 Th\u1ecb \u1edf Ontario<\/a><\/li>\n\t\t\t\t\t\t\t\t\t\t\t\t\t\n\t\t\t\t\t\t\t\t\t\t\t<li><a href=\"https:\/\/www.oasdi.ca\/vi\/living-in-ontario\/homestay-services\/\">D\u1ecbch V\u1ee5 S\u1ed1ng \u1edf Nh\u00e0 D\u00e2n B\u1ea3n X\u1ee9 \u1edf Ontario cho H\u1ecdc Sinh Qu\u1ed1c T\u1ebf<\/a><\/li>\n\t\t\t\t\t\t\t\t\t\t\n\n\t\t\t\t<!-- Extra menu -->\n\t\t\t\t\n\n\n\t\t\t\t\t<\/ul>\n\t\n\n<\/div><\/div><\/div><div id=\"panel-18289-2-0-1\" class=\"so-panel widget widget_hem-sidebar-link-widget panel-last-child\" data-index=\"3\" ><div\n\t\t\t\n\t\t\tclass=\"so-widget-hem-sidebar-link-widget so-widget-hem-sidebar-link-widget-hem-sidebar-link-widget-style-d75171398898-18289\"\n\t\t\t\n\t\t><div id=\"sidebar\" class=\"external-link-only\">\n\n\n\n\t\t\t\t<!-- Extra menu -->\n\t\t\t\t\t\t\t\t\t<ul id=\"side-menu\" class=\"side-menu menu-embedded\">\n\t\t\t\t\t\t\t\t\t\t\t\t\t\t\t\t\t\t\t\t\t<li><a  href=\"https:\/\/www.oasdi.ca\/map-search\/\">Map Overview<\/a><\/li>\n\t\t\t\t\t\t\t\t\t\t\t\t\t\t\n\t\t\t\t\t\t\t\t\t\t\t\t\t\t\t\t\t\t\t\t\t<li><a  href=\"https:\/\/www.oasdi.ca\/district-list\/\">District List<\/a><\/li>\n\t\t\t\t\t\t\t\t\t\t\t\t\t\t\n\t\t\t\t\t\t\t\n\t\t\t\t\t<\/ul>\n\t\t\t\t\n\t\t\t\t\n\n\n\n\n<\/div><\/div><\/div><\/div><div id=\"pgc-18289-2-1\"  class=\"panel-grid-cell\" ><div class=\"pl-sm-3 pl-md-5 panel-cell-style panel-cell-style-for-18289-2-1\" ><div id=\"panel-18289-2-1-0\" class=\"so-panel widget widget_sow-editor panel-first-child panel-last-child\" data-index=\"4\" ><div\n\t\t\t\n\t\t\tclass=\"so-widget-sow-editor so-widget-sow-editor-base\"\n\t\t\t\n\t\t>\n<div class=\"siteorigin-widget-tinymce textwidget\">\n\t<p>Ontario l\u00e0 t\u1ec9nh l\u1edbn nh\u1ea5t c\u1ee7a Canada v\u1ec1 di\u1ec7n t\u00edch \u0111\u1ea5t \u0111ai v\u00e0 quy m\u00f4 d\u00e2n s\u1ed1; n\u00f3 \u0111\u1eb9p b\u1edfi c\u1ea3nh quan v\u00e0 \u0111a d\u1ea1ng v\u1ec1 d\u00e2n t\u1ed9c. V\u00ec Ontario l\u00e0 t\u1ec9nh l\u1edbn nh\u1ea5t Canada, c\u00f3 nhi\u1ec1u c\u01a1 h\u1ed9i, ti\u1ec7n nghi v\u00e0 d\u1ecbch v\u1ee5 h\u01a1n.<\/p>\n<p>Ontario c\u00f3 r\u1ea5t nhi\u1ec1u l\u1ee3i \u00edch cho h\u1ecdc sinh qu\u1ed1c t\u1ebf. D\u00f9 m\u1ed9t ng\u01b0\u1eddi s\u1ed1ng trong m\u1ed9t th\u00e0nh ph\u1ed1 l\u1edbn, m\u1ed9t th\u1ecb tr\u1ea5n nh\u1ecf hay trong m\u1ed9t c\u1ed9ng \u0111\u1ed3ng n\u00f4ng th\u00f4n, Ontario \u0111\u1ec1u th\u00e2n thi\u1ec7n, an to\u00e0n v\u00e0 lu\u00f4n ch\u00e0o \u0111\u00f3n. Ontario l\u00e0 n\u01a1i c\u00f3 kh\u00f4ng kh\u00ed v\u00e0 n\u01b0\u1edbc s\u1ea1ch. C\u00e1c c\u1ed9ng \u0111\u1ed3ng \u0111\u01b0\u1ee3c h\u00ecnh th\u00e0nh l\u00e2u \u0111\u1eddi v\u00e0 c\u00f3 r\u1ea5t nhi\u1ec1u c\u01a1 s\u1edf \u0111\u1ecba ph\u01b0\u01a1ng v\u00e0 c\u00e1c d\u1ecbch v\u1ee5 h\u1ed7 tr\u1ee3 \u0111\u01b0\u1ee3c cung c\u1ea5p, t\u1eeb ch\u0103m s\u00f3c s\u1ee9c kho\u1ebb tuy\u1ec7t v\u1eddi, c\u00e1c trung t\u00e2m gi\u1ea3i tr\u00ed c\u1ed9ng \u0111\u1ed3ng \u0111\u1ebfn c\u00e1c m\u1ea1ng l\u01b0\u1edbi truy\u1ec1n th\u00f4ng ph\u00e1t tri\u1ec3n. M\u00f4i tr\u01b0\u1eddng t\u1ef1 nhi\u00ean s\u1eb5n c\u00f3 v\u1edbi nhi\u1ec1u c\u01a1 h\u1ed9i \u0111\u1ec3 ra ngo\u00e0i v\u00e0 kh\u00e1m ph\u00e1 thi\u00ean nhi\u00ean v\u00e0 ho\u1ea1t \u0111\u1ed9ng th\u1ec3 ch\u1ea5t trong b\u1ea5t k\u1ef3 th\u1eddi \u0111i\u1ec3m n\u00e0o trong b\u1ed1n m\u00f9a r\u00f5 r\u1ec7t c\u1ee7a Ontario. V\u00e0 s\u1ed1ng c\u00f9ng gia \u0111\u00ecnh Ch\u1ee7 Nh\u00e0 l\u00e0 m\u1ed9t \u0111i\u1ec3m c\u1ed9ng v\u00ec n\u00f3 cho ph\u00e9p m\u1ed9t h\u1ecdc sinh qu\u1ed1c t\u1ebf tr\u1edf th\u00e0nh m\u1ed9t th\u00e0nh vi\u00ean c\u1ee7a m\u1ed9t gia \u0111\u00ecnh Canada.<\/p>\n<p>Ph\u1ea7n n\u00e0y c\u1ee7a trang web OASDI cung c\u1ea5p th\u00f4ng tin v\u1ec1 S\u1ed1ng C\u00f9ng Gia \u0110\u00ecnh B\u1ea3n X\u1ee9, c\u00e1c lo\u1ea1i c\u1ed9ng \u0111\u1ed3ng Ontario, c\u00e1c kh\u00eda c\u1ea1nh c\u1ee7a n\u1ec1n v\u0103n ho\u00e1 Canada, v\u00e0 c\u00e1c c\u00e1ch \u0111\u1ec3 t\u00ecm hi\u1ec3u v\u00e0 kh\u00e1m ph\u00e1 t\u1ec9nh Ontario.<\/p>\n<\/div>\n<\/div><\/div><\/div><\/div><\/div><\/div><\/div>","protected":false},"excerpt":{"rendered":"S\u1ed1ng \u1edf Ontario V\u1edbi T\u01b0 C\u00e1ch L\u00e0 H\u1ecdc Sinh Qu\u1ed1c T\u1ebf Trang Ch\u1ee7 C\u00e2u H\u1ecfi Th\u01b0\u1eddng G\u1eb7p v\u1ec1 S\u1ed1ng \u1edf Ontario cho H\u1ecdc Sinh Qu\u1ed1c T\u1ebf Kh\u00ed H\u1eadu v\u00e0 C\u00e1c M\u00f9a \u1edf Ontario C\u00e1c K\u1ef3 Quan Thi\u00ean Nhi\u00ean v\u00e0 Khu Du L\u1ecbch Ch\u00ednh \u1edf Ontario Kh\u00e1m Ph\u00e1 Ontario \u0110i L\u1ea1i \u1edf Ontario V\u0103n H\u00f3a Canada&#8230; <a class=\"view-article\" href=\"https:\/\/www.oasdi.ca\/vi\/living-in-ontario\/\">View Article<\/a>","protected":false},"author":237,"featured_media":0,"parent":0,"menu_order":0,"comment_status":"closed","ping_status":"closed","template":"","meta":{"footnotes":""},"class_list":["post-18289","page","type-page","status-publish","hentry"],"yoast_head":"<!-- This site is optimized with the Yoast SEO plugin v21.5 - https:\/\/yoast.com\/wordpress\/plugins\/seo\/ -->\n<title>S\u1ed1ng \u1edf Ontario | Gi\u00e1o D\u1ee5c Qu\u1ed1c T\u1ebf \u1edf Ontario | OASDI<\/title>\n<meta name=\"description\" content=\"B\u1ea1n t\u00f2 m\u00f2 v\u1ec1 cu\u1ed9c s\u1ed1ng c\u1ee7a h\u1ecdc sinh qu\u1ed1c t\u1ebf \u1edf Ontario? T\u00ecm hi\u1ec3u th\u00eam v\u1ec1 t\u1ec9nh th\u00e2n thi\u1ec7n v\u00e0 hi\u1ebfu kh\u00e1ch c\u1ee7a ch\u00fang t\u00f4i \u1edf \u0111\u00e2y!\" \/>\n<meta name=\"robots\" content=\"index, follow, max-snippet:-1, max-image-preview:large, max-video-preview:-1\" \/>\n<link rel=\"canonical\" href=\"https:\/\/www.oasdi.ca\/vi\/living-in-ontario\/\" \/>\n<meta property=\"og:locale\" content=\"vi_VN\" \/>\n<meta property=\"og:type\" content=\"article\" \/>\n<meta property=\"og:title\" content=\"S\u1ed1ng \u1edf Ontario | Gi\u00e1o D\u1ee5c Qu\u1ed1c T\u1ebf \u1edf Ontario | OASDI\" \/>\n<meta property=\"og:description\" content=\"B\u1ea1n t\u00f2 m\u00f2 v\u1ec1 cu\u1ed9c s\u1ed1ng c\u1ee7a h\u1ecdc sinh qu\u1ed1c t\u1ebf \u1edf Ontario? T\u00ecm hi\u1ec3u th\u00eam v\u1ec1 t\u1ec9nh th\u00e2n thi\u1ec7n v\u00e0 hi\u1ebfu kh\u00e1ch c\u1ee7a ch\u00fang t\u00f4i \u1edf \u0111\u00e2y!\" \/>\n<meta property=\"og:url\" content=\"https:\/\/www.oasdi.ca\/vi\/living-in-ontario\/\" \/>\n<meta property=\"og:site_name\" content=\"OASDI\" \/>\n<meta property=\"article:modified_time\" content=\"2020-05-01T13:38:55+00:00\" \/>\n<meta property=\"og:image\" content=\"https:\/\/www.oasdi.ca\/wp-content\/uploads\/2020\/03\/oasdi-faq.jpg\" \/>\n\t<meta property=\"og:image:width\" content=\"1440\" \/>\n\t<meta property=\"og:image:height\" content=\"268\" \/>\n\t<meta property=\"og:image:type\" content=\"image\/jpeg\" \/>\n<meta name=\"twitter:card\" content=\"summary_large_image\" \/>\n<meta name=\"twitter:label1\" content=\"Est. reading time\" \/>\n\t<meta name=\"twitter:data1\" content=\"2 minutes\" \/>\n<script type=\"application\/ld+json\" class=\"yoast-schema-graph\">{\"@context\":\"https:\/\/schema.org\",\"@graph\":[{\"@type\":\"WebPage\",\"@id\":\"https:\/\/www.oasdi.ca\/vi\/living-in-ontario\/\",\"url\":\"https:\/\/www.oasdi.ca\/vi\/living-in-ontario\/\",\"name\":\"S\u1ed1ng \u1edf Ontario | Gi\u00e1o D\u1ee5c Qu\u1ed1c T\u1ebf \u1edf Ontario | OASDI\",\"isPartOf\":{\"@id\":\"https:\/\/www.oasdi.ca\/vi\/#website\"},\"datePublished\":\"2020-03-19T23:46:01+00:00\",\"dateModified\":\"2020-05-01T13:38:55+00:00\",\"description\":\"B\u1ea1n t\u00f2 m\u00f2 v\u1ec1 cu\u1ed9c s\u1ed1ng c\u1ee7a h\u1ecdc sinh qu\u1ed1c t\u1ebf \u1edf Ontario? T\u00ecm hi\u1ec3u th\u00eam v\u1ec1 t\u1ec9nh th\u00e2n thi\u1ec7n v\u00e0 hi\u1ebfu kh\u00e1ch c\u1ee7a ch\u00fang t\u00f4i \u1edf \u0111\u00e2y!\",\"breadcrumb\":{\"@id\":\"https:\/\/www.oasdi.ca\/vi\/living-in-ontario\/#breadcrumb\"},\"inLanguage\":\"vi-VN\",\"potentialAction\":[{\"@type\":\"ReadAction\",\"target\":[\"https:\/\/www.oasdi.ca\/vi\/living-in-ontario\/\"]}]},{\"@type\":\"BreadcrumbList\",\"@id\":\"https:\/\/www.oasdi.ca\/vi\/living-in-ontario\/#breadcrumb\",\"itemListElement\":[{\"@type\":\"ListItem\",\"position\":1,\"name\":\"Trang Ch\u1ee7\",\"item\":\"https:\/\/www.oasdi.ca\/vi\/\"},{\"@type\":\"ListItem\",\"position\":2,\"name\":\"S\u1ed1ng \u1edf Ontario V\u1edbi T\u01b0 C\u00e1ch L\u00e0 H\u1ecdc Sinh Qu\u1ed1c T\u1ebf\"}]},{\"@type\":\"WebSite\",\"@id\":\"https:\/\/www.oasdi.ca\/vi\/#website\",\"url\":\"https:\/\/www.oasdi.ca\/vi\/\",\"name\":\"OASDI\",\"description\":\"Ontario Association of School District International\",\"publisher\":{\"@id\":\"https:\/\/www.oasdi.ca\/vi\/#organization\"},\"potentialAction\":[{\"@type\":\"SearchAction\",\"target\":{\"@type\":\"EntryPoint\",\"urlTemplate\":\"https:\/\/www.oasdi.ca\/vi\/?s={search_term_string}\"},\"query-input\":\"required name=search_term_string\"}],\"inLanguage\":\"vi-VN\"},{\"@type\":\"Organization\",\"@id\":\"https:\/\/www.oasdi.ca\/vi\/#organization\",\"name\":\"OASDI\",\"url\":\"https:\/\/www.oasdi.ca\/vi\/\",\"logo\":{\"@type\":\"ImageObject\",\"inLanguage\":\"vi-VN\",\"@id\":\"https:\/\/www.oasdi.ca\/vi\/#\/schema\/logo\/image\/\",\"url\":\"https:\/\/www.oasdi.ca\/wp-content\/uploads\/2020\/02\/cropped-oasdi-logo.png\",\"contentUrl\":\"https:\/\/www.oasdi.ca\/wp-content\/uploads\/2020\/02\/cropped-oasdi-logo.png\",\"width\":468,\"height\":96,\"caption\":\"OASDI\"},\"image\":{\"@id\":\"https:\/\/www.oasdi.ca\/vi\/#\/schema\/logo\/image\/\"}}]}<\/script>\n<!-- \/ Yoast SEO plugin. -->","yoast_head_json":{"title":"S\u1ed1ng \u1edf Ontario | Gi\u00e1o D\u1ee5c Qu\u1ed1c T\u1ebf \u1edf Ontario | OASDI","description":"B\u1ea1n t\u00f2 m\u00f2 v\u1ec1 cu\u1ed9c s\u1ed1ng c\u1ee7a h\u1ecdc sinh qu\u1ed1c t\u1ebf \u1edf Ontario? T\u00ecm hi\u1ec3u th\u00eam v\u1ec1 t\u1ec9nh th\u00e2n thi\u1ec7n v\u00e0 hi\u1ebfu kh\u00e1ch c\u1ee7a ch\u00fang t\u00f4i \u1edf \u0111\u00e2y!","robots":{"index":"index","follow":"follow","max-snippet":"max-snippet:-1","max-image-preview":"max-image-preview:large","max-video-preview":"max-video-preview:-1"},"canonical":"https:\/\/www.oasdi.ca\/vi\/living-in-ontario\/","og_locale":"vi_VN","og_type":"article","og_title":"S\u1ed1ng \u1edf Ontario | Gi\u00e1o D\u1ee5c Qu\u1ed1c T\u1ebf \u1edf Ontario | OASDI","og_description":"B\u1ea1n t\u00f2 m\u00f2 v\u1ec1 cu\u1ed9c s\u1ed1ng c\u1ee7a h\u1ecdc sinh qu\u1ed1c t\u1ebf \u1edf Ontario? T\u00ecm hi\u1ec3u th\u00eam v\u1ec1 t\u1ec9nh th\u00e2n thi\u1ec7n v\u00e0 hi\u1ebfu kh\u00e1ch c\u1ee7a ch\u00fang t\u00f4i \u1edf \u0111\u00e2y!","og_url":"https:\/\/www.oasdi.ca\/vi\/living-in-ontario\/","og_site_name":"OASDI","article_modified_time":"2020-05-01T13:38:55+00:00","og_image":[{"width":1440,"height":268,"url":"https:\/\/www.oasdi.ca\/wp-content\/uploads\/2020\/03\/oasdi-faq.jpg","type":"image\/jpeg"}],"twitter_card":"summary_large_image","twitter_misc":{"Est. reading time":"2 minutes"},"schema":{"@context":"https:\/\/schema.org","@graph":[{"@type":"WebPage","@id":"https:\/\/www.oasdi.ca\/vi\/living-in-ontario\/","url":"https:\/\/www.oasdi.ca\/vi\/living-in-ontario\/","name":"S\u1ed1ng \u1edf Ontario | Gi\u00e1o D\u1ee5c Qu\u1ed1c T\u1ebf \u1edf Ontario | OASDI","isPartOf":{"@id":"https:\/\/www.oasdi.ca\/vi\/#website"},"datePublished":"2020-03-19T23:46:01+00:00","dateModified":"2020-05-01T13:38:55+00:00","description":"B\u1ea1n t\u00f2 m\u00f2 v\u1ec1 cu\u1ed9c s\u1ed1ng c\u1ee7a h\u1ecdc sinh qu\u1ed1c t\u1ebf \u1edf Ontario? T\u00ecm hi\u1ec3u th\u00eam v\u1ec1 t\u1ec9nh th\u00e2n thi\u1ec7n v\u00e0 hi\u1ebfu kh\u00e1ch c\u1ee7a ch\u00fang t\u00f4i \u1edf \u0111\u00e2y!","breadcrumb":{"@id":"https:\/\/www.oasdi.ca\/vi\/living-in-ontario\/#breadcrumb"},"inLanguage":"vi-VN","potentialAction":[{"@type":"ReadAction","target":["https:\/\/www.oasdi.ca\/vi\/living-in-ontario\/"]}]},{"@type":"BreadcrumbList","@id":"https:\/\/www.oasdi.ca\/vi\/living-in-ontario\/#breadcrumb","itemListElement":[{"@type":"ListItem","position":1,"name":"Trang Ch\u1ee7","item":"https:\/\/www.oasdi.ca\/vi\/"},{"@type":"ListItem","position":2,"name":"S\u1ed1ng \u1edf Ontario V\u1edbi T\u01b0 C\u00e1ch L\u00e0 H\u1ecdc Sinh Qu\u1ed1c T\u1ebf"}]},{"@type":"WebSite","@id":"https:\/\/www.oasdi.ca\/vi\/#website","url":"https:\/\/www.oasdi.ca\/vi\/","name":"OASDI","description":"Ontario Association of School District International","publisher":{"@id":"https:\/\/www.oasdi.ca\/vi\/#organization"},"potentialAction":[{"@type":"SearchAction","target":{"@type":"EntryPoint","urlTemplate":"https:\/\/www.oasdi.ca\/vi\/?s={search_term_string}"},"query-input":"required name=search_term_string"}],"inLanguage":"vi-VN"},{"@type":"Organization","@id":"https:\/\/www.oasdi.ca\/vi\/#organization","name":"OASDI","url":"https:\/\/www.oasdi.ca\/vi\/","logo":{"@type":"ImageObject","inLanguage":"vi-VN","@id":"https:\/\/www.oasdi.ca\/vi\/#\/schema\/logo\/image\/","url":"https:\/\/www.oasdi.ca\/wp-content\/uploads\/2020\/02\/cropped-oasdi-logo.png","contentUrl":"https:\/\/www.oasdi.ca\/wp-content\/uploads\/2020\/02\/cropped-oasdi-logo.png","width":468,"height":96,"caption":"OASDI"},"image":{"@id":"https:\/\/www.oasdi.ca\/vi\/#\/schema\/logo\/image\/"}}]}},"_links":{"self":[{"href":"https:\/\/www.oasdi.ca\/vi\/wp-json\/wp\/v2\/pages\/18289"}],"collection":[{"href":"https:\/\/www.oasdi.ca\/vi\/wp-json\/wp\/v2\/pages"}],"about":[{"href":"https:\/\/www.oasdi.ca\/vi\/wp-json\/wp\/v2\/types\/page"}],"author":[{"embeddable":true,"href":"https:\/\/www.oasdi.ca\/vi\/wp-json\/wp\/v2\/users\/237"}],"replies":[{"embeddable":true,"href":"https:\/\/www.oasdi.ca\/vi\/wp-json\/wp\/v2\/comments?post=18289"}],"version-history":[{"count":0,"href":"https:\/\/www.oasdi.ca\/vi\/wp-json\/wp\/v2\/pages\/18289\/revisions"}],"wp:attachment":[{"href":"https:\/\/www.oasdi.ca\/vi\/wp-json\/wp\/v2\/media?parent=18289"}],"curies":[{"name":"wp","href":"https:\/\/api.w.org\/{rel}","templated":true}]}}