{"id":18242,"date":"2020-03-19T23:04:54","date_gmt":"2020-03-19T23:04:54","guid":{"rendered":"http:\/\/oasdi.ca\/pathways\/"},"modified":"2020-04-16T22:34:39","modified_gmt":"2020-04-16T22:34:39","slug":"pathways","status":"publish","type":"page","link":"https:\/\/www.oasdi.ca\/vi\/pathways\/","title":{"rendered":"L\u1ed9 Tr\u00ecnh Gi\u00e1o D\u1ee5c \u1edf Ontario cho H\u1ecdc Sinh Qu\u1ed1c T\u1ebf"},"content":{"rendered":"<div id=\"pl-18242\"  class=\"panel-layout\" ><div id=\"pg-18242-0\"  class=\"panel-grid panel-no-style\" ><div id=\"pgc-18242-0-0\"  class=\"panel-grid-cell\" ><div id=\"panel-18242-0-0-0\" class=\"so-panel widget widget_sow-image panel-first-child panel-last-child\" data-index=\"0\" ><div class=\"is-featured-img panel-widget-style panel-widget-style-for-18242-0-0-0\" ><div\n\t\t\t\n\t\t\tclass=\"so-widget-sow-image so-widget-sow-image-default-c4f6304fc136-18242\"\n\t\t\t\n\t\t>\n\n<div class=\"sow-image-container\">\n\t\t<img loading=\"lazy\" decoding=\"async\" src=\"https:\/\/www.oasdi.ca\/wp-content\/uploads\/2020\/03\/OASDI-pathway.jpg\" width=\"1440\" height=\"268\" srcset=\"https:\/\/www.oasdi.ca\/wp-content\/uploads\/2020\/03\/OASDI-pathway.jpg 1440w, https:\/\/www.oasdi.ca\/wp-content\/uploads\/2020\/03\/OASDI-pathway-250x47.jpg 250w, https:\/\/www.oasdi.ca\/wp-content\/uploads\/2020\/03\/OASDI-pathway-700x130.jpg 700w, https:\/\/www.oasdi.ca\/wp-content\/uploads\/2020\/03\/OASDI-pathway-768x143.jpg 768w, https:\/\/www.oasdi.ca\/wp-content\/uploads\/2020\/03\/OASDI-pathway-120x22.jpg 120w\" sizes=\"(max-width: 1440px) 100vw, 1440px\" alt=\"\" \t\tclass=\"so-widget-image\"\/>\n\t<\/div>\n\n<\/div><\/div><\/div><\/div><\/div><div id=\"pg-18242-1\"  class=\"panel-grid panel-has-style\" ><div class=\"has-container panel-row-style panel-row-style-for-18242-1\" ><div id=\"pgc-18242-1-0\"  class=\"panel-grid-cell\" ><div id=\"panel-18242-1-0-0\" class=\"so-panel widget widget_hem-seo-title-widget panel-first-child panel-last-child\" data-index=\"1\" ><div class=\"panel-widget-style panel-widget-style-for-18242-1-0-0\" ><div\n\t\t\t\n\t\t\tclass=\"so-widget-hem-seo-title-widget so-widget-hem-seo-title-widget-hem-seo-title-widget-style-d75171398898-18242\"\n\t\t\t\n\t\t>\n<h1 style=\"font-size:px;\">L\u1ed9 Tr\u00ecnh Gi\u00e1o D\u1ee5c \u1edf Ontario cho H\u1ecdc Sinh Qu\u1ed1c T\u1ebf<\/h1>\n\n\n\n\t<!-- <div class=\"breadcrumb-trail\"><a href=\"index.php\">Home<\/a> \u00bb <span class=\"breadcrumb-current\">About<\/span><\/div> -->\n\t<div class=\"test1\"><span><span><a href=\"https:\/\/www.oasdi.ca\/vi\/\">Trang Ch\u1ee7<\/a><\/span><\/span><\/div>\n<\/div><\/div><\/div><\/div><\/div><\/div><div id=\"pg-18242-2\"  class=\"panel-grid panel-has-style\" ><div class=\"has-container panel-row-style panel-row-style-for-18242-2\" ><div id=\"pgc-18242-2-0\"  class=\"panel-grid-cell\" ><div id=\"panel-18242-2-0-0\" class=\"so-panel widget widget_hem-sidebar-menu-widget panel-first-child\" data-index=\"2\" ><div\n\t\t\t\n\t\t\tclass=\"so-widget-hem-sidebar-menu-widget so-widget-hem-sidebar-menu-widget-hem-sidebar-menu-widget-style-d75171398898-18242\"\n\t\t\t\n\t\t><div id=\"sidebar\">\n\t\t\t<ul id=\"side-menu\" class=\"side-menu menu-embedded\">\n\t\t\t\n\t\t\t\t\t\t\t\t\n\t\t\t\t\t\t\t\t\t\t\t<li><a href=\"https:\/\/www.oasdi.ca\/vi\/pathways\/apprenticeships\/\">H\u1ecdc Vi\u1ec7c \u1edf Ontario cho H\u1ecdc Sinh Qu\u1ed1c T\u1ebf<\/a><\/li>\n\t\t\t\t\t\t\t\t\t\t\t\t\t\n\t\t\t\t\t\t\t\t\t\t\t<li><a href=\"https:\/\/www.oasdi.ca\/vi\/pathways\/ontario\/\">\u0110\u1ed3 H\u1ecda Th\u00f4ng Tin v\u1ec1 L\u1ed9 Tr\u00ecnh Gi\u00e1o D\u1ee5c \u1edf Ontario<\/a><\/li>\n\t\t\t\t\t\t\t\t\t\t\t\t\t\n\t\t\t\t\t\t\t\t\t\t\t<li><a href=\"https:\/\/www.oasdi.ca\/vi\/pathways\/faq\/\">C\u00e2u H\u1ecfi Th\u01b0\u1eddng G\u1eb7p v\u1ec1 L\u1ed9 Tr\u00ecnh Gi\u00e1o D\u1ee5c \u1edf Ontario cho H\u1ecdc Sinh Qu\u1ed1c T\u1ebf<\/a><\/li>\n\t\t\t\t\t\t\t\t\t\t\t\t\t\n\t\t\t\t\t\t\t\t\t\t\t<li><a href=\"https:\/\/www.oasdi.ca\/vi\/pathways\/scholarships\/\">C\u01a1 H\u1ed9i H\u1ecdc B\u1ed5ng \u1edf Ontario cho H\u1ecdc Sinh Qu\u1ed1c T\u1ebf<\/a><\/li>\n\t\t\t\t\t\t\t\t\t\t\t\t\t\n\t\t\t\t\t\t\t\t\t\t\t<li><a href=\"https:\/\/www.oasdi.ca\/vi\/pathways\/immigration-in-ontario\/\">Nh\u1eadp C\u01b0 v\u00e0o Ontario V\u1edbi T\u01b0 C\u00e1ch L\u00e0 H\u1ecdc Sinh Qu\u1ed1c T\u1ebf<\/a><\/li>\n\t\t\t\t\t\t\t\t\t\t\t\t\t\n\t\t\t\t\t\t\t\t\t\t\t<li><a href=\"https:\/\/www.oasdi.ca\/vi\/pathways\/working-in-canada\/\">C\u00e1ch Th\u1ee9c L\u00e0m Vi\u1ec7c \u1edf Ontario V\u1edbi T\u01b0 C\u00e1ch L\u00e0 H\u1ecdc Sinh Qu\u1ed1c T\u1ebf<\/a><\/li>\n\t\t\t\t\t\t\t\t\t\t\t\t\t\n\t\t\t\t\t\t\t\t\t\t\t<li><a href=\"https:\/\/www.oasdi.ca\/vi\/pathways\/university-in-ontario\/\">Th\u00f4ng Tin v\u1ec1 Tr\u01b0\u1eddng \u0110\u1ea1i H\u1ecdc \u1edf Ontario cho H\u1ecdc Sinh Qu\u1ed1c T\u1ebf<\/a><\/li>\n\t\t\t\t\t\t\t\t\t\t\t\t\t\n\t\t\t\t\t\t\t\t\t\t\t<li><a href=\"https:\/\/www.oasdi.ca\/vi\/pathways\/college-in-ontario\/\">Th\u00f4ng Tin v\u1ec1 Tr\u01b0\u1eddng Cao \u0110\u1eb3ng \u1edf Ontario cho H\u1ecdc Sinh Qu\u1ed1c T\u1ebf<\/a><\/li>\n\t\t\t\t\t\t\t\t\t\t\n\n\t\t\t\t<!-- Extra menu -->\n\t\t\t\t\n\n\n\t\t\t\t\t<\/ul>\n\t\n\n<\/div><\/div><\/div><div id=\"panel-18242-2-0-1\" class=\"so-panel widget widget_hem-sidebar-link-widget panel-last-child\" data-index=\"3\" ><div\n\t\t\t\n\t\t\tclass=\"so-widget-hem-sidebar-link-widget so-widget-hem-sidebar-link-widget-hem-sidebar-link-widget-style-d75171398898-18242\"\n\t\t\t\n\t\t><div id=\"sidebar\" class=\"external-link-only\">\n\n\n\n\t\t\t\t<!-- Extra menu -->\n\t\t\t\t\t\t\t\t\t<ul id=\"side-menu\" class=\"side-menu menu-embedded\">\n\t\t\t\t\t\t\t\t\t\t\t\t\t\t\t\t\t\t\t\t\t<li><a  href=\"https:\/\/www.oasdi.ca\/map-search\/\">Map Overview<\/a><\/li>\n\t\t\t\t\t\t\t\t\t\t\t\t\t\t\n\t\t\t\t\t\t\t\t\t\t\t\t\t\t\t\t\t\t\t\t\t<li><a  href=\"https:\/\/www.oasdi.ca\/district-list\/\">District List<\/a><\/li>\n\t\t\t\t\t\t\t\t\t\t\t\t\t\t\n\t\t\t\t\t\t\t\n\t\t\t\t\t<\/ul>\n\t\t\t\t\n\t\t\t\t\n\n\n\n\n<\/div><\/div><\/div><\/div><div id=\"pgc-18242-2-1\"  class=\"panel-grid-cell\" ><div class=\"pl-sm-3 pl-md-5 panel-cell-style panel-cell-style-for-18242-2-1\" ><div id=\"panel-18242-2-1-0\" class=\"so-panel widget widget_sow-editor panel-first-child panel-last-child\" data-index=\"4\" ><div\n\t\t\t\n\t\t\tclass=\"so-widget-sow-editor so-widget-sow-editor-base\"\n\t\t\t\n\t\t>\n<div class=\"siteorigin-widget-tinymce textwidget\">\n\t<p>Ngo\u00e0i ch\u01b0\u01a1ng tr\u00ecnh gi\u00e1o d\u1ee5c ch\u1ea5t l\u01b0\u1ee3ng d\u00e0nh cho c\u00e1c h\u1ecdc sinh qu\u1ed1c t\u1ebf nh\u1eadn \u0111\u01b0\u1ee3c Ontario Secondary School Diploma (OSSD) (B\u1eb1ng T\u1ed1t Nghi\u1ec7p Trung H\u1ecdc Ontario), nh\u1eefng h\u1ecdc sinh n\u00e0y c\u00f2n c\u00f3 th\u1ec3 c\u00f3 c\u01a1 h\u1ed9i \u0111\u1ea1t \u0111\u01b0\u1ee3c m\u1ee5c ti\u00eau gi\u00e1o d\u1ee5c th\u00f4ng qua nhi\u1ec1u l\u1ed9 tr\u00ecnh sau trung h\u1ecdc t\u1ea1i tr\u01b0\u1eddng \u0111\u1ea1i h\u1ecdc, cao \u0111\u1eb3ng, ho\u1eb7c theo h\u1ecdc ngh\u1ec1 v\u00e0 cu\u1ed1i c\u00f9ng c\u00f3 th\u1ec3 l\u1ef1a ch\u1ecdn s\u1ebd l\u1eadp nghi\u1ec7p v\u00e0 s\u1ed1ng \u1edf Canada. C\u0169ng c\u00f3 th\u1ec3 c\u00f3 l\u1ed9 tr\u00ecnh cho nh\u1eefng ai mu\u1ed1n tr\u1edf th\u00e0nh c\u00f4ng d\u00e2n Canada.<\/p>\n<p>OSSD c\u00f3 th\u1ec3 m\u1edf ra nhi\u1ec1u c\u00e1nh c\u1eeda. Ontario l\u00e0 t\u1ec9nh c\u00f3 d\u00e2n s\u1ed1 l\u1edbn nh\u1ea5t \u1edf Canada v\u00e0 c\u00f3 nhi\u1ec1u c\u01a1 s\u1edf gi\u00e1o d\u1ee5c h\u01a1n b\u1ea5t k\u1ef3 t\u1ec9nh n\u00e0o kh\u00e1c v\u1edbi:<\/p>\n<ul>\n<li>20 tr\u01b0\u1eddng \u0111\u1ea1i h\u1ecdc<\/li>\n<li>26 tr\u01b0\u1eddng cao \u0111\u1eb3ng<\/li>\n<li>150 c\u01a1 s\u1edf d\u1ea1y ngh\u1ec1<\/li>\n<\/ul>\n<p>Ch\u00ednh ph\u1ee7 Ontario \u0111\u00e3 ph\u00e1t tri\u1ec3n m\u1ed9t chi\u1ebfn l\u01b0\u1ee3c gi\u00e1o d\u1ee5c qu\u1ed1c t\u1ebf to\u00e0n di\u1ec7n \u0111\u1ec3 c\u00f4ng nh\u1eadn t\u1ea7m quan tr\u1ecdng c\u1ee7a c\u00e1c l\u1ed9 tr\u00ecnh d\u1eabn t\u1edbi c\u00e1c c\u01a1 h\u1ed9i cho h\u1ecdc sinh qu\u1ed1c t\u1ebf\u00a0 ngo\u00e0i OSSD v\u00e0 \u0111ang \u0111\u01b0a ra c\u00e1c bi\u1ec7n ph\u00e1p \u0111\u1ec3 th\u00fac \u0111\u1ea9y \u201cm\u1ed9t chi\u1ebfn l\u01b0\u1ee3c k\u1ebft h\u1ee3p, ph\u1ed1i h\u1ee3p nh\u1eb1m li\u00ean k\u1ebft to\u00e0n b\u1ed9 t\u00ednh li\u00ean t\u1ee5c trong h\u1ecdc t\u1eadp, t\u1eeb m\u1eabu gi\u00e1o \u0111\u1ebfn L\u1edbp 12, \u0111\u1ebfn gi\u00e1o d\u1ee5c v\u00e0 \u0111\u00e0o t\u1ea1o sau trung h\u1ecdc, \u0111\u1ebfn s\u1ed1ng v\u00e0 l\u00e0m vi\u1ec7c t\u1ea1i Ontario.\u201d (trang 25) (<a href=\"http:\/\/www.edu.gov.on.ca\/eng\/policyfunding\/strategyK12.pdf\" target=\"_blank\" rel=\"noopener\">www.edu.gov.on.ca\/eng\/policyfunding\/strategyK12.pdf<\/a>)<\/p>\n<p>R\u00f5 r\u00e0ng Ontario ch\u00e0o \u0111\u00f3n c\u00e1c h\u1ecdc sinh qu\u1ed1c t\u1ebf v\u00e0 vi\u1ec7c h\u1ecdc t\u1eadp t\u1ea1i \u0111\u00e2y c\u0169ng c\u00f3 th\u1ec3 l\u00e0 c\u00e1nh c\u1ed5ng \u0111\u1ec3 l\u00e0m vi\u1ec7c v\u00e0 sinh s\u1ed1ng t\u1ea1i Canada, v\u00e0 m\u1ed9t l\u1ed9 tr\u00ecnh \u0111\u1ec3 c\u00f3 th\u1ec3 nh\u1eadp c\u01b0 v\u00e0o Canada.<\/p>\n<\/div>\n<\/div><\/div><\/div><\/div><\/div><\/div><\/div>","protected":false},"excerpt":{"rendered":"L\u1ed9 Tr\u00ecnh Gi\u00e1o D\u1ee5c \u1edf Ontario cho H\u1ecdc Sinh Qu\u1ed1c T\u1ebf Trang Ch\u1ee7 H\u1ecdc Vi\u1ec7c \u1edf Ontario cho H\u1ecdc Sinh Qu\u1ed1c T\u1ebf \u0110\u1ed3 H\u1ecda Th\u00f4ng Tin v\u1ec1 L\u1ed9 Tr\u00ecnh Gi\u00e1o D\u1ee5c \u1edf Ontario C\u00e2u H\u1ecfi Th\u01b0\u1eddng G\u1eb7p v\u1ec1 L\u1ed9 Tr\u00ecnh Gi\u00e1o D\u1ee5c \u1edf Ontario cho H\u1ecdc Sinh Qu\u1ed1c T\u1ebf C\u01a1 H\u1ed9i H\u1ecdc B\u1ed5ng \u1edf Ontario&#8230; <a class=\"view-article\" href=\"https:\/\/www.oasdi.ca\/vi\/pathways\/\">View Article<\/a>","protected":false},"author":237,"featured_media":0,"parent":0,"menu_order":0,"comment_status":"closed","ping_status":"closed","template":"","meta":{"footnotes":""},"class_list":["post-18242","page","type-page","status-publish","hentry"],"yoast_head":"<!-- This site is optimized with the Yoast SEO plugin v21.5 - https:\/\/yoast.com\/wordpress\/plugins\/seo\/ -->\n<title>L\u1ed9 Tr\u00ecnh Gi\u00e1o D\u1ee5c | Gi\u00e1o D\u1ee5c Qu\u1ed1c T\u1ebf \u1edf Ontario<\/title>\n<meta name=\"description\" content=\"B\u1ea1n quan t\u00e2m \u0111\u1ebfn l\u1ed9 tr\u00ecnh m\u00e0 gi\u00e1o d\u1ee5c qu\u1ed1c t\u1ebf \u1edf Ontario mang l\u1ea1i? H\u00e3y t\u00ecm hi\u1ec3u chi ti\u1ebft v\u1ec1 gi\u00e1o d\u1ee5c sau trung h\u1ecdc, h\u1ecdc vi\u1ec7c v\u00e0 c\u00e1c c\u01a1 h\u1ed9i kh\u00e1c \u1edf \u0111\u00e2y.\" \/>\n<meta name=\"robots\" content=\"index, follow, max-snippet:-1, max-image-preview:large, max-video-preview:-1\" \/>\n<link rel=\"canonical\" href=\"https:\/\/www.oasdi.ca\/vi\/pathways\/\" \/>\n<meta property=\"og:locale\" content=\"vi_VN\" \/>\n<meta property=\"og:type\" content=\"article\" \/>\n<meta property=\"og:title\" content=\"L\u1ed9 Tr\u00ecnh Gi\u00e1o D\u1ee5c | Gi\u00e1o D\u1ee5c Qu\u1ed1c T\u1ebf \u1edf Ontario\" \/>\n<meta property=\"og:description\" content=\"B\u1ea1n quan t\u00e2m \u0111\u1ebfn l\u1ed9 tr\u00ecnh m\u00e0 gi\u00e1o d\u1ee5c qu\u1ed1c t\u1ebf \u1edf Ontario mang l\u1ea1i? H\u00e3y t\u00ecm hi\u1ec3u chi ti\u1ebft v\u1ec1 gi\u00e1o d\u1ee5c sau trung h\u1ecdc, h\u1ecdc vi\u1ec7c v\u00e0 c\u00e1c c\u01a1 h\u1ed9i kh\u00e1c \u1edf \u0111\u00e2y.\" \/>\n<meta property=\"og:url\" content=\"https:\/\/www.oasdi.ca\/vi\/pathways\/\" \/>\n<meta property=\"og:site_name\" content=\"OASDI\" \/>\n<meta property=\"article:modified_time\" content=\"2020-04-16T22:34:39+00:00\" \/>\n<meta property=\"og:image\" content=\"https:\/\/www.oasdi.ca\/wp-content\/uploads\/2020\/03\/oasdi-faq.jpg\" \/>\n\t<meta property=\"og:image:width\" content=\"1440\" \/>\n\t<meta property=\"og:image:height\" content=\"268\" \/>\n\t<meta property=\"og:image:type\" content=\"image\/jpeg\" \/>\n<meta name=\"twitter:card\" content=\"summary_large_image\" \/>\n<meta name=\"twitter:label1\" content=\"Est. reading time\" \/>\n\t<meta name=\"twitter:data1\" content=\"2 minutes\" \/>\n<script type=\"application\/ld+json\" class=\"yoast-schema-graph\">{\"@context\":\"https:\/\/schema.org\",\"@graph\":[{\"@type\":\"WebPage\",\"@id\":\"https:\/\/www.oasdi.ca\/vi\/pathways\/\",\"url\":\"https:\/\/www.oasdi.ca\/vi\/pathways\/\",\"name\":\"L\u1ed9 Tr\u00ecnh Gi\u00e1o D\u1ee5c | Gi\u00e1o D\u1ee5c Qu\u1ed1c T\u1ebf \u1edf Ontario\",\"isPartOf\":{\"@id\":\"https:\/\/www.oasdi.ca\/vi\/#website\"},\"datePublished\":\"2020-03-19T23:04:54+00:00\",\"dateModified\":\"2020-04-16T22:34:39+00:00\",\"description\":\"B\u1ea1n quan t\u00e2m \u0111\u1ebfn l\u1ed9 tr\u00ecnh m\u00e0 gi\u00e1o d\u1ee5c qu\u1ed1c t\u1ebf \u1edf Ontario mang l\u1ea1i? H\u00e3y t\u00ecm hi\u1ec3u chi ti\u1ebft v\u1ec1 gi\u00e1o d\u1ee5c sau trung h\u1ecdc, h\u1ecdc vi\u1ec7c v\u00e0 c\u00e1c c\u01a1 h\u1ed9i kh\u00e1c \u1edf \u0111\u00e2y.\",\"breadcrumb\":{\"@id\":\"https:\/\/www.oasdi.ca\/vi\/pathways\/#breadcrumb\"},\"inLanguage\":\"vi-VN\",\"potentialAction\":[{\"@type\":\"ReadAction\",\"target\":[\"https:\/\/www.oasdi.ca\/vi\/pathways\/\"]}]},{\"@type\":\"BreadcrumbList\",\"@id\":\"https:\/\/www.oasdi.ca\/vi\/pathways\/#breadcrumb\",\"itemListElement\":[{\"@type\":\"ListItem\",\"position\":1,\"name\":\"Trang Ch\u1ee7\",\"item\":\"https:\/\/www.oasdi.ca\/vi\/\"},{\"@type\":\"ListItem\",\"position\":2,\"name\":\"L\u1ed9 Tr\u00ecnh Gi\u00e1o D\u1ee5c \u1edf Ontario cho H\u1ecdc Sinh Qu\u1ed1c T\u1ebf\"}]},{\"@type\":\"WebSite\",\"@id\":\"https:\/\/www.oasdi.ca\/vi\/#website\",\"url\":\"https:\/\/www.oasdi.ca\/vi\/\",\"name\":\"OASDI\",\"description\":\"Ontario Association of School District International\",\"publisher\":{\"@id\":\"https:\/\/www.oasdi.ca\/vi\/#organization\"},\"potentialAction\":[{\"@type\":\"SearchAction\",\"target\":{\"@type\":\"EntryPoint\",\"urlTemplate\":\"https:\/\/www.oasdi.ca\/vi\/?s={search_term_string}\"},\"query-input\":\"required name=search_term_string\"}],\"inLanguage\":\"vi-VN\"},{\"@type\":\"Organization\",\"@id\":\"https:\/\/www.oasdi.ca\/vi\/#organization\",\"name\":\"OASDI\",\"url\":\"https:\/\/www.oasdi.ca\/vi\/\",\"logo\":{\"@type\":\"ImageObject\",\"inLanguage\":\"vi-VN\",\"@id\":\"https:\/\/www.oasdi.ca\/vi\/#\/schema\/logo\/image\/\",\"url\":\"https:\/\/www.oasdi.ca\/wp-content\/uploads\/2020\/02\/cropped-oasdi-logo.png\",\"contentUrl\":\"https:\/\/www.oasdi.ca\/wp-content\/uploads\/2020\/02\/cropped-oasdi-logo.png\",\"width\":468,\"height\":96,\"caption\":\"OASDI\"},\"image\":{\"@id\":\"https:\/\/www.oasdi.ca\/vi\/#\/schema\/logo\/image\/\"}}]}<\/script>\n<!-- \/ Yoast SEO plugin. -->","yoast_head_json":{"title":"L\u1ed9 Tr\u00ecnh Gi\u00e1o D\u1ee5c | Gi\u00e1o D\u1ee5c Qu\u1ed1c T\u1ebf \u1edf Ontario","description":"B\u1ea1n quan t\u00e2m \u0111\u1ebfn l\u1ed9 tr\u00ecnh m\u00e0 gi\u00e1o d\u1ee5c qu\u1ed1c t\u1ebf \u1edf Ontario mang l\u1ea1i? H\u00e3y t\u00ecm hi\u1ec3u chi ti\u1ebft v\u1ec1 gi\u00e1o d\u1ee5c sau trung h\u1ecdc, h\u1ecdc vi\u1ec7c v\u00e0 c\u00e1c c\u01a1 h\u1ed9i kh\u00e1c \u1edf \u0111\u00e2y.","robots":{"index":"index","follow":"follow","max-snippet":"max-snippet:-1","max-image-preview":"max-image-preview:large","max-video-preview":"max-video-preview:-1"},"canonical":"https:\/\/www.oasdi.ca\/vi\/pathways\/","og_locale":"vi_VN","og_type":"article","og_title":"L\u1ed9 Tr\u00ecnh Gi\u00e1o D\u1ee5c | Gi\u00e1o D\u1ee5c Qu\u1ed1c T\u1ebf \u1edf Ontario","og_description":"B\u1ea1n quan t\u00e2m \u0111\u1ebfn l\u1ed9 tr\u00ecnh m\u00e0 gi\u00e1o d\u1ee5c qu\u1ed1c t\u1ebf \u1edf Ontario mang l\u1ea1i? H\u00e3y t\u00ecm hi\u1ec3u chi ti\u1ebft v\u1ec1 gi\u00e1o d\u1ee5c sau trung h\u1ecdc, h\u1ecdc vi\u1ec7c v\u00e0 c\u00e1c c\u01a1 h\u1ed9i kh\u00e1c \u1edf \u0111\u00e2y.","og_url":"https:\/\/www.oasdi.ca\/vi\/pathways\/","og_site_name":"OASDI","article_modified_time":"2020-04-16T22:34:39+00:00","og_image":[{"width":1440,"height":268,"url":"https:\/\/www.oasdi.ca\/wp-content\/uploads\/2020\/03\/oasdi-faq.jpg","type":"image\/jpeg"}],"twitter_card":"summary_large_image","twitter_misc":{"Est. reading time":"2 minutes"},"schema":{"@context":"https:\/\/schema.org","@graph":[{"@type":"WebPage","@id":"https:\/\/www.oasdi.ca\/vi\/pathways\/","url":"https:\/\/www.oasdi.ca\/vi\/pathways\/","name":"L\u1ed9 Tr\u00ecnh Gi\u00e1o D\u1ee5c | Gi\u00e1o D\u1ee5c Qu\u1ed1c T\u1ebf \u1edf Ontario","isPartOf":{"@id":"https:\/\/www.oasdi.ca\/vi\/#website"},"datePublished":"2020-03-19T23:04:54+00:00","dateModified":"2020-04-16T22:34:39+00:00","description":"B\u1ea1n quan t\u00e2m \u0111\u1ebfn l\u1ed9 tr\u00ecnh m\u00e0 gi\u00e1o d\u1ee5c qu\u1ed1c t\u1ebf \u1edf Ontario mang l\u1ea1i? H\u00e3y t\u00ecm hi\u1ec3u chi ti\u1ebft v\u1ec1 gi\u00e1o d\u1ee5c sau trung h\u1ecdc, h\u1ecdc vi\u1ec7c v\u00e0 c\u00e1c c\u01a1 h\u1ed9i kh\u00e1c \u1edf \u0111\u00e2y.","breadcrumb":{"@id":"https:\/\/www.oasdi.ca\/vi\/pathways\/#breadcrumb"},"inLanguage":"vi-VN","potentialAction":[{"@type":"ReadAction","target":["https:\/\/www.oasdi.ca\/vi\/pathways\/"]}]},{"@type":"BreadcrumbList","@id":"https:\/\/www.oasdi.ca\/vi\/pathways\/#breadcrumb","itemListElement":[{"@type":"ListItem","position":1,"name":"Trang Ch\u1ee7","item":"https:\/\/www.oasdi.ca\/vi\/"},{"@type":"ListItem","position":2,"name":"L\u1ed9 Tr\u00ecnh Gi\u00e1o D\u1ee5c \u1edf Ontario cho H\u1ecdc Sinh Qu\u1ed1c T\u1ebf"}]},{"@type":"WebSite","@id":"https:\/\/www.oasdi.ca\/vi\/#website","url":"https:\/\/www.oasdi.ca\/vi\/","name":"OASDI","description":"Ontario Association of School District International","publisher":{"@id":"https:\/\/www.oasdi.ca\/vi\/#organization"},"potentialAction":[{"@type":"SearchAction","target":{"@type":"EntryPoint","urlTemplate":"https:\/\/www.oasdi.ca\/vi\/?s={search_term_string}"},"query-input":"required name=search_term_string"}],"inLanguage":"vi-VN"},{"@type":"Organization","@id":"https:\/\/www.oasdi.ca\/vi\/#organization","name":"OASDI","url":"https:\/\/www.oasdi.ca\/vi\/","logo":{"@type":"ImageObject","inLanguage":"vi-VN","@id":"https:\/\/www.oasdi.ca\/vi\/#\/schema\/logo\/image\/","url":"https:\/\/www.oasdi.ca\/wp-content\/uploads\/2020\/02\/cropped-oasdi-logo.png","contentUrl":"https:\/\/www.oasdi.ca\/wp-content\/uploads\/2020\/02\/cropped-oasdi-logo.png","width":468,"height":96,"caption":"OASDI"},"image":{"@id":"https:\/\/www.oasdi.ca\/vi\/#\/schema\/logo\/image\/"}}]}},"_links":{"self":[{"href":"https:\/\/www.oasdi.ca\/vi\/wp-json\/wp\/v2\/pages\/18242"}],"collection":[{"href":"https:\/\/www.oasdi.ca\/vi\/wp-json\/wp\/v2\/pages"}],"about":[{"href":"https:\/\/www.oasdi.ca\/vi\/wp-json\/wp\/v2\/types\/page"}],"author":[{"embeddable":true,"href":"https:\/\/www.oasdi.ca\/vi\/wp-json\/wp\/v2\/users\/237"}],"replies":[{"embeddable":true,"href":"https:\/\/www.oasdi.ca\/vi\/wp-json\/wp\/v2\/comments?post=18242"}],"version-history":[{"count":0,"href":"https:\/\/www.oasdi.ca\/vi\/wp-json\/wp\/v2\/pages\/18242\/revisions"}],"wp:attachment":[{"href":"https:\/\/www.oasdi.ca\/vi\/wp-json\/wp\/v2\/media?parent=18242"}],"curies":[{"name":"wp","href":"https:\/\/api.w.org\/{rel}","templated":true}]}}