{"id":18194,"date":"2020-03-19T17:45:52","date_gmt":"2020-03-19T17:45:52","guid":{"rendered":"http:\/\/oasdi.ca\/international-education\/"},"modified":"2020-04-16T02:06:03","modified_gmt":"2020-04-16T02:06:03","slug":"international-education","status":"publish","type":"page","link":"https:\/\/www.oasdi.ca\/vi\/international-education\/","title":{"rendered":"L\u00e0m Th\u1ebf N\u00e0o \u0110\u1ec3 Theo H\u1ecdc Ch\u01b0\u01a1ng Tr\u00ecnh Gi\u00e1o D\u1ee5c Qu\u1ed1c T\u1ebf \u1edf Ontario"},"content":{"rendered":"<div id=\"pl-18194\"  class=\"panel-layout\" ><div id=\"pg-18194-0\"  class=\"panel-grid panel-no-style\" ><div id=\"pgc-18194-0-0\"  class=\"panel-grid-cell\" ><div id=\"panel-18194-0-0-0\" class=\"so-panel widget widget_sow-image panel-first-child panel-last-child\" data-index=\"0\" ><div class=\"is-featured-img panel-widget-style panel-widget-style-for-18194-0-0-0\" ><div\n\t\t\t\n\t\t\tclass=\"so-widget-sow-image so-widget-sow-image-default-c4f6304fc136-18194\"\n\t\t\t\n\t\t>\n\n<div class=\"sow-image-container\">\n\t\t<img loading=\"lazy\" decoding=\"async\" src=\"https:\/\/www.oasdi.ca\/wp-content\/uploads\/2020\/03\/international-student.jpg\" width=\"1440\" height=\"268\" srcset=\"https:\/\/www.oasdi.ca\/wp-content\/uploads\/2020\/03\/international-student.jpg 1440w, https:\/\/www.oasdi.ca\/wp-content\/uploads\/2020\/03\/international-student-250x47.jpg 250w, https:\/\/www.oasdi.ca\/wp-content\/uploads\/2020\/03\/international-student-700x130.jpg 700w, https:\/\/www.oasdi.ca\/wp-content\/uploads\/2020\/03\/international-student-768x143.jpg 768w, https:\/\/www.oasdi.ca\/wp-content\/uploads\/2020\/03\/international-student-120x22.jpg 120w\" sizes=\"(max-width: 1440px) 100vw, 1440px\" title=\"international-education\" alt=\"international-education\" \t\tclass=\"so-widget-image\"\/>\n\t<\/div>\n\n<\/div><\/div><\/div><\/div><\/div><div id=\"pg-18194-1\"  class=\"panel-grid panel-has-style\" ><div class=\"has-container panel-row-style panel-row-style-for-18194-1\" ><div id=\"pgc-18194-1-0\"  class=\"panel-grid-cell\" ><div id=\"panel-18194-1-0-0\" class=\"so-panel widget widget_hem-seo-title-widget panel-first-child panel-last-child\" data-index=\"1\" ><div class=\"panel-widget-style panel-widget-style-for-18194-1-0-0\" ><div\n\t\t\t\n\t\t\tclass=\"so-widget-hem-seo-title-widget so-widget-hem-seo-title-widget-hem-seo-title-widget-style-d75171398898-18194\"\n\t\t\t\n\t\t>\n<h1 style=\"font-size:px;\">L\u00e0m Th\u1ebf N\u00e0o \u0110\u1ec3 Theo H\u1ecdc Ch\u01b0\u01a1ng Tr\u00ecnh Gi\u00e1o D\u1ee5c Qu\u1ed1c T\u1ebf \u1edf Ontario<\/h1>\n\n\n\n\t<!-- <div class=\"breadcrumb-trail\"><a href=\"index.php\">Home<\/a> \u00bb <span class=\"breadcrumb-current\">About<\/span><\/div> -->\n\t<div class=\"test1\"><span><span><a href=\"https:\/\/www.oasdi.ca\/vi\/\">Trang Ch\u1ee7<\/a><\/span><\/span><\/div>\n<\/div><\/div><\/div><\/div><\/div><\/div><div id=\"pg-18194-2\"  class=\"panel-grid panel-has-style\" ><div class=\"has-container panel-row-style panel-row-style-for-18194-2\" ><div id=\"pgc-18194-2-0\"  class=\"panel-grid-cell\" ><div id=\"panel-18194-2-0-0\" class=\"so-panel widget widget_hem-sidebar-menu-widget panel-first-child\" data-index=\"2\" ><div\n\t\t\t\n\t\t\tclass=\"so-widget-hem-sidebar-menu-widget so-widget-hem-sidebar-menu-widget-hem-sidebar-menu-widget-style-d75171398898-18194\"\n\t\t\t\n\t\t><div id=\"sidebar\">\n\t\t\t<ul id=\"side-menu\" class=\"side-menu menu-embedded\">\n\t\t\t\n\t\t\t\t\t\t\t\t\n\t\t\t\t\t\t\t\t\t\t\t<li><a href=\"https:\/\/www.oasdi.ca\/vi\/international-education\/faq\/\">C\u00e2u H\u1ecfi Th\u01b0\u1eddng G\u1eb7p v\u1ec1 Gi\u00e1o D\u1ee5c Qu\u1ed1c T\u1ebf \u1edf Ontario<\/a><\/li>\n\t\t\t\t\t\t\t\t\t\t\t\t\t\n\t\t\t\t\t\t\t\t\t\t\t<li><a href=\"https:\/\/www.oasdi.ca\/vi\/international-education\/programs\/\">C\u00e1c Ch\u01b0\u01a1ng Tr\u00ecnh \u1edf Ontario cho H\u1ecdc Sinh Qu\u1ed1c T\u1ebf<\/a><\/li>\n\t\t\t\t\t\t\t\t\t\t\t\t\t\n\t\t\t\t\t\t\t\t\t\t\t<li><a href=\"https:\/\/www.oasdi.ca\/vi\/international-education\/student-support-services\/\">D\u1ecbch V\u1ee5 H\u1ed7 Tr\u1ee3 Sinh Vi\u00ean \u1edf Ontario<\/a><\/li>\n\t\t\t\t\t\t\t\t\t\t\t\t\t\n\t\t\t\t\t\t\t\t\t\t\t<li><a href=\"https:\/\/www.oasdi.ca\/vi\/international-education\/english-language-learning\/\">H\u1ecdc Anh Ng\u1eef (English Language Learning - ELL) \u1edf Ontario<\/a><\/li>\n\t\t\t\t\t\t\t\t\t\t\t\t\t\n\t\t\t\t\t\t\t\t\t\t\t<li><a href=\"https:\/\/www.oasdi.ca\/vi\/international-education\/ontario\/\">L\u00e0m Th\u1ebf N\u00e0o \u0110\u1ec3 Theo H\u1ecdc Ch\u01b0\u01a1ng Tr\u00ecnh Gi\u00e1o D\u1ee5c Qu\u1ed1c T\u1ebf \u1edf Ontario<\/a><\/li>\n\t\t\t\t\t\t\t\t\t\t\t\t\t\n\t\t\t\t\t\t\t\t\t\t\t<li><a href=\"https:\/\/www.oasdi.ca\/vi\/international-education\/school-orientation-guide\/\">H\u01b0\u1edbng D\u1eabn \u0110\u1ecbnh H\u01b0\u1edbng Tr\u01b0\u1eddng H\u1ecdc \u1edf Ontario: Cu\u1ed9c S\u1ed1ng H\u00e0ng Ng\u00e0y \u1edf C\u00e1c Tr\u01b0\u1eddng t\u1ea1i Ontario<\/a><\/li>\n\t\t\t\t\t\t\t\t\t\t\n\n\t\t\t\t<!-- Extra menu -->\n\t\t\t\t\n\n\n\t\t\t\t\t<\/ul>\n\t\n\n<\/div><\/div><\/div><div id=\"panel-18194-2-0-1\" class=\"so-panel widget widget_hem-sidebar-link-widget panel-last-child\" data-index=\"3\" ><div\n\t\t\t\n\t\t\tclass=\"so-widget-hem-sidebar-link-widget so-widget-hem-sidebar-link-widget-hem-sidebar-link-widget-style-d75171398898-18194\"\n\t\t\t\n\t\t><div id=\"sidebar\" class=\"external-link-only\">\n\n\n\n\t\t\t\t<!-- Extra menu -->\n\t\t\t\t\t\t\t\t\t<ul id=\"side-menu\" class=\"side-menu menu-embedded\">\n\t\t\t\t\t\t\t\t\t\t\t\t\t\t\t\t\t\t\t\t\t<li><a  href=\"https:\/\/www.oasdi.ca\/map-search\/\">Map Overview<\/a><\/li>\n\t\t\t\t\t\t\t\t\t\t\t\t\t\t\n\t\t\t\t\t\t\t\t\t\t\t\t\t\t\t\t\t\t\t\t\t<li><a  href=\"https:\/\/www.oasdi.ca\/district-list\/\">District List<\/a><\/li>\n\t\t\t\t\t\t\t\t\t\t\t\t\t\t\n\t\t\t\t\t\t\t\n\t\t\t\t\t<\/ul>\n\t\t\t\t\n\t\t\t\t\n\n\n\n\n<\/div><\/div><\/div><\/div><div id=\"pgc-18194-2-1\"  class=\"panel-grid-cell\" ><div class=\"pl-sm-3 pl-md-5 panel-cell-style panel-cell-style-for-18194-2-1\" ><div id=\"panel-18194-2-1-0\" class=\"so-panel widget widget_sow-editor panel-first-child panel-last-child\" data-index=\"4\" ><div\n\t\t\t\n\t\t\tclass=\"so-widget-sow-editor so-widget-sow-editor-base\"\n\t\t\t\n\t\t>\n<div class=\"siteorigin-widget-tinymce textwidget\">\n\t<p>Ontario \u0111\u00e3 tr\u1edf th\u00e0nh m\u1ed9t \u0111i\u1ec3m \u0111\u1ebfn quan tr\u1ecdng v\u00e0 \u0111ang tr\u1edf n\u00ean ph\u1ed5 bi\u1ebfn \u0111\u1ed1i v\u1edbi h\u1ecdc sinh qu\u1ed1c t\u1ebf, v\u1edbi h\u01a1n m\u1ed9t n\u1eeda s\u1ed1 h\u1ecdc sinh H\u00ea\u0323 M\u00e2\u0303u Gia\u0301o \u0111\u00ea\u0301n L\u01a1\u0301p 12 hi\u1ec7n \u0111ang h\u1ecdc t\u1ea1i Canada ch\u1ecdn Ontario l\u00e0m n\u01a1i h\u1ecdc t\u1eadp c\u1ee7a h\u1ecd. C\u00f3 r\u1ea5t nhi\u1ec1u l\u00fd do h\u1ecdc sinh qu\u1ed1c t\u1ebf v\u00e0 gia \u0111\u00ecnh c\u1ee7a h\u1ecd ch\u1ecdn Ontario v\u00ec h\u1ec7 th\u1ed1ng gi\u00e1o d\u1ee5c c\u00f4ng c\u1ee7a t\u1ec9nh cung c\u1ea5p m\u1ed9t ch\u01b0\u01a1ng tr\u00ecnh gi\u1ea3ng d\u1ea1y xu\u1ea5t s\u1eafc v\u00e0 \u0111\u01b0\u1ee3c c\u00f4ng nh\u1eadn tr\u00ean to\u00e0n c\u1ea7u nh\u1eb1m ph\u00e1t tri\u1ec3n nh\u1eefng h\u1ecdc sinh lu\u00f4n \u0111\u1ea1t \u0111\u01b0\u1ee3c th\u01b0\u0301 ha\u0323ng cao nh\u00e2\u0301t trong b\u1ea3ng \u0111i\u00ea\u0309m thi qu\u00f4\u0301c t\u00ea\u0301. H\u1ec7 th\u1ed1ng gi\u00e1o d\u1ee5c c\u00f4ng l\u1eadp c\u1ee7a Ontario cung c\u1ea5p nhi\u1ec1u con \u0111\u01b0\u1eddng \u0111\u00ea\u0301n s\u1ef1 th\u00e0nh c\u00f4ng c\u1ee7a h\u1ecdc sinh, v\u00e0 c\u00f3 r\u1ea5t nhi\u1ec1u con \u0111\u01b0\u1eddng \u0111\u00ea\u0301n v\u01a1\u0301i c\u00e1c c\u01a1 h\u1ed9i sau trung h\u1ecdc.<\/p>\n<p>Ph\u1ea7n n\u00e0y c\u1ee7a trang web OASDI cung c\u1ea5p th\u00f4ng tin v\u1ec1 vi\u1ec7c n\u1ed9p \u0111\u01a1n \u0111\u1ec3 tr\u1edf th\u00e0nh h\u1ecdc sinh qu\u1ed1c t\u1ebf H\u00ea\u0323 M\u00e2\u0303u Gia\u0301o \u0111\u00ea\u0301n L\u01a1\u0301p 12, c\u00e1c \u0111i\u1ec1u ki\u1ec7n tuy\u1ec3n sinh, chi ti\u1ebft v\u1ec1 nh\u1eefng g\u00ec \u0111\u01b0\u1ee3c mong \u0111\u1ee3i khi l\u00e0 h\u1ecdc sinh qu\u1ed1c t\u1ebf t\u1ea1i Ontario, v\u00e0 c\u00e1c lo\u1ea1i ch\u01b0\u01a1ng tr\u00ecnh c\u00f3 s\u1eb5n.<\/p>\n<\/div>\n<\/div><\/div><\/div><\/div><\/div><\/div><\/div>","protected":false},"excerpt":{"rendered":"L\u00e0m Th\u1ebf N\u00e0o \u0110\u1ec3 Theo H\u1ecdc Ch\u01b0\u01a1ng Tr\u00ecnh Gi\u00e1o D\u1ee5c Qu\u1ed1c T\u1ebf \u1edf Ontario Trang Ch\u1ee7 C\u00e2u H\u1ecfi Th\u01b0\u1eddng G\u1eb7p v\u1ec1 Gi\u00e1o D\u1ee5c Qu\u1ed1c T\u1ebf \u1edf Ontario C\u00e1c Ch\u01b0\u01a1ng Tr\u00ecnh \u1edf Ontario cho H\u1ecdc Sinh Qu\u1ed1c T\u1ebf D\u1ecbch V\u1ee5 H\u1ed7 Tr\u1ee3 Sinh Vi\u00ean \u1edf Ontario H\u1ecdc Anh Ng\u1eef (English Language Learning &#8211; ELL) \u1edf Ontario&#8230; <a class=\"view-article\" href=\"https:\/\/www.oasdi.ca\/vi\/international-education\/\">View Article<\/a>","protected":false},"author":237,"featured_media":18195,"parent":0,"menu_order":0,"comment_status":"closed","ping_status":"closed","template":"","meta":{"footnotes":""},"class_list":["post-18194","page","type-page","status-publish","has-post-thumbnail","hentry"],"yoast_head":"<!-- This site is optimized with the Yoast SEO plugin v21.5 - https:\/\/yoast.com\/wordpress\/plugins\/seo\/ -->\n<title>C\u00e1ch Theo \u0110u\u1ed5i Gi\u00e1o D\u1ee5c Qu\u1ed1c T\u1ebf \u1edf Canada | OASDI<\/title>\n<meta name=\"description\" content=\"B\u1ea1n quan t\u00e2m \u0111\u1ebfn vi\u1ec7c h\u1ecdc t\u1eadp \u1edf Ontario v\u1edbi t\u01b0 c\u00e1ch l\u00e0 h\u1ecdc sinh qu\u1ed1c t\u1ebf? H\u00e3y t\u00ecm th\u00f4ng tin b\u1ea1n c\u1ea7n bi\u1ebft v\u00e0 t\u00ecm hi\u1ec3u quy tr\u00ecnh n\u1ed9p \u0111\u01a1n t\u1ea1i \u0111\u00e2y.\" \/>\n<meta name=\"robots\" content=\"index, follow, max-snippet:-1, max-image-preview:large, max-video-preview:-1\" \/>\n<link rel=\"canonical\" href=\"https:\/\/www.oasdi.ca\/vi\/international-education\/\" \/>\n<meta property=\"og:locale\" content=\"vi_VN\" \/>\n<meta property=\"og:type\" content=\"article\" \/>\n<meta property=\"og:title\" content=\"C\u00e1ch Theo \u0110u\u1ed5i Gi\u00e1o D\u1ee5c Qu\u1ed1c T\u1ebf \u1edf Canada | OASDI\" \/>\n<meta property=\"og:description\" content=\"B\u1ea1n quan t\u00e2m \u0111\u1ebfn vi\u1ec7c h\u1ecdc t\u1eadp \u1edf Ontario v\u1edbi t\u01b0 c\u00e1ch l\u00e0 h\u1ecdc sinh qu\u1ed1c t\u1ebf? H\u00e3y t\u00ecm th\u00f4ng tin b\u1ea1n c\u1ea7n bi\u1ebft v\u00e0 t\u00ecm hi\u1ec3u quy tr\u00ecnh n\u1ed9p \u0111\u01a1n t\u1ea1i \u0111\u00e2y.\" \/>\n<meta property=\"og:url\" content=\"https:\/\/www.oasdi.ca\/vi\/international-education\/\" \/>\n<meta property=\"og:site_name\" content=\"OASDI\" \/>\n<meta property=\"article:modified_time\" content=\"2020-04-16T02:06:03+00:00\" \/>\n<meta property=\"og:image\" content=\"https:\/\/www.oasdi.ca\/wp-content\/uploads\/2020\/03\/international-student.jpg\" \/>\n\t<meta property=\"og:image:width\" content=\"1440\" \/>\n\t<meta property=\"og:image:height\" content=\"268\" \/>\n\t<meta property=\"og:image:type\" content=\"image\/jpeg\" \/>\n<meta name=\"twitter:card\" content=\"summary_large_image\" \/>\n<meta name=\"twitter:label1\" content=\"Est. reading time\" \/>\n\t<meta name=\"twitter:data1\" content=\"2 minutes\" \/>\n<script type=\"application\/ld+json\" class=\"yoast-schema-graph\">{\"@context\":\"https:\/\/schema.org\",\"@graph\":[{\"@type\":\"WebPage\",\"@id\":\"https:\/\/www.oasdi.ca\/vi\/international-education\/\",\"url\":\"https:\/\/www.oasdi.ca\/vi\/international-education\/\",\"name\":\"C\u00e1ch Theo \u0110u\u1ed5i Gi\u00e1o D\u1ee5c Qu\u1ed1c T\u1ebf \u1edf Canada | OASDI\",\"isPartOf\":{\"@id\":\"https:\/\/www.oasdi.ca\/vi\/#website\"},\"datePublished\":\"2020-03-19T17:45:52+00:00\",\"dateModified\":\"2020-04-16T02:06:03+00:00\",\"description\":\"B\u1ea1n quan t\u00e2m \u0111\u1ebfn vi\u1ec7c h\u1ecdc t\u1eadp \u1edf Ontario v\u1edbi t\u01b0 c\u00e1ch l\u00e0 h\u1ecdc sinh qu\u1ed1c t\u1ebf? H\u00e3y t\u00ecm th\u00f4ng tin b\u1ea1n c\u1ea7n bi\u1ebft v\u00e0 t\u00ecm hi\u1ec3u quy tr\u00ecnh n\u1ed9p \u0111\u01a1n t\u1ea1i \u0111\u00e2y.\",\"breadcrumb\":{\"@id\":\"https:\/\/www.oasdi.ca\/vi\/international-education\/#breadcrumb\"},\"inLanguage\":\"vi-VN\",\"potentialAction\":[{\"@type\":\"ReadAction\",\"target\":[\"https:\/\/www.oasdi.ca\/vi\/international-education\/\"]}]},{\"@type\":\"BreadcrumbList\",\"@id\":\"https:\/\/www.oasdi.ca\/vi\/international-education\/#breadcrumb\",\"itemListElement\":[{\"@type\":\"ListItem\",\"position\":1,\"name\":\"Trang Ch\u1ee7\",\"item\":\"https:\/\/www.oasdi.ca\/vi\/\"},{\"@type\":\"ListItem\",\"position\":2,\"name\":\"L\u00e0m Th\u1ebf N\u00e0o \u0110\u1ec3 Theo H\u1ecdc Ch\u01b0\u01a1ng Tr\u00ecnh Gi\u00e1o D\u1ee5c Qu\u1ed1c T\u1ebf \u1edf Ontario\"}]},{\"@type\":\"WebSite\",\"@id\":\"https:\/\/www.oasdi.ca\/vi\/#website\",\"url\":\"https:\/\/www.oasdi.ca\/vi\/\",\"name\":\"OASDI\",\"description\":\"Ontario Association of School District International\",\"publisher\":{\"@id\":\"https:\/\/www.oasdi.ca\/vi\/#organization\"},\"potentialAction\":[{\"@type\":\"SearchAction\",\"target\":{\"@type\":\"EntryPoint\",\"urlTemplate\":\"https:\/\/www.oasdi.ca\/vi\/?s={search_term_string}\"},\"query-input\":\"required name=search_term_string\"}],\"inLanguage\":\"vi-VN\"},{\"@type\":\"Organization\",\"@id\":\"https:\/\/www.oasdi.ca\/vi\/#organization\",\"name\":\"OASDI\",\"url\":\"https:\/\/www.oasdi.ca\/vi\/\",\"logo\":{\"@type\":\"ImageObject\",\"inLanguage\":\"vi-VN\",\"@id\":\"https:\/\/www.oasdi.ca\/vi\/#\/schema\/logo\/image\/\",\"url\":\"https:\/\/www.oasdi.ca\/wp-content\/uploads\/2020\/02\/cropped-oasdi-logo.png\",\"contentUrl\":\"https:\/\/www.oasdi.ca\/wp-content\/uploads\/2020\/02\/cropped-oasdi-logo.png\",\"width\":468,\"height\":96,\"caption\":\"OASDI\"},\"image\":{\"@id\":\"https:\/\/www.oasdi.ca\/vi\/#\/schema\/logo\/image\/\"}}]}<\/script>\n<!-- \/ Yoast SEO plugin. -->","yoast_head_json":{"title":"C\u00e1ch Theo \u0110u\u1ed5i Gi\u00e1o D\u1ee5c Qu\u1ed1c T\u1ebf \u1edf Canada | OASDI","description":"B\u1ea1n quan t\u00e2m \u0111\u1ebfn vi\u1ec7c h\u1ecdc t\u1eadp \u1edf Ontario v\u1edbi t\u01b0 c\u00e1ch l\u00e0 h\u1ecdc sinh qu\u1ed1c t\u1ebf? H\u00e3y t\u00ecm th\u00f4ng tin b\u1ea1n c\u1ea7n bi\u1ebft v\u00e0 t\u00ecm hi\u1ec3u quy tr\u00ecnh n\u1ed9p \u0111\u01a1n t\u1ea1i \u0111\u00e2y.","robots":{"index":"index","follow":"follow","max-snippet":"max-snippet:-1","max-image-preview":"max-image-preview:large","max-video-preview":"max-video-preview:-1"},"canonical":"https:\/\/www.oasdi.ca\/vi\/international-education\/","og_locale":"vi_VN","og_type":"article","og_title":"C\u00e1ch Theo \u0110u\u1ed5i Gi\u00e1o D\u1ee5c Qu\u1ed1c T\u1ebf \u1edf Canada | OASDI","og_description":"B\u1ea1n quan t\u00e2m \u0111\u1ebfn vi\u1ec7c h\u1ecdc t\u1eadp \u1edf Ontario v\u1edbi t\u01b0 c\u00e1ch l\u00e0 h\u1ecdc sinh qu\u1ed1c t\u1ebf? H\u00e3y t\u00ecm th\u00f4ng tin b\u1ea1n c\u1ea7n bi\u1ebft v\u00e0 t\u00ecm hi\u1ec3u quy tr\u00ecnh n\u1ed9p \u0111\u01a1n t\u1ea1i \u0111\u00e2y.","og_url":"https:\/\/www.oasdi.ca\/vi\/international-education\/","og_site_name":"OASDI","article_modified_time":"2020-04-16T02:06:03+00:00","og_image":[{"width":1440,"height":268,"url":"https:\/\/www.oasdi.ca\/wp-content\/uploads\/2020\/03\/international-student.jpg","type":"image\/jpeg"}],"twitter_card":"summary_large_image","twitter_misc":{"Est. reading time":"2 minutes"},"schema":{"@context":"https:\/\/schema.org","@graph":[{"@type":"WebPage","@id":"https:\/\/www.oasdi.ca\/vi\/international-education\/","url":"https:\/\/www.oasdi.ca\/vi\/international-education\/","name":"C\u00e1ch Theo \u0110u\u1ed5i Gi\u00e1o D\u1ee5c Qu\u1ed1c T\u1ebf \u1edf Canada | OASDI","isPartOf":{"@id":"https:\/\/www.oasdi.ca\/vi\/#website"},"datePublished":"2020-03-19T17:45:52+00:00","dateModified":"2020-04-16T02:06:03+00:00","description":"B\u1ea1n quan t\u00e2m \u0111\u1ebfn vi\u1ec7c h\u1ecdc t\u1eadp \u1edf Ontario v\u1edbi t\u01b0 c\u00e1ch l\u00e0 h\u1ecdc sinh qu\u1ed1c t\u1ebf? H\u00e3y t\u00ecm th\u00f4ng tin b\u1ea1n c\u1ea7n bi\u1ebft v\u00e0 t\u00ecm hi\u1ec3u quy tr\u00ecnh n\u1ed9p \u0111\u01a1n t\u1ea1i \u0111\u00e2y.","breadcrumb":{"@id":"https:\/\/www.oasdi.ca\/vi\/international-education\/#breadcrumb"},"inLanguage":"vi-VN","potentialAction":[{"@type":"ReadAction","target":["https:\/\/www.oasdi.ca\/vi\/international-education\/"]}]},{"@type":"BreadcrumbList","@id":"https:\/\/www.oasdi.ca\/vi\/international-education\/#breadcrumb","itemListElement":[{"@type":"ListItem","position":1,"name":"Trang Ch\u1ee7","item":"https:\/\/www.oasdi.ca\/vi\/"},{"@type":"ListItem","position":2,"name":"L\u00e0m Th\u1ebf N\u00e0o \u0110\u1ec3 Theo H\u1ecdc Ch\u01b0\u01a1ng Tr\u00ecnh Gi\u00e1o D\u1ee5c Qu\u1ed1c T\u1ebf \u1edf Ontario"}]},{"@type":"WebSite","@id":"https:\/\/www.oasdi.ca\/vi\/#website","url":"https:\/\/www.oasdi.ca\/vi\/","name":"OASDI","description":"Ontario Association of School District International","publisher":{"@id":"https:\/\/www.oasdi.ca\/vi\/#organization"},"potentialAction":[{"@type":"SearchAction","target":{"@type":"EntryPoint","urlTemplate":"https:\/\/www.oasdi.ca\/vi\/?s={search_term_string}"},"query-input":"required name=search_term_string"}],"inLanguage":"vi-VN"},{"@type":"Organization","@id":"https:\/\/www.oasdi.ca\/vi\/#organization","name":"OASDI","url":"https:\/\/www.oasdi.ca\/vi\/","logo":{"@type":"ImageObject","inLanguage":"vi-VN","@id":"https:\/\/www.oasdi.ca\/vi\/#\/schema\/logo\/image\/","url":"https:\/\/www.oasdi.ca\/wp-content\/uploads\/2020\/02\/cropped-oasdi-logo.png","contentUrl":"https:\/\/www.oasdi.ca\/wp-content\/uploads\/2020\/02\/cropped-oasdi-logo.png","width":468,"height":96,"caption":"OASDI"},"image":{"@id":"https:\/\/www.oasdi.ca\/vi\/#\/schema\/logo\/image\/"}}]}},"_links":{"self":[{"href":"https:\/\/www.oasdi.ca\/vi\/wp-json\/wp\/v2\/pages\/18194"}],"collection":[{"href":"https:\/\/www.oasdi.ca\/vi\/wp-json\/wp\/v2\/pages"}],"about":[{"href":"https:\/\/www.oasdi.ca\/vi\/wp-json\/wp\/v2\/types\/page"}],"author":[{"embeddable":true,"href":"https:\/\/www.oasdi.ca\/vi\/wp-json\/wp\/v2\/users\/237"}],"replies":[{"embeddable":true,"href":"https:\/\/www.oasdi.ca\/vi\/wp-json\/wp\/v2\/comments?post=18194"}],"version-history":[{"count":0,"href":"https:\/\/www.oasdi.ca\/vi\/wp-json\/wp\/v2\/pages\/18194\/revisions"}],"wp:featuredmedia":[{"embeddable":true,"href":"https:\/\/www.oasdi.ca\/vi\/wp-json\/wp\/v2\/media\/18195"}],"wp:attachment":[{"href":"https:\/\/www.oasdi.ca\/vi\/wp-json\/wp\/v2\/media?parent=18194"}],"curies":[{"name":"wp","href":"https:\/\/api.w.org\/{rel}","templated":true}]}}