{"id":18124,"date":"2020-03-19T12:08:21","date_gmt":"2020-03-19T12:08:21","guid":{"rendered":"http:\/\/oasdi.ca\/k-12-education-in-ontario\/"},"modified":"2020-04-18T02:56:39","modified_gmt":"2020-04-18T02:56:39","slug":"k-12-education-in-ontario","status":"publish","type":"page","link":"https:\/\/www.oasdi.ca\/vi\/k-12-education-in-ontario\/","title":{"rendered":"Gi\u00e1o D\u1ee5c H\u1ec7 K-12 \u1edf Ontario"},"content":{"rendered":"<div id=\"pl-18124\"  class=\"panel-layout\" ><div id=\"pg-18124-0\"  class=\"panel-grid panel-no-style\" ><div id=\"pgc-18124-0-0\"  class=\"panel-grid-cell\" ><div id=\"panel-18124-0-0-0\" class=\"so-panel widget widget_sow-image panel-first-child panel-last-child\" data-index=\"0\" ><div class=\"is-featured-img panel-widget-style panel-widget-style-for-18124-0-0-0\" ><div\n\t\t\t\n\t\t\tclass=\"so-widget-sow-image so-widget-sow-image-default-c4f6304fc136-18124\"\n\t\t\t\n\t\t>\n\n<div class=\"sow-image-container\">\n\t\t<img loading=\"lazy\" decoding=\"async\" src=\"https:\/\/www.oasdi.ca\/wp-content\/uploads\/2020\/03\/oasdi-k12.jpg\" width=\"1440\" height=\"268\" srcset=\"https:\/\/www.oasdi.ca\/wp-content\/uploads\/2020\/03\/oasdi-k12.jpg 1440w, https:\/\/www.oasdi.ca\/wp-content\/uploads\/2020\/03\/oasdi-k12-250x47.jpg 250w, https:\/\/www.oasdi.ca\/wp-content\/uploads\/2020\/03\/oasdi-k12-700x130.jpg 700w, https:\/\/www.oasdi.ca\/wp-content\/uploads\/2020\/03\/oasdi-k12-768x143.jpg 768w, https:\/\/www.oasdi.ca\/wp-content\/uploads\/2020\/03\/oasdi-k12-120x22.jpg 120w\" sizes=\"(max-width: 1440px) 100vw, 1440px\" alt=\"OASDI k12\" \t\tclass=\"so-widget-image\"\/>\n\t<\/div>\n\n<\/div><\/div><\/div><\/div><\/div><div id=\"pg-18124-1\"  class=\"panel-grid panel-has-style\" ><div class=\"has-container panel-row-style panel-row-style-for-18124-1\" ><div id=\"pgc-18124-1-0\"  class=\"panel-grid-cell\" ><div id=\"panel-18124-1-0-0\" class=\"so-panel widget widget_hem-seo-title-widget panel-first-child panel-last-child\" data-index=\"1\" ><div class=\"panel-widget-style panel-widget-style-for-18124-1-0-0\" ><div\n\t\t\t\n\t\t\tclass=\"so-widget-hem-seo-title-widget so-widget-hem-seo-title-widget-hem-seo-title-widget-style-d75171398898-18124\"\n\t\t\t\n\t\t>\n<h1 style=\"font-size:px;\">Gi\u00e1o D\u1ee5c H\u1ec7 K-12 \u1edf Ontario<\/h1>\n\n\n\n\t<!-- <div class=\"breadcrumb-trail\"><a href=\"index.php\">Home<\/a> \u00bb <span class=\"breadcrumb-current\">About<\/span><\/div> -->\n\t<div class=\"test1\"><span><span><a href=\"https:\/\/www.oasdi.ca\/vi\/\">Trang Ch\u1ee7<\/a><\/span><\/span><\/div>\n<\/div><\/div><\/div><\/div><\/div><\/div><div id=\"pg-18124-2\"  class=\"panel-grid panel-has-style\" ><div class=\"has-container panel-row-style panel-row-style-for-18124-2\" ><div id=\"pgc-18124-2-0\"  class=\"panel-grid-cell\" ><div id=\"panel-18124-2-0-0\" class=\"so-panel widget widget_hem-sidebar-menu-widget panel-first-child\" data-index=\"2\" ><div\n\t\t\t\n\t\t\tclass=\"so-widget-hem-sidebar-menu-widget so-widget-hem-sidebar-menu-widget-hem-sidebar-menu-widget-style-d75171398898-18124\"\n\t\t\t\n\t\t><div id=\"sidebar\">\n\t\t\t<ul id=\"side-menu\" class=\"side-menu menu-embedded\">\n\t\t\t\n\t\t\t\t\t\t\t\t\n\t\t\t\t\t\t\t\t\t\t\t<li><a href=\"https:\/\/www.oasdi.ca\/vi\/k-12-education-in-ontario\/faq\/\">C\u00e2u H\u1ecfi Th\u01b0\u1eddng G\u1eb7p v\u1ec1 Gi\u00e1o D\u1ee5c H\u1ec7 K-12 \u1edf Ontario<\/a><\/li>\n\t\t\t\t\t\t\t\t\t\t\t\t\t\n\t\t\t\t\t\t\t\t\t\t\t<li><a href=\"https:\/\/www.oasdi.ca\/vi\/k-12-education-in-ontario\/assessment-evaluation-and-reporting\/\">B\u00e1o C\u00e1o Ti\u1ebfn B\u1ed9 c\u1ee7a H\u1ecdc Sinh \u1edf Ontario<\/a><\/li>\n\t\t\t\t\t\t\t\t\t\t\t\t\t\n\t\t\t\t\t\t\t\t\t\t\t<li><a href=\"https:\/\/www.oasdi.ca\/vi\/k-12-education-in-ontario\/graduation-requirements\/\">Y\u00eau C\u1ea7u T\u1ed1t Nghi\u1ec7p \u1edf Ontario<\/a><\/li>\n\t\t\t\t\t\t\t\t\t\t\t\t\t\n\t\t\t\t\t\t\t\t\t\t\t<li><a href=\"https:\/\/www.oasdi.ca\/vi\/k-12-education-in-ontario\/curriculum\/\">Ch\u01b0\u01a1ng Tr\u00ecnh Gi\u1ea3ng D\u1ea1y \u1edf Ontario<\/a><\/li>\n\t\t\t\t\t\t\t\t\t\t\t\t\t\n\t\t\t\t\t\t\t\t\t\t\t<li><a href=\"https:\/\/www.oasdi.ca\/vi\/k-12-education-in-ontario\/cooperative-education\/\">Gi\u00e1o D\u1ee5c H\u1ee3p T\u00e1c \u1edf Ontario<\/a><\/li>\n\t\t\t\t\t\t\t\t\t\t\t\t\t\n\t\t\t\t\t\t\t\t\t\t\t<li><a href=\"https:\/\/www.oasdi.ca\/vi\/k-12-education-in-ontario\/secondary-schools\/\">C\u00e1c Tr\u01b0\u1eddng Trung H\u1ecdc \u1edf Ontario<\/a><\/li>\n\t\t\t\t\t\t\t\t\t\t\t\t\t\n\t\t\t\t\t\t\t\t\t\t\t<li><a href=\"https:\/\/www.oasdi.ca\/vi\/k-12-education-in-ontario\/elementary-schools\/\">C\u00e1c Tr\u01b0\u1eddng Ti\u1ec3u H\u1ecdc \u1edf Ontario<\/a><\/li>\n\t\t\t\t\t\t\t\t\t\t\t\t\t\n\t\t\t\t\t\t\t\t\t\t\t<li><a href=\"https:\/\/www.oasdi.ca\/vi\/k-12-education-in-ontario\/infographic\/\">\u0110\u1ed3 H\u1ecda Th\u00f4ng Tin Gi\u00e1o D\u1ee5c H\u1ec7 K-12 \u1edf Ontario<\/a><\/li>\n\t\t\t\t\t\t\t\t\t\t\n\n\t\t\t\t<!-- Extra menu -->\n\t\t\t\t\n\n\n\t\t\t\t\t<\/ul>\n\t\n\n<\/div><\/div><\/div><div id=\"panel-18124-2-0-1\" class=\"so-panel widget widget_hem-sidebar-link-widget panel-last-child\" data-index=\"3\" ><div\n\t\t\t\n\t\t\tclass=\"so-widget-hem-sidebar-link-widget so-widget-hem-sidebar-link-widget-hem-sidebar-link-widget-style-d75171398898-18124\"\n\t\t\t\n\t\t><div id=\"sidebar\" class=\"external-link-only\">\n\n\n\n\t\t\t\t<!-- Extra menu -->\n\t\t\t\t\t\t\t\t\t<ul id=\"side-menu\" class=\"side-menu menu-embedded\">\n\t\t\t\t\t\t\t\t\t\t\t\t\t\t\t\t\t\t\t\t\t<li><a  href=\"https:\/\/www.oasdi.ca\/map-search\/\">Map Overview<\/a><\/li>\n\t\t\t\t\t\t\t\t\t\t\t\t\t\t\n\t\t\t\t\t\t\t\t\t\t\t\t\t\t\t\t\t\t\t\t\t<li><a  href=\"https:\/\/www.oasdi.ca\/district-list\/\">District List<\/a><\/li>\n\t\t\t\t\t\t\t\t\t\t\t\t\t\t\n\t\t\t\t\t\t\t\n\t\t\t\t\t<\/ul>\n\t\t\t\t\n\t\t\t\t\n\n\n\n\n<\/div><\/div><\/div><\/div><div id=\"pgc-18124-2-1\"  class=\"panel-grid-cell\" ><div class=\"pl-sm-3 pl-md-5 panel-cell-style panel-cell-style-for-18124-2-1\" ><div id=\"panel-18124-2-1-0\" class=\"so-panel widget widget_hem-seo-title-widget panel-first-child\" data-index=\"4\" ><div class=\"panel-widget-style panel-widget-style-for-18124-2-1-0\" ><div\n\t\t\t\n\t\t\tclass=\"so-widget-hem-seo-title-widget so-widget-hem-seo-title-widget-hem-seo-title-widget-style-d75171398898-18124\"\n\t\t\t\n\t\t>\n<h2 style=\"font-size:px;\">Hi\u00ea\u0309u Bi\u00ea\u0301t Gia\u0301o Du\u0323c \u201cC\u00f4ng L\u1eadp\u201d<\/h2>\n\n\n<div class=\"title-border\"><\/div>\n\n<\/div><\/div><\/div><div id=\"panel-18124-2-1-1\" class=\"so-panel widget widget_sow-editor panel-last-child\" data-index=\"5\" ><div\n\t\t\t\n\t\t\tclass=\"so-widget-sow-editor so-widget-sow-editor-base\"\n\t\t\t\n\t\t>\n<div class=\"siteorigin-widget-tinymce textwidget\">\n\t<p>H\u1ec7 th\u1ed1ng gi\u00e1o d\u1ee5c \u1edf Canada thu\u00f4\u0323c tr\u00e1ch nhi\u1ec7m c\u1ee7a t\u1ec9nh; kh\u00f4ng c\u00f3 ch\u01b0\u01a1ng tr\u00ecnh gi\u1ea3ng d\u1ea1y qu\u1ed1c gia. T\u1ea1i t\u1ec9nh Ontario, B\u1ed9 Gi\u00e1o D\u1ee5c Ontario ch\u1ecbu tr\u00e1ch nhi\u1ec7m qu\u1ea3n l\u00fd v\u00e0 c\u1ea5p kinh ph\u00ed cho c\u00e1c tr\u01b0\u1eddng ti\u1ec3u h\u1ecdc v\u00e0 trung h\u1ecdc c\u1ee7a Ontario.<\/p>\n<p>Ontario coi tr\u1ecdng\u00a0<u><strong>gi\u00e1o d\u1ee5c<\/strong><\/u>\u00a0c\u00f4ng l\u1eadp.\u00a0 T\u1ea1i Ontario, m\u1ed9t n\u1ec1n gi\u00e1o d\u1ee5c \u201cc\u00f4ng l\u1eadp\u201d ngh\u0129a l\u00e0 gi\u00e1o d\u1ee5c ch\u1ea5t l\u01b0\u1ee3ng cao. C\u00e1c h\u1ecdc sinh tr\u01b0\u1eddng c\u00f4ng l\u1eadp Ontario lu\u00f4n \u0111\u1ea1t th\u00e0nh t\u00edch cao tr\u00ean tr\u01b0\u1eddng qu\u1ed1c t\u1ebf v\u00e0 \u0111\u1ea1t m\u1ed9t trong nh\u1eefng th\u00e0nh t\u00edch t\u1ed1t nh\u1ea5t trong c\u00e1c k\u1ef3 thi \u0111\u00e1nh gi\u00e1 c\u1ea5p qu\u1ed1c gia trong ph\u1ea7n \u0111\u1ecdc v\u00e0 vi\u1ebft, to\u00e1n h\u1ecdc v\u00e0 khoa h\u1ecdc.<\/p>\n<p>Tr\u00ean 94% h\u1ecdc sinh ti\u1ec3u h\u1ecdc v\u00e0 trung h\u1ecdc theo h\u1ecdc t\u1ea1i Ontario ch\u1ecdn c\u00e1c tr\u01b0\u1eddng c\u00f4ng l\u1eadp.\u00a0 L\u00e0 t\u1ec9nh l\u1edbn nh\u1ea5t c\u1ee7a Canada, c\u00e1c tr\u01b0\u1eddng c\u00f4ng l\u1eadp \u1edf Ontario tuy\u1ec3n sinh h\u01a1n 1,4 tri\u1ec7u h\u1ecdc sinh ti\u1ec3u h\u1ecdc v\u00e0 h\u01a1n 650.000 h\u1ecdc sinh trung h\u1ecdc.<\/p>\n<p>V\u00ec nh\u1eefng l\u00fd do l\u1ecbch s\u1eed v\u00e0 ph\u00e1p l\u00fd c\u00f3 b\u1ed1n lo\u1ea1i h\u1ecdc khu c\u00f4ng l\u1eadp t\u1ea1i Ontario:<\/p>\n<ul>\n<li>Anh Ng\u1eef c\u00f4ng c\u1ed9ng<\/li>\n<li>C\u00f4ng Gi\u00e1o Anh Ng\u1eef*<\/li>\n<li>Ph\u00e1p Ng\u1eef c\u00f4ng c\u1ed9ng, v\u00e0<\/li>\n<li>C\u00f4ng Gi\u00e1o Ph\u00e1p Ng\u1eef.*<\/li>\n<\/ul>\n<p>*L\u01b0u \u00fd r\u1eb1ng h\u1ecdc sinh kh\u00f4ng nh\u1ea5t thi\u1ebft ph\u1ea3i theo C\u00f4ng Gi\u00e1o \u0111\u1ec3 \u0111\u01b0\u1ee3c h\u1ecdc m\u1ed9t tr\u01b0\u1eddng C\u00f4ng gi\u00e1o \u1edf c\u1ea5p trung h\u1ecdc, nh\u01b0ng c\u00f3 th\u1ec3 c\u00f3 m\u1ed9t s\u1ed1 h\u1ea1n ch\u1ebf t\u1ea1i c\u00e1c tr\u01b0\u1eddng ti\u1ec3u h\u1ecdc.<\/p>\n<p>T\u1ed5ng c\u1ed9ng c\u00f3 kho\u1ea3ng 4.000 tr\u01b0\u1eddng ti\u1ec3u h\u1ecdc v\u00e0 h\u01a1n 900 tr\u01b0\u1eddng trung h\u1ecdc trong h\u1ec7 th\u1ed1ng c\u00f4ng l\u1eadp c\u1ee7a t\u1ec9nh.<\/p>\n<p>M\u1ed9t danh s\u00e1ch to\u00e0n di\u1ec7n c\u00e1c li\u00ean k\u1ebft t\u00e0i nguy\u00ean v\u1ec1 gi\u00e1o d\u1ee5c t\u1ea1i Ontario c\u00f3 th\u1ec3 \u0111\u01b0\u1ee3c t\u00ecm th\u1ea5y t\u1ea1i:\u00a0<a href=\"http:\/\/www.edu.gov.on.ca\/eng\/parents\/generalinfo.html\" target=\"_blank\" rel=\"noopener\">www.edu.gov.on.ca\/eng\/parents\/generalinfo.html<\/a><\/p>\n<\/div>\n<\/div><\/div><\/div><\/div><\/div><\/div><\/div>","protected":false},"excerpt":{"rendered":"Gi\u00e1o D\u1ee5c H\u1ec7 K-12 \u1edf Ontario Trang Ch\u1ee7 C\u00e2u H\u1ecfi Th\u01b0\u1eddng G\u1eb7p v\u1ec1 Gi\u00e1o D\u1ee5c H\u1ec7 K-12 \u1edf Ontario B\u00e1o C\u00e1o Ti\u1ebfn B\u1ed9 c\u1ee7a H\u1ecdc Sinh \u1edf Ontario Y\u00eau C\u1ea7u T\u1ed1t Nghi\u1ec7p \u1edf Ontario Ch\u01b0\u01a1ng Tr\u00ecnh Gi\u1ea3ng D\u1ea1y \u1edf Ontario Gi\u00e1o D\u1ee5c H\u1ee3p T\u00e1c \u1edf Ontario C\u00e1c Tr\u01b0\u1eddng Trung H\u1ecdc \u1edf Ontario C\u00e1c Tr\u01b0\u1eddng Ti\u1ec3u&#8230; <a class=\"view-article\" href=\"https:\/\/www.oasdi.ca\/vi\/k-12-education-in-ontario\/\">View Article<\/a>","protected":false},"author":237,"featured_media":18007,"parent":0,"menu_order":579,"comment_status":"closed","ping_status":"closed","template":"","meta":{"footnotes":""},"class_list":["post-18124","page","type-page","status-publish","has-post-thumbnail","hentry"],"yoast_head":"<!-- This site is optimized with the Yoast SEO plugin v21.5 - https:\/\/yoast.com\/wordpress\/plugins\/seo\/ -->\n<title>Gi\u00e1o D\u1ee5c K-12 \u1edf Ontario | H\u1ec7 Th\u1ed1ng Gi\u00e1o D\u1ee5c Ontario | OASDI<\/title>\n<meta name=\"description\" content=\"B\u1ea1n \u0111ang t\u00ecm th\u00f4ng tin v\u1ec1 gi\u00e1o d\u1ee5c qu\u1ed1c t\u1ebf \u1edf Ontario? T\u00ecm hi\u1ec3u th\u00eam chi ti\u1ebft v\u1ec1 gi\u00e1o d\u1ee5c \u1edf Ontario t\u1eeb h\u1ec7 M\u1eabu gi\u00e1o \u0111\u1ebfn L\u1edbp 12 (K-12) \u1edf \u0111\u00e2y.\" \/>\n<meta name=\"robots\" content=\"index, follow, max-snippet:-1, max-image-preview:large, max-video-preview:-1\" \/>\n<link rel=\"canonical\" href=\"https:\/\/www.oasdi.ca\/vi\/k-12-education-in-ontario\/\" \/>\n<meta property=\"og:locale\" content=\"vi_VN\" \/>\n<meta property=\"og:type\" content=\"article\" \/>\n<meta property=\"og:title\" content=\"Gi\u00e1o D\u1ee5c K-12 \u1edf Ontario | H\u1ec7 Th\u1ed1ng Gi\u00e1o D\u1ee5c Ontario | OASDI\" \/>\n<meta property=\"og:description\" content=\"B\u1ea1n \u0111ang t\u00ecm th\u00f4ng tin v\u1ec1 gi\u00e1o d\u1ee5c qu\u1ed1c t\u1ebf \u1edf Ontario? T\u00ecm hi\u1ec3u th\u00eam chi ti\u1ebft v\u1ec1 gi\u00e1o d\u1ee5c \u1edf Ontario t\u1eeb h\u1ec7 M\u1eabu gi\u00e1o \u0111\u1ebfn L\u1edbp 12 (K-12) \u1edf \u0111\u00e2y.\" \/>\n<meta property=\"og:url\" content=\"https:\/\/www.oasdi.ca\/vi\/k-12-education-in-ontario\/\" \/>\n<meta property=\"og:site_name\" content=\"OASDI\" \/>\n<meta property=\"article:modified_time\" content=\"2020-04-18T02:56:39+00:00\" \/>\n<meta property=\"og:image\" content=\"https:\/\/www.oasdi.ca\/wp-content\/uploads\/2020\/03\/oasdi-k12.jpg\" \/>\n\t<meta property=\"og:image:width\" content=\"1440\" \/>\n\t<meta property=\"og:image:height\" content=\"268\" \/>\n\t<meta property=\"og:image:type\" content=\"image\/jpeg\" \/>\n<meta name=\"twitter:card\" content=\"summary_large_image\" \/>\n<meta name=\"twitter:label1\" content=\"Est. reading time\" \/>\n\t<meta name=\"twitter:data1\" content=\"2 minutes\" \/>\n<script type=\"application\/ld+json\" class=\"yoast-schema-graph\">{\"@context\":\"https:\/\/schema.org\",\"@graph\":[{\"@type\":\"WebPage\",\"@id\":\"https:\/\/www.oasdi.ca\/vi\/k-12-education-in-ontario\/\",\"url\":\"https:\/\/www.oasdi.ca\/vi\/k-12-education-in-ontario\/\",\"name\":\"Gi\u00e1o D\u1ee5c K-12 \u1edf Ontario | H\u1ec7 Th\u1ed1ng Gi\u00e1o D\u1ee5c Ontario | OASDI\",\"isPartOf\":{\"@id\":\"https:\/\/www.oasdi.ca\/vi\/#website\"},\"datePublished\":\"2020-03-19T12:08:21+00:00\",\"dateModified\":\"2020-04-18T02:56:39+00:00\",\"description\":\"B\u1ea1n \u0111ang t\u00ecm th\u00f4ng tin v\u1ec1 gi\u00e1o d\u1ee5c qu\u1ed1c t\u1ebf \u1edf Ontario? T\u00ecm hi\u1ec3u th\u00eam chi ti\u1ebft v\u1ec1 gi\u00e1o d\u1ee5c \u1edf Ontario t\u1eeb h\u1ec7 M\u1eabu gi\u00e1o \u0111\u1ebfn L\u1edbp 12 (K-12) \u1edf \u0111\u00e2y.\",\"breadcrumb\":{\"@id\":\"https:\/\/www.oasdi.ca\/vi\/k-12-education-in-ontario\/#breadcrumb\"},\"inLanguage\":\"vi-VN\",\"potentialAction\":[{\"@type\":\"ReadAction\",\"target\":[\"https:\/\/www.oasdi.ca\/vi\/k-12-education-in-ontario\/\"]}]},{\"@type\":\"BreadcrumbList\",\"@id\":\"https:\/\/www.oasdi.ca\/vi\/k-12-education-in-ontario\/#breadcrumb\",\"itemListElement\":[{\"@type\":\"ListItem\",\"position\":1,\"name\":\"Trang Ch\u1ee7\",\"item\":\"https:\/\/www.oasdi.ca\/vi\/\"},{\"@type\":\"ListItem\",\"position\":2,\"name\":\"Gi\u00e1o D\u1ee5c H\u1ec7 K-12 \u1edf Ontario\"}]},{\"@type\":\"WebSite\",\"@id\":\"https:\/\/www.oasdi.ca\/vi\/#website\",\"url\":\"https:\/\/www.oasdi.ca\/vi\/\",\"name\":\"OASDI\",\"description\":\"Ontario Association of School District International\",\"publisher\":{\"@id\":\"https:\/\/www.oasdi.ca\/vi\/#organization\"},\"potentialAction\":[{\"@type\":\"SearchAction\",\"target\":{\"@type\":\"EntryPoint\",\"urlTemplate\":\"https:\/\/www.oasdi.ca\/vi\/?s={search_term_string}\"},\"query-input\":\"required name=search_term_string\"}],\"inLanguage\":\"vi-VN\"},{\"@type\":\"Organization\",\"@id\":\"https:\/\/www.oasdi.ca\/vi\/#organization\",\"name\":\"OASDI\",\"url\":\"https:\/\/www.oasdi.ca\/vi\/\",\"logo\":{\"@type\":\"ImageObject\",\"inLanguage\":\"vi-VN\",\"@id\":\"https:\/\/www.oasdi.ca\/vi\/#\/schema\/logo\/image\/\",\"url\":\"https:\/\/www.oasdi.ca\/wp-content\/uploads\/2020\/02\/cropped-oasdi-logo.png\",\"contentUrl\":\"https:\/\/www.oasdi.ca\/wp-content\/uploads\/2020\/02\/cropped-oasdi-logo.png\",\"width\":468,\"height\":96,\"caption\":\"OASDI\"},\"image\":{\"@id\":\"https:\/\/www.oasdi.ca\/vi\/#\/schema\/logo\/image\/\"}}]}<\/script>\n<!-- \/ Yoast SEO plugin. -->","yoast_head_json":{"title":"Gi\u00e1o D\u1ee5c K-12 \u1edf Ontario | H\u1ec7 Th\u1ed1ng Gi\u00e1o D\u1ee5c Ontario | OASDI","description":"B\u1ea1n \u0111ang t\u00ecm th\u00f4ng tin v\u1ec1 gi\u00e1o d\u1ee5c qu\u1ed1c t\u1ebf \u1edf Ontario? T\u00ecm hi\u1ec3u th\u00eam chi ti\u1ebft v\u1ec1 gi\u00e1o d\u1ee5c \u1edf Ontario t\u1eeb h\u1ec7 M\u1eabu gi\u00e1o \u0111\u1ebfn L\u1edbp 12 (K-12) \u1edf \u0111\u00e2y.","robots":{"index":"index","follow":"follow","max-snippet":"max-snippet:-1","max-image-preview":"max-image-preview:large","max-video-preview":"max-video-preview:-1"},"canonical":"https:\/\/www.oasdi.ca\/vi\/k-12-education-in-ontario\/","og_locale":"vi_VN","og_type":"article","og_title":"Gi\u00e1o D\u1ee5c K-12 \u1edf Ontario | H\u1ec7 Th\u1ed1ng Gi\u00e1o D\u1ee5c Ontario | OASDI","og_description":"B\u1ea1n \u0111ang t\u00ecm th\u00f4ng tin v\u1ec1 gi\u00e1o d\u1ee5c qu\u1ed1c t\u1ebf \u1edf Ontario? T\u00ecm hi\u1ec3u th\u00eam chi ti\u1ebft v\u1ec1 gi\u00e1o d\u1ee5c \u1edf Ontario t\u1eeb h\u1ec7 M\u1eabu gi\u00e1o \u0111\u1ebfn L\u1edbp 12 (K-12) \u1edf \u0111\u00e2y.","og_url":"https:\/\/www.oasdi.ca\/vi\/k-12-education-in-ontario\/","og_site_name":"OASDI","article_modified_time":"2020-04-18T02:56:39+00:00","og_image":[{"width":1440,"height":268,"url":"https:\/\/www.oasdi.ca\/wp-content\/uploads\/2020\/03\/oasdi-k12.jpg","type":"image\/jpeg"}],"twitter_card":"summary_large_image","twitter_misc":{"Est. reading time":"2 minutes"},"schema":{"@context":"https:\/\/schema.org","@graph":[{"@type":"WebPage","@id":"https:\/\/www.oasdi.ca\/vi\/k-12-education-in-ontario\/","url":"https:\/\/www.oasdi.ca\/vi\/k-12-education-in-ontario\/","name":"Gi\u00e1o D\u1ee5c K-12 \u1edf Ontario | H\u1ec7 Th\u1ed1ng Gi\u00e1o D\u1ee5c Ontario | OASDI","isPartOf":{"@id":"https:\/\/www.oasdi.ca\/vi\/#website"},"datePublished":"2020-03-19T12:08:21+00:00","dateModified":"2020-04-18T02:56:39+00:00","description":"B\u1ea1n \u0111ang t\u00ecm th\u00f4ng tin v\u1ec1 gi\u00e1o d\u1ee5c qu\u1ed1c t\u1ebf \u1edf Ontario? T\u00ecm hi\u1ec3u th\u00eam chi ti\u1ebft v\u1ec1 gi\u00e1o d\u1ee5c \u1edf Ontario t\u1eeb h\u1ec7 M\u1eabu gi\u00e1o \u0111\u1ebfn L\u1edbp 12 (K-12) \u1edf \u0111\u00e2y.","breadcrumb":{"@id":"https:\/\/www.oasdi.ca\/vi\/k-12-education-in-ontario\/#breadcrumb"},"inLanguage":"vi-VN","potentialAction":[{"@type":"ReadAction","target":["https:\/\/www.oasdi.ca\/vi\/k-12-education-in-ontario\/"]}]},{"@type":"BreadcrumbList","@id":"https:\/\/www.oasdi.ca\/vi\/k-12-education-in-ontario\/#breadcrumb","itemListElement":[{"@type":"ListItem","position":1,"name":"Trang Ch\u1ee7","item":"https:\/\/www.oasdi.ca\/vi\/"},{"@type":"ListItem","position":2,"name":"Gi\u00e1o D\u1ee5c H\u1ec7 K-12 \u1edf Ontario"}]},{"@type":"WebSite","@id":"https:\/\/www.oasdi.ca\/vi\/#website","url":"https:\/\/www.oasdi.ca\/vi\/","name":"OASDI","description":"Ontario Association of School District International","publisher":{"@id":"https:\/\/www.oasdi.ca\/vi\/#organization"},"potentialAction":[{"@type":"SearchAction","target":{"@type":"EntryPoint","urlTemplate":"https:\/\/www.oasdi.ca\/vi\/?s={search_term_string}"},"query-input":"required name=search_term_string"}],"inLanguage":"vi-VN"},{"@type":"Organization","@id":"https:\/\/www.oasdi.ca\/vi\/#organization","name":"OASDI","url":"https:\/\/www.oasdi.ca\/vi\/","logo":{"@type":"ImageObject","inLanguage":"vi-VN","@id":"https:\/\/www.oasdi.ca\/vi\/#\/schema\/logo\/image\/","url":"https:\/\/www.oasdi.ca\/wp-content\/uploads\/2020\/02\/cropped-oasdi-logo.png","contentUrl":"https:\/\/www.oasdi.ca\/wp-content\/uploads\/2020\/02\/cropped-oasdi-logo.png","width":468,"height":96,"caption":"OASDI"},"image":{"@id":"https:\/\/www.oasdi.ca\/vi\/#\/schema\/logo\/image\/"}}]}},"_links":{"self":[{"href":"https:\/\/www.oasdi.ca\/vi\/wp-json\/wp\/v2\/pages\/18124"}],"collection":[{"href":"https:\/\/www.oasdi.ca\/vi\/wp-json\/wp\/v2\/pages"}],"about":[{"href":"https:\/\/www.oasdi.ca\/vi\/wp-json\/wp\/v2\/types\/page"}],"author":[{"embeddable":true,"href":"https:\/\/www.oasdi.ca\/vi\/wp-json\/wp\/v2\/users\/237"}],"replies":[{"embeddable":true,"href":"https:\/\/www.oasdi.ca\/vi\/wp-json\/wp\/v2\/comments?post=18124"}],"version-history":[{"count":0,"href":"https:\/\/www.oasdi.ca\/vi\/wp-json\/wp\/v2\/pages\/18124\/revisions"}],"wp:featuredmedia":[{"embeddable":true,"href":"https:\/\/www.oasdi.ca\/vi\/wp-json\/wp\/v2\/media\/18007"}],"wp:attachment":[{"href":"https:\/\/www.oasdi.ca\/vi\/wp-json\/wp\/v2\/media?parent=18124"}],"curies":[{"name":"wp","href":"https:\/\/api.w.org\/{rel}","templated":true}]}}