{"id":18060,"date":"2020-03-19T12:41:10","date_gmt":"2020-03-19T12:41:10","guid":{"rendered":"http:\/\/oasdi.ca\/k-12-education-in-ontario\/secondary-schools\/"},"modified":"2020-05-08T00:41:39","modified_gmt":"2020-05-08T00:41:39","slug":"secondary-schools","status":"publish","type":"page","link":"https:\/\/www.oasdi.ca\/vi\/k-12-education-in-ontario\/secondary-schools\/","title":{"rendered":"C\u00e1c Tr\u01b0\u1eddng Trung H\u1ecdc \u1edf Ontario"},"content":{"rendered":"<div id=\"pl-18060\"  class=\"panel-layout\" ><div id=\"pg-18060-0\"  class=\"panel-grid panel-no-style\" ><div id=\"pgc-18060-0-0\"  class=\"panel-grid-cell\" ><div id=\"panel-18060-0-0-0\" class=\"so-panel widget widget_sow-image panel-first-child panel-last-child\" data-index=\"0\" ><div class=\"is-featured-img panel-widget-style panel-widget-style-for-18060-0-0-0\" ><div\n\t\t\t\n\t\t\tclass=\"so-widget-sow-image so-widget-sow-image-default-c4f6304fc136-18060\"\n\t\t\t\n\t\t>\n\n<div class=\"sow-image-container\">\n\t\t<img loading=\"lazy\" decoding=\"async\" src=\"https:\/\/www.oasdi.ca\/wp-content\/uploads\/2020\/03\/banner-17.jpg\" width=\"1440\" height=\"268\" srcset=\"https:\/\/www.oasdi.ca\/wp-content\/uploads\/2020\/03\/banner-17.jpg 1440w, https:\/\/www.oasdi.ca\/wp-content\/uploads\/2020\/03\/banner-17-250x47.jpg 250w, https:\/\/www.oasdi.ca\/wp-content\/uploads\/2020\/03\/banner-17-700x130.jpg 700w, https:\/\/www.oasdi.ca\/wp-content\/uploads\/2020\/03\/banner-17-768x143.jpg 768w, https:\/\/www.oasdi.ca\/wp-content\/uploads\/2020\/03\/banner-17-120x22.jpg 120w\" sizes=\"(max-width: 1440px) 100vw, 1440px\" alt=\"\" \t\tclass=\"so-widget-image\"\/>\n\t<\/div>\n\n<\/div><\/div><\/div><\/div><\/div><div id=\"pg-18060-1\"  class=\"panel-grid panel-has-style\" ><div class=\"has-container panel-row-style panel-row-style-for-18060-1\" ><div id=\"pgc-18060-1-0\"  class=\"panel-grid-cell\" ><div id=\"panel-18060-1-0-0\" class=\"so-panel widget widget_hem-seo-title-widget panel-first-child panel-last-child\" data-index=\"1\" ><div class=\"panel-widget-style panel-widget-style-for-18060-1-0-0\" ><div\n\t\t\t\n\t\t\tclass=\"so-widget-hem-seo-title-widget so-widget-hem-seo-title-widget-hem-seo-title-widget-style-d75171398898-18060\"\n\t\t\t\n\t\t>\n<h1 style=\"font-size:px;\">C\u00e1c Tr\u01b0\u1eddng Trung H\u1ecdc \u1edf Ontario<\/h1>\n\n\n\n\t<!-- <div class=\"breadcrumb-trail\"><a href=\"index.php\">Home<\/a> \u00bb <span class=\"breadcrumb-current\">About<\/span><\/div> -->\n\t<div class=\"test1\"><span><span><a href=\"https:\/\/www.oasdi.ca\/vi\/\">Trang Ch\u1ee7<\/a><\/span><\/span><\/div>\n<\/div><\/div><\/div><\/div><\/div><\/div><div id=\"pg-18060-2\"  class=\"panel-grid panel-has-style\" ><div class=\"has-container panel-row-style panel-row-style-for-18060-2\" ><div id=\"pgc-18060-2-0\"  class=\"panel-grid-cell\" ><div id=\"panel-18060-2-0-0\" class=\"so-panel widget widget_hem-sidebar-menu-widget panel-first-child\" data-index=\"2\" ><div\n\t\t\t\n\t\t\tclass=\"so-widget-hem-sidebar-menu-widget so-widget-hem-sidebar-menu-widget-hem-sidebar-menu-widget-style-d75171398898-18060\"\n\t\t\t\n\t\t><div id=\"sidebar\">\n\t\t\t<ul id=\"side-menu\" class=\"side-menu menu-embedded\">\n\t\t\t\n\t\t\t\t\t\t\t\t\n\t\t\t\t\t\t\t\t\t\t\t<li><a href=\"https:\/\/www.oasdi.ca\/vi\/k-12-education-in-ontario\/faq\/\">C\u00e2u H\u1ecfi Th\u01b0\u1eddng G\u1eb7p v\u1ec1 Gi\u00e1o D\u1ee5c H\u1ec7 K-12 \u1edf Ontario<\/a><\/li>\n\t\t\t\t\t\t\t\t\t\t\t\t\t\n\t\t\t\t\t\t\t\t\t\t\t<li><a href=\"https:\/\/www.oasdi.ca\/vi\/k-12-education-in-ontario\/assessment-evaluation-and-reporting\/\">B\u00e1o C\u00e1o Ti\u1ebfn B\u1ed9 c\u1ee7a H\u1ecdc Sinh \u1edf Ontario<\/a><\/li>\n\t\t\t\t\t\t\t\t\t\t\t\t\t\n\t\t\t\t\t\t\t\t\t\t\t<li><a href=\"https:\/\/www.oasdi.ca\/vi\/k-12-education-in-ontario\/graduation-requirements\/\">Y\u00eau C\u1ea7u T\u1ed1t Nghi\u1ec7p \u1edf Ontario<\/a><\/li>\n\t\t\t\t\t\t\t\t\t\t\t\t\t\n\t\t\t\t\t\t\t\t\t\t\t<li><a href=\"https:\/\/www.oasdi.ca\/vi\/k-12-education-in-ontario\/curriculum\/\">Ch\u01b0\u01a1ng Tr\u00ecnh Gi\u1ea3ng D\u1ea1y \u1edf Ontario<\/a><\/li>\n\t\t\t\t\t\t\t\t\t\t\t\t\t\n\t\t\t\t\t\t\t\t\t\t\t<li><a href=\"https:\/\/www.oasdi.ca\/vi\/k-12-education-in-ontario\/cooperative-education\/\">Gi\u00e1o D\u1ee5c H\u1ee3p T\u00e1c \u1edf Ontario<\/a><\/li>\n\t\t\t\t\t\t\t\t\t\t\t\t\t\n\t\t\t\t\t\t\t\t\t\t\t<li><a class=\"active\" href=\"https:\/\/www.oasdi.ca\/vi\/k-12-education-in-ontario\/secondary-schools\/\">C\u00e1c Tr\u01b0\u1eddng Trung H\u1ecdc \u1edf Ontario<\/a><\/li>\n\t\t\t\t\t\t\t\t\t\t\t\t\t\n\t\t\t\t\t\t\t\t\t\t\t<li><a href=\"https:\/\/www.oasdi.ca\/vi\/k-12-education-in-ontario\/elementary-schools\/\">C\u00e1c Tr\u01b0\u1eddng Ti\u1ec3u H\u1ecdc \u1edf Ontario<\/a><\/li>\n\t\t\t\t\t\t\t\t\t\t\t\t\t\n\t\t\t\t\t\t\t\t\t\t\t<li><a href=\"https:\/\/www.oasdi.ca\/vi\/k-12-education-in-ontario\/infographic\/\">\u0110\u1ed3 H\u1ecda Th\u00f4ng Tin Gi\u00e1o D\u1ee5c H\u1ec7 K-12 \u1edf Ontario<\/a><\/li>\n\t\t\t\t\t\t\t\t\t\t\n\n\t\t\t\t<!-- Extra menu -->\n\t\t\t\t\n\n\n\t\t\t\t\t<\/ul>\n\t\n\n<\/div><\/div><\/div><div id=\"panel-18060-2-0-1\" class=\"so-panel widget widget_hem-sidebar-link-widget panel-last-child\" data-index=\"3\" ><div\n\t\t\t\n\t\t\tclass=\"so-widget-hem-sidebar-link-widget so-widget-hem-sidebar-link-widget-hem-sidebar-link-widget-style-d75171398898-18060\"\n\t\t\t\n\t\t><div id=\"sidebar\" class=\"external-link-only\">\n\n\n\n\t\t\t\t<!-- Extra menu -->\n\t\t\t\t\t\t\t\t\t<ul id=\"side-menu\" class=\"side-menu menu-embedded\">\n\t\t\t\t\t\t\t\t\t\t\t\t\t\t\t\t\t\t\t\t\t<li><a  href=\"https:\/\/www.oasdi.ca\/map-search\/\">Map Overview<\/a><\/li>\n\t\t\t\t\t\t\t\t\t\t\t\t\t\t\n\t\t\t\t\t\t\t\t\t\t\t\t\t\t\t\t\t\t\t\t\t<li><a  href=\"https:\/\/www.oasdi.ca\/district-list\/\">District List<\/a><\/li>\n\t\t\t\t\t\t\t\t\t\t\t\t\t\t\n\t\t\t\t\t\t\t\n\t\t\t\t\t<\/ul>\n\t\t\t\t\n\t\t\t\t\n\n\n\n\n<\/div><\/div><\/div><\/div><div id=\"pgc-18060-2-1\"  class=\"panel-grid-cell\" ><div class=\"pl-sm-3 pl-md-5 panel-cell-style panel-cell-style-for-18060-2-1\" ><div id=\"panel-18060-2-1-0\" class=\"so-panel widget widget_sow-editor panel-first-child panel-last-child\" data-index=\"4\" ><div\n\t\t\t\n\t\t\tclass=\"so-widget-sow-editor so-widget-sow-editor-base\"\n\t\t\t\n\t\t>\n<div class=\"siteorigin-widget-tinymce textwidget\">\n\t<p>\u01a0\u0309 Ontario, tr\u01b0\u01a1\u0300ng trung ho\u0323c la\u0300 t\u01b0\u0300 L\u01a1\u0301p 9 \u0111\u00ea\u0301n L\u01a1\u0301p 12.<\/p>\n<p>C\u00f3 nhi\u00ea\u0300u kh\u00e1c bi\u1ec7t trong t\u1ed5 ch\u1ee9c *tr\u01b0\u1eddng trung h\u1ecdc*.\u00a0 H\u1ea7u h\u1ebft c\u00e1c tr\u01b0\u1eddng h\u1ecdc t\u1eeb L\u1edbp 9-12, nh\u01b0ng ng\u00e0y c\u00e0ng c\u00f3 nhi\u1ec1u tr\u01b0\u1eddng h\u1ecdc t\u1eeb L\u1edbp 7-12.\u00a0 M\u1ed9t s\u1ed1 tr\u01b0\u1eddng c\u00f3 s\u1ed1 l\u01b0\u01a1\u0323ng \u0111\u0103ng k\u00fd la\u0300 v\u00e0i tr\u0103m, trong khi m\u1ed9t s\u1ed1 kh\u00e1c c\u00f3 g\u1ea7n hai ngh\u00ecn ho\u0323c sinh.\u00a0 L\u01b0u \u00fd r\u1eb1ng c\u00e1c tr\u01b0\u1eddng trung h\u1ecdc c\u0169ng th\u01b0\u1eddng \u0111\u01b0\u1ee3c g\u1ecdi l\u00e0 c\u00e1c tr\u01b0\u1eddng trung ho\u0323c ph\u1ed5 th\u00f4ng.<\/p>\n<h2>T\u00f4\u0309 Ch\u01b0\u0301c Tr\u01b0\u01a1\u0300ng Trung Ho\u0323c theo C\u1ea5p L\u01a1\u0301p<\/h2>\n<h3>L\u01a1\u0301p 7-12 HO\u0102\u0323C L\u01a1\u0301p 9-12<\/h3>\n<p>Ca\u0301c tr\u01b0\u01a1\u0300ng trung ho\u0323c \u01a1\u0309 Ontario cung c\u00e2\u0301p nhi\u00ea\u0300u ch\u01b0\u01a1ng tri\u0300nh \u0111a d\u1ea1ng. T\u1ea5t c\u1ea3 c\u00e1c tr\u01b0\u1eddng trung h\u1ecdc cung c\u1ea5p m\u1ed9t n\u1ec1n gi\u00e1o d\u1ee5c to\u00e0n di\u1ec7n cho ph\u00e9p ho\u0323c sinh t\u1ed1t nghi\u1ec7p, nh\u01b0ng m\u1ed9t s\u1ed1 c\u00f2n c\u00f3 c\u00e1c ch\u01b0\u01a1ng tr\u00ecnh chuy\u00ean m\u00f4n t\u1eadp trung v\u00e0o M\u1ef9 Thu\u1eadt, ho\u0103\u0323c Khoa H\u1ecdc, hay C\u00f4ng Ngh\u1ec7.\u00a0 Tuy nhi\u00ean, c\u00e1c tr\u01b0\u1eddng kh\u00e1c c\u00f3 Ch\u01b0\u01a1ng Tr\u00ecnh Song Ng\u1eef c\u00f3 Ti\u00ea\u0301ng Ph\u00e1p, T\u00fa T\u00e0i Qu\u1ed1c T\u1ebf, Chuy\u00ean Ng\u00e0nh Ch\u00ednh v\u1edbi K\u1ef9 N\u0103ng Chuy\u00ean M\u00f4n Cao, C\u00e1c Ch\u01b0\u01a1ng Tr\u00ecnh T\u00edn Ch\u1ec9 K\u00e9p, ngo\u00e0i c\u00e1c ch\u01b0\u01a1ng tr\u00ecnh kh\u00e1c. \u0110\u1ec3 xem c\u00e1c ch\u01b0\u01a1ng tr\u00ecnh \u0111\u01b0\u1ee3c cung c\u1ea5p t\u1ea1i m\u1ed9t tr\u01b0\u1eddng h\u1ecdc c\u1ee5 th\u1ec3, h\u00e3y v\u00e0o trang web ch\u00ednh c\u1ee7a c\u00e1c h\u1ed9i \u0111\u1ed3ng tr\u01b0\u1eddng c\u00f4ng l\u1eadp c\u1ee5 th\u1ec3 \u1edf Ontario:\u00a0<a href=\"http:\/\/www.edu.gov.on.ca\/eng\/sbinfo\/boardList.html\" target=\"_blank\" rel=\"noopener\">http:\/\/www.edu.gov.on.ca\/eng\/sbinfo\/boardList.html<\/a><\/p>\n<p>M\u1ee5c \u0111\u00edch c\u1ee7a m\u1ed9t ch\u01b0\u01a1ng tr\u00ecnh gi\u00e1o d\u1ee5c trung h\u1ecdc \u1edf Ontario l\u00e0 \u201c\u0111a\u0301p \u01b0\u0301ng ca\u0301c nhu c\u00e2\u0300u, l\u1ee3i \u00edch v\u00e0 \u0111i\u1ec3m m\u1ea1nh c\u1ee7a t\u1ea5t c\u1ea3 c\u00e1c ho\u0323c sinh, thu h\u00fat h\u1ecdc sinh h\u1ecdc t\u1eadp v\u00e0 chu\u1ea9n b\u1ecb t\u1ed1t h\u01a1n cho t\u1ed1t nghi\u1ec7p v\u00e0 cao h\u01a1n.\u201d (B\u00f4\u0323 Gia\u0301o Du\u0323c Ontario). T\u1ea7m quan tr\u1ecdng c\u1ee7a gi\u00e1o d\u1ee5c trung h\u1ecdc cho th\u00e0nh c\u00f4ng trong t\u01b0\u01a1ng lai \u0111\u01b0\u1ee3c c\u00f4ng nh\u1eadn r\u1ed9ng r\u00e3i v\u00e0 ch\u00ednh ph\u1ee7 Ontario \u0111\u00e3 cung c\u1ea5p c\u00e1c ngu\u1ed3n l\u1ef1c la\u0300m gia t\u0103ng t\u1ef7 l\u1ec7 t\u1ed1t nghi\u1ec7p m\u1ed9t c\u00e1ch \u0111\u00e1ng k\u1ec3 trong th\u1eadp k\u1ef7 qua; hi\u1ec7n ta\u0323i tr\u00ean 85,5% h\u1ecdc sinh trung h\u1ecdc s\u1eafp t\u1ed1t nghi\u1ec7p, t\u0103ng 17% k\u1ec3 t\u1eeb n\u0103m 2004. Ti\u0300m hi\u00ea\u0309u th\u00eam v\u00ea\u0300 k\u00ea\u0301t qua\u0309 na\u0300y co\u0301 th\u00ea\u0309 ti\u0300m th\u00e2\u0301y ta\u0323i:\u00a0<a href=\"http:\/\/www.edu.gov.on.ca\/eng\/gettingResultsGrad.html\" target=\"_blank\" rel=\"noopener\">www.edu.gov.on.ca\/eng\/gettingResultsGrad.html<\/a><\/p>\n<h3>Ca\u0301c Y\u00eau C\u00e2\u0300u T\u00f4\u0301t Nghi\u00ea\u0323p<\/h3>\n<p>\u0110\u1ec3 bi\u1ebft danh s\u00e1ch c\u00e1c kh\u00f3a h\u1ecdc v\u00e0 y\u00eau c\u1ea7u c\u1ee5 th\u1ec3 cho ho\u0323c sinh t\u1ed1t nghi\u1ec7p, nh\u1ea5p v\u00e0o \u201c<a href=\"http:\/\/www.oasdi.ca\/Graduation%20Requirements.php?lang=vi\"><strong>Y\u00eau C\u00e2\u0300u T\u00f4\u0301t Nghi\u00ea\u0323p<\/strong><\/a>\u201d.<\/p>\n<p>C\u00e1c tr\u01b0\u1eddng trung h\u1ecdc c\u00f4ng nh\u1eadn r\u1eb1ng m\u1ed7i h\u1ecdc sinh h\u1ecdc theo nh\u1eefng c\u00e1ch kh\u00e1c nhau v\u00e0 c\u00f3 s\u1edf th\u00edch c\u00e1 nh\u00e2n ri\u00eang.\u00a0 M\u1ed9t lo\u1ea1t c\u00e1c ch\u01b0\u01a1ng tr\u00ecnh trong c\u00e1c tr\u01b0\u1eddng trung h\u1ecdc c\u00f3 hi\u1ec7u qu\u1ea3 trong vi\u00ea\u0323c h\u1ed7 tr\u1ee3 cho s\u01b0\u0323 th\u00e0nh c\u00f4ng c\u1ee7a h\u1ecdc sinh. C\u00e1c s\u00e1ng ki\u1ebfn m\u1edbi v\u1edbi ca\u0301c c\u1ed9ng \u0111\u1ed3ng \u0111\u1ecba ph\u01b0\u01a1ng, ch\u1ee7 s\u1eed d\u1ee5ng lao \u0111\u1ed9ng v\u00e0 c\u00e1c tr\u01b0\u1eddng cao \u0111\u1eb3ng v\u00e0 \u0111\u1ea1i h\u1ecdc \u0111ang gi\u00fap c\u00e1c h\u1ecdc sinh trung h\u1ecdc ho\u00e0n thi\u00ea\u0323n ti\u1ec1m n\u0103ng c\u1ee7a m\u00ecnh.\u00a0 Xem th\u00eam th\u00f4ng tin ta\u0323i:\u00a0<a href=\"http:\/\/www.edu.gov.on.ca\/studentsuccess\" target=\"_blank\" rel=\"noopener\">www.edu.gov.on.ca\/studentsuccess<\/a><\/p>\n<\/div>\n<\/div><\/div><\/div><\/div><\/div><\/div><\/div>","protected":false},"excerpt":{"rendered":"C\u00e1c Tr\u01b0\u1eddng Trung H\u1ecdc \u1edf Ontario Trang Ch\u1ee7 C\u00e2u H\u1ecfi Th\u01b0\u1eddng G\u1eb7p v\u1ec1 Gi\u00e1o D\u1ee5c H\u1ec7 K-12 \u1edf Ontario B\u00e1o C\u00e1o Ti\u1ebfn B\u1ed9 c\u1ee7a H\u1ecdc Sinh \u1edf Ontario Y\u00eau C\u1ea7u T\u1ed1t Nghi\u1ec7p \u1edf Ontario Ch\u01b0\u01a1ng Tr\u00ecnh Gi\u1ea3ng D\u1ea1y \u1edf Ontario Gi\u00e1o D\u1ee5c H\u1ee3p T\u00e1c \u1edf Ontario C\u00e1c Tr\u01b0\u1eddng Trung H\u1ecdc \u1edf Ontario C\u00e1c Tr\u01b0\u1eddng Ti\u1ec3u&#8230; <a class=\"view-article\" href=\"https:\/\/www.oasdi.ca\/vi\/k-12-education-in-ontario\/secondary-schools\/\">View Article<\/a>","protected":false},"author":237,"featured_media":18061,"parent":18124,"menu_order":562,"comment_status":"closed","ping_status":"closed","template":"","meta":{"footnotes":""},"class_list":["post-18060","page","type-page","status-publish","has-post-thumbnail","hentry"],"yoast_head":"<!-- This site is optimized with the Yoast SEO plugin v21.5 - https:\/\/yoast.com\/wordpress\/plugins\/seo\/ -->\n<title>Tr\u01b0\u1eddng Trung H\u1ecdc | H\u1ec7 Th\u1ed1ng Gi\u00e1o D\u1ee5c K-12 Ontario | OASDI<\/title>\n<meta name=\"description\" content=\"Tr\u01b0\u1eddng trung h\u1ecdc, th\u01b0\u1eddng \u0111\u01b0\u1ee3c g\u1ecdi l\u00e0 trung h\u1ecdc ph\u1ed5 th\u00f4ng, th\u01b0\u1eddng bao g\u1ed3m L\u1edbp 9 \u0111\u1ebfn L\u1edbp 12 \u1edf Ontario. T\u00ecm hi\u1ec3u th\u00eam th\u00f4ng tin v\u1ec1 tr\u01b0\u1eddng trung h\u1ecdc t\u1ea1i \u0111\u00e2y.\" \/>\n<meta name=\"robots\" content=\"index, follow, max-snippet:-1, max-image-preview:large, max-video-preview:-1\" \/>\n<link rel=\"canonical\" href=\"https:\/\/www.oasdi.ca\/vi\/k-12-education-in-ontario\/secondary-schools\/\" \/>\n<meta property=\"og:locale\" content=\"vi_VN\" \/>\n<meta property=\"og:type\" content=\"article\" \/>\n<meta property=\"og:title\" content=\"Tr\u01b0\u1eddng Trung H\u1ecdc | H\u1ec7 Th\u1ed1ng Gi\u00e1o D\u1ee5c K-12 Ontario | OASDI\" \/>\n<meta property=\"og:description\" content=\"Tr\u01b0\u1eddng trung h\u1ecdc, th\u01b0\u1eddng \u0111\u01b0\u1ee3c g\u1ecdi l\u00e0 trung h\u1ecdc ph\u1ed5 th\u00f4ng, th\u01b0\u1eddng bao g\u1ed3m L\u1edbp 9 \u0111\u1ebfn L\u1edbp 12 \u1edf Ontario. T\u00ecm hi\u1ec3u th\u00eam th\u00f4ng tin v\u1ec1 tr\u01b0\u1eddng trung h\u1ecdc t\u1ea1i \u0111\u00e2y.\" \/>\n<meta property=\"og:url\" content=\"https:\/\/www.oasdi.ca\/vi\/k-12-education-in-ontario\/secondary-schools\/\" \/>\n<meta property=\"og:site_name\" content=\"OASDI\" \/>\n<meta property=\"article:modified_time\" content=\"2020-05-08T00:41:39+00:00\" \/>\n<meta property=\"og:image\" content=\"https:\/\/www.oasdi.ca\/wp-content\/uploads\/2020\/03\/banner-17.jpg\" \/>\n\t<meta property=\"og:image:width\" content=\"1440\" \/>\n\t<meta property=\"og:image:height\" content=\"268\" \/>\n\t<meta property=\"og:image:type\" content=\"image\/jpeg\" \/>\n<meta name=\"twitter:card\" content=\"summary_large_image\" \/>\n<meta name=\"twitter:label1\" content=\"Est. reading time\" \/>\n\t<meta name=\"twitter:data1\" content=\"4 minutes\" \/>\n<script type=\"application\/ld+json\" class=\"yoast-schema-graph\">{\"@context\":\"https:\/\/schema.org\",\"@graph\":[{\"@type\":\"WebPage\",\"@id\":\"https:\/\/www.oasdi.ca\/vi\/k-12-education-in-ontario\/secondary-schools\/\",\"url\":\"https:\/\/www.oasdi.ca\/vi\/k-12-education-in-ontario\/secondary-schools\/\",\"name\":\"Tr\u01b0\u1eddng Trung H\u1ecdc | H\u1ec7 Th\u1ed1ng Gi\u00e1o D\u1ee5c K-12 Ontario | OASDI\",\"isPartOf\":{\"@id\":\"https:\/\/www.oasdi.ca\/vi\/#website\"},\"datePublished\":\"2020-03-19T12:41:10+00:00\",\"dateModified\":\"2020-05-08T00:41:39+00:00\",\"description\":\"Tr\u01b0\u1eddng trung h\u1ecdc, th\u01b0\u1eddng \u0111\u01b0\u1ee3c g\u1ecdi l\u00e0 trung h\u1ecdc ph\u1ed5 th\u00f4ng, th\u01b0\u1eddng bao g\u1ed3m L\u1edbp 9 \u0111\u1ebfn L\u1edbp 12 \u1edf Ontario. T\u00ecm hi\u1ec3u th\u00eam th\u00f4ng tin v\u1ec1 tr\u01b0\u1eddng trung h\u1ecdc t\u1ea1i \u0111\u00e2y.\",\"breadcrumb\":{\"@id\":\"https:\/\/www.oasdi.ca\/vi\/k-12-education-in-ontario\/secondary-schools\/#breadcrumb\"},\"inLanguage\":\"vi-VN\",\"potentialAction\":[{\"@type\":\"ReadAction\",\"target\":[\"https:\/\/www.oasdi.ca\/vi\/k-12-education-in-ontario\/secondary-schools\/\"]}]},{\"@type\":\"BreadcrumbList\",\"@id\":\"https:\/\/www.oasdi.ca\/vi\/k-12-education-in-ontario\/secondary-schools\/#breadcrumb\",\"itemListElement\":[{\"@type\":\"ListItem\",\"position\":1,\"name\":\"Trang Ch\u1ee7\",\"item\":\"https:\/\/www.oasdi.ca\/vi\/\"},{\"@type\":\"ListItem\",\"position\":2,\"name\":\"Gi\u00e1o D\u1ee5c H\u1ec7 K-12 \u1edf Ontario\",\"item\":\"https:\/\/www.oasdi.ca\/vi\/k-12-education-in-ontario\/\"},{\"@type\":\"ListItem\",\"position\":3,\"name\":\"C\u00e1c Tr\u01b0\u1eddng Trung H\u1ecdc \u1edf Ontario\"}]},{\"@type\":\"WebSite\",\"@id\":\"https:\/\/www.oasdi.ca\/vi\/#website\",\"url\":\"https:\/\/www.oasdi.ca\/vi\/\",\"name\":\"OASDI\",\"description\":\"Ontario Association of School District International\",\"publisher\":{\"@id\":\"https:\/\/www.oasdi.ca\/vi\/#organization\"},\"potentialAction\":[{\"@type\":\"SearchAction\",\"target\":{\"@type\":\"EntryPoint\",\"urlTemplate\":\"https:\/\/www.oasdi.ca\/vi\/?s={search_term_string}\"},\"query-input\":\"required name=search_term_string\"}],\"inLanguage\":\"vi-VN\"},{\"@type\":\"Organization\",\"@id\":\"https:\/\/www.oasdi.ca\/vi\/#organization\",\"name\":\"OASDI\",\"url\":\"https:\/\/www.oasdi.ca\/vi\/\",\"logo\":{\"@type\":\"ImageObject\",\"inLanguage\":\"vi-VN\",\"@id\":\"https:\/\/www.oasdi.ca\/vi\/#\/schema\/logo\/image\/\",\"url\":\"https:\/\/www.oasdi.ca\/wp-content\/uploads\/2020\/02\/cropped-oasdi-logo.png\",\"contentUrl\":\"https:\/\/www.oasdi.ca\/wp-content\/uploads\/2020\/02\/cropped-oasdi-logo.png\",\"width\":468,\"height\":96,\"caption\":\"OASDI\"},\"image\":{\"@id\":\"https:\/\/www.oasdi.ca\/vi\/#\/schema\/logo\/image\/\"}}]}<\/script>\n<!-- \/ Yoast SEO plugin. -->","yoast_head_json":{"title":"Tr\u01b0\u1eddng Trung H\u1ecdc | H\u1ec7 Th\u1ed1ng Gi\u00e1o D\u1ee5c K-12 Ontario | OASDI","description":"Tr\u01b0\u1eddng trung h\u1ecdc, th\u01b0\u1eddng \u0111\u01b0\u1ee3c g\u1ecdi l\u00e0 trung h\u1ecdc ph\u1ed5 th\u00f4ng, th\u01b0\u1eddng bao g\u1ed3m L\u1edbp 9 \u0111\u1ebfn L\u1edbp 12 \u1edf Ontario. T\u00ecm hi\u1ec3u th\u00eam th\u00f4ng tin v\u1ec1 tr\u01b0\u1eddng trung h\u1ecdc t\u1ea1i \u0111\u00e2y.","robots":{"index":"index","follow":"follow","max-snippet":"max-snippet:-1","max-image-preview":"max-image-preview:large","max-video-preview":"max-video-preview:-1"},"canonical":"https:\/\/www.oasdi.ca\/vi\/k-12-education-in-ontario\/secondary-schools\/","og_locale":"vi_VN","og_type":"article","og_title":"Tr\u01b0\u1eddng Trung H\u1ecdc | H\u1ec7 Th\u1ed1ng Gi\u00e1o D\u1ee5c K-12 Ontario | OASDI","og_description":"Tr\u01b0\u1eddng trung h\u1ecdc, th\u01b0\u1eddng \u0111\u01b0\u1ee3c g\u1ecdi l\u00e0 trung h\u1ecdc ph\u1ed5 th\u00f4ng, th\u01b0\u1eddng bao g\u1ed3m L\u1edbp 9 \u0111\u1ebfn L\u1edbp 12 \u1edf Ontario. T\u00ecm hi\u1ec3u th\u00eam th\u00f4ng tin v\u1ec1 tr\u01b0\u1eddng trung h\u1ecdc t\u1ea1i \u0111\u00e2y.","og_url":"https:\/\/www.oasdi.ca\/vi\/k-12-education-in-ontario\/secondary-schools\/","og_site_name":"OASDI","article_modified_time":"2020-05-08T00:41:39+00:00","og_image":[{"width":1440,"height":268,"url":"https:\/\/www.oasdi.ca\/wp-content\/uploads\/2020\/03\/banner-17.jpg","type":"image\/jpeg"}],"twitter_card":"summary_large_image","twitter_misc":{"Est. reading time":"4 minutes"},"schema":{"@context":"https:\/\/schema.org","@graph":[{"@type":"WebPage","@id":"https:\/\/www.oasdi.ca\/vi\/k-12-education-in-ontario\/secondary-schools\/","url":"https:\/\/www.oasdi.ca\/vi\/k-12-education-in-ontario\/secondary-schools\/","name":"Tr\u01b0\u1eddng Trung H\u1ecdc | H\u1ec7 Th\u1ed1ng Gi\u00e1o D\u1ee5c K-12 Ontario | OASDI","isPartOf":{"@id":"https:\/\/www.oasdi.ca\/vi\/#website"},"datePublished":"2020-03-19T12:41:10+00:00","dateModified":"2020-05-08T00:41:39+00:00","description":"Tr\u01b0\u1eddng trung h\u1ecdc, th\u01b0\u1eddng \u0111\u01b0\u1ee3c g\u1ecdi l\u00e0 trung h\u1ecdc ph\u1ed5 th\u00f4ng, th\u01b0\u1eddng bao g\u1ed3m L\u1edbp 9 \u0111\u1ebfn L\u1edbp 12 \u1edf Ontario. T\u00ecm hi\u1ec3u th\u00eam th\u00f4ng tin v\u1ec1 tr\u01b0\u1eddng trung h\u1ecdc t\u1ea1i \u0111\u00e2y.","breadcrumb":{"@id":"https:\/\/www.oasdi.ca\/vi\/k-12-education-in-ontario\/secondary-schools\/#breadcrumb"},"inLanguage":"vi-VN","potentialAction":[{"@type":"ReadAction","target":["https:\/\/www.oasdi.ca\/vi\/k-12-education-in-ontario\/secondary-schools\/"]}]},{"@type":"BreadcrumbList","@id":"https:\/\/www.oasdi.ca\/vi\/k-12-education-in-ontario\/secondary-schools\/#breadcrumb","itemListElement":[{"@type":"ListItem","position":1,"name":"Trang Ch\u1ee7","item":"https:\/\/www.oasdi.ca\/vi\/"},{"@type":"ListItem","position":2,"name":"Gi\u00e1o D\u1ee5c H\u1ec7 K-12 \u1edf Ontario","item":"https:\/\/www.oasdi.ca\/vi\/k-12-education-in-ontario\/"},{"@type":"ListItem","position":3,"name":"C\u00e1c Tr\u01b0\u1eddng Trung H\u1ecdc \u1edf Ontario"}]},{"@type":"WebSite","@id":"https:\/\/www.oasdi.ca\/vi\/#website","url":"https:\/\/www.oasdi.ca\/vi\/","name":"OASDI","description":"Ontario Association of School District International","publisher":{"@id":"https:\/\/www.oasdi.ca\/vi\/#organization"},"potentialAction":[{"@type":"SearchAction","target":{"@type":"EntryPoint","urlTemplate":"https:\/\/www.oasdi.ca\/vi\/?s={search_term_string}"},"query-input":"required name=search_term_string"}],"inLanguage":"vi-VN"},{"@type":"Organization","@id":"https:\/\/www.oasdi.ca\/vi\/#organization","name":"OASDI","url":"https:\/\/www.oasdi.ca\/vi\/","logo":{"@type":"ImageObject","inLanguage":"vi-VN","@id":"https:\/\/www.oasdi.ca\/vi\/#\/schema\/logo\/image\/","url":"https:\/\/www.oasdi.ca\/wp-content\/uploads\/2020\/02\/cropped-oasdi-logo.png","contentUrl":"https:\/\/www.oasdi.ca\/wp-content\/uploads\/2020\/02\/cropped-oasdi-logo.png","width":468,"height":96,"caption":"OASDI"},"image":{"@id":"https:\/\/www.oasdi.ca\/vi\/#\/schema\/logo\/image\/"}}]}},"_links":{"self":[{"href":"https:\/\/www.oasdi.ca\/vi\/wp-json\/wp\/v2\/pages\/18060"}],"collection":[{"href":"https:\/\/www.oasdi.ca\/vi\/wp-json\/wp\/v2\/pages"}],"about":[{"href":"https:\/\/www.oasdi.ca\/vi\/wp-json\/wp\/v2\/types\/page"}],"author":[{"embeddable":true,"href":"https:\/\/www.oasdi.ca\/vi\/wp-json\/wp\/v2\/users\/237"}],"replies":[{"embeddable":true,"href":"https:\/\/www.oasdi.ca\/vi\/wp-json\/wp\/v2\/comments?post=18060"}],"version-history":[{"count":0,"href":"https:\/\/www.oasdi.ca\/vi\/wp-json\/wp\/v2\/pages\/18060\/revisions"}],"up":[{"embeddable":true,"href":"https:\/\/www.oasdi.ca\/vi\/wp-json\/wp\/v2\/pages\/18124"}],"wp:featuredmedia":[{"embeddable":true,"href":"https:\/\/www.oasdi.ca\/vi\/wp-json\/wp\/v2\/media\/18061"}],"wp:attachment":[{"href":"https:\/\/www.oasdi.ca\/vi\/wp-json\/wp\/v2\/media?parent=18060"}],"curies":[{"name":"wp","href":"https:\/\/api.w.org\/{rel}","templated":true}]}}