{"id":17997,"date":"2020-03-22T13:27:00","date_gmt":"2020-03-22T13:27:00","guid":{"rendered":"http:\/\/oasdi.ca\/oasdi-school-districts\/"},"modified":"2020-04-25T17:39:49","modified_gmt":"2020-04-25T17:39:49","slug":"oasdi-school-districts","status":"publish","type":"page","link":"https:\/\/www.oasdi.ca\/vi\/ontario-school-districts\/oasdi-school-districts\/","title":{"rendered":"Gi\u1edbi Thi\u1ec7u v\u1ec1 C\u00e1c H\u1ecdc Khu Th\u00e0nh Vi\u00ean c\u1ee7a OASDI"},"content":{"rendered":"<div id=\"pl-17997\"  class=\"panel-layout\" ><div id=\"pg-17997-0\"  class=\"panel-grid panel-no-style\" ><div id=\"pgc-17997-0-0\"  class=\"panel-grid-cell\" ><div id=\"panel-17997-0-0-0\" class=\"so-panel widget widget_sow-image panel-first-child panel-last-child\" data-index=\"0\" ><div class=\"is-featured-img panel-widget-style panel-widget-style-for-17997-0-0-0\" ><div\n\t\t\t\n\t\t\tclass=\"so-widget-sow-image so-widget-sow-image-default-c4f6304fc136-17997\"\n\t\t\t\n\t\t>\n\n<div class=\"sow-image-container\">\n\t\t<img loading=\"lazy\" decoding=\"async\" src=\"https:\/\/www.oasdi.ca\/wp-content\/uploads\/2020\/03\/ontario-school-district.jpg\" width=\"1440\" height=\"268\" srcset=\"https:\/\/www.oasdi.ca\/wp-content\/uploads\/2020\/03\/ontario-school-district.jpg 1440w, https:\/\/www.oasdi.ca\/wp-content\/uploads\/2020\/03\/ontario-school-district-250x47.jpg 250w, https:\/\/www.oasdi.ca\/wp-content\/uploads\/2020\/03\/ontario-school-district-700x130.jpg 700w, https:\/\/www.oasdi.ca\/wp-content\/uploads\/2020\/03\/ontario-school-district-768x143.jpg 768w, https:\/\/www.oasdi.ca\/wp-content\/uploads\/2020\/03\/ontario-school-district-120x22.jpg 120w\" sizes=\"(max-width: 1440px) 100vw, 1440px\" alt=\"Ontario school districts\" \t\tclass=\"so-widget-image\"\/>\n\t<\/div>\n\n<\/div><\/div><\/div><\/div><\/div><div id=\"pg-17997-1\"  class=\"panel-grid panel-has-style\" ><div class=\"has-container panel-row-style panel-row-style-for-17997-1\" ><div id=\"pgc-17997-1-0\"  class=\"panel-grid-cell\" ><div id=\"panel-17997-1-0-0\" class=\"so-panel widget widget_hem-seo-title-widget panel-first-child panel-last-child\" data-index=\"1\" ><div class=\"panel-widget-style panel-widget-style-for-17997-1-0-0\" ><div\n\t\t\t\n\t\t\tclass=\"so-widget-hem-seo-title-widget so-widget-hem-seo-title-widget-hem-seo-title-widget-style-d75171398898-17997\"\n\t\t\t\n\t\t>\n<h1 style=\"font-size:px;\">Gi\u1edbi Thi\u1ec7u v\u1ec1 C\u00e1c H\u1ecdc Khu Th\u00e0nh Vi\u00ean c\u1ee7a OASDI<\/h1>\n\n\n\n\t<!-- <div class=\"breadcrumb-trail\"><a href=\"index.php\">Home<\/a> \u00bb <span class=\"breadcrumb-current\">About<\/span><\/div> -->\n\t<div class=\"test1\"><span><span><a href=\"https:\/\/www.oasdi.ca\/vi\/\">Trang Ch\u1ee7<\/a><\/span><\/span><\/div>\n<\/div><\/div><\/div><\/div><\/div><\/div><div id=\"pg-17997-2\"  class=\"panel-grid panel-has-style\" ><div class=\"has-container panel-row-style panel-row-style-for-17997-2\" ><div id=\"pgc-17997-2-0\"  class=\"panel-grid-cell\" ><div id=\"panel-17997-2-0-0\" class=\"so-panel widget widget_hem-sidebar-menu-widget panel-first-child\" data-index=\"2\" ><div\n\t\t\t\n\t\t\tclass=\"so-widget-hem-sidebar-menu-widget so-widget-hem-sidebar-menu-widget-hem-sidebar-menu-widget-style-d75171398898-17997\"\n\t\t\t\n\t\t><div id=\"sidebar\">\n\t\t\t<ul id=\"side-menu\" class=\"side-menu menu-embedded\">\n\t\t\t\n\t\t\t\t\t\t\t\t\n\t\t\t\t\t\t\t\t\t\t\t<li><a href=\"https:\/\/www.oasdi.ca\/vi\/ontario-school-districts\/oasdi-school-districts\/french-districts\/\">C\u00e1c H\u1ecdc Khu Th\u00e0nh Vi\u00ean Kh\u1ed1i Ph\u00e1p ng\u1eef c\u1ee7a OASDI<\/a><\/li>\n\t\t\t\t\t\t\t\t\t\t\t\t\t\n\t\t\t\t\t\t\t\t\t\t\t<li><a href=\"https:\/\/www.oasdi.ca\/vi\/ontario-school-districts\/oasdi-school-districts\/english-districts\/\">C\u00e1c H\u1ecdc Khu Th\u00e0nh Vi\u00ean Kh\u1ed1i Anh ng\u1eef c\u1ee7a OASDI<\/a><\/li>\n\t\t\t\t\t\t\t\t\t\t\n\n\t\t\t\t<!-- Extra menu -->\n\t\t\t\t\n\n\n\t\t\t\t\t<\/ul>\n\t\n\n<\/div><\/div><\/div><div id=\"panel-17997-2-0-1\" class=\"so-panel widget widget_hem-sidebar-link-widget panel-last-child\" data-index=\"3\" ><div\n\t\t\t\n\t\t\tclass=\"so-widget-hem-sidebar-link-widget so-widget-hem-sidebar-link-widget-hem-sidebar-link-widget-style-d75171398898-17997\"\n\t\t\t\n\t\t><div id=\"sidebar\" class=\"external-link-only\">\n\n\n\n\t\t\t\t<!-- Extra menu -->\n\t\t\t\t\t\t\t\t\t<ul id=\"side-menu\" class=\"side-menu menu-embedded\">\n\t\t\t\t\t\t\t\t\t\t\t\t\t\t\t\t\t\t\t\t\t<li><a  href=\"https:\/\/www.oasdi.ca\/map-search\/\">Map Overview<\/a><\/li>\n\t\t\t\t\t\t\t\t\t\t\t\t\t\t\n\t\t\t\t\t\t\t\t\t\t\t\t\t\t\t\t\t\t\t\t\t<li><a  href=\"https:\/\/www.oasdi.ca\/district-list\/\">District List<\/a><\/li>\n\t\t\t\t\t\t\t\t\t\t\t\t\t\t\n\t\t\t\t\t\t\t\n\t\t\t\t\t<\/ul>\n\t\t\t\t\n\t\t\t\t\n\n\n\n\n<\/div><\/div><\/div><\/div><div id=\"pgc-17997-2-1\"  class=\"panel-grid-cell\" ><div class=\"pl-sm-3 pl-md-5 panel-cell-style panel-cell-style-for-17997-2-1\" ><div id=\"panel-17997-2-1-0\" class=\"so-panel widget widget_sow-editor panel-first-child panel-last-child\" data-index=\"4\" ><div\n\t\t\t\n\t\t\tclass=\"so-widget-sow-editor so-widget-sow-editor-base\"\n\t\t\t\n\t\t>\n<div class=\"siteorigin-widget-tinymce textwidget\">\n\t<p>OASDI \u2013 the Ontario Association of School Districts International (Hi\u1ec7p H\u1ed9i C\u00e1c H\u1ecdc Khu Qu\u1ed1c T\u1ebf \u1edf Ontario) \u2013 \u0111\u1ea1i di\u1ec7n cho 33 h\u1ed9i \u0111\u1ed3ng tr\u01b0\u1eddng c\u00f4ng l\u1eadp \u1edf t\u1ec9nh Ontario c\u1ee7a Canada t\u1ed5 ch\u1ee9c \u0111\u00f3n c\u00e1c h\u1ecdc sinh qu\u1ed1c t\u1ebf t\u1eeb M\u1eabu Gi\u00e1o \u0111\u1ebfn L\u1edbp 12 (K-12).<\/p>\n<p>C\u00e1c h\u1ecdc khu th\u00e0nh vi\u00ean c\u1ee7a OASDI \u0111\u01b0\u1ee3c c\u00f4ng nh\u1eadn v\u00ec cung c\u1ea5p c\u00e1c ch\u01b0\u01a1ng tr\u00ecnh gi\u00e1o d\u1ee5c ch\u1ea5t l\u01b0\u1ee3ng cao v\u00e0 khuy\u1ebfn kh\u00edch th\u00e0nh t\u00edch c\u1ee7a h\u1ecdc sinh trong m\u1ed9t m\u00f4i tr\u01b0\u1eddng h\u1ecdc t\u1eadp \u0111\u01b0\u1ee3c ch\u00e0o \u0111\u00f3n v\u00e0 an to\u00e0n. C\u00e1c h\u1ecdc khu tham gia \u0111\u00e1nh gi\u00e1 cao vai tr\u00f2 c\u1ee7a h\u1ecdc sinh qu\u1ed1c t\u1ebf trong vi\u1ec7c mang l\u1ea1i nh\u1eefng vi\u1ec5n c\u1ea3nh \u0111a v\u0103n h\u00f3a \u0111a d\u1ea1ng, v\u00e0 theo c\u00e1ch n\u00e0y, s\u1ef1 gia t\u0103ng g\u1ea7n \u0111\u00e2y v\u1ec1 s\u1ed1 l\u01b0\u1ee3ng h\u1ecdc sinh qu\u1ed1c t\u1ebf \u0111\u1ebfn Ontario l\u00e0 m\u1ed1i quan h\u1ec7 c\u00f3 l\u1ee3i cho c\u1ea3 hai b\u00ean \u2013 m\u1ed9t con \u0111\u01b0\u1eddng \u201chai chi\u1ec1u\u201d \u2013 v\u00ec c\u00f3 s\u1ef1 trao \u0111\u1ed5i giao thoa v\u0103n ho\u00e1 v\u1ec1 s\u1ef1 hi\u1ec3u bi\u1ebft v\u00e0 h\u1ecdc h\u1ecfi gi\u1eefa h\u1ecdc sinh qu\u1ed1c t\u1ebf v\u00e0 h\u1ecdc sinh Ontario.<\/p>\n<p><strong>Ba\u0323n c\u00e2\u0300n th\u00eam th\u00f4ng tin v\u00ea\u0300 ca\u0301c tr\u01b0\u01a1\u0300ng c\u00f4ng l\u1eadp ta\u0323i Ontario?<\/strong><\/p>\n<ul>\n<li><a href=\"http:\/\/www.edu.gov.on.ca\/eng\/educationFacts.html#enrol\" target=\"_blank\" rel=\"noopener\">Ca\u0301c D\u1eef Ki\u00ea\u0323n Gia\u0301o Du\u0323c: Ca\u0301c Tr\u01b0\u01a1\u0300ng Ho\u0323c va\u0300 H\u00f4\u0323i \u0110\u00f4\u0300ng Tr\u01b0\u01a1\u0300ng<\/a><\/li>\n<li><a href=\"http:\/\/www.edu.gov.on.ca\/eng\/sift\" target=\"_blank\" rel=\"noopener\">C\u00f4ng C\u1ee5 Ti\u0300m Th\u00f4ng Tin Tr\u01b0\u1eddng<\/a><\/li>\n<li><a href=\"http:\/\/www.app.edu.gov.on.ca\/eng\/bpr\/index.html\" target=\"_blank\" rel=\"noopener\">Ca\u0301c Ba\u0301o Ca\u0301o Ti\u00ea\u0301n \u0110\u00f4\u0323 c\u1ee7a H\u00f4\u0323i \u0110\u00f4\u0300ng Tr\u01b0\u01a1\u0300ng<\/a><\/li>\n<li><a href=\"http:\/\/www.edu.gov.on.ca\/eng\/sbinfo\/boardList.html\" target=\"_blank\" rel=\"noopener\">T\u00e2\u0301t ca\u0309 ca\u0301c h\u00f4\u0323i \u0111\u1ed3ng tr\u01b0\u01a1\u0300ng c\u00f4ng l\u00e2\u0323p \u01a1\u0309 Ontario<\/a><\/li>\n<li><a href=\"http:\/\/www.edu.gov.on.ca\/eng\/policyfunding\/strategyK12.pdf\" target=\"_blank\" rel=\"noopener\">Ontario\u2019s Strategy for K-12 International Education, 2015 (Chi\u00ea\u0301n L\u01b0\u01a1\u0323c Gia\u0301o Du\u0323c Qu\u00f4\u0301c T\u00ea\u0301 H\u00ea\u0323 M\u00e2\u0303u Gia\u0301o \u0111\u00ea\u0301n L\u01a1\u0301p 12 cu\u0309a Ontario, n\u0103m 2015)<\/a><\/li>\n<\/ul>\n<\/div>\n<\/div><\/div><\/div><\/div><\/div><\/div><\/div>","protected":false},"excerpt":{"rendered":"Gi\u1edbi Thi\u1ec7u v\u1ec1 C\u00e1c H\u1ecdc Khu Th\u00e0nh Vi\u00ean c\u1ee7a OASDI Trang Ch\u1ee7 C\u00e1c H\u1ecdc Khu Th\u00e0nh Vi\u00ean Kh\u1ed1i Ph\u00e1p ng\u1eef c\u1ee7a OASDI C\u00e1c H\u1ecdc Khu Th\u00e0nh Vi\u00ean Kh\u1ed1i Anh ng\u1eef c\u1ee7a OASDI Map Overview District List OASDI \u2013 the Ontario Association of School Districts International (Hi\u1ec7p H\u1ed9i C\u00e1c H\u1ecdc Khu Qu\u1ed1c T\u1ebf \u1edf Ontario) \u2013&#8230; <a class=\"view-article\" href=\"https:\/\/www.oasdi.ca\/vi\/ontario-school-districts\/oasdi-school-districts\/\">View Article<\/a>","protected":false},"author":237,"featured_media":17998,"parent":21211,"menu_order":0,"comment_status":"closed","ping_status":"closed","template":"","meta":{"footnotes":""},"class_list":["post-17997","page","type-page","status-publish","has-post-thumbnail","hentry"],"yoast_head":"<!-- This site is optimized with the Yoast SEO plugin v21.5 - https:\/\/yoast.com\/wordpress\/plugins\/seo\/ -->\n<title>C\u00e1c H\u1ecdc Khu Th\u00e0nh Vi\u00ean | Gi\u00e1o D\u1ee5c \u1edf Ontario | OASDI<\/title>\n<meta name=\"description\" content=\"Hi\u1ec7p h\u1ed9i ch\u00fang t\u00f4i g\u1ed3m c\u00e1c h\u1ed9i \u0111\u1ed3ng tr\u01b0\u1eddng c\u00f4ng l\u1eadp \u1edf Ontario \u0111\u00f3n ti\u1ebfp h\u1ecdc sinh qu\u1ed1c t\u1ebf. T\u00ecm hi\u1ec3u th\u00eam th\u00f4ng tin v\u1ec1 c\u00e1c h\u1ecdc khu th\u00e0nh vi\u00ean c\u1ee7a ch\u00fang t\u00f4i \u1edf \u0111\u00e2y.\" \/>\n<meta name=\"robots\" content=\"index, follow, max-snippet:-1, max-image-preview:large, max-video-preview:-1\" \/>\n<link rel=\"canonical\" href=\"https:\/\/www.oasdi.ca\/vi\/ontario-school-districts\/oasdi-school-districts\/\" \/>\n<meta property=\"og:locale\" content=\"vi_VN\" \/>\n<meta property=\"og:type\" content=\"article\" \/>\n<meta property=\"og:title\" content=\"C\u00e1c H\u1ecdc Khu Th\u00e0nh Vi\u00ean | Gi\u00e1o D\u1ee5c \u1edf Ontario | OASDI\" \/>\n<meta property=\"og:description\" content=\"Hi\u1ec7p h\u1ed9i ch\u00fang t\u00f4i g\u1ed3m c\u00e1c h\u1ed9i \u0111\u1ed3ng tr\u01b0\u1eddng c\u00f4ng l\u1eadp \u1edf Ontario \u0111\u00f3n ti\u1ebfp h\u1ecdc sinh qu\u1ed1c t\u1ebf. T\u00ecm hi\u1ec3u th\u00eam th\u00f4ng tin v\u1ec1 c\u00e1c h\u1ecdc khu th\u00e0nh vi\u00ean c\u1ee7a ch\u00fang t\u00f4i \u1edf \u0111\u00e2y.\" \/>\n<meta property=\"og:url\" content=\"https:\/\/www.oasdi.ca\/vi\/ontario-school-districts\/oasdi-school-districts\/\" \/>\n<meta property=\"og:site_name\" content=\"OASDI\" \/>\n<meta property=\"article:modified_time\" content=\"2020-04-25T17:39:49+00:00\" \/>\n<meta property=\"og:image\" content=\"https:\/\/www.oasdi.ca\/wp-content\/uploads\/2020\/03\/ontario-school-district.jpg\" \/>\n\t<meta property=\"og:image:width\" content=\"1440\" \/>\n\t<meta property=\"og:image:height\" content=\"268\" \/>\n\t<meta property=\"og:image:type\" content=\"image\/jpeg\" \/>\n<meta name=\"twitter:card\" content=\"summary_large_image\" \/>\n<meta name=\"twitter:label1\" content=\"Est. reading time\" \/>\n\t<meta name=\"twitter:data1\" content=\"2 minutes\" \/>\n<script type=\"application\/ld+json\" class=\"yoast-schema-graph\">{\"@context\":\"https:\/\/schema.org\",\"@graph\":[{\"@type\":\"WebPage\",\"@id\":\"https:\/\/www.oasdi.ca\/vi\/ontario-school-districts\/oasdi-school-districts\/\",\"url\":\"https:\/\/www.oasdi.ca\/vi\/ontario-school-districts\/oasdi-school-districts\/\",\"name\":\"C\u00e1c H\u1ecdc Khu Th\u00e0nh Vi\u00ean | Gi\u00e1o D\u1ee5c \u1edf Ontario | OASDI\",\"isPartOf\":{\"@id\":\"https:\/\/www.oasdi.ca\/vi\/#website\"},\"datePublished\":\"2020-03-22T13:27:00+00:00\",\"dateModified\":\"2020-04-25T17:39:49+00:00\",\"description\":\"Hi\u1ec7p h\u1ed9i ch\u00fang t\u00f4i g\u1ed3m c\u00e1c h\u1ed9i \u0111\u1ed3ng tr\u01b0\u1eddng c\u00f4ng l\u1eadp \u1edf Ontario \u0111\u00f3n ti\u1ebfp h\u1ecdc sinh qu\u1ed1c t\u1ebf. T\u00ecm hi\u1ec3u th\u00eam th\u00f4ng tin v\u1ec1 c\u00e1c h\u1ecdc khu th\u00e0nh vi\u00ean c\u1ee7a ch\u00fang t\u00f4i \u1edf \u0111\u00e2y.\",\"breadcrumb\":{\"@id\":\"https:\/\/www.oasdi.ca\/vi\/ontario-school-districts\/oasdi-school-districts\/#breadcrumb\"},\"inLanguage\":\"vi-VN\",\"potentialAction\":[{\"@type\":\"ReadAction\",\"target\":[\"https:\/\/www.oasdi.ca\/vi\/ontario-school-districts\/oasdi-school-districts\/\"]}]},{\"@type\":\"BreadcrumbList\",\"@id\":\"https:\/\/www.oasdi.ca\/vi\/ontario-school-districts\/oasdi-school-districts\/#breadcrumb\",\"itemListElement\":[{\"@type\":\"ListItem\",\"position\":1,\"name\":\"Trang Ch\u1ee7\",\"item\":\"https:\/\/www.oasdi.ca\/vi\/\"},{\"@type\":\"ListItem\",\"position\":2,\"name\":\"Gi\u1edbi Thi\u1ec7u v\u1ec1 C\u00e1c H\u1ecdc Khu \u1edf Ontario\",\"item\":\"https:\/\/www.oasdi.ca\/vi\/ontario-school-districts\/\"},{\"@type\":\"ListItem\",\"position\":3,\"name\":\"Gi\u1edbi Thi\u1ec7u v\u1ec1 C\u00e1c H\u1ecdc Khu Th\u00e0nh Vi\u00ean c\u1ee7a OASDI\"}]},{\"@type\":\"WebSite\",\"@id\":\"https:\/\/www.oasdi.ca\/vi\/#website\",\"url\":\"https:\/\/www.oasdi.ca\/vi\/\",\"name\":\"OASDI\",\"description\":\"Ontario Association of School District International\",\"publisher\":{\"@id\":\"https:\/\/www.oasdi.ca\/vi\/#organization\"},\"potentialAction\":[{\"@type\":\"SearchAction\",\"target\":{\"@type\":\"EntryPoint\",\"urlTemplate\":\"https:\/\/www.oasdi.ca\/vi\/?s={search_term_string}\"},\"query-input\":\"required name=search_term_string\"}],\"inLanguage\":\"vi-VN\"},{\"@type\":\"Organization\",\"@id\":\"https:\/\/www.oasdi.ca\/vi\/#organization\",\"name\":\"OASDI\",\"url\":\"https:\/\/www.oasdi.ca\/vi\/\",\"logo\":{\"@type\":\"ImageObject\",\"inLanguage\":\"vi-VN\",\"@id\":\"https:\/\/www.oasdi.ca\/vi\/#\/schema\/logo\/image\/\",\"url\":\"https:\/\/www.oasdi.ca\/wp-content\/uploads\/2020\/02\/cropped-oasdi-logo.png\",\"contentUrl\":\"https:\/\/www.oasdi.ca\/wp-content\/uploads\/2020\/02\/cropped-oasdi-logo.png\",\"width\":468,\"height\":96,\"caption\":\"OASDI\"},\"image\":{\"@id\":\"https:\/\/www.oasdi.ca\/vi\/#\/schema\/logo\/image\/\"}}]}<\/script>\n<!-- \/ Yoast SEO plugin. -->","yoast_head_json":{"title":"C\u00e1c H\u1ecdc Khu Th\u00e0nh Vi\u00ean | Gi\u00e1o D\u1ee5c \u1edf Ontario | OASDI","description":"Hi\u1ec7p h\u1ed9i ch\u00fang t\u00f4i g\u1ed3m c\u00e1c h\u1ed9i \u0111\u1ed3ng tr\u01b0\u1eddng c\u00f4ng l\u1eadp \u1edf Ontario \u0111\u00f3n ti\u1ebfp h\u1ecdc sinh qu\u1ed1c t\u1ebf. T\u00ecm hi\u1ec3u th\u00eam th\u00f4ng tin v\u1ec1 c\u00e1c h\u1ecdc khu th\u00e0nh vi\u00ean c\u1ee7a ch\u00fang t\u00f4i \u1edf \u0111\u00e2y.","robots":{"index":"index","follow":"follow","max-snippet":"max-snippet:-1","max-image-preview":"max-image-preview:large","max-video-preview":"max-video-preview:-1"},"canonical":"https:\/\/www.oasdi.ca\/vi\/ontario-school-districts\/oasdi-school-districts\/","og_locale":"vi_VN","og_type":"article","og_title":"C\u00e1c H\u1ecdc Khu Th\u00e0nh Vi\u00ean | Gi\u00e1o D\u1ee5c \u1edf Ontario | OASDI","og_description":"Hi\u1ec7p h\u1ed9i ch\u00fang t\u00f4i g\u1ed3m c\u00e1c h\u1ed9i \u0111\u1ed3ng tr\u01b0\u1eddng c\u00f4ng l\u1eadp \u1edf Ontario \u0111\u00f3n ti\u1ebfp h\u1ecdc sinh qu\u1ed1c t\u1ebf. T\u00ecm hi\u1ec3u th\u00eam th\u00f4ng tin v\u1ec1 c\u00e1c h\u1ecdc khu th\u00e0nh vi\u00ean c\u1ee7a ch\u00fang t\u00f4i \u1edf \u0111\u00e2y.","og_url":"https:\/\/www.oasdi.ca\/vi\/ontario-school-districts\/oasdi-school-districts\/","og_site_name":"OASDI","article_modified_time":"2020-04-25T17:39:49+00:00","og_image":[{"width":1440,"height":268,"url":"https:\/\/www.oasdi.ca\/wp-content\/uploads\/2020\/03\/ontario-school-district.jpg","type":"image\/jpeg"}],"twitter_card":"summary_large_image","twitter_misc":{"Est. reading time":"2 minutes"},"schema":{"@context":"https:\/\/schema.org","@graph":[{"@type":"WebPage","@id":"https:\/\/www.oasdi.ca\/vi\/ontario-school-districts\/oasdi-school-districts\/","url":"https:\/\/www.oasdi.ca\/vi\/ontario-school-districts\/oasdi-school-districts\/","name":"C\u00e1c H\u1ecdc Khu Th\u00e0nh Vi\u00ean | Gi\u00e1o D\u1ee5c \u1edf Ontario | OASDI","isPartOf":{"@id":"https:\/\/www.oasdi.ca\/vi\/#website"},"datePublished":"2020-03-22T13:27:00+00:00","dateModified":"2020-04-25T17:39:49+00:00","description":"Hi\u1ec7p h\u1ed9i ch\u00fang t\u00f4i g\u1ed3m c\u00e1c h\u1ed9i \u0111\u1ed3ng tr\u01b0\u1eddng c\u00f4ng l\u1eadp \u1edf Ontario \u0111\u00f3n ti\u1ebfp h\u1ecdc sinh qu\u1ed1c t\u1ebf. T\u00ecm hi\u1ec3u th\u00eam th\u00f4ng tin v\u1ec1 c\u00e1c h\u1ecdc khu th\u00e0nh vi\u00ean c\u1ee7a ch\u00fang t\u00f4i \u1edf \u0111\u00e2y.","breadcrumb":{"@id":"https:\/\/www.oasdi.ca\/vi\/ontario-school-districts\/oasdi-school-districts\/#breadcrumb"},"inLanguage":"vi-VN","potentialAction":[{"@type":"ReadAction","target":["https:\/\/www.oasdi.ca\/vi\/ontario-school-districts\/oasdi-school-districts\/"]}]},{"@type":"BreadcrumbList","@id":"https:\/\/www.oasdi.ca\/vi\/ontario-school-districts\/oasdi-school-districts\/#breadcrumb","itemListElement":[{"@type":"ListItem","position":1,"name":"Trang Ch\u1ee7","item":"https:\/\/www.oasdi.ca\/vi\/"},{"@type":"ListItem","position":2,"name":"Gi\u1edbi Thi\u1ec7u v\u1ec1 C\u00e1c H\u1ecdc Khu \u1edf Ontario","item":"https:\/\/www.oasdi.ca\/vi\/ontario-school-districts\/"},{"@type":"ListItem","position":3,"name":"Gi\u1edbi Thi\u1ec7u v\u1ec1 C\u00e1c H\u1ecdc Khu Th\u00e0nh Vi\u00ean c\u1ee7a OASDI"}]},{"@type":"WebSite","@id":"https:\/\/www.oasdi.ca\/vi\/#website","url":"https:\/\/www.oasdi.ca\/vi\/","name":"OASDI","description":"Ontario Association of School District International","publisher":{"@id":"https:\/\/www.oasdi.ca\/vi\/#organization"},"potentialAction":[{"@type":"SearchAction","target":{"@type":"EntryPoint","urlTemplate":"https:\/\/www.oasdi.ca\/vi\/?s={search_term_string}"},"query-input":"required name=search_term_string"}],"inLanguage":"vi-VN"},{"@type":"Organization","@id":"https:\/\/www.oasdi.ca\/vi\/#organization","name":"OASDI","url":"https:\/\/www.oasdi.ca\/vi\/","logo":{"@type":"ImageObject","inLanguage":"vi-VN","@id":"https:\/\/www.oasdi.ca\/vi\/#\/schema\/logo\/image\/","url":"https:\/\/www.oasdi.ca\/wp-content\/uploads\/2020\/02\/cropped-oasdi-logo.png","contentUrl":"https:\/\/www.oasdi.ca\/wp-content\/uploads\/2020\/02\/cropped-oasdi-logo.png","width":468,"height":96,"caption":"OASDI"},"image":{"@id":"https:\/\/www.oasdi.ca\/vi\/#\/schema\/logo\/image\/"}}]}},"_links":{"self":[{"href":"https:\/\/www.oasdi.ca\/vi\/wp-json\/wp\/v2\/pages\/17997"}],"collection":[{"href":"https:\/\/www.oasdi.ca\/vi\/wp-json\/wp\/v2\/pages"}],"about":[{"href":"https:\/\/www.oasdi.ca\/vi\/wp-json\/wp\/v2\/types\/page"}],"author":[{"embeddable":true,"href":"https:\/\/www.oasdi.ca\/vi\/wp-json\/wp\/v2\/users\/237"}],"replies":[{"embeddable":true,"href":"https:\/\/www.oasdi.ca\/vi\/wp-json\/wp\/v2\/comments?post=17997"}],"version-history":[{"count":0,"href":"https:\/\/www.oasdi.ca\/vi\/wp-json\/wp\/v2\/pages\/17997\/revisions"}],"up":[{"embeddable":true,"href":"https:\/\/www.oasdi.ca\/vi\/wp-json\/wp\/v2\/pages\/21211"}],"wp:featuredmedia":[{"embeddable":true,"href":"https:\/\/www.oasdi.ca\/vi\/wp-json\/wp\/v2\/media\/17998"}],"wp:attachment":[{"href":"https:\/\/www.oasdi.ca\/vi\/wp-json\/wp\/v2\/media?parent=17997"}],"curies":[{"name":"wp","href":"https:\/\/api.w.org\/{rel}","templated":true}]}}