{"id":17971,"date":"2020-03-16T14:38:58","date_gmt":"2020-03-16T14:38:58","guid":{"rendered":"http:\/\/oasdi.ca\/about-oasdi\/contact-us\/"},"modified":"2020-04-25T19:27:17","modified_gmt":"2020-04-25T19:27:17","slug":"contact-us","status":"publish","type":"page","link":"https:\/\/www.oasdi.ca\/vi\/about-oasdi\/contact-us\/","title":{"rendered":"Li\u00ean H\u1ec7 Hi\u1ec7p H\u1ed9i C\u00e1c H\u1ecdc Khu Qu\u1ed1c T\u1ebf \u1edf Ontario"},"content":{"rendered":"<div id=\"pl-17971\"  class=\"panel-layout\" ><div id=\"pg-17971-0\"  class=\"panel-grid panel-no-style\" ><div id=\"pgc-17971-0-0\"  class=\"panel-grid-cell\" ><div id=\"panel-17971-0-0-0\" class=\"so-panel widget widget_sow-image panel-first-child panel-last-child\" data-index=\"0\" ><div\n\t\t\t\n\t\t\tclass=\"so-widget-sow-image so-widget-sow-image-default-c4f6304fc136-17971\"\n\t\t\t\n\t\t>\n\n<div class=\"sow-image-container\">\n\t\t<img loading=\"lazy\" decoding=\"async\" src=\"https:\/\/www.oasdi.ca\/wp-content\/uploads\/2020\/03\/oasdi-about-us.jpg\" width=\"1440\" height=\"268\" srcset=\"https:\/\/www.oasdi.ca\/wp-content\/uploads\/2020\/03\/oasdi-about-us.jpg 1440w, https:\/\/www.oasdi.ca\/wp-content\/uploads\/2020\/03\/oasdi-about-us-250x47.jpg 250w, https:\/\/www.oasdi.ca\/wp-content\/uploads\/2020\/03\/oasdi-about-us-700x130.jpg 700w, https:\/\/www.oasdi.ca\/wp-content\/uploads\/2020\/03\/oasdi-about-us-768x143.jpg 768w, https:\/\/www.oasdi.ca\/wp-content\/uploads\/2020\/03\/oasdi-about-us-120x22.jpg 120w\" sizes=\"(max-width: 1440px) 100vw, 1440px\" alt=\"About OASDI\" \t\tclass=\"so-widget-image\"\/>\n\t<\/div>\n\n<\/div><\/div><\/div><\/div><div id=\"pg-17971-1\"  class=\"panel-grid panel-has-style\" ><div class=\"has-container panel-row-style panel-row-style-for-17971-1\" ><div id=\"pgc-17971-1-0\"  class=\"panel-grid-cell\" ><div id=\"panel-17971-1-0-0\" class=\"so-panel widget widget_hem-seo-title-widget panel-first-child panel-last-child\" data-index=\"1\" ><div class=\"panel-widget-style panel-widget-style-for-17971-1-0-0\" ><div\n\t\t\t\n\t\t\tclass=\"so-widget-hem-seo-title-widget so-widget-hem-seo-title-widget-hem-seo-title-widget-style-d75171398898-17971\"\n\t\t\t\n\t\t>\n<h1 style=\"font-size:px;\">Ontario Association of School Districts International - Contact Us<\/h1>\n\n\n\n\t<!-- <div class=\"breadcrumb-trail\"><a href=\"index.php\">Home<\/a> \u00bb <span class=\"breadcrumb-current\">About<\/span><\/div> -->\n\t<div class=\"test1\"><span><span><a href=\"https:\/\/www.oasdi.ca\/vi\/\">Trang Ch\u1ee7<\/a><\/span><\/span><\/div>\n<\/div><\/div><\/div><\/div><\/div><\/div><div id=\"pg-17971-2\"  class=\"panel-grid panel-has-style\" ><div class=\"has-container panel-row-style panel-row-style-for-17971-2\" ><div id=\"pgc-17971-2-0\"  class=\"panel-grid-cell\" ><div id=\"panel-17971-2-0-0\" class=\"so-panel widget widget_sow-editor panel-first-child panel-last-child\" data-index=\"2\" ><div\n\t\t\t\n\t\t\tclass=\"so-widget-sow-editor so-widget-sow-editor-base\"\n\t\t\t\n\t\t>\n<div class=\"siteorigin-widget-tinymce textwidget\">\n\t<p>To contact us, email: info@oasdi.ca<\/p>\n<\/div>\n<\/div><\/div><\/div><div id=\"pgc-17971-2-1\"  class=\"panel-grid-cell\" ><div class=\"pl-sm-3 pl-md-5 panel-cell-style panel-cell-style-for-17971-2-1\" ><div id=\"panel-17971-2-1-0\" class=\"widget_text so-panel widget widget_custom_html panel-first-child panel-last-child\" data-index=\"3\" ><div class=\"widget_text float-md-right panel-widget-style panel-widget-style-for-17971-2-1-0\" ><div class=\"textwidget custom-html-widget\"><div class=\"form-wrapper sidebar-form\">\n\t<div class=\"form-container\">\n\t\t<div class=\"container\">\n\t\t\t<div class=\"row justify-content-center\">\n\t\t\t\t<div class=\"col-12\">\n\t\t\t\t\t<div class=\"row\">\n\t\t\t\t\t\t<div class=\"col text-center\">\n\t\t\t\t\t\t<h2>H\u1ecfi th\u0103m ngay<\/h2>\n\t\t\t\t\t\t<p class=\"text-h3 text-left\">Vui l\u00f2ng \u0111i\u1ec1n v\u00e0o m\u1eabu d\u01b0\u1edbi \u0111\u00e2y \u0111\u1ec3 y\u00eau c\u1ea7u th\u00eam th\u00f4ng tin<\/p>\n\t\t\t\t\t\t<\/div>\n\t\t\t\t\t<\/div>\n\t\t\t\t\t<form class=\"mainContactForm\" data-parsley-validate autocomplete=\"off\" method=\"post\">\n\t\t\t\t\t\t<input type=\"hidden\" name=\"request_type\" value=\"Website\" \/>\n            \t\t\t<input type=\"hidden\" name=\"formId\" value=\"100\" \/>\n\t\t\t\t\t\t<input type=\"hidden\" name=\"address\" value=\"\" \/>\n\t\t\t\t\t\t<input type=\"hidden\" name=\"formURL\" value=\"\" \/>\n\t\t\t\t\t\t<input type=\"hidden\" name=\"zip\" value=\"\" \/>\n\t\t\t\t\t\t\t\n\t\t\t\t\t\t<div class=\"row align-items-center\">\n\t\t\t\t\t\t\t<div class=\"col mt-2\">\n\t\t\t\t\t\t\t<input type=\"text\" name=\"fname\" class=\"form-control\" placeholder=\"T\u00ean \u0111\u1ea7u ti\u00ean*\" data-parsley-trigger=\"change\" data-parsley-error-message=\"T\u00ean \u0111\u1ea7u ti\u00ean l\u00e0 b\u1eaft bu\u1ed9c\" data-parsley-required value=\"\">\n\t\t\t\t\t\t\t<\/div>\n\t\t\t\t\t\t<\/div>\n\t\t\t\t\t\t<div class=\"row align-items-center\">\n\t\t\t\t\t\t\t<div class=\"col mt-3\">\n\t\t\t\t\t\t\t<input type=\"text\" name=\"lname\" class=\"form-control\" placeholder=\"H\u1ecd*\" data-parsley-trigger=\"change\" data-parsley-error-message=\"H\u1ecd l\u00e0 b\u1eaft bu\u1ed9c\" data-parsley-required value=\"\">\n\t\t\t\t\t\t\t<\/div>\n\t\t\t\t\t\t<\/div>\n\t\t\t\t\t\t<div class=\"row align-items-center mt-3\">\n\t\t\t\t\t\t\t<div class=\"col\">\n\t\t\t\t\t\t\t<input type=\"email\" name=\"email\" class=\"form-control\" placeholder=\"E-mail*\" data-parsley-type=\"email\" data-parsley-error-message=\"M\u1ed9t email h\u1ee3p l\u1ec7 l\u00e0 b\u1eaft bu\u1ed9c\" data-parsley-required value=\"\">\n\t\t\t\t\t\t\t<\/div>\n\t\t\t\t\t\t<\/div>\n\t\t\t\t\t\t<div class=\"row align-items-center\">\n\t\t\t\t\t\t\t<div class=\"col mt-3 phone-wrapper\">\n\t\t\t\t\t\t\t<input type=\"text\" name=\"phone\" class=\"form-control\" placeholder=\"\u0110i\u1ec7n tho\u1ea1i*\" name=\"phone\" id=\"phone\" data-parsley-trigger=\"change\" data-parsley-error-message=\"\u0110i\u1ec7n tho\u1ea1i h\u1ee3p l\u1ec7 l\u00e0 b\u1eaft bu\u1ed9c\" data-parsley-required value=\"\">\n\t\t\t\t\t\t\t<\/div>\n\t\t\t\t\t\t<\/div>\n\t\t\t\t\t\t<div class=\"row align-items-center\">\n\t\t\t\t\t\t\t<div class=\"col mt-3\">\n\t\t\t\t\t\t\t<textarea class=\"form-control\" name=\"message\" id=\"exampleFormControlTextarea1\" rows=\"3\" placeholder=\"Th\u00f4ng \u0111i\u1ec7p\"><\/textarea>\n\t\t\t\t\t\t\t<\/div>\n\t\t\t\t\t\t<\/div>\n\t\t\t\t\t\t<input type=\"text\" name=\"address\" value=\"\" class=\"is_address\" placeholder=\"address\"\/>\n\t\t\t\t\t\t<div class=\"row justify-content-start\">\n\t\t\t\t\t\t\t<div class=\"col col-md-12\">\n\t\t\t\t\t\t\t\t<div class=\"form-check\">\n\t\t\t\t\t\t\t\t\t<label class=\"form-check-label\">\n\t\t\t\t\t\t\t\t\t<input type=\"checkbox\" name=\"terms\" class=\"form-check-input\" data-parsley-trigger=\"change\" data-parsley-error-message=\"Ch\u1ea5p nh\u1eadn \u0111i\u1ec1u kho\u1ea3n & \u0111i\u1ec1u ki\u1ec7n\" data-parsley-required value=\"yes\">\n\t\t\t\t\t\t\t\t\tT\u00f4i \u0111\u1ecdc v\u00e0 ch\u1ea5p nh\u1eadn <a href=\"#\" class=\"terms-popup\">C\u00e1c \u0111i\u1ec1u kho\u1ea3n v\u00e0 \u0111i\u1ec1u ki\u1ec7n*<\/a>\n\t\t\t\t\t\t\t\t\t<\/label>\n\t\t\t\t\t\t\t\t<\/div>\n\t\t\t\t\t\t\t<\/div>\n\t\t\t\t\t\t\t<div class=\"form-check mt-2\">\n\t\t\t\t\t\t\t\t<div class=\"g-recaptcha\" data-callback=\"recaptchaCallback\" data-sitekey=\"6LfO9_4UAAAAAG6SGb9SJki_sO6-F4iSJ9mq_-BG\" data-theme=\"light\" style=\"transform:scale(0.77);-webkit-transform:scale(0.77);transform-origin:0 0;-webkit-transform-origin:0 0;\"><\/div>\n\t\t\t\t\t\t\t\t<div class=\"captcha-response\"><\/div>\n\t\t\t\t\t\t\t<\/div>\t\n\n\t\t\t\t\t\t\t<div class=\"col col-md-12\">\n\t\t\t\t\t\t\t\t<button class=\"btn btn-secondary mt-2 btn-lg btn-block\">G\u1eedi \u0111i<\/button>\n\t\t\t\t\t\t\t<\/div>\n\t\t\t\t\t\t<\/div>\n\t\t\t\t\t<\/form>\n\t\t\t\t<\/div>\n\t\t\t<\/div>\n\t\t<\/div>\n\t<\/div>\n<\/div><\/div><\/div><\/div><\/div><\/div><\/div><\/div><\/div>","protected":false},"excerpt":{"rendered":"Ontario Association of School Districts International &#8211; Contact Us Trang Ch\u1ee7 To contact us, email: info@oasdi.ca H\u1ecfi th\u0103m ngay Vui l\u00f2ng \u0111i\u1ec1n v\u00e0o m\u1eabu d\u01b0\u1edbi \u0111\u00e2y \u0111\u1ec3 y\u00eau c\u1ea7u th\u00eam th\u00f4ng tin T\u00f4i \u0111\u1ecdc v\u00e0 ch\u1ea5p nh\u1eadn C\u00e1c \u0111i\u1ec1u kho\u1ea3n v\u00e0 \u0111i\u1ec1u ki\u1ec7n* G\u1eedi \u0111i","protected":false},"author":237,"featured_media":17919,"parent":17918,"menu_order":617,"comment_status":"closed","ping_status":"closed","template":"","meta":{"footnotes":""},"class_list":["post-17971","page","type-page","status-publish","has-post-thumbnail","hentry"],"yoast_head":"<!-- This site is optimized with the Yoast SEO plugin v21.5 - https:\/\/yoast.com\/wordpress\/plugins\/seo\/ -->\n<title>Li\u00ean H\u1ec7 | Hi\u1ec7p H\u1ed9i C\u00e1c H\u1ecdc Khu Qu\u1ed1c T\u1ebf \u1edf Ontario<\/title>\n<meta name=\"description\" content=\"B\u1ea1n mu\u1ed1n li\u00ean l\u1ea1c v\u1edbi ch\u00fang t\u00f4i t\u1ea1i Hi\u1ec7p H\u1ed9i C\u00e1c H\u1ecdc Khu Qu\u1ed1c T\u1ebf \u1edf Ontario? H\u00e3y xem nh\u1eefng c\u00e1ch th\u1ee9c kh\u00e1c b\u1ea1n c\u00f3 th\u1ec3 li\u00ean l\u1ea1c v\u1edbi ch\u00fang t\u00f4i \u1edf \u0111\u00e2y.\" \/>\n<meta name=\"robots\" content=\"index, follow, max-snippet:-1, max-image-preview:large, max-video-preview:-1\" \/>\n<link rel=\"canonical\" href=\"https:\/\/www.oasdi.ca\/vi\/about-oasdi\/contact-us\/\" \/>\n<meta property=\"og:locale\" content=\"vi_VN\" \/>\n<meta property=\"og:type\" content=\"article\" \/>\n<meta property=\"og:title\" content=\"Li\u00ean H\u1ec7 | Hi\u1ec7p H\u1ed9i C\u00e1c H\u1ecdc Khu Qu\u1ed1c T\u1ebf \u1edf Ontario\" \/>\n<meta property=\"og:description\" content=\"B\u1ea1n mu\u1ed1n li\u00ean l\u1ea1c v\u1edbi ch\u00fang t\u00f4i t\u1ea1i Hi\u1ec7p H\u1ed9i C\u00e1c H\u1ecdc Khu Qu\u1ed1c T\u1ebf \u1edf Ontario? H\u00e3y xem nh\u1eefng c\u00e1ch th\u1ee9c kh\u00e1c b\u1ea1n c\u00f3 th\u1ec3 li\u00ean l\u1ea1c v\u1edbi ch\u00fang t\u00f4i \u1edf \u0111\u00e2y.\" \/>\n<meta property=\"og:url\" content=\"https:\/\/www.oasdi.ca\/vi\/about-oasdi\/contact-us\/\" \/>\n<meta property=\"og:site_name\" content=\"OASDI\" \/>\n<meta property=\"article:modified_time\" content=\"2020-04-25T19:27:17+00:00\" \/>\n<meta property=\"og:image\" content=\"https:\/\/www.oasdi.ca\/wp-content\/uploads\/2020\/03\/oasdi-about-us.jpg\" \/>\n\t<meta property=\"og:image:width\" content=\"1440\" \/>\n\t<meta property=\"og:image:height\" content=\"268\" \/>\n\t<meta property=\"og:image:type\" content=\"image\/jpeg\" \/>\n<meta name=\"twitter:card\" content=\"summary_large_image\" \/>\n<script type=\"application\/ld+json\" class=\"yoast-schema-graph\">{\"@context\":\"https:\/\/schema.org\",\"@graph\":[{\"@type\":\"WebPage\",\"@id\":\"https:\/\/www.oasdi.ca\/vi\/about-oasdi\/contact-us\/\",\"url\":\"https:\/\/www.oasdi.ca\/vi\/about-oasdi\/contact-us\/\",\"name\":\"Li\u00ean H\u1ec7 | Hi\u1ec7p H\u1ed9i C\u00e1c H\u1ecdc Khu Qu\u1ed1c T\u1ebf \u1edf Ontario\",\"isPartOf\":{\"@id\":\"https:\/\/www.oasdi.ca\/vi\/#website\"},\"datePublished\":\"2020-03-16T14:38:58+00:00\",\"dateModified\":\"2020-04-25T19:27:17+00:00\",\"description\":\"B\u1ea1n mu\u1ed1n li\u00ean l\u1ea1c v\u1edbi ch\u00fang t\u00f4i t\u1ea1i Hi\u1ec7p H\u1ed9i C\u00e1c H\u1ecdc Khu Qu\u1ed1c T\u1ebf \u1edf Ontario? H\u00e3y xem nh\u1eefng c\u00e1ch th\u1ee9c kh\u00e1c b\u1ea1n c\u00f3 th\u1ec3 li\u00ean l\u1ea1c v\u1edbi ch\u00fang t\u00f4i \u1edf \u0111\u00e2y.\",\"breadcrumb\":{\"@id\":\"https:\/\/www.oasdi.ca\/vi\/about-oasdi\/contact-us\/#breadcrumb\"},\"inLanguage\":\"vi-VN\",\"potentialAction\":[{\"@type\":\"ReadAction\",\"target\":[\"https:\/\/www.oasdi.ca\/vi\/about-oasdi\/contact-us\/\"]}]},{\"@type\":\"BreadcrumbList\",\"@id\":\"https:\/\/www.oasdi.ca\/vi\/about-oasdi\/contact-us\/#breadcrumb\",\"itemListElement\":[{\"@type\":\"ListItem\",\"position\":1,\"name\":\"Trang Ch\u1ee7\",\"item\":\"https:\/\/www.oasdi.ca\/vi\/\"},{\"@type\":\"ListItem\",\"position\":2,\"name\":\"Gi\u1edbi Thi\u1ec7u v\u1ec1 Hi\u1ec7p H\u1ed9i C\u00e1c H\u1ecdc Khu Qu\u1ed1c T\u1ebf \u1edf Ontario\",\"item\":\"https:\/\/www.oasdi.ca\/vi\/about-oasdi\/\"},{\"@type\":\"ListItem\",\"position\":3,\"name\":\"Li\u00ean H\u1ec7 Hi\u1ec7p H\u1ed9i C\u00e1c H\u1ecdc Khu Qu\u1ed1c T\u1ebf \u1edf Ontario\"}]},{\"@type\":\"WebSite\",\"@id\":\"https:\/\/www.oasdi.ca\/vi\/#website\",\"url\":\"https:\/\/www.oasdi.ca\/vi\/\",\"name\":\"OASDI\",\"description\":\"Ontario Association of School District International\",\"publisher\":{\"@id\":\"https:\/\/www.oasdi.ca\/vi\/#organization\"},\"potentialAction\":[{\"@type\":\"SearchAction\",\"target\":{\"@type\":\"EntryPoint\",\"urlTemplate\":\"https:\/\/www.oasdi.ca\/vi\/?s={search_term_string}\"},\"query-input\":\"required name=search_term_string\"}],\"inLanguage\":\"vi-VN\"},{\"@type\":\"Organization\",\"@id\":\"https:\/\/www.oasdi.ca\/vi\/#organization\",\"name\":\"OASDI\",\"url\":\"https:\/\/www.oasdi.ca\/vi\/\",\"logo\":{\"@type\":\"ImageObject\",\"inLanguage\":\"vi-VN\",\"@id\":\"https:\/\/www.oasdi.ca\/vi\/#\/schema\/logo\/image\/\",\"url\":\"https:\/\/www.oasdi.ca\/wp-content\/uploads\/2020\/02\/cropped-oasdi-logo.png\",\"contentUrl\":\"https:\/\/www.oasdi.ca\/wp-content\/uploads\/2020\/02\/cropped-oasdi-logo.png\",\"width\":468,\"height\":96,\"caption\":\"OASDI\"},\"image\":{\"@id\":\"https:\/\/www.oasdi.ca\/vi\/#\/schema\/logo\/image\/\"}}]}<\/script>\n<!-- \/ Yoast SEO plugin. -->","yoast_head_json":{"title":"Li\u00ean H\u1ec7 | Hi\u1ec7p H\u1ed9i C\u00e1c H\u1ecdc Khu Qu\u1ed1c T\u1ebf \u1edf Ontario","description":"B\u1ea1n mu\u1ed1n li\u00ean l\u1ea1c v\u1edbi ch\u00fang t\u00f4i t\u1ea1i Hi\u1ec7p H\u1ed9i C\u00e1c H\u1ecdc Khu Qu\u1ed1c T\u1ebf \u1edf Ontario? H\u00e3y xem nh\u1eefng c\u00e1ch th\u1ee9c kh\u00e1c b\u1ea1n c\u00f3 th\u1ec3 li\u00ean l\u1ea1c v\u1edbi ch\u00fang t\u00f4i \u1edf \u0111\u00e2y.","robots":{"index":"index","follow":"follow","max-snippet":"max-snippet:-1","max-image-preview":"max-image-preview:large","max-video-preview":"max-video-preview:-1"},"canonical":"https:\/\/www.oasdi.ca\/vi\/about-oasdi\/contact-us\/","og_locale":"vi_VN","og_type":"article","og_title":"Li\u00ean H\u1ec7 | Hi\u1ec7p H\u1ed9i C\u00e1c H\u1ecdc Khu Qu\u1ed1c T\u1ebf \u1edf Ontario","og_description":"B\u1ea1n mu\u1ed1n li\u00ean l\u1ea1c v\u1edbi ch\u00fang t\u00f4i t\u1ea1i Hi\u1ec7p H\u1ed9i C\u00e1c H\u1ecdc Khu Qu\u1ed1c T\u1ebf \u1edf Ontario? H\u00e3y xem nh\u1eefng c\u00e1ch th\u1ee9c kh\u00e1c b\u1ea1n c\u00f3 th\u1ec3 li\u00ean l\u1ea1c v\u1edbi ch\u00fang t\u00f4i \u1edf \u0111\u00e2y.","og_url":"https:\/\/www.oasdi.ca\/vi\/about-oasdi\/contact-us\/","og_site_name":"OASDI","article_modified_time":"2020-04-25T19:27:17+00:00","og_image":[{"width":1440,"height":268,"url":"https:\/\/www.oasdi.ca\/wp-content\/uploads\/2020\/03\/oasdi-about-us.jpg","type":"image\/jpeg"}],"twitter_card":"summary_large_image","schema":{"@context":"https:\/\/schema.org","@graph":[{"@type":"WebPage","@id":"https:\/\/www.oasdi.ca\/vi\/about-oasdi\/contact-us\/","url":"https:\/\/www.oasdi.ca\/vi\/about-oasdi\/contact-us\/","name":"Li\u00ean H\u1ec7 | Hi\u1ec7p H\u1ed9i C\u00e1c H\u1ecdc Khu Qu\u1ed1c T\u1ebf \u1edf Ontario","isPartOf":{"@id":"https:\/\/www.oasdi.ca\/vi\/#website"},"datePublished":"2020-03-16T14:38:58+00:00","dateModified":"2020-04-25T19:27:17+00:00","description":"B\u1ea1n mu\u1ed1n li\u00ean l\u1ea1c v\u1edbi ch\u00fang t\u00f4i t\u1ea1i Hi\u1ec7p H\u1ed9i C\u00e1c H\u1ecdc Khu Qu\u1ed1c T\u1ebf \u1edf Ontario? H\u00e3y xem nh\u1eefng c\u00e1ch th\u1ee9c kh\u00e1c b\u1ea1n c\u00f3 th\u1ec3 li\u00ean l\u1ea1c v\u1edbi ch\u00fang t\u00f4i \u1edf \u0111\u00e2y.","breadcrumb":{"@id":"https:\/\/www.oasdi.ca\/vi\/about-oasdi\/contact-us\/#breadcrumb"},"inLanguage":"vi-VN","potentialAction":[{"@type":"ReadAction","target":["https:\/\/www.oasdi.ca\/vi\/about-oasdi\/contact-us\/"]}]},{"@type":"BreadcrumbList","@id":"https:\/\/www.oasdi.ca\/vi\/about-oasdi\/contact-us\/#breadcrumb","itemListElement":[{"@type":"ListItem","position":1,"name":"Trang Ch\u1ee7","item":"https:\/\/www.oasdi.ca\/vi\/"},{"@type":"ListItem","position":2,"name":"Gi\u1edbi Thi\u1ec7u v\u1ec1 Hi\u1ec7p H\u1ed9i C\u00e1c H\u1ecdc Khu Qu\u1ed1c T\u1ebf \u1edf Ontario","item":"https:\/\/www.oasdi.ca\/vi\/about-oasdi\/"},{"@type":"ListItem","position":3,"name":"Li\u00ean H\u1ec7 Hi\u1ec7p H\u1ed9i C\u00e1c H\u1ecdc Khu Qu\u1ed1c T\u1ebf \u1edf Ontario"}]},{"@type":"WebSite","@id":"https:\/\/www.oasdi.ca\/vi\/#website","url":"https:\/\/www.oasdi.ca\/vi\/","name":"OASDI","description":"Ontario Association of School District International","publisher":{"@id":"https:\/\/www.oasdi.ca\/vi\/#organization"},"potentialAction":[{"@type":"SearchAction","target":{"@type":"EntryPoint","urlTemplate":"https:\/\/www.oasdi.ca\/vi\/?s={search_term_string}"},"query-input":"required name=search_term_string"}],"inLanguage":"vi-VN"},{"@type":"Organization","@id":"https:\/\/www.oasdi.ca\/vi\/#organization","name":"OASDI","url":"https:\/\/www.oasdi.ca\/vi\/","logo":{"@type":"ImageObject","inLanguage":"vi-VN","@id":"https:\/\/www.oasdi.ca\/vi\/#\/schema\/logo\/image\/","url":"https:\/\/www.oasdi.ca\/wp-content\/uploads\/2020\/02\/cropped-oasdi-logo.png","contentUrl":"https:\/\/www.oasdi.ca\/wp-content\/uploads\/2020\/02\/cropped-oasdi-logo.png","width":468,"height":96,"caption":"OASDI"},"image":{"@id":"https:\/\/www.oasdi.ca\/vi\/#\/schema\/logo\/image\/"}}]}},"_links":{"self":[{"href":"https:\/\/www.oasdi.ca\/vi\/wp-json\/wp\/v2\/pages\/17971"}],"collection":[{"href":"https:\/\/www.oasdi.ca\/vi\/wp-json\/wp\/v2\/pages"}],"about":[{"href":"https:\/\/www.oasdi.ca\/vi\/wp-json\/wp\/v2\/types\/page"}],"author":[{"embeddable":true,"href":"https:\/\/www.oasdi.ca\/vi\/wp-json\/wp\/v2\/users\/237"}],"replies":[{"embeddable":true,"href":"https:\/\/www.oasdi.ca\/vi\/wp-json\/wp\/v2\/comments?post=17971"}],"version-history":[{"count":0,"href":"https:\/\/www.oasdi.ca\/vi\/wp-json\/wp\/v2\/pages\/17971\/revisions"}],"up":[{"embeddable":true,"href":"https:\/\/www.oasdi.ca\/vi\/wp-json\/wp\/v2\/pages\/17918"}],"wp:featuredmedia":[{"embeddable":true,"href":"https:\/\/www.oasdi.ca\/vi\/wp-json\/wp\/v2\/media\/17919"}],"wp:attachment":[{"href":"https:\/\/www.oasdi.ca\/vi\/wp-json\/wp\/v2\/media?parent=17971"}],"curies":[{"name":"wp","href":"https:\/\/api.w.org\/{rel}","templated":true}]}}