{"id":17948,"date":"2020-04-12T02:52:59","date_gmt":"2020-04-12T02:52:59","guid":{"rendered":"http:\/\/oasdi.ca\/about-oasdi\/standards-of-practice\/"},"modified":"2020-04-25T18:46:40","modified_gmt":"2020-04-25T18:46:40","slug":"standards-of-practice","status":"publish","type":"page","link":"https:\/\/www.oasdi.ca\/vi\/about-oasdi\/standards-of-practice\/","title":{"rendered":"Nguy\u1ec1n T\u1eafc Th\u00e0nh Vi\u00ean c\u1ee7a OASDI"},"content":{"rendered":"<div id=\"pl-17948\"  class=\"panel-layout\" ><div id=\"pg-17948-0\"  class=\"panel-grid panel-no-style\" ><div id=\"pgc-17948-0-0\"  class=\"panel-grid-cell\" ><div id=\"panel-17948-0-0-0\" class=\"so-panel widget widget_sow-image panel-first-child panel-last-child\" data-index=\"0\" ><div\n\t\t\t\n\t\t\tclass=\"so-widget-sow-image so-widget-sow-image-default-c4f6304fc136-17948\"\n\t\t\t\n\t\t>\n\n<div class=\"sow-image-container\">\n\t\t<img loading=\"lazy\" decoding=\"async\" src=\"https:\/\/www.oasdi.ca\/wp-content\/uploads\/2020\/04\/oasdi-img2jpg.jpg\" width=\"1440\" height=\"268\" srcset=\"https:\/\/www.oasdi.ca\/wp-content\/uploads\/2020\/04\/oasdi-img2jpg.jpg 1440w, https:\/\/www.oasdi.ca\/wp-content\/uploads\/2020\/04\/oasdi-img2jpg-250x47.jpg 250w, https:\/\/www.oasdi.ca\/wp-content\/uploads\/2020\/04\/oasdi-img2jpg-700x130.jpg 700w, https:\/\/www.oasdi.ca\/wp-content\/uploads\/2020\/04\/oasdi-img2jpg-768x143.jpg 768w, https:\/\/www.oasdi.ca\/wp-content\/uploads\/2020\/04\/oasdi-img2jpg-500x93.jpg 500w, https:\/\/www.oasdi.ca\/wp-content\/uploads\/2020\/04\/oasdi-img2jpg-120x22.jpg 120w\" sizes=\"(max-width: 1440px) 100vw, 1440px\" alt=\"\" \t\tclass=\"so-widget-image\"\/>\n\t<\/div>\n\n<\/div><\/div><\/div><\/div><div id=\"pg-17948-1\"  class=\"panel-grid panel-has-style\" ><div class=\"has-container panel-row-style panel-row-style-for-17948-1\" ><div id=\"pgc-17948-1-0\"  class=\"panel-grid-cell\" ><div id=\"panel-17948-1-0-0\" class=\"so-panel widget widget_hem-seo-title-widget panel-first-child panel-last-child\" data-index=\"1\" ><div\n\t\t\t\n\t\t\tclass=\"so-widget-hem-seo-title-widget so-widget-hem-seo-title-widget-hem-seo-title-widget-style-d75171398898-17948\"\n\t\t\t\n\t\t>\n<h1 style=\"font-size:px;\">Nguy\u1ec1n T\u1eafc Th\u00e0nh Vi\u00ean c\u1ee7a OASDI<\/h1>\n\n\n\n\t<!-- <div class=\"breadcrumb-trail\"><a href=\"index.php\">Home<\/a> \u00bb <span class=\"breadcrumb-current\">About<\/span><\/div> -->\n\t<div class=\"test1\"><span><span><a href=\"https:\/\/www.oasdi.ca\/vi\/\">Trang Ch\u1ee7<\/a><\/span><\/span><\/div>\n<\/div><\/div><\/div><\/div><\/div><div id=\"pg-17948-2\"  class=\"panel-grid panel-has-style\" ><div class=\"has-container panel-row-style panel-row-style-for-17948-2\" ><div id=\"pgc-17948-2-0\"  class=\"panel-grid-cell\" ><div id=\"panel-17948-2-0-0\" class=\"so-panel widget widget_hem-sidebar-menu-widget panel-first-child\" data-index=\"2\" ><div\n\t\t\t\n\t\t\tclass=\"so-widget-hem-sidebar-menu-widget so-widget-hem-sidebar-menu-widget-hem-sidebar-menu-widget-style-d75171398898-17948\"\n\t\t\t\n\t\t><div id=\"sidebar\">\n\t\t\t<ul id=\"side-menu\" class=\"side-menu menu-embedded\">\n\t\t\t\n\t\t\t\t\t\t\t\t\n\t\t\t\t\t\t\t\t\t\t\t<li><a href=\"https:\/\/www.oasdi.ca\/vi\/about-oasdi\/missions-and-origins\/\">S\u1ee9 m\u1ec7nh v\u00e0 Ngu\u1ed3n g\u1ed1c<\/a><\/li>\n\t\t\t\t\t\t\t\t\t\t\t\t\t\n\t\t\t\t\t\t\t\t\t\t\t<li><a class=\"active\" href=\"https:\/\/www.oasdi.ca\/vi\/about-oasdi\/standards-of-practice\/\">Nguy\u1ec1n T\u1eafc Th\u00e0nh Vi\u00ean c\u1ee7a OASDI<\/a><\/li>\n\t\t\t\t\t\t\t\t\t\t\t\t\t\n\t\t\t\t\t\t\t\t\t\t\t<li><a href=\"https:\/\/www.oasdi.ca\/vi\/about-oasdi\/members-only\/\">Restricted content<\/a><\/li>\n\t\t\t\t\t\t\t\t\t\t\t\t\t\n\t\t\t\t\t\t\t\t\t\t\t<li><a href=\"https:\/\/www.oasdi.ca\/vi\/about-oasdi\/contact-us\/\">Li\u00ean H\u1ec7 Hi\u1ec7p H\u1ed9i C\u00e1c H\u1ecdc Khu Qu\u1ed1c T\u1ebf \u1edf Ontario<\/a><\/li>\n\t\t\t\t\t\t\t\t\t\t\t\t\t\n\t\t\t\t\t\t\t\t\t\t\t<li><a href=\"https:\/\/www.oasdi.ca\/vi\/about-oasdi\/executive-commitee\/\">Ban Ch\u1ea5p H\u00e0nh c\u1ee7a Hi\u1ec7p H\u1ed9i C\u00e1c H\u1ecdc Khu Qu\u1ed1c T\u1ebf \u1edf Ontario<\/a><\/li>\n\t\t\t\t\t\t\t\t\t\t\n\n\t\t\t\t<!-- Extra menu -->\n\t\t\t\t\n\n\n\t\t\t\t\t<\/ul>\n\t\n\n<\/div><\/div><\/div><div id=\"panel-17948-2-0-1\" class=\"so-panel widget widget_hem-sidebar-link-widget panel-last-child\" data-index=\"3\" ><div\n\t\t\t\n\t\t\tclass=\"so-widget-hem-sidebar-link-widget so-widget-hem-sidebar-link-widget-hem-sidebar-link-widget-style-d75171398898-17948\"\n\t\t\t\n\t\t><div id=\"sidebar\" class=\"external-link-only\">\n\n\n\n\t\t\t\t<!-- Extra menu -->\n\t\t\t\t\t\t\t\t\t<ul id=\"side-menu\" class=\"side-menu menu-embedded\">\n\t\t\t\t\t\t\t\t\t\t\t\t\t\t\t\t\t\t\t\t\t<li><a  href=\"https:\/\/www.oasdi.ca\/map-search\/\">Map Search<\/a><\/li>\n\t\t\t\t\t\t\t\t\t\t\t\t\t\t\n\t\t\t\t\t\t\t\t\t\t\t\t\t\t\t\t\t\t\t\t\t<li><a  href=\"https:\/\/www.oasdi.ca\/district-list\/\">District List<\/a><\/li>\n\t\t\t\t\t\t\t\t\t\t\t\t\t\t\n\t\t\t\t\t\t\t\n\t\t\t\t\t<\/ul>\n\t\t\t\t\n\t\t\t\t\n\n\n\n\n<\/div><\/div><\/div><\/div><div id=\"pgc-17948-2-1\"  class=\"panel-grid-cell\" ><div class=\"pl-sm-3 pl-md-5 panel-cell-style panel-cell-style-for-17948-2-1\" ><div id=\"panel-17948-2-1-0\" class=\"so-panel widget widget_sow-editor panel-first-child panel-last-child\" data-index=\"4\" ><div\n\t\t\t\n\t\t\tclass=\"so-widget-sow-editor so-widget-sow-editor-base\"\n\t\t\t\n\t\t>\n<div class=\"siteorigin-widget-tinymce textwidget\">\n\t<h2>Nguy\u00ean T\u1eafc Th\u00e0nh Vi\u00ean OASDI (Quy\u00ea\u0300n Tha\u0300nh Vi\u00ean Phu\u0323 va\u0300 Chi\u0301nh Th\u01b0\u0301c)<\/h2>\n<p>Quy\u00ea\u0300n tha\u0300nh vi\u00ean trong OASDI l\u00e0 m\u1ed9t cam k\u1ebft t\u01b0\u0300 tr\u01b0\u01a1\u0300ng ho\u1eb7c h\u1ecdc khu tham gia v\u00e0o c\u00e1c nguy\u00ean t\u1eafc v\u1ec1 h\u00e0nh vi \u0111\u1ea1o \u0111\u1ee9c \u0111\u01b0\u1ee3c n\u00eau r\u00f5 d\u01b0\u1edbi \u0111\u00e2y.<\/p>\n<p>C\u00f3 hai c\u1ea5p \u0111\u1ed9 th\u00e0nh vi\u00ean: c\u1ed9ng t\u00e1c v\u00e0 chi\u0301nh th\u01b0\u0301c. Quy\u00ea\u0300n tha\u0300nh vi\u00ean c\u1ed9ng t\u00e1c d\u00e0nh cho c\u00e1c tr\u01b0\u1eddng ho\u1eb7c h\u1ecdc khu co\u0301 ch\u01b0\u01a1ng tr\u00ecnh cho h\u1ecdc sinh qu\u1ed1c t\u1ebf \u0111ang trong giai \u0111o\u1ea1n ph\u00e1t tri\u1ec3n. Quy\u00ea\u0300n th\u00e0nh vi\u00ean chi\u0301nh th\u01b0\u0301c \u0111\u01b0\u1ee3c c\u1ea5p cho c\u00e1c th\u00e0nh vi\u00ean \u0111\u1ea1t \u0111\u01b0\u1ee3c c\u00e1c ti\u00eau chu\u1ea9n sau:<\/p>\n<ol>\n<li>co\u0301 m\u1ed9t ch\u01b0\u01a1ng tr\u00ecnh gi\u00e1o d\u1ee5c c\u00f4ng l\u1eadp ph\u1ed5 th\u00f4ng \u0111\u01b0\u01a1\u0323c c\u00f4ng b\u00f4\u0301 cho ca\u0301c ho\u0323c sinh qu\u1ed1c t\u1ebf;<\/li>\n<li>chi phi\u0301 h\u1ecdc ph\u00ed v\u00e0 b\u1ea5t k\u1ef3 l\u00ea\u0323 ph\u00ed \u0111\u01b0\u01a1\u0323c c\u00f4ng b\u00f4\u0301 n\u00e0o kh\u00e1c co\u0301 th\u00ea\u0309 \u00e1p d\u1ee5ng v\u1edbi \u0111\u1ecbnh ngh\u0129a r\u00f5 r\u00e0ng v\u1ec1 ph\u1ea1m vi ch\u01b0\u01a1ng tr\u00ecnh, th\u1eddi l\u01b0\u1ee3ng v\u00e0 ch\u1ee9ng nh\u1eadn k\u1ebft qu\u1ea3;<\/li>\n<li>ch\u00ednh s\u00e1ch ho\u00e0n l\u1ea1i ti\u1ec1n \u0111\u01b0\u01a1\u0323c c\u00f4ng b\u00f4\u0301;<\/li>\n<li>m\u00f4 t\u1ea3 c\u00e1c quy t\u1eafc v\u00e0 k\u1ef3 v\u1ecdng c\u1ee7a ch\u01b0\u01a1ng tr\u00ecnh \u0111\u01b0\u01a1\u0323c c\u00f4ng b\u00f4\u0301 cho ho\u0323c sinh qu\u1ed1c t\u1ebf;<\/li>\n<li>ch\u01b0\u01a1ng tr\u00ecnh s\u0103\u0301p x\u00ea\u0301p gia \u0111\u00ecnh b\u1ea3n x\u1ee9 v\u00e0 gi\u00e1m s\u00e1t \u0111\u01b0\u1ee3c thi\u1ebft l\u1eadp thu\u1ed9c tr\u00e1ch nhi\u1ec7m c\u1ee7a m\u1ed9t h\u1ecdc khu ho\u1eb7c qu\u1ea3n tr\u1ecb vi\u00ean cu\u0309a tr\u01b0\u1eddng \u0111\u01b0\u1ee3c ch\u1ec9 \u0111\u1ecbnh;<\/li>\n<li>nh\u00e2n vi\u00ean c\u1ee7a h\u1ecdc khu ho\u1eb7c tr\u01b0\u1eddng \u0111\u01b0\u1ee3c trao quy\u00ea\u0300n \u0111a\u0301nh gia\u0301 c\u00e1c ch\u1ee9ng ch\u1ec9 c\u1ee7a ng\u01b0\u01a1\u0300i n\u00f4\u0323p \u0111\u01a1n v\u00e0 cho ph\u00e9p tham gia ch\u01b0\u01a1ng tr\u00ecnh d\u1ef1a tr\u00ean c\u00e1c ti\u00eau ch\u00ed l\u1ef1a ch\u1ecdn \u0111\u00e3 \u0111\u01b0\u1ee3c thi\u1ebft l\u1eadp;<\/li>\n<li>c\u00f3 m\u1ed9t nh\u00e2n vi\u00ean cu\u0309a ch\u01b0\u01a1ng tr\u00ecnh qu\u1ed1c t\u1ebf c\u00f3 \u0111\u1ee7 th\u1ea9m quy\u1ec1n \u0111\u01b0\u1ee3c ch\u1ec9 \u0111\u1ecbnh \u0111\u1ec3 \u0111\u1ea1i di\u1ec7n cho h\u1ecdc khu ho\u1eb7c tr\u01b0\u1eddng ho\u0323c v\u1ec1 c\u00e1c v\u1ea5n \u0111\u1ec1 gi\u00e1o d\u1ee5c qu\u1ed1c t\u1ebf v\u00e0 th\u1ef1c hi\u1ec7n gi\u00e1m s\u00e1t th\u00edch h\u1ee3p c\u00e1c ch\u01b0\u01a1ng tr\u00ecnh v\u00e0 h\u00e0nh vi gi\u00e1o d\u1ee5c c\u1ee7a ho\u0323c sinh trong c\u1ed9ng \u0111\u1ed3ng;<\/li>\n<li>ca\u0301c th\u1ee7 t\u1ee5c nh\u1eadp h\u1ecdc v\u00e0 gia ha\u0323n cho ho\u0323c sinh ph\u00f9 h\u1ee3p v\u1edbi ca\u0301c ch\u00ednh s\u00e1ch v\u00ea\u0300 Nh\u1eadp C\u01b0 v\u00e0 Qu\u1ed1c T\u1ecbch Canada; v\u00e0<\/li>\n<li>ca\u0301c hoa\u0323t \u0111\u00f4\u0323ng ti\u1ebfp th\u1ecb va\u0300 tuy\u00ea\u0309n du\u0323ng h\u1ee3p \u0111a\u0323o \u0111\u01b0\u0301c.<\/li>\n<\/ol>\n<\/div>\n<\/div><\/div><\/div><\/div><\/div><\/div><\/div>","protected":false},"excerpt":{"rendered":"Nguy\u1ec1n T\u1eafc Th\u00e0nh Vi\u00ean c\u1ee7a OASDI Trang Ch\u1ee7 S\u1ee9 m\u1ec7nh v\u00e0 Ngu\u1ed3n g\u1ed1c Nguy\u1ec1n T\u1eafc Th\u00e0nh Vi\u00ean c\u1ee7a OASDI Restricted content Li\u00ean H\u1ec7 Hi\u1ec7p H\u1ed9i C\u00e1c H\u1ecdc Khu Qu\u1ed1c T\u1ebf \u1edf Ontario Ban Ch\u1ea5p H\u00e0nh c\u1ee7a Hi\u1ec7p H\u1ed9i C\u00e1c H\u1ecdc Khu Qu\u1ed1c T\u1ebf \u1edf Ontario Map Search District List Nguy\u00ean T\u1eafc Th\u00e0nh Vi\u00ean OASDI (Quy\u00ea\u0300n&#8230; <a class=\"view-article\" href=\"https:\/\/www.oasdi.ca\/vi\/about-oasdi\/standards-of-practice\/\">View Article<\/a>","protected":false},"author":237,"featured_media":17919,"parent":17918,"menu_order":0,"comment_status":"closed","ping_status":"closed","template":"","meta":{"footnotes":""},"class_list":["post-17948","page","type-page","status-publish","has-post-thumbnail","hentry"],"yoast_head":"<!-- This site is optimized with the Yoast SEO plugin v21.5 - https:\/\/yoast.com\/wordpress\/plugins\/seo\/ -->\n<title>Nguy\u00ean T\u1eafc Th\u00e0nh Vi\u00ean c\u1ee7a OASDI | Nghi\u00ean C\u1ee9u Qu\u1ed1c T\u1ebf \u1edf ON<\/title>\n<meta name=\"description\" content=\"Th\u00e0nh vi\u00ean c\u1ee7a Hi\u1ec7p H\u1ed9i C\u00e1c H\u1ecdc Khu Qu\u1ed1c T\u1ebf \u1edf Ontario ph\u1ea3i tu\u00e2n th\u1ee7 ti\u00eau chu\u1ea9n \u0111\u1ea1o \u0111\u1ee9c nghi\u00eam ng\u1eb7t. T\u00ecm hi\u1ec3u th\u00eam v\u1ec1 ti\u00eau chu\u1ea9n c\u1ee7a ch\u00fang t\u00f4i \u1edf \u0111\u00e2y.\" \/>\n<meta name=\"robots\" content=\"index, follow, max-snippet:-1, max-image-preview:large, max-video-preview:-1\" \/>\n<link rel=\"canonical\" href=\"https:\/\/www.oasdi.ca\/vi\/about-oasdi\/standards-of-practice\/\" \/>\n<meta property=\"og:locale\" content=\"vi_VN\" \/>\n<meta property=\"og:type\" content=\"article\" \/>\n<meta property=\"og:title\" content=\"Nguy\u00ean T\u1eafc Th\u00e0nh Vi\u00ean c\u1ee7a OASDI | Nghi\u00ean C\u1ee9u Qu\u1ed1c T\u1ebf \u1edf ON\" \/>\n<meta property=\"og:description\" content=\"Th\u00e0nh vi\u00ean c\u1ee7a Hi\u1ec7p H\u1ed9i C\u00e1c H\u1ecdc Khu Qu\u1ed1c T\u1ebf \u1edf Ontario ph\u1ea3i tu\u00e2n th\u1ee7 ti\u00eau chu\u1ea9n \u0111\u1ea1o \u0111\u1ee9c nghi\u00eam ng\u1eb7t. T\u00ecm hi\u1ec3u th\u00eam v\u1ec1 ti\u00eau chu\u1ea9n c\u1ee7a ch\u00fang t\u00f4i \u1edf \u0111\u00e2y.\" \/>\n<meta property=\"og:url\" content=\"https:\/\/www.oasdi.ca\/vi\/about-oasdi\/standards-of-practice\/\" \/>\n<meta property=\"og:site_name\" content=\"OASDI\" \/>\n<meta property=\"article:modified_time\" content=\"2020-04-25T18:46:40+00:00\" \/>\n<meta property=\"og:image\" content=\"https:\/\/www.oasdi.ca\/wp-content\/uploads\/2020\/03\/oasdi-about-us.jpg\" \/>\n\t<meta property=\"og:image:width\" content=\"1440\" \/>\n\t<meta property=\"og:image:height\" content=\"268\" \/>\n\t<meta property=\"og:image:type\" content=\"image\/jpeg\" \/>\n<meta name=\"twitter:card\" content=\"summary_large_image\" \/>\n<meta name=\"twitter:label1\" content=\"Est. reading time\" \/>\n\t<meta name=\"twitter:data1\" content=\"3 minutes\" \/>\n<script type=\"application\/ld+json\" class=\"yoast-schema-graph\">{\"@context\":\"https:\/\/schema.org\",\"@graph\":[{\"@type\":\"WebPage\",\"@id\":\"https:\/\/www.oasdi.ca\/vi\/about-oasdi\/standards-of-practice\/\",\"url\":\"https:\/\/www.oasdi.ca\/vi\/about-oasdi\/standards-of-practice\/\",\"name\":\"Nguy\u00ean T\u1eafc Th\u00e0nh Vi\u00ean c\u1ee7a OASDI | Nghi\u00ean C\u1ee9u Qu\u1ed1c T\u1ebf \u1edf ON\",\"isPartOf\":{\"@id\":\"https:\/\/www.oasdi.ca\/vi\/#website\"},\"datePublished\":\"2020-04-12T02:52:59+00:00\",\"dateModified\":\"2020-04-25T18:46:40+00:00\",\"description\":\"Th\u00e0nh vi\u00ean c\u1ee7a Hi\u1ec7p H\u1ed9i C\u00e1c H\u1ecdc Khu Qu\u1ed1c T\u1ebf \u1edf Ontario ph\u1ea3i tu\u00e2n th\u1ee7 ti\u00eau chu\u1ea9n \u0111\u1ea1o \u0111\u1ee9c nghi\u00eam ng\u1eb7t. T\u00ecm hi\u1ec3u th\u00eam v\u1ec1 ti\u00eau chu\u1ea9n c\u1ee7a ch\u00fang t\u00f4i \u1edf \u0111\u00e2y.\",\"breadcrumb\":{\"@id\":\"https:\/\/www.oasdi.ca\/vi\/about-oasdi\/standards-of-practice\/#breadcrumb\"},\"inLanguage\":\"vi-VN\",\"potentialAction\":[{\"@type\":\"ReadAction\",\"target\":[\"https:\/\/www.oasdi.ca\/vi\/about-oasdi\/standards-of-practice\/\"]}]},{\"@type\":\"BreadcrumbList\",\"@id\":\"https:\/\/www.oasdi.ca\/vi\/about-oasdi\/standards-of-practice\/#breadcrumb\",\"itemListElement\":[{\"@type\":\"ListItem\",\"position\":1,\"name\":\"Trang Ch\u1ee7\",\"item\":\"https:\/\/www.oasdi.ca\/vi\/\"},{\"@type\":\"ListItem\",\"position\":2,\"name\":\"Gi\u1edbi Thi\u1ec7u v\u1ec1 Hi\u1ec7p H\u1ed9i C\u00e1c H\u1ecdc Khu Qu\u1ed1c T\u1ebf \u1edf Ontario\",\"item\":\"https:\/\/www.oasdi.ca\/vi\/about-oasdi\/\"},{\"@type\":\"ListItem\",\"position\":3,\"name\":\"Nguy\u1ec1n T\u1eafc Th\u00e0nh Vi\u00ean c\u1ee7a OASDI\"}]},{\"@type\":\"WebSite\",\"@id\":\"https:\/\/www.oasdi.ca\/vi\/#website\",\"url\":\"https:\/\/www.oasdi.ca\/vi\/\",\"name\":\"OASDI\",\"description\":\"Ontario Association of School District International\",\"publisher\":{\"@id\":\"https:\/\/www.oasdi.ca\/vi\/#organization\"},\"potentialAction\":[{\"@type\":\"SearchAction\",\"target\":{\"@type\":\"EntryPoint\",\"urlTemplate\":\"https:\/\/www.oasdi.ca\/vi\/?s={search_term_string}\"},\"query-input\":\"required name=search_term_string\"}],\"inLanguage\":\"vi-VN\"},{\"@type\":\"Organization\",\"@id\":\"https:\/\/www.oasdi.ca\/vi\/#organization\",\"name\":\"OASDI\",\"url\":\"https:\/\/www.oasdi.ca\/vi\/\",\"logo\":{\"@type\":\"ImageObject\",\"inLanguage\":\"vi-VN\",\"@id\":\"https:\/\/www.oasdi.ca\/vi\/#\/schema\/logo\/image\/\",\"url\":\"https:\/\/www.oasdi.ca\/wp-content\/uploads\/2020\/02\/cropped-oasdi-logo.png\",\"contentUrl\":\"https:\/\/www.oasdi.ca\/wp-content\/uploads\/2020\/02\/cropped-oasdi-logo.png\",\"width\":468,\"height\":96,\"caption\":\"OASDI\"},\"image\":{\"@id\":\"https:\/\/www.oasdi.ca\/vi\/#\/schema\/logo\/image\/\"}}]}<\/script>\n<!-- \/ Yoast SEO plugin. -->","yoast_head_json":{"title":"Nguy\u00ean T\u1eafc Th\u00e0nh Vi\u00ean c\u1ee7a OASDI | Nghi\u00ean C\u1ee9u Qu\u1ed1c T\u1ebf \u1edf ON","description":"Th\u00e0nh vi\u00ean c\u1ee7a Hi\u1ec7p H\u1ed9i C\u00e1c H\u1ecdc Khu Qu\u1ed1c T\u1ebf \u1edf Ontario ph\u1ea3i tu\u00e2n th\u1ee7 ti\u00eau chu\u1ea9n \u0111\u1ea1o \u0111\u1ee9c nghi\u00eam ng\u1eb7t. T\u00ecm hi\u1ec3u th\u00eam v\u1ec1 ti\u00eau chu\u1ea9n c\u1ee7a ch\u00fang t\u00f4i \u1edf \u0111\u00e2y.","robots":{"index":"index","follow":"follow","max-snippet":"max-snippet:-1","max-image-preview":"max-image-preview:large","max-video-preview":"max-video-preview:-1"},"canonical":"https:\/\/www.oasdi.ca\/vi\/about-oasdi\/standards-of-practice\/","og_locale":"vi_VN","og_type":"article","og_title":"Nguy\u00ean T\u1eafc Th\u00e0nh Vi\u00ean c\u1ee7a OASDI | Nghi\u00ean C\u1ee9u Qu\u1ed1c T\u1ebf \u1edf ON","og_description":"Th\u00e0nh vi\u00ean c\u1ee7a Hi\u1ec7p H\u1ed9i C\u00e1c H\u1ecdc Khu Qu\u1ed1c T\u1ebf \u1edf Ontario ph\u1ea3i tu\u00e2n th\u1ee7 ti\u00eau chu\u1ea9n \u0111\u1ea1o \u0111\u1ee9c nghi\u00eam ng\u1eb7t. T\u00ecm hi\u1ec3u th\u00eam v\u1ec1 ti\u00eau chu\u1ea9n c\u1ee7a ch\u00fang t\u00f4i \u1edf \u0111\u00e2y.","og_url":"https:\/\/www.oasdi.ca\/vi\/about-oasdi\/standards-of-practice\/","og_site_name":"OASDI","article_modified_time":"2020-04-25T18:46:40+00:00","og_image":[{"width":1440,"height":268,"url":"https:\/\/www.oasdi.ca\/wp-content\/uploads\/2020\/03\/oasdi-about-us.jpg","type":"image\/jpeg"}],"twitter_card":"summary_large_image","twitter_misc":{"Est. reading time":"3 minutes"},"schema":{"@context":"https:\/\/schema.org","@graph":[{"@type":"WebPage","@id":"https:\/\/www.oasdi.ca\/vi\/about-oasdi\/standards-of-practice\/","url":"https:\/\/www.oasdi.ca\/vi\/about-oasdi\/standards-of-practice\/","name":"Nguy\u00ean T\u1eafc Th\u00e0nh Vi\u00ean c\u1ee7a OASDI | Nghi\u00ean C\u1ee9u Qu\u1ed1c T\u1ebf \u1edf ON","isPartOf":{"@id":"https:\/\/www.oasdi.ca\/vi\/#website"},"datePublished":"2020-04-12T02:52:59+00:00","dateModified":"2020-04-25T18:46:40+00:00","description":"Th\u00e0nh vi\u00ean c\u1ee7a Hi\u1ec7p H\u1ed9i C\u00e1c H\u1ecdc Khu Qu\u1ed1c T\u1ebf \u1edf Ontario ph\u1ea3i tu\u00e2n th\u1ee7 ti\u00eau chu\u1ea9n \u0111\u1ea1o \u0111\u1ee9c nghi\u00eam ng\u1eb7t. T\u00ecm hi\u1ec3u th\u00eam v\u1ec1 ti\u00eau chu\u1ea9n c\u1ee7a ch\u00fang t\u00f4i \u1edf \u0111\u00e2y.","breadcrumb":{"@id":"https:\/\/www.oasdi.ca\/vi\/about-oasdi\/standards-of-practice\/#breadcrumb"},"inLanguage":"vi-VN","potentialAction":[{"@type":"ReadAction","target":["https:\/\/www.oasdi.ca\/vi\/about-oasdi\/standards-of-practice\/"]}]},{"@type":"BreadcrumbList","@id":"https:\/\/www.oasdi.ca\/vi\/about-oasdi\/standards-of-practice\/#breadcrumb","itemListElement":[{"@type":"ListItem","position":1,"name":"Trang Ch\u1ee7","item":"https:\/\/www.oasdi.ca\/vi\/"},{"@type":"ListItem","position":2,"name":"Gi\u1edbi Thi\u1ec7u v\u1ec1 Hi\u1ec7p H\u1ed9i C\u00e1c H\u1ecdc Khu Qu\u1ed1c T\u1ebf \u1edf Ontario","item":"https:\/\/www.oasdi.ca\/vi\/about-oasdi\/"},{"@type":"ListItem","position":3,"name":"Nguy\u1ec1n T\u1eafc Th\u00e0nh Vi\u00ean c\u1ee7a OASDI"}]},{"@type":"WebSite","@id":"https:\/\/www.oasdi.ca\/vi\/#website","url":"https:\/\/www.oasdi.ca\/vi\/","name":"OASDI","description":"Ontario Association of School District International","publisher":{"@id":"https:\/\/www.oasdi.ca\/vi\/#organization"},"potentialAction":[{"@type":"SearchAction","target":{"@type":"EntryPoint","urlTemplate":"https:\/\/www.oasdi.ca\/vi\/?s={search_term_string}"},"query-input":"required name=search_term_string"}],"inLanguage":"vi-VN"},{"@type":"Organization","@id":"https:\/\/www.oasdi.ca\/vi\/#organization","name":"OASDI","url":"https:\/\/www.oasdi.ca\/vi\/","logo":{"@type":"ImageObject","inLanguage":"vi-VN","@id":"https:\/\/www.oasdi.ca\/vi\/#\/schema\/logo\/image\/","url":"https:\/\/www.oasdi.ca\/wp-content\/uploads\/2020\/02\/cropped-oasdi-logo.png","contentUrl":"https:\/\/www.oasdi.ca\/wp-content\/uploads\/2020\/02\/cropped-oasdi-logo.png","width":468,"height":96,"caption":"OASDI"},"image":{"@id":"https:\/\/www.oasdi.ca\/vi\/#\/schema\/logo\/image\/"}}]}},"_links":{"self":[{"href":"https:\/\/www.oasdi.ca\/vi\/wp-json\/wp\/v2\/pages\/17948"}],"collection":[{"href":"https:\/\/www.oasdi.ca\/vi\/wp-json\/wp\/v2\/pages"}],"about":[{"href":"https:\/\/www.oasdi.ca\/vi\/wp-json\/wp\/v2\/types\/page"}],"author":[{"embeddable":true,"href":"https:\/\/www.oasdi.ca\/vi\/wp-json\/wp\/v2\/users\/237"}],"replies":[{"embeddable":true,"href":"https:\/\/www.oasdi.ca\/vi\/wp-json\/wp\/v2\/comments?post=17948"}],"version-history":[{"count":0,"href":"https:\/\/www.oasdi.ca\/vi\/wp-json\/wp\/v2\/pages\/17948\/revisions"}],"up":[{"embeddable":true,"href":"https:\/\/www.oasdi.ca\/vi\/wp-json\/wp\/v2\/pages\/17918"}],"wp:featuredmedia":[{"embeddable":true,"href":"https:\/\/www.oasdi.ca\/vi\/wp-json\/wp\/v2\/media\/17919"}],"wp:attachment":[{"href":"https:\/\/www.oasdi.ca\/vi\/wp-json\/wp\/v2\/media?parent=17948"}],"curies":[{"name":"wp","href":"https:\/\/api.w.org\/{rel}","templated":true}]}}