{"id":17918,"date":"2020-03-16T14:19:20","date_gmt":"2020-03-16T14:19:20","guid":{"rendered":"http:\/\/oasdi.ca\/about-oasdi\/"},"modified":"2020-04-18T00:07:59","modified_gmt":"2020-04-18T00:07:59","slug":"about-oasdi","status":"publish","type":"page","link":"https:\/\/www.oasdi.ca\/vi\/about-oasdi\/","title":{"rendered":"Gi\u1edbi Thi\u1ec7u v\u1ec1 Hi\u1ec7p H\u1ed9i C\u00e1c H\u1ecdc Khu Qu\u1ed1c T\u1ebf \u1edf Ontario"},"content":{"rendered":"<div id=\"pl-17918\"  class=\"panel-layout\" ><div id=\"pg-17918-0\"  class=\"panel-grid panel-no-style\" ><div id=\"pgc-17918-0-0\"  class=\"panel-grid-cell\" ><div id=\"panel-17918-0-0-0\" class=\"so-panel widget widget_sow-image panel-first-child panel-last-child\" data-index=\"0\" ><div\n\t\t\t\n\t\t\tclass=\"so-widget-sow-image so-widget-sow-image-default-c4f6304fc136-17918\"\n\t\t\t\n\t\t>\n\n<div class=\"sow-image-container\">\n\t\t<img loading=\"lazy\" decoding=\"async\" src=\"https:\/\/www.oasdi.ca\/wp-content\/uploads\/2020\/03\/oasdi-about-us.jpg\" width=\"1440\" height=\"268\" srcset=\"https:\/\/www.oasdi.ca\/wp-content\/uploads\/2020\/03\/oasdi-about-us.jpg 1440w, https:\/\/www.oasdi.ca\/wp-content\/uploads\/2020\/03\/oasdi-about-us-250x47.jpg 250w, https:\/\/www.oasdi.ca\/wp-content\/uploads\/2020\/03\/oasdi-about-us-700x130.jpg 700w, https:\/\/www.oasdi.ca\/wp-content\/uploads\/2020\/03\/oasdi-about-us-768x143.jpg 768w, https:\/\/www.oasdi.ca\/wp-content\/uploads\/2020\/03\/oasdi-about-us-120x22.jpg 120w\" sizes=\"(max-width: 1440px) 100vw, 1440px\" alt=\"About OASDI\" \t\tclass=\"so-widget-image\"\/>\n\t<\/div>\n\n<\/div><\/div><\/div><\/div><div id=\"pg-17918-1\"  class=\"panel-grid panel-has-style\" ><div class=\"has-container panel-row-style panel-row-style-for-17918-1\" ><div id=\"pgc-17918-1-0\"  class=\"panel-grid-cell\" ><div id=\"panel-17918-1-0-0\" class=\"so-panel widget widget_hem-seo-title-widget panel-first-child panel-last-child\" data-index=\"1\" ><div class=\"panel-widget-style panel-widget-style-for-17918-1-0-0\" ><div\n\t\t\t\n\t\t\tclass=\"so-widget-hem-seo-title-widget so-widget-hem-seo-title-widget-hem-seo-title-widget-style-d75171398898-17918\"\n\t\t\t\n\t\t>\n<h1 style=\"font-size:px;\">Gi\u1edbi Thi\u1ec7u v\u1ec1 Hi\u1ec7p H\u1ed9i C\u00e1c H\u1ecdc Khu Qu\u1ed1c T\u1ebf \u1edf Ontario<\/h1>\n\n\n\n\t<!-- <div class=\"breadcrumb-trail\"><a href=\"index.php\">Home<\/a> \u00bb <span class=\"breadcrumb-current\">About<\/span><\/div> -->\n\t<div class=\"test1\"><span><span><a href=\"https:\/\/www.oasdi.ca\/vi\/\">Trang Ch\u1ee7<\/a><\/span><\/span><\/div>\n<\/div><\/div><\/div><\/div><\/div><\/div><div id=\"pg-17918-2\"  class=\"panel-grid panel-has-style\" ><div class=\"has-container panel-row-style panel-row-style-for-17918-2\" ><div id=\"pgc-17918-2-0\"  class=\"panel-grid-cell\" ><div id=\"panel-17918-2-0-0\" class=\"so-panel widget widget_hem-sidebar-menu-widget panel-first-child\" data-index=\"2\" ><div\n\t\t\t\n\t\t\tclass=\"so-widget-hem-sidebar-menu-widget so-widget-hem-sidebar-menu-widget-hem-sidebar-menu-widget-style-d75171398898-17918\"\n\t\t\t\n\t\t><div id=\"sidebar\">\n\t\t\t<ul id=\"side-menu\" class=\"side-menu menu-embedded\">\n\t\t\t\n\t\t\t\t\t\t\t\t\n\t\t\t\t\t\t\t\t\t\t\t<li><a href=\"https:\/\/www.oasdi.ca\/vi\/about-oasdi\/missions-and-origins\/\">S\u1ee9 m\u1ec7nh v\u00e0 Ngu\u1ed3n g\u1ed1c<\/a><\/li>\n\t\t\t\t\t\t\t\t\t\t\t\t\t\n\t\t\t\t\t\t\t\t\t\t\t<li><a href=\"https:\/\/www.oasdi.ca\/vi\/about-oasdi\/standards-of-practice\/\">Nguy\u1ec1n T\u1eafc Th\u00e0nh Vi\u00ean c\u1ee7a OASDI<\/a><\/li>\n\t\t\t\t\t\t\t\t\t\t\t\t\t\n\t\t\t\t\t\t\t\t\t\t\t<li><a href=\"https:\/\/www.oasdi.ca\/vi\/about-oasdi\/members-only\/\">Restricted content<\/a><\/li>\n\t\t\t\t\t\t\t\t\t\t\t\t\t\n\t\t\t\t\t\t\t\t\t\t\t<li><a href=\"https:\/\/www.oasdi.ca\/vi\/about-oasdi\/contact-us\/\">Li\u00ean H\u1ec7 Hi\u1ec7p H\u1ed9i C\u00e1c H\u1ecdc Khu Qu\u1ed1c T\u1ebf \u1edf Ontario<\/a><\/li>\n\t\t\t\t\t\t\t\t\t\t\t\t\t\n\t\t\t\t\t\t\t\t\t\t\t<li><a href=\"https:\/\/www.oasdi.ca\/vi\/about-oasdi\/executive-commitee\/\">Ban Ch\u1ea5p H\u00e0nh c\u1ee7a Hi\u1ec7p H\u1ed9i C\u00e1c H\u1ecdc Khu Qu\u1ed1c T\u1ebf \u1edf Ontario<\/a><\/li>\n\t\t\t\t\t\t\t\t\t\t\n\n\t\t\t\t<!-- Extra menu -->\n\t\t\t\t\n\n\n\t\t\t\t\t<\/ul>\n\t\n\n<\/div><\/div><\/div><div id=\"panel-17918-2-0-1\" class=\"so-panel widget widget_hem-sidebar-link-widget panel-last-child\" data-index=\"3\" ><div\n\t\t\t\n\t\t\tclass=\"so-widget-hem-sidebar-link-widget so-widget-hem-sidebar-link-widget-hem-sidebar-link-widget-style-d75171398898-17918\"\n\t\t\t\n\t\t><div id=\"sidebar\" class=\"external-link-only\">\n\n\n\n\t\t\t\t<!-- Extra menu -->\n\t\t\t\t\t\t\t\t\t<ul id=\"side-menu\" class=\"side-menu menu-embedded\">\n\t\t\t\t\t\t\t\t\t\t\t\t\t\t\t\t\t\t\t\t\t<li><a  href=\"https:\/\/www.oasdi.ca\/map-search\/\">Map Overview<\/a><\/li>\n\t\t\t\t\t\t\t\t\t\t\t\t\t\t\n\t\t\t\t\t\t\t\t\t\t\t\t\t\t\t\t\t\t\t\t\t<li><a  href=\"https:\/\/www.oasdi.ca\/district-list\/\">District List<\/a><\/li>\n\t\t\t\t\t\t\t\t\t\t\t\t\t\t\n\t\t\t\t\t\t\t\n\t\t\t\t\t<\/ul>\n\t\t\t\t\n\t\t\t\t\n\n\n\n\n<\/div><\/div><\/div><\/div><div id=\"pgc-17918-2-1\"  class=\"panel-grid-cell\" ><div class=\"pl-sm-3 pl-md-5 panel-cell-style panel-cell-style-for-17918-2-1\" ><div id=\"panel-17918-2-1-0\" class=\"so-panel widget widget_sow-editor panel-first-child panel-last-child\" data-index=\"4\" ><div\n\t\t\t\n\t\t\tclass=\"so-widget-sow-editor so-widget-sow-editor-base\"\n\t\t\t\n\t\t>\n<div class=\"siteorigin-widget-tinymce textwidget\">\n\t<p>C\u00e1c ho\u0323c khu th\u00e0nh vi\u00ean c\u1ee7a OASDI \u0111\u01b0\u1ee3c c\u00f4ng nh\u1eadn v\u00ec cung c\u1ea5p c\u00e1c ch\u01b0\u01a1ng tr\u00ecnh gi\u00e1o d\u1ee5c ch\u1ea5t l\u01b0\u1ee3ng cao v\u00e0 khuy\u1ebfn kh\u00edch th\u00e0nh t\u00edch c\u1ee7a h\u1ecdc sinh trong m\u1ed9t m\u00f4i tr\u01b0\u1eddng h\u1ecdc t\u1eadp \u0111\u01b0\u1ee3c ch\u00e0o \u0111\u00f3n v\u00e0 an to\u00e0n.\u00a0C\u00e1c h\u1ecdc khu tham gia \u00a0\u0111\u00e1nh gi\u00e1 cao vai tr\u00f2 c\u1ee7a h\u1ecdc sinh qu\u1ed1c t\u1ebf trong vi\u1ec7c mang l\u1ea1i nh\u1eefng vi\u1ec5n c\u1ea3nh \u0111a v\u0103n h\u00f3a \u0111a d\u1ea1ng\u00a0 v\u00e0 trao \u0111\u1ed5i giao thoa v\u0103n h\u00f3a v\u1ec1 s\u1ef1 hi\u1ec3u bi\u1ebft v\u00e0 h\u1ecdc h\u1ecfi gi\u1eefa h\u1ecdc sinh qu\u1ed1c t\u1ebf v\u00e0 h\u1ecdc sinh Ontario.<\/p>\n<p>Trang web n\u00e0y gi\u1edbi thi\u1ec7u v\u1ec1 gia\u0301o du\u0323c qu\u00f4\u0301c t\u00ea\u0301.\u00a0 N\u00f3 cho ph\u00e9p truy c\u1eadp \u201cm\u1ed9t c\u1eeda\u201d m\u1ed9t lo\u1ea1t th\u00f4ng tin \u0111a d\u1ea1ng cho<\/p>\n<ul>\n<li>c\u00e1c h\u1ecdc sinh qu\u1ed1c t\u1ebf \u0111ang suy x\u00e9t v\u1ec1 vi\u1ec7c h\u1ecdc t\u1eadp\u00a0 \u1edf Ontario<\/li>\n<li>ph\u1ee5 huynh c\u1ee7a c\u00e1c h\u1ecdc sinh qu\u1ed1c t\u1ebf t\u01b0\u01a1ng lai<\/li>\n<li>c\u00e1c \u0111\u1ea1i l\u00fd gi\u00e1o d\u1ee5c t\u00ecm ki\u1ebfm th\u00f4ng tin v\u1ec1 h\u1ec7 th\u1ed1ng gi\u00e1o d\u1ee5c \u1edf Ontario<\/li>\n<li>H\u1ecdc sinh Canada xem x\u00e9t tr\u1ea3i nghi\u1ec7m Du H\u1ecdc N\u01b0\u1edbc Ngo\u00e0i<\/li>\n<li>Gi\u00e1o vi\u00ean Canada xem x\u00e9t tr\u1ea3i nghi\u1ec7m\u00a0 Gi\u1ea3ng D\u1ea1y \u1edf N\u01b0\u1edbc Ngo\u00e0i<\/li>\n<\/ul>\n<\/div>\n<\/div><\/div><\/div><\/div><\/div><\/div><\/div>","protected":false},"excerpt":{"rendered":"Gi\u1edbi Thi\u1ec7u v\u1ec1 Hi\u1ec7p H\u1ed9i C\u00e1c H\u1ecdc Khu Qu\u1ed1c T\u1ebf \u1edf Ontario Trang Ch\u1ee7 S\u1ee9 m\u1ec7nh v\u00e0 Ngu\u1ed3n g\u1ed1c Nguy\u1ec1n T\u1eafc Th\u00e0nh Vi\u00ean c\u1ee7a OASDI Restricted content Li\u00ean H\u1ec7 Hi\u1ec7p H\u1ed9i C\u00e1c H\u1ecdc Khu Qu\u1ed1c T\u1ebf \u1edf Ontario Ban Ch\u1ea5p H\u00e0nh c\u1ee7a Hi\u1ec7p H\u1ed9i C\u00e1c H\u1ecdc Khu Qu\u1ed1c T\u1ebf \u1edf Ontario Map Overview District List&#8230; <a class=\"view-article\" href=\"https:\/\/www.oasdi.ca\/vi\/about-oasdi\/\">View Article<\/a>","protected":false},"author":237,"featured_media":17919,"parent":0,"menu_order":632,"comment_status":"closed","ping_status":"closed","template":"","meta":{"footnotes":""},"class_list":["post-17918","page","type-page","status-publish","has-post-thumbnail","hentry"],"yoast_head":"<!-- This site is optimized with the Yoast SEO plugin v21.5 - https:\/\/yoast.com\/wordpress\/plugins\/seo\/ -->\n<title>Gi\u1edbi Thi\u1ec7u | Hi\u1ec7p H\u1ed9i C\u00e1c H\u1ecdc Khu Qu\u1ed1c T\u1ebf \u1edf Ontario<\/title>\n<meta name=\"description\" content=\"Th\u00e0nh vi\u00ean Hi\u1ec7p H\u1ed9i C\u00e1c H\u1ecdc Khu Qu\u1ed1c T\u1ebf \u1edf Ontario hoan ngh\u00eanh v\u00e0 qu\u00fd tr\u1ecdng c\u00e1c h\u1ecdc sinh qu\u1ed1c t\u1ebf c\u1ee7a ch\u00fang t\u00f4i. T\u00ecm hi\u1ec3u th\u00eam v\u1ec1 hi\u1ec7p h\u1ed9i c\u1ee7a ch\u00fang t\u00f4i \u1edf \u0111\u00e2y.\" \/>\n<meta name=\"robots\" content=\"index, follow, max-snippet:-1, max-image-preview:large, max-video-preview:-1\" \/>\n<link rel=\"canonical\" href=\"https:\/\/www.oasdi.ca\/vi\/about-oasdi\/\" \/>\n<meta property=\"og:locale\" content=\"vi_VN\" \/>\n<meta property=\"og:type\" content=\"article\" \/>\n<meta property=\"og:title\" content=\"Gi\u1edbi Thi\u1ec7u | Hi\u1ec7p H\u1ed9i C\u00e1c H\u1ecdc Khu Qu\u1ed1c T\u1ebf \u1edf Ontario\" \/>\n<meta property=\"og:description\" content=\"Th\u00e0nh vi\u00ean Hi\u1ec7p H\u1ed9i C\u00e1c H\u1ecdc Khu Qu\u1ed1c T\u1ebf \u1edf Ontario hoan ngh\u00eanh v\u00e0 qu\u00fd tr\u1ecdng c\u00e1c h\u1ecdc sinh qu\u1ed1c t\u1ebf c\u1ee7a ch\u00fang t\u00f4i. T\u00ecm hi\u1ec3u th\u00eam v\u1ec1 hi\u1ec7p h\u1ed9i c\u1ee7a ch\u00fang t\u00f4i \u1edf \u0111\u00e2y.\" \/>\n<meta property=\"og:url\" content=\"https:\/\/www.oasdi.ca\/vi\/about-oasdi\/\" \/>\n<meta property=\"og:site_name\" content=\"OASDI\" \/>\n<meta property=\"article:modified_time\" content=\"2020-04-18T00:07:59+00:00\" \/>\n<meta property=\"og:image\" content=\"https:\/\/www.oasdi.ca\/wp-content\/uploads\/2020\/03\/oasdi-about-us.jpg\" \/>\n\t<meta property=\"og:image:width\" content=\"1440\" \/>\n\t<meta property=\"og:image:height\" content=\"268\" \/>\n\t<meta property=\"og:image:type\" content=\"image\/jpeg\" \/>\n<meta name=\"twitter:card\" content=\"summary_large_image\" \/>\n<meta name=\"twitter:label1\" content=\"Est. reading time\" \/>\n\t<meta name=\"twitter:data1\" content=\"2 minutes\" \/>\n<script type=\"application\/ld+json\" class=\"yoast-schema-graph\">{\"@context\":\"https:\/\/schema.org\",\"@graph\":[{\"@type\":\"WebPage\",\"@id\":\"https:\/\/www.oasdi.ca\/vi\/about-oasdi\/\",\"url\":\"https:\/\/www.oasdi.ca\/vi\/about-oasdi\/\",\"name\":\"Gi\u1edbi Thi\u1ec7u | Hi\u1ec7p H\u1ed9i C\u00e1c H\u1ecdc Khu Qu\u1ed1c T\u1ebf \u1edf Ontario\",\"isPartOf\":{\"@id\":\"https:\/\/www.oasdi.ca\/vi\/#website\"},\"datePublished\":\"2020-03-16T14:19:20+00:00\",\"dateModified\":\"2020-04-18T00:07:59+00:00\",\"description\":\"Th\u00e0nh vi\u00ean Hi\u1ec7p H\u1ed9i C\u00e1c H\u1ecdc Khu Qu\u1ed1c T\u1ebf \u1edf Ontario hoan ngh\u00eanh v\u00e0 qu\u00fd tr\u1ecdng c\u00e1c h\u1ecdc sinh qu\u1ed1c t\u1ebf c\u1ee7a ch\u00fang t\u00f4i. T\u00ecm hi\u1ec3u th\u00eam v\u1ec1 hi\u1ec7p h\u1ed9i c\u1ee7a ch\u00fang t\u00f4i \u1edf \u0111\u00e2y.\",\"breadcrumb\":{\"@id\":\"https:\/\/www.oasdi.ca\/vi\/about-oasdi\/#breadcrumb\"},\"inLanguage\":\"vi-VN\",\"potentialAction\":[{\"@type\":\"ReadAction\",\"target\":[\"https:\/\/www.oasdi.ca\/vi\/about-oasdi\/\"]}]},{\"@type\":\"BreadcrumbList\",\"@id\":\"https:\/\/www.oasdi.ca\/vi\/about-oasdi\/#breadcrumb\",\"itemListElement\":[{\"@type\":\"ListItem\",\"position\":1,\"name\":\"Trang Ch\u1ee7\",\"item\":\"https:\/\/www.oasdi.ca\/vi\/\"},{\"@type\":\"ListItem\",\"position\":2,\"name\":\"Gi\u1edbi Thi\u1ec7u v\u1ec1 Hi\u1ec7p H\u1ed9i C\u00e1c H\u1ecdc Khu Qu\u1ed1c T\u1ebf \u1edf Ontario\"}]},{\"@type\":\"WebSite\",\"@id\":\"https:\/\/www.oasdi.ca\/vi\/#website\",\"url\":\"https:\/\/www.oasdi.ca\/vi\/\",\"name\":\"OASDI\",\"description\":\"Ontario Association of School District International\",\"publisher\":{\"@id\":\"https:\/\/www.oasdi.ca\/vi\/#organization\"},\"potentialAction\":[{\"@type\":\"SearchAction\",\"target\":{\"@type\":\"EntryPoint\",\"urlTemplate\":\"https:\/\/www.oasdi.ca\/vi\/?s={search_term_string}\"},\"query-input\":\"required name=search_term_string\"}],\"inLanguage\":\"vi-VN\"},{\"@type\":\"Organization\",\"@id\":\"https:\/\/www.oasdi.ca\/vi\/#organization\",\"name\":\"OASDI\",\"url\":\"https:\/\/www.oasdi.ca\/vi\/\",\"logo\":{\"@type\":\"ImageObject\",\"inLanguage\":\"vi-VN\",\"@id\":\"https:\/\/www.oasdi.ca\/vi\/#\/schema\/logo\/image\/\",\"url\":\"https:\/\/www.oasdi.ca\/wp-content\/uploads\/2020\/02\/cropped-oasdi-logo.png\",\"contentUrl\":\"https:\/\/www.oasdi.ca\/wp-content\/uploads\/2020\/02\/cropped-oasdi-logo.png\",\"width\":468,\"height\":96,\"caption\":\"OASDI\"},\"image\":{\"@id\":\"https:\/\/www.oasdi.ca\/vi\/#\/schema\/logo\/image\/\"}}]}<\/script>\n<!-- \/ Yoast SEO plugin. -->","yoast_head_json":{"title":"Gi\u1edbi Thi\u1ec7u | Hi\u1ec7p H\u1ed9i C\u00e1c H\u1ecdc Khu Qu\u1ed1c T\u1ebf \u1edf Ontario","description":"Th\u00e0nh vi\u00ean Hi\u1ec7p H\u1ed9i C\u00e1c H\u1ecdc Khu Qu\u1ed1c T\u1ebf \u1edf Ontario hoan ngh\u00eanh v\u00e0 qu\u00fd tr\u1ecdng c\u00e1c h\u1ecdc sinh qu\u1ed1c t\u1ebf c\u1ee7a ch\u00fang t\u00f4i. T\u00ecm hi\u1ec3u th\u00eam v\u1ec1 hi\u1ec7p h\u1ed9i c\u1ee7a ch\u00fang t\u00f4i \u1edf \u0111\u00e2y.","robots":{"index":"index","follow":"follow","max-snippet":"max-snippet:-1","max-image-preview":"max-image-preview:large","max-video-preview":"max-video-preview:-1"},"canonical":"https:\/\/www.oasdi.ca\/vi\/about-oasdi\/","og_locale":"vi_VN","og_type":"article","og_title":"Gi\u1edbi Thi\u1ec7u | Hi\u1ec7p H\u1ed9i C\u00e1c H\u1ecdc Khu Qu\u1ed1c T\u1ebf \u1edf Ontario","og_description":"Th\u00e0nh vi\u00ean Hi\u1ec7p H\u1ed9i C\u00e1c H\u1ecdc Khu Qu\u1ed1c T\u1ebf \u1edf Ontario hoan ngh\u00eanh v\u00e0 qu\u00fd tr\u1ecdng c\u00e1c h\u1ecdc sinh qu\u1ed1c t\u1ebf c\u1ee7a ch\u00fang t\u00f4i. T\u00ecm hi\u1ec3u th\u00eam v\u1ec1 hi\u1ec7p h\u1ed9i c\u1ee7a ch\u00fang t\u00f4i \u1edf \u0111\u00e2y.","og_url":"https:\/\/www.oasdi.ca\/vi\/about-oasdi\/","og_site_name":"OASDI","article_modified_time":"2020-04-18T00:07:59+00:00","og_image":[{"width":1440,"height":268,"url":"https:\/\/www.oasdi.ca\/wp-content\/uploads\/2020\/03\/oasdi-about-us.jpg","type":"image\/jpeg"}],"twitter_card":"summary_large_image","twitter_misc":{"Est. reading time":"2 minutes"},"schema":{"@context":"https:\/\/schema.org","@graph":[{"@type":"WebPage","@id":"https:\/\/www.oasdi.ca\/vi\/about-oasdi\/","url":"https:\/\/www.oasdi.ca\/vi\/about-oasdi\/","name":"Gi\u1edbi Thi\u1ec7u | Hi\u1ec7p H\u1ed9i C\u00e1c H\u1ecdc Khu Qu\u1ed1c T\u1ebf \u1edf Ontario","isPartOf":{"@id":"https:\/\/www.oasdi.ca\/vi\/#website"},"datePublished":"2020-03-16T14:19:20+00:00","dateModified":"2020-04-18T00:07:59+00:00","description":"Th\u00e0nh vi\u00ean Hi\u1ec7p H\u1ed9i C\u00e1c H\u1ecdc Khu Qu\u1ed1c T\u1ebf \u1edf Ontario hoan ngh\u00eanh v\u00e0 qu\u00fd tr\u1ecdng c\u00e1c h\u1ecdc sinh qu\u1ed1c t\u1ebf c\u1ee7a ch\u00fang t\u00f4i. T\u00ecm hi\u1ec3u th\u00eam v\u1ec1 hi\u1ec7p h\u1ed9i c\u1ee7a ch\u00fang t\u00f4i \u1edf \u0111\u00e2y.","breadcrumb":{"@id":"https:\/\/www.oasdi.ca\/vi\/about-oasdi\/#breadcrumb"},"inLanguage":"vi-VN","potentialAction":[{"@type":"ReadAction","target":["https:\/\/www.oasdi.ca\/vi\/about-oasdi\/"]}]},{"@type":"BreadcrumbList","@id":"https:\/\/www.oasdi.ca\/vi\/about-oasdi\/#breadcrumb","itemListElement":[{"@type":"ListItem","position":1,"name":"Trang Ch\u1ee7","item":"https:\/\/www.oasdi.ca\/vi\/"},{"@type":"ListItem","position":2,"name":"Gi\u1edbi Thi\u1ec7u v\u1ec1 Hi\u1ec7p H\u1ed9i C\u00e1c H\u1ecdc Khu Qu\u1ed1c T\u1ebf \u1edf Ontario"}]},{"@type":"WebSite","@id":"https:\/\/www.oasdi.ca\/vi\/#website","url":"https:\/\/www.oasdi.ca\/vi\/","name":"OASDI","description":"Ontario Association of School District International","publisher":{"@id":"https:\/\/www.oasdi.ca\/vi\/#organization"},"potentialAction":[{"@type":"SearchAction","target":{"@type":"EntryPoint","urlTemplate":"https:\/\/www.oasdi.ca\/vi\/?s={search_term_string}"},"query-input":"required name=search_term_string"}],"inLanguage":"vi-VN"},{"@type":"Organization","@id":"https:\/\/www.oasdi.ca\/vi\/#organization","name":"OASDI","url":"https:\/\/www.oasdi.ca\/vi\/","logo":{"@type":"ImageObject","inLanguage":"vi-VN","@id":"https:\/\/www.oasdi.ca\/vi\/#\/schema\/logo\/image\/","url":"https:\/\/www.oasdi.ca\/wp-content\/uploads\/2020\/02\/cropped-oasdi-logo.png","contentUrl":"https:\/\/www.oasdi.ca\/wp-content\/uploads\/2020\/02\/cropped-oasdi-logo.png","width":468,"height":96,"caption":"OASDI"},"image":{"@id":"https:\/\/www.oasdi.ca\/vi\/#\/schema\/logo\/image\/"}}]}},"_links":{"self":[{"href":"https:\/\/www.oasdi.ca\/vi\/wp-json\/wp\/v2\/pages\/17918"}],"collection":[{"href":"https:\/\/www.oasdi.ca\/vi\/wp-json\/wp\/v2\/pages"}],"about":[{"href":"https:\/\/www.oasdi.ca\/vi\/wp-json\/wp\/v2\/types\/page"}],"author":[{"embeddable":true,"href":"https:\/\/www.oasdi.ca\/vi\/wp-json\/wp\/v2\/users\/237"}],"replies":[{"embeddable":true,"href":"https:\/\/www.oasdi.ca\/vi\/wp-json\/wp\/v2\/comments?post=17918"}],"version-history":[{"count":0,"href":"https:\/\/www.oasdi.ca\/vi\/wp-json\/wp\/v2\/pages\/17918\/revisions"}],"wp:featuredmedia":[{"embeddable":true,"href":"https:\/\/www.oasdi.ca\/vi\/wp-json\/wp\/v2\/media\/17919"}],"wp:attachment":[{"href":"https:\/\/www.oasdi.ca\/vi\/wp-json\/wp\/v2\/media?parent=17918"}],"curies":[{"name":"wp","href":"https:\/\/api.w.org\/{rel}","templated":true}]}}