{"id":24098,"date":"2021-04-26T12:15:54","date_gmt":"2021-04-26T12:15:54","guid":{"rendered":"https:\/\/www.oasdi.ca\/a-propos-de-oasdi\/principles-of-membership\/"},"modified":"2021-04-26T12:47:44","modified_gmt":"2021-04-26T12:47:44","slug":"mission-et-origines","status":"publish","type":"page","link":"https:\/\/www.oasdi.ca\/fr\/a-propos-de-oasdi\/mission-et-origines\/","title":{"rendered":"Mission et origines de l&#8217;OASDI"},"content":{"rendered":"<div id=\"pl-24098\"  class=\"panel-layout\" ><div id=\"pg-24098-0\"  class=\"panel-grid panel-no-style\" ><div id=\"pgc-24098-0-0\"  class=\"panel-grid-cell\" ><div id=\"panel-24098-0-0-0\" class=\"so-panel widget widget_sow-image panel-first-child panel-last-child\" data-index=\"0\" ><div\n\t\t\t\n\t\t\tclass=\"so-widget-sow-image so-widget-sow-image-default-c4f6304fc136-24098\"\n\t\t\t\n\t\t>\n\n<div class=\"sow-image-container\">\n\t\t<img loading=\"lazy\" decoding=\"async\" src=\"https:\/\/www.oasdi.ca\/wp-content\/uploads\/2020\/03\/oasdi-img2jpg.jpg\" width=\"1440\" height=\"268\" srcset=\"https:\/\/www.oasdi.ca\/wp-content\/uploads\/2020\/03\/oasdi-img2jpg.jpg 1440w, https:\/\/www.oasdi.ca\/wp-content\/uploads\/2020\/03\/oasdi-img2jpg-250x47.jpg 250w, https:\/\/www.oasdi.ca\/wp-content\/uploads\/2020\/03\/oasdi-img2jpg-700x130.jpg 700w, https:\/\/www.oasdi.ca\/wp-content\/uploads\/2020\/03\/oasdi-img2jpg-768x143.jpg 768w, https:\/\/www.oasdi.ca\/wp-content\/uploads\/2020\/03\/oasdi-img2jpg-120x22.jpg 120w\" sizes=\"(max-width: 1440px) 100vw, 1440px\" alt=\"\" \t\tclass=\"so-widget-image\"\/>\n\t<\/div>\n\n<\/div><\/div><\/div><\/div><div id=\"pg-24098-1\"  class=\"panel-grid panel-has-style\" ><div class=\"has-container panel-row-style panel-row-style-for-24098-1\" ><div id=\"pgc-24098-1-0\"  class=\"panel-grid-cell\" ><div id=\"panel-24098-1-0-0\" class=\"so-panel widget widget_hem-seo-title-widget panel-first-child panel-last-child\" data-index=\"1\" ><div\n\t\t\t\n\t\t\tclass=\"so-widget-hem-seo-title-widget so-widget-hem-seo-title-widget-hem-seo-title-widget-style-d75171398898-24098\"\n\t\t\t\n\t\t>\n<h1 style=\"font-size:px;\">OASDI Notre mission et nos origines<\/h1>\n\n\n\n\t<!-- <div class=\"breadcrumb-trail\"><a href=\"index.php\">Home<\/a> \u00bb <span class=\"breadcrumb-current\">About<\/span><\/div> -->\n\t<div class=\"test1\"><span><span><a href=\"https:\/\/www.oasdi.ca\/fr\/\">Accueil<\/a><\/span><\/span><\/div>\n<\/div><\/div><\/div><\/div><\/div><div id=\"pg-24098-2\"  class=\"panel-grid panel-has-style\" ><div class=\"has-container panel-row-style panel-row-style-for-24098-2\" ><div id=\"pgc-24098-2-0\"  class=\"panel-grid-cell\" ><div id=\"panel-24098-2-0-0\" class=\"so-panel widget widget_hem-sidebar-menu-widget panel-first-child\" data-index=\"2\" ><div\n\t\t\t\n\t\t\tclass=\"so-widget-hem-sidebar-menu-widget so-widget-hem-sidebar-menu-widget-hem-sidebar-menu-widget-style-d75171398898-24098\"\n\t\t\t\n\t\t><div id=\"sidebar\">\n\t\t\t<ul id=\"side-menu\" class=\"side-menu menu-embedded\">\n\t\t\t\n\t\t\t\t\t\t\t\t\n\t\t\t\t\t\t\t\t\t\t\t<li><a class=\"active\" href=\"https:\/\/www.oasdi.ca\/fr\/a-propos-de-oasdi\/mission-et-origines\/\">Mission et origines de l'OASDI<\/a><\/li>\n\t\t\t\t\t\t\t\t\t\t\t\t\t\n\t\t\t\t\t\t\t\t\t\t\t<li><a href=\"https:\/\/www.oasdi.ca\/fr\/a-propos-de-oasdi\/standards-de-pratique\/\">Principes d\u2019adh\u00e9sion \u00e0 l\u2019AOCSI<\/a><\/li>\n\t\t\t\t\t\t\t\t\t\t\t\t\t\n\t\t\t\t\t\t\t\t\t\t\t<li><a href=\"https:\/\/www.oasdi.ca\/fr\/a-propos-de-oasdi\/membres-seulement\/\">Restricted content<\/a><\/li>\n\t\t\t\t\t\t\t\t\t\t\t\t\t\n\t\t\t\t\t\t\t\t\t\t\t<li><a href=\"https:\/\/www.oasdi.ca\/fr\/a-propos-de-oasdi\/nous-contacter\/\">Contacter l'Association Ontarienne des conseils scolaire - International<\/a><\/li>\n\t\t\t\t\t\t\t\t\t\t\t\t\t\n\t\t\t\t\t\t\t\t\t\t\t<li><a href=\"https:\/\/www.oasdi.ca\/fr\/a-propos-de-oasdi\/comite-executif\/\">Comit\u00e9 ex\u00e9cutif de l'Association Ontarienne des conseils scolaire - International<\/a><\/li>\n\t\t\t\t\t\t\t\t\t\t\n\n\t\t\t\t<!-- Extra menu -->\n\t\t\t\t\n\n\n\t\t\t\t\t<\/ul>\n\t\n\n<\/div><\/div><\/div><div id=\"panel-24098-2-0-1\" class=\"so-panel widget widget_hem-sidebar-link-widget panel-last-child\" data-index=\"3\" ><div\n\t\t\t\n\t\t\tclass=\"so-widget-hem-sidebar-link-widget so-widget-hem-sidebar-link-widget-hem-sidebar-link-widget-style-d75171398898-24098\"\n\t\t\t\n\t\t><div id=\"sidebar\" class=\"external-link-only\">\n\n\n\n\t\t\t\t<!-- Extra menu -->\n\t\t\t\t\t\t\t\t\t<ul id=\"side-menu\" class=\"side-menu menu-embedded\">\n\t\t\t\t\t\t\t\t\t\t\t\t\t\t\t\t\t\t\t\t\t<li><a  href=\"https:\/\/www.oasdi.ca\/map-search\/\">Map Overview<\/a><\/li>\n\t\t\t\t\t\t\t\t\t\t\t\t\t\t\n\t\t\t\t\t\t\t\t\t\t\t\t\t\t\t\t\t\t\t\t\t<li><a  href=\"https:\/\/www.oasdi.ca\/district-list\/\">District List<\/a><\/li>\n\t\t\t\t\t\t\t\t\t\t\t\t\t\t\n\t\t\t\t\t\t\t\n\t\t\t\t\t<\/ul>\n\t\t\t\t\n\t\t\t\t\n\n\n\n\n<\/div><\/div><\/div><\/div><div id=\"pgc-24098-2-1\"  class=\"panel-grid-cell\" ><div class=\"pl-sm-3 pl-md-5 panel-cell-style panel-cell-style-for-24098-2-1\" ><div id=\"panel-24098-2-1-0\" class=\"so-panel widget widget_sow-editor panel-first-child panel-last-child\" data-index=\"4\" ><div\n\t\t\t\n\t\t\tclass=\"so-widget-sow-editor so-widget-sow-editor-base\"\n\t\t\t\n\t\t>\n<div class=\"siteorigin-widget-tinymce textwidget\">\n\t<h2>Qui nous sommes<\/h2>\n<p>L'Ontario Association of School Districts International (OASDI) est une association \u00e0 but non lucratif compos\u00e9e d'\u00e9coles financ\u00e9es par l'\u00c9tat en Ontario, au Canada, qui ont mis en place des programmes pour \u00e9tudiants internationaux.<\/p>\n<h2>Mission<\/h2>\n<p>OASDI s'engage \u00e0 d\u00e9fendre et \u00e0 promouvoir des programmes d'\u00e9ducation internationale dans les \u00e9coles publiques de l'Ontario.<\/p>\n<h2>Domaines d'int\u00e9r\u00eat<\/h2>\n<ol>\n<li>Normes de qualit\u00e9 \/ normes de pratique<\/li>\n<li>\u00c9change d'informations \/ r\u00e9seautage \/ renforcement des capacit\u00e9s<\/li>\n<li>D\u00e9fense des int\u00e9r\u00eats ... la voix de l'Ontario Secondary & amp; \u00c9ducation internationale \u00e9l\u00e9mentaire JK-12<\/li>\n<li>Marketing international ... une marque \/ un visage provincial<\/li>\n<\/ol>\n<h2>Origine<\/h2>\n<p>En 2008, les conseils scolaires de l'Ontario impliqu\u00e9s dans l'\u00e9ducation internationale, de la maternelle \u00e0 la 12e ann\u00e9e, ont \u00e9t\u00e9 invit\u00e9s par des coll\u00e8gues \u00e0 participer \u00e0 des r\u00e9unions exploratoires pour examiner les possibilit\u00e9s de collaboration et de coop\u00e9ration entre les intervenants int\u00e9ress\u00e9s. L\u2019invitation a \u00e9t\u00e9 lanc\u00e9e aux conseils scolaires de l\u2019Ontario, soit par contact direct, si le service d\u2019\u00e9ducation internationale d\u2019un conseil scolaire \u00e9tait connu, soit par l\u2019interm\u00e9diaire du bureau du directeur. Cette r\u00e9union des intervenants de l'Ontario \u00e9tait une r\u00e9ponse logique au leadership et aux associations efficaces d\u00e9j\u00e0 bien \u00e9tablies dans d'autres provinces, notamment en Colombie-Britannique, en Alberta, au Manitoba et en Nouvelle-\u00c9cosse, et au niveau national, par le biais de l'Association canadienne des \u00e9coles publiques - International ( CAPS-I).<\/p>\n<p>En 2009, les commissions scolaires participantes se sont r\u00e9unies r\u00e9guli\u00e8rement et ont collabor\u00e9 \u00e0 trois projets importants:<\/p>\n<ol>\n<li>Une production vid\u00e9o de qualit\u00e9, en sept langues, faisant la promotion de la notori\u00e9t\u00e9 de la marque de l'\u00e9ducation ontarienne et de la gamme compl\u00e8te des possibilit\u00e9s d'enseignement en anglais pour les \u00e9tudiants internationaux, JK-12.<\/li>\n<li>Un voyage de familiarisation en Chine avec plusieurs partenaires de la commission scolaire.<\/li>\n<li>L'\u00e9tablissement de normes de pratique uniformes relatives aux \u00e9tudiants internationaux en visa h\u00e9berg\u00e9s dans les \u00e9coles de l'Ontario<\/li>\n<\/ol>\n<p>En r\u00e9ponse \u00e0 la valeur d\u00e9montr\u00e9e de cette coop\u00e9ration, l'Association ontarienne des districts scolaires internationaux (OASDI), une association \u00e0 but non lucratif, a \u00e9t\u00e9 cr\u00e9\u00e9e avec 16 conseils scolaires fondateurs de l'Ontario financ\u00e9s par l'\u00c9tat. La mission, les politiques et l'infrastructure de l'OASDI s'alignent sur l'exp\u00e9rience de nos coll\u00e8gues des autres provinces et au niveau national et profitent de celle-ci. Les programmes individuels d'\u00e9ducation internationale des conseils scolaires de l'Ontario - \u00e9chelle et port\u00e9e - ainsi que les mod\u00e8les administratifs, de dotation en personnel et de financement sont vari\u00e9s et propres \u00e0 chaque conseil scolaire participant.<\/p>\n<\/div>\n<\/div><\/div><\/div><\/div><\/div><\/div><\/div>","protected":false},"excerpt":{"rendered":"OASDI Notre mission et nos origines Accueil Mission et origines de l&#8217;OASDI Principes d\u2019adh\u00e9sion \u00e0 l\u2019AOCSI Restricted content Contacter l&#8217;Association Ontarienne des conseils scolaire &#8211; International Comit\u00e9 ex\u00e9cutif de l&#8217;Association Ontarienne des conseils scolaire &#8211; International Map Overview District List Qui nous sommes L&#8217;Ontario Association of School Districts International (OASDI) est une association \u00e0 but&#8230; <a class=\"view-article\" href=\"https:\/\/www.oasdi.ca\/fr\/a-propos-de-oasdi\/mission-et-origines\/\">View Article<\/a>","protected":false},"author":237,"featured_media":15653,"parent":17916,"menu_order":0,"comment_status":"closed","ping_status":"closed","template":"","meta":{"footnotes":""},"class_list":["post-24098","page","type-page","status-publish","has-post-thumbnail","hentry"],"yoast_head":"<!-- This site is optimized with the Yoast SEO plugin v21.5 - https:\/\/yoast.com\/wordpress\/plugins\/seo\/ -->\n<title>Mission et origines de l&#039;OASDI | Assoc. Ontarienne des Conseils scolaires International<\/title>\n<meta name=\"description\" content=\"L&#039;Ontario Association of School Districts International (OASDI) est une association \u00e0 but non lucratif compos\u00e9e d&#039;\u00e9coles financ\u00e9es par l&#039;\u00c9tat en Ontario, au Canada, qui ont mis en place des programmes pour \u00e9tudiants internationaux.\" \/>\n<meta name=\"robots\" content=\"index, follow, max-snippet:-1, max-image-preview:large, max-video-preview:-1\" \/>\n<link rel=\"canonical\" href=\"https:\/\/www.oasdi.ca\/fr\/a-propos-de-oasdi\/mission-et-origines\/\" \/>\n<meta property=\"og:locale\" content=\"fr_FR\" \/>\n<meta property=\"og:type\" content=\"article\" \/>\n<meta property=\"og:title\" content=\"Mission et origines de l&#039;OASDI | Assoc. Ontarienne des Conseils scolaires International\" \/>\n<meta property=\"og:description\" content=\"L&#039;Ontario Association of School Districts International (OASDI) est une association \u00e0 but non lucratif compos\u00e9e d&#039;\u00e9coles financ\u00e9es par l&#039;\u00c9tat en Ontario, au Canada, qui ont mis en place des programmes pour \u00e9tudiants internationaux.\" \/>\n<meta property=\"og:url\" content=\"https:\/\/www.oasdi.ca\/fr\/a-propos-de-oasdi\/mission-et-origines\/\" \/>\n<meta property=\"og:site_name\" content=\"OASDI\" \/>\n<meta property=\"article:modified_time\" content=\"2021-04-26T12:47:44+00:00\" \/>\n<meta property=\"og:image\" content=\"https:\/\/www.oasdi.ca\/wp-content\/uploads\/2020\/03\/oasdi-about-us.jpg\" \/>\n\t<meta property=\"og:image:width\" content=\"1440\" \/>\n\t<meta property=\"og:image:height\" content=\"268\" \/>\n\t<meta property=\"og:image:type\" content=\"image\/jpeg\" \/>\n<meta name=\"twitter:card\" content=\"summary_large_image\" \/>\n<meta name=\"twitter:label1\" content=\"Dur\u00e9e de lecture estim\u00e9e\" \/>\n\t<meta name=\"twitter:data1\" content=\"2 minutes\" \/>\n<script type=\"application\/ld+json\" class=\"yoast-schema-graph\">{\"@context\":\"https:\/\/schema.org\",\"@graph\":[{\"@type\":\"WebPage\",\"@id\":\"https:\/\/www.oasdi.ca\/fr\/a-propos-de-oasdi\/mission-et-origines\/\",\"url\":\"https:\/\/www.oasdi.ca\/fr\/a-propos-de-oasdi\/mission-et-origines\/\",\"name\":\"Mission et origines de l'OASDI | Assoc. Ontarienne des Conseils scolaires International\",\"isPartOf\":{\"@id\":\"https:\/\/www.oasdi.ca\/fr\/#website\"},\"datePublished\":\"2021-04-26T12:15:54+00:00\",\"dateModified\":\"2021-04-26T12:47:44+00:00\",\"description\":\"L'Ontario Association of School Districts International (OASDI) est une association \u00e0 but non lucratif compos\u00e9e d'\u00e9coles financ\u00e9es par l'\u00c9tat en Ontario, au Canada, qui ont mis en place des programmes pour \u00e9tudiants internationaux.\",\"breadcrumb\":{\"@id\":\"https:\/\/www.oasdi.ca\/fr\/a-propos-de-oasdi\/mission-et-origines\/#breadcrumb\"},\"inLanguage\":\"fr-FR\",\"potentialAction\":[{\"@type\":\"ReadAction\",\"target\":[\"https:\/\/www.oasdi.ca\/fr\/a-propos-de-oasdi\/mission-et-origines\/\"]}]},{\"@type\":\"BreadcrumbList\",\"@id\":\"https:\/\/www.oasdi.ca\/fr\/a-propos-de-oasdi\/mission-et-origines\/#breadcrumb\",\"itemListElement\":[{\"@type\":\"ListItem\",\"position\":1,\"name\":\"Accueil\",\"item\":\"https:\/\/www.oasdi.ca\/fr\/\"},{\"@type\":\"ListItem\",\"position\":2,\"name\":\"\u00c0 propos de l&#8217;Association Ontarienne des conseils scolaire &#8211; International\",\"item\":\"https:\/\/www.oasdi.ca\/fr\/a-propos-de-oasdi\/\"},{\"@type\":\"ListItem\",\"position\":3,\"name\":\"Mission et origines de l&#8217;OASDI\"}]},{\"@type\":\"WebSite\",\"@id\":\"https:\/\/www.oasdi.ca\/fr\/#website\",\"url\":\"https:\/\/www.oasdi.ca\/fr\/\",\"name\":\"OASDI\",\"description\":\"Ontario Association of School District International\",\"publisher\":{\"@id\":\"https:\/\/www.oasdi.ca\/fr\/#organization\"},\"potentialAction\":[{\"@type\":\"SearchAction\",\"target\":{\"@type\":\"EntryPoint\",\"urlTemplate\":\"https:\/\/www.oasdi.ca\/fr\/?s={search_term_string}\"},\"query-input\":\"required name=search_term_string\"}],\"inLanguage\":\"fr-FR\"},{\"@type\":\"Organization\",\"@id\":\"https:\/\/www.oasdi.ca\/fr\/#organization\",\"name\":\"OASDI\",\"url\":\"https:\/\/www.oasdi.ca\/fr\/\",\"logo\":{\"@type\":\"ImageObject\",\"inLanguage\":\"fr-FR\",\"@id\":\"https:\/\/www.oasdi.ca\/fr\/#\/schema\/logo\/image\/\",\"url\":\"https:\/\/www.oasdi.ca\/wp-content\/uploads\/2020\/02\/cropped-oasdi-logo.png\",\"contentUrl\":\"https:\/\/www.oasdi.ca\/wp-content\/uploads\/2020\/02\/cropped-oasdi-logo.png\",\"width\":468,\"height\":96,\"caption\":\"OASDI\"},\"image\":{\"@id\":\"https:\/\/www.oasdi.ca\/fr\/#\/schema\/logo\/image\/\"}}]}<\/script>\n<!-- \/ Yoast SEO plugin. -->","yoast_head_json":{"title":"Mission et origines de l'OASDI | Assoc. Ontarienne des Conseils scolaires International","description":"L'Ontario Association of School Districts International (OASDI) est une association \u00e0 but non lucratif compos\u00e9e d'\u00e9coles financ\u00e9es par l'\u00c9tat en Ontario, au Canada, qui ont mis en place des programmes pour \u00e9tudiants internationaux.","robots":{"index":"index","follow":"follow","max-snippet":"max-snippet:-1","max-image-preview":"max-image-preview:large","max-video-preview":"max-video-preview:-1"},"canonical":"https:\/\/www.oasdi.ca\/fr\/a-propos-de-oasdi\/mission-et-origines\/","og_locale":"fr_FR","og_type":"article","og_title":"Mission et origines de l'OASDI | Assoc. Ontarienne des Conseils scolaires International","og_description":"L'Ontario Association of School Districts International (OASDI) est une association \u00e0 but non lucratif compos\u00e9e d'\u00e9coles financ\u00e9es par l'\u00c9tat en Ontario, au Canada, qui ont mis en place des programmes pour \u00e9tudiants internationaux.","og_url":"https:\/\/www.oasdi.ca\/fr\/a-propos-de-oasdi\/mission-et-origines\/","og_site_name":"OASDI","article_modified_time":"2021-04-26T12:47:44+00:00","og_image":[{"width":1440,"height":268,"url":"https:\/\/www.oasdi.ca\/wp-content\/uploads\/2020\/03\/oasdi-about-us.jpg","type":"image\/jpeg"}],"twitter_card":"summary_large_image","twitter_misc":{"Dur\u00e9e de lecture estim\u00e9e":"2 minutes"},"schema":{"@context":"https:\/\/schema.org","@graph":[{"@type":"WebPage","@id":"https:\/\/www.oasdi.ca\/fr\/a-propos-de-oasdi\/mission-et-origines\/","url":"https:\/\/www.oasdi.ca\/fr\/a-propos-de-oasdi\/mission-et-origines\/","name":"Mission et origines de l'OASDI | Assoc. Ontarienne des Conseils scolaires International","isPartOf":{"@id":"https:\/\/www.oasdi.ca\/fr\/#website"},"datePublished":"2021-04-26T12:15:54+00:00","dateModified":"2021-04-26T12:47:44+00:00","description":"L'Ontario Association of School Districts International (OASDI) est une association \u00e0 but non lucratif compos\u00e9e d'\u00e9coles financ\u00e9es par l'\u00c9tat en Ontario, au Canada, qui ont mis en place des programmes pour \u00e9tudiants internationaux.","breadcrumb":{"@id":"https:\/\/www.oasdi.ca\/fr\/a-propos-de-oasdi\/mission-et-origines\/#breadcrumb"},"inLanguage":"fr-FR","potentialAction":[{"@type":"ReadAction","target":["https:\/\/www.oasdi.ca\/fr\/a-propos-de-oasdi\/mission-et-origines\/"]}]},{"@type":"BreadcrumbList","@id":"https:\/\/www.oasdi.ca\/fr\/a-propos-de-oasdi\/mission-et-origines\/#breadcrumb","itemListElement":[{"@type":"ListItem","position":1,"name":"Accueil","item":"https:\/\/www.oasdi.ca\/fr\/"},{"@type":"ListItem","position":2,"name":"\u00c0 propos de l&#8217;Association Ontarienne des conseils scolaire &#8211; International","item":"https:\/\/www.oasdi.ca\/fr\/a-propos-de-oasdi\/"},{"@type":"ListItem","position":3,"name":"Mission et origines de l&#8217;OASDI"}]},{"@type":"WebSite","@id":"https:\/\/www.oasdi.ca\/fr\/#website","url":"https:\/\/www.oasdi.ca\/fr\/","name":"OASDI","description":"Ontario Association of School District International","publisher":{"@id":"https:\/\/www.oasdi.ca\/fr\/#organization"},"potentialAction":[{"@type":"SearchAction","target":{"@type":"EntryPoint","urlTemplate":"https:\/\/www.oasdi.ca\/fr\/?s={search_term_string}"},"query-input":"required name=search_term_string"}],"inLanguage":"fr-FR"},{"@type":"Organization","@id":"https:\/\/www.oasdi.ca\/fr\/#organization","name":"OASDI","url":"https:\/\/www.oasdi.ca\/fr\/","logo":{"@type":"ImageObject","inLanguage":"fr-FR","@id":"https:\/\/www.oasdi.ca\/fr\/#\/schema\/logo\/image\/","url":"https:\/\/www.oasdi.ca\/wp-content\/uploads\/2020\/02\/cropped-oasdi-logo.png","contentUrl":"https:\/\/www.oasdi.ca\/wp-content\/uploads\/2020\/02\/cropped-oasdi-logo.png","width":468,"height":96,"caption":"OASDI"},"image":{"@id":"https:\/\/www.oasdi.ca\/fr\/#\/schema\/logo\/image\/"}}]}},"_links":{"self":[{"href":"https:\/\/www.oasdi.ca\/fr\/wp-json\/wp\/v2\/pages\/24098"}],"collection":[{"href":"https:\/\/www.oasdi.ca\/fr\/wp-json\/wp\/v2\/pages"}],"about":[{"href":"https:\/\/www.oasdi.ca\/fr\/wp-json\/wp\/v2\/types\/page"}],"author":[{"embeddable":true,"href":"https:\/\/www.oasdi.ca\/fr\/wp-json\/wp\/v2\/users\/237"}],"replies":[{"embeddable":true,"href":"https:\/\/www.oasdi.ca\/fr\/wp-json\/wp\/v2\/comments?post=24098"}],"version-history":[{"count":0,"href":"https:\/\/www.oasdi.ca\/fr\/wp-json\/wp\/v2\/pages\/24098\/revisions"}],"up":[{"embeddable":true,"href":"https:\/\/www.oasdi.ca\/fr\/wp-json\/wp\/v2\/pages\/17916"}],"wp:featuredmedia":[{"embeddable":true,"href":"https:\/\/www.oasdi.ca\/fr\/wp-json\/wp\/v2\/media\/15653"}],"wp:attachment":[{"href":"https:\/\/www.oasdi.ca\/fr\/wp-json\/wp\/v2\/media?parent=24098"}],"curies":[{"name":"wp","href":"https:\/\/api.w.org\/{rel}","templated":true}]}}