{"id":21964,"date":"2020-03-18T13:44:26","date_gmt":"2020-03-18T13:44:26","guid":{"rendered":"http:\/\/oasdi.ca\/districts-scolaires-ontario\/districts-scolaires-oasdi\/english-districts\/"},"modified":"2020-04-26T04:05:14","modified_gmt":"2020-04-26T04:05:14","slug":"districts-anglophones","status":"publish","type":"page","link":"https:\/\/www.oasdi.ca\/fr\/districts-scolaires-ontario\/districts-scolaires-oasdi\/districts-anglophones\/","title":{"rendered":"Conseils scolaires anglais membres de l&#8217;AOCSI"},"content":{"rendered":"<div id=\"pl-21964\"  class=\"panel-layout\" ><div id=\"pg-21964-0\"  class=\"panel-grid panel-no-style\" ><div id=\"pgc-21964-0-0\"  class=\"panel-grid-cell\" ><div id=\"panel-21964-0-0-0\" class=\"so-panel widget widget_sow-image panel-first-child panel-last-child\" data-index=\"0\" ><div class=\"is-featured-img panel-widget-style panel-widget-style-for-21964-0-0-0\" ><div\n\t\t\t\n\t\t\tclass=\"so-widget-sow-image so-widget-sow-image-default-c4f6304fc136-21964\"\n\t\t\t\n\t\t>\n\n<div class=\"sow-image-container\">\n\t\t<img loading=\"lazy\" decoding=\"async\" src=\"https:\/\/www.oasdi.ca\/wp-content\/uploads\/2020\/03\/OASDI-Member-English-Districts.jpg\" width=\"1440\" height=\"268\" srcset=\"https:\/\/www.oasdi.ca\/wp-content\/uploads\/2020\/03\/OASDI-Member-English-Districts.jpg 1440w, https:\/\/www.oasdi.ca\/wp-content\/uploads\/2020\/03\/OASDI-Member-English-Districts-250x47.jpg 250w, https:\/\/www.oasdi.ca\/wp-content\/uploads\/2020\/03\/OASDI-Member-English-Districts-700x130.jpg 700w, https:\/\/www.oasdi.ca\/wp-content\/uploads\/2020\/03\/OASDI-Member-English-Districts-768x143.jpg 768w, https:\/\/www.oasdi.ca\/wp-content\/uploads\/2020\/03\/OASDI-Member-English-Districts-120x22.jpg 120w\" sizes=\"(max-width: 1440px) 100vw, 1440px\" title=\"OASDI Member English Districts\" alt=\"OASDI English Member School Districts\" \t\tclass=\"so-widget-image\"\/>\n\t<\/div>\n\n<\/div><\/div><\/div><\/div><\/div><div id=\"pg-21964-1\"  class=\"panel-grid panel-has-style\" ><div class=\"has-container panel-row-style panel-row-style-for-21964-1\" ><div id=\"pgc-21964-1-0\"  class=\"panel-grid-cell\" ><div id=\"panel-21964-1-0-0\" class=\"so-panel widget widget_hem-seo-title-widget panel-first-child panel-last-child\" data-index=\"1\" ><div class=\"panel-widget-style panel-widget-style-for-21964-1-0-0\" ><div\n\t\t\t\n\t\t\tclass=\"so-widget-hem-seo-title-widget so-widget-hem-seo-title-widget-hem-seo-title-widget-style-d75171398898-21964\"\n\t\t\t\n\t\t>\n<h1 style=\"font-size:px;\">Conseils scolaires anglais membres de l'AOCSI<\/h1>\n\n\n\n\t<!-- <div class=\"breadcrumb-trail\"><a href=\"index.php\">Home<\/a> \u00bb <span class=\"breadcrumb-current\">About<\/span><\/div> -->\n\t<div class=\"test1\"><span><span><a href=\"https:\/\/www.oasdi.ca\/fr\/\">Accueil<\/a><\/span><\/span><\/div>\n<\/div><\/div><\/div><\/div><\/div><\/div><div id=\"pg-21964-2\"  class=\"panel-grid panel-has-style\" ><div class=\"has-container panel-row-style panel-row-style-for-21964-2\" ><div id=\"pgc-21964-2-0\"  class=\"panel-grid-cell\" ><div id=\"panel-21964-2-0-0\" class=\"so-panel widget widget_hem-sidebar-menu-widget panel-first-child\" data-index=\"2\" ><div\n\t\t\t\n\t\t\tclass=\"so-widget-hem-sidebar-menu-widget so-widget-hem-sidebar-menu-widget-hem-sidebar-menu-widget-style-d75171398898-21964\"\n\t\t\t\n\t\t><div id=\"sidebar\">\n\t\t\t<ul id=\"side-menu\" class=\"side-menu menu-embedded\">\n\t\t\t\n\t\t\t\t\t\t\t\t\n\t\t\t\t\t\t\t\t\t\t\t<li><a href=\"https:\/\/www.oasdi.ca\/fr\/districts-scolaires-ontario\/districts-scolaires-oasdi\/districts-francophones\/\">Conseils scolaires fran\u00e7ais membres de l'AOCSI<\/a><\/li>\n\t\t\t\t\t\t\t\t\t\t\t\t\t\n\t\t\t\t\t\t\t\t\t\t\t<li><a class=\"active\" href=\"https:\/\/www.oasdi.ca\/fr\/districts-scolaires-ontario\/districts-scolaires-oasdi\/districts-anglophones\/\">Conseils scolaires anglais membres de l'AOCSI<\/a><\/li>\n\t\t\t\t\t\t\t\t\t\t\n\n\t\t\t\t<!-- Extra menu -->\n\t\t\t\t\n\n\n\t\t\t\t\t<\/ul>\n\t\n\n<\/div><\/div><\/div><div id=\"panel-21964-2-0-1\" class=\"so-panel widget widget_hem-sidebar-link-widget panel-last-child\" data-index=\"3\" ><div\n\t\t\t\n\t\t\tclass=\"so-widget-hem-sidebar-link-widget so-widget-hem-sidebar-link-widget-hem-sidebar-link-widget-style-d75171398898-21964\"\n\t\t\t\n\t\t><div id=\"sidebar\" class=\"external-link-only\">\n\n\n\n\t\t\t\t<!-- Extra menu -->\n\t\t\t\t\t\t\t\t\t<ul id=\"side-menu\" class=\"side-menu menu-embedded\">\n\t\t\t\t\t\t\t\t\t\t\t\t\t\t\t\t\t\t\t\t\t<li><a  href=\"https:\/\/www.oasdi.ca\/map-search\/\">Map Overview<\/a><\/li>\n\t\t\t\t\t\t\t\t\t\t\t\t\t\t\n\t\t\t\t\t\t\t\t\t\t\t\t\t\t\t\t\t\t\t\t\t<li><a  href=\"https:\/\/www.oasdi.ca\/district-list\/\">District List<\/a><\/li>\n\t\t\t\t\t\t\t\t\t\t\t\t\t\t\n\t\t\t\t\t\t\t\n\t\t\t\t\t<\/ul>\n\t\t\t\t\n\t\t\t\t\n\n\n\n\n<\/div><\/div><\/div><\/div><div id=\"pgc-21964-2-1\"  class=\"panel-grid-cell\" ><div class=\"pl-sm-3 pl-md-5 panel-cell-style panel-cell-style-for-21964-2-1\" ><div id=\"panel-21964-2-1-0\" class=\"widget_text so-panel widget widget_custom_html panel-first-child panel-last-child\" data-index=\"4\" ><div class=\"textwidget custom-html-widget\"><h3>\n\tCentral Region\n<\/h3>\n<ul class=\"district-listing\"><li><a href=\"https:\/\/www.oasdi.ca\/fr\/districts\/kawartha-pine-ridge-district-school-board\/\">Kawartha Pine Ridge District School Board<\/a><\/li><li><a href=\"https:\/\/www.oasdi.ca\/districts\/york-catholic-district-school-board\/\">York Catholic District School Board<\/a><\/li><li><a href=\"https:\/\/www.oasdi.ca\/fr\/districts\/simcoe-county-district-school-board\/\">Simcoe County District School Board (SCDSB)<\/a><\/li><li><a href=\"https:\/\/www.oasdi.ca\/fr\/districts\/york-region-district-school-board\/\">York Region District School Board (YRDSB)<\/a><\/li><li><a href=\"https:\/\/www.oasdi.ca\/fr\/districts\/toronto-district-school-board\/\">Toronto District School Board (TDSB)<\/a><\/li><li><a href=\"https:\/\/www.oasdi.ca\/fr\/districts\/toronto-catholic-district-school-board\/\">Toronto Catholic District School Board (TCDSB)<\/a><\/li><li><a href=\"https:\/\/www.oasdi.ca\/fr\/districts\/peel-district-school-board\/\">Peel District School Board (PDSB)<\/a><\/li><li><a href=\"https:\/\/www.oasdi.ca\/fr\/districts\/halton-district-school-board\/\">Halton District School Board (HDSB)<\/a><\/li><li><a href=\"https:\/\/www.oasdi.ca\/fr\/districts\/halton-catholic-district-school-board\/\">Halton Catholic District School Board (HCDSB)<\/a><\/li><li><a href=\"https:\/\/www.oasdi.ca\/fr\/districts\/durham-district-school-board\/\">Durham Catholic District School Board (DCDSB)<\/a><\/li><li><a href=\"https:\/\/www.oasdi.ca\/fr\/districts\/dufferin-peel-catholic-district-school-board\/\">Dufferin-Peel Catholic District School Board (DPCDSB)<\/a><\/li><\/ul>\n\n<h3 class=\"mt-5\">\n\tEastern RegionCentral Region\n<\/h3>\n<ul class=\"district-listing\"><li><a href=\"https:\/\/www.oasdi.ca\/fr\/districts\/limestone-district-school-board\/\">Limestone District School Board (LDSB)<\/a><\/li><li><a href=\"https:\/\/www.oasdi.ca\/fr\/districts\/ottawa-carleton-district-school-board\/\">Ottawa-Carleton District School Board (OCDSB)<\/a><\/li><li><a href=\"https:\/\/www.oasdi.ca\/districts\/upper-canada-district-school-board\/\">Upper Canada District School Board (UCDSB)<\/a><\/li><li><a href=\"https:\/\/www.oasdi.ca\/fr\/districts\/renfrew-county-district-school-board\/\">Renfrew County District School Board (RCDSB)<\/a><\/li><li><a href=\"https:\/\/www.oasdi.ca\/fr\/districts\/ottawa-catholic-school-board\/\">Ottawa Catholic School Board (OCSB)<\/a><\/li><li><a href=\"https:\/\/www.oasdi.ca\/fr\/districts\/catholic-district-school-board-of-eastern-ontario\/\">Catholic District School Board of Eastern Ontario (CDSBEO)<\/a><\/li><li><a href=\"https:\/\/www.oasdi.ca\/fr\/districts\/algonquin-and-lakeshore-catholic-district-school-board\/\">Algonquin and Lakeshore Catholic District School Board (ALCDSB)<\/a><\/li><\/ul>\n\n\n<h3 class=\"mt-5\">\n\tNorth-Eastern Region\n<\/h3>\n<ul class=\"district-listing\"><li><a href=\"https:\/\/www.oasdi.ca\/fr\/districts\/near-north-district-school-board\/\">Near North District School Board (NNDSB)<\/a><\/li><li><a href=\"https:\/\/www.oasdi.ca\/districts\/hastings-and-prince-edward-district-school-board\/\">Hastings and Prince Edward District School Board (HPEDSB)<\/a><\/li><\/ul>\n\n<h3 class=\"mt-5\">\n\tNorthern Region\n<\/h3>\n<ul class=\"district-listing\"><li><a href=\"https:\/\/www.oasdi.ca\/fr\/districts\/lakehead-public-schools-2\/\">Lakehead Public Schools<\/a><\/li><li><a href=\"https:\/\/www.oasdi.ca\/fr\/districts\/sudbury-catholic-district-school-board\/\">Sudbury Catholic District School Board<\/a><\/li><li><a href=\"https:\/\/www.oasdi.ca\/fr\/districts\/rainbow-district\/\">Rainbow District School Board (RDSB)<\/a><\/li><\/ul>\n\n\n<h3 class=\"mt-5\">\n\tSouthern Region\n<\/h3>\n<ul class=\"district-listing\"><li><a href=\"https:\/\/www.oasdi.ca\/districts\/grand-erie-district-school-board-associate-member\/\">Grand Erie District School Board (GEDSB)<\/a><\/li><li><a href=\"https:\/\/www.oasdi.ca\/fr\/districts\/waterloo-region-district-school-board\/\">Waterloo Region District School Board (WRDSB)<\/a><\/li><li><a href=\"https:\/\/www.oasdi.ca\/fr\/districts\/upper-grand-district-school-board\/\">Upper Grand District School Board (UGDSB)<\/a><\/li><li><a href=\"https:\/\/www.oasdi.ca\/fr\/districts\/niagara-catholic-district-school-board\/\">Niagara Catholic District School Board (NCDSB)<\/a><\/li><li><a href=\"https:\/\/www.oasdi.ca\/districts\/hamilton-wentworth-district-school-board\/\">Hamilton-Wentworth District School Board (HWDSB)<\/a><\/li><li><a href=\"https:\/\/www.oasdi.ca\/districts\/district-school-board-of-niagara\/\">District School Board of Niagara (DSBN)<\/a><\/li><\/ul>\n\n\n<h3 class=\"mt-5\">\n\tWestern Region\n<\/h3>\n<ul class=\"district-listing\"><li><a href=\"https:\/\/www.oasdi.ca\/fr\/districts\/thames-valley-district-school-board\/\">Thames Valley District School Board (TVDSB)<\/a><\/li><li><a href=\"https:\/\/www.oasdi.ca\/fr\/districts\/lambton-kent-district-school-board\/\">Lambton Kent District School Board (LKDSB)<\/a><\/li><li><a href=\"https:\/\/www.oasdi.ca\/districts\/huron-perth-catholic-district-school-board\/\">Huron-Perth Catholic District School Board (HPCDSB)<\/a><\/li><li><a href=\"https:\/\/www.oasdi.ca\/fr\/districts\/greater-essex-county-district-school-board\/\">Greater Essex County District School Board (GECDSB)<\/a><\/li><li><a href=\"https:\/\/www.oasdi.ca\/fr\/districts\/avon-maitland-district-school-board\/\">Avon Maitland District School Board (AMDSB)<\/a><\/li><\/ul>\n<\/div><\/div><\/div><\/div><\/div><\/div><\/div>","protected":false},"excerpt":{"rendered":"Conseils scolaires anglais membres de l&#8217;AOCSI Accueil Conseils scolaires fran\u00e7ais membres de l&#8217;AOCSI Conseils scolaires anglais membres de l&#8217;AOCSI Map Overview District List Central Region Kawartha Pine Ridge District School BoardYork Catholic District School BoardSimcoe County District School Board (SCDSB)York Region District School Board (YRDSB)Toronto District School Board (TDSB)Toronto Catholic District School Board (TCDSB)Peel District&#8230; <a class=\"view-article\" href=\"https:\/\/www.oasdi.ca\/fr\/districts-scolaires-ontario\/districts-scolaires-oasdi\/districts-anglophones\/\">View Article<\/a>","protected":false},"author":237,"featured_media":15976,"parent":17993,"menu_order":594,"comment_status":"closed","ping_status":"closed","template":"","meta":{"footnotes":""},"class_list":["post-21964","page","type-page","status-publish","has-post-thumbnail","hentry"],"yoast_head":"<!-- This site is optimized with the Yoast SEO plugin v21.5 - https:\/\/yoast.com\/wordpress\/plugins\/seo\/ -->\n<title>Conseils scolaires anglais | \u00c9tudier en Ontario | AOCSI<\/title>\n<meta name=\"description\" content=\"L&#039;AOCSI est compos\u00e9e d&#039;\u00e9coles de tout l&#039;Ontario. Pour consulter la liste des membres des conseils scolaires anglais, cliquez ici.\" \/>\n<meta name=\"robots\" content=\"index, follow, max-snippet:-1, max-image-preview:large, max-video-preview:-1\" \/>\n<link rel=\"canonical\" href=\"https:\/\/www.oasdi.ca\/fr\/districts-scolaires-ontario\/districts-scolaires-oasdi\/districts-anglophones\/\" \/>\n<meta property=\"og:locale\" content=\"fr_FR\" \/>\n<meta property=\"og:type\" content=\"article\" \/>\n<meta property=\"og:title\" content=\"Conseils scolaires anglais | \u00c9tudier en Ontario | AOCSI\" \/>\n<meta property=\"og:description\" content=\"L&#039;AOCSI est compos\u00e9e d&#039;\u00e9coles de tout l&#039;Ontario. Pour consulter la liste des membres des conseils scolaires anglais, cliquez ici.\" \/>\n<meta property=\"og:url\" content=\"https:\/\/www.oasdi.ca\/fr\/districts-scolaires-ontario\/districts-scolaires-oasdi\/districts-anglophones\/\" \/>\n<meta property=\"og:site_name\" content=\"OASDI\" \/>\n<meta property=\"article:modified_time\" content=\"2020-04-26T04:05:14+00:00\" \/>\n<meta property=\"og:image\" content=\"https:\/\/www.oasdi.ca\/wp-content\/uploads\/2020\/03\/OASDI-Member-English-Districts.jpg\" \/>\n\t<meta property=\"og:image:width\" content=\"1440\" \/>\n\t<meta property=\"og:image:height\" content=\"268\" \/>\n\t<meta property=\"og:image:type\" content=\"image\/jpeg\" \/>\n<meta name=\"twitter:card\" content=\"summary_large_image\" \/>\n<script type=\"application\/ld+json\" class=\"yoast-schema-graph\">{\"@context\":\"https:\/\/schema.org\",\"@graph\":[{\"@type\":\"WebPage\",\"@id\":\"https:\/\/www.oasdi.ca\/fr\/districts-scolaires-ontario\/districts-scolaires-oasdi\/districts-anglophones\/\",\"url\":\"https:\/\/www.oasdi.ca\/fr\/districts-scolaires-ontario\/districts-scolaires-oasdi\/districts-anglophones\/\",\"name\":\"Conseils scolaires anglais | \u00c9tudier en Ontario | AOCSI\",\"isPartOf\":{\"@id\":\"https:\/\/www.oasdi.ca\/fr\/#website\"},\"datePublished\":\"2020-03-18T13:44:26+00:00\",\"dateModified\":\"2020-04-26T04:05:14+00:00\",\"description\":\"L'AOCSI est compos\u00e9e d'\u00e9coles de tout l'Ontario. Pour consulter la liste des membres des conseils scolaires anglais, cliquez ici.\",\"breadcrumb\":{\"@id\":\"https:\/\/www.oasdi.ca\/fr\/districts-scolaires-ontario\/districts-scolaires-oasdi\/districts-anglophones\/#breadcrumb\"},\"inLanguage\":\"fr-FR\",\"potentialAction\":[{\"@type\":\"ReadAction\",\"target\":[\"https:\/\/www.oasdi.ca\/fr\/districts-scolaires-ontario\/districts-scolaires-oasdi\/districts-anglophones\/\"]}]},{\"@type\":\"BreadcrumbList\",\"@id\":\"https:\/\/www.oasdi.ca\/fr\/districts-scolaires-ontario\/districts-scolaires-oasdi\/districts-anglophones\/#breadcrumb\",\"itemListElement\":[{\"@type\":\"ListItem\",\"position\":1,\"name\":\"Accueil\",\"item\":\"https:\/\/www.oasdi.ca\/fr\/\"},{\"@type\":\"ListItem\",\"position\":2,\"name\":\"\u00c0 propos des conseils scolaires de l&rsquo;Ontario\",\"item\":\"https:\/\/www.oasdi.ca\/fr\/districts-scolaires-ontario\/\"},{\"@type\":\"ListItem\",\"position\":3,\"name\":\"\u00c0 propos des conseils scolaires membres de l&#8217;AOCSI\",\"item\":\"https:\/\/www.oasdi.ca\/fr\/districts-scolaires-ontario\/districts-scolaires-oasdi\/\"},{\"@type\":\"ListItem\",\"position\":4,\"name\":\"Conseils scolaires anglais membres de l&#8217;AOCSI\"}]},{\"@type\":\"WebSite\",\"@id\":\"https:\/\/www.oasdi.ca\/fr\/#website\",\"url\":\"https:\/\/www.oasdi.ca\/fr\/\",\"name\":\"OASDI\",\"description\":\"Ontario Association of School District International\",\"publisher\":{\"@id\":\"https:\/\/www.oasdi.ca\/fr\/#organization\"},\"potentialAction\":[{\"@type\":\"SearchAction\",\"target\":{\"@type\":\"EntryPoint\",\"urlTemplate\":\"https:\/\/www.oasdi.ca\/fr\/?s={search_term_string}\"},\"query-input\":\"required name=search_term_string\"}],\"inLanguage\":\"fr-FR\"},{\"@type\":\"Organization\",\"@id\":\"https:\/\/www.oasdi.ca\/fr\/#organization\",\"name\":\"OASDI\",\"url\":\"https:\/\/www.oasdi.ca\/fr\/\",\"logo\":{\"@type\":\"ImageObject\",\"inLanguage\":\"fr-FR\",\"@id\":\"https:\/\/www.oasdi.ca\/fr\/#\/schema\/logo\/image\/\",\"url\":\"https:\/\/www.oasdi.ca\/wp-content\/uploads\/2020\/02\/cropped-oasdi-logo.png\",\"contentUrl\":\"https:\/\/www.oasdi.ca\/wp-content\/uploads\/2020\/02\/cropped-oasdi-logo.png\",\"width\":468,\"height\":96,\"caption\":\"OASDI\"},\"image\":{\"@id\":\"https:\/\/www.oasdi.ca\/fr\/#\/schema\/logo\/image\/\"}}]}<\/script>\n<!-- \/ Yoast SEO plugin. -->","yoast_head_json":{"title":"Conseils scolaires anglais | \u00c9tudier en Ontario | AOCSI","description":"L'AOCSI est compos\u00e9e d'\u00e9coles de tout l'Ontario. Pour consulter la liste des membres des conseils scolaires anglais, cliquez ici.","robots":{"index":"index","follow":"follow","max-snippet":"max-snippet:-1","max-image-preview":"max-image-preview:large","max-video-preview":"max-video-preview:-1"},"canonical":"https:\/\/www.oasdi.ca\/fr\/districts-scolaires-ontario\/districts-scolaires-oasdi\/districts-anglophones\/","og_locale":"fr_FR","og_type":"article","og_title":"Conseils scolaires anglais | \u00c9tudier en Ontario | AOCSI","og_description":"L'AOCSI est compos\u00e9e d'\u00e9coles de tout l'Ontario. Pour consulter la liste des membres des conseils scolaires anglais, cliquez ici.","og_url":"https:\/\/www.oasdi.ca\/fr\/districts-scolaires-ontario\/districts-scolaires-oasdi\/districts-anglophones\/","og_site_name":"OASDI","article_modified_time":"2020-04-26T04:05:14+00:00","og_image":[{"width":1440,"height":268,"url":"https:\/\/www.oasdi.ca\/wp-content\/uploads\/2020\/03\/OASDI-Member-English-Districts.jpg","type":"image\/jpeg"}],"twitter_card":"summary_large_image","schema":{"@context":"https:\/\/schema.org","@graph":[{"@type":"WebPage","@id":"https:\/\/www.oasdi.ca\/fr\/districts-scolaires-ontario\/districts-scolaires-oasdi\/districts-anglophones\/","url":"https:\/\/www.oasdi.ca\/fr\/districts-scolaires-ontario\/districts-scolaires-oasdi\/districts-anglophones\/","name":"Conseils scolaires anglais | \u00c9tudier en Ontario | AOCSI","isPartOf":{"@id":"https:\/\/www.oasdi.ca\/fr\/#website"},"datePublished":"2020-03-18T13:44:26+00:00","dateModified":"2020-04-26T04:05:14+00:00","description":"L'AOCSI est compos\u00e9e d'\u00e9coles de tout l'Ontario. Pour consulter la liste des membres des conseils scolaires anglais, cliquez ici.","breadcrumb":{"@id":"https:\/\/www.oasdi.ca\/fr\/districts-scolaires-ontario\/districts-scolaires-oasdi\/districts-anglophones\/#breadcrumb"},"inLanguage":"fr-FR","potentialAction":[{"@type":"ReadAction","target":["https:\/\/www.oasdi.ca\/fr\/districts-scolaires-ontario\/districts-scolaires-oasdi\/districts-anglophones\/"]}]},{"@type":"BreadcrumbList","@id":"https:\/\/www.oasdi.ca\/fr\/districts-scolaires-ontario\/districts-scolaires-oasdi\/districts-anglophones\/#breadcrumb","itemListElement":[{"@type":"ListItem","position":1,"name":"Accueil","item":"https:\/\/www.oasdi.ca\/fr\/"},{"@type":"ListItem","position":2,"name":"\u00c0 propos des conseils scolaires de l&rsquo;Ontario","item":"https:\/\/www.oasdi.ca\/fr\/districts-scolaires-ontario\/"},{"@type":"ListItem","position":3,"name":"\u00c0 propos des conseils scolaires membres de l&#8217;AOCSI","item":"https:\/\/www.oasdi.ca\/fr\/districts-scolaires-ontario\/districts-scolaires-oasdi\/"},{"@type":"ListItem","position":4,"name":"Conseils scolaires anglais membres de l&#8217;AOCSI"}]},{"@type":"WebSite","@id":"https:\/\/www.oasdi.ca\/fr\/#website","url":"https:\/\/www.oasdi.ca\/fr\/","name":"OASDI","description":"Ontario Association of School District International","publisher":{"@id":"https:\/\/www.oasdi.ca\/fr\/#organization"},"potentialAction":[{"@type":"SearchAction","target":{"@type":"EntryPoint","urlTemplate":"https:\/\/www.oasdi.ca\/fr\/?s={search_term_string}"},"query-input":"required name=search_term_string"}],"inLanguage":"fr-FR"},{"@type":"Organization","@id":"https:\/\/www.oasdi.ca\/fr\/#organization","name":"OASDI","url":"https:\/\/www.oasdi.ca\/fr\/","logo":{"@type":"ImageObject","inLanguage":"fr-FR","@id":"https:\/\/www.oasdi.ca\/fr\/#\/schema\/logo\/image\/","url":"https:\/\/www.oasdi.ca\/wp-content\/uploads\/2020\/02\/cropped-oasdi-logo.png","contentUrl":"https:\/\/www.oasdi.ca\/wp-content\/uploads\/2020\/02\/cropped-oasdi-logo.png","width":468,"height":96,"caption":"OASDI"},"image":{"@id":"https:\/\/www.oasdi.ca\/fr\/#\/schema\/logo\/image\/"}}]}},"_links":{"self":[{"href":"https:\/\/www.oasdi.ca\/fr\/wp-json\/wp\/v2\/pages\/21964"}],"collection":[{"href":"https:\/\/www.oasdi.ca\/fr\/wp-json\/wp\/v2\/pages"}],"about":[{"href":"https:\/\/www.oasdi.ca\/fr\/wp-json\/wp\/v2\/types\/page"}],"author":[{"embeddable":true,"href":"https:\/\/www.oasdi.ca\/fr\/wp-json\/wp\/v2\/users\/237"}],"replies":[{"embeddable":true,"href":"https:\/\/www.oasdi.ca\/fr\/wp-json\/wp\/v2\/comments?post=21964"}],"version-history":[{"count":0,"href":"https:\/\/www.oasdi.ca\/fr\/wp-json\/wp\/v2\/pages\/21964\/revisions"}],"up":[{"embeddable":true,"href":"https:\/\/www.oasdi.ca\/fr\/wp-json\/wp\/v2\/pages\/17993"}],"wp:featuredmedia":[{"embeddable":true,"href":"https:\/\/www.oasdi.ca\/fr\/wp-json\/wp\/v2\/media\/15976"}],"wp:attachment":[{"href":"https:\/\/www.oasdi.ca\/fr\/wp-json\/wp\/v2\/media?parent=21964"}],"curies":[{"name":"wp","href":"https:\/\/api.w.org\/{rel}","templated":true}]}}