{"id":21748,"date":"2020-03-19T21:40:37","date_gmt":"2020-03-19T21:40:37","guid":{"rendered":"http:\/\/oasdi.ca\/education-internationale\/ontario\/why-study-in-ontario\/"},"modified":"2020-04-25T16:55:26","modified_gmt":"2020-04-25T16:55:26","slug":"pourquoi-etudier-en-ontario","status":"publish","type":"page","link":"https:\/\/www.oasdi.ca\/fr\/education-internationale\/ontario\/pourquoi-etudier-en-ontario\/","title":{"rendered":"Raisons pour lesquelles vous devriez \u00e9tudier en Ontario"},"content":{"rendered":"<div id=\"pl-21748\"  class=\"panel-layout\" ><div id=\"pg-21748-0\"  class=\"panel-grid panel-no-style\" ><div id=\"pgc-21748-0-0\"  class=\"panel-grid-cell\" ><div id=\"panel-21748-0-0-0\" class=\"so-panel widget widget_sow-image panel-first-child panel-last-child\" data-index=\"0\" ><div class=\"is-featured-img panel-widget-style panel-widget-style-for-21748-0-0-0\" ><div\n\t\t\t\n\t\t\tclass=\"so-widget-sow-image so-widget-sow-image-default-c4f6304fc136-21748\"\n\t\t\t\n\t\t>\n\n<div class=\"sow-image-container\">\n\t\t<img loading=\"lazy\" decoding=\"async\" src=\"https:\/\/www.oasdi.ca\/wp-content\/uploads\/2020\/03\/onatro-schools-2020.jpg\" width=\"1440\" height=\"268\" srcset=\"https:\/\/www.oasdi.ca\/wp-content\/uploads\/2020\/03\/onatro-schools-2020.jpg 1440w, https:\/\/www.oasdi.ca\/wp-content\/uploads\/2020\/03\/onatro-schools-2020-250x47.jpg 250w, https:\/\/www.oasdi.ca\/wp-content\/uploads\/2020\/03\/onatro-schools-2020-700x130.jpg 700w, https:\/\/www.oasdi.ca\/wp-content\/uploads\/2020\/03\/onatro-schools-2020-768x143.jpg 768w, https:\/\/www.oasdi.ca\/wp-content\/uploads\/2020\/03\/onatro-schools-2020-120x22.jpg 120w\" sizes=\"(max-width: 1440px) 100vw, 1440px\" alt=\"\" \t\tclass=\"so-widget-image\"\/>\n\t<\/div>\n\n<\/div><\/div><\/div><\/div><\/div><div id=\"pg-21748-1\"  class=\"panel-grid panel-has-style\" ><div class=\"has-container panel-row-style panel-row-style-for-21748-1\" ><div id=\"pgc-21748-1-0\"  class=\"panel-grid-cell\" ><div id=\"panel-21748-1-0-0\" class=\"so-panel widget widget_hem-seo-title-widget panel-first-child panel-last-child\" data-index=\"1\" ><div class=\"panel-widget-style panel-widget-style-for-21748-1-0-0\" ><div\n\t\t\t\n\t\t\tclass=\"so-widget-hem-seo-title-widget so-widget-hem-seo-title-widget-hem-seo-title-widget-style-d75171398898-21748\"\n\t\t\t\n\t\t>\n<h1 style=\"font-size:px;\">Raisons pour lesquelles vous devriez \u00e9tudier en Ontario<\/h1>\n\n\n\n\t<!-- <div class=\"breadcrumb-trail\"><a href=\"index.php\">Home<\/a> \u00bb <span class=\"breadcrumb-current\">About<\/span><\/div> -->\n\t<div class=\"test1\"><span><span><a href=\"https:\/\/www.oasdi.ca\/fr\/\">Accueil<\/a><\/span><\/span><\/div>\n<\/div><\/div><\/div><\/div><\/div><\/div><div id=\"pg-21748-2\"  class=\"panel-grid panel-has-style\" ><div class=\"has-container panel-row-style panel-row-style-for-21748-2\" ><div id=\"pgc-21748-2-0\"  class=\"panel-grid-cell\" ><div id=\"panel-21748-2-0-0\" class=\"so-panel widget widget_hem-sidebar-menu-widget panel-first-child\" data-index=\"2\" ><div\n\t\t\t\n\t\t\tclass=\"so-widget-hem-sidebar-menu-widget so-widget-hem-sidebar-menu-widget-hem-sidebar-menu-widget-style-d75171398898-21748\"\n\t\t\t\n\t\t><div id=\"sidebar\">\n\t\t\t<ul id=\"side-menu\" class=\"side-menu menu-embedded\">\n\t\t\t\n\t\t\t\t\t\t\t\t\n\t\t\t\t\t\t\t\t\t\t\t<li><a class=\"active\" href=\"https:\/\/www.oasdi.ca\/fr\/education-internationale\/ontario\/pourquoi-etudier-en-ontario\/\">Raisons pour lesquelles vous devriez \u00e9tudier en Ontario<\/a><\/li>\n\t\t\t\t\t\t\t\t\t\t\t\t\t\n\t\t\t\t\t\t\t\t\t\t\t<li><a href=\"https:\/\/www.oasdi.ca\/fr\/education-internationale\/ontario\/conditions-admission\/\">Conditions d'admission dans les \u00e9coles publiques de l'Ontario pour les \u00e9tudiants \u00e9trangers<\/a><\/li>\n\t\t\t\t\t\t\t\t\t\t\n\n\t\t\t\t<!-- Extra menu -->\n\t\t\t\t\n\n\n\t\t\t\t\t<\/ul>\n\t\n\n<\/div><\/div><\/div><div id=\"panel-21748-2-0-1\" class=\"so-panel widget widget_hem-sidebar-link-widget panel-last-child\" data-index=\"3\" ><div\n\t\t\t\n\t\t\tclass=\"so-widget-hem-sidebar-link-widget so-widget-hem-sidebar-link-widget-hem-sidebar-link-widget-style-d75171398898-21748\"\n\t\t\t\n\t\t><div id=\"sidebar\" class=\"external-link-only\">\n\n\n\n\t\t\t\t<!-- Extra menu -->\n\t\t\t\t\t\t\t\t\t<ul id=\"side-menu\" class=\"side-menu menu-embedded\">\n\t\t\t\t\t\t\t\t\t\t\t\t\t\t\t\t\t\t\t\t\t<li><a  href=\"https:\/\/www.oasdi.ca\/map-search\/\">Map Overview<\/a><\/li>\n\t\t\t\t\t\t\t\t\t\t\t\t\t\t\n\t\t\t\t\t\t\t\t\t\t\t\t\t\t\t\t\t\t\t\t\t<li><a  href=\"https:\/\/www.oasdi.ca\/district-list\/\">District List<\/a><\/li>\n\t\t\t\t\t\t\t\t\t\t\t\t\t\t\n\t\t\t\t\t\t\t\n\t\t\t\t\t<\/ul>\n\t\t\t\t\n\t\t\t\t\n\n\n\n\n<\/div><\/div><\/div><\/div><div id=\"pgc-21748-2-1\"  class=\"panel-grid-cell\" ><div class=\"pl-sm-3 pl-md-5 panel-cell-style panel-cell-style-for-21748-2-1\" ><div id=\"panel-21748-2-1-0\" class=\"so-panel widget widget_hem-seo-title-widget panel-first-child\" data-index=\"4\" ><div class=\"panel-widget-style panel-widget-style-for-21748-2-1-0\" ><div\n\t\t\t\n\t\t\tclass=\"so-widget-hem-seo-title-widget so-widget-hem-seo-title-widget-hem-seo-title-widget-style-d75171398898-21748\"\n\t\t\t\n\t\t>\n<h2 style=\"font-size:26px;\">Un syst\u00e8me d\u2019\u00e9ducation public de classe mondiale<\/h2>\n\n\n\n<\/div><\/div><\/div><div id=\"panel-21748-2-1-1\" class=\"so-panel widget widget_sow-editor\" data-index=\"5\" ><div\n\t\t\t\n\t\t\tclass=\"so-widget-sow-editor so-widget-sow-editor-base\"\n\t\t\t\n\t\t>\n<div class=\"siteorigin-widget-tinymce textwidget\">\n\t<ul>\n<li>Les conseils scolaires membres de l\u2019AOCSI ont la r\u00e9putation d\u2019offrir des programmes \u00e9ducatifs de grande qualit\u00e9 et de favoriser la r\u00e9ussite des \u00e9tudiants dans un environnement d\u2019apprentissage accueillant et s\u00e9curitaire.<\/li>\n<li>Le curriculum de l\u2019Ontario est reconnu comme l\u2019un des meilleurs au monde, et de plus en plus d\u2019\u00e9tudiants fr\u00e9quentent les \u00e9coles publiques de l\u2019Ontario \u00e0 titre d\u2019\u00e9tudiants \u00e9trangers. \u00c0 l\u2019heure actuelle, plus de la moiti\u00e9 des quelques 34 000 \u00e9tudiants \u00e9trangers de la maternelle \u00e0 la 12e ann\u00e9e \u00e9tudiant au Canada se trouvent en Ontario.<\/li>\n<\/ul>\n<\/div>\n<\/div><\/div><div id=\"panel-21748-2-1-2\" class=\"so-panel widget widget_hem-seperator-widget\" data-index=\"6\" ><div\n\t\t\t\n\t\t\tclass=\"so-widget-hem-seperator-widget so-widget-hem-seperator-widget-hem-seperator-widget-style-d75171398898-21748\"\n\t\t\t\n\t\t>\n<div class=\"widget-seperator\" style=\"margin-top:0px;margin-bottom:0px;border-bottom:1px solid;width:100%;opacity:0.4\"><\/div><\/div><\/div><div id=\"panel-21748-2-1-3\" class=\"so-panel widget widget_hem-seo-title-widget\" data-index=\"7\" ><div class=\"panel-widget-style panel-widget-style-for-21748-2-1-3\" ><div\n\t\t\t\n\t\t\tclass=\"so-widget-hem-seo-title-widget so-widget-hem-seo-title-widget-hem-seo-title-widget-style-d75171398898-21748\"\n\t\t\t\n\t\t>\n<h2 style=\"font-size:26px;\">Des cheminements qui d\u00e9bouchent sur quantit\u00e9 de perspectives d\u2019emplois<\/h2>\n\n\n\n<\/div><\/div><\/div><div id=\"panel-21748-2-1-4\" class=\"so-panel widget widget_sow-editor\" data-index=\"8\" ><div\n\t\t\t\n\t\t\tclass=\"so-widget-sow-editor so-widget-sow-editor-base\"\n\t\t\t\n\t\t>\n<div class=\"siteorigin-widget-tinymce textwidget\">\n\t<ul>\n<li>Les \u00e9tudes en Ontario ouvrent la voie \u00e0 de nombreux cheminements d\u2019\u00e9tudes universitaires et coll\u00e9giales au Canada et peuvent aussi servir d\u2019itin\u00e9raire pour l\u2019apprentissage, le travail et la vie au Canada.<\/li>\n<li>L\u2019Ontario est la province la plus peupl\u00e9e au Canada et compte beaucoup plus de maisons d\u2019enseignement que toute autre province, avec :\n<ul>\n<li>20 universit\u00e9s<\/li>\n<li>26 coll\u00e8ges<\/li>\n<li>150 m\u00e9tiers d\u2019apprentissage<\/li>\n<\/ul>\n<\/li>\n<li>Comptant plus de 13,5 millions d\u2019habitants, l\u2019Ontario offre plus de perspectives d\u2019emploi que toute autre province.<\/li>\n<li>\u00c9tudier en Ontario peut aussi constituer une passerelle vers le travail et la vie au Canada, de m\u00eame qu\u2019un possible cheminement vers l\u2019immigration au Canada.<\/li>\n<\/ul>\n<\/div>\n<\/div><\/div><div id=\"panel-21748-2-1-5\" class=\"so-panel widget widget_hem-seperator-widget\" data-index=\"9\" ><div\n\t\t\t\n\t\t\tclass=\"so-widget-hem-seperator-widget so-widget-hem-seperator-widget-hem-seperator-widget-style-d75171398898-21748\"\n\t\t\t\n\t\t>\n<div class=\"widget-seperator\" style=\"margin-top:0px;margin-bottom:0px;border-bottom:1px solid;width:100%;opacity:0.4\"><\/div><\/div><\/div><div id=\"panel-21748-2-1-6\" class=\"so-panel widget widget_hem-seo-title-widget\" data-index=\"10\" ><div class=\"panel-widget-style panel-widget-style-for-21748-2-1-6\" ><div\n\t\t\t\n\t\t\tclass=\"so-widget-hem-seo-title-widget so-widget-hem-seo-title-widget-hem-seo-title-widget-style-d75171398898-21748\"\n\t\t\t\n\t\t>\n<h2 style=\"font-size:26px;\">Une soci\u00e9t\u00e9 s\u00e9curitaire, accueillante et diversifi\u00e9e<\/h2>\n\n\n\n<\/div><\/div><\/div><div id=\"panel-21748-2-1-7\" class=\"so-panel widget widget_sow-editor panel-last-child\" data-index=\"11\" ><div\n\t\t\t\n\t\t\tclass=\"so-widget-sow-editor so-widget-sow-editor-base\"\n\t\t\t\n\t\t>\n<div class=\"siteorigin-widget-tinymce textwidget\">\n\t<ul>\n<li>Les conseils scolaires publiques de l\u2019Ontario ont une vaste exp\u00e9rience dans l\u2019accueil des \u00e9tudiants \u00e9trangers; des politiques et pratiques sont aussi en place pour promouvoir la s\u00e9curit\u00e9 des \u00e9tudiants \u00e0 l\u2019\u00e9cole, dans les familles d\u2019accueil et la collectivit\u00e9 locale.<\/li>\n<li>L\u2019Ontario est reconnu pour sa diversit\u00e9 culturelle et son hospitalit\u00e9 envers les gens du monde entier.<\/li>\n<\/ul>\n<\/div>\n<\/div><\/div><\/div><\/div><\/div><\/div><\/div>","protected":false},"excerpt":{"rendered":"Raisons pour lesquelles vous devriez \u00e9tudier en Ontario Accueil Raisons pour lesquelles vous devriez \u00e9tudier en Ontario Conditions d&#8217;admission dans les \u00e9coles publiques de l&#8217;Ontario pour les \u00e9tudiants \u00e9trangers Map Overview District List Un syst\u00e8me d\u2019\u00e9ducation public de classe mondiale Les conseils scolaires membres de l\u2019AOCSI ont la r\u00e9putation d\u2019offrir des programmes \u00e9ducatifs de grande&#8230; <a class=\"view-article\" href=\"https:\/\/www.oasdi.ca\/fr\/education-internationale\/ontario\/pourquoi-etudier-en-ontario\/\">View Article<\/a>","protected":false},"author":237,"featured_media":16282,"parent":21673,"menu_order":0,"comment_status":"closed","ping_status":"closed","template":"","meta":{"footnotes":""},"class_list":["post-21748","page","type-page","status-publish","has-post-thumbnail","hentry"],"yoast_head":"<!-- This site is optimized with the Yoast SEO plugin v21.5 - https:\/\/yoast.com\/wordpress\/plugins\/seo\/ -->\n<title>Pourquoi \u00e9tudier en Ontario? | Enseignement internat. Ont.<\/title>\n<meta name=\"description\" content=\"Si vous souhaitez \u00e9tudier en tant qu&#039;\u00e9tudiant \u00e9tranger, l&#039;Ontario est un excellent choix. D\u00e9couvrez les raisons pour lesquelles vous devriez \u00e9tudier en Ontario.\" \/>\n<meta name=\"robots\" content=\"index, follow, max-snippet:-1, max-image-preview:large, max-video-preview:-1\" \/>\n<link rel=\"canonical\" href=\"https:\/\/www.oasdi.ca\/fr\/education-internationale\/ontario\/pourquoi-etudier-en-ontario\/\" \/>\n<meta property=\"og:locale\" content=\"fr_FR\" \/>\n<meta property=\"og:type\" content=\"article\" \/>\n<meta property=\"og:title\" content=\"Pourquoi \u00e9tudier en Ontario? | Enseignement internat. Ont.\" \/>\n<meta property=\"og:description\" content=\"Si vous souhaitez \u00e9tudier en tant qu&#039;\u00e9tudiant \u00e9tranger, l&#039;Ontario est un excellent choix. D\u00e9couvrez les raisons pour lesquelles vous devriez \u00e9tudier en Ontario.\" \/>\n<meta property=\"og:url\" content=\"https:\/\/www.oasdi.ca\/fr\/education-internationale\/ontario\/pourquoi-etudier-en-ontario\/\" \/>\n<meta property=\"og:site_name\" content=\"OASDI\" \/>\n<meta property=\"article:modified_time\" content=\"2020-04-25T16:55:26+00:00\" \/>\n<meta property=\"og:image\" content=\"https:\/\/www.oasdi.ca\/wp-content\/uploads\/2020\/03\/onatro-schools-2020.jpg\" \/>\n\t<meta property=\"og:image:width\" content=\"1440\" \/>\n\t<meta property=\"og:image:height\" content=\"268\" \/>\n\t<meta property=\"og:image:type\" content=\"image\/jpeg\" \/>\n<meta name=\"twitter:card\" content=\"summary_large_image\" \/>\n<meta name=\"twitter:label1\" content=\"Dur\u00e9e de lecture estim\u00e9e\" \/>\n\t<meta name=\"twitter:data1\" content=\"2 minutes\" \/>\n<script type=\"application\/ld+json\" class=\"yoast-schema-graph\">{\"@context\":\"https:\/\/schema.org\",\"@graph\":[{\"@type\":\"WebPage\",\"@id\":\"https:\/\/www.oasdi.ca\/fr\/education-internationale\/ontario\/pourquoi-etudier-en-ontario\/\",\"url\":\"https:\/\/www.oasdi.ca\/fr\/education-internationale\/ontario\/pourquoi-etudier-en-ontario\/\",\"name\":\"Pourquoi \u00e9tudier en Ontario? | Enseignement internat. Ont.\",\"isPartOf\":{\"@id\":\"https:\/\/www.oasdi.ca\/fr\/#website\"},\"datePublished\":\"2020-03-19T21:40:37+00:00\",\"dateModified\":\"2020-04-25T16:55:26+00:00\",\"description\":\"Si vous souhaitez \u00e9tudier en tant qu'\u00e9tudiant \u00e9tranger, l'Ontario est un excellent choix. D\u00e9couvrez les raisons pour lesquelles vous devriez \u00e9tudier en Ontario.\",\"breadcrumb\":{\"@id\":\"https:\/\/www.oasdi.ca\/fr\/education-internationale\/ontario\/pourquoi-etudier-en-ontario\/#breadcrumb\"},\"inLanguage\":\"fr-FR\",\"potentialAction\":[{\"@type\":\"ReadAction\",\"target\":[\"https:\/\/www.oasdi.ca\/fr\/education-internationale\/ontario\/pourquoi-etudier-en-ontario\/\"]}]},{\"@type\":\"BreadcrumbList\",\"@id\":\"https:\/\/www.oasdi.ca\/fr\/education-internationale\/ontario\/pourquoi-etudier-en-ontario\/#breadcrumb\",\"itemListElement\":[{\"@type\":\"ListItem\",\"position\":1,\"name\":\"Accueil\",\"item\":\"https:\/\/www.oasdi.ca\/fr\/\"},{\"@type\":\"ListItem\",\"position\":2,\"name\":\"Comment faire des \u00e9tudes internationales au Canada\",\"item\":\"https:\/\/www.oasdi.ca\/fr\/education-internationale\/\"},{\"@type\":\"ListItem\",\"position\":3,\"name\":\"Comment faire des \u00e9tudes internationales en Ontario\",\"item\":\"https:\/\/www.oasdi.ca\/fr\/education-internationale\/ontario\/\"},{\"@type\":\"ListItem\",\"position\":4,\"name\":\"Raisons pour lesquelles vous devriez \u00e9tudier en Ontario\"}]},{\"@type\":\"WebSite\",\"@id\":\"https:\/\/www.oasdi.ca\/fr\/#website\",\"url\":\"https:\/\/www.oasdi.ca\/fr\/\",\"name\":\"OASDI\",\"description\":\"Ontario Association of School District International\",\"publisher\":{\"@id\":\"https:\/\/www.oasdi.ca\/fr\/#organization\"},\"potentialAction\":[{\"@type\":\"SearchAction\",\"target\":{\"@type\":\"EntryPoint\",\"urlTemplate\":\"https:\/\/www.oasdi.ca\/fr\/?s={search_term_string}\"},\"query-input\":\"required name=search_term_string\"}],\"inLanguage\":\"fr-FR\"},{\"@type\":\"Organization\",\"@id\":\"https:\/\/www.oasdi.ca\/fr\/#organization\",\"name\":\"OASDI\",\"url\":\"https:\/\/www.oasdi.ca\/fr\/\",\"logo\":{\"@type\":\"ImageObject\",\"inLanguage\":\"fr-FR\",\"@id\":\"https:\/\/www.oasdi.ca\/fr\/#\/schema\/logo\/image\/\",\"url\":\"https:\/\/www.oasdi.ca\/wp-content\/uploads\/2020\/02\/cropped-oasdi-logo.png\",\"contentUrl\":\"https:\/\/www.oasdi.ca\/wp-content\/uploads\/2020\/02\/cropped-oasdi-logo.png\",\"width\":468,\"height\":96,\"caption\":\"OASDI\"},\"image\":{\"@id\":\"https:\/\/www.oasdi.ca\/fr\/#\/schema\/logo\/image\/\"}}]}<\/script>\n<!-- \/ Yoast SEO plugin. -->","yoast_head_json":{"title":"Pourquoi \u00e9tudier en Ontario? | Enseignement internat. Ont.","description":"Si vous souhaitez \u00e9tudier en tant qu'\u00e9tudiant \u00e9tranger, l'Ontario est un excellent choix. D\u00e9couvrez les raisons pour lesquelles vous devriez \u00e9tudier en Ontario.","robots":{"index":"index","follow":"follow","max-snippet":"max-snippet:-1","max-image-preview":"max-image-preview:large","max-video-preview":"max-video-preview:-1"},"canonical":"https:\/\/www.oasdi.ca\/fr\/education-internationale\/ontario\/pourquoi-etudier-en-ontario\/","og_locale":"fr_FR","og_type":"article","og_title":"Pourquoi \u00e9tudier en Ontario? | Enseignement internat. Ont.","og_description":"Si vous souhaitez \u00e9tudier en tant qu'\u00e9tudiant \u00e9tranger, l'Ontario est un excellent choix. D\u00e9couvrez les raisons pour lesquelles vous devriez \u00e9tudier en Ontario.","og_url":"https:\/\/www.oasdi.ca\/fr\/education-internationale\/ontario\/pourquoi-etudier-en-ontario\/","og_site_name":"OASDI","article_modified_time":"2020-04-25T16:55:26+00:00","og_image":[{"width":1440,"height":268,"url":"https:\/\/www.oasdi.ca\/wp-content\/uploads\/2020\/03\/onatro-schools-2020.jpg","type":"image\/jpeg"}],"twitter_card":"summary_large_image","twitter_misc":{"Dur\u00e9e de lecture estim\u00e9e":"2 minutes"},"schema":{"@context":"https:\/\/schema.org","@graph":[{"@type":"WebPage","@id":"https:\/\/www.oasdi.ca\/fr\/education-internationale\/ontario\/pourquoi-etudier-en-ontario\/","url":"https:\/\/www.oasdi.ca\/fr\/education-internationale\/ontario\/pourquoi-etudier-en-ontario\/","name":"Pourquoi \u00e9tudier en Ontario? | Enseignement internat. Ont.","isPartOf":{"@id":"https:\/\/www.oasdi.ca\/fr\/#website"},"datePublished":"2020-03-19T21:40:37+00:00","dateModified":"2020-04-25T16:55:26+00:00","description":"Si vous souhaitez \u00e9tudier en tant qu'\u00e9tudiant \u00e9tranger, l'Ontario est un excellent choix. D\u00e9couvrez les raisons pour lesquelles vous devriez \u00e9tudier en Ontario.","breadcrumb":{"@id":"https:\/\/www.oasdi.ca\/fr\/education-internationale\/ontario\/pourquoi-etudier-en-ontario\/#breadcrumb"},"inLanguage":"fr-FR","potentialAction":[{"@type":"ReadAction","target":["https:\/\/www.oasdi.ca\/fr\/education-internationale\/ontario\/pourquoi-etudier-en-ontario\/"]}]},{"@type":"BreadcrumbList","@id":"https:\/\/www.oasdi.ca\/fr\/education-internationale\/ontario\/pourquoi-etudier-en-ontario\/#breadcrumb","itemListElement":[{"@type":"ListItem","position":1,"name":"Accueil","item":"https:\/\/www.oasdi.ca\/fr\/"},{"@type":"ListItem","position":2,"name":"Comment faire des \u00e9tudes internationales au Canada","item":"https:\/\/www.oasdi.ca\/fr\/education-internationale\/"},{"@type":"ListItem","position":3,"name":"Comment faire des \u00e9tudes internationales en Ontario","item":"https:\/\/www.oasdi.ca\/fr\/education-internationale\/ontario\/"},{"@type":"ListItem","position":4,"name":"Raisons pour lesquelles vous devriez \u00e9tudier en Ontario"}]},{"@type":"WebSite","@id":"https:\/\/www.oasdi.ca\/fr\/#website","url":"https:\/\/www.oasdi.ca\/fr\/","name":"OASDI","description":"Ontario Association of School District International","publisher":{"@id":"https:\/\/www.oasdi.ca\/fr\/#organization"},"potentialAction":[{"@type":"SearchAction","target":{"@type":"EntryPoint","urlTemplate":"https:\/\/www.oasdi.ca\/fr\/?s={search_term_string}"},"query-input":"required name=search_term_string"}],"inLanguage":"fr-FR"},{"@type":"Organization","@id":"https:\/\/www.oasdi.ca\/fr\/#organization","name":"OASDI","url":"https:\/\/www.oasdi.ca\/fr\/","logo":{"@type":"ImageObject","inLanguage":"fr-FR","@id":"https:\/\/www.oasdi.ca\/fr\/#\/schema\/logo\/image\/","url":"https:\/\/www.oasdi.ca\/wp-content\/uploads\/2020\/02\/cropped-oasdi-logo.png","contentUrl":"https:\/\/www.oasdi.ca\/wp-content\/uploads\/2020\/02\/cropped-oasdi-logo.png","width":468,"height":96,"caption":"OASDI"},"image":{"@id":"https:\/\/www.oasdi.ca\/fr\/#\/schema\/logo\/image\/"}}]}},"_links":{"self":[{"href":"https:\/\/www.oasdi.ca\/fr\/wp-json\/wp\/v2\/pages\/21748"}],"collection":[{"href":"https:\/\/www.oasdi.ca\/fr\/wp-json\/wp\/v2\/pages"}],"about":[{"href":"https:\/\/www.oasdi.ca\/fr\/wp-json\/wp\/v2\/types\/page"}],"author":[{"embeddable":true,"href":"https:\/\/www.oasdi.ca\/fr\/wp-json\/wp\/v2\/users\/237"}],"replies":[{"embeddable":true,"href":"https:\/\/www.oasdi.ca\/fr\/wp-json\/wp\/v2\/comments?post=21748"}],"version-history":[{"count":0,"href":"https:\/\/www.oasdi.ca\/fr\/wp-json\/wp\/v2\/pages\/21748\/revisions"}],"up":[{"embeddable":true,"href":"https:\/\/www.oasdi.ca\/fr\/wp-json\/wp\/v2\/pages\/21673"}],"wp:featuredmedia":[{"embeddable":true,"href":"https:\/\/www.oasdi.ca\/fr\/wp-json\/wp\/v2\/media\/16282"}],"wp:attachment":[{"href":"https:\/\/www.oasdi.ca\/fr\/wp-json\/wp\/v2\/media?parent=21748"}],"curies":[{"name":"wp","href":"https:\/\/api.w.org\/{rel}","templated":true}]}}