{"id":21717,"date":"2020-03-19T21:33:28","date_gmt":"2020-03-19T21:33:28","guid":{"rendered":"http:\/\/oasdi.ca\/education-internationale\/ontario\/entrance-requirements\/"},"modified":"2020-04-25T16:02:26","modified_gmt":"2020-04-25T16:02:26","slug":"conditions-admission","status":"publish","type":"page","link":"https:\/\/www.oasdi.ca\/fr\/education-internationale\/ontario\/conditions-admission\/","title":{"rendered":"Conditions d&#8217;admission dans les \u00e9coles publiques de l&#8217;Ontario pour les \u00e9tudiants \u00e9trangers"},"content":{"rendered":"<div id=\"pl-21717\"  class=\"panel-layout\" ><div id=\"pg-21717-0\"  class=\"panel-grid panel-no-style\" ><div id=\"pgc-21717-0-0\"  class=\"panel-grid-cell\" ><div id=\"panel-21717-0-0-0\" class=\"so-panel widget widget_sow-image panel-first-child panel-last-child\" data-index=\"0\" ><div class=\"is-featured-img panel-widget-style panel-widget-style-for-21717-0-0-0\" ><div\n\t\t\t\n\t\t\tclass=\"so-widget-sow-image so-widget-sow-image-default-c4f6304fc136-21717\"\n\t\t\t\n\t\t>\n\n<div class=\"sow-image-container\">\n\t\t<img loading=\"lazy\" decoding=\"async\" src=\"https:\/\/www.oasdi.ca\/wp-content\/uploads\/2020\/03\/onatro-schools-2020.jpg\" width=\"1440\" height=\"268\" srcset=\"https:\/\/www.oasdi.ca\/wp-content\/uploads\/2020\/03\/onatro-schools-2020.jpg 1440w, https:\/\/www.oasdi.ca\/wp-content\/uploads\/2020\/03\/onatro-schools-2020-250x47.jpg 250w, https:\/\/www.oasdi.ca\/wp-content\/uploads\/2020\/03\/onatro-schools-2020-700x130.jpg 700w, https:\/\/www.oasdi.ca\/wp-content\/uploads\/2020\/03\/onatro-schools-2020-768x143.jpg 768w, https:\/\/www.oasdi.ca\/wp-content\/uploads\/2020\/03\/onatro-schools-2020-120x22.jpg 120w\" sizes=\"(max-width: 1440px) 100vw, 1440px\" alt=\"\" \t\tclass=\"so-widget-image\"\/>\n\t<\/div>\n\n<\/div><\/div><\/div><\/div><\/div><div id=\"pg-21717-1\"  class=\"panel-grid panel-has-style\" ><div class=\"has-container panel-row-style panel-row-style-for-21717-1\" ><div id=\"pgc-21717-1-0\"  class=\"panel-grid-cell\" ><div id=\"panel-21717-1-0-0\" class=\"so-panel widget widget_hem-seo-title-widget panel-first-child panel-last-child\" data-index=\"1\" ><div class=\"panel-widget-style panel-widget-style-for-21717-1-0-0\" ><div\n\t\t\t\n\t\t\tclass=\"so-widget-hem-seo-title-widget so-widget-hem-seo-title-widget-hem-seo-title-widget-style-d75171398898-21717\"\n\t\t\t\n\t\t>\n<h1 style=\"font-size:px;\">Conditions d'admission dans les \u00e9coles publiques de l'Ontario pour les \u00e9tudiants \u00e9trangers<\/h1>\n\n\n\n\t<!-- <div class=\"breadcrumb-trail\"><a href=\"index.php\">Home<\/a> \u00bb <span class=\"breadcrumb-current\">About<\/span><\/div> -->\n\t<div class=\"test1\"><span><span><a href=\"https:\/\/www.oasdi.ca\/fr\/\">Accueil<\/a><\/span><\/span><\/div>\n<\/div><\/div><\/div><\/div><\/div><\/div><div id=\"pg-21717-2\"  class=\"panel-grid panel-has-style\" ><div class=\"has-container panel-row-style panel-row-style-for-21717-2\" ><div id=\"pgc-21717-2-0\"  class=\"panel-grid-cell\" ><div id=\"panel-21717-2-0-0\" class=\"so-panel widget widget_hem-sidebar-menu-widget panel-first-child\" data-index=\"2\" ><div\n\t\t\t\n\t\t\tclass=\"so-widget-hem-sidebar-menu-widget so-widget-hem-sidebar-menu-widget-hem-sidebar-menu-widget-style-d75171398898-21717\"\n\t\t\t\n\t\t><div id=\"sidebar\">\n\t\t\t<ul id=\"side-menu\" class=\"side-menu menu-embedded\">\n\t\t\t\n\t\t\t\t\t\t\t\t\n\t\t\t\t\t\t\t\t\t\t\t<li><a href=\"https:\/\/www.oasdi.ca\/fr\/education-internationale\/ontario\/pourquoi-etudier-en-ontario\/\">Raisons pour lesquelles vous devriez \u00e9tudier en Ontario<\/a><\/li>\n\t\t\t\t\t\t\t\t\t\t\t\t\t\n\t\t\t\t\t\t\t\t\t\t\t<li><a class=\"active\" href=\"https:\/\/www.oasdi.ca\/fr\/education-internationale\/ontario\/conditions-admission\/\">Conditions d'admission dans les \u00e9coles publiques de l'Ontario pour les \u00e9tudiants \u00e9trangers<\/a><\/li>\n\t\t\t\t\t\t\t\t\t\t\n\n\t\t\t\t<!-- Extra menu -->\n\t\t\t\t\n\n\n\t\t\t\t\t<\/ul>\n\t\n\n<\/div><\/div><\/div><div id=\"panel-21717-2-0-1\" class=\"so-panel widget widget_hem-sidebar-link-widget panel-last-child\" data-index=\"3\" ><div\n\t\t\t\n\t\t\tclass=\"so-widget-hem-sidebar-link-widget so-widget-hem-sidebar-link-widget-hem-sidebar-link-widget-style-d75171398898-21717\"\n\t\t\t\n\t\t><div id=\"sidebar\" class=\"external-link-only\">\n\n\n\n\t\t\t\t<!-- Extra menu -->\n\t\t\t\t\t\t\t\t\t<ul id=\"side-menu\" class=\"side-menu menu-embedded\">\n\t\t\t\t\t\t\t\t\t\t\t\t\t\t\t\t\t\t\t\t\t<li><a  href=\"https:\/\/www.oasdi.ca\/map-search\/\">Map Overview<\/a><\/li>\n\t\t\t\t\t\t\t\t\t\t\t\t\t\t\n\t\t\t\t\t\t\t\t\t\t\t\t\t\t\t\t\t\t\t\t\t<li><a  href=\"https:\/\/www.oasdi.ca\/district-list\/\">District List<\/a><\/li>\n\t\t\t\t\t\t\t\t\t\t\t\t\t\t\n\t\t\t\t\t\t\t\n\t\t\t\t\t<\/ul>\n\t\t\t\t\n\t\t\t\t\n\n\n\n\n<\/div><\/div><\/div><\/div><div id=\"pgc-21717-2-1\"  class=\"panel-grid-cell\" ><div class=\"pl-sm-3 pl-md-5 panel-cell-style panel-cell-style-for-21717-2-1\" ><div id=\"panel-21717-2-1-0\" class=\"so-panel widget widget_hem-seo-title-widget panel-first-child\" data-index=\"4\" ><div class=\"panel-widget-style panel-widget-style-for-21717-2-1-0\" ><div\n\t\t\t\n\t\t\tclass=\"so-widget-hem-seo-title-widget so-widget-hem-seo-title-widget-hem-seo-title-widget-style-d75171398898-21717\"\n\t\t\t\n\t\t>\n<h2 style=\"font-size:26px;\">Comment s\u2019inscrire comme \u00e9tudiant \u00e9tranger dans une \u00e9cole publique en Ontario ?<\/h2>\n\n\n\n<\/div><\/div><\/div><div id=\"panel-21717-2-1-1\" class=\"so-panel widget widget_sow-editor panel-last-child\" data-index=\"5\" ><div\n\t\t\t\n\t\t\tclass=\"so-widget-sow-editor so-widget-sow-editor-base\"\n\t\t\t\n\t\t>\n<div class=\"siteorigin-widget-tinymce textwidget\">\n\t<div id=\"secondary-right-inner\">\n<p>Tous les conseils scolaires d\u2019\u00e9coles publics membres de l\u2019AOCSI font appel \u00e0 des processus d\u2019admission et de demande distincts pour les \u00e9tudiants \u00e9trangers. Utilisez la\u00a0<a href=\"http:\/\/www.oasdi.ca\/index.php#hover-map\">carte g\u00e9ographique interactive<\/a>\u00a0de la province de l\u2019Ontario afin de d\u00e9terminer le secteur de la province qui s\u2019av\u00e8re pr\u00e9f\u00e9rable et voyez quels sont les conseils scolaires d\u2019un secteur donn\u00e9 qui acceptent les \u00e9tudiants \u00e9trangers. Acc\u00e9dez aux sites Web des conseils scolaires pour trouver des renseignements sur les programmes pour \u00e9tudiants \u00e9trangers. Dans la plupart des cas, les demandes peuvent \u00eatre soumises en ligne ou par la poste.<\/p>\n<p>Bien qu\u2019il puisse y avoir certaines diff\u00e9rences dans le processus et les formulaires sp\u00e9cifiques requis par les conseils scolaires, la plupart de leurs sites Web incluent des renseignements sur les sujets suivants :<\/p>\n<ul>\n<li><strong>Exigences d\u2019admission<\/strong>\u00a0(p. ex., exigences acad\u00e9miques, capacit\u00e9s linguistiques en anglais\/fran\u00e7ais, exigences en mati\u00e8re d\u2019h\u00e9bergement, \u00e9ch\u00e9ances pour les demandes, etc.)<\/li>\n<li><strong>Processus de demande<\/strong>\u00a0(p. ex., bulletins scolaires certifi\u00e9s et traduits, lettres de recommandation, formulaires de demande, formulaire de demande de famille d\u2019accueil, frais de demande, etc.)<\/li>\n<li><strong>Lettre d\u2019acceptation<\/strong>\u00a0(suivie par la soumission des formulaires requis telles qu\u2019un formulaire de tutelle, un formulaire pour dossier d\u2019immunisation, un formulaire d\u2019assurance maladie, etc.)<\/li>\n<li><strong>Permis d\u2019\u00e9tudes<\/strong>\u00a0(apr\u00e8s avoir re\u00e7u une lettre finale d\u2019acceptation \u00e9mise par l\u2019ambassade canadienne, le consulat ou le haut-commissariat canadien le plus pr\u00e8s)<\/li>\n<li><strong>Paiement des frais<\/strong><\/li>\n<li><strong>Arriv\u00e9e au Canada<\/strong><\/li>\n<li><strong>\u00c9valuation, initiation et placement scolaire<\/strong><\/li>\n<\/ul>\n<p><strong>Vous avez besoin de plus d\u2019information au sujet des \u00e9coles subventionn\u00e9es par l\u2019\u00c9tat en Ontario ?<\/strong><\/p>\n<ul>\n<li style=\"list-style-type: none;\">\n<ul>\n<li><a href=\"http:\/\/www.edu.gov.on.ca\/fre\/educationFacts.html#enrol\" target=\"_blank\" rel=\"noopener\">Coup d\u2019\u0153il : Les \u00e9coles et les conseils scolaires<\/a><\/li>\n<li><a href=\"http:\/\/www.edu.gov.on.ca\/eng\/sift\" target=\"_blank\" rel=\"noopener\">Outil de recherche d\u2019information sur les \u00e9coles<\/a><\/li>\n<li><a href=\"http:\/\/www.app.edu.gov.on.ca\/fre\/bpr\/index.html\" target=\"_blank\" rel=\"noopener\">Rapports sur le progr\u00e8s des conseils scolaires<\/a><\/li>\n<li><a href=\"http:\/\/www.edu.gov.on.ca\/fre\/sbinfo\/boardList.html\" target=\"_blank\" rel=\"noopener\">Tous les conseils scolaires subventionn\u00e9s par l\u2019\u00c9tat en Ontario<\/a><\/li>\n<li><a href=\"http:\/\/www.edu.gov.on.ca\/eng\/policyfunding\/strategyK12.pdf\" target=\"_blank\" rel=\"noopener\">Strat\u00e9gie ontarienne en mati\u00e8re d\u2019\u00e9ducation internationale de la maternelle \u00e0 la 12e ann\u00e9e, 2015<\/a><\/li>\n<\/ul>\n<\/li>\n<\/ul>\n<\/div>\n<\/div>\n<\/div><\/div><\/div><\/div><\/div><\/div><\/div>","protected":false},"excerpt":{"rendered":"Conditions d&#8217;admission dans les \u00e9coles publiques de l&#8217;Ontario pour les \u00e9tudiants \u00e9trangers Accueil Raisons pour lesquelles vous devriez \u00e9tudier en Ontario Conditions d&#8217;admission dans les \u00e9coles publiques de l&#8217;Ontario pour les \u00e9tudiants \u00e9trangers Map Overview District List Comment s\u2019inscrire comme \u00e9tudiant \u00e9tranger dans une \u00e9cole publique en Ontario ? Tous les conseils scolaires d\u2019\u00e9coles publics&#8230; <a class=\"view-article\" href=\"https:\/\/www.oasdi.ca\/fr\/education-internationale\/ontario\/conditions-admission\/\">View Article<\/a>","protected":false},"author":237,"featured_media":16282,"parent":21673,"menu_order":0,"comment_status":"closed","ping_status":"closed","template":"","meta":{"footnotes":""},"class_list":["post-21717","page","type-page","status-publish","has-post-thumbnail","hentry"],"yoast_head":"<!-- This site is optimized with the Yoast SEO plugin v21.5 - https:\/\/yoast.com\/wordpress\/plugins\/seo\/ -->\n<title>Conditions d&#039;admission des \u00e9coles en Ontario | \u00c9tudiants \u00e9trangers<\/title>\n<meta name=\"description\" content=\"Vous envisagez de pr\u00e9senter une demande d&#039;admission en tant qu&#039;\u00e9tudiant \u00e9tranger en Ontario ? Pour en savoir plus sur les conditions d&#039;admission, cliquez ici.\" \/>\n<meta name=\"robots\" content=\"index, follow, max-snippet:-1, max-image-preview:large, max-video-preview:-1\" \/>\n<link rel=\"canonical\" href=\"https:\/\/www.oasdi.ca\/fr\/education-internationale\/ontario\/conditions-admission\/\" \/>\n<meta property=\"og:locale\" content=\"fr_FR\" \/>\n<meta property=\"og:type\" content=\"article\" \/>\n<meta property=\"og:title\" content=\"Conditions d&#039;admission des \u00e9coles en Ontario | \u00c9tudiants \u00e9trangers\" \/>\n<meta property=\"og:description\" content=\"Vous envisagez de pr\u00e9senter une demande d&#039;admission en tant qu&#039;\u00e9tudiant \u00e9tranger en Ontario ? Pour en savoir plus sur les conditions d&#039;admission, cliquez ici.\" \/>\n<meta property=\"og:url\" content=\"https:\/\/www.oasdi.ca\/fr\/education-internationale\/ontario\/conditions-admission\/\" \/>\n<meta property=\"og:site_name\" content=\"OASDI\" \/>\n<meta property=\"article:modified_time\" content=\"2020-04-25T16:02:26+00:00\" \/>\n<meta property=\"og:image\" content=\"https:\/\/www.oasdi.ca\/wp-content\/uploads\/2020\/03\/onatro-schools-2020.jpg\" \/>\n\t<meta property=\"og:image:width\" content=\"1440\" \/>\n\t<meta property=\"og:image:height\" content=\"268\" \/>\n\t<meta property=\"og:image:type\" content=\"image\/jpeg\" \/>\n<meta name=\"twitter:card\" content=\"summary_large_image\" \/>\n<meta name=\"twitter:label1\" content=\"Dur\u00e9e de lecture estim\u00e9e\" \/>\n\t<meta name=\"twitter:data1\" content=\"2 minutes\" \/>\n<script type=\"application\/ld+json\" class=\"yoast-schema-graph\">{\"@context\":\"https:\/\/schema.org\",\"@graph\":[{\"@type\":\"WebPage\",\"@id\":\"https:\/\/www.oasdi.ca\/fr\/education-internationale\/ontario\/conditions-admission\/\",\"url\":\"https:\/\/www.oasdi.ca\/fr\/education-internationale\/ontario\/conditions-admission\/\",\"name\":\"Conditions d'admission des \u00e9coles en Ontario | \u00c9tudiants \u00e9trangers\",\"isPartOf\":{\"@id\":\"https:\/\/www.oasdi.ca\/fr\/#website\"},\"datePublished\":\"2020-03-19T21:33:28+00:00\",\"dateModified\":\"2020-04-25T16:02:26+00:00\",\"description\":\"Vous envisagez de pr\u00e9senter une demande d'admission en tant qu'\u00e9tudiant \u00e9tranger en Ontario ? Pour en savoir plus sur les conditions d'admission, cliquez ici.\",\"breadcrumb\":{\"@id\":\"https:\/\/www.oasdi.ca\/fr\/education-internationale\/ontario\/conditions-admission\/#breadcrumb\"},\"inLanguage\":\"fr-FR\",\"potentialAction\":[{\"@type\":\"ReadAction\",\"target\":[\"https:\/\/www.oasdi.ca\/fr\/education-internationale\/ontario\/conditions-admission\/\"]}]},{\"@type\":\"BreadcrumbList\",\"@id\":\"https:\/\/www.oasdi.ca\/fr\/education-internationale\/ontario\/conditions-admission\/#breadcrumb\",\"itemListElement\":[{\"@type\":\"ListItem\",\"position\":1,\"name\":\"Accueil\",\"item\":\"https:\/\/www.oasdi.ca\/fr\/\"},{\"@type\":\"ListItem\",\"position\":2,\"name\":\"Comment faire des \u00e9tudes internationales au Canada\",\"item\":\"https:\/\/www.oasdi.ca\/fr\/education-internationale\/\"},{\"@type\":\"ListItem\",\"position\":3,\"name\":\"Comment faire des \u00e9tudes internationales en Ontario\",\"item\":\"https:\/\/www.oasdi.ca\/fr\/education-internationale\/ontario\/\"},{\"@type\":\"ListItem\",\"position\":4,\"name\":\"Conditions d&#8217;admission dans les \u00e9coles publiques de l&#8217;Ontario pour les \u00e9tudiants \u00e9trangers\"}]},{\"@type\":\"WebSite\",\"@id\":\"https:\/\/www.oasdi.ca\/fr\/#website\",\"url\":\"https:\/\/www.oasdi.ca\/fr\/\",\"name\":\"OASDI\",\"description\":\"Ontario Association of School District International\",\"publisher\":{\"@id\":\"https:\/\/www.oasdi.ca\/fr\/#organization\"},\"potentialAction\":[{\"@type\":\"SearchAction\",\"target\":{\"@type\":\"EntryPoint\",\"urlTemplate\":\"https:\/\/www.oasdi.ca\/fr\/?s={search_term_string}\"},\"query-input\":\"required name=search_term_string\"}],\"inLanguage\":\"fr-FR\"},{\"@type\":\"Organization\",\"@id\":\"https:\/\/www.oasdi.ca\/fr\/#organization\",\"name\":\"OASDI\",\"url\":\"https:\/\/www.oasdi.ca\/fr\/\",\"logo\":{\"@type\":\"ImageObject\",\"inLanguage\":\"fr-FR\",\"@id\":\"https:\/\/www.oasdi.ca\/fr\/#\/schema\/logo\/image\/\",\"url\":\"https:\/\/www.oasdi.ca\/wp-content\/uploads\/2020\/02\/cropped-oasdi-logo.png\",\"contentUrl\":\"https:\/\/www.oasdi.ca\/wp-content\/uploads\/2020\/02\/cropped-oasdi-logo.png\",\"width\":468,\"height\":96,\"caption\":\"OASDI\"},\"image\":{\"@id\":\"https:\/\/www.oasdi.ca\/fr\/#\/schema\/logo\/image\/\"}}]}<\/script>\n<!-- \/ Yoast SEO plugin. -->","yoast_head_json":{"title":"Conditions d'admission des \u00e9coles en Ontario | \u00c9tudiants \u00e9trangers","description":"Vous envisagez de pr\u00e9senter une demande d'admission en tant qu'\u00e9tudiant \u00e9tranger en Ontario ? Pour en savoir plus sur les conditions d'admission, cliquez ici.","robots":{"index":"index","follow":"follow","max-snippet":"max-snippet:-1","max-image-preview":"max-image-preview:large","max-video-preview":"max-video-preview:-1"},"canonical":"https:\/\/www.oasdi.ca\/fr\/education-internationale\/ontario\/conditions-admission\/","og_locale":"fr_FR","og_type":"article","og_title":"Conditions d'admission des \u00e9coles en Ontario | \u00c9tudiants \u00e9trangers","og_description":"Vous envisagez de pr\u00e9senter une demande d'admission en tant qu'\u00e9tudiant \u00e9tranger en Ontario ? Pour en savoir plus sur les conditions d'admission, cliquez ici.","og_url":"https:\/\/www.oasdi.ca\/fr\/education-internationale\/ontario\/conditions-admission\/","og_site_name":"OASDI","article_modified_time":"2020-04-25T16:02:26+00:00","og_image":[{"width":1440,"height":268,"url":"https:\/\/www.oasdi.ca\/wp-content\/uploads\/2020\/03\/onatro-schools-2020.jpg","type":"image\/jpeg"}],"twitter_card":"summary_large_image","twitter_misc":{"Dur\u00e9e de lecture estim\u00e9e":"2 minutes"},"schema":{"@context":"https:\/\/schema.org","@graph":[{"@type":"WebPage","@id":"https:\/\/www.oasdi.ca\/fr\/education-internationale\/ontario\/conditions-admission\/","url":"https:\/\/www.oasdi.ca\/fr\/education-internationale\/ontario\/conditions-admission\/","name":"Conditions d'admission des \u00e9coles en Ontario | \u00c9tudiants \u00e9trangers","isPartOf":{"@id":"https:\/\/www.oasdi.ca\/fr\/#website"},"datePublished":"2020-03-19T21:33:28+00:00","dateModified":"2020-04-25T16:02:26+00:00","description":"Vous envisagez de pr\u00e9senter une demande d'admission en tant qu'\u00e9tudiant \u00e9tranger en Ontario ? Pour en savoir plus sur les conditions d'admission, cliquez ici.","breadcrumb":{"@id":"https:\/\/www.oasdi.ca\/fr\/education-internationale\/ontario\/conditions-admission\/#breadcrumb"},"inLanguage":"fr-FR","potentialAction":[{"@type":"ReadAction","target":["https:\/\/www.oasdi.ca\/fr\/education-internationale\/ontario\/conditions-admission\/"]}]},{"@type":"BreadcrumbList","@id":"https:\/\/www.oasdi.ca\/fr\/education-internationale\/ontario\/conditions-admission\/#breadcrumb","itemListElement":[{"@type":"ListItem","position":1,"name":"Accueil","item":"https:\/\/www.oasdi.ca\/fr\/"},{"@type":"ListItem","position":2,"name":"Comment faire des \u00e9tudes internationales au Canada","item":"https:\/\/www.oasdi.ca\/fr\/education-internationale\/"},{"@type":"ListItem","position":3,"name":"Comment faire des \u00e9tudes internationales en Ontario","item":"https:\/\/www.oasdi.ca\/fr\/education-internationale\/ontario\/"},{"@type":"ListItem","position":4,"name":"Conditions d&#8217;admission dans les \u00e9coles publiques de l&#8217;Ontario pour les \u00e9tudiants \u00e9trangers"}]},{"@type":"WebSite","@id":"https:\/\/www.oasdi.ca\/fr\/#website","url":"https:\/\/www.oasdi.ca\/fr\/","name":"OASDI","description":"Ontario Association of School District International","publisher":{"@id":"https:\/\/www.oasdi.ca\/fr\/#organization"},"potentialAction":[{"@type":"SearchAction","target":{"@type":"EntryPoint","urlTemplate":"https:\/\/www.oasdi.ca\/fr\/?s={search_term_string}"},"query-input":"required name=search_term_string"}],"inLanguage":"fr-FR"},{"@type":"Organization","@id":"https:\/\/www.oasdi.ca\/fr\/#organization","name":"OASDI","url":"https:\/\/www.oasdi.ca\/fr\/","logo":{"@type":"ImageObject","inLanguage":"fr-FR","@id":"https:\/\/www.oasdi.ca\/fr\/#\/schema\/logo\/image\/","url":"https:\/\/www.oasdi.ca\/wp-content\/uploads\/2020\/02\/cropped-oasdi-logo.png","contentUrl":"https:\/\/www.oasdi.ca\/wp-content\/uploads\/2020\/02\/cropped-oasdi-logo.png","width":468,"height":96,"caption":"OASDI"},"image":{"@id":"https:\/\/www.oasdi.ca\/fr\/#\/schema\/logo\/image\/"}}]}},"_links":{"self":[{"href":"https:\/\/www.oasdi.ca\/fr\/wp-json\/wp\/v2\/pages\/21717"}],"collection":[{"href":"https:\/\/www.oasdi.ca\/fr\/wp-json\/wp\/v2\/pages"}],"about":[{"href":"https:\/\/www.oasdi.ca\/fr\/wp-json\/wp\/v2\/types\/page"}],"author":[{"embeddable":true,"href":"https:\/\/www.oasdi.ca\/fr\/wp-json\/wp\/v2\/users\/237"}],"replies":[{"embeddable":true,"href":"https:\/\/www.oasdi.ca\/fr\/wp-json\/wp\/v2\/comments?post=21717"}],"version-history":[{"count":0,"href":"https:\/\/www.oasdi.ca\/fr\/wp-json\/wp\/v2\/pages\/21717\/revisions"}],"up":[{"embeddable":true,"href":"https:\/\/www.oasdi.ca\/fr\/wp-json\/wp\/v2\/pages\/21673"}],"wp:featuredmedia":[{"embeddable":true,"href":"https:\/\/www.oasdi.ca\/fr\/wp-json\/wp\/v2\/media\/16282"}],"wp:attachment":[{"href":"https:\/\/www.oasdi.ca\/fr\/wp-json\/wp\/v2\/media?parent=21717"}],"curies":[{"name":"wp","href":"https:\/\/api.w.org\/{rel}","templated":true}]}}