{"id":21636,"date":"2020-03-19T15:18:48","date_gmt":"2020-03-19T15:18:48","guid":{"rendered":"http:\/\/oasdi.ca\/education-primaire-et-secondaire-en-ontario\/exigences-obtention-du-diplome\/equivalency-credits\/"},"modified":"2020-04-25T14:26:24","modified_gmt":"2020-04-25T14:26:24","slug":"equivalence-et-credits","status":"publish","type":"page","link":"https:\/\/www.oasdi.ca\/fr\/education-primaire-et-secondaire-en-ontario\/exigences-obtention-du-diplome\/equivalence-et-credits\/","title":{"rendered":"\u00c9quivalences de cr\u00e9dits en Ontario"},"content":{"rendered":"<div id=\"pl-21636\"  class=\"panel-layout\" ><div id=\"pg-21636-0\"  class=\"panel-grid panel-no-style\" ><div id=\"pgc-21636-0-0\"  class=\"panel-grid-cell\" ><div id=\"panel-21636-0-0-0\" class=\"so-panel widget widget_sow-image panel-first-child panel-last-child\" data-index=\"0\" ><div class=\"is-featured-img panel-widget-style panel-widget-style-for-21636-0-0-0\" ><div\n\t\t\t\n\t\t\tclass=\"so-widget-sow-image so-widget-sow-image-default-c4f6304fc136-21636\"\n\t\t\t\n\t\t>\n\n<div class=\"sow-image-container\">\n\t\t<img loading=\"lazy\" decoding=\"async\" src=\"https:\/\/www.oasdi.ca\/wp-content\/uploads\/2020\/03\/banner-51.jpg\" width=\"1440\" height=\"268\" srcset=\"https:\/\/www.oasdi.ca\/wp-content\/uploads\/2020\/03\/banner-51.jpg 1440w, https:\/\/www.oasdi.ca\/wp-content\/uploads\/2020\/03\/banner-51-250x47.jpg 250w, https:\/\/www.oasdi.ca\/wp-content\/uploads\/2020\/03\/banner-51-700x130.jpg 700w, https:\/\/www.oasdi.ca\/wp-content\/uploads\/2020\/03\/banner-51-768x143.jpg 768w, https:\/\/www.oasdi.ca\/wp-content\/uploads\/2020\/03\/banner-51-120x22.jpg 120w\" sizes=\"(max-width: 1440px) 100vw, 1440px\" alt=\"\" \t\tclass=\"so-widget-image\"\/>\n\t<\/div>\n\n<\/div><\/div><\/div><\/div><\/div><div id=\"pg-21636-1\"  class=\"panel-grid panel-has-style\" ><div class=\"has-container panel-row-style panel-row-style-for-21636-1\" ><div id=\"pgc-21636-1-0\"  class=\"panel-grid-cell\" ><div id=\"panel-21636-1-0-0\" class=\"so-panel widget widget_hem-seo-title-widget panel-first-child panel-last-child\" data-index=\"1\" ><div class=\"panel-widget-style panel-widget-style-for-21636-1-0-0\" ><div\n\t\t\t\n\t\t\tclass=\"so-widget-hem-seo-title-widget so-widget-hem-seo-title-widget-hem-seo-title-widget-style-d75171398898-21636\"\n\t\t\t\n\t\t>\n<h1 style=\"font-size:px;\">\u00c9quivalences de cr\u00e9dits en Ontario<\/h1>\n\n\n\n\t<!-- <div class=\"breadcrumb-trail\"><a href=\"index.php\">Home<\/a> \u00bb <span class=\"breadcrumb-current\">About<\/span><\/div> -->\n\t<div class=\"test1\"><span><span><a href=\"https:\/\/www.oasdi.ca\/fr\/\">Accueil<\/a><\/span><\/span><\/div>\n<\/div><\/div><\/div><\/div><\/div><\/div><div id=\"pg-21636-2\"  class=\"panel-grid panel-has-style\" ><div class=\"has-container panel-row-style panel-row-style-for-21636-2\" ><div id=\"pgc-21636-2-0\"  class=\"panel-grid-cell\" ><div id=\"panel-21636-2-0-0\" class=\"so-panel widget widget_hem-sidebar-menu-widget panel-first-child\" data-index=\"2\" ><div\n\t\t\t\n\t\t\tclass=\"so-widget-hem-sidebar-menu-widget so-widget-hem-sidebar-menu-widget-hem-sidebar-menu-widget-style-d75171398898-21636\"\n\t\t\t\n\t\t><div id=\"sidebar\">\n\t\t\t<ul id=\"side-menu\" class=\"side-menu menu-embedded\">\n\t\t\t\n\t\t\t\t\t\t\t\t\n\t\t\t\t\t\t\t\t\t\t\t<li><a class=\"active\" href=\"https:\/\/www.oasdi.ca\/fr\/education-primaire-et-secondaire-en-ontario\/exigences-obtention-du-diplome\/equivalence-et-credits\/\">\u00c9quivalences de cr\u00e9dits en Ontario<\/a><\/li>\n\t\t\t\t\t\t\t\t\t\t\n\n\t\t\t\t<!-- Extra menu -->\n\t\t\t\t\n\n\n\t\t\t\t\t<\/ul>\n\t\n\n<\/div><\/div><\/div><div id=\"panel-21636-2-0-1\" class=\"so-panel widget widget_hem-sidebar-link-widget panel-last-child\" data-index=\"3\" ><div\n\t\t\t\n\t\t\tclass=\"so-widget-hem-sidebar-link-widget so-widget-hem-sidebar-link-widget-hem-sidebar-link-widget-style-d75171398898-21636\"\n\t\t\t\n\t\t><div id=\"sidebar\" class=\"external-link-only\">\n\n\n\n\t\t\t\t<!-- Extra menu -->\n\t\t\t\t\t\t\t\t\t<ul id=\"side-menu\" class=\"side-menu menu-embedded\">\n\t\t\t\t\t\t\t\t\t\t\t\t\t\t\t\t\t\t\t\t\t<li><a  href=\"https:\/\/www.oasdi.ca\/map-search\/\">Map Overview<\/a><\/li>\n\t\t\t\t\t\t\t\t\t\t\t\t\t\t\n\t\t\t\t\t\t\t\t\t\t\t\t\t\t\t\t\t\t\t\t\t<li><a  href=\"https:\/\/www.oasdi.ca\/district-list\/\">District List<\/a><\/li>\n\t\t\t\t\t\t\t\t\t\t\t\t\t\t\n\t\t\t\t\t\t\t\n\t\t\t\t\t<\/ul>\n\t\t\t\t\n\t\t\t\t\n\n\n\n\n<\/div><\/div><\/div><\/div><div id=\"pgc-21636-2-1\"  class=\"panel-grid-cell\" ><div class=\"pl-sm-3 pl-md-5 panel-cell-style panel-cell-style-for-21636-2-1\" ><div id=\"panel-21636-2-1-0\" class=\"so-panel widget widget_hem-seo-title-widget panel-first-child\" data-index=\"4\" ><div class=\"panel-widget-style panel-widget-style-for-21636-2-1-0\" ><div\n\t\t\t\n\t\t\tclass=\"so-widget-hem-seo-title-widget so-widget-hem-seo-title-widget-hem-seo-title-widget-style-d75171398898-21636\"\n\t\t\t\n\t\t>\n<h2 style=\"font-size:px;\">\u00c9quivalences de cr\u00e9dits \u00e9trangers<\/h2>\n\n\n\n<\/div><\/div><\/div><div id=\"panel-21636-2-1-1\" class=\"so-panel widget widget_sow-editor panel-last-child\" data-index=\"5\" ><div\n\t\t\t\n\t\t\tclass=\"so-widget-sow-editor so-widget-sow-editor-base\"\n\t\t\t\n\t\t>\n<div class=\"siteorigin-widget-tinymce textwidget\">\n\t<p>Les \u00e9coles primaires et secondaires examinent les documents acad\u00e9miques (traduits en fran\u00e7ais ou en anglais) de tous les \u00e9tudiants ne d\u00e9tenant pas d\u00e9j\u00e0 des cr\u00e9dits de l\u2019Ontario et effectuent une \u00e9valuation des \u00e9quivalences de cr\u00e9dits.\u00a0 Les directeurs d\u2019\u00e9cole suivent les directives \u00e9nonc\u00e9es dans un document du minist\u00e8re de l\u2019\u00c9ducation intitul\u00e9\u00a0<em>\u00a0Les \u00e9coles de l\u2019Ontario de la maternelle et du jardin d\u2019enfants \u00e0 la 12e ann\u00e9e : Politiques et programmes, 2016 [note to client]\u00a0<\/em>\u00a0 pour d\u00e9terminer les \u00e9quivalences de cr\u00e9dits.\u00a0 Veuillez noter l\u2019\u00e9nonc\u00e9 suivant tir\u00e9 de ce document : \u00a0<em>\u00ab En outre, la direction de l\u2019\u00e9cole veillera \u00e0 l\u2019application des exigences suivantes :\u00a0 L\u2019\u00e9l\u00e8ve qui n\u2019a aucun cr\u00e9dit reconnu de l\u2019Ontario, mais qui a termin\u00e9 avec succ\u00e8s plus de trois ann\u00e9es d\u2019\u00e9tudes secondaires, devra obtenir au moins 4 cr\u00e9dits de 11e ou 12e ann\u00e9e avant d\u2019\u00eatre admissible au DESO en vertu de EO. \u00bb (p. 112<\/em>)<\/p>\n<p>.<\/p>\n<h3>Vous avez besoin de plus d\u2019information au sujet des exigences pour l\u2019obtention du dipl\u00f4me ?<\/h3>\n<p>Voir\u00a0<a href=\"http:\/\/www.edu.gov.on.ca\/eng\/students\/faq-students.html\" target=\"_blank\" rel=\"noopener\">les questions et r\u00e9ponses de la FAQ<\/a>\u00a0: \u00a0Comment puis-je obtenir une \u00e9valuation des documents d\u2019\u00e9ducation primaire et secondaire de l\u2019ext\u00e9rieur de l\u2019Ontario ? :<\/p>\n<p><a href=\"http:\/\/www.edu.gov.on.ca\/eng\/document\/policy\/os\/ONSchools.pdf\" target=\"_blank\" rel=\"noopener\">Les \u00e9coles de l\u2019Ontario de la maternelle et du jardin d\u2019enfants \u00e0 la 12e ann\u00e9e : Politiques et programmes, 2016<\/a><\/p>\n<\/div>\n<\/div><\/div><\/div><\/div><\/div><\/div><\/div>","protected":false},"excerpt":{"rendered":"\u00c9quivalences de cr\u00e9dits en Ontario Accueil \u00c9quivalences de cr\u00e9dits en Ontario Map Overview District List \u00c9quivalences de cr\u00e9dits \u00e9trangers Les \u00e9coles primaires et secondaires examinent les documents acad\u00e9miques (traduits en fran\u00e7ais ou en anglais) de tous les \u00e9tudiants ne d\u00e9tenant pas d\u00e9j\u00e0 des cr\u00e9dits de l\u2019Ontario et effectuent une \u00e9valuation des \u00e9quivalences de cr\u00e9dits.\u00a0 Les&#8230; <a class=\"view-article\" href=\"https:\/\/www.oasdi.ca\/fr\/education-primaire-et-secondaire-en-ontario\/exigences-obtention-du-diplome\/equivalence-et-credits\/\">View Article<\/a>","protected":false},"author":237,"featured_media":0,"parent":20965,"menu_order":538,"comment_status":"closed","ping_status":"closed","template":"","meta":{"footnotes":""},"class_list":["post-21636","page","type-page","status-publish","hentry"],"yoast_head":"<!-- This site is optimized with the Yoast SEO plugin v21.5 - https:\/\/yoast.com\/wordpress\/plugins\/seo\/ -->\n<title>Informations \u00e9quivalences de cr\u00e9dits| \u00c9ducation en Ontario<\/title>\n<meta name=\"description\" content=\"Les cr\u00e9dits d&#039;\u00e9quivalence sont utilis\u00e9s en Ontario lorsque les \u00e9tudiants ont fr\u00e9quent\u00e9 des \u00e9coles dans d&#039;autres provinces ou pays. Pour en savoir plus, cliquez ici. .\" \/>\n<meta name=\"robots\" content=\"index, follow, max-snippet:-1, max-image-preview:large, max-video-preview:-1\" \/>\n<link rel=\"canonical\" href=\"https:\/\/www.oasdi.ca\/fr\/education-primaire-et-secondaire-en-ontario\/exigences-obtention-du-diplome\/equivalence-et-credits\/\" \/>\n<meta property=\"og:locale\" content=\"fr_FR\" \/>\n<meta property=\"og:type\" content=\"article\" \/>\n<meta property=\"og:title\" content=\"Informations \u00e9quivalences de cr\u00e9dits| \u00c9ducation en Ontario\" \/>\n<meta property=\"og:description\" content=\"Les cr\u00e9dits d&#039;\u00e9quivalence sont utilis\u00e9s en Ontario lorsque les \u00e9tudiants ont fr\u00e9quent\u00e9 des \u00e9coles dans d&#039;autres provinces ou pays. Pour en savoir plus, cliquez ici. .\" \/>\n<meta property=\"og:url\" content=\"https:\/\/www.oasdi.ca\/fr\/education-primaire-et-secondaire-en-ontario\/exigences-obtention-du-diplome\/equivalence-et-credits\/\" \/>\n<meta property=\"og:site_name\" content=\"OASDI\" \/>\n<meta property=\"article:modified_time\" content=\"2020-04-25T14:26:24+00:00\" \/>\n<meta property=\"og:image\" content=\"https:\/\/www.oasdi.ca\/wp-content\/uploads\/2020\/03\/oasdi-faq.jpg\" \/>\n\t<meta property=\"og:image:width\" content=\"1440\" \/>\n\t<meta property=\"og:image:height\" content=\"268\" \/>\n\t<meta property=\"og:image:type\" content=\"image\/jpeg\" \/>\n<meta name=\"twitter:card\" content=\"summary_large_image\" \/>\n<meta name=\"twitter:label1\" content=\"Dur\u00e9e de lecture estim\u00e9e\" \/>\n\t<meta name=\"twitter:data1\" content=\"1 minute\" \/>\n<script type=\"application\/ld+json\" class=\"yoast-schema-graph\">{\"@context\":\"https:\/\/schema.org\",\"@graph\":[{\"@type\":\"WebPage\",\"@id\":\"https:\/\/www.oasdi.ca\/fr\/education-primaire-et-secondaire-en-ontario\/exigences-obtention-du-diplome\/equivalence-et-credits\/\",\"url\":\"https:\/\/www.oasdi.ca\/fr\/education-primaire-et-secondaire-en-ontario\/exigences-obtention-du-diplome\/equivalence-et-credits\/\",\"name\":\"Informations \u00e9quivalences de cr\u00e9dits| \u00c9ducation en Ontario\",\"isPartOf\":{\"@id\":\"https:\/\/www.oasdi.ca\/fr\/#website\"},\"datePublished\":\"2020-03-19T15:18:48+00:00\",\"dateModified\":\"2020-04-25T14:26:24+00:00\",\"description\":\"Les cr\u00e9dits d'\u00e9quivalence sont utilis\u00e9s en Ontario lorsque les \u00e9tudiants ont fr\u00e9quent\u00e9 des \u00e9coles dans d'autres provinces ou pays. Pour en savoir plus, cliquez ici. .\",\"breadcrumb\":{\"@id\":\"https:\/\/www.oasdi.ca\/fr\/education-primaire-et-secondaire-en-ontario\/exigences-obtention-du-diplome\/equivalence-et-credits\/#breadcrumb\"},\"inLanguage\":\"fr-FR\",\"potentialAction\":[{\"@type\":\"ReadAction\",\"target\":[\"https:\/\/www.oasdi.ca\/fr\/education-primaire-et-secondaire-en-ontario\/exigences-obtention-du-diplome\/equivalence-et-credits\/\"]}]},{\"@type\":\"BreadcrumbList\",\"@id\":\"https:\/\/www.oasdi.ca\/fr\/education-primaire-et-secondaire-en-ontario\/exigences-obtention-du-diplome\/equivalence-et-credits\/#breadcrumb\",\"itemListElement\":[{\"@type\":\"ListItem\",\"position\":1,\"name\":\"Accueil\",\"item\":\"https:\/\/www.oasdi.ca\/fr\/\"},{\"@type\":\"ListItem\",\"position\":2,\"name\":\"Syst\u00e8me d&rsquo;\u00e9ducation K-12 de l&rsquo;Ontario\",\"item\":\"https:\/\/www.oasdi.ca\/fr\/education-primaire-et-secondaire-en-ontario\/\"},{\"@type\":\"ListItem\",\"position\":3,\"name\":\"Exigences d&rsquo;obtention du dipl\u00f4me en Ontario\",\"item\":\"https:\/\/www.oasdi.ca\/fr\/education-primaire-et-secondaire-en-ontario\/exigences-obtention-du-diplome\/\"},{\"@type\":\"ListItem\",\"position\":4,\"name\":\"\u00c9quivalences de cr\u00e9dits en Ontario\"}]},{\"@type\":\"WebSite\",\"@id\":\"https:\/\/www.oasdi.ca\/fr\/#website\",\"url\":\"https:\/\/www.oasdi.ca\/fr\/\",\"name\":\"OASDI\",\"description\":\"Ontario Association of School District International\",\"publisher\":{\"@id\":\"https:\/\/www.oasdi.ca\/fr\/#organization\"},\"potentialAction\":[{\"@type\":\"SearchAction\",\"target\":{\"@type\":\"EntryPoint\",\"urlTemplate\":\"https:\/\/www.oasdi.ca\/fr\/?s={search_term_string}\"},\"query-input\":\"required name=search_term_string\"}],\"inLanguage\":\"fr-FR\"},{\"@type\":\"Organization\",\"@id\":\"https:\/\/www.oasdi.ca\/fr\/#organization\",\"name\":\"OASDI\",\"url\":\"https:\/\/www.oasdi.ca\/fr\/\",\"logo\":{\"@type\":\"ImageObject\",\"inLanguage\":\"fr-FR\",\"@id\":\"https:\/\/www.oasdi.ca\/fr\/#\/schema\/logo\/image\/\",\"url\":\"https:\/\/www.oasdi.ca\/wp-content\/uploads\/2020\/02\/cropped-oasdi-logo.png\",\"contentUrl\":\"https:\/\/www.oasdi.ca\/wp-content\/uploads\/2020\/02\/cropped-oasdi-logo.png\",\"width\":468,\"height\":96,\"caption\":\"OASDI\"},\"image\":{\"@id\":\"https:\/\/www.oasdi.ca\/fr\/#\/schema\/logo\/image\/\"}}]}<\/script>\n<!-- \/ Yoast SEO plugin. -->","yoast_head_json":{"title":"Informations \u00e9quivalences de cr\u00e9dits| \u00c9ducation en Ontario","description":"Les cr\u00e9dits d'\u00e9quivalence sont utilis\u00e9s en Ontario lorsque les \u00e9tudiants ont fr\u00e9quent\u00e9 des \u00e9coles dans d'autres provinces ou pays. Pour en savoir plus, cliquez ici. .","robots":{"index":"index","follow":"follow","max-snippet":"max-snippet:-1","max-image-preview":"max-image-preview:large","max-video-preview":"max-video-preview:-1"},"canonical":"https:\/\/www.oasdi.ca\/fr\/education-primaire-et-secondaire-en-ontario\/exigences-obtention-du-diplome\/equivalence-et-credits\/","og_locale":"fr_FR","og_type":"article","og_title":"Informations \u00e9quivalences de cr\u00e9dits| \u00c9ducation en Ontario","og_description":"Les cr\u00e9dits d'\u00e9quivalence sont utilis\u00e9s en Ontario lorsque les \u00e9tudiants ont fr\u00e9quent\u00e9 des \u00e9coles dans d'autres provinces ou pays. Pour en savoir plus, cliquez ici. .","og_url":"https:\/\/www.oasdi.ca\/fr\/education-primaire-et-secondaire-en-ontario\/exigences-obtention-du-diplome\/equivalence-et-credits\/","og_site_name":"OASDI","article_modified_time":"2020-04-25T14:26:24+00:00","og_image":[{"width":1440,"height":268,"url":"https:\/\/www.oasdi.ca\/wp-content\/uploads\/2020\/03\/oasdi-faq.jpg","type":"image\/jpeg"}],"twitter_card":"summary_large_image","twitter_misc":{"Dur\u00e9e de lecture estim\u00e9e":"1 minute"},"schema":{"@context":"https:\/\/schema.org","@graph":[{"@type":"WebPage","@id":"https:\/\/www.oasdi.ca\/fr\/education-primaire-et-secondaire-en-ontario\/exigences-obtention-du-diplome\/equivalence-et-credits\/","url":"https:\/\/www.oasdi.ca\/fr\/education-primaire-et-secondaire-en-ontario\/exigences-obtention-du-diplome\/equivalence-et-credits\/","name":"Informations \u00e9quivalences de cr\u00e9dits| \u00c9ducation en Ontario","isPartOf":{"@id":"https:\/\/www.oasdi.ca\/fr\/#website"},"datePublished":"2020-03-19T15:18:48+00:00","dateModified":"2020-04-25T14:26:24+00:00","description":"Les cr\u00e9dits d'\u00e9quivalence sont utilis\u00e9s en Ontario lorsque les \u00e9tudiants ont fr\u00e9quent\u00e9 des \u00e9coles dans d'autres provinces ou pays. Pour en savoir plus, cliquez ici. .","breadcrumb":{"@id":"https:\/\/www.oasdi.ca\/fr\/education-primaire-et-secondaire-en-ontario\/exigences-obtention-du-diplome\/equivalence-et-credits\/#breadcrumb"},"inLanguage":"fr-FR","potentialAction":[{"@type":"ReadAction","target":["https:\/\/www.oasdi.ca\/fr\/education-primaire-et-secondaire-en-ontario\/exigences-obtention-du-diplome\/equivalence-et-credits\/"]}]},{"@type":"BreadcrumbList","@id":"https:\/\/www.oasdi.ca\/fr\/education-primaire-et-secondaire-en-ontario\/exigences-obtention-du-diplome\/equivalence-et-credits\/#breadcrumb","itemListElement":[{"@type":"ListItem","position":1,"name":"Accueil","item":"https:\/\/www.oasdi.ca\/fr\/"},{"@type":"ListItem","position":2,"name":"Syst\u00e8me d&rsquo;\u00e9ducation K-12 de l&rsquo;Ontario","item":"https:\/\/www.oasdi.ca\/fr\/education-primaire-et-secondaire-en-ontario\/"},{"@type":"ListItem","position":3,"name":"Exigences d&rsquo;obtention du dipl\u00f4me en Ontario","item":"https:\/\/www.oasdi.ca\/fr\/education-primaire-et-secondaire-en-ontario\/exigences-obtention-du-diplome\/"},{"@type":"ListItem","position":4,"name":"\u00c9quivalences de cr\u00e9dits en Ontario"}]},{"@type":"WebSite","@id":"https:\/\/www.oasdi.ca\/fr\/#website","url":"https:\/\/www.oasdi.ca\/fr\/","name":"OASDI","description":"Ontario Association of School District International","publisher":{"@id":"https:\/\/www.oasdi.ca\/fr\/#organization"},"potentialAction":[{"@type":"SearchAction","target":{"@type":"EntryPoint","urlTemplate":"https:\/\/www.oasdi.ca\/fr\/?s={search_term_string}"},"query-input":"required name=search_term_string"}],"inLanguage":"fr-FR"},{"@type":"Organization","@id":"https:\/\/www.oasdi.ca\/fr\/#organization","name":"OASDI","url":"https:\/\/www.oasdi.ca\/fr\/","logo":{"@type":"ImageObject","inLanguage":"fr-FR","@id":"https:\/\/www.oasdi.ca\/fr\/#\/schema\/logo\/image\/","url":"https:\/\/www.oasdi.ca\/wp-content\/uploads\/2020\/02\/cropped-oasdi-logo.png","contentUrl":"https:\/\/www.oasdi.ca\/wp-content\/uploads\/2020\/02\/cropped-oasdi-logo.png","width":468,"height":96,"caption":"OASDI"},"image":{"@id":"https:\/\/www.oasdi.ca\/fr\/#\/schema\/logo\/image\/"}}]}},"_links":{"self":[{"href":"https:\/\/www.oasdi.ca\/fr\/wp-json\/wp\/v2\/pages\/21636"}],"collection":[{"href":"https:\/\/www.oasdi.ca\/fr\/wp-json\/wp\/v2\/pages"}],"about":[{"href":"https:\/\/www.oasdi.ca\/fr\/wp-json\/wp\/v2\/types\/page"}],"author":[{"embeddable":true,"href":"https:\/\/www.oasdi.ca\/fr\/wp-json\/wp\/v2\/users\/237"}],"replies":[{"embeddable":true,"href":"https:\/\/www.oasdi.ca\/fr\/wp-json\/wp\/v2\/comments?post=21636"}],"version-history":[{"count":0,"href":"https:\/\/www.oasdi.ca\/fr\/wp-json\/wp\/v2\/pages\/21636\/revisions"}],"up":[{"embeddable":true,"href":"https:\/\/www.oasdi.ca\/fr\/wp-json\/wp\/v2\/pages\/20965"}],"wp:attachment":[{"href":"https:\/\/www.oasdi.ca\/fr\/wp-json\/wp\/v2\/media?parent=21636"}],"curies":[{"name":"wp","href":"https:\/\/api.w.org\/{rel}","templated":true}]}}