{"id":21553,"date":"2020-03-19T09:51:07","date_gmt":"2020-03-19T09:51:07","guid":{"rendered":"http:\/\/oasdi.ca\/districts-scolaires-ontario\/oasdi-videos\/"},"modified":"2020-05-27T20:51:59","modified_gmt":"2020-05-27T20:51:59","slug":"oasdi-videos","status":"publish","type":"page","link":"https:\/\/www.oasdi.ca\/fr\/districts-scolaires-ontario\/oasdi-videos\/","title":{"rendered":"Vid\u00e9os de l&#8217;AOCSI"},"content":{"rendered":"<div id=\"pl-21553\"  class=\"panel-layout\" ><div id=\"pg-21553-0\"  class=\"panel-grid panel-no-style\" ><div id=\"pgc-21553-0-0\"  class=\"panel-grid-cell\" ><div id=\"panel-21553-0-0-0\" class=\"so-panel widget widget_sow-image panel-first-child panel-last-child\" data-index=\"0\" ><div class=\"is-featured-img panel-widget-style panel-widget-style-for-21553-0-0-0\" ><div\n\t\t\t\n\t\t\tclass=\"so-widget-sow-image so-widget-sow-image-default-c4f6304fc136-21553\"\n\t\t\t\n\t\t>\n\n<div class=\"sow-image-container\">\n\t\t<img loading=\"lazy\" decoding=\"async\" src=\"https:\/\/www.oasdi.ca\/wp-content\/uploads\/2020\/03\/oasdi-faq.jpg\" width=\"1440\" height=\"268\" srcset=\"https:\/\/www.oasdi.ca\/wp-content\/uploads\/2020\/03\/oasdi-faq.jpg 1440w, https:\/\/www.oasdi.ca\/wp-content\/uploads\/2020\/03\/oasdi-faq-250x47.jpg 250w, https:\/\/www.oasdi.ca\/wp-content\/uploads\/2020\/03\/oasdi-faq-700x130.jpg 700w, https:\/\/www.oasdi.ca\/wp-content\/uploads\/2020\/03\/oasdi-faq-768x143.jpg 768w, https:\/\/www.oasdi.ca\/wp-content\/uploads\/2020\/03\/oasdi-faq-120x22.jpg 120w\" sizes=\"(max-width: 1440px) 100vw, 1440px\" alt=\"\" \t\tclass=\"so-widget-image\"\/>\n\t<\/div>\n\n<\/div><\/div><\/div><\/div><\/div><div id=\"pg-21553-1\"  class=\"panel-grid panel-has-style\" ><div class=\"has-container panel-row-style panel-row-style-for-21553-1\" ><div id=\"pgc-21553-1-0\"  class=\"panel-grid-cell\" ><div id=\"panel-21553-1-0-0\" class=\"so-panel widget widget_hem-seo-title-widget panel-first-child panel-last-child\" data-index=\"1\" ><div class=\"panel-widget-style panel-widget-style-for-21553-1-0-0\" ><div\n\t\t\t\n\t\t\tclass=\"so-widget-hem-seo-title-widget so-widget-hem-seo-title-widget-hem-seo-title-widget-style-d75171398898-21553\"\n\t\t\t\n\t\t>\n<h1 style=\"font-size:px;\">Vid\u00e9os de l'AOCSI<\/h1>\n\n\n\n\t<!-- <div class=\"breadcrumb-trail\"><a href=\"index.php\">Home<\/a> \u00bb <span class=\"breadcrumb-current\">About<\/span><\/div> -->\n\t<div class=\"test1\"><span><span><a href=\"https:\/\/www.oasdi.ca\/fr\/\">Accueil<\/a><\/span><\/span><\/div>\n<\/div><\/div><\/div><\/div><\/div><\/div><div id=\"pg-21553-2\"  class=\"panel-grid panel-has-style\" ><div class=\"has-container video-col-fluid panel-row-style panel-row-style-for-21553-2\" ><div id=\"pgc-21553-2-0\"  class=\"panel-grid-cell\" ><div class=\"px-2 py-2 px-sm-3 py-sm-3 panel-cell-style panel-cell-style-for-21553-2-0\" ><div id=\"panel-21553-2-0-0\" class=\"so-panel widget widget_sow-video panel-first-child panel-last-child\" data-index=\"2\" ><div\n\t\t\t\n\t\t\tclass=\"so-widget-sow-video so-widget-sow-video-default-f379b959fc93-21553\"\n\t\t\t\n\t\t>\n<div class=\"sow-video-wrapper no-controls\">\n\t\t\t<video\n\t\t\t\t\t\t\tid=\"sow-player-1\" \t\t\t\t\t\t\tclass=\"sow-video-widget\" \t\t\t\t\t\t\tpreload=\"auto\" \t\t\t\t\t\t\tstyle=\"width:100%;height:100%;\" \t\t\t\t\t\t\tposter=\"https:\/\/www.oasdi.ca\/wp-content\/uploads\/2020\/05\/bea-ss.jpg\" \t\t\t\t\t\t\t\t>\n\t\t\t\t\t\t\t<source type=\"video\/mp4\" src=\"https:\/\/www.oasdi.ca\/wp-content\/uploads\/2020\/05\/bea.mp4\"\/>\n\t\t\t\t\t<\/video>\n\t<\/div>\n<\/div><\/div><\/div><\/div><div id=\"pgc-21553-2-1\"  class=\"panel-grid-cell\" ><div class=\"px-2 py-2 px-sm-3 py-sm-3 panel-cell-style panel-cell-style-for-21553-2-1\" ><div id=\"panel-21553-2-1-0\" class=\"so-panel widget widget_sow-video panel-first-child panel-last-child\" data-index=\"3\" ><div\n\t\t\t\n\t\t\tclass=\"so-widget-sow-video so-widget-sow-video-default-f379b959fc93-21553\"\n\t\t\t\n\t\t>\n<div class=\"sow-video-wrapper no-controls\">\n\t\t\t<video\n\t\t\t\t\t\t\tid=\"sow-player-2\" \t\t\t\t\t\t\tclass=\"sow-video-widget\" \t\t\t\t\t\t\tpreload=\"auto\" \t\t\t\t\t\t\tstyle=\"width:100%;height:100%;\" \t\t\t\t\t\t\tposter=\"https:\/\/www.oasdi.ca\/wp-content\/uploads\/2020\/05\/jack-ss.jpg\" \t\t\t\t\t\t\t\t>\n\t\t\t\t\t\t\t<source type=\"video\/mp4\" src=\"https:\/\/www.oasdi.ca\/wp-content\/uploads\/2020\/05\/jack.mp4\"\/>\n\t\t\t\t\t<\/video>\n\t<\/div>\n<\/div><\/div><\/div><\/div><div id=\"pgc-21553-2-2\"  class=\"panel-grid-cell\" ><div class=\"px-2 py-2 px-sm-3 py-sm-3 panel-cell-style panel-cell-style-for-21553-2-2\" ><div id=\"panel-21553-2-2-0\" class=\"so-panel widget widget_sow-video panel-first-child panel-last-child\" data-index=\"4\" ><div\n\t\t\t\n\t\t\tclass=\"so-widget-sow-video so-widget-sow-video-default-f379b959fc93-21553\"\n\t\t\t\n\t\t>\n<div class=\"sow-video-wrapper no-controls\">\n\t\t\t<video\n\t\t\t\t\t\t\tid=\"sow-player-3\" \t\t\t\t\t\t\tclass=\"sow-video-widget\" \t\t\t\t\t\t\tpreload=\"auto\" \t\t\t\t\t\t\tstyle=\"width:100%;height:100%;\" \t\t\t\t\t\t\tposter=\"https:\/\/www.oasdi.ca\/wp-content\/uploads\/2020\/05\/kate-ss.jpg\" \t\t\t\t\t\t\t\t>\n\t\t\t\t\t\t\t<source type=\"video\/mp4\" src=\"https:\/\/www.oasdi.ca\/wp-content\/uploads\/2020\/03\/kate.mp4\"\/>\n\t\t\t\t\t<\/video>\n\t<\/div>\n<\/div><\/div><\/div><\/div><\/div><\/div><div id=\"pg-21553-3\"  class=\"panel-grid panel-has-style\" ><div class=\"has-container panel-row-style panel-row-style-for-21553-3\" ><div id=\"pgc-21553-3-0\"  class=\"panel-grid-cell\" ><div class=\"px-2 py-2 px-sm-3 py-sm-3 panel-cell-style panel-cell-style-for-21553-3-0\" ><div id=\"panel-21553-3-0-0\" class=\"so-panel widget widget_sow-video panel-first-child panel-last-child\" data-index=\"5\" ><div\n\t\t\t\n\t\t\tclass=\"so-widget-sow-video so-widget-sow-video-default-f379b959fc93-21553\"\n\t\t\t\n\t\t>\n<div class=\"sow-video-wrapper no-controls\">\n\t\t\t<video\n\t\t\t\t\t\t\tid=\"sow-player-4\" \t\t\t\t\t\t\tclass=\"sow-video-widget\" \t\t\t\t\t\t\tpreload=\"auto\" \t\t\t\t\t\t\tstyle=\"width:100%;height:100%;\" \t\t\t\t\t\t\tposter=\"https:\/\/www.oasdi.ca\/wp-content\/uploads\/2020\/05\/mei.jpg\" \t\t\t\t\t\t\t\t>\n\t\t\t\t\t\t\t<source type=\"video\/mp4\" src=\"https:\/\/www.oasdi.ca\/wp-content\/uploads\/2020\/05\/mei.mp4\"\/>\n\t\t\t\t\t<\/video>\n\t<\/div>\n<\/div><\/div><\/div><\/div><div id=\"pgc-21553-3-1\"  class=\"panel-grid-cell\" ><div class=\"px-2 py-2 px-sm-3 py-sm-3 panel-cell-style panel-cell-style-for-21553-3-1\" ><div id=\"panel-21553-3-1-0\" class=\"so-panel widget widget_sow-video panel-first-child panel-last-child\" data-index=\"6\" ><div\n\t\t\t\n\t\t\tclass=\"so-widget-sow-video so-widget-sow-video-default-f379b959fc93-21553\"\n\t\t\t\n\t\t>\n<div class=\"sow-video-wrapper no-controls\">\n\t\t\t<video\n\t\t\t\t\t\t\tid=\"sow-player-5\" \t\t\t\t\t\t\tclass=\"sow-video-widget\" \t\t\t\t\t\t\tpreload=\"auto\" \t\t\t\t\t\t\tstyle=\"width:100%;height:100%;\" \t\t\t\t\t\t\tposter=\"https:\/\/www.oasdi.ca\/wp-content\/uploads\/2020\/05\/yuri-ss.jpg\" \t\t\t\t\t\t\t\t>\n\t\t\t\t\t\t\t<source type=\"video\/mp4\" src=\"https:\/\/www.oasdi.ca\/wp-content\/uploads\/2020\/05\/yuri.mp4\"\/>\n\t\t\t\t\t<\/video>\n\t<\/div>\n<\/div><\/div><\/div><\/div><div id=\"pgc-21553-3-2\"  class=\"panel-grid-cell\" ><div class=\"px-2 py-2 px-sm-3 py-sm-3 panel-cell-style panel-cell-style-for-21553-3-2\" ><div id=\"panel-21553-3-2-0\" class=\"so-panel widget widget_sow-video panel-first-child panel-last-child\" data-index=\"7\" ><div\n\t\t\t\n\t\t\tclass=\"so-widget-sow-video so-widget-sow-video-default-f379b959fc93-21553\"\n\t\t\t\n\t\t>\n<div class=\"sow-video-wrapper no-controls\">\n\t\t\t<video\n\t\t\t\t\t\t\tid=\"sow-player-6\" \t\t\t\t\t\t\tclass=\"sow-video-widget\" \t\t\t\t\t\t\tpreload=\"auto\" \t\t\t\t\t\t\tstyle=\"width:100%;height:100%;\" \t\t\t\t\t\t\tposter=\"https:\/\/www.oasdi.ca\/wp-content\/uploads\/2020\/05\/living-ss.jpg\" \t\t\t\t\t\t\t\t>\n\t\t\t\t\t\t\t<source type=\"video\/mp4\" src=\"https:\/\/www.oasdi.ca\/wp-content\/uploads\/2020\/05\/living.mp4\"\/>\n\t\t\t\t\t<\/video>\n\t<\/div>\n<\/div><\/div><\/div><\/div><\/div><\/div><div id=\"pg-21553-4\"  class=\"panel-grid panel-no-style\" ><div id=\"pgc-21553-4-0\"  class=\"panel-grid-cell\" ><div id=\"panel-21553-4-0-0\" class=\"so-panel widget widget_hem-seperator-widget panel-first-child panel-last-child\" data-index=\"8\" ><div\n\t\t\t\n\t\t\tclass=\"so-widget-hem-seperator-widget so-widget-hem-seperator-widget-hem-seperator-widget-style-d75171398898-21553\"\n\t\t\t\n\t\t>\n<div class=\"widget-seperator\" style=\"margin-top:0px;margin-bottom:0px;border-bottom:0px solid;width:100%;opacity:1\"><\/div><\/div><\/div><\/div><\/div><\/div>","protected":false},"excerpt":{"rendered":"Vid\u00e9os de l&#8217;AOCSI Accueil","protected":false},"author":237,"featured_media":0,"parent":21215,"menu_order":589,"comment_status":"closed","ping_status":"closed","template":"","meta":{"footnotes":""},"class_list":["post-21553","page","type-page","status-publish","hentry"],"yoast_head":"<!-- This site is optimized with the Yoast SEO plugin v21.5 - https:\/\/yoast.com\/wordpress\/plugins\/seo\/ -->\n<title>Vid\u00e9os | Programmes d&#039;\u00e9ducation internationale - Ontario<\/title>\n<meta name=\"description\" content=\"L&#039;AOCSI repr\u00e9sente les conseils scolaires de l&#039;Ontario qui offrent des programmes aux \u00e9l\u00e8ves du monde entier. Apprenez-en plus en visionnant nos vid\u00e9os.\" \/>\n<meta name=\"robots\" content=\"index, follow, max-snippet:-1, max-image-preview:large, max-video-preview:-1\" \/>\n<link rel=\"canonical\" href=\"https:\/\/www.oasdi.ca\/fr\/districts-scolaires-ontario\/oasdi-videos\/\" \/>\n<meta property=\"og:locale\" content=\"fr_FR\" \/>\n<meta property=\"og:type\" content=\"article\" \/>\n<meta property=\"og:title\" content=\"Vid\u00e9os | Programmes d&#039;\u00e9ducation internationale - Ontario\" \/>\n<meta property=\"og:description\" content=\"L&#039;AOCSI repr\u00e9sente les conseils scolaires de l&#039;Ontario qui offrent des programmes aux \u00e9l\u00e8ves du monde entier. Apprenez-en plus en visionnant nos vid\u00e9os.\" \/>\n<meta property=\"og:url\" content=\"https:\/\/www.oasdi.ca\/fr\/districts-scolaires-ontario\/oasdi-videos\/\" \/>\n<meta property=\"og:site_name\" content=\"OASDI\" \/>\n<meta property=\"article:modified_time\" content=\"2020-05-27T20:51:59+00:00\" \/>\n<meta property=\"og:image\" content=\"https:\/\/www.oasdi.ca\/wp-content\/uploads\/2020\/03\/oasdi-faq.jpg\" \/>\n\t<meta property=\"og:image:width\" content=\"1440\" \/>\n\t<meta property=\"og:image:height\" content=\"268\" \/>\n\t<meta property=\"og:image:type\" content=\"image\/jpeg\" \/>\n<meta name=\"twitter:card\" content=\"summary_large_image\" \/>\n<script type=\"application\/ld+json\" class=\"yoast-schema-graph\">{\"@context\":\"https:\/\/schema.org\",\"@graph\":[{\"@type\":\"WebPage\",\"@id\":\"https:\/\/www.oasdi.ca\/fr\/districts-scolaires-ontario\/oasdi-videos\/\",\"url\":\"https:\/\/www.oasdi.ca\/fr\/districts-scolaires-ontario\/oasdi-videos\/\",\"name\":\"Vid\u00e9os | Programmes d'\u00e9ducation internationale - Ontario\",\"isPartOf\":{\"@id\":\"https:\/\/www.oasdi.ca\/fr\/#website\"},\"datePublished\":\"2020-03-19T09:51:07+00:00\",\"dateModified\":\"2020-05-27T20:51:59+00:00\",\"description\":\"L'AOCSI repr\u00e9sente les conseils scolaires de l'Ontario qui offrent des programmes aux \u00e9l\u00e8ves du monde entier. Apprenez-en plus en visionnant nos vid\u00e9os.\",\"breadcrumb\":{\"@id\":\"https:\/\/www.oasdi.ca\/fr\/districts-scolaires-ontario\/oasdi-videos\/#breadcrumb\"},\"inLanguage\":\"fr-FR\",\"potentialAction\":[{\"@type\":\"ReadAction\",\"target\":[\"https:\/\/www.oasdi.ca\/fr\/districts-scolaires-ontario\/oasdi-videos\/\"]}]},{\"@type\":\"BreadcrumbList\",\"@id\":\"https:\/\/www.oasdi.ca\/fr\/districts-scolaires-ontario\/oasdi-videos\/#breadcrumb\",\"itemListElement\":[{\"@type\":\"ListItem\",\"position\":1,\"name\":\"Accueil\",\"item\":\"https:\/\/www.oasdi.ca\/fr\/\"},{\"@type\":\"ListItem\",\"position\":2,\"name\":\"\u00c0 propos des conseils scolaires de l&rsquo;Ontario\",\"item\":\"https:\/\/www.oasdi.ca\/fr\/districts-scolaires-ontario\/\"},{\"@type\":\"ListItem\",\"position\":3,\"name\":\"Vid\u00e9os de l&rsquo;AOCSI\"}]},{\"@type\":\"WebSite\",\"@id\":\"https:\/\/www.oasdi.ca\/fr\/#website\",\"url\":\"https:\/\/www.oasdi.ca\/fr\/\",\"name\":\"OASDI\",\"description\":\"Ontario Association of School District International\",\"publisher\":{\"@id\":\"https:\/\/www.oasdi.ca\/fr\/#organization\"},\"potentialAction\":[{\"@type\":\"SearchAction\",\"target\":{\"@type\":\"EntryPoint\",\"urlTemplate\":\"https:\/\/www.oasdi.ca\/fr\/?s={search_term_string}\"},\"query-input\":\"required name=search_term_string\"}],\"inLanguage\":\"fr-FR\"},{\"@type\":\"Organization\",\"@id\":\"https:\/\/www.oasdi.ca\/fr\/#organization\",\"name\":\"OASDI\",\"url\":\"https:\/\/www.oasdi.ca\/fr\/\",\"logo\":{\"@type\":\"ImageObject\",\"inLanguage\":\"fr-FR\",\"@id\":\"https:\/\/www.oasdi.ca\/fr\/#\/schema\/logo\/image\/\",\"url\":\"https:\/\/www.oasdi.ca\/wp-content\/uploads\/2020\/02\/cropped-oasdi-logo.png\",\"contentUrl\":\"https:\/\/www.oasdi.ca\/wp-content\/uploads\/2020\/02\/cropped-oasdi-logo.png\",\"width\":468,\"height\":96,\"caption\":\"OASDI\"},\"image\":{\"@id\":\"https:\/\/www.oasdi.ca\/fr\/#\/schema\/logo\/image\/\"}}]}<\/script>\n<!-- \/ Yoast SEO plugin. -->","yoast_head_json":{"title":"Vid\u00e9os | Programmes d'\u00e9ducation internationale - Ontario","description":"L'AOCSI repr\u00e9sente les conseils scolaires de l'Ontario qui offrent des programmes aux \u00e9l\u00e8ves du monde entier. Apprenez-en plus en visionnant nos vid\u00e9os.","robots":{"index":"index","follow":"follow","max-snippet":"max-snippet:-1","max-image-preview":"max-image-preview:large","max-video-preview":"max-video-preview:-1"},"canonical":"https:\/\/www.oasdi.ca\/fr\/districts-scolaires-ontario\/oasdi-videos\/","og_locale":"fr_FR","og_type":"article","og_title":"Vid\u00e9os | Programmes d'\u00e9ducation internationale - Ontario","og_description":"L'AOCSI repr\u00e9sente les conseils scolaires de l'Ontario qui offrent des programmes aux \u00e9l\u00e8ves du monde entier. Apprenez-en plus en visionnant nos vid\u00e9os.","og_url":"https:\/\/www.oasdi.ca\/fr\/districts-scolaires-ontario\/oasdi-videos\/","og_site_name":"OASDI","article_modified_time":"2020-05-27T20:51:59+00:00","og_image":[{"width":1440,"height":268,"url":"https:\/\/www.oasdi.ca\/wp-content\/uploads\/2020\/03\/oasdi-faq.jpg","type":"image\/jpeg"}],"twitter_card":"summary_large_image","schema":{"@context":"https:\/\/schema.org","@graph":[{"@type":"WebPage","@id":"https:\/\/www.oasdi.ca\/fr\/districts-scolaires-ontario\/oasdi-videos\/","url":"https:\/\/www.oasdi.ca\/fr\/districts-scolaires-ontario\/oasdi-videos\/","name":"Vid\u00e9os | Programmes d'\u00e9ducation internationale - Ontario","isPartOf":{"@id":"https:\/\/www.oasdi.ca\/fr\/#website"},"datePublished":"2020-03-19T09:51:07+00:00","dateModified":"2020-05-27T20:51:59+00:00","description":"L'AOCSI repr\u00e9sente les conseils scolaires de l'Ontario qui offrent des programmes aux \u00e9l\u00e8ves du monde entier. Apprenez-en plus en visionnant nos vid\u00e9os.","breadcrumb":{"@id":"https:\/\/www.oasdi.ca\/fr\/districts-scolaires-ontario\/oasdi-videos\/#breadcrumb"},"inLanguage":"fr-FR","potentialAction":[{"@type":"ReadAction","target":["https:\/\/www.oasdi.ca\/fr\/districts-scolaires-ontario\/oasdi-videos\/"]}]},{"@type":"BreadcrumbList","@id":"https:\/\/www.oasdi.ca\/fr\/districts-scolaires-ontario\/oasdi-videos\/#breadcrumb","itemListElement":[{"@type":"ListItem","position":1,"name":"Accueil","item":"https:\/\/www.oasdi.ca\/fr\/"},{"@type":"ListItem","position":2,"name":"\u00c0 propos des conseils scolaires de l&rsquo;Ontario","item":"https:\/\/www.oasdi.ca\/fr\/districts-scolaires-ontario\/"},{"@type":"ListItem","position":3,"name":"Vid\u00e9os de l&rsquo;AOCSI"}]},{"@type":"WebSite","@id":"https:\/\/www.oasdi.ca\/fr\/#website","url":"https:\/\/www.oasdi.ca\/fr\/","name":"OASDI","description":"Ontario Association of School District International","publisher":{"@id":"https:\/\/www.oasdi.ca\/fr\/#organization"},"potentialAction":[{"@type":"SearchAction","target":{"@type":"EntryPoint","urlTemplate":"https:\/\/www.oasdi.ca\/fr\/?s={search_term_string}"},"query-input":"required name=search_term_string"}],"inLanguage":"fr-FR"},{"@type":"Organization","@id":"https:\/\/www.oasdi.ca\/fr\/#organization","name":"OASDI","url":"https:\/\/www.oasdi.ca\/fr\/","logo":{"@type":"ImageObject","inLanguage":"fr-FR","@id":"https:\/\/www.oasdi.ca\/fr\/#\/schema\/logo\/image\/","url":"https:\/\/www.oasdi.ca\/wp-content\/uploads\/2020\/02\/cropped-oasdi-logo.png","contentUrl":"https:\/\/www.oasdi.ca\/wp-content\/uploads\/2020\/02\/cropped-oasdi-logo.png","width":468,"height":96,"caption":"OASDI"},"image":{"@id":"https:\/\/www.oasdi.ca\/fr\/#\/schema\/logo\/image\/"}}]}},"_links":{"self":[{"href":"https:\/\/www.oasdi.ca\/fr\/wp-json\/wp\/v2\/pages\/21553"}],"collection":[{"href":"https:\/\/www.oasdi.ca\/fr\/wp-json\/wp\/v2\/pages"}],"about":[{"href":"https:\/\/www.oasdi.ca\/fr\/wp-json\/wp\/v2\/types\/page"}],"author":[{"embeddable":true,"href":"https:\/\/www.oasdi.ca\/fr\/wp-json\/wp\/v2\/users\/237"}],"replies":[{"embeddable":true,"href":"https:\/\/www.oasdi.ca\/fr\/wp-json\/wp\/v2\/comments?post=21553"}],"version-history":[{"count":0,"href":"https:\/\/www.oasdi.ca\/fr\/wp-json\/wp\/v2\/pages\/21553\/revisions"}],"up":[{"embeddable":true,"href":"https:\/\/www.oasdi.ca\/fr\/wp-json\/wp\/v2\/pages\/21215"}],"wp:attachment":[{"href":"https:\/\/www.oasdi.ca\/fr\/wp-json\/wp\/v2\/media?parent=21553"}],"curies":[{"name":"wp","href":"https:\/\/api.w.org\/{rel}","templated":true}]}}