{"id":20882,"date":"2020-03-19T12:51:36","date_gmt":"2020-03-19T12:51:36","guid":{"rendered":"http:\/\/oasdi.ca\/education-primaire-et-secondaire-en-ontario\/cooperative-education\/"},"modified":"2020-04-23T01:08:13","modified_gmt":"2020-04-23T01:08:13","slug":"education-cooperative","status":"publish","type":"page","link":"https:\/\/www.oasdi.ca\/fr\/education-primaire-et-secondaire-en-ontario\/education-cooperative\/","title":{"rendered":"\u00c9ducation coop\u00e9rative en Ontario"},"content":{"rendered":"<div id=\"pl-20882\"  class=\"panel-layout\" ><div id=\"pg-20882-0\"  class=\"panel-grid panel-no-style\" ><div id=\"pgc-20882-0-0\"  class=\"panel-grid-cell\" ><div id=\"panel-20882-0-0-0\" class=\"so-panel widget widget_sow-image panel-first-child panel-last-child\" data-index=\"0\" ><div class=\"is-featured-img panel-widget-style panel-widget-style-for-20882-0-0-0\" ><div\n\t\t\t\n\t\t\tclass=\"so-widget-sow-image so-widget-sow-image-default-c4f6304fc136-20882\"\n\t\t\t\n\t\t>\n\n<div class=\"sow-image-container\">\n\t\t<img loading=\"lazy\" decoding=\"async\" src=\"https:\/\/www.oasdi.ca\/wp-content\/uploads\/2020\/03\/oasdi-school.jpg\" width=\"1440\" height=\"268\" srcset=\"https:\/\/www.oasdi.ca\/wp-content\/uploads\/2020\/03\/oasdi-school.jpg 1440w, https:\/\/www.oasdi.ca\/wp-content\/uploads\/2020\/03\/oasdi-school-250x47.jpg 250w, https:\/\/www.oasdi.ca\/wp-content\/uploads\/2020\/03\/oasdi-school-700x130.jpg 700w, https:\/\/www.oasdi.ca\/wp-content\/uploads\/2020\/03\/oasdi-school-768x143.jpg 768w, https:\/\/www.oasdi.ca\/wp-content\/uploads\/2020\/03\/oasdi-school-120x22.jpg 120w\" sizes=\"(max-width: 1440px) 100vw, 1440px\" alt=\"OASDI ontario\" \t\tclass=\"so-widget-image\"\/>\n\t<\/div>\n\n<\/div><\/div><\/div><\/div><\/div><div id=\"pg-20882-1\"  class=\"panel-grid panel-has-style\" ><div class=\"has-container panel-row-style panel-row-style-for-20882-1\" ><div id=\"pgc-20882-1-0\"  class=\"panel-grid-cell\" ><div id=\"panel-20882-1-0-0\" class=\"so-panel widget widget_hem-seo-title-widget panel-first-child panel-last-child\" data-index=\"1\" ><div class=\"panel-widget-style panel-widget-style-for-20882-1-0-0\" ><div\n\t\t\t\n\t\t\tclass=\"so-widget-hem-seo-title-widget so-widget-hem-seo-title-widget-hem-seo-title-widget-style-d75171398898-20882\"\n\t\t\t\n\t\t>\n<h1 style=\"font-size:px;\">\u00c9ducation coop\u00e9rative en Ontario<\/h1>\n\n\n\n\t<!-- <div class=\"breadcrumb-trail\"><a href=\"index.php\">Home<\/a> \u00bb <span class=\"breadcrumb-current\">About<\/span><\/div> -->\n\t<div class=\"test1\"><span><span><a href=\"https:\/\/www.oasdi.ca\/fr\/\">Accueil<\/a><\/span><\/span><\/div>\n<\/div><\/div><\/div><\/div><\/div><\/div><div id=\"pg-20882-2\"  class=\"panel-grid panel-has-style\" ><div class=\"has-container panel-row-style panel-row-style-for-20882-2\" ><div id=\"pgc-20882-2-0\"  class=\"panel-grid-cell\" ><div id=\"panel-20882-2-0-0\" class=\"so-panel widget widget_hem-sidebar-menu-widget panel-first-child\" data-index=\"2\" ><div\n\t\t\t\n\t\t\tclass=\"so-widget-hem-sidebar-menu-widget so-widget-hem-sidebar-menu-widget-hem-sidebar-menu-widget-style-d75171398898-20882\"\n\t\t\t\n\t\t><div id=\"sidebar\">\n\t\t\t<ul id=\"side-menu\" class=\"side-menu menu-embedded\">\n\t\t\t\n\t\t\t\t\t\t\t\t\n\t\t\t\t\t\t\t\t\t\t\t<li><a href=\"https:\/\/www.oasdi.ca\/fr\/education-primaire-et-secondaire-en-ontario\/faq\/\">Foire aux questions le syst\u00e8me d'\u00e9ducation K-12 de l'Ontario<\/a><\/li>\n\t\t\t\t\t\t\t\t\t\t\t\t\t\n\t\t\t\t\t\t\t\t\t\t\t<li><a href=\"https:\/\/www.oasdi.ca\/fr\/education-primaire-et-secondaire-en-ontario\/examen-evaluation-et-bulletins\/\">Rapport sur les progr\u00e8s des \u00e9l\u00e8ves en Ontario<\/a><\/li>\n\t\t\t\t\t\t\t\t\t\t\t\t\t\n\t\t\t\t\t\t\t\t\t\t\t<li><a href=\"https:\/\/www.oasdi.ca\/fr\/education-primaire-et-secondaire-en-ontario\/exigences-obtention-du-diplome\/\">Exigences d'obtention du dipl\u00f4me en Ontario<\/a><\/li>\n\t\t\t\t\t\t\t\t\t\t\t\t\t\n\t\t\t\t\t\t\t\t\t\t\t<li><a href=\"https:\/\/www.oasdi.ca\/fr\/education-primaire-et-secondaire-en-ontario\/programme-etudes\/\">Programme d'\u00e9tude primaire en Ontario<\/a><\/li>\n\t\t\t\t\t\t\t\t\t\t\t\t\t\n\t\t\t\t\t\t\t\t\t\t\t<li><a class=\"active\" href=\"https:\/\/www.oasdi.ca\/fr\/education-primaire-et-secondaire-en-ontario\/education-cooperative\/\">\u00c9ducation coop\u00e9rative en Ontario<\/a><\/li>\n\t\t\t\t\t\t\t\t\t\t\t\t\t\n\t\t\t\t\t\t\t\t\t\t\t<li><a href=\"https:\/\/www.oasdi.ca\/fr\/education-primaire-et-secondaire-en-ontario\/ecole-secondaires\/\">\u00c9coles secondaires en Ontario<\/a><\/li>\n\t\t\t\t\t\t\t\t\t\t\t\t\t\n\t\t\t\t\t\t\t\t\t\t\t<li><a href=\"https:\/\/www.oasdi.ca\/fr\/education-primaire-et-secondaire-en-ontario\/ecoles-primaire\/\">\u00c9coles primaires en Ontario<\/a><\/li>\n\t\t\t\t\t\t\t\t\t\t\t\t\t\n\t\t\t\t\t\t\t\t\t\t\t<li><a href=\"https:\/\/www.oasdi.ca\/fr\/education-primaire-et-secondaire-en-ontario\/infographie\/\">Graphique du syst\u00e8me d'\u00e9ducation K-12 de l'Ontario<\/a><\/li>\n\t\t\t\t\t\t\t\t\t\t\n\n\t\t\t\t<!-- Extra menu -->\n\t\t\t\t\n\n\n\t\t\t\t\t<\/ul>\n\t\n\n<\/div><\/div><\/div><div id=\"panel-20882-2-0-1\" class=\"so-panel widget widget_hem-sidebar-link-widget panel-last-child\" data-index=\"3\" ><div\n\t\t\t\n\t\t\tclass=\"so-widget-hem-sidebar-link-widget so-widget-hem-sidebar-link-widget-hem-sidebar-link-widget-style-d75171398898-20882\"\n\t\t\t\n\t\t><div id=\"sidebar\" class=\"external-link-only\">\n\n\n\n\t\t\t\t<!-- Extra menu -->\n\t\t\t\t\t\t\t\t\t<ul id=\"side-menu\" class=\"side-menu menu-embedded\">\n\t\t\t\t\t\t\t\t\t\t\t\t\t\t\t\t\t\t\t\t\t<li><a  href=\"https:\/\/www.oasdi.ca\/map-search\/\">Map Overview<\/a><\/li>\n\t\t\t\t\t\t\t\t\t\t\t\t\t\t\n\t\t\t\t\t\t\t\t\t\t\t\t\t\t\t\t\t\t\t\t\t<li><a  href=\"https:\/\/www.oasdi.ca\/district-list\/\">District List<\/a><\/li>\n\t\t\t\t\t\t\t\t\t\t\t\t\t\t\n\t\t\t\t\t\t\t\n\t\t\t\t\t<\/ul>\n\t\t\t\t\n\t\t\t\t\n\n\n\n\n<\/div><\/div><\/div><\/div><div id=\"pgc-20882-2-1\"  class=\"panel-grid-cell\" ><div class=\"pl-sm-3 pl-md-5 panel-cell-style panel-cell-style-for-20882-2-1\" ><div id=\"panel-20882-2-1-0\" class=\"so-panel widget widget_sow-editor panel-first-child panel-last-child\" data-index=\"4\" ><div\n\t\t\t\n\t\t\tclass=\"so-widget-sow-editor so-widget-sow-editor-base\"\n\t\t\t\n\t\t>\n<div class=\"siteorigin-widget-tinymce textwidget\">\n\t<p>L\u2019\u00e9ducation coop\u00e9rative offre aux \u00e9tudiants du secondaire l\u2019occasion de participer \u00e0 un placement professionnel non r\u00e9mun\u00e9r\u00e9 afin de mettre en pratique, dans un milieu de travail, les comp\u00e9tences apprises en classe et d\u2019explorer de possibles choix de carri\u00e8res. En anglais, on fait aussi souvent r\u00e9f\u00e9rence \u00e0 l\u2019\u00e9ducation coop\u00e9rative sous le nom de \u00ab co-op ed \u00bb ou tout simplement \u00ab co-op \u00bb.\u00a0 Tous les conseils scolaires de l\u2019Ontario offrent des programmes d\u2019\u00e9ducation coop\u00e9rative conformes aux directives du minist\u00e8re de l\u2019\u00c9ducation.<\/p>\n<p>L\u2019\u00e9ducation coop\u00e9rative repr\u00e9sente une option possible pour tout \u00e9tudiant, qu\u2019il pr\u00e9voie aller \u00e0 l\u2019universit\u00e9, au coll\u00e8ge, faire un apprentissage ou travailler.<\/p>\n<p>En compl\u00e9tant un placement d\u2019\u00e9ducation coop\u00e9rative, les \u00e9tudiants peuvent accumuler jusqu\u2019\u00e0 deux cr\u00e9dits scolaires du secondaire en vue des cr\u00e9dits obligatoires pour l\u2019obtention du dipl\u00f4me et ce, sans limite d\u2019accumulation de cr\u00e9dits d\u2019enseignement combin\u00e9 avec l\u2019emploi suppl\u00e9mentaires.\u00a0 Les \u00e9tudiants doivent consulter l\u2019enseignant de l\u2019enseignement combin\u00e9 avec l\u2019emploi de leur \u00e9cole afin de soumettre une demande de placement d\u2019enseignement combin\u00e9 avec l\u2019emploi. L\u2019enseignant aidera \u00e0 planifier le placement et \u00e0 l\u2019associer \u00e0 un cours du curriculum auquel l\u2019\u00e9tudiant est inscrit qui est jumel\u00e9 au milieu de travail.\u00a0 Par exemple, avec l\u2019aide de l\u2019enseignant du programme d\u2019enseignement combin\u00e9 avec l\u2019emploi, un \u00e9tudiant inscrit \u00e0 un cours de biologie de 11e ann\u00e9e pourrait participer \u00e0 un placement d\u2019un semestre dans une clinique v\u00e9t\u00e9rinaire.\u00a0 Les \u00e9tudiants font l\u2019objet d\u2019un suivi par l\u2019enseignant du programme d\u2019\u00e9ducation coop\u00e9rative ainsi que par un superviseur ou un mentor d\u00e9sign\u00e9 dans le milieu de travail.\u00a0 Dans la plupart des cas, le placement en enseignement combin\u00e9 avec l\u2019emploi se d\u00e9roule, soit en matin\u00e9e, soit en apr\u00e8s-midi d\u2019un jour d\u2019\u00e9cole et se poursuit pendant tout un semestre.<\/p>\n<h3><strong>Avantages de l\u2019enseignement combin\u00e9 avec l\u2019emploi pour les \u00e9tudiants<\/strong><\/h3>\n<ul>\n<li>Acqu\u00e9rir une pr\u00e9cieuse exp\u00e9rience de travail qui peut s\u2019inscrire sur un curriculum vitae<\/li>\n<li>Acqu\u00e9rir des comp\u00e9tences permettant d\u2019obtenir un emploi ainsi que des habitudes de travail efficaces<\/li>\n<li>\u00c9tudier les options de carri\u00e8re associ\u00e9es aux int\u00e9r\u00eats\u00a0 personnels<\/li>\n<li>Associer l\u2019apprentissage en classe avec l\u2019exp\u00e9rience \u00ab sur le terrain \u00bb<\/li>\n<li>Explorer ses aptitudes personnelles dans un milieu favorable<\/li>\n<li>Accumuler des cr\u00e9dits en vue de l\u2019obtention du dipl\u00f4me<\/li>\n<\/ul>\n<h4><strong>Vous avez besoin de plus d\u2019information au sujet de l\u2019\u00e9ducation coop\u00e9rative ?<\/strong><\/h4>\n<p><a href=\"http:\/\/www.edu.gov.on.ca\/morestudentsuccess\/coopFact.pdf\" target=\"_blank\" rel=\"noopener\">Fiche de renseignement \u2013 \u00c9ducation coop\u00e9rative<\/a><\/p>\n<p>Des d\u00e9tails suppl\u00e9mentaires au sujet de l\u2019\u00e9ducation coop\u00e9rative sont disponibles \u00e0\u00a0<a href=\"http:\/\/www.edu.gov.on.ca\/morestudentsuccess\/coop.html\" target=\"_blank\" rel=\"noopener\">www.edu.gov.on.ca\/plusdereussitedeseleves\/coop.html.<\/a><\/p>\n<\/div>\n<\/div><\/div><\/div><\/div><\/div><\/div><\/div>","protected":false},"excerpt":{"rendered":"\u00c9ducation coop\u00e9rative en Ontario Accueil Foire aux questions le syst\u00e8me d&#8217;\u00e9ducation K-12 de l&#8217;Ontario Rapport sur les progr\u00e8s des \u00e9l\u00e8ves en Ontario Exigences d&#8217;obtention du dipl\u00f4me en Ontario Programme d&#8217;\u00e9tude primaire en Ontario \u00c9ducation coop\u00e9rative en Ontario \u00c9coles secondaires en Ontario \u00c9coles primaires en Ontario Graphique du syst\u00e8me d&#8217;\u00e9ducation K-12 de l&#8217;Ontario Map Overview District&#8230; <a class=\"view-article\" href=\"https:\/\/www.oasdi.ca\/fr\/education-primaire-et-secondaire-en-ontario\/education-cooperative\/\">View Article<\/a>","protected":false},"author":237,"featured_media":16109,"parent":18122,"menu_order":553,"comment_status":"closed","ping_status":"closed","template":"","meta":{"footnotes":""},"class_list":["post-20882","page","type-page","status-publish","has-post-thumbnail","hentry"],"yoast_head":"<!-- This site is optimized with the Yoast SEO plugin v21.5 - https:\/\/yoast.com\/wordpress\/plugins\/seo\/ -->\n<title>\u00c9ducation coop\u00e9rative | Syst\u00e8me \u00e9ducation Ontario | AOCSI<\/title>\n<meta name=\"description\" content=\"L&#039;enseignement coop\u00e9ratif (coop) est offert par tous les conseils scolaires de l&#039;Ontario aux \u00e9l\u00e8ves inscrits au secondaire. Pour en savoir plus, cliquez ici.\" \/>\n<meta name=\"robots\" content=\"index, follow, max-snippet:-1, max-image-preview:large, max-video-preview:-1\" \/>\n<link rel=\"canonical\" href=\"https:\/\/www.oasdi.ca\/fr\/education-primaire-et-secondaire-en-ontario\/education-cooperative\/\" \/>\n<meta property=\"og:locale\" content=\"fr_FR\" \/>\n<meta property=\"og:type\" content=\"article\" \/>\n<meta property=\"og:title\" content=\"\u00c9ducation coop\u00e9rative | Syst\u00e8me \u00e9ducation Ontario | AOCSI\" \/>\n<meta property=\"og:description\" content=\"L&#039;enseignement coop\u00e9ratif (coop) est offert par tous les conseils scolaires de l&#039;Ontario aux \u00e9l\u00e8ves inscrits au secondaire. Pour en savoir plus, cliquez ici.\" \/>\n<meta property=\"og:url\" content=\"https:\/\/www.oasdi.ca\/fr\/education-primaire-et-secondaire-en-ontario\/education-cooperative\/\" \/>\n<meta property=\"og:site_name\" content=\"OASDI\" \/>\n<meta property=\"article:modified_time\" content=\"2020-04-23T01:08:13+00:00\" \/>\n<meta property=\"og:image\" content=\"https:\/\/www.oasdi.ca\/wp-content\/uploads\/2020\/03\/oasdi-school.jpg\" \/>\n\t<meta property=\"og:image:width\" content=\"1440\" \/>\n\t<meta property=\"og:image:height\" content=\"268\" \/>\n\t<meta property=\"og:image:type\" content=\"image\/jpeg\" \/>\n<meta name=\"twitter:card\" content=\"summary_large_image\" \/>\n<meta name=\"twitter:label1\" content=\"Dur\u00e9e de lecture estim\u00e9e\" \/>\n\t<meta name=\"twitter:data1\" content=\"2 minutes\" \/>\n<script type=\"application\/ld+json\" class=\"yoast-schema-graph\">{\"@context\":\"https:\/\/schema.org\",\"@graph\":[{\"@type\":\"WebPage\",\"@id\":\"https:\/\/www.oasdi.ca\/fr\/education-primaire-et-secondaire-en-ontario\/education-cooperative\/\",\"url\":\"https:\/\/www.oasdi.ca\/fr\/education-primaire-et-secondaire-en-ontario\/education-cooperative\/\",\"name\":\"\u00c9ducation coop\u00e9rative | Syst\u00e8me \u00e9ducation Ontario | AOCSI\",\"isPartOf\":{\"@id\":\"https:\/\/www.oasdi.ca\/fr\/#website\"},\"datePublished\":\"2020-03-19T12:51:36+00:00\",\"dateModified\":\"2020-04-23T01:08:13+00:00\",\"description\":\"L'enseignement coop\u00e9ratif (coop) est offert par tous les conseils scolaires de l'Ontario aux \u00e9l\u00e8ves inscrits au secondaire. Pour en savoir plus, cliquez ici.\",\"breadcrumb\":{\"@id\":\"https:\/\/www.oasdi.ca\/fr\/education-primaire-et-secondaire-en-ontario\/education-cooperative\/#breadcrumb\"},\"inLanguage\":\"fr-FR\",\"potentialAction\":[{\"@type\":\"ReadAction\",\"target\":[\"https:\/\/www.oasdi.ca\/fr\/education-primaire-et-secondaire-en-ontario\/education-cooperative\/\"]}]},{\"@type\":\"BreadcrumbList\",\"@id\":\"https:\/\/www.oasdi.ca\/fr\/education-primaire-et-secondaire-en-ontario\/education-cooperative\/#breadcrumb\",\"itemListElement\":[{\"@type\":\"ListItem\",\"position\":1,\"name\":\"Accueil\",\"item\":\"https:\/\/www.oasdi.ca\/fr\/\"},{\"@type\":\"ListItem\",\"position\":2,\"name\":\"Syst\u00e8me d&rsquo;\u00e9ducation K-12 de l&rsquo;Ontario\",\"item\":\"https:\/\/www.oasdi.ca\/fr\/education-primaire-et-secondaire-en-ontario\/\"},{\"@type\":\"ListItem\",\"position\":3,\"name\":\"\u00c9ducation coop\u00e9rative en Ontario\"}]},{\"@type\":\"WebSite\",\"@id\":\"https:\/\/www.oasdi.ca\/fr\/#website\",\"url\":\"https:\/\/www.oasdi.ca\/fr\/\",\"name\":\"OASDI\",\"description\":\"Ontario Association of School District International\",\"publisher\":{\"@id\":\"https:\/\/www.oasdi.ca\/fr\/#organization\"},\"potentialAction\":[{\"@type\":\"SearchAction\",\"target\":{\"@type\":\"EntryPoint\",\"urlTemplate\":\"https:\/\/www.oasdi.ca\/fr\/?s={search_term_string}\"},\"query-input\":\"required name=search_term_string\"}],\"inLanguage\":\"fr-FR\"},{\"@type\":\"Organization\",\"@id\":\"https:\/\/www.oasdi.ca\/fr\/#organization\",\"name\":\"OASDI\",\"url\":\"https:\/\/www.oasdi.ca\/fr\/\",\"logo\":{\"@type\":\"ImageObject\",\"inLanguage\":\"fr-FR\",\"@id\":\"https:\/\/www.oasdi.ca\/fr\/#\/schema\/logo\/image\/\",\"url\":\"https:\/\/www.oasdi.ca\/wp-content\/uploads\/2020\/02\/cropped-oasdi-logo.png\",\"contentUrl\":\"https:\/\/www.oasdi.ca\/wp-content\/uploads\/2020\/02\/cropped-oasdi-logo.png\",\"width\":468,\"height\":96,\"caption\":\"OASDI\"},\"image\":{\"@id\":\"https:\/\/www.oasdi.ca\/fr\/#\/schema\/logo\/image\/\"}}]}<\/script>\n<!-- \/ Yoast SEO plugin. -->","yoast_head_json":{"title":"\u00c9ducation coop\u00e9rative | Syst\u00e8me \u00e9ducation Ontario | AOCSI","description":"L'enseignement coop\u00e9ratif (coop) est offert par tous les conseils scolaires de l'Ontario aux \u00e9l\u00e8ves inscrits au secondaire. Pour en savoir plus, cliquez ici.","robots":{"index":"index","follow":"follow","max-snippet":"max-snippet:-1","max-image-preview":"max-image-preview:large","max-video-preview":"max-video-preview:-1"},"canonical":"https:\/\/www.oasdi.ca\/fr\/education-primaire-et-secondaire-en-ontario\/education-cooperative\/","og_locale":"fr_FR","og_type":"article","og_title":"\u00c9ducation coop\u00e9rative | Syst\u00e8me \u00e9ducation Ontario | AOCSI","og_description":"L'enseignement coop\u00e9ratif (coop) est offert par tous les conseils scolaires de l'Ontario aux \u00e9l\u00e8ves inscrits au secondaire. Pour en savoir plus, cliquez ici.","og_url":"https:\/\/www.oasdi.ca\/fr\/education-primaire-et-secondaire-en-ontario\/education-cooperative\/","og_site_name":"OASDI","article_modified_time":"2020-04-23T01:08:13+00:00","og_image":[{"width":1440,"height":268,"url":"https:\/\/www.oasdi.ca\/wp-content\/uploads\/2020\/03\/oasdi-school.jpg","type":"image\/jpeg"}],"twitter_card":"summary_large_image","twitter_misc":{"Dur\u00e9e de lecture estim\u00e9e":"2 minutes"},"schema":{"@context":"https:\/\/schema.org","@graph":[{"@type":"WebPage","@id":"https:\/\/www.oasdi.ca\/fr\/education-primaire-et-secondaire-en-ontario\/education-cooperative\/","url":"https:\/\/www.oasdi.ca\/fr\/education-primaire-et-secondaire-en-ontario\/education-cooperative\/","name":"\u00c9ducation coop\u00e9rative | Syst\u00e8me \u00e9ducation Ontario | AOCSI","isPartOf":{"@id":"https:\/\/www.oasdi.ca\/fr\/#website"},"datePublished":"2020-03-19T12:51:36+00:00","dateModified":"2020-04-23T01:08:13+00:00","description":"L'enseignement coop\u00e9ratif (coop) est offert par tous les conseils scolaires de l'Ontario aux \u00e9l\u00e8ves inscrits au secondaire. Pour en savoir plus, cliquez ici.","breadcrumb":{"@id":"https:\/\/www.oasdi.ca\/fr\/education-primaire-et-secondaire-en-ontario\/education-cooperative\/#breadcrumb"},"inLanguage":"fr-FR","potentialAction":[{"@type":"ReadAction","target":["https:\/\/www.oasdi.ca\/fr\/education-primaire-et-secondaire-en-ontario\/education-cooperative\/"]}]},{"@type":"BreadcrumbList","@id":"https:\/\/www.oasdi.ca\/fr\/education-primaire-et-secondaire-en-ontario\/education-cooperative\/#breadcrumb","itemListElement":[{"@type":"ListItem","position":1,"name":"Accueil","item":"https:\/\/www.oasdi.ca\/fr\/"},{"@type":"ListItem","position":2,"name":"Syst\u00e8me d&rsquo;\u00e9ducation K-12 de l&rsquo;Ontario","item":"https:\/\/www.oasdi.ca\/fr\/education-primaire-et-secondaire-en-ontario\/"},{"@type":"ListItem","position":3,"name":"\u00c9ducation coop\u00e9rative en Ontario"}]},{"@type":"WebSite","@id":"https:\/\/www.oasdi.ca\/fr\/#website","url":"https:\/\/www.oasdi.ca\/fr\/","name":"OASDI","description":"Ontario Association of School District International","publisher":{"@id":"https:\/\/www.oasdi.ca\/fr\/#organization"},"potentialAction":[{"@type":"SearchAction","target":{"@type":"EntryPoint","urlTemplate":"https:\/\/www.oasdi.ca\/fr\/?s={search_term_string}"},"query-input":"required name=search_term_string"}],"inLanguage":"fr-FR"},{"@type":"Organization","@id":"https:\/\/www.oasdi.ca\/fr\/#organization","name":"OASDI","url":"https:\/\/www.oasdi.ca\/fr\/","logo":{"@type":"ImageObject","inLanguage":"fr-FR","@id":"https:\/\/www.oasdi.ca\/fr\/#\/schema\/logo\/image\/","url":"https:\/\/www.oasdi.ca\/wp-content\/uploads\/2020\/02\/cropped-oasdi-logo.png","contentUrl":"https:\/\/www.oasdi.ca\/wp-content\/uploads\/2020\/02\/cropped-oasdi-logo.png","width":468,"height":96,"caption":"OASDI"},"image":{"@id":"https:\/\/www.oasdi.ca\/fr\/#\/schema\/logo\/image\/"}}]}},"_links":{"self":[{"href":"https:\/\/www.oasdi.ca\/fr\/wp-json\/wp\/v2\/pages\/20882"}],"collection":[{"href":"https:\/\/www.oasdi.ca\/fr\/wp-json\/wp\/v2\/pages"}],"about":[{"href":"https:\/\/www.oasdi.ca\/fr\/wp-json\/wp\/v2\/types\/page"}],"author":[{"embeddable":true,"href":"https:\/\/www.oasdi.ca\/fr\/wp-json\/wp\/v2\/users\/237"}],"replies":[{"embeddable":true,"href":"https:\/\/www.oasdi.ca\/fr\/wp-json\/wp\/v2\/comments?post=20882"}],"version-history":[{"count":0,"href":"https:\/\/www.oasdi.ca\/fr\/wp-json\/wp\/v2\/pages\/20882\/revisions"}],"up":[{"embeddable":true,"href":"https:\/\/www.oasdi.ca\/fr\/wp-json\/wp\/v2\/pages\/18122"}],"wp:featuredmedia":[{"embeddable":true,"href":"https:\/\/www.oasdi.ca\/fr\/wp-json\/wp\/v2\/media\/16109"}],"wp:attachment":[{"href":"https:\/\/www.oasdi.ca\/fr\/wp-json\/wp\/v2\/media?parent=20882"}],"curies":[{"name":"wp","href":"https:\/\/api.w.org\/{rel}","templated":true}]}}