{"id":20674,"date":"2020-03-22T02:32:25","date_gmt":"2020-03-22T02:32:25","guid":{"rendered":"http:\/\/oasdi.ca\/parcours\/faq\/entrance-requirements\/"},"modified":"2020-05-18T22:51:56","modified_gmt":"2020-05-18T22:51:56","slug":"conditions-admission","status":"publish","type":"page","link":"https:\/\/www.oasdi.ca\/fr\/parcours\/faq\/conditions-admission\/","title":{"rendered":"Post-Secondary Entrance Requirements for International Students in Ontario"},"content":{"rendered":"<div id=\"pl-20674\"  class=\"panel-layout\" ><div id=\"pg-20674-0\"  class=\"panel-grid panel-no-style\" ><div id=\"pgc-20674-0-0\"  class=\"panel-grid-cell\" ><div id=\"panel-20674-0-0-0\" class=\"so-panel widget widget_sow-image panel-first-child panel-last-child\" data-index=\"0\" ><div class=\"is-featured-img panel-widget-style panel-widget-style-for-20674-0-0-0\" ><div\n\t\t\t\n\t\t\tclass=\"so-widget-sow-image so-widget-sow-image-default-c4f6304fc136-20674\"\n\t\t\t\n\t\t>\n\n<div class=\"sow-image-container\">\n\t\t<img loading=\"lazy\" decoding=\"async\" src=\"https:\/\/www.oasdi.ca\/wp-content\/uploads\/2020\/03\/oasdi-faq-1.jpg\" width=\"1440\" height=\"268\" srcset=\"https:\/\/www.oasdi.ca\/wp-content\/uploads\/2020\/03\/oasdi-faq-1.jpg 1440w, https:\/\/www.oasdi.ca\/wp-content\/uploads\/2020\/03\/oasdi-faq-1-250x47.jpg 250w, https:\/\/www.oasdi.ca\/wp-content\/uploads\/2020\/03\/oasdi-faq-1-700x130.jpg 700w, https:\/\/www.oasdi.ca\/wp-content\/uploads\/2020\/03\/oasdi-faq-1-768x143.jpg 768w, https:\/\/www.oasdi.ca\/wp-content\/uploads\/2020\/03\/oasdi-faq-1-500x93.jpg 500w, https:\/\/www.oasdi.ca\/wp-content\/uploads\/2020\/03\/oasdi-faq-1-120x22.jpg 120w\" sizes=\"(max-width: 1440px) 100vw, 1440px\" title=\"oasdi-faq\" alt=\"OASDI FAQ\" \t\tclass=\"so-widget-image\"\/>\n\t<\/div>\n\n<\/div><\/div><\/div><\/div><\/div><div id=\"pg-20674-1\"  class=\"panel-grid panel-has-style\" ><div class=\"has-container panel-row-style panel-row-style-for-20674-1\" ><div id=\"pgc-20674-1-0\"  class=\"panel-grid-cell\" ><div id=\"panel-20674-1-0-0\" class=\"so-panel widget widget_hem-seo-title-widget panel-first-child panel-last-child\" data-index=\"1\" ><div class=\"panel-widget-style panel-widget-style-for-20674-1-0-0\" ><div\n\t\t\t\n\t\t\tclass=\"so-widget-hem-seo-title-widget so-widget-hem-seo-title-widget-hem-seo-title-widget-style-d75171398898-20674\"\n\t\t\t\n\t\t>\n<h1 style=\"font-size:px;\">Post-Secondary Entrance Requirements for International Students in Ontario<\/h1>\n\n\n\n\t<!-- <div class=\"breadcrumb-trail\"><a href=\"index.php\">Home<\/a> \u00bb <span class=\"breadcrumb-current\">About<\/span><\/div> -->\n\t<div class=\"test1\"><span><span><a href=\"https:\/\/www.oasdi.ca\/fr\/\">Accueil<\/a><\/span><\/span><\/div>\n<\/div><\/div><\/div><\/div><\/div><\/div><div id=\"pg-20674-2\"  class=\"panel-grid panel-has-style\" ><div class=\"has-container panel-row-style panel-row-style-for-20674-2\" ><div id=\"pgc-20674-2-0\"  class=\"panel-grid-cell\" ><div id=\"panel-20674-2-0-0\" class=\"so-panel widget widget_hem-sidebar-menu-widget panel-first-child\" data-index=\"2\" ><div\n\t\t\t\n\t\t\tclass=\"so-widget-hem-sidebar-menu-widget so-widget-hem-sidebar-menu-widget-hem-sidebar-menu-widget-style-d75171398898-20674\"\n\t\t\t\n\t\t><div id=\"sidebar\">\n\t\t\t<ul id=\"side-menu\" class=\"side-menu menu-embedded\">\n\t\t\t\n\t\t\t\t\t\t\t\t\n\t\t\t\t\t\t\t\t\t\t\t<li><a href=\"https:\/\/www.oasdi.ca\/fr\/parcours\/faq\/opportunites-post-secondaires\/\">Post-Secondary Opportunities<\/a><\/li>\n\t\t\t\t\t\t\t\t\t\t\t\t\t\n\t\t\t\t\t\t\t\t\t\t\t<li><a href=\"https:\/\/www.oasdi.ca\/fr\/parcours\/faq\/les-bourses-etudes-sont-elles-disponibles\/\">Scholarship Information for International Students in Ontario<\/a><\/li>\n\t\t\t\t\t\t\t\t\t\t\t\t\t\n\t\t\t\t\t\t\t\t\t\t\t<li><a class=\"active\" href=\"https:\/\/www.oasdi.ca\/fr\/parcours\/faq\/conditions-admission\/\">Post-Secondary Entrance Requirements for International Students in Ontario<\/a><\/li>\n\t\t\t\t\t\t\t\t\t\t\t\t\t\n\t\t\t\t\t\t\t\t\t\t\t<li><a href=\"https:\/\/www.oasdi.ca\/fr\/parcours\/faq\/opportunites-pour-etudiants-internationaux\/\">Opportunities After Graduation for International Students in Ontario<\/a><\/li>\n\t\t\t\t\t\t\t\t\t\t\n\n\t\t\t\t<!-- Extra menu -->\n\t\t\t\t\n\n\n\t\t\t\t\t<\/ul>\n\t\n\n<\/div><\/div><\/div><div id=\"panel-20674-2-0-1\" class=\"so-panel widget widget_hem-sidebar-link-widget panel-last-child\" data-index=\"3\" ><div\n\t\t\t\n\t\t\tclass=\"so-widget-hem-sidebar-link-widget so-widget-hem-sidebar-link-widget-hem-sidebar-link-widget-style-d75171398898-20674\"\n\t\t\t\n\t\t><div id=\"sidebar\" class=\"external-link-only\">\n\n\n\n\t\t\t\t<!-- Extra menu -->\n\t\t\t\t\t\t\t\t\t<ul id=\"side-menu\" class=\"side-menu menu-embedded\">\n\t\t\t\t\t\t\t\t\t\t\t\t\t\t\t\t\t\t\t\t\t<li><a  href=\"https:\/\/www.oasdi.ca\/map-search\/\">Map Overview<\/a><\/li>\n\t\t\t\t\t\t\t\t\t\t\t\t\t\t\n\t\t\t\t\t\t\t\t\t\t\t\t\t\t\t\t\t\t\t\t\t<li><a  href=\"https:\/\/www.oasdi.ca\/district-list\/\">District List<\/a><\/li>\n\t\t\t\t\t\t\t\t\t\t\t\t\t\t\n\t\t\t\t\t\t\t\n\t\t\t\t\t<\/ul>\n\t\t\t\t\n\t\t\t\t\n\n\n\n\n<\/div><\/div><\/div><\/div><div id=\"pgc-20674-2-1\"  class=\"panel-grid-cell\" ><div class=\"pl-sm-3 pl-md-5 panel-cell-style panel-cell-style-for-20674-2-1\" ><div id=\"panel-20674-2-1-0\" class=\"so-panel widget widget_sow-editor panel-first-child panel-last-child\" data-index=\"4\" ><div\n\t\t\t\n\t\t\tclass=\"so-widget-sow-editor so-widget-sow-editor-base\"\n\t\t\t\n\t\t>\n<div class=\"siteorigin-widget-tinymce textwidget\">\n\t<h3>What are the entrance requirements for Canadian universities and colleges?<\/h3>\n<p><a class=\"btn btn-outline-primary mt-5\" href=\"\/fr\/parcours\/colleges-en-ontario\/\">College in Ontario\/Entrance Requirements<\/a><br \/>\n<a class=\"btn btn-outline-primary mt-2 ml-2\" href=\"\/fr\/parcours\/college-en-ontario\/processus-de-candidature\/\">College Application Process<\/a><\/p>\n<p><a class=\"btn btn-outline-primary mt-3\" href=\"\/fr\/parcours\/universit\u00e9-en-ontario\/\">University in Ontario\/Entrance Requirements<\/a><br \/>\n<a class=\"btn btn-outline-primary mt-2 ml-2\" href=\"\/fr\/parcours\/universite-en-ontario\/processus-de-candidature\/\">University Application Process<\/a><\/p>\n<\/div>\n<\/div><\/div><\/div><\/div><\/div><\/div><\/div>","protected":false},"excerpt":{"rendered":"Post-Secondary Entrance Requirements for International Students in Ontario Accueil Post-Secondary Opportunities Scholarship Information for International Students in Ontario Post-Secondary Entrance Requirements for International Students in Ontario Opportunities After Graduation for International Students in Ontario Map Overview District List What are the entrance requirements for Canadian universities and colleges? College in Ontario\/Entrance Requirements College Application Process&#8230; <a class=\"view-article\" href=\"https:\/\/www.oasdi.ca\/fr\/parcours\/faq\/conditions-admission\/\">View Article<\/a>","protected":false},"author":237,"featured_media":16758,"parent":20599,"menu_order":0,"comment_status":"closed","ping_status":"closed","template":"","meta":{"footnotes":""},"class_list":["post-20674","page","type-page","status-publish","has-post-thumbnail","hentry"],"yoast_head":"<!-- This site is optimized with the Yoast SEO plugin v21.5 - https:\/\/yoast.com\/wordpress\/plugins\/seo\/ -->\n<title>Post-Secondary Entrance Requirements | Study in Ontario<\/title>\n<meta name=\"description\" content=\"International students who complete education in Ontario can take advantage of many opportunities. Learn more about post-graduation opportunities in Ontario.\" \/>\n<meta name=\"robots\" content=\"index, follow, max-snippet:-1, max-image-preview:large, max-video-preview:-1\" \/>\n<link rel=\"canonical\" href=\"https:\/\/www.oasdi.ca\/fr\/parcours\/faq\/conditions-admission\/\" \/>\n<meta property=\"og:locale\" content=\"fr_FR\" \/>\n<meta property=\"og:type\" content=\"article\" \/>\n<meta property=\"og:title\" content=\"Post-Secondary Entrance Requirements | Study in Ontario\" \/>\n<meta property=\"og:description\" content=\"International students who complete education in Ontario can take advantage of many opportunities. Learn more about post-graduation opportunities in Ontario.\" \/>\n<meta property=\"og:url\" content=\"https:\/\/www.oasdi.ca\/fr\/parcours\/faq\/conditions-admission\/\" \/>\n<meta property=\"og:site_name\" content=\"OASDI\" \/>\n<meta property=\"article:modified_time\" content=\"2020-05-18T22:51:56+00:00\" \/>\n<meta property=\"og:image\" content=\"https:\/\/www.oasdi.ca\/wp-content\/uploads\/2020\/03\/oasdi-faq-1.jpg\" \/>\n\t<meta property=\"og:image:width\" content=\"1440\" \/>\n\t<meta property=\"og:image:height\" content=\"268\" \/>\n\t<meta property=\"og:image:type\" content=\"image\/jpeg\" \/>\n<meta name=\"twitter:card\" content=\"summary_large_image\" \/>\n<script type=\"application\/ld+json\" class=\"yoast-schema-graph\">{\"@context\":\"https:\/\/schema.org\",\"@graph\":[{\"@type\":\"WebPage\",\"@id\":\"https:\/\/www.oasdi.ca\/fr\/parcours\/faq\/conditions-admission\/\",\"url\":\"https:\/\/www.oasdi.ca\/fr\/parcours\/faq\/conditions-admission\/\",\"name\":\"Post-Secondary Entrance Requirements | Study in Ontario\",\"isPartOf\":{\"@id\":\"https:\/\/www.oasdi.ca\/fr\/#website\"},\"datePublished\":\"2020-03-22T02:32:25+00:00\",\"dateModified\":\"2020-05-18T22:51:56+00:00\",\"description\":\"International students who complete education in Ontario can take advantage of many opportunities. Learn more about post-graduation opportunities in Ontario.\",\"breadcrumb\":{\"@id\":\"https:\/\/www.oasdi.ca\/fr\/parcours\/faq\/conditions-admission\/#breadcrumb\"},\"inLanguage\":\"fr-FR\",\"potentialAction\":[{\"@type\":\"ReadAction\",\"target\":[\"https:\/\/www.oasdi.ca\/fr\/parcours\/faq\/conditions-admission\/\"]}]},{\"@type\":\"BreadcrumbList\",\"@id\":\"https:\/\/www.oasdi.ca\/fr\/parcours\/faq\/conditions-admission\/#breadcrumb\",\"itemListElement\":[{\"@type\":\"ListItem\",\"position\":1,\"name\":\"Accueil\",\"item\":\"https:\/\/www.oasdi.ca\/fr\/\"},{\"@type\":\"ListItem\",\"position\":2,\"name\":\"Cheminement \u00e9ducatif pour les \u00e9tudiants \u00e9trangers en Ontario\",\"item\":\"https:\/\/www.oasdi.ca\/fr\/parcours\/\"},{\"@type\":\"ListItem\",\"position\":3,\"name\":\"FAQ sur les parcours \u00e9ducatifs de l&#8217;Ontario pour les \u00e9tudiants \u00e9trangers\",\"item\":\"https:\/\/www.oasdi.ca\/fr\/parcours\/faq\/\"},{\"@type\":\"ListItem\",\"position\":4,\"name\":\"Post-Secondary Entrance Requirements for International Students in Ontario\"}]},{\"@type\":\"WebSite\",\"@id\":\"https:\/\/www.oasdi.ca\/fr\/#website\",\"url\":\"https:\/\/www.oasdi.ca\/fr\/\",\"name\":\"OASDI\",\"description\":\"Ontario Association of School District International\",\"publisher\":{\"@id\":\"https:\/\/www.oasdi.ca\/fr\/#organization\"},\"potentialAction\":[{\"@type\":\"SearchAction\",\"target\":{\"@type\":\"EntryPoint\",\"urlTemplate\":\"https:\/\/www.oasdi.ca\/fr\/?s={search_term_string}\"},\"query-input\":\"required name=search_term_string\"}],\"inLanguage\":\"fr-FR\"},{\"@type\":\"Organization\",\"@id\":\"https:\/\/www.oasdi.ca\/fr\/#organization\",\"name\":\"OASDI\",\"url\":\"https:\/\/www.oasdi.ca\/fr\/\",\"logo\":{\"@type\":\"ImageObject\",\"inLanguage\":\"fr-FR\",\"@id\":\"https:\/\/www.oasdi.ca\/fr\/#\/schema\/logo\/image\/\",\"url\":\"https:\/\/www.oasdi.ca\/wp-content\/uploads\/2020\/02\/cropped-oasdi-logo.png\",\"contentUrl\":\"https:\/\/www.oasdi.ca\/wp-content\/uploads\/2020\/02\/cropped-oasdi-logo.png\",\"width\":468,\"height\":96,\"caption\":\"OASDI\"},\"image\":{\"@id\":\"https:\/\/www.oasdi.ca\/fr\/#\/schema\/logo\/image\/\"}}]}<\/script>\n<!-- \/ Yoast SEO plugin. -->","yoast_head_json":{"title":"Post-Secondary Entrance Requirements | Study in Ontario","description":"International students who complete education in Ontario can take advantage of many opportunities. Learn more about post-graduation opportunities in Ontario.","robots":{"index":"index","follow":"follow","max-snippet":"max-snippet:-1","max-image-preview":"max-image-preview:large","max-video-preview":"max-video-preview:-1"},"canonical":"https:\/\/www.oasdi.ca\/fr\/parcours\/faq\/conditions-admission\/","og_locale":"fr_FR","og_type":"article","og_title":"Post-Secondary Entrance Requirements | Study in Ontario","og_description":"International students who complete education in Ontario can take advantage of many opportunities. Learn more about post-graduation opportunities in Ontario.","og_url":"https:\/\/www.oasdi.ca\/fr\/parcours\/faq\/conditions-admission\/","og_site_name":"OASDI","article_modified_time":"2020-05-18T22:51:56+00:00","og_image":[{"width":1440,"height":268,"url":"https:\/\/www.oasdi.ca\/wp-content\/uploads\/2020\/03\/oasdi-faq-1.jpg","type":"image\/jpeg"}],"twitter_card":"summary_large_image","schema":{"@context":"https:\/\/schema.org","@graph":[{"@type":"WebPage","@id":"https:\/\/www.oasdi.ca\/fr\/parcours\/faq\/conditions-admission\/","url":"https:\/\/www.oasdi.ca\/fr\/parcours\/faq\/conditions-admission\/","name":"Post-Secondary Entrance Requirements | Study in Ontario","isPartOf":{"@id":"https:\/\/www.oasdi.ca\/fr\/#website"},"datePublished":"2020-03-22T02:32:25+00:00","dateModified":"2020-05-18T22:51:56+00:00","description":"International students who complete education in Ontario can take advantage of many opportunities. Learn more about post-graduation opportunities in Ontario.","breadcrumb":{"@id":"https:\/\/www.oasdi.ca\/fr\/parcours\/faq\/conditions-admission\/#breadcrumb"},"inLanguage":"fr-FR","potentialAction":[{"@type":"ReadAction","target":["https:\/\/www.oasdi.ca\/fr\/parcours\/faq\/conditions-admission\/"]}]},{"@type":"BreadcrumbList","@id":"https:\/\/www.oasdi.ca\/fr\/parcours\/faq\/conditions-admission\/#breadcrumb","itemListElement":[{"@type":"ListItem","position":1,"name":"Accueil","item":"https:\/\/www.oasdi.ca\/fr\/"},{"@type":"ListItem","position":2,"name":"Cheminement \u00e9ducatif pour les \u00e9tudiants \u00e9trangers en Ontario","item":"https:\/\/www.oasdi.ca\/fr\/parcours\/"},{"@type":"ListItem","position":3,"name":"FAQ sur les parcours \u00e9ducatifs de l&#8217;Ontario pour les \u00e9tudiants \u00e9trangers","item":"https:\/\/www.oasdi.ca\/fr\/parcours\/faq\/"},{"@type":"ListItem","position":4,"name":"Post-Secondary Entrance Requirements for International Students in Ontario"}]},{"@type":"WebSite","@id":"https:\/\/www.oasdi.ca\/fr\/#website","url":"https:\/\/www.oasdi.ca\/fr\/","name":"OASDI","description":"Ontario Association of School District International","publisher":{"@id":"https:\/\/www.oasdi.ca\/fr\/#organization"},"potentialAction":[{"@type":"SearchAction","target":{"@type":"EntryPoint","urlTemplate":"https:\/\/www.oasdi.ca\/fr\/?s={search_term_string}"},"query-input":"required name=search_term_string"}],"inLanguage":"fr-FR"},{"@type":"Organization","@id":"https:\/\/www.oasdi.ca\/fr\/#organization","name":"OASDI","url":"https:\/\/www.oasdi.ca\/fr\/","logo":{"@type":"ImageObject","inLanguage":"fr-FR","@id":"https:\/\/www.oasdi.ca\/fr\/#\/schema\/logo\/image\/","url":"https:\/\/www.oasdi.ca\/wp-content\/uploads\/2020\/02\/cropped-oasdi-logo.png","contentUrl":"https:\/\/www.oasdi.ca\/wp-content\/uploads\/2020\/02\/cropped-oasdi-logo.png","width":468,"height":96,"caption":"OASDI"},"image":{"@id":"https:\/\/www.oasdi.ca\/fr\/#\/schema\/logo\/image\/"}}]}},"_links":{"self":[{"href":"https:\/\/www.oasdi.ca\/fr\/wp-json\/wp\/v2\/pages\/20674"}],"collection":[{"href":"https:\/\/www.oasdi.ca\/fr\/wp-json\/wp\/v2\/pages"}],"about":[{"href":"https:\/\/www.oasdi.ca\/fr\/wp-json\/wp\/v2\/types\/page"}],"author":[{"embeddable":true,"href":"https:\/\/www.oasdi.ca\/fr\/wp-json\/wp\/v2\/users\/237"}],"replies":[{"embeddable":true,"href":"https:\/\/www.oasdi.ca\/fr\/wp-json\/wp\/v2\/comments?post=20674"}],"version-history":[{"count":0,"href":"https:\/\/www.oasdi.ca\/fr\/wp-json\/wp\/v2\/pages\/20674\/revisions"}],"up":[{"embeddable":true,"href":"https:\/\/www.oasdi.ca\/fr\/wp-json\/wp\/v2\/pages\/20599"}],"wp:featuredmedia":[{"embeddable":true,"href":"https:\/\/www.oasdi.ca\/fr\/wp-json\/wp\/v2\/media\/16758"}],"wp:attachment":[{"href":"https:\/\/www.oasdi.ca\/fr\/wp-json\/wp\/v2\/media?parent=20674"}],"curies":[{"name":"wp","href":"https:\/\/api.w.org\/{rel}","templated":true}]}}