{"id":20255,"date":"2020-03-22T01:11:10","date_gmt":"2020-03-22T01:11:10","guid":{"rendered":"http:\/\/oasdi.ca\/parcours\/colleges-en-ontario\/application-process\/"},"modified":"2020-05-18T13:18:07","modified_gmt":"2020-05-18T13:18:07","slug":"processus-de-candidature","status":"publish","type":"page","link":"https:\/\/www.oasdi.ca\/fr\/parcours\/colleges-en-ontario\/processus-de-candidature\/","title":{"rendered":"Conditions d&#8217;admission aux coll\u00e8ges de l&#8217;Ontario et processus de demande"},"content":{"rendered":"<div id=\"pl-20255\"  class=\"panel-layout\" ><div id=\"pg-20255-0\"  class=\"panel-grid panel-no-style\" ><div id=\"pgc-20255-0-0\"  class=\"panel-grid-cell\" ><div id=\"panel-20255-0-0-0\" class=\"so-panel widget widget_sow-image panel-first-child panel-last-child\" data-index=\"0\" ><div class=\"is-featured-img panel-widget-style panel-widget-style-for-20255-0-0-0\" ><div\n\t\t\t\n\t\t\tclass=\"so-widget-sow-image so-widget-sow-image-default-c4f6304fc136-20255\"\n\t\t\t\n\t\t>\n\n<div class=\"sow-image-container\">\n\t\t<img loading=\"lazy\" decoding=\"async\" src=\"https:\/\/www.oasdi.ca\/wp-content\/uploads\/2020\/03\/oasdi-ontario.jpg\" width=\"1440\" height=\"268\" srcset=\"https:\/\/www.oasdi.ca\/wp-content\/uploads\/2020\/03\/oasdi-ontario.jpg 1440w, https:\/\/www.oasdi.ca\/wp-content\/uploads\/2020\/03\/oasdi-ontario-250x47.jpg 250w, https:\/\/www.oasdi.ca\/wp-content\/uploads\/2020\/03\/oasdi-ontario-700x130.jpg 700w, https:\/\/www.oasdi.ca\/wp-content\/uploads\/2020\/03\/oasdi-ontario-768x143.jpg 768w, https:\/\/www.oasdi.ca\/wp-content\/uploads\/2020\/03\/oasdi-ontario-120x22.jpg 120w\" sizes=\"(max-width: 1440px) 100vw, 1440px\" alt=\"\" \t\tclass=\"so-widget-image\"\/>\n\t<\/div>\n\n<\/div><\/div><\/div><\/div><\/div><div id=\"pg-20255-1\"  class=\"panel-grid panel-has-style\" ><div class=\"has-container panel-row-style panel-row-style-for-20255-1\" ><div id=\"pgc-20255-1-0\"  class=\"panel-grid-cell\" ><div id=\"panel-20255-1-0-0\" class=\"so-panel widget widget_hem-seo-title-widget panel-first-child panel-last-child\" data-index=\"1\" ><div class=\"panel-widget-style panel-widget-style-for-20255-1-0-0\" ><div\n\t\t\t\n\t\t\tclass=\"so-widget-hem-seo-title-widget so-widget-hem-seo-title-widget-hem-seo-title-widget-style-d75171398898-20255\"\n\t\t\t\n\t\t>\n<h1 style=\"font-size:px;\">Conditions d'admission aux coll\u00e8ges de l'Ontario et processus de demande<\/h1>\n\n\n\n\t<!-- <div class=\"breadcrumb-trail\"><a href=\"index.php\">Home<\/a> \u00bb <span class=\"breadcrumb-current\">About<\/span><\/div> -->\n\t<div class=\"test1\"><span><span><a href=\"https:\/\/www.oasdi.ca\/fr\/\">Accueil<\/a><\/span><\/span><\/div>\n<\/div><\/div><\/div><\/div><\/div><\/div><div id=\"pg-20255-2\"  class=\"panel-grid panel-has-style\" ><div class=\"has-container panel-row-style panel-row-style-for-20255-2\" ><div id=\"pgc-20255-2-0\"  class=\"panel-grid-cell\" ><div id=\"panel-20255-2-0-0\" class=\"so-panel widget widget_hem-sidebar-menu-widget panel-first-child\" data-index=\"2\" ><div\n\t\t\t\n\t\t\tclass=\"so-widget-hem-sidebar-menu-widget so-widget-hem-sidebar-menu-widget-hem-sidebar-menu-widget-style-d75171398898-20255\"\n\t\t\t\n\t\t><div id=\"sidebar\">\n\t\t\t<ul id=\"side-menu\" class=\"side-menu menu-embedded\">\n\t\t\t\n\t\t\t\t\t\t\t\t\n\t\t\t\t\t\t\t\t\t\t\t<li><a class=\"active\" href=\"https:\/\/www.oasdi.ca\/fr\/parcours\/colleges-en-ontario\/processus-de-candidature\/\">Conditions d'admission aux coll\u00e8ges de l'Ontario et processus de demande<\/a><\/li>\n\t\t\t\t\t\t\t\t\t\t\n\n\t\t\t\t<!-- Extra menu -->\n\t\t\t\t\n\n\n\t\t\t\t\t<\/ul>\n\t\n\n<\/div><\/div><\/div><div id=\"panel-20255-2-0-1\" class=\"so-panel widget widget_hem-sidebar-link-widget panel-last-child\" data-index=\"3\" ><div\n\t\t\t\n\t\t\tclass=\"so-widget-hem-sidebar-link-widget so-widget-hem-sidebar-link-widget-hem-sidebar-link-widget-style-d75171398898-20255\"\n\t\t\t\n\t\t><div id=\"sidebar\" class=\"external-link-only\">\n\n\n\n\t\t\t\t<!-- Extra menu -->\n\t\t\t\t\t\t\t\t\t<ul id=\"side-menu\" class=\"side-menu menu-embedded\">\n\t\t\t\t\t\t\t\t\t\t\t\t\t\t\t\t\t\t\t\t\t<li><a  href=\"https:\/\/www.oasdi.ca\/map-search\/\">Map Overview<\/a><\/li>\n\t\t\t\t\t\t\t\t\t\t\t\t\t\t\n\t\t\t\t\t\t\t\t\t\t\t\t\t\t\t\t\t\t\t\t\t<li><a  href=\"https:\/\/www.oasdi.ca\/district-list\/\">District List<\/a><\/li>\n\t\t\t\t\t\t\t\t\t\t\t\t\t\t\n\t\t\t\t\t\t\t\n\t\t\t\t\t<\/ul>\n\t\t\t\t\n\t\t\t\t\n\n\n\n\n<\/div><\/div><\/div><\/div><div id=\"pgc-20255-2-1\"  class=\"panel-grid-cell\" ><div class=\"pl-sm-3 pl-md-5 panel-cell-style panel-cell-style-for-20255-2-1\" ><div id=\"panel-20255-2-1-0\" class=\"so-panel widget widget_sow-editor panel-first-child panel-last-child\" data-index=\"4\" ><div\n\t\t\t\n\t\t\tclass=\"so-widget-sow-editor so-widget-sow-editor-base\"\n\t\t\t\n\t\t>\n<div class=\"siteorigin-widget-tinymce textwidget\">\n\t<p>Les exigences d\u2019admission varient d\u2019une universit\u00e9 \u00e0 l\u2019autre; les \u00e9tudiants doivent donc consulter les sites Web et les programmes offerts dans des universit\u00e9s sp\u00e9cifiques.\u00a0 Veuillez noter que, dans certains programmes, les inscriptions sont limit\u00e9es et la participation est tr\u00e8s concurrentielle. Les \u00e9tudiants \u00e9trangers doivent se reporter directement aux dates limites de demande pour chacune des universit\u00e9s.\u00a0 Le conseiller d\u2019orientation de votre \u00e9cole secondaire sera en mesure de vous aider \u00e0 compl\u00e9ter ce processus de demande.<\/p>\n<p>Les \u00e9tudiants \u00e9trangers trouveront des liens pour s\u2019inscrire sur les sites Web de chaque universit\u00e9 en Ontario : \u00a0tous les liens de demande sont reli\u00e9s au Centre de demande d\u2019admission aux universit\u00e9s de l\u2019Ontario (OUAC).<\/p>\n<p>Les \u00e9tudiants \u00e9trangers \u00a0<strong>R\u00c9SIDANT D\u00c9J\u00c0 AU CANADA EN VERTU D\u2019UN PERMIS D\u2019\u00c9TUDES \u00a0<u>DOIVENT<\/u><\/strong>\u00a0 utiliser la demande en ligne 105D pour faire une demande \u00e0 un programme de premier cycle universitaire en Ontario : \u00a0<a href=\"http:\/\/www.horizon.ouac.on.ca\/webapp\/base.d2w\/report?ident=MAIN_DSP&amp;merchant_rn=26&amp;action_id=choose\" target=\"_blank\" rel=\"noopener\">www.ouac.on.ca\/fr\/ouac-105\/<\/a><\/p>\n<p>.<\/p>\n<p>Les \u00e9tudiants \u00e9trangers \u00a0<strong>R\u00c9SIDANT \u00c0 L\u2019EXT\u00c9RIEUR DU CANADA ET NE D\u00c9TENANT PAS DE PERMIS D\u2019\u00c9TUDES \u00a0<u>DOIVENT<\/u><\/strong>\u00a0 utiliser la demande en ligne 105F pour s\u2019inscrire \u00e0 un programme de premier cycle universitaire en Ontario :\u00a0<a href=\"http:\/\/www.horizon.ouac.on.ca\/webapp\/base.d2w\/report?ident=MAIN_DSP&amp;merchant_rn=16230&amp;action_id=choose\" target=\"_blank\" rel=\"noopener\">www.ouac.on.ca\/fr\/ouac-105\/<\/a><\/p>\n<p>.<\/p>\n<h3>Vous avez besoin de plus d\u2019information au sujet des universit\u00e9s en Ontario ?<\/h3>\n<p><em><a href=\"http:\/\/www.ouac.on.ca\/ouac-105\" target=\"_blank\" rel=\"noopener\">Centre de demande d\u2019admission aux universit\u00e9s de l\u2019Ontario avec instructions et vid\u00e9os d\u00e9taill\u00e9s<\/a><\/em><\/p>\n<p><em><a href=\"http:\/\/www.ontario.ca\/page\/ontario-universities\" target=\"_blank\" rel=\"noopener\">Liste des universit\u00e9s en Ontario<\/a><\/em><\/p>\n<p>En g\u00e9n\u00e9ral, les \u00e9tudiant \u00e9trangers d\u00e9tenant un DESO peuvent soumettre une demande d\u2019admission et ils auront besoin, au minimum, des documents suivants :<\/p>\n<ul>\n<li>Relev\u00e9s de notes<\/li>\n<li>Preuve d\u2019aptitude linguistique (les coll\u00e8ges pourraient exiger diff\u00e9rents tests de comp\u00e9tences en anglais tels que TOEFL\/IELTS\/CAEL\/MELAB)<\/li>\n<li>Preuve de bonne sant\u00e9<\/li>\n<li><a href=\"http:\/\/www.cic.gc.ca\/english\/study\/index.asp\" target=\"_blank\" rel=\"noopener\">Permis d\u2019\u00e9tudes<\/a><\/li>\n<li>\u00c9valuation des attestations d\u2019\u00e9tudes<\/li>\n<\/ul>\n<p>Les \u00e9tudiants \u00e9trangers ne sont habituellement pas admissibles aux pr\u00eats gouvernementaux, mais pourraient \u00eatre admissibles \u00e0 une bourse d\u2019\u00e9tudes : \u00a0<a href=\"http:\/\/www.scholarships-bourses.gc.ca\/scholarships-bourses\/index.aspx?lang=eng\" target=\"_blank\" rel=\"noopener\">www.scholarships-bourses.gc.ca\/scholarships-bourses\/index.aspx?lang=fra<\/a><\/p>\n<p>.<\/p>\n<p><em>Tous les renseignements n\u00e9cessaires pour soumettre une demande d\u2019admission dans une universit\u00e9 en Ontario : \u00a0\u00a0<a href=\"https:\/\/www.ontario.ca\/page\/study-ontario-international-students\" target=\"_blank\" rel=\"noopener\">www.ontario.ca\/fr\/page\/faire-des-etudes-en-ontario-etudiants-etrangers<\/a><\/em><\/p>\n<h3>Nouveaux r\u00e8glements concernant les permis d\u2019\u00e9tudes<\/h3>\n<p>De nouveaux r\u00e8glements entr\u00e9s en vigueur le 1er juin 2014 facilitent le travail hors campus pour les d\u00e9tenteurs de permis d\u2019\u00e9tudes. Les \u00e9tudiants \u00e0 temps plein engag\u00e9s dans un programme de formation acad\u00e9mique, professionnelle ou de m\u00e9tier sp\u00e9cialis\u00e9 dans les maisons d\u2019enseignement d\u00e9sign\u00e9es :<\/p>\n<ul>\n<li>sont autoris\u00e9s \u00e0 travailler hors campus sans permis de travail;<\/li>\n<li>sont autoris\u00e9s \u00e0 travailler hors campus jusqu\u2019\u00e0 20 heures par semaine pendant le semestre acad\u00e9mique r\u00e9gulier et \u00e0 temps plein pendant les p\u00e9riodes de rel\u00e2che pr\u00e9vues;<\/li>\n<li>sont en mesure de travailler hors campus imm\u00e9diatement plut\u00f4t que d\u2019attendre six mois.<\/li>\n<\/ul>\n<p><em>Pour de plus amples renseignements :\u00a0<a href=\"http:\/\/www.cic.gc.ca\/english\/study\/study-changes.asp\" target=\"_blank\" rel=\"noopener\">www.cic.gc.ca\/francais\/etudier\/etudier-modifications.asp<\/a><\/em><\/p>\n<\/div>\n<\/div><\/div><\/div><\/div><\/div><\/div><\/div>","protected":false},"excerpt":{"rendered":"Conditions d&#8217;admission aux coll\u00e8ges de l&#8217;Ontario et processus de demande Accueil Conditions d&#8217;admission aux coll\u00e8ges de l&#8217;Ontario et processus de demande Map Overview District List Les exigences d\u2019admission varient d\u2019une universit\u00e9 \u00e0 l\u2019autre; les \u00e9tudiants doivent donc consulter les sites Web et les programmes offerts dans des universit\u00e9s sp\u00e9cifiques.\u00a0 Veuillez noter que, dans certains programmes,&#8230; <a class=\"view-article\" href=\"https:\/\/www.oasdi.ca\/fr\/parcours\/colleges-en-ontario\/processus-de-candidature\/\">View Article<\/a>","protected":false},"author":237,"featured_media":16385,"parent":20210,"menu_order":0,"comment_status":"closed","ping_status":"closed","template":"","meta":{"footnotes":""},"class_list":["post-20255","page","type-page","status-publish","has-post-thumbnail","hentry"],"yoast_head":"<!-- This site is optimized with the Yoast SEO plugin v21.5 - https:\/\/yoast.com\/wordpress\/plugins\/seo\/ -->\n<title>Demande admission coll\u00e8ges Ontario | Processus de candidature<\/title>\n<meta name=\"description\" content=\"Vous souhaitez \u00e9tudier dans une universit\u00e9 de l&#039;Ontario comme \u00e9tudiant \u00e9tranger ? Pour en savoir plus sur les conditions et demandes d&#039;admission, cliquez ici.\" \/>\n<meta name=\"robots\" content=\"index, follow, max-snippet:-1, max-image-preview:large, max-video-preview:-1\" \/>\n<link rel=\"canonical\" href=\"https:\/\/www.oasdi.ca\/fr\/parcours\/colleges-en-ontario\/processus-de-candidature\/\" \/>\n<meta property=\"og:locale\" content=\"fr_FR\" \/>\n<meta property=\"og:type\" content=\"article\" \/>\n<meta property=\"og:title\" content=\"Demande admission coll\u00e8ges Ontario | Processus de candidature\" \/>\n<meta property=\"og:description\" content=\"Vous souhaitez \u00e9tudier dans une universit\u00e9 de l&#039;Ontario comme \u00e9tudiant \u00e9tranger ? Pour en savoir plus sur les conditions et demandes d&#039;admission, cliquez ici.\" \/>\n<meta property=\"og:url\" content=\"https:\/\/www.oasdi.ca\/fr\/parcours\/colleges-en-ontario\/processus-de-candidature\/\" \/>\n<meta property=\"og:site_name\" content=\"OASDI\" \/>\n<meta property=\"article:modified_time\" content=\"2020-05-18T13:18:07+00:00\" \/>\n<meta property=\"og:image\" content=\"https:\/\/www.oasdi.ca\/wp-content\/uploads\/2020\/03\/college-in-ontario.jpg\" \/>\n\t<meta property=\"og:image:width\" content=\"1440\" \/>\n\t<meta property=\"og:image:height\" content=\"268\" \/>\n\t<meta property=\"og:image:type\" content=\"image\/jpeg\" \/>\n<meta name=\"twitter:card\" content=\"summary_large_image\" \/>\n<meta name=\"twitter:label1\" content=\"Dur\u00e9e de lecture estim\u00e9e\" \/>\n\t<meta name=\"twitter:data1\" content=\"3 minutes\" \/>\n<script type=\"application\/ld+json\" class=\"yoast-schema-graph\">{\"@context\":\"https:\/\/schema.org\",\"@graph\":[{\"@type\":\"WebPage\",\"@id\":\"https:\/\/www.oasdi.ca\/fr\/parcours\/colleges-en-ontario\/processus-de-candidature\/\",\"url\":\"https:\/\/www.oasdi.ca\/fr\/parcours\/colleges-en-ontario\/processus-de-candidature\/\",\"name\":\"Demande admission coll\u00e8ges Ontario | Processus de candidature\",\"isPartOf\":{\"@id\":\"https:\/\/www.oasdi.ca\/fr\/#website\"},\"datePublished\":\"2020-03-22T01:11:10+00:00\",\"dateModified\":\"2020-05-18T13:18:07+00:00\",\"description\":\"Vous souhaitez \u00e9tudier dans une universit\u00e9 de l'Ontario comme \u00e9tudiant \u00e9tranger ? Pour en savoir plus sur les conditions et demandes d'admission, cliquez ici.\",\"breadcrumb\":{\"@id\":\"https:\/\/www.oasdi.ca\/fr\/parcours\/colleges-en-ontario\/processus-de-candidature\/#breadcrumb\"},\"inLanguage\":\"fr-FR\",\"potentialAction\":[{\"@type\":\"ReadAction\",\"target\":[\"https:\/\/www.oasdi.ca\/fr\/parcours\/colleges-en-ontario\/processus-de-candidature\/\"]}]},{\"@type\":\"BreadcrumbList\",\"@id\":\"https:\/\/www.oasdi.ca\/fr\/parcours\/colleges-en-ontario\/processus-de-candidature\/#breadcrumb\",\"itemListElement\":[{\"@type\":\"ListItem\",\"position\":1,\"name\":\"Accueil\",\"item\":\"https:\/\/www.oasdi.ca\/fr\/\"},{\"@type\":\"ListItem\",\"position\":2,\"name\":\"Cheminement \u00e9ducatif pour les \u00e9tudiants \u00e9trangers en Ontario\",\"item\":\"https:\/\/www.oasdi.ca\/fr\/parcours\/\"},{\"@type\":\"ListItem\",\"position\":3,\"name\":\"Informations sur les coll\u00e8ges de l&#8217;Ontario pour les \u00e9tudiants \u00e9trangers\",\"item\":\"https:\/\/www.oasdi.ca\/fr\/parcours\/colleges-en-ontario\/\"},{\"@type\":\"ListItem\",\"position\":4,\"name\":\"Conditions d&#8217;admission aux coll\u00e8ges de l&#8217;Ontario et processus de demande\"}]},{\"@type\":\"WebSite\",\"@id\":\"https:\/\/www.oasdi.ca\/fr\/#website\",\"url\":\"https:\/\/www.oasdi.ca\/fr\/\",\"name\":\"OASDI\",\"description\":\"Ontario Association of School District International\",\"publisher\":{\"@id\":\"https:\/\/www.oasdi.ca\/fr\/#organization\"},\"potentialAction\":[{\"@type\":\"SearchAction\",\"target\":{\"@type\":\"EntryPoint\",\"urlTemplate\":\"https:\/\/www.oasdi.ca\/fr\/?s={search_term_string}\"},\"query-input\":\"required name=search_term_string\"}],\"inLanguage\":\"fr-FR\"},{\"@type\":\"Organization\",\"@id\":\"https:\/\/www.oasdi.ca\/fr\/#organization\",\"name\":\"OASDI\",\"url\":\"https:\/\/www.oasdi.ca\/fr\/\",\"logo\":{\"@type\":\"ImageObject\",\"inLanguage\":\"fr-FR\",\"@id\":\"https:\/\/www.oasdi.ca\/fr\/#\/schema\/logo\/image\/\",\"url\":\"https:\/\/www.oasdi.ca\/wp-content\/uploads\/2020\/02\/cropped-oasdi-logo.png\",\"contentUrl\":\"https:\/\/www.oasdi.ca\/wp-content\/uploads\/2020\/02\/cropped-oasdi-logo.png\",\"width\":468,\"height\":96,\"caption\":\"OASDI\"},\"image\":{\"@id\":\"https:\/\/www.oasdi.ca\/fr\/#\/schema\/logo\/image\/\"}}]}<\/script>\n<!-- \/ Yoast SEO plugin. -->","yoast_head_json":{"title":"Demande admission coll\u00e8ges Ontario | Processus de candidature","description":"Vous souhaitez \u00e9tudier dans une universit\u00e9 de l'Ontario comme \u00e9tudiant \u00e9tranger ? Pour en savoir plus sur les conditions et demandes d'admission, cliquez ici.","robots":{"index":"index","follow":"follow","max-snippet":"max-snippet:-1","max-image-preview":"max-image-preview:large","max-video-preview":"max-video-preview:-1"},"canonical":"https:\/\/www.oasdi.ca\/fr\/parcours\/colleges-en-ontario\/processus-de-candidature\/","og_locale":"fr_FR","og_type":"article","og_title":"Demande admission coll\u00e8ges Ontario | Processus de candidature","og_description":"Vous souhaitez \u00e9tudier dans une universit\u00e9 de l'Ontario comme \u00e9tudiant \u00e9tranger ? Pour en savoir plus sur les conditions et demandes d'admission, cliquez ici.","og_url":"https:\/\/www.oasdi.ca\/fr\/parcours\/colleges-en-ontario\/processus-de-candidature\/","og_site_name":"OASDI","article_modified_time":"2020-05-18T13:18:07+00:00","og_image":[{"width":1440,"height":268,"url":"https:\/\/www.oasdi.ca\/wp-content\/uploads\/2020\/03\/college-in-ontario.jpg","type":"image\/jpeg"}],"twitter_card":"summary_large_image","twitter_misc":{"Dur\u00e9e de lecture estim\u00e9e":"3 minutes"},"schema":{"@context":"https:\/\/schema.org","@graph":[{"@type":"WebPage","@id":"https:\/\/www.oasdi.ca\/fr\/parcours\/colleges-en-ontario\/processus-de-candidature\/","url":"https:\/\/www.oasdi.ca\/fr\/parcours\/colleges-en-ontario\/processus-de-candidature\/","name":"Demande admission coll\u00e8ges Ontario | Processus de candidature","isPartOf":{"@id":"https:\/\/www.oasdi.ca\/fr\/#website"},"datePublished":"2020-03-22T01:11:10+00:00","dateModified":"2020-05-18T13:18:07+00:00","description":"Vous souhaitez \u00e9tudier dans une universit\u00e9 de l'Ontario comme \u00e9tudiant \u00e9tranger ? Pour en savoir plus sur les conditions et demandes d'admission, cliquez ici.","breadcrumb":{"@id":"https:\/\/www.oasdi.ca\/fr\/parcours\/colleges-en-ontario\/processus-de-candidature\/#breadcrumb"},"inLanguage":"fr-FR","potentialAction":[{"@type":"ReadAction","target":["https:\/\/www.oasdi.ca\/fr\/parcours\/colleges-en-ontario\/processus-de-candidature\/"]}]},{"@type":"BreadcrumbList","@id":"https:\/\/www.oasdi.ca\/fr\/parcours\/colleges-en-ontario\/processus-de-candidature\/#breadcrumb","itemListElement":[{"@type":"ListItem","position":1,"name":"Accueil","item":"https:\/\/www.oasdi.ca\/fr\/"},{"@type":"ListItem","position":2,"name":"Cheminement \u00e9ducatif pour les \u00e9tudiants \u00e9trangers en Ontario","item":"https:\/\/www.oasdi.ca\/fr\/parcours\/"},{"@type":"ListItem","position":3,"name":"Informations sur les coll\u00e8ges de l&#8217;Ontario pour les \u00e9tudiants \u00e9trangers","item":"https:\/\/www.oasdi.ca\/fr\/parcours\/colleges-en-ontario\/"},{"@type":"ListItem","position":4,"name":"Conditions d&#8217;admission aux coll\u00e8ges de l&#8217;Ontario et processus de demande"}]},{"@type":"WebSite","@id":"https:\/\/www.oasdi.ca\/fr\/#website","url":"https:\/\/www.oasdi.ca\/fr\/","name":"OASDI","description":"Ontario Association of School District International","publisher":{"@id":"https:\/\/www.oasdi.ca\/fr\/#organization"},"potentialAction":[{"@type":"SearchAction","target":{"@type":"EntryPoint","urlTemplate":"https:\/\/www.oasdi.ca\/fr\/?s={search_term_string}"},"query-input":"required name=search_term_string"}],"inLanguage":"fr-FR"},{"@type":"Organization","@id":"https:\/\/www.oasdi.ca\/fr\/#organization","name":"OASDI","url":"https:\/\/www.oasdi.ca\/fr\/","logo":{"@type":"ImageObject","inLanguage":"fr-FR","@id":"https:\/\/www.oasdi.ca\/fr\/#\/schema\/logo\/image\/","url":"https:\/\/www.oasdi.ca\/wp-content\/uploads\/2020\/02\/cropped-oasdi-logo.png","contentUrl":"https:\/\/www.oasdi.ca\/wp-content\/uploads\/2020\/02\/cropped-oasdi-logo.png","width":468,"height":96,"caption":"OASDI"},"image":{"@id":"https:\/\/www.oasdi.ca\/fr\/#\/schema\/logo\/image\/"}}]}},"_links":{"self":[{"href":"https:\/\/www.oasdi.ca\/fr\/wp-json\/wp\/v2\/pages\/20255"}],"collection":[{"href":"https:\/\/www.oasdi.ca\/fr\/wp-json\/wp\/v2\/pages"}],"about":[{"href":"https:\/\/www.oasdi.ca\/fr\/wp-json\/wp\/v2\/types\/page"}],"author":[{"embeddable":true,"href":"https:\/\/www.oasdi.ca\/fr\/wp-json\/wp\/v2\/users\/237"}],"replies":[{"embeddable":true,"href":"https:\/\/www.oasdi.ca\/fr\/wp-json\/wp\/v2\/comments?post=20255"}],"version-history":[{"count":0,"href":"https:\/\/www.oasdi.ca\/fr\/wp-json\/wp\/v2\/pages\/20255\/revisions"}],"up":[{"embeddable":true,"href":"https:\/\/www.oasdi.ca\/fr\/wp-json\/wp\/v2\/pages\/20210"}],"wp:featuredmedia":[{"embeddable":true,"href":"https:\/\/www.oasdi.ca\/fr\/wp-json\/wp\/v2\/media\/16385"}],"wp:attachment":[{"href":"https:\/\/www.oasdi.ca\/fr\/wp-json\/wp\/v2\/media?parent=20255"}],"curies":[{"name":"wp","href":"https:\/\/api.w.org\/{rel}","templated":true}]}}