{"id":20210,"date":"2020-03-19T23:28:11","date_gmt":"2020-03-19T23:28:11","guid":{"rendered":"http:\/\/oasdi.ca\/parcours\/college-in-ontario\/"},"modified":"2020-05-18T13:05:00","modified_gmt":"2020-05-18T13:05:00","slug":"colleges-en-ontario","status":"publish","type":"page","link":"https:\/\/www.oasdi.ca\/fr\/parcours\/colleges-en-ontario\/","title":{"rendered":"Informations sur les coll\u00e8ges de l&#8217;Ontario pour les \u00e9tudiants \u00e9trangers"},"content":{"rendered":"<div id=\"pl-20210\"  class=\"panel-layout\" ><div id=\"pg-20210-0\"  class=\"panel-grid panel-no-style\" ><div id=\"pgc-20210-0-0\"  class=\"panel-grid-cell\" ><div id=\"panel-20210-0-0-0\" class=\"so-panel widget widget_sow-image panel-first-child panel-last-child\" data-index=\"0\" ><div class=\"is-featured-img panel-widget-style panel-widget-style-for-20210-0-0-0\" ><div\n\t\t\t\n\t\t\tclass=\"so-widget-sow-image so-widget-sow-image-default-c4f6304fc136-20210\"\n\t\t\t\n\t\t>\n\n<div class=\"sow-image-container\">\n\t\t<img loading=\"lazy\" decoding=\"async\" src=\"https:\/\/www.oasdi.ca\/wp-content\/uploads\/2020\/03\/college-in-ontario.jpg\" width=\"1440\" height=\"268\" srcset=\"https:\/\/www.oasdi.ca\/wp-content\/uploads\/2020\/03\/college-in-ontario.jpg 1440w, https:\/\/www.oasdi.ca\/wp-content\/uploads\/2020\/03\/college-in-ontario-250x47.jpg 250w, https:\/\/www.oasdi.ca\/wp-content\/uploads\/2020\/03\/college-in-ontario-700x130.jpg 700w, https:\/\/www.oasdi.ca\/wp-content\/uploads\/2020\/03\/college-in-ontario-768x143.jpg 768w, https:\/\/www.oasdi.ca\/wp-content\/uploads\/2020\/03\/college-in-ontario-120x22.jpg 120w\" sizes=\"(max-width: 1440px) 100vw, 1440px\" alt=\"College in Ontario\" \t\tclass=\"so-widget-image\"\/>\n\t<\/div>\n\n<\/div><\/div><\/div><\/div><\/div><div id=\"pg-20210-1\"  class=\"panel-grid panel-has-style\" ><div class=\"has-container panel-row-style panel-row-style-for-20210-1\" ><div id=\"pgc-20210-1-0\"  class=\"panel-grid-cell\" ><div id=\"panel-20210-1-0-0\" class=\"so-panel widget widget_hem-seo-title-widget panel-first-child panel-last-child\" data-index=\"1\" ><div class=\"panel-widget-style panel-widget-style-for-20210-1-0-0\" ><div\n\t\t\t\n\t\t\tclass=\"so-widget-hem-seo-title-widget so-widget-hem-seo-title-widget-hem-seo-title-widget-style-d75171398898-20210\"\n\t\t\t\n\t\t>\n<h1 style=\"font-size:px;\">Informations sur les coll\u00e8ges de l'Ontario pour les \u00e9tudiants \u00e9trangers<\/h1>\n\n\n\n\t<!-- <div class=\"breadcrumb-trail\"><a href=\"index.php\">Home<\/a> \u00bb <span class=\"breadcrumb-current\">About<\/span><\/div> -->\n\t<div class=\"test1\"><span><span><a href=\"https:\/\/www.oasdi.ca\/fr\/\">Accueil<\/a><\/span><\/span><\/div>\n<\/div><\/div><\/div><\/div><\/div><\/div><div id=\"pg-20210-2\"  class=\"panel-grid panel-has-style\" ><div class=\"has-container panel-row-style panel-row-style-for-20210-2\" ><div id=\"pgc-20210-2-0\"  class=\"panel-grid-cell\" ><div id=\"panel-20210-2-0-0\" class=\"so-panel widget widget_hem-sidebar-menu-widget panel-first-child\" data-index=\"2\" ><div\n\t\t\t\n\t\t\tclass=\"so-widget-hem-sidebar-menu-widget so-widget-hem-sidebar-menu-widget-hem-sidebar-menu-widget-style-d75171398898-20210\"\n\t\t\t\n\t\t><div id=\"sidebar\">\n\t\t\t<ul id=\"side-menu\" class=\"side-menu menu-embedded\">\n\t\t\t\n\t\t\t\t\t\t\t\t\n\t\t\t\t\t\t\t\t\t\t\t<li><a href=\"https:\/\/www.oasdi.ca\/fr\/parcours\/colleges-en-ontario\/processus-de-candidature\/\">Conditions d'admission aux coll\u00e8ges de l'Ontario et processus de demande<\/a><\/li>\n\t\t\t\t\t\t\t\t\t\t\n\n\t\t\t\t<!-- Extra menu -->\n\t\t\t\t\n\n\n\t\t\t\t\t<\/ul>\n\t\n\n<\/div><\/div><\/div><div id=\"panel-20210-2-0-1\" class=\"so-panel widget widget_hem-sidebar-link-widget panel-last-child\" data-index=\"3\" ><div\n\t\t\t\n\t\t\tclass=\"so-widget-hem-sidebar-link-widget so-widget-hem-sidebar-link-widget-hem-sidebar-link-widget-style-d75171398898-20210\"\n\t\t\t\n\t\t><div id=\"sidebar\" class=\"external-link-only\">\n\n\n\n\t\t\t\t<!-- Extra menu -->\n\t\t\t\t\t\t\t\t\t<ul id=\"side-menu\" class=\"side-menu menu-embedded\">\n\t\t\t\t\t\t\t\t\t\t\t\t\t\t\t\t\t\t\t\t\t<li><a  href=\"https:\/\/www.oasdi.ca\/map-search\/\">Map Overview<\/a><\/li>\n\t\t\t\t\t\t\t\t\t\t\t\t\t\t\n\t\t\t\t\t\t\t\t\t\t\t\t\t\t\t\t\t\t\t\t\t<li><a  href=\"https:\/\/www.oasdi.ca\/district-list\/\">District List<\/a><\/li>\n\t\t\t\t\t\t\t\t\t\t\t\t\t\t\n\t\t\t\t\t\t\t\n\t\t\t\t\t<\/ul>\n\t\t\t\t\n\t\t\t\t\n\n\n\n\n<\/div><\/div><\/div><\/div><div id=\"pgc-20210-2-1\"  class=\"panel-grid-cell\" ><div class=\"pl-sm-3 pl-md-5 panel-cell-style panel-cell-style-for-20210-2-1\" ><div id=\"panel-20210-2-1-0\" class=\"so-panel widget widget_hem-seo-title-widget panel-first-child\" data-index=\"4\" ><div class=\"panel-widget-style panel-widget-style-for-20210-2-1-0\" ><div\n\t\t\t\n\t\t\tclass=\"so-widget-hem-seo-title-widget so-widget-hem-seo-title-widget-hem-seo-title-widget-style-d75171398898-20210\"\n\t\t\t\n\t\t>\n<h2 style=\"font-size:px;\">Aper\u00e7u <\/h2>\n\n\n\n<\/div><\/div><\/div><div id=\"panel-20210-2-1-1\" class=\"so-panel widget widget_sow-editor\" data-index=\"5\" ><div\n\t\t\t\n\t\t\tclass=\"so-widget-sow-editor so-widget-sow-editor-base\"\n\t\t\t\n\t\t>\n<div class=\"siteorigin-widget-tinymce textwidget\">\n\t<p>Cela porte \u00e0 confusion, il est vrai, mais le mot \u00ab coll\u00e8ge \u00bb au Canada n\u2019a pas le m\u00eame sens que dans d\u2019autres pays de langue anglaise. Au Canada, le coll\u00e8ge tend \u00e0 offrir un autre type d\u2019\u00e9ducation que celle d\u2019une universit\u00e9.<\/p>\n<p>Les programmes coll\u00e9giaux se concentrent sur l\u2019acquisition d\u2019habilet\u00e9s techniques et pr\u00e9parent les \u00e9tudiants \u00e0 des carri\u00e8res et des occasions d\u2019emploi particuli\u00e8res. Les programmes vont des dipl\u00f4mes de comp\u00e9tences professionnelles aux m\u00e9tiers sp\u00e9cialis\u00e9s, certains programmes prenant des mois ou des ann\u00e9es \u00e0 compl\u00e9ter.\u00a0 Bref, il existe un tr\u00e8s grand nombre de programmes coll\u00e9giaux.<\/p>\n<\/div>\n<\/div><\/div><div id=\"panel-20210-2-1-2\" class=\"so-panel widget widget_hem-seperator-widget\" data-index=\"6\" ><div\n\t\t\t\n\t\t\tclass=\"so-widget-hem-seperator-widget so-widget-hem-seperator-widget-hem-seperator-widget-style-d75171398898-20210\"\n\t\t\t\n\t\t>\n<div class=\"widget-seperator\" style=\"margin-top:0px;margin-bottom:20px;border-bottom:1px solid;width:100%;opacity:0.4\"><\/div><\/div><\/div><div id=\"panel-20210-2-1-3\" class=\"so-panel widget widget_sow-editor\" data-index=\"7\" ><div\n\t\t\t\n\t\t\tclass=\"so-widget-sow-editor so-widget-sow-editor-base\"\n\t\t\t\n\t\t>\n<div class=\"siteorigin-widget-tinymce textwidget\">\n\t<p><a href=\"http:\/\/www.ontariocolleges.ca\/FindProgram\" class=\"btn btn-primary btn-lg font-weight-normal\">Trouver un programme coll\u00e9gial<\/a><\/p>\n<p>L\u2019Ontario compte 26 coll\u00e8ges subventionn\u00e9s par l\u2019\u00c9tat offrant un vaste \u00e9ventail de programmes dans tous les domaines d\u2019\u00e9tudes :<\/p>\n<ul>\n<li>Certificats<\/li>\n<li>Dipl\u00f4mes<\/li>\n<li>Grades universitaires<\/li>\n<li>Dipl\u00f4mes interdisciplinaire (avec les universit\u00e9s)<\/li>\n<li>Enseignement combin\u00e9 avec l\u2019emploi<\/li>\n<li>Apprentissages<\/li>\n<\/ul>\n<p><em>\u00ab Comptant pr\u00e8s de 850 sites d\u2019apprentissage dans 200 collectivit\u00e9s et proposant plus de 4 500 programmes en Ontario, les programmes de coll\u00e8ge offrent une diversit\u00e9 in\u00e9gal\u00e9e au Canada. L\u2019\u00e9volution des attestations d\u2019\u00e9tudes offerts par les coll\u00e8ges suit de pr\u00e8s celle du milieu de travail. La majorit\u00e9 des coll\u00e8ges proposent actuellement des programmes con\u00e7us pour r\u00e9pondre aux besoins des \u00e9tudiants et des employeurs. \u00bb\u00a0<\/em>\u00a0(<a href=\"http:\/\/www.ontariocolleges.ca\/apply\/program-types\" target=\"_blank\" rel=\"noopener\">www.collegesdelontario.ca\/faire-demande\/types-de-programme?_ga=1.59725294.2132078055.1490733525<\/a>)<\/p>\n<\/div>\n<\/div><\/div><div id=\"panel-20210-2-1-4\" class=\"so-panel widget widget_hem-seperator-widget\" data-index=\"8\" ><div\n\t\t\t\n\t\t\tclass=\"so-widget-hem-seperator-widget so-widget-hem-seperator-widget-hem-seperator-widget-style-d75171398898-20210\"\n\t\t\t\n\t\t>\n<div class=\"widget-seperator\" style=\"margin-top:0px;margin-bottom:0px;border-bottom:1px solid;width:100%;opacity:0.4\"><\/div><\/div><\/div><div id=\"panel-20210-2-1-5\" class=\"so-panel widget widget_hem-seo-title-widget\" data-index=\"9\" ><div class=\"panel-widget-style panel-widget-style-for-20210-2-1-5\" ><div\n\t\t\t\n\t\t\tclass=\"so-widget-hem-seo-title-widget so-widget-hem-seo-title-widget-hem-seo-title-widget-style-d75171398898-20210\"\n\t\t\t\n\t\t>\n<h2 style=\"font-size:px;\">Nouveaux r\u00e8glements concernant les permis d\u2019\u00e9tudes<\/h2>\n\n\n\n<\/div><\/div><\/div><div id=\"panel-20210-2-1-6\" class=\"so-panel widget widget_sow-editor\" data-index=\"10\" ><div\n\t\t\t\n\t\t\tclass=\"so-widget-sow-editor so-widget-sow-editor-base\"\n\t\t\t\n\t\t>\n<div class=\"siteorigin-widget-tinymce textwidget\">\n\t<p>De nouveaux r\u00e8glements entr\u00e9s en vigueur le 1er juin 2014 facilitent le travail hors campus pour les d\u00e9tenteurs de permis d\u2019\u00e9tudes. Les \u00e9tudiants \u00e0 temps plein engag\u00e9s dans un programme de formation acad\u00e9mique, professionnelle ou de m\u00e9tier sp\u00e9cialis\u00e9 dans les maisons d\u2019enseignement d\u00e9sign\u00e9es :<\/p>\n<ul>\n<li>sont autoris\u00e9s \u00e0 travailler hors campus sans permis de travail;<\/li>\n<li>sont autoris\u00e9s \u00e0 travailler hors campus jusqu\u2019\u00e0 20 heures par semaine pendant le semestre acad\u00e9mique r\u00e9gulier et \u00e0 temps plein pendant les p\u00e9riodes de rel\u00e2che pr\u00e9vues;<\/li>\n<li>sont en mesure de travailler hors campus imm\u00e9diatement plut\u00f4t que d\u2019attendre six mois.<\/li>\n<\/ul>\n<p><em>Pour de plus amples renseignements :\u00a0<a href=\"http:\/\/www.cic.gc.ca\/english\/study\/study-changes.asp\" target=\"_blank\" rel=\"noopener\">www.cic.gc.ca\/francais\/etudier\/etudier-modifications.asp<\/a><\/em><\/p>\n<\/div>\n<\/div><\/div><div id=\"panel-20210-2-1-7\" class=\"so-panel widget widget_hem-seperator-widget\" data-index=\"11\" ><div\n\t\t\t\n\t\t\tclass=\"so-widget-hem-seperator-widget so-widget-hem-seperator-widget-hem-seperator-widget-style-d75171398898-20210\"\n\t\t\t\n\t\t>\n<div class=\"widget-seperator\" style=\"margin-top:0px;margin-bottom:20px;border-bottom:1px solid;width:100%;opacity:0.4\"><\/div><\/div><\/div><div id=\"panel-20210-2-1-8\" class=\"so-panel widget widget_sow-editor panel-last-child\" data-index=\"12\" ><div\n\t\t\t\n\t\t\tclass=\"so-widget-sow-editor so-widget-sow-editor-base\"\n\t\t\t\n\t\t>\n<div class=\"siteorigin-widget-tinymce textwidget\">\n\t<p><a href=\"http:\/\/www.cic.gc.ca\/english\/study\/work.asp\">Obtenir un permis de travail pour \u00e9tudiant<\/a><\/p>\n<h4><strong>Vous avez besoin de plus d\u2019information au sujet des coll\u00e8ges de l\u05b9\u2019Ontario ?<\/strong><\/h4>\n<ul>\n<li><em><a href=\"http:\/\/www.ontario.ca\/page\/go-college-or-university-ontario\" target=\"_blank\" rel=\"noopener\">Faire des \u00e9tudes en Ontario<\/a><\/em><\/li>\n<li><em><a href=\"http:\/\/www.ontarioimmigration.ca\/en\/study\/OI_HOW_STUDY_COLLEGEUNI.html\" target=\"_blank\" rel=\"noopener\">\u00c9tudier en Ontario : Coll\u00e8ges et universit\u00e9s<\/a><\/em><\/li>\n<li><em><a href=\"http:\/\/www.settlement.org\/ontario\/education\/colleges-universities-and-institutes\" target=\"_blank\" rel=\"noopener\">Colleges, universities and institutes (en anglais seulement) [Coll\u00e8ges, universit\u00e9s et instituts]<\/a><\/em><\/li>\n<li><em><a href=\"http:\/\/www.educanada.ca\/study-etudes\/index.aspx?lang=eng\" target=\"_blank\" rel=\"noopener\">\u00c9tudier au Canada<\/a><\/em><\/li>\n<li><em><a href=\"http:\/\/www.ontarioimmigration.ca\/en\/study\/OI_HOW_STUDY_INTL_GO.html\" target=\"_blank\" rel=\"noopener\">Installation<\/a><\/em><\/li>\n<li><em><a href=\"http:\/\/www.settlement.org\/ontario\/education\/colleges-universities-and-institutes\/what-is-post-secondary-education\/what-is-the-difference-between-college-and-university-in-canada\" target=\"_blank\" rel=\"noopener\">Difference between University and college in Canada (en anglais seulement) [Diff\u00e9rence entre une universit\u00e9 et un coll\u00e8ge au Canada]<\/a><\/em><\/li>\n<li><em><a href=\"http:\/\/www.ontransfer.ca\/index_en.php?page=the_ontario_postsecondary_transfer_guide\" target=\"_blank\" rel=\"noopener\">Renseignements sur le transfert de cr\u00e9dits d\u2019un \u00e9tablissement postsecondaire \u00e0 un autre<\/a>\u00a0(p. ex., d\u2019un coll\u00e8ge \u00e0 une universit\u00e9)<\/em><\/li>\n<\/ul>\n<\/div>\n<\/div><\/div><\/div><\/div><\/div><\/div><\/div>","protected":false},"excerpt":{"rendered":"Informations sur les coll\u00e8ges de l&#8217;Ontario pour les \u00e9tudiants \u00e9trangers Accueil Conditions d&#8217;admission aux coll\u00e8ges de l&#8217;Ontario et processus de demande Map Overview District List Aper\u00e7u Cela porte \u00e0 confusion, il est vrai, mais le mot \u00ab coll\u00e8ge \u00bb au Canada n\u2019a pas le m\u00eame sens que dans d\u2019autres pays de langue anglaise. Au Canada,&#8230; <a class=\"view-article\" href=\"https:\/\/www.oasdi.ca\/fr\/parcours\/colleges-en-ontario\/\">View Article<\/a>","protected":false},"author":237,"featured_media":16385,"parent":18238,"menu_order":0,"comment_status":"closed","ping_status":"closed","template":"","meta":{"footnotes":""},"class_list":["post-20210","page","type-page","status-publish","has-post-thumbnail","hentry"],"yoast_head":"<!-- This site is optimized with the Yoast SEO plugin v21.5 - https:\/\/yoast.com\/wordpress\/plugins\/seo\/ -->\n<title>Coll\u00e8ge en Ontario | \u00c9ducation internationale Ontario<\/title>\n<meta name=\"description\" content=\"Il y a de nombreux coll\u00e8ges en Ontario acc. Pour en savoir plus sur l&#039;enseignement universitaire en Ontario, cliquez ici.\" \/>\n<meta name=\"robots\" content=\"index, follow, max-snippet:-1, max-image-preview:large, max-video-preview:-1\" \/>\n<link rel=\"canonical\" href=\"https:\/\/www.oasdi.ca\/fr\/parcours\/colleges-en-ontario\/\" \/>\n<meta property=\"og:locale\" content=\"fr_FR\" \/>\n<meta property=\"og:type\" content=\"article\" \/>\n<meta property=\"og:title\" content=\"Coll\u00e8ge en Ontario | \u00c9ducation internationale Ontario\" \/>\n<meta property=\"og:description\" content=\"Il y a de nombreux coll\u00e8ges en Ontario acc. Pour en savoir plus sur l&#039;enseignement universitaire en Ontario, cliquez ici.\" \/>\n<meta property=\"og:url\" content=\"https:\/\/www.oasdi.ca\/fr\/parcours\/colleges-en-ontario\/\" \/>\n<meta property=\"og:site_name\" content=\"OASDI\" \/>\n<meta property=\"article:modified_time\" content=\"2020-05-18T13:05:00+00:00\" \/>\n<meta property=\"og:image\" content=\"https:\/\/www.oasdi.ca\/wp-content\/uploads\/2020\/03\/college-in-ontario.jpg\" \/>\n\t<meta property=\"og:image:width\" content=\"1440\" \/>\n\t<meta property=\"og:image:height\" content=\"268\" \/>\n\t<meta property=\"og:image:type\" content=\"image\/jpeg\" \/>\n<meta name=\"twitter:card\" content=\"summary_large_image\" \/>\n<meta name=\"twitter:label1\" content=\"Dur\u00e9e de lecture estim\u00e9e\" \/>\n\t<meta name=\"twitter:data1\" content=\"3 minutes\" \/>\n<script type=\"application\/ld+json\" class=\"yoast-schema-graph\">{\"@context\":\"https:\/\/schema.org\",\"@graph\":[{\"@type\":\"WebPage\",\"@id\":\"https:\/\/www.oasdi.ca\/fr\/parcours\/colleges-en-ontario\/\",\"url\":\"https:\/\/www.oasdi.ca\/fr\/parcours\/colleges-en-ontario\/\",\"name\":\"Coll\u00e8ge en Ontario | \u00c9ducation internationale Ontario\",\"isPartOf\":{\"@id\":\"https:\/\/www.oasdi.ca\/fr\/#website\"},\"datePublished\":\"2020-03-19T23:28:11+00:00\",\"dateModified\":\"2020-05-18T13:05:00+00:00\",\"description\":\"Il y a de nombreux coll\u00e8ges en Ontario acc. Pour en savoir plus sur l'enseignement universitaire en Ontario, cliquez ici.\",\"breadcrumb\":{\"@id\":\"https:\/\/www.oasdi.ca\/fr\/parcours\/colleges-en-ontario\/#breadcrumb\"},\"inLanguage\":\"fr-FR\",\"potentialAction\":[{\"@type\":\"ReadAction\",\"target\":[\"https:\/\/www.oasdi.ca\/fr\/parcours\/colleges-en-ontario\/\"]}]},{\"@type\":\"BreadcrumbList\",\"@id\":\"https:\/\/www.oasdi.ca\/fr\/parcours\/colleges-en-ontario\/#breadcrumb\",\"itemListElement\":[{\"@type\":\"ListItem\",\"position\":1,\"name\":\"Accueil\",\"item\":\"https:\/\/www.oasdi.ca\/fr\/\"},{\"@type\":\"ListItem\",\"position\":2,\"name\":\"Cheminement \u00e9ducatif pour les \u00e9tudiants \u00e9trangers en Ontario\",\"item\":\"https:\/\/www.oasdi.ca\/fr\/parcours\/\"},{\"@type\":\"ListItem\",\"position\":3,\"name\":\"Informations sur les coll\u00e8ges de l&#8217;Ontario pour les \u00e9tudiants \u00e9trangers\"}]},{\"@type\":\"WebSite\",\"@id\":\"https:\/\/www.oasdi.ca\/fr\/#website\",\"url\":\"https:\/\/www.oasdi.ca\/fr\/\",\"name\":\"OASDI\",\"description\":\"Ontario Association of School District International\",\"publisher\":{\"@id\":\"https:\/\/www.oasdi.ca\/fr\/#organization\"},\"potentialAction\":[{\"@type\":\"SearchAction\",\"target\":{\"@type\":\"EntryPoint\",\"urlTemplate\":\"https:\/\/www.oasdi.ca\/fr\/?s={search_term_string}\"},\"query-input\":\"required name=search_term_string\"}],\"inLanguage\":\"fr-FR\"},{\"@type\":\"Organization\",\"@id\":\"https:\/\/www.oasdi.ca\/fr\/#organization\",\"name\":\"OASDI\",\"url\":\"https:\/\/www.oasdi.ca\/fr\/\",\"logo\":{\"@type\":\"ImageObject\",\"inLanguage\":\"fr-FR\",\"@id\":\"https:\/\/www.oasdi.ca\/fr\/#\/schema\/logo\/image\/\",\"url\":\"https:\/\/www.oasdi.ca\/wp-content\/uploads\/2020\/02\/cropped-oasdi-logo.png\",\"contentUrl\":\"https:\/\/www.oasdi.ca\/wp-content\/uploads\/2020\/02\/cropped-oasdi-logo.png\",\"width\":468,\"height\":96,\"caption\":\"OASDI\"},\"image\":{\"@id\":\"https:\/\/www.oasdi.ca\/fr\/#\/schema\/logo\/image\/\"}}]}<\/script>\n<!-- \/ Yoast SEO plugin. -->","yoast_head_json":{"title":"Coll\u00e8ge en Ontario | \u00c9ducation internationale Ontario","description":"Il y a de nombreux coll\u00e8ges en Ontario acc. Pour en savoir plus sur l'enseignement universitaire en Ontario, cliquez ici.","robots":{"index":"index","follow":"follow","max-snippet":"max-snippet:-1","max-image-preview":"max-image-preview:large","max-video-preview":"max-video-preview:-1"},"canonical":"https:\/\/www.oasdi.ca\/fr\/parcours\/colleges-en-ontario\/","og_locale":"fr_FR","og_type":"article","og_title":"Coll\u00e8ge en Ontario | \u00c9ducation internationale Ontario","og_description":"Il y a de nombreux coll\u00e8ges en Ontario acc. Pour en savoir plus sur l'enseignement universitaire en Ontario, cliquez ici.","og_url":"https:\/\/www.oasdi.ca\/fr\/parcours\/colleges-en-ontario\/","og_site_name":"OASDI","article_modified_time":"2020-05-18T13:05:00+00:00","og_image":[{"width":1440,"height":268,"url":"https:\/\/www.oasdi.ca\/wp-content\/uploads\/2020\/03\/college-in-ontario.jpg","type":"image\/jpeg"}],"twitter_card":"summary_large_image","twitter_misc":{"Dur\u00e9e de lecture estim\u00e9e":"3 minutes"},"schema":{"@context":"https:\/\/schema.org","@graph":[{"@type":"WebPage","@id":"https:\/\/www.oasdi.ca\/fr\/parcours\/colleges-en-ontario\/","url":"https:\/\/www.oasdi.ca\/fr\/parcours\/colleges-en-ontario\/","name":"Coll\u00e8ge en Ontario | \u00c9ducation internationale Ontario","isPartOf":{"@id":"https:\/\/www.oasdi.ca\/fr\/#website"},"datePublished":"2020-03-19T23:28:11+00:00","dateModified":"2020-05-18T13:05:00+00:00","description":"Il y a de nombreux coll\u00e8ges en Ontario acc. Pour en savoir plus sur l'enseignement universitaire en Ontario, cliquez ici.","breadcrumb":{"@id":"https:\/\/www.oasdi.ca\/fr\/parcours\/colleges-en-ontario\/#breadcrumb"},"inLanguage":"fr-FR","potentialAction":[{"@type":"ReadAction","target":["https:\/\/www.oasdi.ca\/fr\/parcours\/colleges-en-ontario\/"]}]},{"@type":"BreadcrumbList","@id":"https:\/\/www.oasdi.ca\/fr\/parcours\/colleges-en-ontario\/#breadcrumb","itemListElement":[{"@type":"ListItem","position":1,"name":"Accueil","item":"https:\/\/www.oasdi.ca\/fr\/"},{"@type":"ListItem","position":2,"name":"Cheminement \u00e9ducatif pour les \u00e9tudiants \u00e9trangers en Ontario","item":"https:\/\/www.oasdi.ca\/fr\/parcours\/"},{"@type":"ListItem","position":3,"name":"Informations sur les coll\u00e8ges de l&#8217;Ontario pour les \u00e9tudiants \u00e9trangers"}]},{"@type":"WebSite","@id":"https:\/\/www.oasdi.ca\/fr\/#website","url":"https:\/\/www.oasdi.ca\/fr\/","name":"OASDI","description":"Ontario Association of School District International","publisher":{"@id":"https:\/\/www.oasdi.ca\/fr\/#organization"},"potentialAction":[{"@type":"SearchAction","target":{"@type":"EntryPoint","urlTemplate":"https:\/\/www.oasdi.ca\/fr\/?s={search_term_string}"},"query-input":"required name=search_term_string"}],"inLanguage":"fr-FR"},{"@type":"Organization","@id":"https:\/\/www.oasdi.ca\/fr\/#organization","name":"OASDI","url":"https:\/\/www.oasdi.ca\/fr\/","logo":{"@type":"ImageObject","inLanguage":"fr-FR","@id":"https:\/\/www.oasdi.ca\/fr\/#\/schema\/logo\/image\/","url":"https:\/\/www.oasdi.ca\/wp-content\/uploads\/2020\/02\/cropped-oasdi-logo.png","contentUrl":"https:\/\/www.oasdi.ca\/wp-content\/uploads\/2020\/02\/cropped-oasdi-logo.png","width":468,"height":96,"caption":"OASDI"},"image":{"@id":"https:\/\/www.oasdi.ca\/fr\/#\/schema\/logo\/image\/"}}]}},"_links":{"self":[{"href":"https:\/\/www.oasdi.ca\/fr\/wp-json\/wp\/v2\/pages\/20210"}],"collection":[{"href":"https:\/\/www.oasdi.ca\/fr\/wp-json\/wp\/v2\/pages"}],"about":[{"href":"https:\/\/www.oasdi.ca\/fr\/wp-json\/wp\/v2\/types\/page"}],"author":[{"embeddable":true,"href":"https:\/\/www.oasdi.ca\/fr\/wp-json\/wp\/v2\/users\/237"}],"replies":[{"embeddable":true,"href":"https:\/\/www.oasdi.ca\/fr\/wp-json\/wp\/v2\/comments?post=20210"}],"version-history":[{"count":0,"href":"https:\/\/www.oasdi.ca\/fr\/wp-json\/wp\/v2\/pages\/20210\/revisions"}],"up":[{"embeddable":true,"href":"https:\/\/www.oasdi.ca\/fr\/wp-json\/wp\/v2\/pages\/18238"}],"wp:featuredmedia":[{"embeddable":true,"href":"https:\/\/www.oasdi.ca\/fr\/wp-json\/wp\/v2\/media\/16385"}],"wp:attachment":[{"href":"https:\/\/www.oasdi.ca\/fr\/wp-json\/wp\/v2\/media?parent=20210"}],"curies":[{"name":"wp","href":"https:\/\/api.w.org\/{rel}","templated":true}]}}