{"id":19830,"date":"2020-03-19T23:03:14","date_gmt":"2020-03-19T23:03:14","guid":{"rendered":"http:\/\/oasdi.ca\/education-internationale\/programmes\/summer\/"},"modified":"2020-04-19T22:26:57","modified_gmt":"2020-04-19T22:26:57","slug":"ete","status":"publish","type":"page","link":"https:\/\/www.oasdi.ca\/fr\/education-internationale\/programmes\/ete\/","title":{"rendered":"Programmes d&#8217;\u00e9t\u00e9 pour les \u00e9tudiants \u00e9trangers en Ontario"},"content":{"rendered":"<div id=\"pl-19830\"  class=\"panel-layout\" ><div id=\"pg-19830-0\"  class=\"panel-grid panel-no-style\" ><div id=\"pgc-19830-0-0\"  class=\"panel-grid-cell\" ><div id=\"panel-19830-0-0-0\" class=\"so-panel widget widget_sow-image panel-first-child panel-last-child\" data-index=\"0\" ><div class=\"is-featured-img panel-widget-style panel-widget-style-for-19830-0-0-0\" ><div\n\t\t\t\n\t\t\tclass=\"so-widget-sow-image so-widget-sow-image-default-c4f6304fc136-19830\"\n\t\t\t\n\t\t>\n\n<div class=\"sow-image-container\">\n\t\t<img loading=\"lazy\" decoding=\"async\" src=\"https:\/\/www.oasdi.ca\/wp-content\/uploads\/2020\/03\/Summer-Programs.jpg\" width=\"1440\" height=\"268\" srcset=\"https:\/\/www.oasdi.ca\/wp-content\/uploads\/2020\/03\/Summer-Programs.jpg 1440w, https:\/\/www.oasdi.ca\/wp-content\/uploads\/2020\/03\/Summer-Programs-250x47.jpg 250w, https:\/\/www.oasdi.ca\/wp-content\/uploads\/2020\/03\/Summer-Programs-700x130.jpg 700w, https:\/\/www.oasdi.ca\/wp-content\/uploads\/2020\/03\/Summer-Programs-768x143.jpg 768w, https:\/\/www.oasdi.ca\/wp-content\/uploads\/2020\/03\/Summer-Programs-120x22.jpg 120w\" sizes=\"(max-width: 1440px) 100vw, 1440px\" title=\"Summer Programs\" alt=\"Summer Programs\" \t\tclass=\"so-widget-image\"\/>\n\t<\/div>\n\n<\/div><\/div><\/div><\/div><\/div><div id=\"pg-19830-1\"  class=\"panel-grid panel-has-style\" ><div class=\"has-container panel-row-style panel-row-style-for-19830-1\" ><div id=\"pgc-19830-1-0\"  class=\"panel-grid-cell\" ><div id=\"panel-19830-1-0-0\" class=\"so-panel widget widget_hem-seo-title-widget panel-first-child panel-last-child\" data-index=\"1\" ><div class=\"panel-widget-style panel-widget-style-for-19830-1-0-0\" ><div\n\t\t\t\n\t\t\tclass=\"so-widget-hem-seo-title-widget so-widget-hem-seo-title-widget-hem-seo-title-widget-style-d75171398898-19830\"\n\t\t\t\n\t\t>\n<h1 style=\"font-size:px;\">Programmes d'\u00e9t\u00e9 pour les \u00e9tudiants \u00e9trangers en Ontario<\/h1>\n\n\n\n\t<!-- <div class=\"breadcrumb-trail\"><a href=\"index.php\">Home<\/a> \u00bb <span class=\"breadcrumb-current\">About<\/span><\/div> -->\n\t<div class=\"test1\"><span><span><a href=\"https:\/\/www.oasdi.ca\/fr\/\">Accueil<\/a><\/span><\/span><\/div>\n<\/div><\/div><\/div><\/div><\/div><\/div><div id=\"pg-19830-2\"  class=\"panel-grid panel-has-style\" ><div class=\"has-container panel-row-style panel-row-style-for-19830-2\" ><div id=\"pgc-19830-2-0\"  class=\"panel-grid-cell\" ><div id=\"panel-19830-2-0-0\" class=\"so-panel widget widget_hem-sidebar-menu-widget panel-first-child\" data-index=\"2\" ><div\n\t\t\t\n\t\t\tclass=\"so-widget-hem-sidebar-menu-widget so-widget-hem-sidebar-menu-widget-hem-sidebar-menu-widget-style-d75171398898-19830\"\n\t\t\t\n\t\t><div id=\"sidebar\">\n\t\t\t<ul id=\"side-menu\" class=\"side-menu menu-embedded\">\n\t\t\t\n\t\t\t\t\t\t\t\t\n\t\t\t\t\t\t\t\t\t\t\t<li><a href=\"https:\/\/www.oasdi.ca\/fr\/education-internationale\/programmes\/specialite\/\">Programmes de sp\u00e9cialisation pour les \u00e9tudiants \u00e9trangers en Ontario<\/a><\/li>\n\t\t\t\t\t\t\t\t\t\t\t\t\t\n\t\t\t\t\t\t\t\t\t\t\t<li><a class=\"active\" href=\"https:\/\/www.oasdi.ca\/fr\/education-internationale\/programmes\/ete\/\">Programmes d'\u00e9t\u00e9 pour les \u00e9tudiants \u00e9trangers en Ontario<\/a><\/li>\n\t\t\t\t\t\t\t\t\t\t\t\t\t\n\t\t\t\t\t\t\t\t\t\t\t<li><a href=\"https:\/\/www.oasdi.ca\/fr\/education-internationale\/programmes\/courte-duree\/\">Programmes \u00e0 court terme pour les \u00e9tudiants \u00e9trangers en Ontario<\/a><\/li>\n\t\t\t\t\t\t\t\t\t\t\t\t\t\n\t\t\t\t\t\t\t\t\t\t\t<li><a href=\"https:\/\/www.oasdi.ca\/fr\/education-internationale\/programmes\/longue-duree\/\">Programmes \u00e0 long terme pour les \u00e9tudiants \u00e9trangers en Ontario<\/a><\/li>\n\t\t\t\t\t\t\t\t\t\t\n\n\t\t\t\t<!-- Extra menu -->\n\t\t\t\t\n\n\n\t\t\t\t\t<\/ul>\n\t\n\n<\/div><\/div><\/div><div id=\"panel-19830-2-0-1\" class=\"so-panel widget widget_hem-sidebar-link-widget panel-last-child\" data-index=\"3\" ><div\n\t\t\t\n\t\t\tclass=\"so-widget-hem-sidebar-link-widget so-widget-hem-sidebar-link-widget-hem-sidebar-link-widget-style-d75171398898-19830\"\n\t\t\t\n\t\t><div id=\"sidebar\" class=\"external-link-only\">\n\n\n\n\t\t\t\t<!-- Extra menu -->\n\t\t\t\t\t\t\t\t\t<ul id=\"side-menu\" class=\"side-menu menu-embedded\">\n\t\t\t\t\t\t\t\t\t\t\t\t\t\t\t\t\t\t\t\t\t<li><a  href=\"https:\/\/www.oasdi.ca\/map-search\/\">Map Overview<\/a><\/li>\n\t\t\t\t\t\t\t\t\t\t\t\t\t\t\n\t\t\t\t\t\t\t\t\t\t\t\t\t\t\t\t\t\t\t\t\t<li><a  href=\"https:\/\/www.oasdi.ca\/district-list\/\">District List<\/a><\/li>\n\t\t\t\t\t\t\t\t\t\t\t\t\t\t\n\t\t\t\t\t\t\t\n\t\t\t\t\t<\/ul>\n\t\t\t\t\n\t\t\t\t\n\n\n\n\n<\/div><\/div><\/div><\/div><div id=\"pgc-19830-2-1\"  class=\"panel-grid-cell\" ><div class=\"pl-sm-3 pl-md-5 panel-cell-style panel-cell-style-for-19830-2-1\" ><div id=\"panel-19830-2-1-0\" class=\"so-panel widget widget_sow-editor panel-first-child panel-last-child\" data-index=\"4\" ><div\n\t\t\t\n\t\t\tclass=\"so-widget-sow-editor so-widget-sow-editor-base\"\n\t\t\t\n\t\t>\n<div class=\"siteorigin-widget-tinymce textwidget\">\n\t<p>Les programmes d\u2019\u00e9t\u00e9 sont tr\u00e8s souples et vari\u00e9s.\u00a0 En r\u00e8gle g\u00e9n\u00e9rale, les programmes d\u2019\u00e9t\u00e9 se caract\u00e9risent par une combinaison d\u2019apprentissage de la langue et d\u2019activit\u00e9s sociales, culturelles et athl\u00e9tiques sur plusieurs semaines. \u00a0 Ces programmes, auxquels les \u00e9tudiants participent en groupe ou par eux-m\u00eames, peuvent souvent \u00eatre \u00ab personnalis\u00e9s \u00bb. La famille d\u2019accueil est souvent le type d\u2019h\u00e9bergement privil\u00e9gi\u00e9, car elle permet aux \u00e9tudiants d\u2019habiter dans une famille canadienne, mais l\u2019h\u00e9bergement en r\u00e9sidence universitaire ou coll\u00e9giale constitue aussi une autre option. Les programmes d\u2019\u00e9t\u00e9 permettent \u00e0 certains \u00e9tudiants de d\u00e9terminer s\u2019ils s\u2019inscriront \u00e0 un programme \u00e0 long terme offert par un conseil scolaire particulier.\u00a0 Comme les conseils scolaires de l\u2019Ontario n\u2019offrent pas tous des programmes d\u2019\u00e9t\u00e9, il est pr\u00e9f\u00e9rable de consulter leur site Web\u00a0<a href=\"http:\/\/www.oasdi.ca\/District%20List.php?lang=fr\">.<\/a><\/p>\n<\/div>\n<\/div><\/div><\/div><\/div><\/div><\/div><\/div>","protected":false},"excerpt":{"rendered":"Programmes d&#8217;\u00e9t\u00e9 pour les \u00e9tudiants \u00e9trangers en Ontario Accueil Programmes de sp\u00e9cialisation pour les \u00e9tudiants \u00e9trangers en Ontario Programmes d&#8217;\u00e9t\u00e9 pour les \u00e9tudiants \u00e9trangers en Ontario Programmes \u00e0 court terme pour les \u00e9tudiants \u00e9trangers en Ontario Programmes \u00e0 long terme pour les \u00e9tudiants \u00e9trangers en Ontario Map Overview District List Les programmes d\u2019\u00e9t\u00e9 sont tr\u00e8s&#8230; <a class=\"view-article\" href=\"https:\/\/www.oasdi.ca\/fr\/education-internationale\/programmes\/ete\/\">View Article<\/a>","protected":false},"author":237,"featured_media":16368,"parent":19691,"menu_order":0,"comment_status":"closed","ping_status":"closed","template":"","meta":{"footnotes":""},"class_list":["post-19830","page","type-page","status-publish","has-post-thumbnail","hentry"],"yoast_head":"<!-- This site is optimized with the Yoast SEO plugin v21.5 - https:\/\/yoast.com\/wordpress\/plugins\/seo\/ -->\n<title>Programmes d&#039;\u00e9t\u00e9 en Ontario pour \u00e9tudiants \u00e9trangers | AOCSI<\/title>\n<meta name=\"description\" content=\"De nombreuses \u00e9coles de l&#039;Ontario proposent des programmes d&#039;\u00e9t\u00e9 pour les \u00e9tudiants \u00e9trangers. Voici de plus amples informations sur ces programmes.\" \/>\n<meta name=\"robots\" content=\"index, follow, max-snippet:-1, max-image-preview:large, max-video-preview:-1\" \/>\n<link rel=\"canonical\" href=\"https:\/\/www.oasdi.ca\/fr\/education-internationale\/programmes\/ete\/\" \/>\n<meta property=\"og:locale\" content=\"fr_FR\" \/>\n<meta property=\"og:type\" content=\"article\" \/>\n<meta property=\"og:title\" content=\"Programmes d&#039;\u00e9t\u00e9 en Ontario pour \u00e9tudiants \u00e9trangers | AOCSI\" \/>\n<meta property=\"og:description\" content=\"De nombreuses \u00e9coles de l&#039;Ontario proposent des programmes d&#039;\u00e9t\u00e9 pour les \u00e9tudiants \u00e9trangers. Voici de plus amples informations sur ces programmes.\" \/>\n<meta property=\"og:url\" content=\"https:\/\/www.oasdi.ca\/fr\/education-internationale\/programmes\/ete\/\" \/>\n<meta property=\"og:site_name\" content=\"OASDI\" \/>\n<meta property=\"article:modified_time\" content=\"2020-04-19T22:26:57+00:00\" \/>\n<meta property=\"og:image\" content=\"https:\/\/www.oasdi.ca\/wp-content\/uploads\/2020\/03\/Summer-Programs.jpg\" \/>\n\t<meta property=\"og:image:width\" content=\"1440\" \/>\n\t<meta property=\"og:image:height\" content=\"268\" \/>\n\t<meta property=\"og:image:type\" content=\"image\/jpeg\" \/>\n<meta name=\"twitter:card\" content=\"summary_large_image\" \/>\n<meta name=\"twitter:label1\" content=\"Dur\u00e9e de lecture estim\u00e9e\" \/>\n\t<meta name=\"twitter:data1\" content=\"1 minute\" \/>\n<script type=\"application\/ld+json\" class=\"yoast-schema-graph\">{\"@context\":\"https:\/\/schema.org\",\"@graph\":[{\"@type\":\"WebPage\",\"@id\":\"https:\/\/www.oasdi.ca\/fr\/education-internationale\/programmes\/ete\/\",\"url\":\"https:\/\/www.oasdi.ca\/fr\/education-internationale\/programmes\/ete\/\",\"name\":\"Programmes d'\u00e9t\u00e9 en Ontario pour \u00e9tudiants \u00e9trangers | AOCSI\",\"isPartOf\":{\"@id\":\"https:\/\/www.oasdi.ca\/fr\/#website\"},\"datePublished\":\"2020-03-19T23:03:14+00:00\",\"dateModified\":\"2020-04-19T22:26:57+00:00\",\"description\":\"De nombreuses \u00e9coles de l'Ontario proposent des programmes d'\u00e9t\u00e9 pour les \u00e9tudiants \u00e9trangers. Voici de plus amples informations sur ces programmes.\",\"breadcrumb\":{\"@id\":\"https:\/\/www.oasdi.ca\/fr\/education-internationale\/programmes\/ete\/#breadcrumb\"},\"inLanguage\":\"fr-FR\",\"potentialAction\":[{\"@type\":\"ReadAction\",\"target\":[\"https:\/\/www.oasdi.ca\/fr\/education-internationale\/programmes\/ete\/\"]}]},{\"@type\":\"BreadcrumbList\",\"@id\":\"https:\/\/www.oasdi.ca\/fr\/education-internationale\/programmes\/ete\/#breadcrumb\",\"itemListElement\":[{\"@type\":\"ListItem\",\"position\":1,\"name\":\"Accueil\",\"item\":\"https:\/\/www.oasdi.ca\/fr\/\"},{\"@type\":\"ListItem\",\"position\":2,\"name\":\"Comment faire des \u00e9tudes internationales au Canada\",\"item\":\"https:\/\/www.oasdi.ca\/fr\/education-internationale\/\"},{\"@type\":\"ListItem\",\"position\":3,\"name\":\"Programmes en Ontario pour les \u00e9tudiants \u00e9trangers\",\"item\":\"https:\/\/www.oasdi.ca\/fr\/education-internationale\/programmes\/\"},{\"@type\":\"ListItem\",\"position\":4,\"name\":\"Programmes d&#8217;\u00e9t\u00e9 pour les \u00e9tudiants \u00e9trangers en Ontario\"}]},{\"@type\":\"WebSite\",\"@id\":\"https:\/\/www.oasdi.ca\/fr\/#website\",\"url\":\"https:\/\/www.oasdi.ca\/fr\/\",\"name\":\"OASDI\",\"description\":\"Ontario Association of School District International\",\"publisher\":{\"@id\":\"https:\/\/www.oasdi.ca\/fr\/#organization\"},\"potentialAction\":[{\"@type\":\"SearchAction\",\"target\":{\"@type\":\"EntryPoint\",\"urlTemplate\":\"https:\/\/www.oasdi.ca\/fr\/?s={search_term_string}\"},\"query-input\":\"required name=search_term_string\"}],\"inLanguage\":\"fr-FR\"},{\"@type\":\"Organization\",\"@id\":\"https:\/\/www.oasdi.ca\/fr\/#organization\",\"name\":\"OASDI\",\"url\":\"https:\/\/www.oasdi.ca\/fr\/\",\"logo\":{\"@type\":\"ImageObject\",\"inLanguage\":\"fr-FR\",\"@id\":\"https:\/\/www.oasdi.ca\/fr\/#\/schema\/logo\/image\/\",\"url\":\"https:\/\/www.oasdi.ca\/wp-content\/uploads\/2020\/02\/cropped-oasdi-logo.png\",\"contentUrl\":\"https:\/\/www.oasdi.ca\/wp-content\/uploads\/2020\/02\/cropped-oasdi-logo.png\",\"width\":468,\"height\":96,\"caption\":\"OASDI\"},\"image\":{\"@id\":\"https:\/\/www.oasdi.ca\/fr\/#\/schema\/logo\/image\/\"}}]}<\/script>\n<!-- \/ Yoast SEO plugin. -->","yoast_head_json":{"title":"Programmes d'\u00e9t\u00e9 en Ontario pour \u00e9tudiants \u00e9trangers | AOCSI","description":"De nombreuses \u00e9coles de l'Ontario proposent des programmes d'\u00e9t\u00e9 pour les \u00e9tudiants \u00e9trangers. Voici de plus amples informations sur ces programmes.","robots":{"index":"index","follow":"follow","max-snippet":"max-snippet:-1","max-image-preview":"max-image-preview:large","max-video-preview":"max-video-preview:-1"},"canonical":"https:\/\/www.oasdi.ca\/fr\/education-internationale\/programmes\/ete\/","og_locale":"fr_FR","og_type":"article","og_title":"Programmes d'\u00e9t\u00e9 en Ontario pour \u00e9tudiants \u00e9trangers | AOCSI","og_description":"De nombreuses \u00e9coles de l'Ontario proposent des programmes d'\u00e9t\u00e9 pour les \u00e9tudiants \u00e9trangers. Voici de plus amples informations sur ces programmes.","og_url":"https:\/\/www.oasdi.ca\/fr\/education-internationale\/programmes\/ete\/","og_site_name":"OASDI","article_modified_time":"2020-04-19T22:26:57+00:00","og_image":[{"width":1440,"height":268,"url":"https:\/\/www.oasdi.ca\/wp-content\/uploads\/2020\/03\/Summer-Programs.jpg","type":"image\/jpeg"}],"twitter_card":"summary_large_image","twitter_misc":{"Dur\u00e9e de lecture estim\u00e9e":"1 minute"},"schema":{"@context":"https:\/\/schema.org","@graph":[{"@type":"WebPage","@id":"https:\/\/www.oasdi.ca\/fr\/education-internationale\/programmes\/ete\/","url":"https:\/\/www.oasdi.ca\/fr\/education-internationale\/programmes\/ete\/","name":"Programmes d'\u00e9t\u00e9 en Ontario pour \u00e9tudiants \u00e9trangers | AOCSI","isPartOf":{"@id":"https:\/\/www.oasdi.ca\/fr\/#website"},"datePublished":"2020-03-19T23:03:14+00:00","dateModified":"2020-04-19T22:26:57+00:00","description":"De nombreuses \u00e9coles de l'Ontario proposent des programmes d'\u00e9t\u00e9 pour les \u00e9tudiants \u00e9trangers. Voici de plus amples informations sur ces programmes.","breadcrumb":{"@id":"https:\/\/www.oasdi.ca\/fr\/education-internationale\/programmes\/ete\/#breadcrumb"},"inLanguage":"fr-FR","potentialAction":[{"@type":"ReadAction","target":["https:\/\/www.oasdi.ca\/fr\/education-internationale\/programmes\/ete\/"]}]},{"@type":"BreadcrumbList","@id":"https:\/\/www.oasdi.ca\/fr\/education-internationale\/programmes\/ete\/#breadcrumb","itemListElement":[{"@type":"ListItem","position":1,"name":"Accueil","item":"https:\/\/www.oasdi.ca\/fr\/"},{"@type":"ListItem","position":2,"name":"Comment faire des \u00e9tudes internationales au Canada","item":"https:\/\/www.oasdi.ca\/fr\/education-internationale\/"},{"@type":"ListItem","position":3,"name":"Programmes en Ontario pour les \u00e9tudiants \u00e9trangers","item":"https:\/\/www.oasdi.ca\/fr\/education-internationale\/programmes\/"},{"@type":"ListItem","position":4,"name":"Programmes d&#8217;\u00e9t\u00e9 pour les \u00e9tudiants \u00e9trangers en Ontario"}]},{"@type":"WebSite","@id":"https:\/\/www.oasdi.ca\/fr\/#website","url":"https:\/\/www.oasdi.ca\/fr\/","name":"OASDI","description":"Ontario Association of School District International","publisher":{"@id":"https:\/\/www.oasdi.ca\/fr\/#organization"},"potentialAction":[{"@type":"SearchAction","target":{"@type":"EntryPoint","urlTemplate":"https:\/\/www.oasdi.ca\/fr\/?s={search_term_string}"},"query-input":"required name=search_term_string"}],"inLanguage":"fr-FR"},{"@type":"Organization","@id":"https:\/\/www.oasdi.ca\/fr\/#organization","name":"OASDI","url":"https:\/\/www.oasdi.ca\/fr\/","logo":{"@type":"ImageObject","inLanguage":"fr-FR","@id":"https:\/\/www.oasdi.ca\/fr\/#\/schema\/logo\/image\/","url":"https:\/\/www.oasdi.ca\/wp-content\/uploads\/2020\/02\/cropped-oasdi-logo.png","contentUrl":"https:\/\/www.oasdi.ca\/wp-content\/uploads\/2020\/02\/cropped-oasdi-logo.png","width":468,"height":96,"caption":"OASDI"},"image":{"@id":"https:\/\/www.oasdi.ca\/fr\/#\/schema\/logo\/image\/"}}]}},"_links":{"self":[{"href":"https:\/\/www.oasdi.ca\/fr\/wp-json\/wp\/v2\/pages\/19830"}],"collection":[{"href":"https:\/\/www.oasdi.ca\/fr\/wp-json\/wp\/v2\/pages"}],"about":[{"href":"https:\/\/www.oasdi.ca\/fr\/wp-json\/wp\/v2\/types\/page"}],"author":[{"embeddable":true,"href":"https:\/\/www.oasdi.ca\/fr\/wp-json\/wp\/v2\/users\/237"}],"replies":[{"embeddable":true,"href":"https:\/\/www.oasdi.ca\/fr\/wp-json\/wp\/v2\/comments?post=19830"}],"version-history":[{"count":0,"href":"https:\/\/www.oasdi.ca\/fr\/wp-json\/wp\/v2\/pages\/19830\/revisions"}],"up":[{"embeddable":true,"href":"https:\/\/www.oasdi.ca\/fr\/wp-json\/wp\/v2\/pages\/19691"}],"wp:featuredmedia":[{"embeddable":true,"href":"https:\/\/www.oasdi.ca\/fr\/wp-json\/wp\/v2\/media\/16368"}],"wp:attachment":[{"href":"https:\/\/www.oasdi.ca\/fr\/wp-json\/wp\/v2\/media?parent=19830"}],"curies":[{"name":"wp","href":"https:\/\/api.w.org\/{rel}","templated":true}]}}