{"id":19786,"date":"2020-03-19T22:56:24","date_gmt":"2020-03-19T22:56:24","guid":{"rendered":"http:\/\/oasdi.ca\/education-internationale\/programmes\/short-term\/"},"modified":"2020-04-19T21:24:26","modified_gmt":"2020-04-19T21:24:26","slug":"courte-duree","status":"publish","type":"page","link":"https:\/\/www.oasdi.ca\/fr\/education-internationale\/programmes\/courte-duree\/","title":{"rendered":"Programmes \u00e0 court terme pour les \u00e9tudiants \u00e9trangers en Ontario"},"content":{"rendered":"<div id=\"pl-19786\"  class=\"panel-layout\" ><div id=\"pg-19786-0\"  class=\"panel-grid panel-no-style\" ><div id=\"pgc-19786-0-0\"  class=\"panel-grid-cell\" ><div id=\"panel-19786-0-0-0\" class=\"so-panel widget widget_sow-image panel-first-child panel-last-child\" data-index=\"0\" ><div class=\"is-featured-img panel-widget-style panel-widget-style-for-19786-0-0-0\" ><div\n\t\t\t\n\t\t\tclass=\"so-widget-sow-image so-widget-sow-image-default-c4f6304fc136-19786\"\n\t\t\t\n\t\t>\n\n<div class=\"sow-image-container\">\n\t\t<img loading=\"lazy\" decoding=\"async\" src=\"https:\/\/www.oasdi.ca\/wp-content\/uploads\/2020\/03\/Short-Term-Programs-for-International-Students-in-Ontario.jpg\" width=\"1440\" height=\"268\" srcset=\"https:\/\/www.oasdi.ca\/wp-content\/uploads\/2020\/03\/Short-Term-Programs-for-International-Students-in-Ontario.jpg 1440w, https:\/\/www.oasdi.ca\/wp-content\/uploads\/2020\/03\/Short-Term-Programs-for-International-Students-in-Ontario-250x47.jpg 250w, https:\/\/www.oasdi.ca\/wp-content\/uploads\/2020\/03\/Short-Term-Programs-for-International-Students-in-Ontario-700x130.jpg 700w, https:\/\/www.oasdi.ca\/wp-content\/uploads\/2020\/03\/Short-Term-Programs-for-International-Students-in-Ontario-768x143.jpg 768w, https:\/\/www.oasdi.ca\/wp-content\/uploads\/2020\/03\/Short-Term-Programs-for-International-Students-in-Ontario-120x22.jpg 120w\" sizes=\"(max-width: 1440px) 100vw, 1440px\" title=\"Short-Term Programs for International Students in Ontario\" alt=\"\" \t\tclass=\"so-widget-image\"\/>\n\t<\/div>\n\n<\/div><\/div><\/div><\/div><\/div><div id=\"pg-19786-1\"  class=\"panel-grid panel-has-style\" ><div class=\"has-container panel-row-style panel-row-style-for-19786-1\" ><div id=\"pgc-19786-1-0\"  class=\"panel-grid-cell\" ><div id=\"panel-19786-1-0-0\" class=\"so-panel widget widget_hem-seo-title-widget panel-first-child panel-last-child\" data-index=\"1\" ><div class=\"panel-widget-style panel-widget-style-for-19786-1-0-0\" ><div\n\t\t\t\n\t\t\tclass=\"so-widget-hem-seo-title-widget so-widget-hem-seo-title-widget-hem-seo-title-widget-style-d75171398898-19786\"\n\t\t\t\n\t\t>\n<h1 style=\"font-size:px;\">Programmes \u00e0 court terme pour les \u00e9tudiants \u00e9trangers en Ontario<\/h1>\n\n\n\n\t<!-- <div class=\"breadcrumb-trail\"><a href=\"index.php\">Home<\/a> \u00bb <span class=\"breadcrumb-current\">About<\/span><\/div> -->\n\t<div class=\"test1\"><span><span><a href=\"https:\/\/www.oasdi.ca\/fr\/\">Accueil<\/a><\/span><\/span><\/div>\n<\/div><\/div><\/div><\/div><\/div><\/div><div id=\"pg-19786-2\"  class=\"panel-grid panel-has-style\" ><div class=\"has-container panel-row-style panel-row-style-for-19786-2\" ><div id=\"pgc-19786-2-0\"  class=\"panel-grid-cell\" ><div id=\"panel-19786-2-0-0\" class=\"so-panel widget widget_hem-sidebar-menu-widget panel-first-child\" data-index=\"2\" ><div\n\t\t\t\n\t\t\tclass=\"so-widget-hem-sidebar-menu-widget so-widget-hem-sidebar-menu-widget-hem-sidebar-menu-widget-style-d75171398898-19786\"\n\t\t\t\n\t\t><div id=\"sidebar\">\n\t\t\t<ul id=\"side-menu\" class=\"side-menu menu-embedded\">\n\t\t\t\n\t\t\t\t\t\t\t\t\n\t\t\t\t\t\t\t\t\t\t\t<li><a href=\"https:\/\/www.oasdi.ca\/fr\/education-internationale\/programmes\/specialite\/\">Programmes de sp\u00e9cialisation pour les \u00e9tudiants \u00e9trangers en Ontario<\/a><\/li>\n\t\t\t\t\t\t\t\t\t\t\t\t\t\n\t\t\t\t\t\t\t\t\t\t\t<li><a href=\"https:\/\/www.oasdi.ca\/fr\/education-internationale\/programmes\/ete\/\">Programmes d'\u00e9t\u00e9 pour les \u00e9tudiants \u00e9trangers en Ontario<\/a><\/li>\n\t\t\t\t\t\t\t\t\t\t\t\t\t\n\t\t\t\t\t\t\t\t\t\t\t<li><a class=\"active\" href=\"https:\/\/www.oasdi.ca\/fr\/education-internationale\/programmes\/courte-duree\/\">Programmes \u00e0 court terme pour les \u00e9tudiants \u00e9trangers en Ontario<\/a><\/li>\n\t\t\t\t\t\t\t\t\t\t\t\t\t\n\t\t\t\t\t\t\t\t\t\t\t<li><a href=\"https:\/\/www.oasdi.ca\/fr\/education-internationale\/programmes\/longue-duree\/\">Programmes \u00e0 long terme pour les \u00e9tudiants \u00e9trangers en Ontario<\/a><\/li>\n\t\t\t\t\t\t\t\t\t\t\n\n\t\t\t\t<!-- Extra menu -->\n\t\t\t\t\n\n\n\t\t\t\t\t<\/ul>\n\t\n\n<\/div><\/div><\/div><div id=\"panel-19786-2-0-1\" class=\"so-panel widget widget_hem-sidebar-link-widget panel-last-child\" data-index=\"3\" ><div\n\t\t\t\n\t\t\tclass=\"so-widget-hem-sidebar-link-widget so-widget-hem-sidebar-link-widget-hem-sidebar-link-widget-style-d75171398898-19786\"\n\t\t\t\n\t\t><div id=\"sidebar\" class=\"external-link-only\">\n\n\n\n\t\t\t\t<!-- Extra menu -->\n\t\t\t\t\t\t\t\t\t<ul id=\"side-menu\" class=\"side-menu menu-embedded\">\n\t\t\t\t\t\t\t\t\t\t\t\t\t\t\t\t\t\t\t\t\t<li><a  href=\"https:\/\/www.oasdi.ca\/map-search\/\">Map Overview<\/a><\/li>\n\t\t\t\t\t\t\t\t\t\t\t\t\t\t\n\t\t\t\t\t\t\t\t\t\t\t\t\t\t\t\t\t\t\t\t\t<li><a  href=\"https:\/\/www.oasdi.ca\/district-list\/\">District List<\/a><\/li>\n\t\t\t\t\t\t\t\t\t\t\t\t\t\t\n\t\t\t\t\t\t\t\n\t\t\t\t\t<\/ul>\n\t\t\t\t\n\t\t\t\t\n\n\n\n\n<\/div><\/div><\/div><\/div><div id=\"pgc-19786-2-1\"  class=\"panel-grid-cell\" ><div class=\"pl-sm-3 pl-md-5 panel-cell-style panel-cell-style-for-19786-2-1\" ><div id=\"panel-19786-2-1-0\" class=\"so-panel widget widget_sow-editor panel-first-child panel-last-child\" data-index=\"4\" ><div\n\t\t\t\n\t\t\tclass=\"so-widget-sow-editor so-widget-sow-editor-base\"\n\t\t\t\n\t\t>\n<div class=\"siteorigin-widget-tinymce textwidget\">\n\t<p>Les programmes \u00e0 court terme varient \u00e9norm\u00e9ment en fonction des types d\u2019occasions d\u2019apprentissage offertes, de m\u00eame que dans leur dur\u00e9e. Certains programmes \u00e0 court terme ne s\u2019\u00e9chelonnent que sur une ou deux semaines, mais la plupart d\u2019entre eux sont d\u2019une dur\u00e9e d\u2019un \u00e0 deux mois.\u00a0 Les programmes \u00e0 court terme sont parfois offerts en groupe et les \u00e9tudiants peuvent aussi y participer par eux-m\u00eames. Dans la plupart des cas, on fait appel \u00e0 une famille d\u2019accueil pour fournir l\u2019h\u00e9bergement aux \u00e9tudiants.\u00a0 D\u2019autres programmes \u00e0 court terme peuvent inclure des \u00e9changes r\u00e9ciproques dans le cadre desquels des \u00e9l\u00e8ves canadiens rendent visite et fr\u00e9quentent l\u2019\u00e9cole des \u00e9tudiants venus en Ontario.<\/p>\n<p>Les programmes \u00e0 court terme ont pour objectif l\u2019acquisition de comp\u00e9tences langagi\u00e8res et la sensibilisation culturelle. Les \u00e9tudiants fr\u00e9quentent l\u2019\u00e9cole et participent \u00e0 sa vie r\u00e9guli\u00e8re, en mettant l\u2019accent sur l\u2019immersion langagi\u00e8re et l\u2019enseignement de cette langue, les \u00e9l\u00e8ves \u00e9tudiant avec des \u00e9tudiants canadiens et les progr\u00e8s faisant l\u2019objet d\u2019un suivi par les enseignants.\u00a0 Il arrive souvent qu\u2019un enseignant du pays d\u2019origine voyage avec un groupe d\u2019\u00e9tudiants.\u00a0 Les programmes \u00e0 court terme offrent habituellement aux \u00e9tudiants l\u2019occasion de visiter une r\u00e9gion et de participer \u00e0 des \u00e9v\u00e9nements culturels ou saisonniers.<\/p>\n<\/div>\n<\/div><\/div><\/div><\/div><\/div><\/div><\/div>","protected":false},"excerpt":{"rendered":"Programmes \u00e0 court terme pour les \u00e9tudiants \u00e9trangers en Ontario Accueil Programmes de sp\u00e9cialisation pour les \u00e9tudiants \u00e9trangers en Ontario Programmes d&#8217;\u00e9t\u00e9 pour les \u00e9tudiants \u00e9trangers en Ontario Programmes \u00e0 court terme pour les \u00e9tudiants \u00e9trangers en Ontario Programmes \u00e0 long terme pour les \u00e9tudiants \u00e9trangers en Ontario Map Overview District List Les programmes \u00e0&#8230; <a class=\"view-article\" href=\"https:\/\/www.oasdi.ca\/fr\/education-internationale\/programmes\/courte-duree\/\">View Article<\/a>","protected":false},"author":237,"featured_media":16362,"parent":19691,"menu_order":0,"comment_status":"closed","ping_status":"closed","template":"","meta":{"footnotes":""},"class_list":["post-19786","page","type-page","status-publish","has-post-thumbnail","hentry"],"yoast_head":"<!-- This site is optimized with the Yoast SEO plugin v21.5 - https:\/\/yoast.com\/wordpress\/plugins\/seo\/ -->\n<title>Programmes court terme Ontario - \u00e9tudiants \u00e9trangers | AOCSI<\/title>\n<meta name=\"description\" content=\"Les membres de l&#039;AOCSI offrent plusieurs options d&#039;\u00e9tudes aux \u00e9tudiants \u00e9trangers en Ontario. Cliquez ici pour plus de d\u00e9tails sur les programmes \u00e0 court terme.\" \/>\n<meta name=\"robots\" content=\"index, follow, max-snippet:-1, max-image-preview:large, max-video-preview:-1\" \/>\n<link rel=\"canonical\" href=\"https:\/\/www.oasdi.ca\/fr\/education-internationale\/programmes\/courte-duree\/\" \/>\n<meta property=\"og:locale\" content=\"fr_FR\" \/>\n<meta property=\"og:type\" content=\"article\" \/>\n<meta property=\"og:title\" content=\"Programmes court terme Ontario - \u00e9tudiants \u00e9trangers | AOCSI\" \/>\n<meta property=\"og:description\" content=\"Les membres de l&#039;AOCSI offrent plusieurs options d&#039;\u00e9tudes aux \u00e9tudiants \u00e9trangers en Ontario. Cliquez ici pour plus de d\u00e9tails sur les programmes \u00e0 court terme.\" \/>\n<meta property=\"og:url\" content=\"https:\/\/www.oasdi.ca\/fr\/education-internationale\/programmes\/courte-duree\/\" \/>\n<meta property=\"og:site_name\" content=\"OASDI\" \/>\n<meta property=\"article:modified_time\" content=\"2020-04-19T21:24:26+00:00\" \/>\n<meta property=\"og:image\" content=\"https:\/\/www.oasdi.ca\/wp-content\/uploads\/2020\/03\/Short-Term-Programs-for-International-Students-in-Ontario.jpg\" \/>\n\t<meta property=\"og:image:width\" content=\"1440\" \/>\n\t<meta property=\"og:image:height\" content=\"268\" \/>\n\t<meta property=\"og:image:type\" content=\"image\/jpeg\" \/>\n<meta name=\"twitter:card\" content=\"summary_large_image\" \/>\n<meta name=\"twitter:label1\" content=\"Dur\u00e9e de lecture estim\u00e9e\" \/>\n\t<meta name=\"twitter:data1\" content=\"1 minute\" \/>\n<script type=\"application\/ld+json\" class=\"yoast-schema-graph\">{\"@context\":\"https:\/\/schema.org\",\"@graph\":[{\"@type\":\"WebPage\",\"@id\":\"https:\/\/www.oasdi.ca\/fr\/education-internationale\/programmes\/courte-duree\/\",\"url\":\"https:\/\/www.oasdi.ca\/fr\/education-internationale\/programmes\/courte-duree\/\",\"name\":\"Programmes court terme Ontario - \u00e9tudiants \u00e9trangers | AOCSI\",\"isPartOf\":{\"@id\":\"https:\/\/www.oasdi.ca\/fr\/#website\"},\"datePublished\":\"2020-03-19T22:56:24+00:00\",\"dateModified\":\"2020-04-19T21:24:26+00:00\",\"description\":\"Les membres de l'AOCSI offrent plusieurs options d'\u00e9tudes aux \u00e9tudiants \u00e9trangers en Ontario. Cliquez ici pour plus de d\u00e9tails sur les programmes \u00e0 court terme.\",\"breadcrumb\":{\"@id\":\"https:\/\/www.oasdi.ca\/fr\/education-internationale\/programmes\/courte-duree\/#breadcrumb\"},\"inLanguage\":\"fr-FR\",\"potentialAction\":[{\"@type\":\"ReadAction\",\"target\":[\"https:\/\/www.oasdi.ca\/fr\/education-internationale\/programmes\/courte-duree\/\"]}]},{\"@type\":\"BreadcrumbList\",\"@id\":\"https:\/\/www.oasdi.ca\/fr\/education-internationale\/programmes\/courte-duree\/#breadcrumb\",\"itemListElement\":[{\"@type\":\"ListItem\",\"position\":1,\"name\":\"Accueil\",\"item\":\"https:\/\/www.oasdi.ca\/fr\/\"},{\"@type\":\"ListItem\",\"position\":2,\"name\":\"Comment faire des \u00e9tudes internationales au Canada\",\"item\":\"https:\/\/www.oasdi.ca\/fr\/education-internationale\/\"},{\"@type\":\"ListItem\",\"position\":3,\"name\":\"Programmes en Ontario pour les \u00e9tudiants \u00e9trangers\",\"item\":\"https:\/\/www.oasdi.ca\/fr\/education-internationale\/programmes\/\"},{\"@type\":\"ListItem\",\"position\":4,\"name\":\"Programmes \u00e0 court terme pour les \u00e9tudiants \u00e9trangers en Ontario\"}]},{\"@type\":\"WebSite\",\"@id\":\"https:\/\/www.oasdi.ca\/fr\/#website\",\"url\":\"https:\/\/www.oasdi.ca\/fr\/\",\"name\":\"OASDI\",\"description\":\"Ontario Association of School District International\",\"publisher\":{\"@id\":\"https:\/\/www.oasdi.ca\/fr\/#organization\"},\"potentialAction\":[{\"@type\":\"SearchAction\",\"target\":{\"@type\":\"EntryPoint\",\"urlTemplate\":\"https:\/\/www.oasdi.ca\/fr\/?s={search_term_string}\"},\"query-input\":\"required name=search_term_string\"}],\"inLanguage\":\"fr-FR\"},{\"@type\":\"Organization\",\"@id\":\"https:\/\/www.oasdi.ca\/fr\/#organization\",\"name\":\"OASDI\",\"url\":\"https:\/\/www.oasdi.ca\/fr\/\",\"logo\":{\"@type\":\"ImageObject\",\"inLanguage\":\"fr-FR\",\"@id\":\"https:\/\/www.oasdi.ca\/fr\/#\/schema\/logo\/image\/\",\"url\":\"https:\/\/www.oasdi.ca\/wp-content\/uploads\/2020\/02\/cropped-oasdi-logo.png\",\"contentUrl\":\"https:\/\/www.oasdi.ca\/wp-content\/uploads\/2020\/02\/cropped-oasdi-logo.png\",\"width\":468,\"height\":96,\"caption\":\"OASDI\"},\"image\":{\"@id\":\"https:\/\/www.oasdi.ca\/fr\/#\/schema\/logo\/image\/\"}}]}<\/script>\n<!-- \/ Yoast SEO plugin. -->","yoast_head_json":{"title":"Programmes court terme Ontario - \u00e9tudiants \u00e9trangers | AOCSI","description":"Les membres de l'AOCSI offrent plusieurs options d'\u00e9tudes aux \u00e9tudiants \u00e9trangers en Ontario. Cliquez ici pour plus de d\u00e9tails sur les programmes \u00e0 court terme.","robots":{"index":"index","follow":"follow","max-snippet":"max-snippet:-1","max-image-preview":"max-image-preview:large","max-video-preview":"max-video-preview:-1"},"canonical":"https:\/\/www.oasdi.ca\/fr\/education-internationale\/programmes\/courte-duree\/","og_locale":"fr_FR","og_type":"article","og_title":"Programmes court terme Ontario - \u00e9tudiants \u00e9trangers | AOCSI","og_description":"Les membres de l'AOCSI offrent plusieurs options d'\u00e9tudes aux \u00e9tudiants \u00e9trangers en Ontario. Cliquez ici pour plus de d\u00e9tails sur les programmes \u00e0 court terme.","og_url":"https:\/\/www.oasdi.ca\/fr\/education-internationale\/programmes\/courte-duree\/","og_site_name":"OASDI","article_modified_time":"2020-04-19T21:24:26+00:00","og_image":[{"width":1440,"height":268,"url":"https:\/\/www.oasdi.ca\/wp-content\/uploads\/2020\/03\/Short-Term-Programs-for-International-Students-in-Ontario.jpg","type":"image\/jpeg"}],"twitter_card":"summary_large_image","twitter_misc":{"Dur\u00e9e de lecture estim\u00e9e":"1 minute"},"schema":{"@context":"https:\/\/schema.org","@graph":[{"@type":"WebPage","@id":"https:\/\/www.oasdi.ca\/fr\/education-internationale\/programmes\/courte-duree\/","url":"https:\/\/www.oasdi.ca\/fr\/education-internationale\/programmes\/courte-duree\/","name":"Programmes court terme Ontario - \u00e9tudiants \u00e9trangers | AOCSI","isPartOf":{"@id":"https:\/\/www.oasdi.ca\/fr\/#website"},"datePublished":"2020-03-19T22:56:24+00:00","dateModified":"2020-04-19T21:24:26+00:00","description":"Les membres de l'AOCSI offrent plusieurs options d'\u00e9tudes aux \u00e9tudiants \u00e9trangers en Ontario. Cliquez ici pour plus de d\u00e9tails sur les programmes \u00e0 court terme.","breadcrumb":{"@id":"https:\/\/www.oasdi.ca\/fr\/education-internationale\/programmes\/courte-duree\/#breadcrumb"},"inLanguage":"fr-FR","potentialAction":[{"@type":"ReadAction","target":["https:\/\/www.oasdi.ca\/fr\/education-internationale\/programmes\/courte-duree\/"]}]},{"@type":"BreadcrumbList","@id":"https:\/\/www.oasdi.ca\/fr\/education-internationale\/programmes\/courte-duree\/#breadcrumb","itemListElement":[{"@type":"ListItem","position":1,"name":"Accueil","item":"https:\/\/www.oasdi.ca\/fr\/"},{"@type":"ListItem","position":2,"name":"Comment faire des \u00e9tudes internationales au Canada","item":"https:\/\/www.oasdi.ca\/fr\/education-internationale\/"},{"@type":"ListItem","position":3,"name":"Programmes en Ontario pour les \u00e9tudiants \u00e9trangers","item":"https:\/\/www.oasdi.ca\/fr\/education-internationale\/programmes\/"},{"@type":"ListItem","position":4,"name":"Programmes \u00e0 court terme pour les \u00e9tudiants \u00e9trangers en Ontario"}]},{"@type":"WebSite","@id":"https:\/\/www.oasdi.ca\/fr\/#website","url":"https:\/\/www.oasdi.ca\/fr\/","name":"OASDI","description":"Ontario Association of School District International","publisher":{"@id":"https:\/\/www.oasdi.ca\/fr\/#organization"},"potentialAction":[{"@type":"SearchAction","target":{"@type":"EntryPoint","urlTemplate":"https:\/\/www.oasdi.ca\/fr\/?s={search_term_string}"},"query-input":"required name=search_term_string"}],"inLanguage":"fr-FR"},{"@type":"Organization","@id":"https:\/\/www.oasdi.ca\/fr\/#organization","name":"OASDI","url":"https:\/\/www.oasdi.ca\/fr\/","logo":{"@type":"ImageObject","inLanguage":"fr-FR","@id":"https:\/\/www.oasdi.ca\/fr\/#\/schema\/logo\/image\/","url":"https:\/\/www.oasdi.ca\/wp-content\/uploads\/2020\/02\/cropped-oasdi-logo.png","contentUrl":"https:\/\/www.oasdi.ca\/wp-content\/uploads\/2020\/02\/cropped-oasdi-logo.png","width":468,"height":96,"caption":"OASDI"},"image":{"@id":"https:\/\/www.oasdi.ca\/fr\/#\/schema\/logo\/image\/"}}]}},"_links":{"self":[{"href":"https:\/\/www.oasdi.ca\/fr\/wp-json\/wp\/v2\/pages\/19786"}],"collection":[{"href":"https:\/\/www.oasdi.ca\/fr\/wp-json\/wp\/v2\/pages"}],"about":[{"href":"https:\/\/www.oasdi.ca\/fr\/wp-json\/wp\/v2\/types\/page"}],"author":[{"embeddable":true,"href":"https:\/\/www.oasdi.ca\/fr\/wp-json\/wp\/v2\/users\/237"}],"replies":[{"embeddable":true,"href":"https:\/\/www.oasdi.ca\/fr\/wp-json\/wp\/v2\/comments?post=19786"}],"version-history":[{"count":0,"href":"https:\/\/www.oasdi.ca\/fr\/wp-json\/wp\/v2\/pages\/19786\/revisions"}],"up":[{"embeddable":true,"href":"https:\/\/www.oasdi.ca\/fr\/wp-json\/wp\/v2\/pages\/19691"}],"wp:featuredmedia":[{"embeddable":true,"href":"https:\/\/www.oasdi.ca\/fr\/wp-json\/wp\/v2\/media\/16362"}],"wp:attachment":[{"href":"https:\/\/www.oasdi.ca\/fr\/wp-json\/wp\/v2\/media?parent=19786"}],"curies":[{"name":"wp","href":"https:\/\/api.w.org\/{rel}","templated":true}]}}