{"id":19691,"date":"2020-03-19T22:43:29","date_gmt":"2020-03-19T22:43:29","guid":{"rendered":"http:\/\/oasdi.ca\/education-internationale\/programs\/"},"modified":"2020-04-19T19:16:43","modified_gmt":"2020-04-19T19:16:43","slug":"programmes","status":"publish","type":"page","link":"https:\/\/www.oasdi.ca\/fr\/education-internationale\/programmes\/","title":{"rendered":"Programmes en Ontario pour les \u00e9tudiants \u00e9trangers"},"content":{"rendered":"<div id=\"pl-19691\"  class=\"panel-layout\" ><div id=\"pg-19691-0\"  class=\"panel-grid panel-no-style\" ><div id=\"pgc-19691-0-0\"  class=\"panel-grid-cell\" ><div id=\"panel-19691-0-0-0\" class=\"so-panel widget widget_sow-image panel-first-child panel-last-child\" data-index=\"0\" ><div class=\"is-featured-img panel-widget-style panel-widget-style-for-19691-0-0-0\" ><div\n\t\t\t\n\t\t\tclass=\"so-widget-sow-image so-widget-sow-image-default-c4f6304fc136-19691\"\n\t\t\t\n\t\t>\n\n<div class=\"sow-image-container\">\n\t\t<img loading=\"lazy\" decoding=\"async\" src=\"https:\/\/www.oasdi.ca\/wp-content\/uploads\/2020\/03\/OASDI-program.jpg\" width=\"1440\" height=\"268\" srcset=\"https:\/\/www.oasdi.ca\/wp-content\/uploads\/2020\/03\/OASDI-program.jpg 1440w, https:\/\/www.oasdi.ca\/wp-content\/uploads\/2020\/03\/OASDI-program-250x47.jpg 250w, https:\/\/www.oasdi.ca\/wp-content\/uploads\/2020\/03\/OASDI-program-700x130.jpg 700w, https:\/\/www.oasdi.ca\/wp-content\/uploads\/2020\/03\/OASDI-program-768x143.jpg 768w, https:\/\/www.oasdi.ca\/wp-content\/uploads\/2020\/03\/OASDI-program-120x22.jpg 120w\" sizes=\"(max-width: 1440px) 100vw, 1440px\" alt=\"OASDI program\" \t\tclass=\"so-widget-image\"\/>\n\t<\/div>\n\n<\/div><\/div><\/div><\/div><\/div><div id=\"pg-19691-1\"  class=\"panel-grid panel-has-style\" ><div class=\"has-container panel-row-style panel-row-style-for-19691-1\" ><div id=\"pgc-19691-1-0\"  class=\"panel-grid-cell\" ><div id=\"panel-19691-1-0-0\" class=\"so-panel widget widget_hem-seo-title-widget panel-first-child panel-last-child\" data-index=\"1\" ><div class=\"panel-widget-style panel-widget-style-for-19691-1-0-0\" ><div\n\t\t\t\n\t\t\tclass=\"so-widget-hem-seo-title-widget so-widget-hem-seo-title-widget-hem-seo-title-widget-style-d75171398898-19691\"\n\t\t\t\n\t\t>\n<h1 style=\"font-size:px;\">Programmes en Ontario pour les \u00e9tudiants \u00e9trangers<\/h1>\n\n\n\n\t<!-- <div class=\"breadcrumb-trail\"><a href=\"index.php\">Home<\/a> \u00bb <span class=\"breadcrumb-current\">About<\/span><\/div> -->\n\t<div class=\"test1\"><span><span><a href=\"https:\/\/www.oasdi.ca\/fr\/\">Accueil<\/a><\/span><\/span><\/div>\n<\/div><\/div><\/div><\/div><\/div><\/div><div id=\"pg-19691-2\"  class=\"panel-grid panel-has-style\" ><div class=\"has-container panel-row-style panel-row-style-for-19691-2\" ><div id=\"pgc-19691-2-0\"  class=\"panel-grid-cell\" ><div id=\"panel-19691-2-0-0\" class=\"so-panel widget widget_hem-sidebar-menu-widget panel-first-child\" data-index=\"2\" ><div\n\t\t\t\n\t\t\tclass=\"so-widget-hem-sidebar-menu-widget so-widget-hem-sidebar-menu-widget-hem-sidebar-menu-widget-style-d75171398898-19691\"\n\t\t\t\n\t\t><div id=\"sidebar\">\n\t\t\t<ul id=\"side-menu\" class=\"side-menu menu-embedded\">\n\t\t\t\n\t\t\t\t\t\t\t\t\n\t\t\t\t\t\t\t\t\t\t\t<li><a href=\"https:\/\/www.oasdi.ca\/fr\/education-internationale\/programmes\/specialite\/\">Programmes de sp\u00e9cialisation pour les \u00e9tudiants \u00e9trangers en Ontario<\/a><\/li>\n\t\t\t\t\t\t\t\t\t\t\t\t\t\n\t\t\t\t\t\t\t\t\t\t\t<li><a href=\"https:\/\/www.oasdi.ca\/fr\/education-internationale\/programmes\/ete\/\">Programmes d'\u00e9t\u00e9 pour les \u00e9tudiants \u00e9trangers en Ontario<\/a><\/li>\n\t\t\t\t\t\t\t\t\t\t\t\t\t\n\t\t\t\t\t\t\t\t\t\t\t<li><a href=\"https:\/\/www.oasdi.ca\/fr\/education-internationale\/programmes\/courte-duree\/\">Programmes \u00e0 court terme pour les \u00e9tudiants \u00e9trangers en Ontario<\/a><\/li>\n\t\t\t\t\t\t\t\t\t\t\t\t\t\n\t\t\t\t\t\t\t\t\t\t\t<li><a href=\"https:\/\/www.oasdi.ca\/fr\/education-internationale\/programmes\/longue-duree\/\">Programmes \u00e0 long terme pour les \u00e9tudiants \u00e9trangers en Ontario<\/a><\/li>\n\t\t\t\t\t\t\t\t\t\t\n\n\t\t\t\t<!-- Extra menu -->\n\t\t\t\t\n\n\n\t\t\t\t\t<\/ul>\n\t\n\n<\/div><\/div><\/div><div id=\"panel-19691-2-0-1\" class=\"so-panel widget widget_hem-sidebar-link-widget panel-last-child\" data-index=\"3\" ><div\n\t\t\t\n\t\t\tclass=\"so-widget-hem-sidebar-link-widget so-widget-hem-sidebar-link-widget-hem-sidebar-link-widget-style-d75171398898-19691\"\n\t\t\t\n\t\t><div id=\"sidebar\" class=\"external-link-only\">\n\n\n\n\t\t\t\t<!-- Extra menu -->\n\t\t\t\t\t\t\t\t\t<ul id=\"side-menu\" class=\"side-menu menu-embedded\">\n\t\t\t\t\t\t\t\t\t\t\t\t\t\t\t\t\t\t\t\t\t<li><a  href=\"https:\/\/www.oasdi.ca\/map-search\/\">Map Overview<\/a><\/li>\n\t\t\t\t\t\t\t\t\t\t\t\t\t\t\n\t\t\t\t\t\t\t\t\t\t\t\t\t\t\t\t\t\t\t\t\t<li><a  href=\"https:\/\/www.oasdi.ca\/district-list\/\">District List<\/a><\/li>\n\t\t\t\t\t\t\t\t\t\t\t\t\t\t\n\t\t\t\t\t\t\t\n\t\t\t\t\t<\/ul>\n\t\t\t\t\n\t\t\t\t\n\n\n\n\n<\/div><\/div><\/div><\/div><div id=\"pgc-19691-2-1\"  class=\"panel-grid-cell\" ><div class=\"pl-sm-3 pl-md-5 panel-cell-style panel-cell-style-for-19691-2-1\" ><div id=\"panel-19691-2-1-0\" class=\"so-panel widget widget_sow-editor panel-first-child panel-last-child\" data-index=\"4\" ><div\n\t\t\t\n\t\t\tclass=\"so-widget-sow-editor so-widget-sow-editor-base\"\n\t\t\t\n\t\t>\n<div class=\"siteorigin-widget-tinymce textwidget\">\n\t<p>Les conseils scolaires membres de l\u2019AOCSI offrent un vaste \u00e9ventail de programmes \u00e0 l\u2019intention des \u00e9tudiants \u00e9trangers, y compris les types de programmes suivants :<\/p>\n<ul>\n<li>Programmes \u00e0 long terme<\/li>\n<li>Programmes \u00e0 court terme<\/li>\n<li>Programmes d\u2019\u00e9t\u00e9<\/li>\n<li>Programmes sp\u00e9ciaux<\/li>\n<\/ul>\n<p>Chacun des conseils scolaires \u00e9tablit ses propres programmes \u00e0 l\u2019intention des \u00e9tudiants \u00e9trangers, les programmes \u00e0 long terme \u00e9tant les plus courants.\u00a0 Il est essentiel de visiter leur site Web ou\u00a0<a href=\"\/fr\/liste-des-districts\/\">de communiquer avec un conseil scolaire sp\u00e9cifique<\/a>\u00a0afin de d\u00e9terminer les programmes qui y sont offerts.<\/p>\n<\/div>\n<\/div><\/div><\/div><\/div><\/div><\/div><\/div>","protected":false},"excerpt":{"rendered":"Programmes en Ontario pour les \u00e9tudiants \u00e9trangers Accueil Programmes de sp\u00e9cialisation pour les \u00e9tudiants \u00e9trangers en Ontario Programmes d&#8217;\u00e9t\u00e9 pour les \u00e9tudiants \u00e9trangers en Ontario Programmes \u00e0 court terme pour les \u00e9tudiants \u00e9trangers en Ontario Programmes \u00e0 long terme pour les \u00e9tudiants \u00e9trangers en Ontario Map Overview District List Les conseils scolaires membres de l\u2019AOCSI&#8230; <a class=\"view-article\" href=\"https:\/\/www.oasdi.ca\/fr\/education-internationale\/programmes\/\">View Article<\/a>","protected":false},"author":237,"featured_media":16348,"parent":18190,"menu_order":0,"comment_status":"closed","ping_status":"closed","template":"","meta":{"footnotes":""},"class_list":["post-19691","page","type-page","status-publish","has-post-thumbnail","hentry"],"yoast_head":"<!-- This site is optimized with the Yoast SEO plugin v21.5 - https:\/\/yoast.com\/wordpress\/plugins\/seo\/ -->\n<title>Programmes pour \u00e9tudiants \u00e9trangers | \u00c9tudier en Ontario | AOCSI<\/title>\n<meta name=\"description\" content=\"Les \u00e9coles de l&#039;Ontario offrent une vari\u00e9t\u00e9 de programmes passionnants pour les \u00e9tudiants \u00e9trangers. Pour en savoir plus sur les programmes, cliquez ici.\" \/>\n<meta name=\"robots\" content=\"index, follow, max-snippet:-1, max-image-preview:large, max-video-preview:-1\" \/>\n<link rel=\"canonical\" href=\"https:\/\/www.oasdi.ca\/fr\/education-internationale\/programmes\/\" \/>\n<meta property=\"og:locale\" content=\"fr_FR\" \/>\n<meta property=\"og:type\" content=\"article\" \/>\n<meta property=\"og:title\" content=\"Programmes pour \u00e9tudiants \u00e9trangers | \u00c9tudier en Ontario | AOCSI\" \/>\n<meta property=\"og:description\" content=\"Les \u00e9coles de l&#039;Ontario offrent une vari\u00e9t\u00e9 de programmes passionnants pour les \u00e9tudiants \u00e9trangers. Pour en savoir plus sur les programmes, cliquez ici.\" \/>\n<meta property=\"og:url\" content=\"https:\/\/www.oasdi.ca\/fr\/education-internationale\/programmes\/\" \/>\n<meta property=\"og:site_name\" content=\"OASDI\" \/>\n<meta property=\"article:modified_time\" content=\"2020-04-19T19:16:43+00:00\" \/>\n<meta property=\"og:image\" content=\"https:\/\/www.oasdi.ca\/wp-content\/uploads\/2020\/03\/OASDI-program.jpg\" \/>\n\t<meta property=\"og:image:width\" content=\"1440\" \/>\n\t<meta property=\"og:image:height\" content=\"268\" \/>\n\t<meta property=\"og:image:type\" content=\"image\/jpeg\" \/>\n<meta name=\"twitter:card\" content=\"summary_large_image\" \/>\n<meta name=\"twitter:label1\" content=\"Dur\u00e9e de lecture estim\u00e9e\" \/>\n\t<meta name=\"twitter:data1\" content=\"1 minute\" \/>\n<script type=\"application\/ld+json\" class=\"yoast-schema-graph\">{\"@context\":\"https:\/\/schema.org\",\"@graph\":[{\"@type\":\"WebPage\",\"@id\":\"https:\/\/www.oasdi.ca\/fr\/education-internationale\/programmes\/\",\"url\":\"https:\/\/www.oasdi.ca\/fr\/education-internationale\/programmes\/\",\"name\":\"Programmes pour \u00e9tudiants \u00e9trangers | \u00c9tudier en Ontario | AOCSI\",\"isPartOf\":{\"@id\":\"https:\/\/www.oasdi.ca\/fr\/#website\"},\"datePublished\":\"2020-03-19T22:43:29+00:00\",\"dateModified\":\"2020-04-19T19:16:43+00:00\",\"description\":\"Les \u00e9coles de l'Ontario offrent une vari\u00e9t\u00e9 de programmes passionnants pour les \u00e9tudiants \u00e9trangers. Pour en savoir plus sur les programmes, cliquez ici.\",\"breadcrumb\":{\"@id\":\"https:\/\/www.oasdi.ca\/fr\/education-internationale\/programmes\/#breadcrumb\"},\"inLanguage\":\"fr-FR\",\"potentialAction\":[{\"@type\":\"ReadAction\",\"target\":[\"https:\/\/www.oasdi.ca\/fr\/education-internationale\/programmes\/\"]}]},{\"@type\":\"BreadcrumbList\",\"@id\":\"https:\/\/www.oasdi.ca\/fr\/education-internationale\/programmes\/#breadcrumb\",\"itemListElement\":[{\"@type\":\"ListItem\",\"position\":1,\"name\":\"Accueil\",\"item\":\"https:\/\/www.oasdi.ca\/fr\/\"},{\"@type\":\"ListItem\",\"position\":2,\"name\":\"Comment faire des \u00e9tudes internationales au Canada\",\"item\":\"https:\/\/www.oasdi.ca\/fr\/education-internationale\/\"},{\"@type\":\"ListItem\",\"position\":3,\"name\":\"Programmes en Ontario pour les \u00e9tudiants \u00e9trangers\"}]},{\"@type\":\"WebSite\",\"@id\":\"https:\/\/www.oasdi.ca\/fr\/#website\",\"url\":\"https:\/\/www.oasdi.ca\/fr\/\",\"name\":\"OASDI\",\"description\":\"Ontario Association of School District International\",\"publisher\":{\"@id\":\"https:\/\/www.oasdi.ca\/fr\/#organization\"},\"potentialAction\":[{\"@type\":\"SearchAction\",\"target\":{\"@type\":\"EntryPoint\",\"urlTemplate\":\"https:\/\/www.oasdi.ca\/fr\/?s={search_term_string}\"},\"query-input\":\"required name=search_term_string\"}],\"inLanguage\":\"fr-FR\"},{\"@type\":\"Organization\",\"@id\":\"https:\/\/www.oasdi.ca\/fr\/#organization\",\"name\":\"OASDI\",\"url\":\"https:\/\/www.oasdi.ca\/fr\/\",\"logo\":{\"@type\":\"ImageObject\",\"inLanguage\":\"fr-FR\",\"@id\":\"https:\/\/www.oasdi.ca\/fr\/#\/schema\/logo\/image\/\",\"url\":\"https:\/\/www.oasdi.ca\/wp-content\/uploads\/2020\/02\/cropped-oasdi-logo.png\",\"contentUrl\":\"https:\/\/www.oasdi.ca\/wp-content\/uploads\/2020\/02\/cropped-oasdi-logo.png\",\"width\":468,\"height\":96,\"caption\":\"OASDI\"},\"image\":{\"@id\":\"https:\/\/www.oasdi.ca\/fr\/#\/schema\/logo\/image\/\"}}]}<\/script>\n<!-- \/ Yoast SEO plugin. -->","yoast_head_json":{"title":"Programmes pour \u00e9tudiants \u00e9trangers | \u00c9tudier en Ontario | AOCSI","description":"Les \u00e9coles de l'Ontario offrent une vari\u00e9t\u00e9 de programmes passionnants pour les \u00e9tudiants \u00e9trangers. Pour en savoir plus sur les programmes, cliquez ici.","robots":{"index":"index","follow":"follow","max-snippet":"max-snippet:-1","max-image-preview":"max-image-preview:large","max-video-preview":"max-video-preview:-1"},"canonical":"https:\/\/www.oasdi.ca\/fr\/education-internationale\/programmes\/","og_locale":"fr_FR","og_type":"article","og_title":"Programmes pour \u00e9tudiants \u00e9trangers | \u00c9tudier en Ontario | AOCSI","og_description":"Les \u00e9coles de l'Ontario offrent une vari\u00e9t\u00e9 de programmes passionnants pour les \u00e9tudiants \u00e9trangers. Pour en savoir plus sur les programmes, cliquez ici.","og_url":"https:\/\/www.oasdi.ca\/fr\/education-internationale\/programmes\/","og_site_name":"OASDI","article_modified_time":"2020-04-19T19:16:43+00:00","og_image":[{"width":1440,"height":268,"url":"https:\/\/www.oasdi.ca\/wp-content\/uploads\/2020\/03\/OASDI-program.jpg","type":"image\/jpeg"}],"twitter_card":"summary_large_image","twitter_misc":{"Dur\u00e9e de lecture estim\u00e9e":"1 minute"},"schema":{"@context":"https:\/\/schema.org","@graph":[{"@type":"WebPage","@id":"https:\/\/www.oasdi.ca\/fr\/education-internationale\/programmes\/","url":"https:\/\/www.oasdi.ca\/fr\/education-internationale\/programmes\/","name":"Programmes pour \u00e9tudiants \u00e9trangers | \u00c9tudier en Ontario | AOCSI","isPartOf":{"@id":"https:\/\/www.oasdi.ca\/fr\/#website"},"datePublished":"2020-03-19T22:43:29+00:00","dateModified":"2020-04-19T19:16:43+00:00","description":"Les \u00e9coles de l'Ontario offrent une vari\u00e9t\u00e9 de programmes passionnants pour les \u00e9tudiants \u00e9trangers. Pour en savoir plus sur les programmes, cliquez ici.","breadcrumb":{"@id":"https:\/\/www.oasdi.ca\/fr\/education-internationale\/programmes\/#breadcrumb"},"inLanguage":"fr-FR","potentialAction":[{"@type":"ReadAction","target":["https:\/\/www.oasdi.ca\/fr\/education-internationale\/programmes\/"]}]},{"@type":"BreadcrumbList","@id":"https:\/\/www.oasdi.ca\/fr\/education-internationale\/programmes\/#breadcrumb","itemListElement":[{"@type":"ListItem","position":1,"name":"Accueil","item":"https:\/\/www.oasdi.ca\/fr\/"},{"@type":"ListItem","position":2,"name":"Comment faire des \u00e9tudes internationales au Canada","item":"https:\/\/www.oasdi.ca\/fr\/education-internationale\/"},{"@type":"ListItem","position":3,"name":"Programmes en Ontario pour les \u00e9tudiants \u00e9trangers"}]},{"@type":"WebSite","@id":"https:\/\/www.oasdi.ca\/fr\/#website","url":"https:\/\/www.oasdi.ca\/fr\/","name":"OASDI","description":"Ontario Association of School District International","publisher":{"@id":"https:\/\/www.oasdi.ca\/fr\/#organization"},"potentialAction":[{"@type":"SearchAction","target":{"@type":"EntryPoint","urlTemplate":"https:\/\/www.oasdi.ca\/fr\/?s={search_term_string}"},"query-input":"required name=search_term_string"}],"inLanguage":"fr-FR"},{"@type":"Organization","@id":"https:\/\/www.oasdi.ca\/fr\/#organization","name":"OASDI","url":"https:\/\/www.oasdi.ca\/fr\/","logo":{"@type":"ImageObject","inLanguage":"fr-FR","@id":"https:\/\/www.oasdi.ca\/fr\/#\/schema\/logo\/image\/","url":"https:\/\/www.oasdi.ca\/wp-content\/uploads\/2020\/02\/cropped-oasdi-logo.png","contentUrl":"https:\/\/www.oasdi.ca\/wp-content\/uploads\/2020\/02\/cropped-oasdi-logo.png","width":468,"height":96,"caption":"OASDI"},"image":{"@id":"https:\/\/www.oasdi.ca\/fr\/#\/schema\/logo\/image\/"}}]}},"_links":{"self":[{"href":"https:\/\/www.oasdi.ca\/fr\/wp-json\/wp\/v2\/pages\/19691"}],"collection":[{"href":"https:\/\/www.oasdi.ca\/fr\/wp-json\/wp\/v2\/pages"}],"about":[{"href":"https:\/\/www.oasdi.ca\/fr\/wp-json\/wp\/v2\/types\/page"}],"author":[{"embeddable":true,"href":"https:\/\/www.oasdi.ca\/fr\/wp-json\/wp\/v2\/users\/237"}],"replies":[{"embeddable":true,"href":"https:\/\/www.oasdi.ca\/fr\/wp-json\/wp\/v2\/comments?post=19691"}],"version-history":[{"count":0,"href":"https:\/\/www.oasdi.ca\/fr\/wp-json\/wp\/v2\/pages\/19691\/revisions"}],"up":[{"embeddable":true,"href":"https:\/\/www.oasdi.ca\/fr\/wp-json\/wp\/v2\/pages\/18190"}],"wp:featuredmedia":[{"embeddable":true,"href":"https:\/\/www.oasdi.ca\/fr\/wp-json\/wp\/v2\/media\/16348"}],"wp:attachment":[{"href":"https:\/\/www.oasdi.ca\/fr\/wp-json\/wp\/v2\/media?parent=19691"}],"curies":[{"name":"wp","href":"https:\/\/api.w.org\/{rel}","templated":true}]}}